{"id":2189,"date":"2019-04-01T11:53:46","date_gmt":"2019-04-01T15:53:46","guid":{"rendered":"https:\/\/solidedge.siemens.com\/on-demand-webinars\/"},"modified":"2021-05-10T09:43:25","modified_gmt":"2021-05-10T13:43:25","slug":"on-demand-webinars","status":"publish","type":"page","link":"https:\/\/solidedge.siemens.com\/fr\/resources\/on-demand-webinars\/","title":{"rendered":"Webinaires &agrave; la demande"},"content":{"rendered":"<p>[vc_row el_class=\u00a0\u00bbvc-row-page-text-intro\u00a0\u00bb][vc_column][vc_column_text]<\/p>\n<h1>Webinaires &agrave; la demande<\/h1>\n<p>[\/vc_column_text][vc_column_text]<!- Vue introuvable ->[\/vc_column_text][\/vc_column][\/vc_row][vc_row full_width=\u00a0\u00bbstretch_row\u00a0\u00bb el_class=\u00a0\u00bbfooter-contact\u00a0\u00bb css=\u00a0\u00bb.vc_custom_1550170708528{background-color: #dedee3 !important;}\u00a0\u00bb][vc_column]<div class=\"wpb_content_block wpb_content_element\"><div class=\"wpb_wrapper\"><\/div><\/div>[\/vc_column][\/vc_row]<\/p>\n","protected":false},"excerpt":{"rendered":"<p> Webinaires &agrave; la demande [\/vc_column_text][\/vc_column_text][\/vc_column][\/vc_row][\/vc_column][\/vc_row]<\/p>\n","protected":false},"author":5,"featured_media":0,"parent":2634,"menu_order":3,"comment_status":"closed","ping_status":"closed","template":"","meta":{"inline_featured_image":false},"yoast_head":"<!-- This site is optimized with the Yoast SEO plugin v18.4.1 - https:\/\/yoast.com\/wordpress\/plugins\/seo\/ -->\n<title>Webinaires &agrave; la demande | Ressources | Solid Edge<\/title>\n<meta name=\"description\" content=\"Webinaires \u00e0 la demande\u00a0: d\u00e9couvrez les meilleures pratiques et de nombreux conseils et suivez une formation actualis\u00e9e sur des sujets li\u00e9s \u00e0 Solid Edge\u00a0: conception 3D, simulation, fabrication, impression 3D, publications techniques, gestion des donn\u00e9es, etc.\" \/>\n<meta name=\"robots\" content=\"index, follow, max-snippet:-1, max-image-preview:large, max-video-preview:-1\" \/>\n<link rel=\"canonical\" href=\"https:\/\/solidedge.siemens.com\/fr\/resources\/on-demand-webinars\/\" \/>\n<meta property=\"og:locale\" content=\"fr_FR\" \/>\n<meta property=\"og:type\" content=\"article\" \/>\n<meta property=\"og:title\" content=\"Webinaires &agrave; la demande | Ressources | Solid Edge\" \/>\n<meta property=\"og:description\" content=\"Webinaires \u00e0 la demande\u00a0: d\u00e9couvrez les meilleures pratiques et de nombreux conseils et suivez une formation actualis\u00e9e sur des sujets li\u00e9s \u00e0 Solid Edge\u00a0: conception 3D, simulation, fabrication, impression 3D, publications techniques, gestion des donn\u00e9es, etc.\" \/>\n<meta property=\"og:url\" content=\"https:\/\/solidedge.siemens.com\/fr\/resources\/on-demand-webinars\/\" \/>\n<meta property=\"og:site_name\" content=\"Solid Edge\" \/>\n<meta property=\"article:publisher\" content=\"https:\/\/www.facebook.com\/solidedge\" \/>\n<meta property=\"article:modified_time\" content=\"2021-05-10T13:43:25+00:00\" \/>\n<meta name=\"twitter:card\" content=\"summary_large_image\" \/>\n<meta name=\"twitter:site\" content=\"@siemensplm\" \/>\n<script type=\"application\/ld+json\" class=\"yoast-schema-graph\">{\"@context\":\"https:\/\/schema.org\",\"@graph\":[{\"@type\":\"Organization\",\"@id\":\"https:\/\/solidedge.siemens.com\/en\/#organization\",\"name\":\"Siemens Digital Industries Software\",\"url\":\"https:\/\/solidedge.siemens.com\/en\/\",\"sameAs\":[\"https:\/\/www.facebook.com\/solidedge\",\"https:\/\/www.instagram.com\/siemens\/\",\"https:\/\/www.linkedin.com\/company\/siemens-plm-software\",\"https:\/\/www.youtube.com\/user\/PolarionSoftware\",\"https:\/\/twitter.com\/siemensplm\"],\"logo\":{\"@type\":\"ImageObject\",\"@id\":\"https:\/\/solidedge.siemens.com\/en\/#logo\",\"inLanguage\":\"fr-FR\",\"url\":\"https:\/\/solidedge.siemens.com\/wp-content\/uploads\/2018\/04\/logo-siemens-ifl@2x.png\",\"contentUrl\":\"https:\/\/solidedge.siemens.com\/wp-content\/uploads\/2018\/04\/logo-siemens-ifl@2x.png\",\"width\":640,\"height\":270,\"caption\":\"Siemens Digital Industries Software\"},\"image\":{\"@id\":\"https:\/\/solidedge.siemens.com\/en\/#logo\"}},{\"@type\":\"WebSite\",\"@id\":\"https:\/\/solidedge.siemens.com\/en\/#website\",\"url\":\"https:\/\/solidedge.siemens.com\/en\/\",\"name\":\"Solid Edge\",\"description\":\"Siemens Digital Industries Software - Ingenuity for Life\",\"publisher\":{\"@id\":\"https:\/\/solidedge.siemens.com\/en\/#organization\"},\"potentialAction\":[{\"@type\":\"SearchAction\",\"target\":{\"@type\":\"EntryPoint\",\"urlTemplate\":\"https:\/\/solidedge.siemens.com\/en\/?s={search_term_string}\"},\"query-input\":\"required name=search_term_string\"}],\"inLanguage\":\"fr-FR\"},{\"@type\":\"WebPage\",\"@id\":\"https:\/\/solidedge.siemens.com\/fr\/resources\/on-demand-webinars\/#webpage\",\"url\":\"https:\/\/solidedge.siemens.com\/fr\/resources\/on-demand-webinars\/\",\"name\":\"Webinaires &agrave; la demande | Ressources | Solid Edge\",\"isPartOf\":{\"@id\":\"https:\/\/solidedge.siemens.com\/en\/#website\"},\"datePublished\":\"2019-04-01T15:53:46+00:00\",\"dateModified\":\"2021-05-10T13:43:25+00:00\",\"description\":\"Webinaires \u00e0 la demande\u00a0: d\u00e9couvrez les meilleures pratiques et de nombreux conseils et suivez une formation actualis\u00e9e sur des sujets li\u00e9s \u00e0 Solid Edge\u00a0: conception 3D, simulation, fabrication, impression 3D, publications techniques, gestion des donn\u00e9es, etc.\",\"breadcrumb\":{\"@id\":\"https:\/\/solidedge.siemens.com\/fr\/resources\/on-demand-webinars\/#breadcrumb\"},\"inLanguage\":\"fr-FR\",\"potentialAction\":[{\"@type\":\"ReadAction\",\"target\":[\"https:\/\/solidedge.siemens.com\/fr\/resources\/on-demand-webinars\/\"]}]},{\"@type\":\"BreadcrumbList\",\"@id\":\"https:\/\/solidedge.siemens.com\/fr\/resources\/on-demand-webinars\/#breadcrumb\",\"itemListElement\":[{\"@type\":\"ListItem\",\"position\":1,\"name\":\"Home\",\"item\":\"https:\/\/solidedge.siemens.com\/en\/home-6\/\"},{\"@type\":\"ListItem\",\"position\":2,\"name\":\"Ressources\",\"item\":\"https:\/\/solidedge.siemens.com\/fr\/resources\/\"},{\"@type\":\"ListItem\",\"position\":3,\"name\":\"Webinaires &agrave; la demande\"}]}]}<\/script>\n<!-- \/ Yoast SEO plugin. -->","yoast_head_json":{"title":"Webinaires &agrave; la demande | Ressources | Solid Edge","description":"Webinaires \u00e0 la demande\u00a0: d\u00e9couvrez les meilleures pratiques et de nombreux conseils et suivez une formation actualis\u00e9e sur des sujets li\u00e9s \u00e0 Solid Edge\u00a0: conception 3D, simulation, fabrication, impression 3D, publications techniques, gestion des donn\u00e9es, etc.","robots":{"index":"index","follow":"follow","max-snippet":"max-snippet:-1","max-image-preview":"max-image-preview:large","max-video-preview":"max-video-preview:-1"},"canonical":"https:\/\/solidedge.siemens.com\/fr\/resources\/on-demand-webinars\/","og_locale":"fr_FR","og_type":"article","og_title":"Webinaires &agrave; la demande | Ressources | Solid Edge","og_description":"Webinaires \u00e0 la demande\u00a0: d\u00e9couvrez les meilleures pratiques et de nombreux conseils et suivez une formation actualis\u00e9e sur des sujets li\u00e9s \u00e0 Solid Edge\u00a0: conception 3D, simulation, fabrication, impression 3D, publications techniques, gestion des donn\u00e9es, etc.","og_url":"https:\/\/solidedge.siemens.com\/fr\/resources\/on-demand-webinars\/","og_site_name":"Solid Edge","article_publisher":"https:\/\/www.facebook.com\/solidedge","article_modified_time":"2021-05-10T13:43:25+00:00","twitter_card":"summary_large_image","twitter_site":"@siemensplm","schema":{"@context":"https:\/\/schema.org","@graph":[{"@type":"Organization","@id":"https:\/\/solidedge.siemens.com\/en\/#organization","name":"Siemens Digital Industries Software","url":"https:\/\/solidedge.siemens.com\/en\/","sameAs":["https:\/\/www.facebook.com\/solidedge","https:\/\/www.instagram.com\/siemens\/","https:\/\/www.linkedin.com\/company\/siemens-plm-software","https:\/\/www.youtube.com\/user\/PolarionSoftware","https:\/\/twitter.com\/siemensplm"],"logo":{"@type":"ImageObject","@id":"https:\/\/solidedge.siemens.com\/en\/#logo","inLanguage":"fr-FR","url":"https:\/\/solidedge.siemens.com\/wp-content\/uploads\/2018\/04\/logo-siemens-ifl@2x.png","contentUrl":"https:\/\/solidedge.siemens.com\/wp-content\/uploads\/2018\/04\/logo-siemens-ifl@2x.png","width":640,"height":270,"caption":"Siemens Digital Industries Software"},"image":{"@id":"https:\/\/solidedge.siemens.com\/en\/#logo"}},{"@type":"WebSite","@id":"https:\/\/solidedge.siemens.com\/en\/#website","url":"https:\/\/solidedge.siemens.com\/en\/","name":"Solid Edge","description":"Siemens Digital Industries Software - Ingenuity for Life","publisher":{"@id":"https:\/\/solidedge.siemens.com\/en\/#organization"},"potentialAction":[{"@type":"SearchAction","target":{"@type":"EntryPoint","urlTemplate":"https:\/\/solidedge.siemens.com\/en\/?s={search_term_string}"},"query-input":"required name=search_term_string"}],"inLanguage":"fr-FR"},{"@type":"WebPage","@id":"https:\/\/solidedge.siemens.com\/fr\/resources\/on-demand-webinars\/#webpage","url":"https:\/\/solidedge.siemens.com\/fr\/resources\/on-demand-webinars\/","name":"Webinaires &agrave; la demande | Ressources | Solid Edge","isPartOf":{"@id":"https:\/\/solidedge.siemens.com\/en\/#website"},"datePublished":"2019-04-01T15:53:46+00:00","dateModified":"2021-05-10T13:43:25+00:00","description":"Webinaires \u00e0 la demande\u00a0: d\u00e9couvrez les meilleures pratiques et de nombreux conseils et suivez une formation actualis\u00e9e sur des sujets li\u00e9s \u00e0 Solid Edge\u00a0: conception 3D, simulation, fabrication, impression 3D, publications techniques, gestion des donn\u00e9es, etc.","breadcrumb":{"@id":"https:\/\/solidedge.siemens.com\/fr\/resources\/on-demand-webinars\/#breadcrumb"},"inLanguage":"fr-FR","potentialAction":[{"@type":"ReadAction","target":["https:\/\/solidedge.siemens.com\/fr\/resources\/on-demand-webinars\/"]}]},{"@type":"BreadcrumbList","@id":"https:\/\/solidedge.siemens.com\/fr\/resources\/on-demand-webinars\/#breadcrumb","itemListElement":[{"@type":"ListItem","position":1,"name":"Home","item":"https:\/\/solidedge.siemens.com\/en\/home-6\/"},{"@type":"ListItem","position":2,"name":"Ressources","item":"https:\/\/solidedge.siemens.com\/fr\/resources\/"},{"@type":"ListItem","position":3,"name":"Webinaires &agrave; la demande"}]}]}},"_links":{"self":[{"href":"https:\/\/solidedge.siemens.com\/fr\/wp-json\/wp\/v2\/pages\/2189"}],"collection":[{"href":"https:\/\/solidedge.siemens.com\/fr\/wp-json\/wp\/v2\/pages"}],"about":[{"href":"https:\/\/solidedge.siemens.com\/fr\/wp-json\/wp\/v2\/types\/page"}],"author":[{"embeddable":true,"href":"https:\/\/solidedge.siemens.com\/fr\/wp-json\/wp\/v2\/users\/5"}],"replies":[{"embeddable":true,"href":"https:\/\/solidedge.siemens.com\/fr\/wp-json\/wp\/v2\/comments?post=2189"}],"version-history":[{"count":6,"href":"https:\/\/solidedge.siemens.com\/fr\/wp-json\/wp\/v2\/pages\/2189\/revisions"}],"predecessor-version":[{"id":39463,"href":"https:\/\/solidedge.siemens.com\/fr\/wp-json\/wp\/v2\/pages\/2189\/revisions\/39463"}],"up":[{"embeddable":true,"href":"https:\/\/solidedge.siemens.com\/fr\/wp-json\/wp\/v2\/pages\/2634"}],"wp:attachment":[{"href":"https:\/\/solidedge.siemens.com\/fr\/wp-json\/wp\/v2\/media?parent=2189"}],"curies":[{"name":"wp","href":"https:\/\/api.w.org\/{rel}","templated":true}]}}