{"id":2117,"date":"2019-04-01T11:54:32","date_gmt":"2019-04-01T15:54:32","guid":{"rendered":"https:\/\/solidedge.siemens.com\/overview\/"},"modified":"2021-05-10T09:45:05","modified_gmt":"2021-05-10T13:45:05","slug":"overview","status":"publish","type":"page","link":"https:\/\/solidedge.siemens.com\/fr\/free-software\/overview\/","title":{"rendered":"Logiciel gratuit"},"content":{"rendered":"<p>[vc_row el_class=\u00a0\u00bbvc-row-page-text-intro\u00a0\u00bb][vc_column][vc_column_text]<\/p>\n<h1>Free Software Offerings<br \/>\nfrom Siemens Digital Industries Software<\/h1>\n<p>[\/vc_column_text][vc_column_text]<strong>Take the next step with Solid Edge!<\/strong><\/p>\n<p>Solid Edge is a portfolio of affordable, easy-to-use software tools that addresses all aspects of the product development process \u2013 3D design, simulation, manufacturing, data management and more.\u00a0Download one of our free products, or start a Solid Edge trial today! See all of our free options below.[\/vc_column_text][\/vc_column][\/vc_row][vc_row full_width=\u00a0\u00bbstretch_row\u00a0\u00bb equal_height=\u00a0\u00bbyes\u00a0\u00bb el_class=\u00a0\u00bbvc-row-linked-image-teasers\u00a0\u00bb css=\u00a0\u00bb.vc_custom_1525370555689{background-color: #13374e !important;}\u00a0\u00bb][vc_column width=\u00a0\u00bb1\/3&Prime;][vc_single_image image=\u00a0\u00bb1027&Prime; img_size=\u00a0\u00bblinked-teaser\u00a0\u00bb alignment=\u00a0\u00bbcenter\u00a0\u00bb][vc_column_text]<\/p>\n<h3><a id=\"free_software_link_0\" href=\"\/en\/try-now\/\">Solid Edge Free Trial<\/a><\/h3>\n<p>Download and use Solid Edge for 30 days on your PC. Take your product design to the next level with Solid Edge 3D CAD.[\/vc_column_text][\/vc_column][vc_column width=\u00a0\u00bb1\/3&Prime;][vc_single_image image=\u00a0\u00bb1020&Prime; img_size=\u00a0\u00bblinked-teaser\u00a0\u00bb alignment=\u00a0\u00bbcenter\u00a0\u00bb][vc_column_text]<\/p>\n<h3><a id=\"free_software_link_1\" href=\"https:\/\/www.plm.automation.siemens.com\/plmapp\/education\/solid-edge\/en_us\/free-software\/free-2d-cad\">Solid Edge 2D Drafting<\/a><\/h3>\n<p>Get free 2D CAD software: Download Solid Edge 2D Drafting from Siemens Digital Industries Software today. Everything you need for quick and easy 2D drafting and 2D drawing.[\/vc_column_text][\/vc_column][vc_column width=\u00a0\u00bb1\/3&Prime;][vc_single_image image=\u00a0\u00bb1021&Prime; img_size=\u00a0\u00bblinked-teaser\u00a0\u00bb alignment=\u00a0\u00bbcenter\u00a0\u00bb][vc_column_text]<\/p>\n<h3><a id=\"free_software_link_3\" href=\"https:\/\/www.plm.automation.siemens.com\/plmapp\/education\/solid-edge\/en_us\/free-software\/student\">Solid Edge for Students<\/a><\/h3>\n<p>Build the skills you need with Solid Edge Student Edition software\u2014a free version of the same easy-to-use software suite used by professionals.[\/vc_column_text][\/vc_column][vc_column width=\u00a0\u00bb1\/3&Prime;][vc_single_image image=\u00a0\u00bb1025&Prime; img_size=\u00a0\u00bblinked-teaser\u00a0\u00bb alignment=\u00a0\u00bbcenter\u00a0\u00bb][vc_column_text]<\/p>\n<h3><a id=\"free_software_link_4\" href=\"https:\/\/www.plm.automation.siemens.com\/plmapp\/education\/solid-edge\/en_us\/free-software\/teacher\">Solid Edge for Teachers<\/a><\/h3>\n<p>Prepare students of all ages for careers in science, technology, engineering and mathematics (STEM) with a free campus-wide license to Solid Edge[\/vc_column_text][\/vc_column][vc_column width=\u00a0\u00bb1\/3&Prime;][vc_single_image image=\u00a0\u00bb23453&Prime; img_size=\u00a0\u00bblinked-teaser\u00a0\u00bb alignment=\u00a0\u00bbcenter\u00a0\u00bb][vc_column_text]<\/p>\n<h3><a id=\"free_software_link_5\" href=\"https:\/\/www.plm.automation.siemens.com\/plmapp\/education\/solid-edge\/en_us\/free-software\/community\">Solid Edge Community Edition<\/a><\/h3>\n<p>Free for anyone in the engineering community practicing their craft for personal satisfaction, , including makers and hobbyists.[\/vc_column_text][\/vc_column][vc_column width=\u00a0\u00bb1\/3&Prime;][vc_single_image image=\u00a0\u00bb23466&Prime; img_size=\u00a0\u00bblinked-teaser\u00a0\u00bb alignment=\u00a0\u00bbcenter\u00a0\u00bb][vc_column_text]<\/p>\n<h3><a id=\"free_software_link_6\" href=\"https:\/\/www.plm.automation.siemens.com\/global\/en\/topic\/solid-edge-for-startups\/8335\">Solid Edge for Startups<\/a><\/h3>\n<p>Qualifying startups are eligible for a free annual subscription to Solid Edge\u2014a comprehensive product development solution to help make your ideas a reality.[\/vc_column_text][\/vc_column][vc_column width=\u00a0\u00bb1\/3&Prime;][vc_single_image image=\u00a0\u00bb1024&Prime; img_size=\u00a0\u00bblinked-teaser\u00a0\u00bb alignment=\u00a0\u00bbcenter\u00a0\u00bb][vc_column_text]<\/p>\n<h3><a id=\"free_software_link_7\" href=\"https:\/\/www.plm.automation.siemens.com\/plmapp\/education\/solid-edge\/en_us\/free-software\/viewer\">Solid Edge Free Viewer<\/a><\/h3>\n<p>The free Solid Edge Viewer allows you to interactively view Solid Edge 3D models and drawings.[\/vc_column_text][\/vc_column][vc_column width=\u00a0\u00bb1\/3&Prime;][vc_single_image image=\u00a0\u00bb1022&Prime; img_size=\u00a0\u00bblinked-teaser\u00a0\u00bb alignment=\u00a0\u00bbcenter\u00a0\u00bb][vc_column_text]<\/p>\n<h3><a id=\"free_software_link_8\" href=\"https:\/\/www.mentor.com\/company\/higher_ed\/floefd-solid-edge-student-edition\">Simcenter FloEFD for Solid Edge Student Edition<\/a><\/h3>\n<p>Simcenter FloEFD for Solid Edge, Computational Fluid Dynamics (CFD) fully embedded with Solid Edge for fluid flow and thermal simulation.[\/vc_column_text][\/vc_column][vc_column width=\u00a0\u00bb1\/3&Prime;][vc_single_image image=\u00a0\u00bb1023&Prime; img_size=\u00a0\u00bblinked-teaser\u00a0\u00bb alignment=\u00a0\u00bbcenter\u00a0\u00bb][vc_column_text]<\/p>\n<h3><a id=\"free_software_link_9\" href=\"https:\/\/www.mentor.com\/products\/product-eval\/floefd-solid-edge-vlab\">Simcenter FloEFD for Solid Edge Virtual Lab <\/a><\/h3>\n<p>Find out how you can unleash the power of fluid flow and thermal simulation on your Solid Edge design with this Virtual Lab.[\/vc_column_text][\/vc_column][\/vc_row][vc_row full_width=\u00a0\u00bbstretch_row\u00a0\u00bb el_class=\u00a0\u00bbvc-row-free-software\u00a0\u00bb css=\u00a0\u00bb.vc_custom_1523912493378{background-color: #006486 !important;}\u00a0\u00bb][vc_column][vc_column_text el_class=\u00a0\u00bbvc-el-lead-in\u00a0\u00bb]FREE Software<\/p>\n<h2>Free 3D Design Software<\/h2>\n<p>[\/vc_column_text][vc_row_inner equal_height=\u00a0\u00bbyes\u00a0\u00bb][vc_column_inner width=\u00a0\u00bb1\/2&Prime; offset=\u00a0\u00bbvc_col-md-5&Prime;]<div class=\"wpb_content_block wpb_content_element\"><div class=\"wpb_wrapper\"><div class=\"content_block\" id=\"custom_post_widget-1026\"><p>[vc_row][vc_column][vc_column_text]<\/p>\n<h3>Pr\u00eat \u00e0 acheter ?<\/h3>\n<p>Visitez notre boutique en ligne pour souscrire d\u00e8s aujourd\u2019hui votre abonnement mensuel ou annuel, ou pour en savoir plus sur les options de licence perp\u00e9tuelle. [\/vc_column_text][vc_column_text]<a class=\"action-button\" href=\"https:\/\/solidedge.siemens.com\/fr\/buy-now\/\">En savoir plus<\/a>[\/vc_column_text][\/vc_column][\/vc_row]<\/p>\n<\/div><\/div><\/div>[\/vc_column_inner][vc_column_inner width=\u00a0\u00bb1\/2&Prime; offset=\u00a0\u00bbvc_col-md-offset-2 vc_col-md-5&Prime;]<div class=\"wpb_content_block wpb_content_element\"><div class=\"wpb_wrapper\"><div class=\"content_block\" id=\"custom_post_widget-419\"><p>[vc_row][vc_column][vc_column_text]<\/p>\n<h3>Logiciel gratuit pour votre startup<\/h3>\n<p>Si vous dirigez une startup depuis moins de trois ans, vous pouvez maintenant faire une demande pour obtenir gratuitement Solid Edge. Aucun frais \u00e0 votre charge\u00a0![\/vc_column_text][vc_column_text]<a class=\"action-button\" href=\"https:\/\/www.plm.automation.siemens.com\/global\/fr\/topic\/solid-edge-for-startups\/8335\"><i class=\"icon-ext\"><\/i>Postuler<\/a>[\/vc_column_text][\/vc_column][\/vc_row]<\/p>\n<\/div><\/div><\/div>[\/vc_column_inner][\/vc_row_inner][\/vc_column][\/vc_row][vc_row full_width=\u00a0\u00bbstretch_row\u00a0\u00bb el_class=\u00a0\u00bbvc-row-related-content\u00a0\u00bb css=\u00a0\u00bb.vc_custom_1524184785822{background-color: #347eb5 !important;}\u00a0\u00bb][vc_column][vc_column_text]<\/p>\n<h2>Related Content<\/h2>\n<p>[\/vc_column_text]<div id=\"ult-carousel-37162483169d6db4bb9b90\" class=\"ult-carousel-wrapper  vc-el-carousel-related-content ult_horizontal\" data-gutter=\"0\" data-rtl=\"false\" ><div class=\"ult-carousel-97804435969d6db4bb9b6e \" >[vc_column_text]<a href=\"https:\/\/solidedge.siemens.com\/fr\/solutions\/products\/complete-product-development-portfolio\/\">En savoir plus sur le portefeuille Solid Edge<\/a>[\/vc_column_text][vc_column_text]<a href=\"https:\/\/solidedge.siemens.com\/fr\/solutions\/products\/3d-design\/synchronous-technology\/\">Technologie synchrone de Solid Edge<\/a>[\/vc_column_text][vc_column_text]<a href=\"https:\/\/www.plm.automation.siemens.com\/en_us\/Images\/DEVELOP3D_SolidEdgeST8_tcm1023-238495.pdf\">DEVELOP3D:<br \/>\nThe Magic that is Synchronous Technology <\/a>[\/vc_column_text][vc_column_text]<a href=\"https:\/\/solidedge.siemens.com\/fr\/solutions\/products\/3d-design\/next-generation-design\/\">Next Generation Design<\/a>[\/vc_column_text]<\/div><\/div>\t\t\t<script type=\"text\/javascript\">\r\n\t\t\t\tjQuery(document).ready(function ($) {\r\n\t\t\t\t\tif( typeof jQuery('.ult-carousel-97804435969d6db4bb9b6e').slick == \"function\"){\r\n\t\t\t\t\t\t$('.ult-carousel-97804435969d6db4bb9b6e').slick({dots: true,autoplaySpeed: 5000,speed: 500,infinite: false,arrows: true,nextArrow: '<button type=\"button\" role=\"button\" aria-label=\"Next\" style=\"color:#ffffff; font-size:30px;background:rgba(255,255,255,0.2);\" class=\"slick-next square-bg\"><i class=\"ultsl-arrow-right6\"><\/i><\/button>',prevArrow: '<button type=\"button\" role=\"button\" aria-label=\"Previous\" style=\"color:#ffffff; font-size:30px;background:rgba(255,255,255,0.2);\" class=\"slick-prev square-bg\"><i class=\"ultsl-arrow-left6\"><\/i><\/button>',slidesToScroll:4,slidesToShow:4,swipe: true,draggable: true,touchMove: true,pauseOnHover: true,pauseOnFocus: false,responsive: [\r\n\t\t\t\t\t\t\t{\r\n\t\t\t\t\t\t\t  breakpoint: 1026,\r\n\t\t\t\t\t\t\t  settings: {\r\n\t\t\t\t\t\t\t\tslidesToShow: 4,\r\n\t\t\t\t\t\t\t\tslidesToScroll: 4,  \r\n\t\t\t\t\t\t\t  }\r\n\t\t\t\t\t\t\t},\r\n\t\t\t\t\t\t\t{\r\n\t\t\t\t\t\t\t  breakpoint: 1025,\r\n\t\t\t\t\t\t\t  settings: {\r\n\t\t\t\t\t\t\t\tslidesToShow: 2,\r\n\t\t\t\t\t\t\t\tslidesToScroll: 2\r\n\t\t\t\t\t\t\t  }\r\n\t\t\t\t\t\t\t},\r\n\t\t\t\t\t\t\t{\r\n\t\t\t\t\t\t\t  breakpoint: 760,\r\n\t\t\t\t\t\t\t  settings: {\r\n\t\t\t\t\t\t\t\tslidesToShow: 1,\r\n\t\t\t\t\t\t\t\tslidesToScroll: 1\r\n\t\t\t\t\t\t\t  }\r\n\t\t\t\t\t\t\t}\r\n\t\t\t\t\t\t],pauseOnDotsHover: true,customPaging: function(slider, i) {\r\n                   return '<i type=\"button\" style= \"color:#ffffff;\" class=\"ultsl-record\" data-role=\"none\"><\/i>';\r\n                },});\r\n\t\t\t\t\t}\r\n\t\t\t\t});\r\n\t\t\t<\/script>\r\n\t\t\t[\/vc_column][\/vc_row][vc_row full_width=\u00a0\u00bbstretch_row\u00a0\u00bb el_class=\u00a0\u00bbfooter-contact\u00a0\u00bb css=\u00a0\u00bb.vc_custom_1550170708528{background-color: #dedee3 !important;}\u00a0\u00bb][vc_column]<div class=\"wpb_content_block wpb_content_element\"><div class=\"wpb_wrapper\"><\/div><\/div>[vc_raw_js]JTNDc2NyaXB0JTNFJTBBJTIwJTIwJTBBJTIwJTIwYW5hbHl0aWNzLnRyYWNrJTI4JTIyRnJlZSUyMFNvZnR3YXJlJTIwVmlld2VkJTIyJTJDJTIwJTdCJTBBJTIwJTIwJTIwJTIwJTIyY2F0ZWdvcnklMjIlM0ElMjAlMjJGcmVlJTIwU29mdHdhcmUlMjIlMkMlMEElMjAlMjAlMjAlMjAlMjJsYWJlbCUyMiUzQSUyMCUyMkZyZWUlMjBTb2Z0d2FyZSUyME9mZmVyaW5ncyUyMiUyQyUwQSUyMCUyMCUyMCUyMCUyMm9yZyUyMiUzQSUyMCUyMlByb2R1Y3QlMjIlMkMlMEElMjAlMjAlMjAlMjAlMjJwcm9kdWN0X25hbWUlMjIlM0ElMjAlMjJTb2xpZCUyMEVkZ2UlMjIlMEElMjAlMjAlN0QlMjklM0IlMEElMEElM0MlMkZzY3JpcHQlM0U=[\/vc_raw_js][\/vc_column][\/vc_row]<\/p>\n","protected":false},"excerpt":{"rendered":"<p> Free Software Offerings from Siemens Digital Industries Software [\/vc_column_text]Take the next step with Solid Edge! Solid Edge is a portfolio of affordable, easy-to-use software tools that addresses all aspects of the product development process \u2013 3D design, simulation, manufacturing, data management and more.\u00a0Download one of our free products, or start a Solid Edge [&hellip;]<\/p>\n","protected":false},"author":20,"featured_media":0,"parent":2638,"menu_order":0,"comment_status":"closed","ping_status":"closed","template":"","meta":{"inline_featured_image":false},"yoast_head":"<!-- This site is optimized with the Yoast SEO plugin v18.4.1 - https:\/\/yoast.com\/wordpress\/plugins\/seo\/ -->\n<title>Logiciel gratuit | CAO 2D et 3D | Solid Edge<\/title>\n<meta name=\"description\" content=\"T\u00e9l\u00e9chargez des logiciels et des versions d\u2019essai gratuits des logiciels de CAO 2D et 3D Solid Edge, y compris des logiciels de conception pour les ing\u00e9nieurs, les cr\u00e9ateurs, les amateurs et les \u00e9tudiants.\" \/>\n<meta name=\"robots\" content=\"index, follow, max-snippet:-1, max-image-preview:large, max-video-preview:-1\" \/>\n<link rel=\"canonical\" href=\"https:\/\/solidedge.siemens.com\/fr\/free-software\/overview\/\" \/>\n<meta property=\"og:locale\" content=\"fr_FR\" \/>\n<meta property=\"og:type\" content=\"article\" \/>\n<meta property=\"og:title\" content=\"Logiciel gratuit | CAO 2D et 3D | Solid Edge\" \/>\n<meta property=\"og:description\" content=\"T\u00e9l\u00e9chargez des logiciels et des versions d\u2019essai gratuits des logiciels de CAO 2D et 3D Solid Edge, y compris des logiciels de conception pour les ing\u00e9nieurs, les cr\u00e9ateurs, les amateurs et les \u00e9tudiants.\" \/>\n<meta property=\"og:url\" content=\"https:\/\/solidedge.siemens.com\/fr\/free-software\/overview\/\" \/>\n<meta property=\"og:site_name\" content=\"Solid Edge\" \/>\n<meta property=\"article:publisher\" content=\"https:\/\/www.facebook.com\/solidedge\" \/>\n<meta property=\"article:modified_time\" content=\"2021-05-10T13:45:05+00:00\" \/>\n<meta name=\"twitter:card\" content=\"summary_large_image\" \/>\n<meta name=\"twitter:site\" content=\"@siemensplm\" \/>\n<meta name=\"twitter:label1\" content=\"Dur\u00e9e de lecture est.\" \/>\n\t<meta name=\"twitter:data1\" content=\"2 minutes\" \/>\n<script type=\"application\/ld+json\" class=\"yoast-schema-graph\">{\"@context\":\"https:\/\/schema.org\",\"@graph\":[{\"@type\":\"Organization\",\"@id\":\"https:\/\/solidedge.siemens.com\/en\/#organization\",\"name\":\"Siemens Digital Industries Software\",\"url\":\"https:\/\/solidedge.siemens.com\/en\/\",\"sameAs\":[\"https:\/\/www.facebook.com\/solidedge\",\"https:\/\/www.instagram.com\/siemens\/\",\"https:\/\/www.linkedin.com\/company\/siemens-plm-software\",\"https:\/\/www.youtube.com\/user\/PolarionSoftware\",\"https:\/\/twitter.com\/siemensplm\"],\"logo\":{\"@type\":\"ImageObject\",\"@id\":\"https:\/\/solidedge.siemens.com\/en\/#logo\",\"inLanguage\":\"fr-FR\",\"url\":\"https:\/\/solidedge.siemens.com\/wp-content\/uploads\/2018\/04\/logo-siemens-ifl@2x.png\",\"contentUrl\":\"https:\/\/solidedge.siemens.com\/wp-content\/uploads\/2018\/04\/logo-siemens-ifl@2x.png\",\"width\":640,\"height\":270,\"caption\":\"Siemens Digital Industries Software\"},\"image\":{\"@id\":\"https:\/\/solidedge.siemens.com\/en\/#logo\"}},{\"@type\":\"WebSite\",\"@id\":\"https:\/\/solidedge.siemens.com\/en\/#website\",\"url\":\"https:\/\/solidedge.siemens.com\/en\/\",\"name\":\"Solid Edge\",\"description\":\"Siemens Digital Industries Software - Ingenuity for Life\",\"publisher\":{\"@id\":\"https:\/\/solidedge.siemens.com\/en\/#organization\"},\"potentialAction\":[{\"@type\":\"SearchAction\",\"target\":{\"@type\":\"EntryPoint\",\"urlTemplate\":\"https:\/\/solidedge.siemens.com\/en\/?s={search_term_string}\"},\"query-input\":\"required name=search_term_string\"}],\"inLanguage\":\"fr-FR\"},{\"@type\":\"WebPage\",\"@id\":\"https:\/\/solidedge.siemens.com\/fr\/free-software\/overview\/#webpage\",\"url\":\"https:\/\/solidedge.siemens.com\/fr\/free-software\/overview\/\",\"name\":\"Logiciel gratuit | CAO 2D et 3D | Solid Edge\",\"isPartOf\":{\"@id\":\"https:\/\/solidedge.siemens.com\/en\/#website\"},\"datePublished\":\"2019-04-01T15:54:32+00:00\",\"dateModified\":\"2021-05-10T13:45:05+00:00\",\"description\":\"T\u00e9l\u00e9chargez des logiciels et des versions d\u2019essai gratuits des logiciels de CAO 2D et 3D Solid Edge, y compris des logiciels de conception pour les ing\u00e9nieurs, les cr\u00e9ateurs, les amateurs et les \u00e9tudiants.\",\"breadcrumb\":{\"@id\":\"https:\/\/solidedge.siemens.com\/fr\/free-software\/overview\/#breadcrumb\"},\"inLanguage\":\"fr-FR\",\"potentialAction\":[{\"@type\":\"ReadAction\",\"target\":[\"https:\/\/solidedge.siemens.com\/fr\/free-software\/overview\/\"]}]},{\"@type\":\"BreadcrumbList\",\"@id\":\"https:\/\/solidedge.siemens.com\/fr\/free-software\/overview\/#breadcrumb\",\"itemListElement\":[{\"@type\":\"ListItem\",\"position\":1,\"name\":\"Home\",\"item\":\"https:\/\/solidedge.siemens.com\/en\/home-6\/\"},{\"@type\":\"ListItem\",\"position\":2,\"name\":\"Logiciel gratuit\",\"item\":\"https:\/\/solidedge.siemens.com\/fr\/free-software\/\"},{\"@type\":\"ListItem\",\"position\":3,\"name\":\"Logiciel gratuit\"}]}]}<\/script>\n<!-- \/ Yoast SEO plugin. -->","yoast_head_json":{"title":"Logiciel gratuit | CAO 2D et 3D | Solid Edge","description":"T\u00e9l\u00e9chargez des logiciels et des versions d\u2019essai gratuits des logiciels de CAO 2D et 3D Solid Edge, y compris des logiciels de conception pour les ing\u00e9nieurs, les cr\u00e9ateurs, les amateurs et les \u00e9tudiants.","robots":{"index":"index","follow":"follow","max-snippet":"max-snippet:-1","max-image-preview":"max-image-preview:large","max-video-preview":"max-video-preview:-1"},"canonical":"https:\/\/solidedge.siemens.com\/fr\/free-software\/overview\/","og_locale":"fr_FR","og_type":"article","og_title":"Logiciel gratuit | CAO 2D et 3D | Solid Edge","og_description":"T\u00e9l\u00e9chargez des logiciels et des versions d\u2019essai gratuits des logiciels de CAO 2D et 3D Solid Edge, y compris des logiciels de conception pour les ing\u00e9nieurs, les cr\u00e9ateurs, les amateurs et les \u00e9tudiants.","og_url":"https:\/\/solidedge.siemens.com\/fr\/free-software\/overview\/","og_site_name":"Solid Edge","article_publisher":"https:\/\/www.facebook.com\/solidedge","article_modified_time":"2021-05-10T13:45:05+00:00","twitter_card":"summary_large_image","twitter_site":"@siemensplm","twitter_misc":{"Dur\u00e9e de lecture est.":"2 minutes"},"schema":{"@context":"https:\/\/schema.org","@graph":[{"@type":"Organization","@id":"https:\/\/solidedge.siemens.com\/en\/#organization","name":"Siemens Digital Industries Software","url":"https:\/\/solidedge.siemens.com\/en\/","sameAs":["https:\/\/www.facebook.com\/solidedge","https:\/\/www.instagram.com\/siemens\/","https:\/\/www.linkedin.com\/company\/siemens-plm-software","https:\/\/www.youtube.com\/user\/PolarionSoftware","https:\/\/twitter.com\/siemensplm"],"logo":{"@type":"ImageObject","@id":"https:\/\/solidedge.siemens.com\/en\/#logo","inLanguage":"fr-FR","url":"https:\/\/solidedge.siemens.com\/wp-content\/uploads\/2018\/04\/logo-siemens-ifl@2x.png","contentUrl":"https:\/\/solidedge.siemens.com\/wp-content\/uploads\/2018\/04\/logo-siemens-ifl@2x.png","width":640,"height":270,"caption":"Siemens Digital Industries Software"},"image":{"@id":"https:\/\/solidedge.siemens.com\/en\/#logo"}},{"@type":"WebSite","@id":"https:\/\/solidedge.siemens.com\/en\/#website","url":"https:\/\/solidedge.siemens.com\/en\/","name":"Solid Edge","description":"Siemens Digital Industries Software - Ingenuity for Life","publisher":{"@id":"https:\/\/solidedge.siemens.com\/en\/#organization"},"potentialAction":[{"@type":"SearchAction","target":{"@type":"EntryPoint","urlTemplate":"https:\/\/solidedge.siemens.com\/en\/?s={search_term_string}"},"query-input":"required name=search_term_string"}],"inLanguage":"fr-FR"},{"@type":"WebPage","@id":"https:\/\/solidedge.siemens.com\/fr\/free-software\/overview\/#webpage","url":"https:\/\/solidedge.siemens.com\/fr\/free-software\/overview\/","name":"Logiciel gratuit | CAO 2D et 3D | Solid Edge","isPartOf":{"@id":"https:\/\/solidedge.siemens.com\/en\/#website"},"datePublished":"2019-04-01T15:54:32+00:00","dateModified":"2021-05-10T13:45:05+00:00","description":"T\u00e9l\u00e9chargez des logiciels et des versions d\u2019essai gratuits des logiciels de CAO 2D et 3D Solid Edge, y compris des logiciels de conception pour les ing\u00e9nieurs, les cr\u00e9ateurs, les amateurs et les \u00e9tudiants.","breadcrumb":{"@id":"https:\/\/solidedge.siemens.com\/fr\/free-software\/overview\/#breadcrumb"},"inLanguage":"fr-FR","potentialAction":[{"@type":"ReadAction","target":["https:\/\/solidedge.siemens.com\/fr\/free-software\/overview\/"]}]},{"@type":"BreadcrumbList","@id":"https:\/\/solidedge.siemens.com\/fr\/free-software\/overview\/#breadcrumb","itemListElement":[{"@type":"ListItem","position":1,"name":"Home","item":"https:\/\/solidedge.siemens.com\/en\/home-6\/"},{"@type":"ListItem","position":2,"name":"Logiciel gratuit","item":"https:\/\/solidedge.siemens.com\/fr\/free-software\/"},{"@type":"ListItem","position":3,"name":"Logiciel gratuit"}]}]}},"_links":{"self":[{"href":"https:\/\/solidedge.siemens.com\/fr\/wp-json\/wp\/v2\/pages\/2117"}],"collection":[{"href":"https:\/\/solidedge.siemens.com\/fr\/wp-json\/wp\/v2\/pages"}],"about":[{"href":"https:\/\/solidedge.siemens.com\/fr\/wp-json\/wp\/v2\/types\/page"}],"author":[{"embeddable":true,"href":"https:\/\/solidedge.siemens.com\/fr\/wp-json\/wp\/v2\/users\/20"}],"replies":[{"embeddable":true,"href":"https:\/\/solidedge.siemens.com\/fr\/wp-json\/wp\/v2\/comments?post=2117"}],"version-history":[{"count":6,"href":"https:\/\/solidedge.siemens.com\/fr\/wp-json\/wp\/v2\/pages\/2117\/revisions"}],"predecessor-version":[{"id":39488,"href":"https:\/\/solidedge.siemens.com\/fr\/wp-json\/wp\/v2\/pages\/2117\/revisions\/39488"}],"up":[{"embeddable":true,"href":"https:\/\/solidedge.siemens.com\/fr\/wp-json\/wp\/v2\/pages\/2638"}],"wp:attachment":[{"href":"https:\/\/solidedge.siemens.com\/fr\/wp-json\/wp\/v2\/media?parent=2117"}],"curies":[{"name":"wp","href":"https:\/\/api.w.org\/{rel}","templated":true}]}}