{"id":20187,"date":"2019-08-26T13:35:31","date_gmt":"2019-08-26T17:35:31","guid":{"rendered":"https:\/\/solidedge.siemens.com\/?page_id=20187"},"modified":"2022-11-21T09:59:15","modified_gmt":"2022-11-21T14:59:15","slug":"2d-nesting","status":"publish","type":"page","link":"https:\/\/solidedge.siemens.com\/fr\/solutions\/products\/computer-aided-manufacturing-cam\/2d-nesting\/","title":{"rendered":"Imbrication 2D"},"content":{"rendered":"<p>[vc_row full_width=\u00a0\u00bbstretch_row\u00a0\u00bb full_height=\u00a0\u00bbyes\u00a0\u00bb content_placement=\u00a0\u00bbmiddle\u00a0\u00bb css=\u00a0\u00bb.vc_custom_1560147283539{background: #a6a6a6 url(https:\/\/solidedge.siemens.com\/wp-content\/uploads\/2019\/06\/2d-nesting-header.jpg?id=17161) !important;background-position: center !important;background-repeat: no-repeat !important;background-size: cover !important;}\u00a0\u00bb el_class=\u00a0\u00bbvc-row-hero-banner\u00a0\u00bb][vc_column][vc_column_text el_class=\u00a0\u00bb.vc-el-callout\u00a0\u00bb]<\/p>\n<h1>Solid Edge 2D Nesting<\/h1>\n<p>Optimize cutting patterns, saving time and material costs.[\/vc_column_text][\/vc_column][\/vc_row][vc_row][vc_column][vc_column_text]<\/p>\n<p>[vc_row full_width=\u00a0\u00bbstretch_row\u00a0\u00bb equal_height=\u00a0\u00bbyes\u00a0\u00bb css=\u00a0\u00bb.vc_custom_1559667461983{background-color: #ebf0f6 !important;}\u00a0\u00bb][vc_column][vc_column_text]With Solid Edge 2D Nesting, generate optimized layouts for the two-dimensional cutting of fabrication materials, including sheet metal, plastic, wood, fabric and textiles. 2D Nesting saves fabricators time and money by allowing them to manage material use more effectively.<\/p>\n<p>The process of 2D nesting, or the organization of 2D shapes efficiently on a single cutting plane, is much like processes dressmakers have used for decades. The optimized nesting patterns, created using a next-generation nesting algorithm, markedly reduce preparation time, waste and costs.[\/vc_column_text][\/vc_column][\/vc_row][vc_row][vc_column][vc_column_text]Capabilities<\/p>\n<h2>Powerful nesting, comprehensive control<\/h2>\n<p>From start to finish, 2D Nesting makes creating optimized nests quick and easy.[\/vc_column_text][vc_row_inner equal_height=\u00a0\u00bbyes\u00a0\u00bb][vc_column_inner width=\u00a0\u00bb1\/3&Prime;][vc_single_image image=\u00a0\u00bb17539&Prime; img_size=\u00a0\u00bbmedium\u00a0\u00bb alignment=\u00a0\u00bbcenter\u00a0\u00bb css=\u00a0\u00bb.vc_custom_1560147312612{margin-bottom: 10px !important;}\u00a0\u00bb][vc_column_text]<\/p>\n<h3>Complete control at your hands<\/h3>\n<p>Control all settings needed to meet the demands of any cutting technology or material, easily select part quantities, sheet sizes and part rotation.[\/vc_column_text][\/vc_column_inner][vc_column_inner width=\u00a0\u00bb1\/3&Prime;][vc_single_image image=\u00a0\u00bb17553&Prime; img_size=\u00a0\u00bbmedium\u00a0\u00bb alignment=\u00a0\u00bbcenter\u00a0\u00bb css=\u00a0\u00bb.vc_custom_1560147387982{margin-bottom: 10px !important;}\u00a0\u00bb][vc_column_text]<\/p>\n<h3>Tightly integrated with Solid Edge Mechanical Design<\/h3>\n<p>Launch directly from Solid Edge with a single click. Selecting parts to import for nesting is quick and easy.[\/vc_column_text][\/vc_column_inner][vc_column_inner width=\u00a0\u00bb1\/3&Prime;][vc_single_image image=\u00a0\u00bb17566&Prime; img_size=\u00a0\u00bbmedium\u00a0\u00bb alignment=\u00a0\u00bbcenter\u00a0\u00bb css=\u00a0\u00bb.vc_custom_1560147402713{margin-bottom: 10px !important;}\u00a0\u00bb][vc_column_text]<\/p>\n<h3>Work with multiple file formats<\/h3>\n<p>2D Nesting supports Solid Edge sheet metal and part files (PSM and PAR), as well as neutral data formats including DXF and DWG, automatically extracting flat pattern data.[\/vc_column_text][\/vc_column_inner][vc_column_inner width=\u00a0\u00bb1\/3&Prime;][vc_column_text]<\/p>\n<h3>Reduce wasted material<\/h3>\n<p>Select multiple sheet sizes to create the most efficient nest, eliminating tailings, or partial sheets. These tailings often result in wasted material, as the odd leftover sheets take up valuable shop space and often go unused.[\/vc_column_text][\/vc_column_inner][vc_column_inner width=\u00a0\u00bb1\/3&Prime;][vc_column_text]<\/p>\n<h3>Optimized for CNC Programming<\/h3>\n<p>The nests can be sent to Solid Edge CAM Pro or exported to another computer-aided manufacturing (CAM) system for computer numerical control (CNC) programming.[\/vc_column_text][\/vc_column_inner][vc_column_inner width=\u00a0\u00bb1\/3&Prime;][vc_column_text]<\/p>\n<h3>Save time, avoid translation<\/h3>\n<p>An integrated round trip within the Solid Edge environment saves time and avoids data translation.[\/vc_column_text][\/vc_column_inner][\/vc_row_inner][vc_column_text]<\/p>\n<p><a href=\"https:\/\/media.plm.automation.siemens.com\/solidedge\/siemens-sw-solid-edge-2d-nesting-fs-78034-c7.pdf\" target=\"_blank\" rel=\"noopener\" data-wpel-link=\"external\"><i class=\"icon-ext\"><\/i> Download the Solid Edge 2D Nesting data sheet<\/a><\/p>\n<p>[\/vc_column_text][\/vc_column][\/vc_row][vc_row full_width=\u00a0\u00bbstretch_row\u00a0\u00bb el_class=\u00a0\u00bbvc-row-video-highlight\u00a0\u00bb][vc_column][vc_column_text el_class=\u00a0\u00bbvc-el-lead-in\u00a0\u00bb]<\/p>\n<p>Video<\/p>\n<h2>Optimize your 2D nests with Solid Edge<\/h2>\n<p>Solid Edge 2D Nesting utilizes the most advanced and efficient nesting engine to generate best-in-class layouts optimized for two-dimensional cutting of sheet metal, wood and more. These nested cutting patterns reduce time, waste and costs when creating 2D shapes common in products.<\/p>\n<p class=\"see-more\" style=\"text-align: right;\"><a href=\"https:\/\/solidedge.siemens.com\/fr\/resources\/videos\/\">See More Videos<\/a><\/p>\n<p>[\/vc_column_text]\n\n\n  <div id=\"wpv-view-layout-567-CATTR86d18ce81828f66a7d0bd1eecf3ff4c0\" class=\"js-wpv-view-layout js-wpv-layout-responsive js-wpv-view-layout-567-CATTR86d18ce81828f66a7d0bd1eecf3ff4c0\" data-viewnumber=\"567-CATTR86d18ce81828f66a7d0bd1eecf3ff4c0\" data-pagination=\"{&quot;id&quot;:567,&quot;query&quot;:&quot;normal&quot;,&quot;type&quot;:&quot;disabled&quot;,&quot;effect&quot;:&quot;fade&quot;,&quot;duration&quot;:500,&quot;speed&quot;:5,&quot;pause_on_hover&quot;:&quot;disabled&quot;,&quot;stop_rollover&quot;:&quot;false&quot;,&quot;cache_pages&quot;:&quot;enabled&quot;,&quot;preload_images&quot;:&quot;enabled&quot;,&quot;preload_pages&quot;:&quot;enabled&quot;,&quot;preload_reach&quot;:1,&quot;spinner&quot;:&quot;builtin&quot;,&quot;spinner_image&quot;:&quot;https:\/\/solidedge.siemens.com\/wp-content\/plugins\/wp-views\/embedded\/res\/img\/ajax-loader.gif&quot;,&quot;callback_next&quot;:&quot;&quot;,&quot;manage_history&quot;:&quot;disabled&quot;,&quot;has_controls_in_form&quot;:&quot;disabled&quot;,&quot;infinite_tolerance&quot;:&quot;0&quot;,&quot;max_pages&quot;:0,&quot;page&quot;:1,&quot;base_permalink&quot;:&quot;\/fr\/wp-json\/wp\/v2\/pages\/20187?wpv_view_count=567-CATTR86d18ce81828f66a7d0bd1eecf3ff4c0&amp;wpv_paged=WPV_PAGE_NUM&quot;,&quot;loop&quot;:{&quot;type&quot;:&quot;&quot;,&quot;name&quot;:&quot;&quot;,&quot;data&quot;:[],&quot;id&quot;:0}}\" data-permalink=\"\/fr\/wp-json\/wp\/v2\/pages\/20187?wpv_view_count=567-CATTR86d18ce81828f66a7d0bd1eecf3ff4c0\">\n\n  \n  <div class=\"wpv-resources\"><a name=\"video\" class=\"video-anchor\"><\/a>\n    <div id=\"ult-carousel-9711337469da72be51d4e\" class=\"ult-carousel-wrapper  vc-el-carousel-videos-embedded ult_horizontal\" data-gutter=\"0\" data-rtl=\"false\" ><div class=\"ult-carousel-180578778469da72be51ce3 \" >\n    \n    \n       <div><!-- slide container -->\n        <div class=\"wpv-resources-item\" data-mh=\".wpv-resources-item\">\n          <div class=\"resources-item-poster\">\n              <div id=\"wpfp_d6efe4756c76b903a28c85edff617bd7\" data-item=\"{&quot;sources&quot;:&#091;{&quot;src&quot;:&quot;https:\\\/\\\/videos.mentor-cdn.com\\\/mgc\\\/videos\\\/5400\\\/2fe083c7-9ab5-47fd-9e01-eb2b274bd2a8-en-US-video.mp4&quot;,&quot;type&quot;:&quot;video\\\/mp4&quot;}&#093;}\" class=\"flowplayer no-brand is-splash no-svg is-paused skin-slim fp-slim fp-edgy\" data-embed=\"false\" style=\"max-width: 1140px; max-height: 640px; \" data-ratio=\"0.5614\" data-advance=\"false\">\n\t<div class=\"fp-ratio\" style=\"padding-top: 56.14%\"><\/div>\n\t<div class=\"fp-ui\"><div class=\"fp-play fp-visible\"><a class=\"fp-icon fp-playbtn\"><\/a><\/div><\/div>\n\n<\/div>\n\n              \n          <\/div>\n        <\/div>\n      <\/div>\n    \n    \n    <\/div><\/div>\t\t\t<script type=\"text\/javascript\">\r\n\t\t\t\tjQuery(document).ready(function ($) {\r\n\t\t\t\t\tif( typeof jQuery('.ult-carousel-180578778469da72be51ce3').slick == \"function\"){\r\n\t\t\t\t\t\t$('.ult-carousel-180578778469da72be51ce3').slick({dots: true,autoplaySpeed: 5000,speed: 500,infinite: false,arrows: true,nextArrow: '<button type=\"button\" role=\"button\" aria-label=\"Next\" style=\"color:#ffffff; font-size:30px;background:rgba(47,56,60,0.5);\" class=\"slick-next square-bg\"><i class=\"ultsl-arrow-right6\"><\/i><\/button>',prevArrow: '<button type=\"button\" role=\"button\" aria-label=\"Previous\" style=\"color:#ffffff; font-size:30px;background:rgba(47,56,60,0.5);\" class=\"slick-prev square-bg\"><i class=\"ultsl-arrow-left6\"><\/i><\/button>',slidesToScroll:1,slidesToShow:1,swipe: true,draggable: true,touchMove: true,pauseOnHover: true,pauseOnFocus: false,responsive: [\r\n\t\t\t\t\t\t\t{\r\n\t\t\t\t\t\t\t  breakpoint: 1026,\r\n\t\t\t\t\t\t\t  settings: {\r\n\t\t\t\t\t\t\t\tslidesToShow: 1,\r\n\t\t\t\t\t\t\t\tslidesToScroll: 1,  \r\n\t\t\t\t\t\t\t  }\r\n\t\t\t\t\t\t\t},\r\n\t\t\t\t\t\t\t{\r\n\t\t\t\t\t\t\t  breakpoint: 1025,\r\n\t\t\t\t\t\t\t  settings: {\r\n\t\t\t\t\t\t\t\tslidesToShow: 1,\r\n\t\t\t\t\t\t\t\tslidesToScroll: 1\r\n\t\t\t\t\t\t\t  }\r\n\t\t\t\t\t\t\t},\r\n\t\t\t\t\t\t\t{\r\n\t\t\t\t\t\t\t  breakpoint: 760,\r\n\t\t\t\t\t\t\t  settings: {\r\n\t\t\t\t\t\t\t\tslidesToShow: 1,\r\n\t\t\t\t\t\t\t\tslidesToScroll: 1\r\n\t\t\t\t\t\t\t  }\r\n\t\t\t\t\t\t\t}\r\n\t\t\t\t\t\t],pauseOnDotsHover: true,customPaging: function(slider, i) {\r\n                   return '<i type=\"button\" style= \"color:#788891;\" class=\"ultsl-record\" data-role=\"none\"><\/i>';\r\n                },});\r\n\t\t\t\t\t}\r\n\t\t\t\t});\r\n\t\t\t<\/script>\r\n\t\t\t\n  <\/div>\n  \n  \n  <\/div>\n[\/vc_column][\/vc_row][vc_row full_width=\u00a0\u00bbstretch_row\u00a0\u00bb el_class=\u00a0\u00bbvc-row-related-content\u00a0\u00bb css=\u00a0\u00bb.vc_custom_1524184785822{background-color: #347eb5 !important;}\u00a0\u00bb][vc_column][vc_column_text]<\/p>\n<h2>Related Content<\/h2>\n<p>[\/vc_column_text]<div id=\"ult-carousel-193709110669da72be55782\" class=\"ult-carousel-wrapper  vc-el-carousel-related-content ult_horizontal\" data-gutter=\"0\" data-rtl=\"false\" ><div class=\"ult-carousel-11712371669da72be55759 \" >[vc_column_text]<a href=\"https:\/\/www.dex.siemens.com\/plm\/solid-edge\/\">Visitez la boutique en ligne Solid Edge<\/a>[\/vc_column_text][vc_column_text]<\/p>\n<p><a href=\"https:\/\/media.plm.automation.siemens.com\/solidedge\/siemens-sw-solid-edge-2d-nesting-fs-78034-c7.pdf\" target=\"_blank\" rel=\"noopener noreferrer\">Download the Solid Edge 2D Nesting data sheet<\/a><\/p>\n<p>[\/vc_column_text][vc_column_text]<a href=\"https:\/\/solidedge.siemens.com\/fr\/solutions\/products\/computer-aided-manufacturing-cam\/\">En savoir plus sur les solutions Solid Edge de FAO<\/a>[\/vc_column_text][vc_column_text]<\/p>\n<p><a href=\"https:\/\/solidedge.siemens.com\/fr\/solutions\/products\/complete-product-development-portfolio\/whats-new-in-solid-edge-2021\/\">What&rsquo;s new in Solid Edge 2021<\/a><\/p>\n<p>[\/vc_column_text]<\/div><\/div>\t\t\t<script type=\"text\/javascript\">\r\n\t\t\t\tjQuery(document).ready(function ($) {\r\n\t\t\t\t\tif( typeof jQuery('.ult-carousel-11712371669da72be55759').slick == \"function\"){\r\n\t\t\t\t\t\t$('.ult-carousel-11712371669da72be55759').slick({dots: true,autoplaySpeed: 5000,speed: 500,infinite: false,arrows: true,nextArrow: '<button type=\"button\" role=\"button\" aria-label=\"Next\" style=\"color:#ffffff; font-size:30px;background:rgba(255,255,255,0.2);\" class=\"slick-next square-bg\"><i class=\"ultsl-arrow-right6\"><\/i><\/button>',prevArrow: '<button type=\"button\" role=\"button\" aria-label=\"Previous\" style=\"color:#ffffff; font-size:30px;background:rgba(255,255,255,0.2);\" class=\"slick-prev square-bg\"><i class=\"ultsl-arrow-left6\"><\/i><\/button>',slidesToScroll:4,slidesToShow:4,swipe: true,draggable: true,touchMove: true,pauseOnHover: true,pauseOnFocus: false,responsive: [\r\n\t\t\t\t\t\t\t{\r\n\t\t\t\t\t\t\t  breakpoint: 1026,\r\n\t\t\t\t\t\t\t  settings: {\r\n\t\t\t\t\t\t\t\tslidesToShow: 4,\r\n\t\t\t\t\t\t\t\tslidesToScroll: 4,  \r\n\t\t\t\t\t\t\t  }\r\n\t\t\t\t\t\t\t},\r\n\t\t\t\t\t\t\t{\r\n\t\t\t\t\t\t\t  breakpoint: 1025,\r\n\t\t\t\t\t\t\t  settings: {\r\n\t\t\t\t\t\t\t\tslidesToShow: 2,\r\n\t\t\t\t\t\t\t\tslidesToScroll: 2\r\n\t\t\t\t\t\t\t  }\r\n\t\t\t\t\t\t\t},\r\n\t\t\t\t\t\t\t{\r\n\t\t\t\t\t\t\t  breakpoint: 760,\r\n\t\t\t\t\t\t\t  settings: {\r\n\t\t\t\t\t\t\t\tslidesToShow: 1,\r\n\t\t\t\t\t\t\t\tslidesToScroll: 1\r\n\t\t\t\t\t\t\t  }\r\n\t\t\t\t\t\t\t}\r\n\t\t\t\t\t\t],pauseOnDotsHover: true,customPaging: function(slider, i) {\r\n                   return '<i type=\"button\" style= \"color:#ffffff;\" class=\"ultsl-record\" data-role=\"none\"><\/i>';\r\n                },});\r\n\t\t\t\t\t}\r\n\t\t\t\t});\r\n\t\t\t<\/script>\r\n\t\t\t[\/vc_column][\/vc_row]<\/p>\n","protected":false},"excerpt":{"rendered":"<p> Solid Edge 2D Nesting Optimize cutting patterns, saving time and material costs.[\/vc_column_text][\/vc_column][\/vc_row] With Solid Edge 2D Nesting, generate optimized layouts for the two-dimensional cutting of fabrication materials, including sheet metal, plastic, wood, fabric and [&hellip;]<\/p>\n","protected":false},"author":23,"featured_media":0,"parent":2590,"menu_order":0,"comment_status":"closed","ping_status":"closed","template":"","meta":{"inline_featured_image":false},"yoast_head":"<!-- This site is optimized with the Yoast SEO plugin v18.4.1 - https:\/\/yoast.com\/wordpress\/plugins\/seo\/ -->\n<title>Imbrication 2D | Fabrication assist\u00e9e par ordinateur (FAO) | Solid Edge<\/title>\n<meta name=\"description\" content=\"Solid Edge 2D Nesting permet de g\u00e9n\u00e9rer des agencements optimis\u00e9s pour les d\u00e9coupes 2D des mat\u00e9riaux de fabrication\u00a0: t\u00f4le, plastique, bois, etc.\" \/>\n<meta name=\"robots\" content=\"index, follow, max-snippet:-1, max-image-preview:large, max-video-preview:-1\" \/>\n<link rel=\"canonical\" href=\"https:\/\/solidedge.siemens.com\/fr\/solutions\/products\/computer-aided-manufacturing-cam\/2d-nesting\/\" \/>\n<meta property=\"og:locale\" content=\"fr_FR\" \/>\n<meta property=\"og:type\" content=\"article\" \/>\n<meta property=\"og:title\" content=\"Imbrication 2D | Fabrication assist\u00e9e par ordinateur (FAO) | Solid Edge\" \/>\n<meta property=\"og:description\" content=\"Solid Edge 2D Nesting permet de g\u00e9n\u00e9rer des agencements optimis\u00e9s pour les d\u00e9coupes 2D des mat\u00e9riaux de fabrication\u00a0: t\u00f4le, plastique, bois, etc.\" \/>\n<meta property=\"og:url\" content=\"https:\/\/solidedge.siemens.com\/fr\/solutions\/products\/computer-aided-manufacturing-cam\/2d-nesting\/\" \/>\n<meta property=\"og:site_name\" content=\"Solid Edge\" \/>\n<meta property=\"article:publisher\" content=\"https:\/\/www.facebook.com\/solidedge\" \/>\n<meta property=\"article:modified_time\" content=\"2022-11-21T14:59:15+00:00\" \/>\n<meta name=\"twitter:card\" content=\"summary_large_image\" \/>\n<meta name=\"twitter:site\" content=\"@siemensplm\" \/>\n<meta name=\"twitter:label1\" content=\"Dur\u00e9e de lecture est.\" \/>\n\t<meta name=\"twitter:data1\" content=\"2 minutes\" \/>\n<script type=\"application\/ld+json\" class=\"yoast-schema-graph\">{\"@context\":\"https:\/\/schema.org\",\"@graph\":[{\"@type\":\"Organization\",\"@id\":\"https:\/\/solidedge.siemens.com\/en\/#organization\",\"name\":\"Siemens Digital Industries Software\",\"url\":\"https:\/\/solidedge.siemens.com\/en\/\",\"sameAs\":[\"https:\/\/www.facebook.com\/solidedge\",\"https:\/\/www.instagram.com\/siemens\/\",\"https:\/\/www.linkedin.com\/company\/siemens-plm-software\",\"https:\/\/www.youtube.com\/user\/PolarionSoftware\",\"https:\/\/twitter.com\/siemensplm\"],\"logo\":{\"@type\":\"ImageObject\",\"@id\":\"https:\/\/solidedge.siemens.com\/en\/#logo\",\"inLanguage\":\"fr-FR\",\"url\":\"https:\/\/solidedge.siemens.com\/wp-content\/uploads\/2018\/04\/logo-siemens-ifl@2x.png\",\"contentUrl\":\"https:\/\/solidedge.siemens.com\/wp-content\/uploads\/2018\/04\/logo-siemens-ifl@2x.png\",\"width\":640,\"height\":270,\"caption\":\"Siemens Digital Industries Software\"},\"image\":{\"@id\":\"https:\/\/solidedge.siemens.com\/en\/#logo\"}},{\"@type\":\"WebSite\",\"@id\":\"https:\/\/solidedge.siemens.com\/en\/#website\",\"url\":\"https:\/\/solidedge.siemens.com\/en\/\",\"name\":\"Solid Edge\",\"description\":\"Siemens Digital Industries Software - Ingenuity for Life\",\"publisher\":{\"@id\":\"https:\/\/solidedge.siemens.com\/en\/#organization\"},\"potentialAction\":[{\"@type\":\"SearchAction\",\"target\":{\"@type\":\"EntryPoint\",\"urlTemplate\":\"https:\/\/solidedge.siemens.com\/en\/?s={search_term_string}\"},\"query-input\":\"required name=search_term_string\"}],\"inLanguage\":\"fr-FR\"},{\"@type\":\"WebPage\",\"@id\":\"https:\/\/solidedge.siemens.com\/fr\/solutions\/products\/computer-aided-manufacturing-cam\/2d-nesting\/#webpage\",\"url\":\"https:\/\/solidedge.siemens.com\/fr\/solutions\/products\/computer-aided-manufacturing-cam\/2d-nesting\/\",\"name\":\"Imbrication 2D | Fabrication assist\u00e9e par ordinateur (FAO) | Solid Edge\",\"isPartOf\":{\"@id\":\"https:\/\/solidedge.siemens.com\/en\/#website\"},\"datePublished\":\"2019-08-26T17:35:31+00:00\",\"dateModified\":\"2022-11-21T14:59:15+00:00\",\"description\":\"Solid Edge 2D Nesting permet de g\u00e9n\u00e9rer des agencements optimis\u00e9s pour les d\u00e9coupes 2D des mat\u00e9riaux de fabrication\u00a0: t\u00f4le, plastique, bois, etc.\",\"breadcrumb\":{\"@id\":\"https:\/\/solidedge.siemens.com\/fr\/solutions\/products\/computer-aided-manufacturing-cam\/2d-nesting\/#breadcrumb\"},\"inLanguage\":\"fr-FR\",\"potentialAction\":[{\"@type\":\"ReadAction\",\"target\":[\"https:\/\/solidedge.siemens.com\/fr\/solutions\/products\/computer-aided-manufacturing-cam\/2d-nesting\/\"]}]},{\"@type\":\"BreadcrumbList\",\"@id\":\"https:\/\/solidedge.siemens.com\/fr\/solutions\/products\/computer-aided-manufacturing-cam\/2d-nesting\/#breadcrumb\",\"itemListElement\":[{\"@type\":\"ListItem\",\"position\":1,\"name\":\"Home\",\"item\":\"https:\/\/solidedge.siemens.com\/en\/home-6\/\"},{\"@type\":\"ListItem\",\"position\":2,\"name\":\"Solutions\",\"item\":\"https:\/\/solidedge.siemens.com\/fr\/solutions\/\"},{\"@type\":\"ListItem\",\"position\":3,\"name\":\"Produits\",\"item\":\"https:\/\/solidedge.siemens.com\/fr\/solutions\/products\/\"},{\"@type\":\"ListItem\",\"position\":4,\"name\":\"Fabrication assist&eacute;e par ordinateur (FAO)\",\"item\":\"https:\/\/solidedge.siemens.com\/fr\/solutions\/products\/computer-aided-manufacturing-cam\/\"},{\"@type\":\"ListItem\",\"position\":5,\"name\":\"Imbrication 2D\"}]}]}<\/script>\n<!-- \/ Yoast SEO plugin. -->","yoast_head_json":{"title":"Imbrication 2D | Fabrication assist\u00e9e par ordinateur (FAO) | Solid Edge","description":"Solid Edge 2D Nesting permet de g\u00e9n\u00e9rer des agencements optimis\u00e9s pour les d\u00e9coupes 2D des mat\u00e9riaux de fabrication\u00a0: t\u00f4le, plastique, bois, etc.","robots":{"index":"index","follow":"follow","max-snippet":"max-snippet:-1","max-image-preview":"max-image-preview:large","max-video-preview":"max-video-preview:-1"},"canonical":"https:\/\/solidedge.siemens.com\/fr\/solutions\/products\/computer-aided-manufacturing-cam\/2d-nesting\/","og_locale":"fr_FR","og_type":"article","og_title":"Imbrication 2D | Fabrication assist\u00e9e par ordinateur (FAO) | Solid Edge","og_description":"Solid Edge 2D Nesting permet de g\u00e9n\u00e9rer des agencements optimis\u00e9s pour les d\u00e9coupes 2D des mat\u00e9riaux de fabrication\u00a0: t\u00f4le, plastique, bois, etc.","og_url":"https:\/\/solidedge.siemens.com\/fr\/solutions\/products\/computer-aided-manufacturing-cam\/2d-nesting\/","og_site_name":"Solid Edge","article_publisher":"https:\/\/www.facebook.com\/solidedge","article_modified_time":"2022-11-21T14:59:15+00:00","twitter_card":"summary_large_image","twitter_site":"@siemensplm","twitter_misc":{"Dur\u00e9e de lecture est.":"2 minutes"},"schema":{"@context":"https:\/\/schema.org","@graph":[{"@type":"Organization","@id":"https:\/\/solidedge.siemens.com\/en\/#organization","name":"Siemens Digital Industries Software","url":"https:\/\/solidedge.siemens.com\/en\/","sameAs":["https:\/\/www.facebook.com\/solidedge","https:\/\/www.instagram.com\/siemens\/","https:\/\/www.linkedin.com\/company\/siemens-plm-software","https:\/\/www.youtube.com\/user\/PolarionSoftware","https:\/\/twitter.com\/siemensplm"],"logo":{"@type":"ImageObject","@id":"https:\/\/solidedge.siemens.com\/en\/#logo","inLanguage":"fr-FR","url":"https:\/\/solidedge.siemens.com\/wp-content\/uploads\/2018\/04\/logo-siemens-ifl@2x.png","contentUrl":"https:\/\/solidedge.siemens.com\/wp-content\/uploads\/2018\/04\/logo-siemens-ifl@2x.png","width":640,"height":270,"caption":"Siemens Digital Industries Software"},"image":{"@id":"https:\/\/solidedge.siemens.com\/en\/#logo"}},{"@type":"WebSite","@id":"https:\/\/solidedge.siemens.com\/en\/#website","url":"https:\/\/solidedge.siemens.com\/en\/","name":"Solid Edge","description":"Siemens Digital Industries Software - Ingenuity for Life","publisher":{"@id":"https:\/\/solidedge.siemens.com\/en\/#organization"},"potentialAction":[{"@type":"SearchAction","target":{"@type":"EntryPoint","urlTemplate":"https:\/\/solidedge.siemens.com\/en\/?s={search_term_string}"},"query-input":"required name=search_term_string"}],"inLanguage":"fr-FR"},{"@type":"WebPage","@id":"https:\/\/solidedge.siemens.com\/fr\/solutions\/products\/computer-aided-manufacturing-cam\/2d-nesting\/#webpage","url":"https:\/\/solidedge.siemens.com\/fr\/solutions\/products\/computer-aided-manufacturing-cam\/2d-nesting\/","name":"Imbrication 2D | Fabrication assist\u00e9e par ordinateur (FAO) | Solid Edge","isPartOf":{"@id":"https:\/\/solidedge.siemens.com\/en\/#website"},"datePublished":"2019-08-26T17:35:31+00:00","dateModified":"2022-11-21T14:59:15+00:00","description":"Solid Edge 2D Nesting permet de g\u00e9n\u00e9rer des agencements optimis\u00e9s pour les d\u00e9coupes 2D des mat\u00e9riaux de fabrication\u00a0: t\u00f4le, plastique, bois, etc.","breadcrumb":{"@id":"https:\/\/solidedge.siemens.com\/fr\/solutions\/products\/computer-aided-manufacturing-cam\/2d-nesting\/#breadcrumb"},"inLanguage":"fr-FR","potentialAction":[{"@type":"ReadAction","target":["https:\/\/solidedge.siemens.com\/fr\/solutions\/products\/computer-aided-manufacturing-cam\/2d-nesting\/"]}]},{"@type":"BreadcrumbList","@id":"https:\/\/solidedge.siemens.com\/fr\/solutions\/products\/computer-aided-manufacturing-cam\/2d-nesting\/#breadcrumb","itemListElement":[{"@type":"ListItem","position":1,"name":"Home","item":"https:\/\/solidedge.siemens.com\/en\/home-6\/"},{"@type":"ListItem","position":2,"name":"Solutions","item":"https:\/\/solidedge.siemens.com\/fr\/solutions\/"},{"@type":"ListItem","position":3,"name":"Produits","item":"https:\/\/solidedge.siemens.com\/fr\/solutions\/products\/"},{"@type":"ListItem","position":4,"name":"Fabrication assist&eacute;e par ordinateur (FAO)","item":"https:\/\/solidedge.siemens.com\/fr\/solutions\/products\/computer-aided-manufacturing-cam\/"},{"@type":"ListItem","position":5,"name":"Imbrication 2D"}]}]}},"_links":{"self":[{"href":"https:\/\/solidedge.siemens.com\/fr\/wp-json\/wp\/v2\/pages\/20187"}],"collection":[{"href":"https:\/\/solidedge.siemens.com\/fr\/wp-json\/wp\/v2\/pages"}],"about":[{"href":"https:\/\/solidedge.siemens.com\/fr\/wp-json\/wp\/v2\/types\/page"}],"author":[{"embeddable":true,"href":"https:\/\/solidedge.siemens.com\/fr\/wp-json\/wp\/v2\/users\/23"}],"replies":[{"embeddable":true,"href":"https:\/\/solidedge.siemens.com\/fr\/wp-json\/wp\/v2\/comments?post=20187"}],"version-history":[{"count":11,"href":"https:\/\/solidedge.siemens.com\/fr\/wp-json\/wp\/v2\/pages\/20187\/revisions"}],"predecessor-version":[{"id":65473,"href":"https:\/\/solidedge.siemens.com\/fr\/wp-json\/wp\/v2\/pages\/20187\/revisions\/65473"}],"up":[{"embeddable":true,"href":"https:\/\/solidedge.siemens.com\/fr\/wp-json\/wp\/v2\/pages\/2590"}],"wp:attachment":[{"href":"https:\/\/solidedge.siemens.com\/fr\/wp-json\/wp\/v2\/media?parent=20187"}],"curies":[{"name":"wp","href":"https:\/\/api.w.org\/{rel}","templated":true}]}}