{"id":20167,"date":"2019-08-26T13:24:41","date_gmt":"2019-08-26T17:24:41","guid":{"rendered":"https:\/\/solidedge.siemens.com\/?page_id=20167"},"modified":"2021-12-23T10:09:24","modified_gmt":"2021-12-23T15:09:24","slug":"augmented-reality","status":"publish","type":"page","link":"https:\/\/solidedge.siemens.com\/fr\/solutions\/products\/cloud-based-collaboration\/teamcenter-share\/augmented-reality\/","title":{"rendered":"R&eacute;alit&eacute; augment&eacute;e"},"content":{"rendered":"<p>[vc_row full_width=\u00a0\u00bbstretch_row\u00a0\u00bb full_height=\u00a0\u00bbyes\u00a0\u00bb content_placement=\u00a0\u00bbmiddle\u00a0\u00bb css=\u00a0\u00bb.vc_custom_1560142590297{background: #a6a6a6 url(https:\/\/solidedge.siemens.com\/wp-content\/uploads\/2019\/06\/AugmentedRealityWashTech-cover.jpg?id=17291) !important;background-position: center !important;background-repeat: no-repeat !important;background-size: cover !important;}\u00a0\u00bb el_class=\u00a0\u00bbvc-row-hero-banner\u00a0\u00bb][vc_column][vc_column_text el_class=\u00a0\u00bb.vc-el-callout\u00a0\u00bb]<\/p>\n<h1>Solid Edge Augmented Reality<\/h1>\n<p>Donnez vie \u00e0 vos id\u00e9es avec la visualisation de conception. Solid Edge Augmented Reality permet aux utilisateurs de donner vie \u00e0 leurs id\u00e9es gr\u00e2ce \u00e0 des prototypes num\u00e9riques \u00e0 \u00e9chelle dans des environnements du monde r\u00e9el. Une conception peut ainsi \u00eatre pr\u00e9sent\u00e9e dans son environnement de fa\u00e7on r\u00e9aliste avant m\u00eame d\u2019\u00eatre fabriqu\u00e9e.<\/p>\n<p>[\/vc_column_text][\/vc_column][\/vc_row][vc_row el_class=\u00a0\u00bbvc-row-accordion\u00a0\u00bb][vc_column][vc_column_text]Capacit\u00e9s<!-- wpml:html_fragment --><\/p>\n<h2>R\u00e9alit\u00e9 augment\u00e9e<\/h2>\n<p>[\/vc_column_text][vc_tta_accordion style=\u00a0\u00bbflat\u00a0\u00bb shape=\u00a0\u00bbsquare\u00a0\u00bb active_section=\u00a0\u00bb0&Prime; no_fill=\u00a0\u00bbtrue\u00a0\u00bb collapsible_all=\u00a0\u00bbtrue\u00a0\u00bb el_class=\u00a0\u00bbvc-el-accordion\u00a0\u00bb][vc_tta_section title=\u00a0\u00bbCommuniquer l\u2019intention de conception dans l\u2019environnement physique pr\u00e9vu\u00a0\u00bb tab_id=\u00a0\u00bbui-communicate-design-intent\u00a0\u00bb][vc_row_inner][vc_column_inner][vc_column_text]<\/p>\n<h2>Communiquer l\u2019intention de conception dans son environnement physique pr\u00e9vu<\/h2>\n<p>Donner la possibilit\u00e9 de visualiser un dessin ou un mod\u00e8le dans le cadre d\u2019utilisation pr\u00e9vu peut \u00eatre un outil de communication efficace pour les concepteurs et les responsables marketing. Cette d\u00e9marche renforce la confiance dans la pr\u00e9sentation et l\u2019aspect du produit sans avoir \u00e0 le fabriquer. En modifiant sa perception \u00e0 l\u2019aide de donn\u00e9es num\u00e9riques, l\u2019utilisateur peut visualiser des mod\u00e8les 3D comme s\u2019ils existaient physiquement.[\/vc_column_text][\/vc_column_inner][\/vc_row_inner][\/vc_tta_section][vc_tta_section title=\u00a0\u00bbAcc\u00e8s facile et gratuit \u00e0 une solution de visualisation de nouvelle g\u00e9n\u00e9ration\u00a0\u00bb tab_id=\u00a0\u00bbui-next-generation-virtualization\u00a0\u00bb][vc_column_text]<\/p>\n<h2>Acc\u00e8s facile (et gratuit\u00a0!) \u00e0 une solution de visualisation nouvelle g\u00e9n\u00e9ration<\/h2>\n<p>Solid Edge Augmented Reality permet de visualiser des produits en vraie grandeur (ou \u00e0 \u00e9chelle r\u00e9duite pour les produits de grande taille) n\u2019importe o\u00f9 en utilisant un prototype num\u00e9rique tr\u00e8s performant g\u00e9n\u00e9r\u00e9 dans une application gratuite. Cette d\u00e9marche permet de v\u00e9rifier l\u2019aspect et les fonctionnalit\u00e9s d\u2019un produit avant m\u00eame que celui-ci passe en fabrication.[\/vc_column_text][\/vc_tta_section][vc_tta_section title=\u00a0\u00bbCollaboration\u00a0\u00bb tab_id=\u00a0\u00bbui-design-collaboration\u00a0\u00bb][vc_column_text]<\/p>\n<h2>Aide \u00e0 la collaboration en mati\u00e8re de conception<\/h2>\n<p>La r\u00e9alit\u00e9 augment\u00e9e Solid Edge est id\u00e9ale pour \u00e9tudier l&rsquo;aspect de vos conceptions. Une repr\u00e9sentation pr\u00e9cise de la forme et des dimensions du produit aide les clients \u00e0 d\u00e9terminer si celui-ci est adapt\u00e9 \u00e0 l\u2019environnement pr\u00e9vu, m\u00eame si les \u00e9quipes sont dispers\u00e9es g\u00e9ographiquement. Principaux avantages de ce type d\u2019impl\u00e9mentation\u00a0: r\u00e9duction du temps et du co\u00fbt de mise sur le march\u00e9, qualit\u00e9 am\u00e9lior\u00e9e et augmentation de la productivit\u00e9.<\/p>\n<p>[\/vc_column_text][\/vc_tta_section][vc_tta_section title=\u00a0\u00bbPartage s\u00e9curis\u00e9\u00a0\u00bb tab_id=\u00a0\u00bbui-secure-sharing\u00a0\u00bb][vc_column_text]<\/p>\n<h2>Partage s\u00e9curis\u00e9<\/h2>\n<p>Vous pouvez partager vos mod\u00e8les en toute s\u00e9curit\u00e9 sur le cloud via le portail gratuit Solid Edge.[\/vc_column_text][\/vc_tta_section][vc_tta_section title=\u00a0\u00bb\u00c9tendre la r\u00e9alit\u00e9 augment\u00e9e \u00e0 d\u2019autres aspect, de la r\u00e9alit\u00e9 virtuelle et de la r\u00e9alit\u00e9 mixte\u00a0\u00bb tab_id=\u00a0\u00bbui-extending-ar\u00a0\u00bb][vc_column_text]<\/p>\n<h2>\u00c9tendre la r\u00e9alit\u00e9 augment\u00e9e \u00e0 d\u2019autres aspect, de la r\u00e9alit\u00e9 virtuelle et de la r\u00e9alit\u00e9 mixte<\/h2>\n<p>Solid Edge peut exporter des fichiers OBJ vers des exp\u00e9riences de r\u00e9alit\u00e9 augment\u00e9e, virtuelle et mixte (AR\/VR\/MR) via des syst\u00e8mes tiers.[\/vc_column_text][\/vc_tta_section][\/vc_tta_accordion][\/vc_column][\/vc_row][vc_row full_width=\u00a0\u00bbstretch_row\u00a0\u00bb el_class=\u00a0\u00bbvc-row-free-software\u00a0\u00bb css=\u00a0\u00bb.vc_custom_1523912493378{background-color: #006486 !important;}\u00a0\u00bb][vc_column][vc_column_text el_class=\u00a0\u00bbvc-el-lead-in\u00a0\u00bb]Logiciel GRATUIT<!-- wpml:html_fragment --><\/p>\n<h2>Logiciel de conception\u00a03D gratuit<\/h2>\n<p>[\/vc_column_text][vc_row_inner equal_height=\u00a0\u00bbyes\u00a0\u00bb][vc_column_inner width=\u00a0\u00bb1\/2&Prime; offset=\u00a0\u00bbvc_col-md-5&Prime;]<div class=\"wpb_content_block wpb_content_element\"><div class=\"wpb_wrapper\"><div class=\"content_block\" id=\"custom_post_widget-419\"><p>[vc_row][vc_column][vc_column_text]<\/p>\n<h3>Logiciel gratuit pour votre startup<\/h3>\n<p>Si vous dirigez une startup depuis moins de trois ans, vous pouvez maintenant faire une demande pour obtenir gratuitement Solid Edge. Aucun frais \u00e0 votre charge\u00a0![\/vc_column_text][vc_column_text]<a class=\"action-button\" href=\"https:\/\/www.plm.automation.siemens.com\/global\/fr\/topic\/solid-edge-for-startups\/8335\"><i class=\"icon-ext\"><\/i>Postuler<\/a>[\/vc_column_text][\/vc_column][\/vc_row]<\/p>\n<\/div><\/div><\/div>[\/vc_column_inner][vc_column_inner width=\u00a0\u00bb1\/2&Prime; offset=\u00a0\u00bbvc_col-md-offset-2 vc_col-md-5&Prime;]<div class=\"wpb_content_block wpb_content_element\"><div class=\"wpb_wrapper\"><div class=\"content_block\" id=\"custom_post_widget-418\"><p>[vc_row][vc_column][vc_column_text]<\/p>\n<h3>Essayez Solid Edge gratuitement<\/h3>\n<p>Obtenez un acc\u00e8s instantan\u00e9 \u00e0 un essai gratuit de Solid Edge, et essayez-le par vous-m\u00eame.[\/vc_column_text][vc_column_text]<a class=\"action-button\" href=\"\/fr\/try-now\/\"><i class=\"icon-ext\"><\/i>D\u00e9marrez<\/a>[\/vc_column_text][\/vc_column][\/vc_row]<\/p>\n<\/div><\/div><\/div>[\/vc_column_inner][\/vc_row_inner][\/vc_column][\/vc_row][vc_row full_width=\u00a0\u00bbstretch_row\u00a0\u00bb el_class=\u00a0\u00bbfooter-contact\u00a0\u00bb css=\u00a0\u00bb.vc_custom_1550170708528{background-color: #dedee3 !important;}\u00a0\u00bb][vc_column]<div class=\"wpb_content_block wpb_content_element\"><div class=\"wpb_wrapper\"><\/div><\/div>[\/vc_column][\/vc_row]<\/p>\n","protected":false},"excerpt":{"rendered":"<p>Solid Edge Augmented Reality permet aux utilisateurs de donner vie &agrave; leurs id&eacute;es gr&acirc;ce &agrave; des prototypes num&eacute;riques &agrave; &eacute;chelle dans des environnements du monde r&eacute;el.<\/p>\n","protected":false},"author":5,"featured_media":0,"parent":55514,"menu_order":0,"comment_status":"closed","ping_status":"closed","template":"","meta":{"inline_featured_image":false},"yoast_head":"<!-- This site is optimized with the Yoast SEO plugin v18.4.1 - https:\/\/yoast.com\/wordpress\/plugins\/seo\/ -->\n<title>R&eacute;alit&eacute; augment&eacute;e | Solid Edge<\/title>\n<meta name=\"description\" content=\"Solid Edge Augmented Reality permet aux utilisateurs de donner vie &agrave; leurs id&eacute;es gr&acirc;ce &agrave; des prototypes num&eacute;riques &agrave; &eacute;chelle dans des environnements du monde r&eacute;el.\" \/>\n<meta name=\"robots\" content=\"index, follow, max-snippet:-1, max-image-preview:large, max-video-preview:-1\" \/>\n<link rel=\"canonical\" href=\"https:\/\/solidedge.siemens.com\/fr\/solutions\/products\/cloud-based-collaboration\/teamcenter-share\/augmented-reality\/\" \/>\n<meta property=\"og:locale\" content=\"fr_FR\" \/>\n<meta property=\"og:type\" content=\"article\" \/>\n<meta property=\"og:title\" content=\"R&eacute;alit&eacute; augment&eacute;e | Solid Edge\" \/>\n<meta property=\"og:description\" content=\"Solid Edge Augmented Reality permet aux utilisateurs de donner vie &agrave; leurs id&eacute;es gr&acirc;ce &agrave; des prototypes num&eacute;riques &agrave; &eacute;chelle dans des environnements du monde r&eacute;el.\" \/>\n<meta property=\"og:url\" content=\"https:\/\/solidedge.siemens.com\/fr\/solutions\/products\/cloud-based-collaboration\/teamcenter-share\/augmented-reality\/\" \/>\n<meta property=\"og:site_name\" content=\"Solid Edge\" \/>\n<meta property=\"article:publisher\" content=\"https:\/\/www.facebook.com\/solidedge\" \/>\n<meta property=\"article:modified_time\" content=\"2021-12-23T15:09:24+00:00\" \/>\n<meta name=\"twitter:card\" content=\"summary_large_image\" \/>\n<meta name=\"twitter:site\" content=\"@siemensplm\" \/>\n<meta name=\"twitter:label1\" content=\"Dur\u00e9e de lecture est.\" \/>\n\t<meta name=\"twitter:data1\" content=\"2 minutes\" \/>\n<script type=\"application\/ld+json\" class=\"yoast-schema-graph\">{\"@context\":\"https:\/\/schema.org\",\"@graph\":[{\"@type\":\"Organization\",\"@id\":\"https:\/\/solidedge.siemens.com\/en\/#organization\",\"name\":\"Siemens Digital Industries Software\",\"url\":\"https:\/\/solidedge.siemens.com\/en\/\",\"sameAs\":[\"https:\/\/www.facebook.com\/solidedge\",\"https:\/\/www.instagram.com\/siemens\/\",\"https:\/\/www.linkedin.com\/company\/siemens-plm-software\",\"https:\/\/www.youtube.com\/user\/PolarionSoftware\",\"https:\/\/twitter.com\/siemensplm\"],\"logo\":{\"@type\":\"ImageObject\",\"@id\":\"https:\/\/solidedge.siemens.com\/en\/#logo\",\"inLanguage\":\"fr-FR\",\"url\":\"https:\/\/solidedge.siemens.com\/wp-content\/uploads\/2018\/04\/logo-siemens-ifl@2x.png\",\"contentUrl\":\"https:\/\/solidedge.siemens.com\/wp-content\/uploads\/2018\/04\/logo-siemens-ifl@2x.png\",\"width\":640,\"height\":270,\"caption\":\"Siemens Digital Industries Software\"},\"image\":{\"@id\":\"https:\/\/solidedge.siemens.com\/en\/#logo\"}},{\"@type\":\"WebSite\",\"@id\":\"https:\/\/solidedge.siemens.com\/en\/#website\",\"url\":\"https:\/\/solidedge.siemens.com\/en\/\",\"name\":\"Solid Edge\",\"description\":\"Siemens Digital Industries Software - Ingenuity for Life\",\"publisher\":{\"@id\":\"https:\/\/solidedge.siemens.com\/en\/#organization\"},\"potentialAction\":[{\"@type\":\"SearchAction\",\"target\":{\"@type\":\"EntryPoint\",\"urlTemplate\":\"https:\/\/solidedge.siemens.com\/en\/?s={search_term_string}\"},\"query-input\":\"required name=search_term_string\"}],\"inLanguage\":\"fr-FR\"},{\"@type\":\"WebPage\",\"@id\":\"https:\/\/solidedge.siemens.com\/fr\/solutions\/products\/cloud-based-collaboration\/teamcenter-share\/augmented-reality\/#webpage\",\"url\":\"https:\/\/solidedge.siemens.com\/fr\/solutions\/products\/cloud-based-collaboration\/teamcenter-share\/augmented-reality\/\",\"name\":\"R&eacute;alit&eacute; augment&eacute;e | Solid Edge\",\"isPartOf\":{\"@id\":\"https:\/\/solidedge.siemens.com\/en\/#website\"},\"datePublished\":\"2019-08-26T17:24:41+00:00\",\"dateModified\":\"2021-12-23T15:09:24+00:00\",\"description\":\"Solid Edge Augmented Reality permet aux utilisateurs de donner vie &agrave; leurs id&eacute;es gr&acirc;ce &agrave; des prototypes num&eacute;riques &agrave; &eacute;chelle dans des environnements du monde r&eacute;el.\",\"breadcrumb\":{\"@id\":\"https:\/\/solidedge.siemens.com\/fr\/solutions\/products\/cloud-based-collaboration\/teamcenter-share\/augmented-reality\/#breadcrumb\"},\"inLanguage\":\"fr-FR\",\"potentialAction\":[{\"@type\":\"ReadAction\",\"target\":[\"https:\/\/solidedge.siemens.com\/fr\/solutions\/products\/cloud-based-collaboration\/teamcenter-share\/augmented-reality\/\"]}]},{\"@type\":\"BreadcrumbList\",\"@id\":\"https:\/\/solidedge.siemens.com\/fr\/solutions\/products\/cloud-based-collaboration\/teamcenter-share\/augmented-reality\/#breadcrumb\",\"itemListElement\":[{\"@type\":\"ListItem\",\"position\":1,\"name\":\"Home\",\"item\":\"https:\/\/solidedge.siemens.com\/en\/home-6\/\"},{\"@type\":\"ListItem\",\"position\":2,\"name\":\"Solutions\",\"item\":\"https:\/\/solidedge.siemens.com\/fr\/solutions\/\"},{\"@type\":\"ListItem\",\"position\":3,\"name\":\"Produits\",\"item\":\"https:\/\/solidedge.siemens.com\/fr\/solutions\/products\/\"},{\"@type\":\"ListItem\",\"position\":4,\"name\":\"Collaboration sur le Cloud\",\"item\":\"https:\/\/solidedge.siemens.com\/fr\/solutions\/products\/cloud-based-collaboration\/\"},{\"@type\":\"ListItem\",\"position\":5,\"name\":\"Teamcenter Share\",\"item\":\"https:\/\/solidedge.siemens.com\/fr\/solutions\/products\/cloud-based-collaboration\/teamcenter-share\/\"},{\"@type\":\"ListItem\",\"position\":6,\"name\":\"R&eacute;alit&eacute; augment&eacute;e\"}]}]}<\/script>\n<!-- \/ Yoast SEO plugin. -->","yoast_head_json":{"title":"R&eacute;alit&eacute; augment&eacute;e | Solid Edge","description":"Solid Edge Augmented Reality permet aux utilisateurs de donner vie &agrave; leurs id&eacute;es gr&acirc;ce &agrave; des prototypes num&eacute;riques &agrave; &eacute;chelle dans des environnements du monde r&eacute;el.","robots":{"index":"index","follow":"follow","max-snippet":"max-snippet:-1","max-image-preview":"max-image-preview:large","max-video-preview":"max-video-preview:-1"},"canonical":"https:\/\/solidedge.siemens.com\/fr\/solutions\/products\/cloud-based-collaboration\/teamcenter-share\/augmented-reality\/","og_locale":"fr_FR","og_type":"article","og_title":"R&eacute;alit&eacute; augment&eacute;e | Solid Edge","og_description":"Solid Edge Augmented Reality permet aux utilisateurs de donner vie &agrave; leurs id&eacute;es gr&acirc;ce &agrave; des prototypes num&eacute;riques &agrave; &eacute;chelle dans des environnements du monde r&eacute;el.","og_url":"https:\/\/solidedge.siemens.com\/fr\/solutions\/products\/cloud-based-collaboration\/teamcenter-share\/augmented-reality\/","og_site_name":"Solid Edge","article_publisher":"https:\/\/www.facebook.com\/solidedge","article_modified_time":"2021-12-23T15:09:24+00:00","twitter_card":"summary_large_image","twitter_site":"@siemensplm","twitter_misc":{"Dur\u00e9e de lecture est.":"2 minutes"},"schema":{"@context":"https:\/\/schema.org","@graph":[{"@type":"Organization","@id":"https:\/\/solidedge.siemens.com\/en\/#organization","name":"Siemens Digital Industries Software","url":"https:\/\/solidedge.siemens.com\/en\/","sameAs":["https:\/\/www.facebook.com\/solidedge","https:\/\/www.instagram.com\/siemens\/","https:\/\/www.linkedin.com\/company\/siemens-plm-software","https:\/\/www.youtube.com\/user\/PolarionSoftware","https:\/\/twitter.com\/siemensplm"],"logo":{"@type":"ImageObject","@id":"https:\/\/solidedge.siemens.com\/en\/#logo","inLanguage":"fr-FR","url":"https:\/\/solidedge.siemens.com\/wp-content\/uploads\/2018\/04\/logo-siemens-ifl@2x.png","contentUrl":"https:\/\/solidedge.siemens.com\/wp-content\/uploads\/2018\/04\/logo-siemens-ifl@2x.png","width":640,"height":270,"caption":"Siemens Digital Industries Software"},"image":{"@id":"https:\/\/solidedge.siemens.com\/en\/#logo"}},{"@type":"WebSite","@id":"https:\/\/solidedge.siemens.com\/en\/#website","url":"https:\/\/solidedge.siemens.com\/en\/","name":"Solid Edge","description":"Siemens Digital Industries Software - Ingenuity for Life","publisher":{"@id":"https:\/\/solidedge.siemens.com\/en\/#organization"},"potentialAction":[{"@type":"SearchAction","target":{"@type":"EntryPoint","urlTemplate":"https:\/\/solidedge.siemens.com\/en\/?s={search_term_string}"},"query-input":"required name=search_term_string"}],"inLanguage":"fr-FR"},{"@type":"WebPage","@id":"https:\/\/solidedge.siemens.com\/fr\/solutions\/products\/cloud-based-collaboration\/teamcenter-share\/augmented-reality\/#webpage","url":"https:\/\/solidedge.siemens.com\/fr\/solutions\/products\/cloud-based-collaboration\/teamcenter-share\/augmented-reality\/","name":"R&eacute;alit&eacute; augment&eacute;e | Solid Edge","isPartOf":{"@id":"https:\/\/solidedge.siemens.com\/en\/#website"},"datePublished":"2019-08-26T17:24:41+00:00","dateModified":"2021-12-23T15:09:24+00:00","description":"Solid Edge Augmented Reality permet aux utilisateurs de donner vie &agrave; leurs id&eacute;es gr&acirc;ce &agrave; des prototypes num&eacute;riques &agrave; &eacute;chelle dans des environnements du monde r&eacute;el.","breadcrumb":{"@id":"https:\/\/solidedge.siemens.com\/fr\/solutions\/products\/cloud-based-collaboration\/teamcenter-share\/augmented-reality\/#breadcrumb"},"inLanguage":"fr-FR","potentialAction":[{"@type":"ReadAction","target":["https:\/\/solidedge.siemens.com\/fr\/solutions\/products\/cloud-based-collaboration\/teamcenter-share\/augmented-reality\/"]}]},{"@type":"BreadcrumbList","@id":"https:\/\/solidedge.siemens.com\/fr\/solutions\/products\/cloud-based-collaboration\/teamcenter-share\/augmented-reality\/#breadcrumb","itemListElement":[{"@type":"ListItem","position":1,"name":"Home","item":"https:\/\/solidedge.siemens.com\/en\/home-6\/"},{"@type":"ListItem","position":2,"name":"Solutions","item":"https:\/\/solidedge.siemens.com\/fr\/solutions\/"},{"@type":"ListItem","position":3,"name":"Produits","item":"https:\/\/solidedge.siemens.com\/fr\/solutions\/products\/"},{"@type":"ListItem","position":4,"name":"Collaboration sur le Cloud","item":"https:\/\/solidedge.siemens.com\/fr\/solutions\/products\/cloud-based-collaboration\/"},{"@type":"ListItem","position":5,"name":"Teamcenter Share","item":"https:\/\/solidedge.siemens.com\/fr\/solutions\/products\/cloud-based-collaboration\/teamcenter-share\/"},{"@type":"ListItem","position":6,"name":"R&eacute;alit&eacute; augment&eacute;e"}]}]}},"_links":{"self":[{"href":"https:\/\/solidedge.siemens.com\/fr\/wp-json\/wp\/v2\/pages\/20167"}],"collection":[{"href":"https:\/\/solidedge.siemens.com\/fr\/wp-json\/wp\/v2\/pages"}],"about":[{"href":"https:\/\/solidedge.siemens.com\/fr\/wp-json\/wp\/v2\/types\/page"}],"author":[{"embeddable":true,"href":"https:\/\/solidedge.siemens.com\/fr\/wp-json\/wp\/v2\/users\/5"}],"replies":[{"embeddable":true,"href":"https:\/\/solidedge.siemens.com\/fr\/wp-json\/wp\/v2\/comments?post=20167"}],"version-history":[{"count":15,"href":"https:\/\/solidedge.siemens.com\/fr\/wp-json\/wp\/v2\/pages\/20167\/revisions"}],"predecessor-version":[{"id":56117,"href":"https:\/\/solidedge.siemens.com\/fr\/wp-json\/wp\/v2\/pages\/20167\/revisions\/56117"}],"up":[{"embeddable":true,"href":"https:\/\/solidedge.siemens.com\/fr\/wp-json\/wp\/v2\/pages\/55514"}],"wp:attachment":[{"href":"https:\/\/solidedge.siemens.com\/fr\/wp-json\/wp\/v2\/media?parent=20167"}],"curies":[{"name":"wp","href":"https:\/\/api.w.org\/{rel}","templated":true}]}}