{"id":15236,"date":"2018-09-05T14:19:55","date_gmt":"2018-09-05T18:19:55","guid":{"rendered":"https:\/\/solidedge.siemens.com\/resources\/customer-stories\/"},"modified":"2021-05-10T10:24:23","modified_gmt":"2021-05-10T14:24:23","slug":"customer-stories-2","status":"publish","type":"page","link":"https:\/\/solidedge.siemens.com\/fr\/resources\/customer-stories-2\/","title":{"rendered":"T&eacute;moignages de nos clients"},"content":{"rendered":"<p>[vc_row el_class=\u00a0\u00bbvc-row-page-text-intro\u00a0\u00bb][vc_column][vc_column_text]<\/p>\n<h1>T&eacute;moignages de nos clients<\/h1>\n<p>[\/vc_column_text][vc_column_text]<!- Vue introuvable ->[\/vc_column_text][\/vc_column][\/vc_row][vc_row full_width=\u00a0\u00bbstretch_row\u00a0\u00bb el_class=\u00a0\u00bbfooter-contact\u00a0\u00bb css=\u00a0\u00bb.vc_custom_1550170708528{background-color: #dedee3 !important;}\u00a0\u00bb][vc_column]<div class=\"wpb_content_block wpb_content_element\"><div class=\"wpb_wrapper\"><\/div><\/div>[\/vc_column][\/vc_row]<\/p>\n","protected":false},"excerpt":{"rendered":"<p> T&eacute;moignages de nos clients [\/vc_column_text][\/vc_column_text][\/vc_column][\/vc_row][\/vc_column][\/vc_row]<\/p>\n","protected":false},"author":5,"featured_media":0,"parent":2634,"menu_order":3,"comment_status":"closed","ping_status":"open","template":"","meta":{"inline_featured_image":false},"yoast_head":"<!-- This site is optimized with the Yoast SEO plugin v18.4.1 - https:\/\/yoast.com\/wordpress\/plugins\/seo\/ -->\n<title>T&eacute;moignages de nos clients | Ressources | Solid Edge<\/title>\n<meta name=\"description\" content=\"D\u00e9couvrez ce que nos clients ont \u00e0 dire \u00e0 propos de Solid Edge et comment notre solution peut \u00e9galement vous aider \u00e0 cr\u00e9er votre propre histoire et soutenir vos futurs succ\u00e8s.\" \/>\n<meta name=\"robots\" content=\"index, follow, max-snippet:-1, max-image-preview:large, max-video-preview:-1\" \/>\n<link rel=\"canonical\" href=\"https:\/\/solidedge.siemens.com\/fr\/resources\/customer-stories-2\/\" \/>\n<meta property=\"og:locale\" content=\"fr_FR\" \/>\n<meta property=\"og:type\" content=\"article\" \/>\n<meta property=\"og:title\" content=\"T&eacute;moignages de nos clients | Ressources | Solid Edge\" \/>\n<meta property=\"og:description\" content=\"D\u00e9couvrez ce que nos clients ont \u00e0 dire \u00e0 propos de Solid Edge et comment notre solution peut \u00e9galement vous aider \u00e0 cr\u00e9er votre propre histoire et soutenir vos futurs succ\u00e8s.\" \/>\n<meta property=\"og:url\" content=\"https:\/\/solidedge.siemens.com\/fr\/resources\/customer-stories-2\/\" \/>\n<meta property=\"og:site_name\" content=\"Solid Edge\" \/>\n<meta property=\"article:publisher\" content=\"https:\/\/www.facebook.com\/solidedge\" \/>\n<meta property=\"article:modified_time\" content=\"2021-05-10T14:24:23+00:00\" \/>\n<meta name=\"twitter:card\" content=\"summary_large_image\" \/>\n<meta name=\"twitter:site\" content=\"@siemensplm\" \/>\n<script type=\"application\/ld+json\" class=\"yoast-schema-graph\">{\"@context\":\"https:\/\/schema.org\",\"@graph\":[{\"@type\":\"Organization\",\"@id\":\"https:\/\/solidedge.siemens.com\/en\/#organization\",\"name\":\"Siemens Digital Industries Software\",\"url\":\"https:\/\/solidedge.siemens.com\/en\/\",\"sameAs\":[\"https:\/\/www.facebook.com\/solidedge\",\"https:\/\/www.instagram.com\/siemens\/\",\"https:\/\/www.linkedin.com\/company\/siemens-plm-software\",\"https:\/\/www.youtube.com\/user\/PolarionSoftware\",\"https:\/\/twitter.com\/siemensplm\"],\"logo\":{\"@type\":\"ImageObject\",\"@id\":\"https:\/\/solidedge.siemens.com\/en\/#logo\",\"inLanguage\":\"fr-FR\",\"url\":\"https:\/\/solidedge.siemens.com\/wp-content\/uploads\/2018\/04\/logo-siemens-ifl@2x.png\",\"contentUrl\":\"https:\/\/solidedge.siemens.com\/wp-content\/uploads\/2018\/04\/logo-siemens-ifl@2x.png\",\"width\":640,\"height\":270,\"caption\":\"Siemens Digital Industries Software\"},\"image\":{\"@id\":\"https:\/\/solidedge.siemens.com\/en\/#logo\"}},{\"@type\":\"WebSite\",\"@id\":\"https:\/\/solidedge.siemens.com\/en\/#website\",\"url\":\"https:\/\/solidedge.siemens.com\/en\/\",\"name\":\"Solid Edge\",\"description\":\"Siemens Digital Industries Software - Ingenuity for Life\",\"publisher\":{\"@id\":\"https:\/\/solidedge.siemens.com\/en\/#organization\"},\"potentialAction\":[{\"@type\":\"SearchAction\",\"target\":{\"@type\":\"EntryPoint\",\"urlTemplate\":\"https:\/\/solidedge.siemens.com\/en\/?s={search_term_string}\"},\"query-input\":\"required name=search_term_string\"}],\"inLanguage\":\"fr-FR\"},{\"@type\":\"WebPage\",\"@id\":\"https:\/\/solidedge.siemens.com\/fr\/resources\/customer-stories-2\/#webpage\",\"url\":\"https:\/\/solidedge.siemens.com\/fr\/resources\/customer-stories-2\/\",\"name\":\"T&eacute;moignages de nos clients | Ressources | Solid Edge\",\"isPartOf\":{\"@id\":\"https:\/\/solidedge.siemens.com\/en\/#website\"},\"datePublished\":\"2018-09-05T18:19:55+00:00\",\"dateModified\":\"2021-05-10T14:24:23+00:00\",\"description\":\"D\u00e9couvrez ce que nos clients ont \u00e0 dire \u00e0 propos de Solid Edge et comment notre solution peut \u00e9galement vous aider \u00e0 cr\u00e9er votre propre histoire et soutenir vos futurs succ\u00e8s.\",\"breadcrumb\":{\"@id\":\"https:\/\/solidedge.siemens.com\/fr\/resources\/customer-stories-2\/#breadcrumb\"},\"inLanguage\":\"fr-FR\",\"potentialAction\":[{\"@type\":\"ReadAction\",\"target\":[\"https:\/\/solidedge.siemens.com\/fr\/resources\/customer-stories-2\/\"]}]},{\"@type\":\"BreadcrumbList\",\"@id\":\"https:\/\/solidedge.siemens.com\/fr\/resources\/customer-stories-2\/#breadcrumb\",\"itemListElement\":[{\"@type\":\"ListItem\",\"position\":1,\"name\":\"Home\",\"item\":\"https:\/\/solidedge.siemens.com\/en\/home-6\/\"},{\"@type\":\"ListItem\",\"position\":2,\"name\":\"Ressources\",\"item\":\"https:\/\/solidedge.siemens.com\/fr\/resources\/\"},{\"@type\":\"ListItem\",\"position\":3,\"name\":\"T&eacute;moignages de nos clients\"}]}]}<\/script>\n<!-- \/ Yoast SEO plugin. -->","yoast_head_json":{"title":"T&eacute;moignages de nos clients | Ressources | Solid Edge","description":"D\u00e9couvrez ce que nos clients ont \u00e0 dire \u00e0 propos de Solid Edge et comment notre solution peut \u00e9galement vous aider \u00e0 cr\u00e9er votre propre histoire et soutenir vos futurs succ\u00e8s.","robots":{"index":"index","follow":"follow","max-snippet":"max-snippet:-1","max-image-preview":"max-image-preview:large","max-video-preview":"max-video-preview:-1"},"canonical":"https:\/\/solidedge.siemens.com\/fr\/resources\/customer-stories-2\/","og_locale":"fr_FR","og_type":"article","og_title":"T&eacute;moignages de nos clients | Ressources | Solid Edge","og_description":"D\u00e9couvrez ce que nos clients ont \u00e0 dire \u00e0 propos de Solid Edge et comment notre solution peut \u00e9galement vous aider \u00e0 cr\u00e9er votre propre histoire et soutenir vos futurs succ\u00e8s.","og_url":"https:\/\/solidedge.siemens.com\/fr\/resources\/customer-stories-2\/","og_site_name":"Solid Edge","article_publisher":"https:\/\/www.facebook.com\/solidedge","article_modified_time":"2021-05-10T14:24:23+00:00","twitter_card":"summary_large_image","twitter_site":"@siemensplm","schema":{"@context":"https:\/\/schema.org","@graph":[{"@type":"Organization","@id":"https:\/\/solidedge.siemens.com\/en\/#organization","name":"Siemens Digital Industries Software","url":"https:\/\/solidedge.siemens.com\/en\/","sameAs":["https:\/\/www.facebook.com\/solidedge","https:\/\/www.instagram.com\/siemens\/","https:\/\/www.linkedin.com\/company\/siemens-plm-software","https:\/\/www.youtube.com\/user\/PolarionSoftware","https:\/\/twitter.com\/siemensplm"],"logo":{"@type":"ImageObject","@id":"https:\/\/solidedge.siemens.com\/en\/#logo","inLanguage":"fr-FR","url":"https:\/\/solidedge.siemens.com\/wp-content\/uploads\/2018\/04\/logo-siemens-ifl@2x.png","contentUrl":"https:\/\/solidedge.siemens.com\/wp-content\/uploads\/2018\/04\/logo-siemens-ifl@2x.png","width":640,"height":270,"caption":"Siemens Digital Industries Software"},"image":{"@id":"https:\/\/solidedge.siemens.com\/en\/#logo"}},{"@type":"WebSite","@id":"https:\/\/solidedge.siemens.com\/en\/#website","url":"https:\/\/solidedge.siemens.com\/en\/","name":"Solid Edge","description":"Siemens Digital Industries Software - Ingenuity for Life","publisher":{"@id":"https:\/\/solidedge.siemens.com\/en\/#organization"},"potentialAction":[{"@type":"SearchAction","target":{"@type":"EntryPoint","urlTemplate":"https:\/\/solidedge.siemens.com\/en\/?s={search_term_string}"},"query-input":"required name=search_term_string"}],"inLanguage":"fr-FR"},{"@type":"WebPage","@id":"https:\/\/solidedge.siemens.com\/fr\/resources\/customer-stories-2\/#webpage","url":"https:\/\/solidedge.siemens.com\/fr\/resources\/customer-stories-2\/","name":"T&eacute;moignages de nos clients | Ressources | Solid Edge","isPartOf":{"@id":"https:\/\/solidedge.siemens.com\/en\/#website"},"datePublished":"2018-09-05T18:19:55+00:00","dateModified":"2021-05-10T14:24:23+00:00","description":"D\u00e9couvrez ce que nos clients ont \u00e0 dire \u00e0 propos de Solid Edge et comment notre solution peut \u00e9galement vous aider \u00e0 cr\u00e9er votre propre histoire et soutenir vos futurs succ\u00e8s.","breadcrumb":{"@id":"https:\/\/solidedge.siemens.com\/fr\/resources\/customer-stories-2\/#breadcrumb"},"inLanguage":"fr-FR","potentialAction":[{"@type":"ReadAction","target":["https:\/\/solidedge.siemens.com\/fr\/resources\/customer-stories-2\/"]}]},{"@type":"BreadcrumbList","@id":"https:\/\/solidedge.siemens.com\/fr\/resources\/customer-stories-2\/#breadcrumb","itemListElement":[{"@type":"ListItem","position":1,"name":"Home","item":"https:\/\/solidedge.siemens.com\/en\/home-6\/"},{"@type":"ListItem","position":2,"name":"Ressources","item":"https:\/\/solidedge.siemens.com\/fr\/resources\/"},{"@type":"ListItem","position":3,"name":"T&eacute;moignages de nos clients"}]}]}},"_links":{"self":[{"href":"https:\/\/solidedge.siemens.com\/fr\/wp-json\/wp\/v2\/pages\/15236"}],"collection":[{"href":"https:\/\/solidedge.siemens.com\/fr\/wp-json\/wp\/v2\/pages"}],"about":[{"href":"https:\/\/solidedge.siemens.com\/fr\/wp-json\/wp\/v2\/types\/page"}],"author":[{"embeddable":true,"href":"https:\/\/solidedge.siemens.com\/fr\/wp-json\/wp\/v2\/users\/5"}],"replies":[{"embeddable":true,"href":"https:\/\/solidedge.siemens.com\/fr\/wp-json\/wp\/v2\/comments?post=15236"}],"version-history":[{"count":4,"href":"https:\/\/solidedge.siemens.com\/fr\/wp-json\/wp\/v2\/pages\/15236\/revisions"}],"predecessor-version":[{"id":39717,"href":"https:\/\/solidedge.siemens.com\/fr\/wp-json\/wp\/v2\/pages\/15236\/revisions\/39717"}],"up":[{"embeddable":true,"href":"https:\/\/solidedge.siemens.com\/fr\/wp-json\/wp\/v2\/pages\/2634"}],"wp:attachment":[{"href":"https:\/\/solidedge.siemens.com\/fr\/wp-json\/wp\/v2\/media?parent=15236"}],"curies":[{"name":"wp","href":"https:\/\/api.w.org\/{rel}","templated":true}]}}