{"id":1468,"date":"2019-04-01T11:58:36","date_gmt":"2019-04-01T15:58:36","guid":{"rendered":"https:\/\/solidedge.siemens.com\/electrical-routing\/"},"modified":"2021-12-23T09:51:36","modified_gmt":"2021-12-23T14:51:36","slug":"electrical-routing","status":"publish","type":"page","link":"https:\/\/solidedge.siemens.com\/fr\/solutions\/products\/electrical-design\/electrical-routing\/","title":{"rendered":"Routage &eacute;lectrique"},"content":{"rendered":"<p>[vc_row full_width=\u00a0\u00bbstretch_row\u00a0\u00bb full_height=\u00a0\u00bbyes\u00a0\u00bb content_placement=\u00a0\u00bbmiddle\u00a0\u00bb css=\u00a0\u00bb.vc_custom_1635414517130{background: #a6a6a6 url(https:\/\/solidedge.siemens.com\/wp-content\/uploads\/2021\/10\/se-scrn-new-sehero-1920&#215;873-1.jpg?id=53186) !important;background-position: center !important;background-repeat: no-repeat !important;background-size: cover !important;}\u00a0\u00bb el_class=\u00a0\u00bbvc-row-hero-banner\u00a0\u00bb][vc_column][vc_column_text el_class=\u00a0\u00bb.vc-el-callout\u00a0\u00bb]<\/p>\n<h1>Int\u00e9gration num\u00e9rique de la conception de faisceaux \u00e9lectriques<\/h1>\n<p>Solid Edge Electrical Routing est un environnement ax\u00e9 sur les processus pour la r\u00e9alisation rapide de routage et l\u2019organisation de fils, c\u00e2bles et torons dans un assemblage m\u00e9canique. Ce produit permet de transf\u00e9rer plus facilement les donn\u00e9es de topologie des faisceaux de c\u00e2blage entre les environnements MCAD et ECAD, ce qui a pour effet de r\u00e9duire le temps de conception et de pr\u00e9paration de la fabrication.<\/p>\n<p><a class=\"action-button\" href=\"\/en\/try-now\/\"><i class=\"icon-ext\"><\/i>Solid Edge Free Trial<\/a>[\/vc_column_text][\/vc_column][\/vc_row][vc_row full_width=\u00a0\u00bbstretch_row\u00a0\u00bb css=\u00a0\u00bb.vc_custom_1527269507099{background-color: #ebf0f5 !important;}\u00a0\u00bb][vc_column][vc_column_text el_class=\u00a0\u00bbvc-el-lead-in\u00a0\u00bb]Capacit\u00e9s<\/p>\n<h2>Int\u00e9gration num\u00e9rique de la conception de faisceaux \u00e9lectriques<\/h2>\n<p>[\/vc_column_text][vc_row_inner equal_height=\u00a0\u00bbyes\u00a0\u00bb][vc_column_inner width=\u00a0\u00bb1\/3&Prime;][vc_column_text]<\/p>\n<h3>Flux de travail structur\u00e9<\/h3>\n<p>D\u00e9finir rapidement un chemin en 3D entre les pi\u00e8ces et sp\u00e9cifier les propri\u00e9t\u00e9s des fils, des c\u00e2bles et des faisceaux de c\u00e2blage. Router le c\u00e2blage le long de corps g\u00e9om\u00e9triques continus et irr\u00e9guliers. Utiliser des Assistants intuitifs pour affecter des composants et des connecteurs \u00e0 des pi\u00e8ces Solid Edge pr\u00e9configur\u00e9es. Lorsque la conception termin\u00e9e, exporter des fichiers \u00ab\u00a0netlist\u00a0\u00bb pr\u00eats \u00e0 l\u2019emploi vers les sch\u00e9mas afin que les fils puissent \u00eatre annot\u00e9s avec leur longueur et utilis\u00e9s pour l\u2019analyse \u00e9lectrique.<\/p>\n<p>[\/vc_column_text][\/vc_column_inner][vc_column_inner width=\u00a0\u00bb1\/3&Prime;][vc_column_text]<\/p>\n<h3>Retour d\u2019informations imm\u00e9diat sur les erreurs de conception<\/h3>\n<p>Des contr\u00f4leurs d\u2019erreurs de conception int\u00e9gr\u00e9s proposent un retour d\u2019informations. L&rsquo;utilisateur re\u00e7oit un avertissement en cas d\u2019erreur de conception, un symbole graphique s&rsquo;affiche \u00e0 c\u00f4t\u00e9 du fil concern\u00e9 par cette erreur. De plus; une infobulle fournit des conseils pour corriger les probl\u00e8mes.[\/vc_column_text][\/vc_column_inner][vc_column_inner width=\u00a0\u00bb1\/3&Prime;][vc_column_text]<\/p>\n<h3>Maquettes num\u00e9riques compl\u00e8tes<\/h3>\n<p>Passez directement de la conception \u00e0 la fabrication gr\u00e2ce \u00e0 la repr\u00e9sentation r\u00e9aliste des fils\u00a0: en examinant la maquette num\u00e9rique compl\u00e8te de votre conception, vous n\u2019avez plus besoin de recourir \u00e0 des prototypes physiques.[\/vc_column_text][\/vc_column_inner][vc_column_inner width=\u00a0\u00bb1\/3&Prime;][vc_column_text]<\/p>\n<h3>Connexion entre les environnements Siemens<\/h3>\n<p>Les environnements MCAD ET ECAD sont connect\u00e9s, ce qui assure la mise \u00e0 jour dynamique des deux aspects de la conception des faisceaux de c\u00e2blage. D\u00e8s qu\u2019une modification est ex\u00e9cut\u00e9e dans un domaine, elle est r\u00e9percut\u00e9e dans l\u2019autre avec v\u00e9rification crois\u00e9e. Le mode connect\u00e9 n&rsquo;est utilisable qu&rsquo;avec les logiciels Siemens suivants\u00a0: Solid Edge Wiring and Harness Design, Capital Logic et Harness XC.[\/vc_column_text][\/vc_column_inner][vc_column_inner width=\u00a0\u00bb1\/3&Prime;][vc_column_text]<\/p>\n<h3>Travailler en collaboration avec d\u2019autres outils<\/h3>\n<p>Vous pouvez collaborer avec des outils ECAD tiers \u00e0 condition d\u2019utiliser les formats standard d\u2019\u00e9change de fichiers pour les donn\u00e9es des composants et les donn\u00e9es de connexion. Il est possible de transf\u00e9rer des donn\u00e9es hors ligne, afin que les entreprises qui ne sont pas dot\u00e9es d\u2019un syst\u00e8me ECAD puissent utiliser cet outil.[\/vc_column_text][\/vc_column_inner][\/vc_row_inner][vc_column_text]<a href=\"https:\/\/media.plm.automation.siemens.com\/solidedge\/data-brief\/Siemens-SW-Solid-Edge-Electrical-Routing-FS-71209-C12.pdf\"><i class=\"icon-ext\"><\/i>T\u00e9l\u00e9charger la fiche technique Solid Edge Electrical Routing <\/a>[\/vc_column_text][\/vc_column][\/vc_row][vc_row full_width=\u00a0\u00bbstretch_row\u00a0\u00bb el_class=\u00a0\u00bbvc-row-video-highlight\u00a0\u00bb][vc_column][vc_column_text el_class=\u00a0\u00bbvc-el-lead-in\u00a0\u00bb]Vid\u00e9o<!-- wpml:html_fragment --><\/p>\n<h2>Voir les capacit\u00e9s de routage \u00e9lectrique en action<\/h2>\n<p>Solid Edge Electrical Routing est un environnement d\u00e9di\u00e9 et pilot&amp;eacute; par les processus pour les op\u00e9rations de cr\u00e9ation, de routage et d\u2019organisation des fils, des c\u00e2bles et des faisceaux de c\u00e2blage des assemblages Solid Edge.<\/p>\n<p class=\"see-more\" style=\"text-align: right;\"><a href=\"https:\/\/solidedge.siemens.com\/fr\/resources\/videos\/\">Voir d\u2019autres vid\u00e9os<\/a><\/p>\n<p>&nbsp;<\/p>\n<p>[\/vc_column_text]\n\n\n  <div id=\"wpv-view-layout-567-CATTR55fa89cc16b262b856d8376c74ba50df\" class=\"js-wpv-view-layout js-wpv-layout-responsive js-wpv-view-layout-567-CATTR55fa89cc16b262b856d8376c74ba50df\" data-viewnumber=\"567-CATTR55fa89cc16b262b856d8376c74ba50df\" data-pagination=\"{&quot;id&quot;:567,&quot;query&quot;:&quot;normal&quot;,&quot;type&quot;:&quot;disabled&quot;,&quot;effect&quot;:&quot;fade&quot;,&quot;duration&quot;:500,&quot;speed&quot;:5,&quot;pause_on_hover&quot;:&quot;disabled&quot;,&quot;stop_rollover&quot;:&quot;false&quot;,&quot;cache_pages&quot;:&quot;enabled&quot;,&quot;preload_images&quot;:&quot;enabled&quot;,&quot;preload_pages&quot;:&quot;enabled&quot;,&quot;preload_reach&quot;:1,&quot;spinner&quot;:&quot;builtin&quot;,&quot;spinner_image&quot;:&quot;https:\/\/solidedge.siemens.com\/wp-content\/plugins\/wp-views\/embedded\/res\/img\/ajax-loader.gif&quot;,&quot;callback_next&quot;:&quot;&quot;,&quot;manage_history&quot;:&quot;disabled&quot;,&quot;has_controls_in_form&quot;:&quot;disabled&quot;,&quot;infinite_tolerance&quot;:&quot;0&quot;,&quot;max_pages&quot;:0,&quot;page&quot;:1,&quot;base_permalink&quot;:&quot;\/fr\/wp-json\/wp\/v2\/pages\/1468?wpv_view_count=567-CATTR55fa89cc16b262b856d8376c74ba50df&amp;wpv_paged=WPV_PAGE_NUM&quot;,&quot;loop&quot;:{&quot;type&quot;:&quot;&quot;,&quot;name&quot;:&quot;&quot;,&quot;data&quot;:[],&quot;id&quot;:0}}\" data-permalink=\"\/fr\/wp-json\/wp\/v2\/pages\/1468?wpv_view_count=567-CATTR55fa89cc16b262b856d8376c74ba50df\">\n\n  \n  <div class=\"wpv-resources\"><a name=\"video\" class=\"video-anchor\"><\/a>\n    <div id=\"ult-carousel-132418233769d9974a7f133\" class=\"ult-carousel-wrapper  vc-el-carousel-videos-embedded ult_horizontal\" data-gutter=\"0\" data-rtl=\"false\" ><div class=\"ult-carousel-130595728369d9974a7f110 \" >\n    \n    \n       <div><!-- slide container -->\n        <div class=\"wpv-resources-item\" data-mh=\".wpv-resources-item\">\n          <div class=\"resources-item-poster\">\n              <div id=\"wpfp_97ee3ed8beec8e6763f0300d39d8af22\" data-item=\"{&quot;sources&quot;:&#091;{&quot;src&quot;:&quot;https:\\\/\\\/media.plm.automation.siemens.com\\\/solidedge\\\/videos\\\/2020-Wire-And-Harness-Design-In-Solid-Edge.mp4&quot;,&quot;type&quot;:&quot;video\\\/mp4&quot;}&#093;}\" class=\"flowplayer no-brand is-splash no-svg is-paused skin-slim fp-slim fp-edgy\" data-embed=\"false\" style=\"max-width: 1140px; max-height: 640px; background-image: url(https:\/\/solidedge.siemens.com\/wp-content\/uploads\/2019\/06\/2020-wire-harness-design-featured.jpg);\" data-ratio=\"0.5614\" data-advance=\"false\">\n\t<div class=\"fp-ratio\" style=\"padding-top: 56.14%\"><\/div>\n\t<div class=\"fp-ui\"><div class=\"fp-play fp-visible\"><a class=\"fp-icon fp-playbtn\"><\/a><\/div><\/div>\n\n<\/div>\n\n              \n          <\/div>\n        <\/div>\n      <\/div>\n    \n    \n    <\/div><\/div>\t\t\t<script type=\"text\/javascript\">\r\n\t\t\t\tjQuery(document).ready(function ($) {\r\n\t\t\t\t\tif( typeof jQuery('.ult-carousel-130595728369d9974a7f110').slick == \"function\"){\r\n\t\t\t\t\t\t$('.ult-carousel-130595728369d9974a7f110').slick({dots: true,autoplaySpeed: 5000,speed: 500,infinite: false,arrows: true,nextArrow: '<button type=\"button\" role=\"button\" aria-label=\"Next\" style=\"color:#ffffff; font-size:30px;background:rgba(47,56,60,0.5);\" class=\"slick-next square-bg\"><i class=\"ultsl-arrow-right6\"><\/i><\/button>',prevArrow: '<button type=\"button\" role=\"button\" aria-label=\"Previous\" style=\"color:#ffffff; font-size:30px;background:rgba(47,56,60,0.5);\" class=\"slick-prev square-bg\"><i class=\"ultsl-arrow-left6\"><\/i><\/button>',slidesToScroll:1,slidesToShow:1,swipe: true,draggable: true,touchMove: true,pauseOnHover: true,pauseOnFocus: false,responsive: [\r\n\t\t\t\t\t\t\t{\r\n\t\t\t\t\t\t\t  breakpoint: 1026,\r\n\t\t\t\t\t\t\t  settings: {\r\n\t\t\t\t\t\t\t\tslidesToShow: 1,\r\n\t\t\t\t\t\t\t\tslidesToScroll: 1,  \r\n\t\t\t\t\t\t\t  }\r\n\t\t\t\t\t\t\t},\r\n\t\t\t\t\t\t\t{\r\n\t\t\t\t\t\t\t  breakpoint: 1025,\r\n\t\t\t\t\t\t\t  settings: {\r\n\t\t\t\t\t\t\t\tslidesToShow: 1,\r\n\t\t\t\t\t\t\t\tslidesToScroll: 1\r\n\t\t\t\t\t\t\t  }\r\n\t\t\t\t\t\t\t},\r\n\t\t\t\t\t\t\t{\r\n\t\t\t\t\t\t\t  breakpoint: 760,\r\n\t\t\t\t\t\t\t  settings: {\r\n\t\t\t\t\t\t\t\tslidesToShow: 1,\r\n\t\t\t\t\t\t\t\tslidesToScroll: 1\r\n\t\t\t\t\t\t\t  }\r\n\t\t\t\t\t\t\t}\r\n\t\t\t\t\t\t],pauseOnDotsHover: true,customPaging: function(slider, i) {\r\n                   return '<i type=\"button\" style= \"color:#788891;\" class=\"ultsl-record\" data-role=\"none\"><\/i>';\r\n                },});\r\n\t\t\t\t\t}\r\n\t\t\t\t});\r\n\t\t\t<\/script>\r\n\t\t\t\n  <\/div>\n  \n  \n  <\/div>\n[vc_column_text el_class=\u00a0\u00bbvideo-caption\u00a0\u00bb]Cette vid\u00e9o montre comment les capacit\u00e9s de routage \u00e9lectrique permettent aux \u00e9quipes de conception de collaborer pour cr\u00e9er des maquettes num\u00e9riques compl\u00e8tes et pr\u00e9cises et contenant \u00e0 la fois des composants m\u00e9caniques et \u00e9lectriques.[\/vc_column_text][\/vc_column][\/vc_row][vc_row full_width=\u00a0\u00bbstretch_row\u00a0\u00bb el_class=\u00a0\u00bbvc-row-related-content\u00a0\u00bb css=\u00a0\u00bb.vc_custom_1524184785822{background-color: #347eb5 !important;}\u00a0\u00bb][vc_column][vc_column_text]<\/p>\n<h2>Contenu li\u00e9<\/h2>\n<p>[\/vc_column_text]<div id=\"ult-carousel-114010274669d9974a7f71a\" class=\"ult-carousel-wrapper  vc-el-carousel-related-content ult_horizontal\" data-gutter=\"0\" data-rtl=\"false\" ><div class=\"ult-carousel-112378831069d9974a7f6fa \" >[vc_column_text]<a href=\"https:\/\/solidedge.siemens.com\/wp-content\/uploads\/2021\/09\/Siemens-PLM-Solid-Edge-Electrical-Routing-fs-71209-D15.pdf\">Solid Edge Electrical Routing Fact Sheet<\/a>[\/vc_column_text][vc_column_text]<a href=\"https:\/\/solidedge.siemens.com\/en\/resource\/ebook\/resolving-electrical-system-changes\/\" target=\"_blank\" rel=\"noopener noreferrer\">Resolving Electrical System Changes eBook<\/a>[\/vc_column_text][vc_column_text]<a href=\"https:\/\/solidedge.siemens.com\/fr\/solutions\/products\/complete-product-development-portfolio\/whats-new-in-solid-edge-2022\/\">Nouveaut\u00e9s de Solid Edge<\/a>[\/vc_column_text][vc_column_text]<a href=\"http:\/\/community.plm.automation.siemens.com\/t5\/Solid-Edge-User-Community\/ct-p\/solid-edge\">Communaut\u00e9 Solid Edge<\/a>[\/vc_column_text]<\/div><\/div>\t\t\t<script type=\"text\/javascript\">\r\n\t\t\t\tjQuery(document).ready(function ($) {\r\n\t\t\t\t\tif( typeof jQuery('.ult-carousel-112378831069d9974a7f6fa').slick == \"function\"){\r\n\t\t\t\t\t\t$('.ult-carousel-112378831069d9974a7f6fa').slick({dots: true,autoplaySpeed: 5000,speed: 500,infinite: false,arrows: true,nextArrow: '<button type=\"button\" role=\"button\" aria-label=\"Next\" style=\"color:#ffffff; font-size:30px;background:rgba(255,255,255,0.2);\" class=\"slick-next square-bg\"><i class=\"ultsl-arrow-right6\"><\/i><\/button>',prevArrow: '<button type=\"button\" role=\"button\" aria-label=\"Previous\" style=\"color:#ffffff; font-size:30px;background:rgba(255,255,255,0.2);\" class=\"slick-prev square-bg\"><i class=\"ultsl-arrow-left6\"><\/i><\/button>',slidesToScroll:4,slidesToShow:4,swipe: true,draggable: true,touchMove: true,pauseOnHover: true,pauseOnFocus: false,responsive: [\r\n\t\t\t\t\t\t\t{\r\n\t\t\t\t\t\t\t  breakpoint: 1026,\r\n\t\t\t\t\t\t\t  settings: {\r\n\t\t\t\t\t\t\t\tslidesToShow: 4,\r\n\t\t\t\t\t\t\t\tslidesToScroll: 4,  \r\n\t\t\t\t\t\t\t  }\r\n\t\t\t\t\t\t\t},\r\n\t\t\t\t\t\t\t{\r\n\t\t\t\t\t\t\t  breakpoint: 1025,\r\n\t\t\t\t\t\t\t  settings: {\r\n\t\t\t\t\t\t\t\tslidesToShow: 2,\r\n\t\t\t\t\t\t\t\tslidesToScroll: 2\r\n\t\t\t\t\t\t\t  }\r\n\t\t\t\t\t\t\t},\r\n\t\t\t\t\t\t\t{\r\n\t\t\t\t\t\t\t  breakpoint: 760,\r\n\t\t\t\t\t\t\t  settings: {\r\n\t\t\t\t\t\t\t\tslidesToShow: 1,\r\n\t\t\t\t\t\t\t\tslidesToScroll: 1\r\n\t\t\t\t\t\t\t  }\r\n\t\t\t\t\t\t\t}\r\n\t\t\t\t\t\t],pauseOnDotsHover: true,customPaging: function(slider, i) {\r\n                   return '<i type=\"button\" style= \"color:#ffffff;\" class=\"ultsl-record\" data-role=\"none\"><\/i>';\r\n                },});\r\n\t\t\t\t\t}\r\n\t\t\t\t});\r\n\t\t\t<\/script>\r\n\t\t\t[\/vc_column][\/vc_row][vc_row full_width=\u00a0\u00bbstretch_row\u00a0\u00bb el_class=\u00a0\u00bbfooter-contact\u00a0\u00bb css=\u00a0\u00bb.vc_custom_1550170708528{background-color: #dedee3 !important;}\u00a0\u00bb][vc_column]<div class=\"wpb_content_block wpb_content_element\"><div class=\"wpb_wrapper\"><\/div><\/div>[\/vc_column][\/vc_row]<\/p>\n","protected":false},"excerpt":{"rendered":"<p> Int\u00e9gration num\u00e9rique de la conception de faisceaux \u00e9lectriques Solid Edge Electrical Routing est un environnement ax\u00e9 sur les processus pour la r\u00e9alisation rapide de routage et l\u2019organisation de fils, c\u00e2bles et torons dans un assemblage m\u00e9canique. Ce produit permet [&hellip;]<\/p>\n","protected":false},"author":20,"featured_media":0,"parent":1554,"menu_order":0,"comment_status":"closed","ping_status":"closed","template":"","meta":{"inline_featured_image":false},"yoast_head":"<!-- This site is optimized with the Yoast SEO plugin v18.4.1 - https:\/\/yoast.com\/wordpress\/plugins\/seo\/ -->\n<title>Routage \u00e9lectrique | Conception \u00e9lectrique | Solid Edge<\/title>\n<meta name=\"description\" content=\"Solid Edge Electrical Routing est un environnement d\u00e9di\u00e9 et pilot\u00e9 par les processus pour des op\u00e9rations efficaces de cr\u00e9ation, de routage et d\u2019organisation des fils, des c\u00e2bles et des faisceaux de c\u00e2blage des assemblages Solid Edge.\" \/>\n<meta name=\"robots\" content=\"index, follow, max-snippet:-1, max-image-preview:large, max-video-preview:-1\" \/>\n<link rel=\"canonical\" href=\"https:\/\/solidedge.siemens.com\/fr\/solutions\/products\/electrical-design\/electrical-routing\/\" \/>\n<meta property=\"og:locale\" content=\"fr_FR\" \/>\n<meta property=\"og:type\" content=\"article\" \/>\n<meta property=\"og:title\" content=\"Routage \u00e9lectrique | Conception \u00e9lectrique | Solid Edge\" \/>\n<meta property=\"og:description\" content=\"Solid Edge Electrical Routing est un environnement d\u00e9di\u00e9 et pilot\u00e9 par les processus pour des op\u00e9rations efficaces de cr\u00e9ation, de routage et d\u2019organisation des fils, des c\u00e2bles et des faisceaux de c\u00e2blage des assemblages Solid Edge.\" \/>\n<meta property=\"og:url\" content=\"https:\/\/solidedge.siemens.com\/fr\/solutions\/products\/electrical-design\/electrical-routing\/\" \/>\n<meta property=\"og:site_name\" content=\"Solid Edge\" \/>\n<meta property=\"article:publisher\" content=\"https:\/\/www.facebook.com\/solidedge\" \/>\n<meta property=\"article:modified_time\" content=\"2021-12-23T14:51:36+00:00\" \/>\n<meta name=\"twitter:card\" content=\"summary_large_image\" \/>\n<meta name=\"twitter:site\" content=\"@siemensplm\" \/>\n<meta name=\"twitter:label1\" content=\"Dur\u00e9e de lecture est.\" \/>\n\t<meta name=\"twitter:data1\" content=\"5 minutes\" \/>\n<script type=\"application\/ld+json\" class=\"yoast-schema-graph\">{\"@context\":\"https:\/\/schema.org\",\"@graph\":[{\"@type\":\"Organization\",\"@id\":\"https:\/\/solidedge.siemens.com\/en\/#organization\",\"name\":\"Siemens Digital Industries Software\",\"url\":\"https:\/\/solidedge.siemens.com\/en\/\",\"sameAs\":[\"https:\/\/www.facebook.com\/solidedge\",\"https:\/\/www.instagram.com\/siemens\/\",\"https:\/\/www.linkedin.com\/company\/siemens-plm-software\",\"https:\/\/www.youtube.com\/user\/PolarionSoftware\",\"https:\/\/twitter.com\/siemensplm\"],\"logo\":{\"@type\":\"ImageObject\",\"@id\":\"https:\/\/solidedge.siemens.com\/en\/#logo\",\"inLanguage\":\"fr-FR\",\"url\":\"https:\/\/solidedge.siemens.com\/wp-content\/uploads\/2018\/04\/logo-siemens-ifl@2x.png\",\"contentUrl\":\"https:\/\/solidedge.siemens.com\/wp-content\/uploads\/2018\/04\/logo-siemens-ifl@2x.png\",\"width\":640,\"height\":270,\"caption\":\"Siemens Digital Industries Software\"},\"image\":{\"@id\":\"https:\/\/solidedge.siemens.com\/en\/#logo\"}},{\"@type\":\"WebSite\",\"@id\":\"https:\/\/solidedge.siemens.com\/en\/#website\",\"url\":\"https:\/\/solidedge.siemens.com\/en\/\",\"name\":\"Solid Edge\",\"description\":\"Siemens Digital Industries Software - Ingenuity for Life\",\"publisher\":{\"@id\":\"https:\/\/solidedge.siemens.com\/en\/#organization\"},\"potentialAction\":[{\"@type\":\"SearchAction\",\"target\":{\"@type\":\"EntryPoint\",\"urlTemplate\":\"https:\/\/solidedge.siemens.com\/en\/?s={search_term_string}\"},\"query-input\":\"required name=search_term_string\"}],\"inLanguage\":\"fr-FR\"},{\"@type\":\"WebPage\",\"@id\":\"https:\/\/solidedge.siemens.com\/fr\/solutions\/products\/electrical-design\/electrical-routing\/#webpage\",\"url\":\"https:\/\/solidedge.siemens.com\/fr\/solutions\/products\/electrical-design\/electrical-routing\/\",\"name\":\"Routage \u00e9lectrique | Conception \u00e9lectrique | Solid Edge\",\"isPartOf\":{\"@id\":\"https:\/\/solidedge.siemens.com\/en\/#website\"},\"datePublished\":\"2019-04-01T15:58:36+00:00\",\"dateModified\":\"2021-12-23T14:51:36+00:00\",\"description\":\"Solid Edge Electrical Routing est un environnement d\u00e9di\u00e9 et pilot\u00e9 par les processus pour des op\u00e9rations efficaces de cr\u00e9ation, de routage et d\u2019organisation des fils, des c\u00e2bles et des faisceaux de c\u00e2blage des assemblages Solid Edge.\",\"breadcrumb\":{\"@id\":\"https:\/\/solidedge.siemens.com\/fr\/solutions\/products\/electrical-design\/electrical-routing\/#breadcrumb\"},\"inLanguage\":\"fr-FR\",\"potentialAction\":[{\"@type\":\"ReadAction\",\"target\":[\"https:\/\/solidedge.siemens.com\/fr\/solutions\/products\/electrical-design\/electrical-routing\/\"]}]},{\"@type\":\"BreadcrumbList\",\"@id\":\"https:\/\/solidedge.siemens.com\/fr\/solutions\/products\/electrical-design\/electrical-routing\/#breadcrumb\",\"itemListElement\":[{\"@type\":\"ListItem\",\"position\":1,\"name\":\"Home\",\"item\":\"https:\/\/solidedge.siemens.com\/en\/home-6\/\"},{\"@type\":\"ListItem\",\"position\":2,\"name\":\"Solutions\",\"item\":\"https:\/\/solidedge.siemens.com\/fr\/solutions\/\"},{\"@type\":\"ListItem\",\"position\":3,\"name\":\"Produits\",\"item\":\"https:\/\/solidedge.siemens.com\/fr\/solutions\/products\/\"},{\"@type\":\"ListItem\",\"position\":4,\"name\":\"Conception &eacute;lectrique\",\"item\":\"https:\/\/solidedge.siemens.com\/fr\/solutions\/products\/electrical-design\/\"},{\"@type\":\"ListItem\",\"position\":5,\"name\":\"Routage &eacute;lectrique\"}]}]}<\/script>\n<!-- \/ Yoast SEO plugin. -->","yoast_head_json":{"title":"Routage \u00e9lectrique | Conception \u00e9lectrique | Solid Edge","description":"Solid Edge Electrical Routing est un environnement d\u00e9di\u00e9 et pilot\u00e9 par les processus pour des op\u00e9rations efficaces de cr\u00e9ation, de routage et d\u2019organisation des fils, des c\u00e2bles et des faisceaux de c\u00e2blage des assemblages Solid Edge.","robots":{"index":"index","follow":"follow","max-snippet":"max-snippet:-1","max-image-preview":"max-image-preview:large","max-video-preview":"max-video-preview:-1"},"canonical":"https:\/\/solidedge.siemens.com\/fr\/solutions\/products\/electrical-design\/electrical-routing\/","og_locale":"fr_FR","og_type":"article","og_title":"Routage \u00e9lectrique | Conception \u00e9lectrique | Solid Edge","og_description":"Solid Edge Electrical Routing est un environnement d\u00e9di\u00e9 et pilot\u00e9 par les processus pour des op\u00e9rations efficaces de cr\u00e9ation, de routage et d\u2019organisation des fils, des c\u00e2bles et des faisceaux de c\u00e2blage des assemblages Solid Edge.","og_url":"https:\/\/solidedge.siemens.com\/fr\/solutions\/products\/electrical-design\/electrical-routing\/","og_site_name":"Solid Edge","article_publisher":"https:\/\/www.facebook.com\/solidedge","article_modified_time":"2021-12-23T14:51:36+00:00","twitter_card":"summary_large_image","twitter_site":"@siemensplm","twitter_misc":{"Dur\u00e9e de lecture est.":"5 minutes"},"schema":{"@context":"https:\/\/schema.org","@graph":[{"@type":"Organization","@id":"https:\/\/solidedge.siemens.com\/en\/#organization","name":"Siemens Digital Industries Software","url":"https:\/\/solidedge.siemens.com\/en\/","sameAs":["https:\/\/www.facebook.com\/solidedge","https:\/\/www.instagram.com\/siemens\/","https:\/\/www.linkedin.com\/company\/siemens-plm-software","https:\/\/www.youtube.com\/user\/PolarionSoftware","https:\/\/twitter.com\/siemensplm"],"logo":{"@type":"ImageObject","@id":"https:\/\/solidedge.siemens.com\/en\/#logo","inLanguage":"fr-FR","url":"https:\/\/solidedge.siemens.com\/wp-content\/uploads\/2018\/04\/logo-siemens-ifl@2x.png","contentUrl":"https:\/\/solidedge.siemens.com\/wp-content\/uploads\/2018\/04\/logo-siemens-ifl@2x.png","width":640,"height":270,"caption":"Siemens Digital Industries Software"},"image":{"@id":"https:\/\/solidedge.siemens.com\/en\/#logo"}},{"@type":"WebSite","@id":"https:\/\/solidedge.siemens.com\/en\/#website","url":"https:\/\/solidedge.siemens.com\/en\/","name":"Solid Edge","description":"Siemens Digital Industries Software - Ingenuity for Life","publisher":{"@id":"https:\/\/solidedge.siemens.com\/en\/#organization"},"potentialAction":[{"@type":"SearchAction","target":{"@type":"EntryPoint","urlTemplate":"https:\/\/solidedge.siemens.com\/en\/?s={search_term_string}"},"query-input":"required name=search_term_string"}],"inLanguage":"fr-FR"},{"@type":"WebPage","@id":"https:\/\/solidedge.siemens.com\/fr\/solutions\/products\/electrical-design\/electrical-routing\/#webpage","url":"https:\/\/solidedge.siemens.com\/fr\/solutions\/products\/electrical-design\/electrical-routing\/","name":"Routage \u00e9lectrique | Conception \u00e9lectrique | Solid Edge","isPartOf":{"@id":"https:\/\/solidedge.siemens.com\/en\/#website"},"datePublished":"2019-04-01T15:58:36+00:00","dateModified":"2021-12-23T14:51:36+00:00","description":"Solid Edge Electrical Routing est un environnement d\u00e9di\u00e9 et pilot\u00e9 par les processus pour des op\u00e9rations efficaces de cr\u00e9ation, de routage et d\u2019organisation des fils, des c\u00e2bles et des faisceaux de c\u00e2blage des assemblages Solid Edge.","breadcrumb":{"@id":"https:\/\/solidedge.siemens.com\/fr\/solutions\/products\/electrical-design\/electrical-routing\/#breadcrumb"},"inLanguage":"fr-FR","potentialAction":[{"@type":"ReadAction","target":["https:\/\/solidedge.siemens.com\/fr\/solutions\/products\/electrical-design\/electrical-routing\/"]}]},{"@type":"BreadcrumbList","@id":"https:\/\/solidedge.siemens.com\/fr\/solutions\/products\/electrical-design\/electrical-routing\/#breadcrumb","itemListElement":[{"@type":"ListItem","position":1,"name":"Home","item":"https:\/\/solidedge.siemens.com\/en\/home-6\/"},{"@type":"ListItem","position":2,"name":"Solutions","item":"https:\/\/solidedge.siemens.com\/fr\/solutions\/"},{"@type":"ListItem","position":3,"name":"Produits","item":"https:\/\/solidedge.siemens.com\/fr\/solutions\/products\/"},{"@type":"ListItem","position":4,"name":"Conception &eacute;lectrique","item":"https:\/\/solidedge.siemens.com\/fr\/solutions\/products\/electrical-design\/"},{"@type":"ListItem","position":5,"name":"Routage &eacute;lectrique"}]}]}},"_links":{"self":[{"href":"https:\/\/solidedge.siemens.com\/fr\/wp-json\/wp\/v2\/pages\/1468"}],"collection":[{"href":"https:\/\/solidedge.siemens.com\/fr\/wp-json\/wp\/v2\/pages"}],"about":[{"href":"https:\/\/solidedge.siemens.com\/fr\/wp-json\/wp\/v2\/types\/page"}],"author":[{"embeddable":true,"href":"https:\/\/solidedge.siemens.com\/fr\/wp-json\/wp\/v2\/users\/20"}],"replies":[{"embeddable":true,"href":"https:\/\/solidedge.siemens.com\/fr\/wp-json\/wp\/v2\/comments?post=1468"}],"version-history":[{"count":13,"href":"https:\/\/solidedge.siemens.com\/fr\/wp-json\/wp\/v2\/pages\/1468\/revisions"}],"predecessor-version":[{"id":56108,"href":"https:\/\/solidedge.siemens.com\/fr\/wp-json\/wp\/v2\/pages\/1468\/revisions\/56108"}],"up":[{"embeddable":true,"href":"https:\/\/solidedge.siemens.com\/fr\/wp-json\/wp\/v2\/pages\/1554"}],"wp:attachment":[{"href":"https:\/\/solidedge.siemens.com\/fr\/wp-json\/wp\/v2\/media?parent=1468"}],"curies":[{"name":"wp","href":"https:\/\/api.w.org\/{rel}","templated":true}]}}