{"id":49962,"date":"2021-10-29T17:13:56","date_gmt":"2021-10-29T21:13:56","guid":{"rendered":"https:\/\/solidedge.siemens.com\/?page_id=49962"},"modified":"2021-10-29T17:14:12","modified_gmt":"2021-10-29T21:14:12","slug":"industrial-design-software","status":"publish","type":"page","link":"https:\/\/solidedge.siemens.com\/es\/solutions\/products\/3d-design\/industrial-design-software\/","title":{"rendered":"Dise&ntilde;o y styling industrial"},"content":{"rendered":"<p>[vc_row full_width=\u00bbstretch_row\u00bb full_height=\u00bbyes\u00bb content_placement=\u00bbmiddle\u00bb css=\u00bb.vc_custom_1632315140284{background: #a6a6a6 url(https:\/\/solidedge.siemens.com\/wp-content\/uploads\/2021\/09\/Industrial-Design-Styling-Header-v1.png?id=50061) !important;background-position: center !important;background-repeat: no-repeat !important;background-size: cover !important;}\u00bb el_class=\u00bbvc-row-hero-banner\u00bb][vc_column][vc_column_text el_class=\u00bb.vc-el-callout\u00bb]<\/p>\n<h1>Solid Edge para dise&ntilde;o industrial<\/h1>\n<p>El dise&ntilde;o industrial se utiliza para generar valor de producto. Los dise&ntilde;os que son visualmente atractivos, adem&aacute;s de funcionales y viables, aportan una ventaja competitiva a las empresas. Solid Edge incluye funcionalidades avanzadas de creaci&oacute;n y manipulaci&oacute;n de formas que contribuyen a la conceptualizaci&oacute;n de productos &uacute;nicos que marcan la diferencia en un mercado tan competitivo.<\/p>\n<p><a class=\"action-button\" href=\"\/en\/try-now\/\"><i class=\"icon-ext\"><\/i>Prueba Solid Edge de forma gratuita<\/a>[\/vc_column_text][\/vc_column][\/vc_row][vc_row full_width=\u00bbstretch_row\u00bb el_class=\u00bbvc-row-shoutbox\u00bb css=\u00bb.vc_custom_1524241646732{background-color: #003750 !important;}\u00bb][vc_column width=\u00bb1\/3&#8243;][vc_single_image image=\u00bb21776&#8243; img_size=\u00bbfull\u00bb alignment=\u00bbcenter\u00bb][\/vc_column][vc_column width=\u00bb2\/3&#8243;][vc_column_text el_class=\u00bbvc-el-lead-in\u00bb]E-book<\/p>\n<h2>Las mejores pr&aacute;cticas del dise&ntilde;o de formas complejas<\/h2>\n<p>Las herramientas de dise&ntilde;o asistido por ordenador (CAD) ofrecen el medio por excelencia para comunicar conceptos. Sin embargo, el dise&ntilde;o de formas complejas puede ser un desaf&iacute;o para muchos dise&ntilde;adores. En este e-book, presentamos algunos principios universales del dise&ntilde;o de formas complejas que puedes poner en pr&aacute;ctica en tus proyectos.<\/p>\n<p><a class=\"action-button\" href=\"https:\/\/solidedge.siemens.com\/en\/resource\/ebook\/best-practices-in-complex-shape-design\/\" target=\"_blank\" rel=\"noopener\"><i class=\"icon-ext\"><\/i>Descargar ahora<\/a>[\/vc_column_text][\/vc_column][\/vc_row][vc_row][vc_column][vc_column_text el_class=\u00bbvc-el-lead-in\u00bb]Funcionalidades<\/p>\n<h2>Dise&ntilde;a productos visualmente atractivos<\/h2>\n<p>Los productos atractivos provocan una respuesta emocional en los clientes, lo que permite a los fabricantes imponer precios superiores y fomentar la fidelidad del cliente. Sin embargo, dise&ntilde;ar formas complejas puede suponer un reto hasta para el m&aacute;s profesional. Solid Edge incluye funcionalidades para la creaci&oacute;n, manipulaci&oacute;n y validaci&oacute;n de formas que facilita, incluso a los principiantes, la creaci&oacute;n y visualizaci&oacute;n de formas complejas.[\/vc_column_text][vc_row_inner el_class=\u00bbvc-row-image-teasers\u00bb][vc_column_inner width=\u00bb1\/2&#8243;][vc_single_image image=\u00bb50108&#8243; img_size=\u00bbfull\u00bb alignment=\u00bbcenter\u00bb onclick=\u00bbcustom_link\u00bb link=\u00bbhttps:%2F%2Fsolidedge.siemens.com%2Fen%2Fsolutions%2Fproducts%2F3d-design%2F3d-rendering%2F|\u00bb][vc_column_text]<\/p>\n<h3><a href=\"https:\/\/solidedge.siemens.com\/es\/solutions\/products\/3d-design\/industrial-design-software\/3d-rendering\/\">Renderizado 3D<\/a><\/h3>\n<p>Genera im&aacute;genes fotorrealistas para comunicar dise&ntilde;os y obtener feedback antes de la producci&oacute;n de costosos prototipos.[\/vc_column_text][\/vc_column_inner][vc_column_inner width=\u00bb1\/2&#8243;][vc_single_image image=\u00bb50129&#8243; img_size=\u00bbfull\u00bb alignment=\u00bbcenter\u00bb onclick=\u00bbcustom_link\u00bb link=\u00bbhttps:%2F%2Fsolidedge.siemens.com%2Fen%2Fsolutions%2Fproducts%2F3d-design%2Fsubdivision-modeling%2F|\u00bb][vc_column_text]<\/p>\n<h3><a href=\"https:\/\/solidedge.siemens.com\/es\/solutions\/products\/3d-design\/industrial-design-software\/subdivision-modeling\/\">Modelado de subdivisi&oacute;n<\/a><\/h3>\n<p>Desarrolla productos &uacute;nicos basados en formas org&aacute;nicas gracias a la t&eacute;cnica de modelado intuitivo.[\/vc_column_text][\/vc_column_inner][\/vc_row_inner][\/vc_column][\/vc_row][vc_row full_width=\u00bbstretch_row\u00bb el_class=\u00bbvc-row-image-story-overview\u00bb css=\u00bb.vc_custom_1524848429910{background-color: #ebf0f4 !important;}\u00bb][vc_column][vc_row_inner][vc_column_inner width=\u00bb2\/3&#8243; offset=\u00bbvc_col-md-6&#8243;][vc_column_text el_class=\u00bbvc-el-lead-in\u00bb]Caso destacado de un cliente<\/p>\n<h2>Innovaci&oacute;n a trav&eacute;s del dise&ntilde;o de producto basado en la experiencia<\/h2>\n<p>The Fuel, una consultor&iacute;a de dise&ntilde;o industrial con sede en Reino Unido y especializada en el dise&ntilde;o de productos f&iacute;sicos para empresas tecnol&oacute;gicas, conf&iacute;a en Solid Edge para dise&ntilde;ar el aspecto visual, las interacciones f&iacute;sicas y todos los dem&aacute;s aspectos de la experiencia del producto, al tiempo que equilibra las necesidades del comportamiento humano, la tecnolog&iacute;a y el marketing.<\/p>\n<p style=\"text-align: left;\"><a class=\"secondary-button\" href=\"https:\/\/blogs.sw.siemens.com\/solidedge\/startup-spotlight-solid-edge-fuels-next-generation-industrial-design\/\" target=\"_blank\" rel=\"noopener\"><i class=\"icon-ext\"><\/i>M&aacute;s informaci&oacute;n<\/a><\/p>\n<p>[\/vc_column_text][\/vc_column_inner][vc_column_inner width=\u00bb1\/3&#8243; offset=\u00bbvc_col-md-6&#8243;][vc_single_image image=\u00bb52121&#8243; img_size=\u00bbmedium\u00bb alignment=\u00bbcenter\u00bb][\/vc_column_inner][\/vc_row_inner][\/vc_column][\/vc_row][vc_row full_width=\u00bbstretch_row\u00bb el_class=\u00bbvc-row-free-software\u00bb css=\u00bb.vc_custom_1542723573593{background-color: #006486 !important;}\u00bb][vc_column][vc_column_text el_class=\u00bbvc-el-lead-in\u00bb]Ofertas<\/p>\n<h2>Software de dise&ntilde;o 3D gratuito<\/h2>\n<p>[\/vc_column_text][vc_row_inner equal_height=\u00bbyes\u00bb][vc_column_inner width=\u00bb1\/2&#8243; offset=\u00bbvc_col-md-5&#8243;]<div class=\"wpb_content_block wpb_content_element\"><div class=\"wpb_wrapper\"><div class=\"content_block\" id=\"custom_post_widget-419\"><p>[vc_row][vc_column][vc_column_text]<\/p>\n<h3>Software gratuito para su empresa emergente<\/h3>\n<p>Si su empresa lleva menos de tres a\u00f1os constituida y se encuentra en una fase inicial, puede obtener Solid Edge de forma gratuita. \u00a1Sin ning\u00fan tipo de tarifa de suscripci\u00f3n![\/vc_column_text][vc_column_text]<a class=\"action-button\" href=\"https:\/\/www.plm.automation.siemens.com\/global\/es\/topic\/solid-edge-for-startups-mexico\/35392\"><i class=\"icon-ext\"><\/i>Solic\u00edtelo ahora<\/a>[\/vc_column_text][\/vc_column][\/vc_row]<\/p>\n<\/div><\/div><\/div>[\/vc_column_inner][vc_column_inner width=\u00bb1\/2&#8243; offset=\u00bbvc_col-md-offset-2 vc_col-md-5&#8243;]<div class=\"wpb_content_block wpb_content_element\"><div class=\"wpb_wrapper\"><div class=\"content_block\" id=\"custom_post_widget-420\"><p>[vc_row][vc_column][vc_column_text]<\/p>\n<h3>Descargue Solid Edge para estudiantes gratuitamente<\/h3>\n<p>Desarrolle las habilidades necesarias con el software de Solid Edge para estudiantes, una versi\u00f3n gratuita del mismo software f\u00e1cil de usar que utilizan los profesionales.[\/vc_column_text][vc_column_text]<a class=\"action-button\" href=\"https:\/\/www.plm.automation.siemens.com\/plmapp\/education\/solid-edge\/es_es\/free-software\/student\"><i class=\"icon-ext\"><\/i>Descargar ahora<\/a>[\/vc_column_text][\/vc_column][\/vc_row]<\/p>\n<\/div><\/div><\/div>[\/vc_column_inner][\/vc_row_inner][\/vc_column][\/vc_row][vc_row full_width=\u00bbstretch_row\u00bb el_class=\u00bbvc-row-related-content\u00bb css=\u00bb.vc_custom_1524184785822{background-color: #347eb5 !important;}\u00bb][vc_column][vc_column_text]<\/p>\n<h2>Contenido relacionado<\/h2>\n<p>[\/vc_column_text]<div id=\"ult-carousel-5237117126a045217b3ce2\" class=\"ult-carousel-wrapper  vc-el-carousel-related-content ult_horizontal\" data-gutter=\"0\" data-rtl=\"false\" ><div class=\"ult-carousel-14807165496a045217b3cc0 \" >[vc_column_text]<a href=\"https:\/\/solidedge.siemens.com\/en\/resource\/ebook\/subdivision-modeling\/\">E-book Dise&ntilde;o de formas complejas para bienes de consumo<\/a>[\/vc_column_text][vc_column_text]<a href=\"https:\/\/solidedge.siemens.com\/en\/resource\/ebook\/best-practices-in-complex-shape-design\/\">E-book \u00abLas mejores pr&aacute;cticas del dise&ntilde;o de formas complejas\u00bb<\/a>[\/vc_column_text][vc_column_text]<a href=\"https:\/\/solidedge.siemens.com\/es\/resources\/tutorials\/\">Tutoriales de Solid Edge<\/a>[\/vc_column_text][vc_column_text]<a href=\"https:\/\/community.sw.siemens.com\/s\/topic\/0TO4O000000MihiWAC\/solid-edge\">Comunidad de Solid Edge<\/a>[\/vc_column_text]<\/div><\/div>\t\t\t<script type=\"text\/javascript\">\r\n\t\t\t\tjQuery(document).ready(function ($) {\r\n\t\t\t\t\tif( typeof jQuery('.ult-carousel-14807165496a045217b3cc0').slick == \"function\"){\r\n\t\t\t\t\t\t$('.ult-carousel-14807165496a045217b3cc0').slick({dots: true,autoplaySpeed: 5000,speed: 500,infinite: false,arrows: true,nextArrow: '<button type=\"button\" role=\"button\" aria-label=\"Next\" style=\"color:#ffffff; font-size:30px;background:rgba(255,255,255,0.2);\" class=\"slick-next square-bg\"><i class=\"ultsl-arrow-right6\"><\/i><\/button>',prevArrow: '<button type=\"button\" role=\"button\" aria-label=\"Previous\" style=\"color:#ffffff; font-size:30px;background:rgba(255,255,255,0.2);\" class=\"slick-prev square-bg\"><i class=\"ultsl-arrow-left6\"><\/i><\/button>',slidesToScroll:4,slidesToShow:4,swipe: true,draggable: true,touchMove: true,pauseOnHover: true,pauseOnFocus: false,responsive: [\r\n\t\t\t\t\t\t\t{\r\n\t\t\t\t\t\t\t  breakpoint: 1026,\r\n\t\t\t\t\t\t\t  settings: {\r\n\t\t\t\t\t\t\t\tslidesToShow: 4,\r\n\t\t\t\t\t\t\t\tslidesToScroll: 4,  \r\n\t\t\t\t\t\t\t  }\r\n\t\t\t\t\t\t\t},\r\n\t\t\t\t\t\t\t{\r\n\t\t\t\t\t\t\t  breakpoint: 1025,\r\n\t\t\t\t\t\t\t  settings: {\r\n\t\t\t\t\t\t\t\tslidesToShow: 2,\r\n\t\t\t\t\t\t\t\tslidesToScroll: 2\r\n\t\t\t\t\t\t\t  }\r\n\t\t\t\t\t\t\t},\r\n\t\t\t\t\t\t\t{\r\n\t\t\t\t\t\t\t  breakpoint: 760,\r\n\t\t\t\t\t\t\t  settings: {\r\n\t\t\t\t\t\t\t\tslidesToShow: 1,\r\n\t\t\t\t\t\t\t\tslidesToScroll: 1\r\n\t\t\t\t\t\t\t  }\r\n\t\t\t\t\t\t\t}\r\n\t\t\t\t\t\t],pauseOnDotsHover: true,customPaging: function(slider, i) {\r\n                   return '<i type=\"button\" style= \"color:#ffffff;\" class=\"ultsl-record\" data-role=\"none\"><\/i>';\r\n                },});\r\n\t\t\t\t\t}\r\n\t\t\t\t});\r\n\t\t\t<\/script>\r\n\t\t\t[\/vc_column][\/vc_row]<\/p>\n","protected":false},"excerpt":{"rendered":"<p> Solid Edge para dise&ntilde;o industrial El dise&ntilde;o industrial se utiliza para generar valor de producto. Los dise&ntilde;os que son visualmente atractivos, adem&aacute;s de funcionales y viables, aportan una ventaja competitiva a las empresas. Solid Edge incluye funcionalidades avanzadas de [&hellip;]<\/p>\n","protected":false},"author":44,"featured_media":0,"parent":2734,"menu_order":5,"comment_status":"closed","ping_status":"closed","template":"","meta":{"inline_featured_image":false},"yoast_head":"<!-- This site is optimized with the Yoast SEO plugin v18.4.1 - https:\/\/yoast.com\/wordpress\/plugins\/seo\/ -->\n<title>Software de dise\u00f1o industrial l Solid Edge l Siemens<\/title>\n<meta name=\"description\" content=\"Las funcionalidades avanzadas de creaci\u00f3n y manipulaci\u00f3n de formas en Solid Edge te permiten conceptualizar productos \u00fanicos que marcan la diferencia en un mercado tan competitivo.\" \/>\n<meta name=\"robots\" content=\"index, follow, max-snippet:-1, max-image-preview:large, max-video-preview:-1\" \/>\n<link rel=\"canonical\" href=\"https:\/\/solidedge.siemens.com\/es\/solutions\/products\/3d-design\/industrial-design-software\/\" \/>\n<meta property=\"og:locale\" content=\"es_ES\" \/>\n<meta property=\"og:type\" content=\"article\" \/>\n<meta property=\"og:title\" content=\"Software de dise\u00f1o industrial l Solid Edge l Siemens\" \/>\n<meta property=\"og:description\" content=\"Las funcionalidades avanzadas de creaci\u00f3n y manipulaci\u00f3n de formas en Solid Edge te permiten conceptualizar productos \u00fanicos que marcan la diferencia en un mercado tan competitivo.\" \/>\n<meta property=\"og:url\" content=\"https:\/\/solidedge.siemens.com\/es\/solutions\/products\/3d-design\/industrial-design-software\/\" \/>\n<meta property=\"og:site_name\" content=\"Solid Edge\" \/>\n<meta property=\"article:publisher\" content=\"https:\/\/www.facebook.com\/solidedge\" \/>\n<meta property=\"article:modified_time\" content=\"2021-10-29T21:14:12+00:00\" \/>\n<meta name=\"twitter:card\" content=\"summary_large_image\" \/>\n<meta name=\"twitter:site\" content=\"@siemensplm\" \/>\n<meta name=\"twitter:label1\" content=\"Tiempo de lectura\" \/>\n\t<meta name=\"twitter:data1\" content=\"4 minutos\" \/>\n<script type=\"application\/ld+json\" class=\"yoast-schema-graph\">{\"@context\":\"https:\/\/schema.org\",\"@graph\":[{\"@type\":\"Organization\",\"@id\":\"https:\/\/solidedge.siemens.com\/en\/#organization\",\"name\":\"Siemens Digital Industries Software\",\"url\":\"https:\/\/solidedge.siemens.com\/en\/\",\"sameAs\":[\"https:\/\/www.facebook.com\/solidedge\",\"https:\/\/www.instagram.com\/siemens\/\",\"https:\/\/www.linkedin.com\/company\/siemens-plm-software\",\"https:\/\/www.youtube.com\/user\/PolarionSoftware\",\"https:\/\/twitter.com\/siemensplm\"],\"logo\":{\"@type\":\"ImageObject\",\"@id\":\"https:\/\/solidedge.siemens.com\/en\/#logo\",\"inLanguage\":\"es\",\"url\":\"https:\/\/solidedge.siemens.com\/wp-content\/uploads\/2018\/04\/logo-siemens-ifl@2x.png\",\"contentUrl\":\"https:\/\/solidedge.siemens.com\/wp-content\/uploads\/2018\/04\/logo-siemens-ifl@2x.png\",\"width\":640,\"height\":270,\"caption\":\"Siemens Digital Industries Software\"},\"image\":{\"@id\":\"https:\/\/solidedge.siemens.com\/en\/#logo\"}},{\"@type\":\"WebSite\",\"@id\":\"https:\/\/solidedge.siemens.com\/en\/#website\",\"url\":\"https:\/\/solidedge.siemens.com\/en\/\",\"name\":\"Solid Edge\",\"description\":\"Siemens Software\",\"publisher\":{\"@id\":\"https:\/\/solidedge.siemens.com\/en\/#organization\"},\"potentialAction\":[{\"@type\":\"SearchAction\",\"target\":{\"@type\":\"EntryPoint\",\"urlTemplate\":\"https:\/\/solidedge.siemens.com\/en\/?s={search_term_string}\"},\"query-input\":\"required name=search_term_string\"}],\"inLanguage\":\"es\"},{\"@type\":\"WebPage\",\"@id\":\"https:\/\/solidedge.siemens.com\/es\/solutions\/products\/3d-design\/industrial-design-software\/#webpage\",\"url\":\"https:\/\/solidedge.siemens.com\/es\/solutions\/products\/3d-design\/industrial-design-software\/\",\"name\":\"Software de dise\u00f1o industrial l Solid Edge l Siemens\",\"isPartOf\":{\"@id\":\"https:\/\/solidedge.siemens.com\/en\/#website\"},\"datePublished\":\"2021-10-29T21:13:56+00:00\",\"dateModified\":\"2021-10-29T21:14:12+00:00\",\"description\":\"Las funcionalidades avanzadas de creaci\u00f3n y manipulaci\u00f3n de formas en Solid Edge te permiten conceptualizar productos \u00fanicos que marcan la diferencia en un mercado tan competitivo.\",\"breadcrumb\":{\"@id\":\"https:\/\/solidedge.siemens.com\/es\/solutions\/products\/3d-design\/industrial-design-software\/#breadcrumb\"},\"inLanguage\":\"es\",\"potentialAction\":[{\"@type\":\"ReadAction\",\"target\":[\"https:\/\/solidedge.siemens.com\/es\/solutions\/products\/3d-design\/industrial-design-software\/\"]}]},{\"@type\":\"BreadcrumbList\",\"@id\":\"https:\/\/solidedge.siemens.com\/es\/solutions\/products\/3d-design\/industrial-design-software\/#breadcrumb\",\"itemListElement\":[{\"@type\":\"ListItem\",\"position\":1,\"name\":\"Home\",\"item\":\"https:\/\/solidedge.siemens.com\/en\/home-12\/\"},{\"@type\":\"ListItem\",\"position\":2,\"name\":\"Soluciones\",\"item\":\"https:\/\/solidedge.siemens.com\/es\/solutions\/\"},{\"@type\":\"ListItem\",\"position\":3,\"name\":\"Productos\",\"item\":\"https:\/\/solidedge.siemens.com\/es\/solutions\/products\/\"},{\"@type\":\"ListItem\",\"position\":4,\"name\":\"Dise&ntilde;o 3D\",\"item\":\"https:\/\/solidedge.siemens.com\/es\/solutions\/products\/3d-design\/\"},{\"@type\":\"ListItem\",\"position\":5,\"name\":\"Dise&ntilde;o y styling industrial\"}]}]}<\/script>\n<!-- \/ Yoast SEO plugin. -->","yoast_head_json":{"title":"Software de dise\u00f1o industrial l Solid Edge l Siemens","description":"Las funcionalidades avanzadas de creaci\u00f3n y manipulaci\u00f3n de formas en Solid Edge te permiten conceptualizar productos \u00fanicos que marcan la diferencia en un mercado tan competitivo.","robots":{"index":"index","follow":"follow","max-snippet":"max-snippet:-1","max-image-preview":"max-image-preview:large","max-video-preview":"max-video-preview:-1"},"canonical":"https:\/\/solidedge.siemens.com\/es\/solutions\/products\/3d-design\/industrial-design-software\/","og_locale":"es_ES","og_type":"article","og_title":"Software de dise\u00f1o industrial l Solid Edge l Siemens","og_description":"Las funcionalidades avanzadas de creaci\u00f3n y manipulaci\u00f3n de formas en Solid Edge te permiten conceptualizar productos \u00fanicos que marcan la diferencia en un mercado tan competitivo.","og_url":"https:\/\/solidedge.siemens.com\/es\/solutions\/products\/3d-design\/industrial-design-software\/","og_site_name":"Solid Edge","article_publisher":"https:\/\/www.facebook.com\/solidedge","article_modified_time":"2021-10-29T21:14:12+00:00","twitter_card":"summary_large_image","twitter_site":"@siemensplm","twitter_misc":{"Tiempo de lectura":"4 minutos"},"schema":{"@context":"https:\/\/schema.org","@graph":[{"@type":"Organization","@id":"https:\/\/solidedge.siemens.com\/en\/#organization","name":"Siemens Digital Industries Software","url":"https:\/\/solidedge.siemens.com\/en\/","sameAs":["https:\/\/www.facebook.com\/solidedge","https:\/\/www.instagram.com\/siemens\/","https:\/\/www.linkedin.com\/company\/siemens-plm-software","https:\/\/www.youtube.com\/user\/PolarionSoftware","https:\/\/twitter.com\/siemensplm"],"logo":{"@type":"ImageObject","@id":"https:\/\/solidedge.siemens.com\/en\/#logo","inLanguage":"es","url":"https:\/\/solidedge.siemens.com\/wp-content\/uploads\/2018\/04\/logo-siemens-ifl@2x.png","contentUrl":"https:\/\/solidedge.siemens.com\/wp-content\/uploads\/2018\/04\/logo-siemens-ifl@2x.png","width":640,"height":270,"caption":"Siemens Digital Industries Software"},"image":{"@id":"https:\/\/solidedge.siemens.com\/en\/#logo"}},{"@type":"WebSite","@id":"https:\/\/solidedge.siemens.com\/en\/#website","url":"https:\/\/solidedge.siemens.com\/en\/","name":"Solid Edge","description":"Siemens Software","publisher":{"@id":"https:\/\/solidedge.siemens.com\/en\/#organization"},"potentialAction":[{"@type":"SearchAction","target":{"@type":"EntryPoint","urlTemplate":"https:\/\/solidedge.siemens.com\/en\/?s={search_term_string}"},"query-input":"required name=search_term_string"}],"inLanguage":"es"},{"@type":"WebPage","@id":"https:\/\/solidedge.siemens.com\/es\/solutions\/products\/3d-design\/industrial-design-software\/#webpage","url":"https:\/\/solidedge.siemens.com\/es\/solutions\/products\/3d-design\/industrial-design-software\/","name":"Software de dise\u00f1o industrial l Solid Edge l Siemens","isPartOf":{"@id":"https:\/\/solidedge.siemens.com\/en\/#website"},"datePublished":"2021-10-29T21:13:56+00:00","dateModified":"2021-10-29T21:14:12+00:00","description":"Las funcionalidades avanzadas de creaci\u00f3n y manipulaci\u00f3n de formas en Solid Edge te permiten conceptualizar productos \u00fanicos que marcan la diferencia en un mercado tan competitivo.","breadcrumb":{"@id":"https:\/\/solidedge.siemens.com\/es\/solutions\/products\/3d-design\/industrial-design-software\/#breadcrumb"},"inLanguage":"es","potentialAction":[{"@type":"ReadAction","target":["https:\/\/solidedge.siemens.com\/es\/solutions\/products\/3d-design\/industrial-design-software\/"]}]},{"@type":"BreadcrumbList","@id":"https:\/\/solidedge.siemens.com\/es\/solutions\/products\/3d-design\/industrial-design-software\/#breadcrumb","itemListElement":[{"@type":"ListItem","position":1,"name":"Home","item":"https:\/\/solidedge.siemens.com\/en\/home-12\/"},{"@type":"ListItem","position":2,"name":"Soluciones","item":"https:\/\/solidedge.siemens.com\/es\/solutions\/"},{"@type":"ListItem","position":3,"name":"Productos","item":"https:\/\/solidedge.siemens.com\/es\/solutions\/products\/"},{"@type":"ListItem","position":4,"name":"Dise&ntilde;o 3D","item":"https:\/\/solidedge.siemens.com\/es\/solutions\/products\/3d-design\/"},{"@type":"ListItem","position":5,"name":"Dise&ntilde;o y styling industrial"}]}]}},"_links":{"self":[{"href":"https:\/\/solidedge.siemens.com\/es\/wp-json\/wp\/v2\/pages\/49962"}],"collection":[{"href":"https:\/\/solidedge.siemens.com\/es\/wp-json\/wp\/v2\/pages"}],"about":[{"href":"https:\/\/solidedge.siemens.com\/es\/wp-json\/wp\/v2\/types\/page"}],"author":[{"embeddable":true,"href":"https:\/\/solidedge.siemens.com\/es\/wp-json\/wp\/v2\/users\/44"}],"replies":[{"embeddable":true,"href":"https:\/\/solidedge.siemens.com\/es\/wp-json\/wp\/v2\/comments?post=49962"}],"version-history":[{"count":9,"href":"https:\/\/solidedge.siemens.com\/es\/wp-json\/wp\/v2\/pages\/49962\/revisions"}],"predecessor-version":[{"id":53466,"href":"https:\/\/solidedge.siemens.com\/es\/wp-json\/wp\/v2\/pages\/49962\/revisions\/53466"}],"up":[{"embeddable":true,"href":"https:\/\/solidedge.siemens.com\/es\/wp-json\/wp\/v2\/pages\/2734"}],"wp:attachment":[{"href":"https:\/\/solidedge.siemens.com\/es\/wp-json\/wp\/v2\/media?parent=49962"}],"curies":[{"name":"wp","href":"https:\/\/api.w.org\/{rel}","templated":true}]}}