{"id":49008,"date":"2021-10-29T16:31:25","date_gmt":"2021-10-29T20:31:25","guid":{"rendered":"https:\/\/solidedge.siemens.com\/?page_id=49008"},"modified":"2021-10-29T16:31:41","modified_gmt":"2021-10-29T20:31:41","slug":"simcenter-flomaster-for-solid-edge","status":"publish","type":"page","link":"https:\/\/solidedge.siemens.com\/es\/solutions\/products\/simulation\/simcenter-flomaster-for-solid-edge\/","title":{"rendered":"Simcenter Flomaster para Solid Edge"},"content":{"rendered":"<p>[vc_row full_width=\u00bbstretch_row\u00bb full_height=\u00bbyes\u00bb content_placement=\u00bbmiddle\u00bb css=\u00bb.vc_custom_1632140129169{background: #a6a6a6 url(https:\/\/solidedge.siemens.com\/wp-content\/uploads\/2021\/09\/computer-user-woman-solid-edge-sehero-1920&#215;873-1.jpg?id=49459) !important;background-position: center !important;background-repeat: no-repeat !important;background-size: cover !important;}\u00bb el_class=\u00bbvc-row-hero-banner\u00bb][vc_column][vc_column_text el_class=\u00bb.vc-el-callout\u00bb]<\/p>\n<h1>Simcenter Flomaster para Solid Edge<\/h1>\n<p>Simcenter Flomaster para Solid Edge te permite modelar y analizar flujos t&eacute;rmicos y de fluidos en sistemas de tuber&iacute;as de forma sencilla. Su flujo de trabajo optimizado posibilita la r&aacute;pida visualizaci&oacute;n de la velocidad del fluido, la temperatura y la p&eacute;rdida de presi&oacute;n en sistemas de tuber&iacute;as en un entorno 1D gracias a la creaci&oacute;n autom&aacute;tica de modelos de simulaci&oacute;n a partir de geometr&iacute;as 3D. La funcionalidad de simulaci&oacute;n de fluidos t&eacute;rmicos te permite dimensionar y equilibrar los sistemas de tuber&iacute;as en las primeras etapas de dise&ntilde;o as&iacute; como modelar las diferentes condiciones operativas para confirmar la eficiencia y seguridad del funcionamiento.<\/p>\n<p><a class=\"action-button\" href=\"\/en\/try-now\/\"><i class=\"icon-ext\"><\/i>Prueba gratuita de Solid Edge<\/a>[\/vc_column_text][\/vc_column][\/vc_row][vc_row][vc_column][vc_column_text el_class=\u00bbvc-el-lead-in\u00bb]Funcionalidades<\/p>\n<h2>La mejor simulaci&oacute;n de fluidos t&eacute;rmicos<\/h2>\n<p>Utiliza la simulaci&oacute;n para acelerar el dise&ntilde;o de mejores sistemas de tuber&iacute;as[\/vc_column_text][vc_row_inner el_class=\u00bbvc-row-image-teasers\u00bb][vc_column_inner width=\u00bb1\/3&#8243;][vc_single_image image=\u00bb51146&#8243; img_size=\u00bbfull\u00bb][vc_column_text]<\/p>\n<h3>Un entorno 1D optimiza el flujo de trabajo<\/h3>\n<p>Simcenter Flomaster para Solid Edge posibilita la r&aacute;pida visualizaci&oacute;n de la velocidad del fluido, la temperatura y la p&eacute;rdida de presi&oacute;n en sistemas de tuber&iacute;as en un entorno 1D. Su flujo de trabajo optimizado crea autom&aacute;ticamente un modelo de simulaci&oacute;n a partir de geometr&iacute;as CAD 3D, lo que reduce el tiempo necesario para generarlo hasta en un 90&nbsp;%.[\/vc_column_text][\/vc_column_inner][vc_column_inner width=\u00bb1\/3&#8243;][vc_single_image image=\u00bb51133&#8243; img_size=\u00bbfull\u00bb][vc_column_text]<\/p>\n<h3>Extrae autom&aacute;ticamente geometr&iacute;as 3D<\/h3>\n<p>Simcenter Flomaster para Solid Edge automatiza la generaci&oacute;n de modelos de sistema directamente desde la geometr&iacute;a 3D. Solo tienes que abstraer la geometr&iacute;a 3D en Solid Edge y se crear&aacute; autom&aacute;ticamente un modelo de simulaci&oacute;n que podr&aacute;s ejecutar en Simcenter Flomaster para Solid Edge. Se pueden realizar an&aacute;lisis est&aacute;ticos y din&aacute;micos en el modelo para evaluar el rendimiento del sistema. Incluyen el comportamiento del sistema din&aacute;mico y el dimensionamiento de los componentes.[\/vc_column_text][\/vc_column_inner][vc_column_inner width=\u00bb1\/3&#8243;][vc_single_image image=\u00bb51120&#8243; img_size=\u00bbfull\u00bb][vc_column_text]<\/p>\n<h3>Asistentes integrados<\/h3>\n<p>Con los asistentes integrados, Simcenter Flomaster para Solid Edge es f&aacute;cil de usar para principiantes y apropiado para los expertos en simulaci&oacute;n gracias a sus funcionalidades avanzadas, como la simulaci&oacute;n de eventos din&aacute;micos o la sobrecarga.[\/vc_column_text][\/vc_column_inner][\/vc_row_inner][vc_row_inner][vc_column_inner][vc_column_text css=\u00bb.vc_custom_1632933182422{margin-top: 0px !important;margin-bottom: 0px !important;border-top-width: 0px !important;border-bottom-width: 0px !important;padding-top: 0px !important;padding-bottom: 0px !important;}\u00bb]<\/p>\n<p style=\"text-align: right;\"><a class=\"action-button transparent\" href=\"https:\/\/solidedge.siemens.com\/wp-content\/uploads\/2021\/09\/Siemens-SW-Simcenter-Flomaster-for-Solid-Edge-FS-84069-D4-1.pdf\" target=\"_blank\" rel=\"noopener\"><i class=\"icon-ext\"><\/i>Descarga la ficha t&eacute;cnica de Simcenter Flomaster para Solid Edge<\/a><\/p>\n<p>[\/vc_column_text][\/vc_column_inner][\/vc_row_inner][\/vc_column][\/vc_row][vc_row full_width=\u00bbstretch_row\u00bb el_class=\u00bbvc-row-free-software\u00bb css=\u00bb.vc_custom_1523912493378{background-color: #006486 !important;}\u00bb][vc_column][vc_column_text el_class=\u00bbvc-el-lead-in\u00bb]Ofertas<\/p>\n<h2>Software de dise&ntilde;o 3D gratuito<\/h2>\n<p>[\/vc_column_text][vc_row_inner equal_height=\u00bbyes\u00bb][vc_column_inner width=\u00bb1\/2&#8243; offset=\u00bbvc_col-md-5&#8243;]<div class=\"wpb_content_block wpb_content_element\"><div class=\"wpb_wrapper\"><div class=\"content_block\" id=\"custom_post_widget-418\"><p>[vc_row][vc_column][vc_column_text]<\/p>\n<h3>Pruebe Solid Edge de forma gratuita<\/h3>\n<p>Obtenga acceso instant\u00e1neo a una prueba gratuita de Solid Edge y pru\u00e9belo usted mismo.[\/vc_column_text][vc_column_text]<a class=\"action-button\" href=\"\/es\/try-now\/\"><i class=\"icon-ext\"><\/i>Empiece ahora<\/a>[\/vc_column_text][\/vc_column][\/vc_row]<\/p>\n<\/div><\/div><\/div>[\/vc_column_inner][vc_column_inner width=\u00bb1\/2&#8243; offset=\u00bbvc_col-md-offset-2 vc_col-md-5&#8243;]<div class=\"wpb_content_block wpb_content_element\"><div class=\"wpb_wrapper\"><div class=\"content_block\" id=\"custom_post_widget-419\"><p>[vc_row][vc_column][vc_column_text]<\/p>\n<h3>Software gratuito para su empresa emergente<\/h3>\n<p>Si su empresa lleva menos de tres a\u00f1os constituida y se encuentra en una fase inicial, puede obtener Solid Edge de forma gratuita. \u00a1Sin ning\u00fan tipo de tarifa de suscripci\u00f3n![\/vc_column_text][vc_column_text]<a class=\"action-button\" href=\"https:\/\/www.plm.automation.siemens.com\/global\/es\/topic\/solid-edge-for-startups-mexico\/35392\"><i class=\"icon-ext\"><\/i>Solic\u00edtelo ahora<\/a>[\/vc_column_text][\/vc_column][\/vc_row]<\/p>\n<\/div><\/div><\/div>[\/vc_column_inner][\/vc_row_inner][\/vc_column][\/vc_row][vc_row full_width=\u00bbstretch_row\u00bb el_class=\u00bbvc-row-video-highlight\u00bb css=\u00bb.vc_custom_1632140521520{margin-top: 0px !important;border-top-width: 0px !important;padding-top: 0px !important;}\u00bb][vc_column][vc_column_text el_class=\u00bbvc-el-lead-in\u00bb]V&iacute;deo<\/p>\n<h2>Mejora el flujo del dise&ntilde;o de sistemas de tuber&iacute;as<\/h2>\n<p>Acelera la velocidad de los estudios de simulaci&oacute;n con procesos automatizados que validen el rendimiento del dise&ntilde;o y optimiza la simulaci&oacute;n de fluidos t&eacute;rmicos.[\/vc_column_text]\n\n\n  <div id=\"wpv-view-layout-567-CATTR456c36b0972e60e05d7109d9fd8c69e2\" class=\"js-wpv-view-layout js-wpv-layout-responsive js-wpv-view-layout-567-CATTR456c36b0972e60e05d7109d9fd8c69e2\" data-viewnumber=\"567-CATTR456c36b0972e60e05d7109d9fd8c69e2\" data-pagination=\"{&quot;id&quot;:567,&quot;query&quot;:&quot;normal&quot;,&quot;type&quot;:&quot;disabled&quot;,&quot;effect&quot;:&quot;fade&quot;,&quot;duration&quot;:500,&quot;speed&quot;:5,&quot;pause_on_hover&quot;:&quot;disabled&quot;,&quot;stop_rollover&quot;:&quot;false&quot;,&quot;cache_pages&quot;:&quot;enabled&quot;,&quot;preload_images&quot;:&quot;enabled&quot;,&quot;preload_pages&quot;:&quot;enabled&quot;,&quot;preload_reach&quot;:1,&quot;spinner&quot;:&quot;builtin&quot;,&quot;spinner_image&quot;:&quot;https:\/\/solidedge.siemens.com\/wp-content\/plugins\/wp-views\/embedded\/res\/img\/ajax-loader.gif&quot;,&quot;callback_next&quot;:&quot;&quot;,&quot;manage_history&quot;:&quot;disabled&quot;,&quot;has_controls_in_form&quot;:&quot;disabled&quot;,&quot;infinite_tolerance&quot;:&quot;0&quot;,&quot;max_pages&quot;:0,&quot;page&quot;:1,&quot;base_permalink&quot;:&quot;\/es\/wp-json\/wp\/v2\/pages\/49008?wpv_view_count=567-CATTR456c36b0972e60e05d7109d9fd8c69e2&amp;wpv_paged=WPV_PAGE_NUM&quot;,&quot;loop&quot;:{&quot;type&quot;:&quot;&quot;,&quot;name&quot;:&quot;&quot;,&quot;data&quot;:[],&quot;id&quot;:0}}\" data-permalink=\"\/es\/wp-json\/wp\/v2\/pages\/49008?wpv_view_count=567-CATTR456c36b0972e60e05d7109d9fd8c69e2\">\n\n  \n  <div class=\"wpv-resources\"><a name=\"video\" class=\"video-anchor\"><\/a>\n    <div id=\"ult-carousel-19631642769fb4c7a716cc\" class=\"ult-carousel-wrapper  vc-el-carousel-videos-embedded ult_horizontal\" data-gutter=\"0\" data-rtl=\"false\" ><div class=\"ult-carousel-63165299669fb4c7a716a7 \" >\n    \n    \n       <div><!-- slide container -->\n        <div class=\"wpv-resources-item\" data-mh=\".wpv-resources-item\">\n          <div class=\"resources-item-poster\">\n              <div id=\"wpfp_1ce7cf198eddac592232e110dbd35da0\" data-item=\"{&quot;sources&quot;:&#091;{&quot;src&quot;:&quot;https:\\\/\\\/videos.mentor-cdn.com\\\/mgc\\\/videos\\\/5400\\\/739b9c54-dc3d-4f7e-9243-88c96e8fe663-en-US-video.mp4&quot;,&quot;type&quot;:&quot;video\\\/mp4&quot;}&#093;}\" class=\"flowplayer no-brand is-splash no-svg is-paused skin-slim fp-slim fp-edgy\" data-embed=\"false\" style=\"max-width: 1140px; max-height: 640px; background-image: url(https:\/\/solidedge.siemens.com\/wp-content\/uploads\/2021\/09\/739b9c54-dc3d-4f7e-9243-88c96e8fe663-en-US-thumbnail.png);\" data-ratio=\"0.5614\" data-advance=\"false\">\n\t<div class=\"fp-ratio\" style=\"padding-top: 56.14%\"><\/div>\n\t<div class=\"fp-ui\"><div class=\"fp-play fp-visible\"><a class=\"fp-icon fp-playbtn\"><\/a><\/div><\/div>\n\n<\/div>\n\n              \n          <\/div>\n        <\/div>\n      <\/div>\n    \n    \n    <\/div><\/div>\t\t\t<script type=\"text\/javascript\">\r\n\t\t\t\tjQuery(document).ready(function ($) {\r\n\t\t\t\t\tif( typeof jQuery('.ult-carousel-63165299669fb4c7a716a7').slick == \"function\"){\r\n\t\t\t\t\t\t$('.ult-carousel-63165299669fb4c7a716a7').slick({dots: true,autoplaySpeed: 5000,speed: 500,infinite: false,arrows: true,nextArrow: '<button type=\"button\" role=\"button\" aria-label=\"Next\" style=\"color:#ffffff; font-size:30px;background:rgba(47,56,60,0.5);\" class=\"slick-next square-bg\"><i class=\"ultsl-arrow-right6\"><\/i><\/button>',prevArrow: '<button type=\"button\" role=\"button\" aria-label=\"Previous\" style=\"color:#ffffff; font-size:30px;background:rgba(47,56,60,0.5);\" class=\"slick-prev square-bg\"><i class=\"ultsl-arrow-left6\"><\/i><\/button>',slidesToScroll:1,slidesToShow:1,swipe: true,draggable: true,touchMove: true,pauseOnHover: true,pauseOnFocus: false,responsive: [\r\n\t\t\t\t\t\t\t{\r\n\t\t\t\t\t\t\t  breakpoint: 1026,\r\n\t\t\t\t\t\t\t  settings: {\r\n\t\t\t\t\t\t\t\tslidesToShow: 1,\r\n\t\t\t\t\t\t\t\tslidesToScroll: 1,  \r\n\t\t\t\t\t\t\t  }\r\n\t\t\t\t\t\t\t},\r\n\t\t\t\t\t\t\t{\r\n\t\t\t\t\t\t\t  breakpoint: 1025,\r\n\t\t\t\t\t\t\t  settings: {\r\n\t\t\t\t\t\t\t\tslidesToShow: 1,\r\n\t\t\t\t\t\t\t\tslidesToScroll: 1\r\n\t\t\t\t\t\t\t  }\r\n\t\t\t\t\t\t\t},\r\n\t\t\t\t\t\t\t{\r\n\t\t\t\t\t\t\t  breakpoint: 760,\r\n\t\t\t\t\t\t\t  settings: {\r\n\t\t\t\t\t\t\t\tslidesToShow: 1,\r\n\t\t\t\t\t\t\t\tslidesToScroll: 1\r\n\t\t\t\t\t\t\t  }\r\n\t\t\t\t\t\t\t}\r\n\t\t\t\t\t\t],pauseOnDotsHover: true,customPaging: function(slider, i) {\r\n                   return '<i type=\"button\" style= \"color:#788891;\" class=\"ultsl-record\" data-role=\"none\"><\/i>';\r\n                },});\r\n\t\t\t\t\t}\r\n\t\t\t\t});\r\n\t\t\t<\/script>\r\n\t\t\t\n  <\/div>\n  \n  \n  <\/div>\n[\/vc_column][\/vc_row][vc_row full_width=\u00bbstretch_row\u00bb el_class=\u00bbvc-row-related-content\u00bb css=\u00bb.vc_custom_1524184785822{background-color: #347eb5 !important;}\u00bb][vc_column][vc_column_text]<\/p>\n<h2>Contenido relacionado<\/h2>\n<p>[\/vc_column_text]<div id=\"ult-carousel-142243380169fb4c7a71f62\" class=\"ult-carousel-wrapper  vc-el-carousel-related-content ult_horizontal\" data-gutter=\"0\" data-rtl=\"false\" ><div class=\"ult-carousel-106858052869fb4c7a71f3a \" >[vc_column_text]<a href=\"https:\/\/solidedge.siemens.com\/wp-content\/uploads\/2021\/09\/Siemens-SW-Simcenter-Flomaster-for-Solid-Edge-FS-84069-D4-1.pdf\">Ficha t&eacute;cnica de Simcenter Flomaster para Solid Edge<\/a>[\/vc_column_text][vc_column_text]<a href=\"https:\/\/community.sw.siemens.com\/s\/topic\/0TO4O000000MihiWAC\/solid-edge\">Comunidad de Solid Edge<\/a>[\/vc_column_text][vc_column_text]<a href=\"https:\/\/solidedge.siemens.com\/es\/resources\/tutorials\/\">Tutoriales de Solid Edge<\/a>[\/vc_column_text][vc_column_text]<a href=\"https:\/\/www.youtube.com\/c\/SiemensSoftware\/playlists?view=50&amp;sort=dd&amp;shelf_id=6\">V&iacute;deos de Solid Edge en YouTube<\/a>[\/vc_column_text]<\/div><\/div>\t\t\t<script type=\"text\/javascript\">\r\n\t\t\t\tjQuery(document).ready(function ($) {\r\n\t\t\t\t\tif( typeof jQuery('.ult-carousel-106858052869fb4c7a71f3a').slick == \"function\"){\r\n\t\t\t\t\t\t$('.ult-carousel-106858052869fb4c7a71f3a').slick({dots: true,autoplaySpeed: 5000,speed: 500,infinite: false,arrows: true,nextArrow: '<button type=\"button\" role=\"button\" aria-label=\"Next\" style=\"color:#ffffff; font-size:30px;background:rgba(255,255,255,0.2);\" class=\"slick-next square-bg\"><i class=\"ultsl-arrow-right6\"><\/i><\/button>',prevArrow: '<button type=\"button\" role=\"button\" aria-label=\"Previous\" style=\"color:#ffffff; font-size:30px;background:rgba(255,255,255,0.2);\" class=\"slick-prev square-bg\"><i class=\"ultsl-arrow-left6\"><\/i><\/button>',slidesToScroll:4,slidesToShow:4,swipe: true,draggable: true,touchMove: true,pauseOnHover: true,pauseOnFocus: false,responsive: [\r\n\t\t\t\t\t\t\t{\r\n\t\t\t\t\t\t\t  breakpoint: 1026,\r\n\t\t\t\t\t\t\t  settings: {\r\n\t\t\t\t\t\t\t\tslidesToShow: 4,\r\n\t\t\t\t\t\t\t\tslidesToScroll: 4,  \r\n\t\t\t\t\t\t\t  }\r\n\t\t\t\t\t\t\t},\r\n\t\t\t\t\t\t\t{\r\n\t\t\t\t\t\t\t  breakpoint: 1025,\r\n\t\t\t\t\t\t\t  settings: {\r\n\t\t\t\t\t\t\t\tslidesToShow: 2,\r\n\t\t\t\t\t\t\t\tslidesToScroll: 2\r\n\t\t\t\t\t\t\t  }\r\n\t\t\t\t\t\t\t},\r\n\t\t\t\t\t\t\t{\r\n\t\t\t\t\t\t\t  breakpoint: 760,\r\n\t\t\t\t\t\t\t  settings: {\r\n\t\t\t\t\t\t\t\tslidesToShow: 1,\r\n\t\t\t\t\t\t\t\tslidesToScroll: 1\r\n\t\t\t\t\t\t\t  }\r\n\t\t\t\t\t\t\t}\r\n\t\t\t\t\t\t],pauseOnDotsHover: true,customPaging: function(slider, i) {\r\n                   return '<i type=\"button\" style= \"color:#ffffff;\" class=\"ultsl-record\" data-role=\"none\"><\/i>';\r\n                },});\r\n\t\t\t\t\t}\r\n\t\t\t\t});\r\n\t\t\t<\/script>\r\n\t\t\t[\/vc_column][\/vc_row][vc_row full_width=\u00bbstretch_row\u00bb el_class=\u00bbfooter-contact\u00bb css=\u00bb.vc_custom_1550170708528{background-color: #dedee3 !important;}\u00bb][vc_column]<div class=\"wpb_content_block wpb_content_element\"><div class=\"wpb_wrapper\"><\/div><\/div>[\/vc_column][\/vc_row]<\/p>\n","protected":false},"excerpt":{"rendered":"<p> Simcenter Flomaster para Solid Edge Simcenter Flomaster para Solid Edge te permite modelar y analizar flujos t&eacute;rmicos y de fluidos en sistemas de tuber&iacute;as de forma sencilla. Su flujo de trabajo optimizado posibilita la r&aacute;pida visualizaci&oacute;n de la velocidad [&hellip;]<\/p>\n","protected":false},"author":44,"featured_media":0,"parent":2732,"menu_order":5,"comment_status":"closed","ping_status":"closed","template":"","meta":{"inline_featured_image":false},"yoast_head":"<!-- This site is optimized with the Yoast SEO plugin v18.4.1 - https:\/\/yoast.com\/wordpress\/plugins\/seo\/ -->\n<title>Simcenter Flomaster para Solid Edge | Simulaci\u00f3n CFD | Siemens<\/title>\n<meta name=\"description\" content=\"Modela y analiza flujos t\u00e9rmicos y de fluidos en sistemas de tuber\u00edas y optimiza tus flujos de trabajo de simulaci\u00f3n con Simcenter Flomaster para Solid Edge.\" \/>\n<meta name=\"robots\" content=\"index, follow, max-snippet:-1, max-image-preview:large, max-video-preview:-1\" \/>\n<link rel=\"canonical\" href=\"https:\/\/solidedge.siemens.com\/es\/solutions\/products\/simulation\/simcenter-flomaster-for-solid-edge\/\" \/>\n<meta property=\"og:locale\" content=\"es_ES\" \/>\n<meta property=\"og:type\" content=\"article\" \/>\n<meta property=\"og:title\" content=\"Simcenter Flomaster para Solid Edge | Simulaci\u00f3n CFD | Siemens\" \/>\n<meta property=\"og:description\" content=\"Modela y analiza flujos t\u00e9rmicos y de fluidos en sistemas de tuber\u00edas y optimiza tus flujos de trabajo de simulaci\u00f3n con Simcenter Flomaster para Solid Edge.\" \/>\n<meta property=\"og:url\" content=\"https:\/\/solidedge.siemens.com\/es\/solutions\/products\/simulation\/simcenter-flomaster-for-solid-edge\/\" \/>\n<meta property=\"og:site_name\" content=\"Solid Edge\" \/>\n<meta property=\"article:publisher\" content=\"https:\/\/www.facebook.com\/solidedge\" \/>\n<meta property=\"article:modified_time\" content=\"2021-10-29T20:31:41+00:00\" \/>\n<meta name=\"twitter:card\" content=\"summary_large_image\" \/>\n<meta name=\"twitter:site\" content=\"@siemensplm\" \/>\n<meta name=\"twitter:label1\" content=\"Tiempo de lectura\" \/>\n\t<meta name=\"twitter:data1\" content=\"5 minutos\" \/>\n<script type=\"application\/ld+json\" class=\"yoast-schema-graph\">{\"@context\":\"https:\/\/schema.org\",\"@graph\":[{\"@type\":\"Organization\",\"@id\":\"https:\/\/solidedge.siemens.com\/en\/#organization\",\"name\":\"Siemens Digital Industries Software\",\"url\":\"https:\/\/solidedge.siemens.com\/en\/\",\"sameAs\":[\"https:\/\/www.facebook.com\/solidedge\",\"https:\/\/www.instagram.com\/siemens\/\",\"https:\/\/www.linkedin.com\/company\/siemens-plm-software\",\"https:\/\/www.youtube.com\/user\/PolarionSoftware\",\"https:\/\/twitter.com\/siemensplm\"],\"logo\":{\"@type\":\"ImageObject\",\"@id\":\"https:\/\/solidedge.siemens.com\/en\/#logo\",\"inLanguage\":\"es\",\"url\":\"https:\/\/solidedge.siemens.com\/wp-content\/uploads\/2018\/04\/logo-siemens-ifl@2x.png\",\"contentUrl\":\"https:\/\/solidedge.siemens.com\/wp-content\/uploads\/2018\/04\/logo-siemens-ifl@2x.png\",\"width\":640,\"height\":270,\"caption\":\"Siemens Digital Industries Software\"},\"image\":{\"@id\":\"https:\/\/solidedge.siemens.com\/en\/#logo\"}},{\"@type\":\"WebSite\",\"@id\":\"https:\/\/solidedge.siemens.com\/en\/#website\",\"url\":\"https:\/\/solidedge.siemens.com\/en\/\",\"name\":\"Solid Edge\",\"description\":\"Siemens Software\",\"publisher\":{\"@id\":\"https:\/\/solidedge.siemens.com\/en\/#organization\"},\"potentialAction\":[{\"@type\":\"SearchAction\",\"target\":{\"@type\":\"EntryPoint\",\"urlTemplate\":\"https:\/\/solidedge.siemens.com\/en\/?s={search_term_string}\"},\"query-input\":\"required name=search_term_string\"}],\"inLanguage\":\"es\"},{\"@type\":\"WebPage\",\"@id\":\"https:\/\/solidedge.siemens.com\/es\/solutions\/products\/simulation\/simcenter-flomaster-for-solid-edge\/#webpage\",\"url\":\"https:\/\/solidedge.siemens.com\/es\/solutions\/products\/simulation\/simcenter-flomaster-for-solid-edge\/\",\"name\":\"Simcenter Flomaster para Solid Edge | Simulaci\u00f3n CFD | Siemens\",\"isPartOf\":{\"@id\":\"https:\/\/solidedge.siemens.com\/en\/#website\"},\"datePublished\":\"2021-10-29T20:31:25+00:00\",\"dateModified\":\"2021-10-29T20:31:41+00:00\",\"description\":\"Modela y analiza flujos t\u00e9rmicos y de fluidos en sistemas de tuber\u00edas y optimiza tus flujos de trabajo de simulaci\u00f3n con Simcenter Flomaster para Solid Edge.\",\"breadcrumb\":{\"@id\":\"https:\/\/solidedge.siemens.com\/es\/solutions\/products\/simulation\/simcenter-flomaster-for-solid-edge\/#breadcrumb\"},\"inLanguage\":\"es\",\"potentialAction\":[{\"@type\":\"ReadAction\",\"target\":[\"https:\/\/solidedge.siemens.com\/es\/solutions\/products\/simulation\/simcenter-flomaster-for-solid-edge\/\"]}]},{\"@type\":\"BreadcrumbList\",\"@id\":\"https:\/\/solidedge.siemens.com\/es\/solutions\/products\/simulation\/simcenter-flomaster-for-solid-edge\/#breadcrumb\",\"itemListElement\":[{\"@type\":\"ListItem\",\"position\":1,\"name\":\"Home\",\"item\":\"https:\/\/solidedge.siemens.com\/en\/home-12\/\"},{\"@type\":\"ListItem\",\"position\":2,\"name\":\"Soluciones\",\"item\":\"https:\/\/solidedge.siemens.com\/es\/solutions\/\"},{\"@type\":\"ListItem\",\"position\":3,\"name\":\"Productos\",\"item\":\"https:\/\/solidedge.siemens.com\/es\/solutions\/products\/\"},{\"@type\":\"ListItem\",\"position\":4,\"name\":\"Simulaci&oacute;n\",\"item\":\"https:\/\/solidedge.siemens.com\/es\/solutions\/products\/simulation\/\"},{\"@type\":\"ListItem\",\"position\":5,\"name\":\"Simcenter Flomaster para Solid Edge\"}]}]}<\/script>\n<!-- \/ Yoast SEO plugin. -->","yoast_head_json":{"title":"Simcenter Flomaster para Solid Edge | Simulaci\u00f3n CFD | Siemens","description":"Modela y analiza flujos t\u00e9rmicos y de fluidos en sistemas de tuber\u00edas y optimiza tus flujos de trabajo de simulaci\u00f3n con Simcenter Flomaster para Solid Edge.","robots":{"index":"index","follow":"follow","max-snippet":"max-snippet:-1","max-image-preview":"max-image-preview:large","max-video-preview":"max-video-preview:-1"},"canonical":"https:\/\/solidedge.siemens.com\/es\/solutions\/products\/simulation\/simcenter-flomaster-for-solid-edge\/","og_locale":"es_ES","og_type":"article","og_title":"Simcenter Flomaster para Solid Edge | Simulaci\u00f3n CFD | Siemens","og_description":"Modela y analiza flujos t\u00e9rmicos y de fluidos en sistemas de tuber\u00edas y optimiza tus flujos de trabajo de simulaci\u00f3n con Simcenter Flomaster para Solid Edge.","og_url":"https:\/\/solidedge.siemens.com\/es\/solutions\/products\/simulation\/simcenter-flomaster-for-solid-edge\/","og_site_name":"Solid Edge","article_publisher":"https:\/\/www.facebook.com\/solidedge","article_modified_time":"2021-10-29T20:31:41+00:00","twitter_card":"summary_large_image","twitter_site":"@siemensplm","twitter_misc":{"Tiempo de lectura":"5 minutos"},"schema":{"@context":"https:\/\/schema.org","@graph":[{"@type":"Organization","@id":"https:\/\/solidedge.siemens.com\/en\/#organization","name":"Siemens Digital Industries Software","url":"https:\/\/solidedge.siemens.com\/en\/","sameAs":["https:\/\/www.facebook.com\/solidedge","https:\/\/www.instagram.com\/siemens\/","https:\/\/www.linkedin.com\/company\/siemens-plm-software","https:\/\/www.youtube.com\/user\/PolarionSoftware","https:\/\/twitter.com\/siemensplm"],"logo":{"@type":"ImageObject","@id":"https:\/\/solidedge.siemens.com\/en\/#logo","inLanguage":"es","url":"https:\/\/solidedge.siemens.com\/wp-content\/uploads\/2018\/04\/logo-siemens-ifl@2x.png","contentUrl":"https:\/\/solidedge.siemens.com\/wp-content\/uploads\/2018\/04\/logo-siemens-ifl@2x.png","width":640,"height":270,"caption":"Siemens Digital Industries Software"},"image":{"@id":"https:\/\/solidedge.siemens.com\/en\/#logo"}},{"@type":"WebSite","@id":"https:\/\/solidedge.siemens.com\/en\/#website","url":"https:\/\/solidedge.siemens.com\/en\/","name":"Solid Edge","description":"Siemens Software","publisher":{"@id":"https:\/\/solidedge.siemens.com\/en\/#organization"},"potentialAction":[{"@type":"SearchAction","target":{"@type":"EntryPoint","urlTemplate":"https:\/\/solidedge.siemens.com\/en\/?s={search_term_string}"},"query-input":"required name=search_term_string"}],"inLanguage":"es"},{"@type":"WebPage","@id":"https:\/\/solidedge.siemens.com\/es\/solutions\/products\/simulation\/simcenter-flomaster-for-solid-edge\/#webpage","url":"https:\/\/solidedge.siemens.com\/es\/solutions\/products\/simulation\/simcenter-flomaster-for-solid-edge\/","name":"Simcenter Flomaster para Solid Edge | Simulaci\u00f3n CFD | Siemens","isPartOf":{"@id":"https:\/\/solidedge.siemens.com\/en\/#website"},"datePublished":"2021-10-29T20:31:25+00:00","dateModified":"2021-10-29T20:31:41+00:00","description":"Modela y analiza flujos t\u00e9rmicos y de fluidos en sistemas de tuber\u00edas y optimiza tus flujos de trabajo de simulaci\u00f3n con Simcenter Flomaster para Solid Edge.","breadcrumb":{"@id":"https:\/\/solidedge.siemens.com\/es\/solutions\/products\/simulation\/simcenter-flomaster-for-solid-edge\/#breadcrumb"},"inLanguage":"es","potentialAction":[{"@type":"ReadAction","target":["https:\/\/solidedge.siemens.com\/es\/solutions\/products\/simulation\/simcenter-flomaster-for-solid-edge\/"]}]},{"@type":"BreadcrumbList","@id":"https:\/\/solidedge.siemens.com\/es\/solutions\/products\/simulation\/simcenter-flomaster-for-solid-edge\/#breadcrumb","itemListElement":[{"@type":"ListItem","position":1,"name":"Home","item":"https:\/\/solidedge.siemens.com\/en\/home-12\/"},{"@type":"ListItem","position":2,"name":"Soluciones","item":"https:\/\/solidedge.siemens.com\/es\/solutions\/"},{"@type":"ListItem","position":3,"name":"Productos","item":"https:\/\/solidedge.siemens.com\/es\/solutions\/products\/"},{"@type":"ListItem","position":4,"name":"Simulaci&oacute;n","item":"https:\/\/solidedge.siemens.com\/es\/solutions\/products\/simulation\/"},{"@type":"ListItem","position":5,"name":"Simcenter Flomaster para Solid Edge"}]}]}},"_links":{"self":[{"href":"https:\/\/solidedge.siemens.com\/es\/wp-json\/wp\/v2\/pages\/49008"}],"collection":[{"href":"https:\/\/solidedge.siemens.com\/es\/wp-json\/wp\/v2\/pages"}],"about":[{"href":"https:\/\/solidedge.siemens.com\/es\/wp-json\/wp\/v2\/types\/page"}],"author":[{"embeddable":true,"href":"https:\/\/solidedge.siemens.com\/es\/wp-json\/wp\/v2\/users\/44"}],"replies":[{"embeddable":true,"href":"https:\/\/solidedge.siemens.com\/es\/wp-json\/wp\/v2\/comments?post=49008"}],"version-history":[{"count":8,"href":"https:\/\/solidedge.siemens.com\/es\/wp-json\/wp\/v2\/pages\/49008\/revisions"}],"predecessor-version":[{"id":53433,"href":"https:\/\/solidedge.siemens.com\/es\/wp-json\/wp\/v2\/pages\/49008\/revisions\/53433"}],"up":[{"embeddable":true,"href":"https:\/\/solidedge.siemens.com\/es\/wp-json\/wp\/v2\/pages\/2732"}],"wp:attachment":[{"href":"https:\/\/solidedge.siemens.com\/es\/wp-json\/wp\/v2\/media?parent=49008"}],"curies":[{"name":"wp","href":"https:\/\/api.w.org\/{rel}","templated":true}]}}