{"id":2421,"date":"2018-03-30T14:57:55","date_gmt":"2018-03-30T18:57:55","guid":{"rendered":"https:\/\/solidedge.siemens.com\/cloud\/"},"modified":"2022-11-04T12:27:31","modified_gmt":"2022-11-04T16:27:31","slug":"cloud-ready-design","status":"publish","type":"page","link":"https:\/\/solidedge.siemens.com\/es\/solutions\/initiatives\/cloud-ready-design\/","title":{"rendered":"Nube"},"content":{"rendered":"<p>[vc_row full_width=\u00bbstretch_row\u00bb full_height=\u00bbyes\u00bb content_placement=\u00bbmiddle\u00bb css=\u00bb.vc_custom_1525018965155{background: #a6a6a6 url(https:\/\/solidedge.siemens.com\/wp-content\/uploads\/2018\/04\/Cloud.jpg?id=907) !important;background-position: center !important;background-repeat: no-repeat !important;background-size: cover !important;}\u00bb el_class=\u00bbvc-row-hero-banner\u00bb][vc_column][vc_column_text el_class=\u00bb.vc-el-callout\u00bb]<\/p>\n<h1>Solid Edge ofrece dise\u00f1o en la nube adaptado a sus condiciones<\/h1>\n<p>Solid Edge le proporciona las funcionalidades en la nube que necesita y le ofrece f\u00e1cil acceso a CAD 3D profesional desde diferentes dispositivos, configuraci\u00f3n instant\u00e1nea de su entorno de CAD de acuerdo con sus preferencias personales, y la capacidad de compartir r\u00e1pidamente sus datos entre todos sus dise\u00f1adores, as\u00ed como con clientes y proveedores. Con Solid Edge en la nube, la necesidad de soporte de TI ser\u00e1 limitada y liberar\u00e1 al personal de TI para trabajar en proyectos de mejora de la productividad en lugar de dedicarse al mantenimiento del sistema cotidiano.<\/p>\n<p><a class=\"action-button\" href=\"\/es\/try-now\/\"><i class=\"icon-ext\"><\/i>Inicie su versi\u00f3n de prueba gratuita<\/a>[\/vc_column_text][\/vc_column][\/vc_row][vc_row el_class=\u00bbvc-row-accordion\u00bb][vc_column][vc_column_text el_class=\u00bbvc-el-lead-in\u00bb]Funcionalidades<\/p>\n<h2>F\u00e1cil acceso desde cualquier dispositivo<\/h2>\n<p>Solid Edge en la nube se instala y ejecuta desde el dispositivo local del usuario, lo que garantiza niveles de rendimiento y fiabilidad constantemente altos. Los archivos tambi\u00e9n se almacenan en la memoria cach\u00e9 local, con lo que se garantiza el rendimiento y la fiabilidad. Los usuarios de Solid Edge pueden continuar trabajando sin interrupciones, incluso si pierden su conexi\u00f3n a internet. Esto resulta esencial para usuarios de CAD que viajan, para los que trabajan en centros de clientes y para los que no disponen de una conexi\u00f3n a internet 100\u00a0% fiable. [\/vc_column_text][vc_tta_accordion style=\u00bbflat\u00bb shape=\u00bbsquare\u00bb active_section=\u00bb0&#8243; no_fill=\u00bbtrue\u00bb collapsible_all=\u00bbtrue\u00bb el_class=\u00bbvc-el-accordion\u00bb][vc_tta_section title=\u00bbF\u00e1cil acceso a CAD desde cualquier dispositivo\u00bb tab_id=\u00bbui_easy_access_to_cad_from_any_device\u00bb][vc_row_inner][vc_column_inner width=\u00bb7\/12&#8243;][vc_column_text]<\/p>\n<h2>F\u00e1cil acceso a CAD desde cualquier dispositivo<\/h2>\n<p>Solid Edge le acompa\u00f1a dondequiera que vaya. Su licencia de CAD se puede mantener en la nube y un simple inicio de sesi\u00f3n le permite ejecutar Solid Edge dondequiera que est\u00e9. Y, con el portal de Solid Edge, podr\u00e1 visualizar archivos CAD online desde cualquier dispositivo con acceso desde un navegador para ver archivos CAD en su tel\u00e9fono, tableta, Chromebook, Mac, PC y muchos otros dispositivos. Esto le facilita el paso de un dispositivo a otro, tanto si se encuentra en el centro de un cliente como en su oficina en casa.[\/vc_column_text][\/vc_column_inner][vc_column_inner width=\u00bb5\/12&#8243;][vc_single_image image=\u00bb908&#8243; img_size=\u00bbaccordion-image\u00bb alignment=\u00bbcenter\u00bb][\/vc_column_inner][\/vc_row_inner][\/vc_tta_section][vc_tta_section title=\u00bbEntorno CAD personalizado a su alcance\u00bb tab_id=\u00bbui_Personalized_CAD_Environment_At_Your_Fingertips\u00bb][vc_row_inner][vc_column_inner width=\u00bb7\/12&#8243;][vc_column_text]<\/p>\n<h2>Entorno CAD personalizado a su alcance<\/h2>\n<p>Al pasar de un dispositivo a otro, por ejemplo del uso de una estaci\u00f3n de trabajo en la oficina a una tableta al visitar a un cliente, puede recuperar su entorno personalizado de Solid Edge, incluso sus opciones de men\u00fa, colores, unidades y est\u00e1ndares de dibujo, con solo unos cuantos clics de rat\u00f3n, y completar r\u00e1pidamente tareas de dise\u00f1o en la nube.[\/vc_column_text][\/vc_column_inner][vc_column_inner width=\u00bb5\/12&#8243;][vc_single_image image=\u00bb909&#8243; img_size=\u00bbaccordion-image\u00bb][\/vc_column_inner][\/vc_row_inner][\/vc_tta_section][vc_tta_section title=\u00bbActualizaciones de software disponibles bajo demanda\u00bb tab_id=\u00bbui_Software_Updates_Available_On_Demand\u00bb][vc_row_inner][vc_column_inner width=\u00bb7\/12&#8243;][vc_column_text]<\/p>\n<h2>Actualizaciones de software disponibles bajo demanda<\/h2>\n<p>En lugar de buscar, descargar y distribuir actualizaciones de software, puede permitir a los usuarios acceder directamente al \u00faltimo paquete de mantenimiento de Solid Edge e instalarlo cuando prefiera.[\/vc_column_text][\/vc_column_inner][vc_column_inner width=\u00bb5\/12&#8243;][vc_single_image image=\u00bb910&#8243; img_size=\u00bbaccordion-image\u00bb][\/vc_column_inner][\/vc_row_inner][\/vc_tta_section][vc_tta_section title=\u00bbAlmacene y comparta f\u00e1cilmente sus archivos CAD\u00bb tab_id=\u00bbui_Easily_Vault_and_Share_Your_CAD_Files\u00bb][vc_row_inner][vc_column_inner width=\u00bb7\/12&#8243;][vc_column_text]<\/p>\n<h2>Almacene y comparta f\u00e1cilmente sus archivos CAD<\/h2>\n<p>Los usuarios pueden aprovechar populares aplicaciones de intercambio de archivos basadas en la nube como Dropbox, Microsoft One Drive, Google Drive o Box para realizar copias de seguridad, compartir y colaborar en sus archivos CAD. Se puede crear una r\u00e9plica de un dep\u00f3sito completo de archivos CAD en 2 o m\u00e1s sitios, lo que permite un r\u00e1pido acceso a los datos que necesite, y un mecanismo de bloqueo de archivos evita que un usuario pueda sobrescribir accidentalmente los cambios de otro usuario. [\/vc_column_text][\/vc_column_inner][vc_column_inner width=\u00bb5\/12&#8243;][vc_single_image image=\u00bb911&#8243; img_size=\u00bbaccordion-image\u00bb][\/vc_column_inner][\/vc_row_inner][\/vc_tta_section][vc_tta_section title=\u00bbColabore mejor con el portal de Solid Edge\u00bb tab_id=\u00bbui_Collaborate_Better_with_the_Solid_Edge_Portal\u00bb][vc_row_inner][vc_column_inner width=\u00bb7\/12&#8243;][vc_column_text]<\/p>\n<h2>Colabore mejor con el portal de Solid Edge<\/h2>\n<p>\u00bfBusca una manera f\u00e1cil de colaborar mejor en el dise\u00f1o de proyectos con otros dise\u00f1adores, otros departamentos y proveedores y clientes externos? Cargue sus archivos CAD en la nube mediante el portal de Solid Edge y organ\u00edcelos en proyectos, para m\u00e1s tarde visualizar sus modelos CAD 3D y compartir algunos espec\u00edficos con otros usuarios. El portal de Solid Edge es intuitivo y le permite utilizar sus archivos en cualquier momento y desde cualquier lugar mediante todos los navegadores web m\u00e1s populares.[\/vc_column_text][\/vc_column_inner][vc_column_inner width=\u00bb5\/12&#8243;][vc_single_image image=\u00bb912&#8243; img_size=\u00bbaccordion-image\u00bb][\/vc_column_inner][\/vc_row_inner][\/vc_tta_section][\/vc_tta_accordion][\/vc_column][\/vc_row][vc_row full_width=\u00bbstretch_row\u00bb el_class=\u00bbvc-row-free-software\u00bb css=\u00bb.vc_custom_1523912493378{background-color: #006486 !important;}\u00bb][vc_column][vc_column_text el_class=\u00bbvc-el-lead-in\u00bb]Software GRATUITO<\/p>\n<h2>Software gratuito en la nube para dise\u00f1o y colaboraci\u00f3n<\/h2>\n<p>[\/vc_column_text][vc_row_inner equal_height=\u00bbyes\u00bb][vc_column_inner width=\u00bb1\/2&#8243; offset=\u00bbvc_col-md-5&#8243;]<div class=\"wpb_content_block wpb_content_element\"><div class=\"wpb_wrapper\"><div class=\"content_block\" id=\"custom_post_widget-913\"><p>[vc_row][vc_column][vc_column_text]<\/p>\n<h3>Utilice el portal gratuito de Solid Edge<\/h3>\n<p>Cree una cuenta gratuita para la gesti\u00f3n, visualizaci\u00f3n y colaboraci\u00f3n de CAD online.[\/vc_column_text][vc_column_text]<a class=\"action-button\" href=\"https:\/\/share.sws.siemens.com\/\"><i class=\"icon-ext\"><\/i>Empecemos<\/a>[\/vc_column_text][\/vc_column][\/vc_row]<\/p>\n<\/div><\/div><\/div>[\/vc_column_inner][vc_column_inner width=\u00bb1\/2&#8243; offset=\u00bbvc_col-md-offset-2 vc_col-md-5&#8243;]<div class=\"wpb_content_block wpb_content_element\"><div class=\"wpb_wrapper\"><div class=\"content_block\" id=\"custom_post_widget-418\"><p>[vc_row][vc_column][vc_column_text]<\/p>\n<h3>Pruebe Solid Edge de forma gratuita<\/h3>\n<p>Obtenga acceso instant\u00e1neo a una prueba gratuita de Solid Edge y pru\u00e9belo usted mismo.[\/vc_column_text][vc_column_text]<a class=\"action-button\" href=\"\/es\/try-now\/\"><i class=\"icon-ext\"><\/i>Empiece ahora<\/a>[\/vc_column_text][\/vc_column][\/vc_row]<\/p>\n<\/div><\/div><\/div>[\/vc_column_inner][\/vc_row_inner][\/vc_column][\/vc_row][vc_row full_width=\u00bbstretch_row\u00bb el_class=\u00bbvc-row-related-content\u00bb css=\u00bb.vc_custom_1524184785822{background-color: #347eb5 !important;}\u00bb][vc_column][vc_column_text]<\/p>\n<h2>Contenido relacionado<\/h2>\n<p>[\/vc_column_text]<div id=\"ult-carousel-64279917769f4605c272c9\" class=\"ult-carousel-wrapper  vc-el-carousel-related-content ult_horizontal\" data-gutter=\"0\" data-rtl=\"false\" ><div class=\"ult-carousel-26953595769f4605c272a7 \" >[vc_column_text]<a href=\"https:\/\/www.plm.automation.siemens.com\/store\/en-us\/solid-edge\/\">Compre Solid Edge en la tienda de Siemens Digital Industries Software <\/a>[\/vc_column_text][vc_column_text]<a href=\"https:\/\/solidedgeportal.sws.siemens.com\/home\/\">Visite el portal de Solid Edge<\/a>[\/vc_column_text][vc_column_text]<a href=\"https:\/\/community.plm.automation.siemens.com\/t5\/Solid-Edge-Knowledge-Base\/Cloud-Enabled-CAD-How-to-switch-your-Solid-Edge-license\/ta-p\/426336\">Traslade su licencia de Solid Edge a un entorno en la nube<\/a>[\/vc_column_text][vc_column_text]<a href=\"https:\/\/www.engineering.com\/PLMERP\/ArticleID\/12187\/PLM-This-Week-Solid-Edge-Introduces-Cloud-and-Data-Management-Autodesk-Revenues-Fall.aspx\">Cobertura de los medios:<br \/>\n<\/a><a href=\"https:\/\/www.engineering.com\/PLMERP\/ArticleID\/12187\/PLM-This-Week-Solid-Edge-Introduces-Cloud-and-Data-Management-Autodesk-Revenues-Fall.aspx\">Solid Edge se abre a la nube <\/a>[\/vc_column_text]<\/div><\/div>\t\t\t<script type=\"text\/javascript\">\r\n\t\t\t\tjQuery(document).ready(function ($) {\r\n\t\t\t\t\tif( typeof jQuery('.ult-carousel-26953595769f4605c272a7').slick == \"function\"){\r\n\t\t\t\t\t\t$('.ult-carousel-26953595769f4605c272a7').slick({dots: true,autoplaySpeed: 5000,speed: 500,infinite: false,arrows: true,nextArrow: '<button type=\"button\" role=\"button\" aria-label=\"Next\" style=\"color:#ffffff; font-size:30px;background:rgba(255,255,255,0.2);\" class=\"slick-next square-bg\"><i class=\"ultsl-arrow-right6\"><\/i><\/button>',prevArrow: '<button type=\"button\" role=\"button\" aria-label=\"Previous\" style=\"color:#ffffff; font-size:30px;background:rgba(255,255,255,0.2);\" class=\"slick-prev square-bg\"><i class=\"ultsl-arrow-left6\"><\/i><\/button>',slidesToScroll:4,slidesToShow:4,swipe: true,draggable: true,touchMove: true,pauseOnHover: true,pauseOnFocus: false,responsive: [\r\n\t\t\t\t\t\t\t{\r\n\t\t\t\t\t\t\t  breakpoint: 1026,\r\n\t\t\t\t\t\t\t  settings: {\r\n\t\t\t\t\t\t\t\tslidesToShow: 4,\r\n\t\t\t\t\t\t\t\tslidesToScroll: 4,  \r\n\t\t\t\t\t\t\t  }\r\n\t\t\t\t\t\t\t},\r\n\t\t\t\t\t\t\t{\r\n\t\t\t\t\t\t\t  breakpoint: 1025,\r\n\t\t\t\t\t\t\t  settings: {\r\n\t\t\t\t\t\t\t\tslidesToShow: 2,\r\n\t\t\t\t\t\t\t\tslidesToScroll: 2\r\n\t\t\t\t\t\t\t  }\r\n\t\t\t\t\t\t\t},\r\n\t\t\t\t\t\t\t{\r\n\t\t\t\t\t\t\t  breakpoint: 760,\r\n\t\t\t\t\t\t\t  settings: {\r\n\t\t\t\t\t\t\t\tslidesToShow: 1,\r\n\t\t\t\t\t\t\t\tslidesToScroll: 1\r\n\t\t\t\t\t\t\t  }\r\n\t\t\t\t\t\t\t}\r\n\t\t\t\t\t\t],pauseOnDotsHover: true,customPaging: function(slider, i) {\r\n                   return '<i type=\"button\" style= \"color:#ffffff;\" class=\"ultsl-record\" data-role=\"none\"><\/i>';\r\n                },});\r\n\t\t\t\t\t}\r\n\t\t\t\t});\r\n\t\t\t<\/script>\r\n\t\t\t[\/vc_column][\/vc_row][vc_row full_width=\u00bbstretch_row\u00bb el_class=\u00bbfooter-contact\u00bb css=\u00bb.vc_custom_1550170708528{background-color: #dedee3 !important;}\u00bb][vc_column]<div class=\"wpb_content_block wpb_content_element\"><div class=\"wpb_wrapper\"><\/div><\/div>[\/vc_column][\/vc_row]<\/p>\n","protected":false},"excerpt":{"rendered":"<p> Solid Edge ofrece dise\u00f1o en la nube adaptado a sus condiciones Solid Edge le proporciona las funcionalidades en la nube que necesita y le ofrece f\u00e1cil acceso a CAD 3D profesional desde diferentes dispositivos, configuraci\u00f3n instant\u00e1nea de su entorno [&hellip;]<\/p>\n","protected":false},"author":5,"featured_media":0,"parent":2751,"menu_order":100,"comment_status":"closed","ping_status":"closed","template":"","meta":{"inline_featured_image":false},"yoast_head":"<!-- This site is optimized with the Yoast SEO plugin v18.4.1 - https:\/\/yoast.com\/wordpress\/plugins\/seo\/ -->\n<title>Nube | CAD, colaboraci\u00f3n e intercambio de datos | Solid Edge<\/title>\n<meta name=\"description\" content=\"Solid Edge ofrece CAD en la nube: acceso por medio de distintos dispositivos, configuraci\u00f3n instant\u00e1nea y posibilidad de compartir sus datos r\u00e1pidamente.\" \/>\n<meta name=\"robots\" content=\"index, follow, max-snippet:-1, max-image-preview:large, max-video-preview:-1\" \/>\n<link rel=\"canonical\" href=\"https:\/\/solidedge.siemens.com\/es\/solutions\/initiatives\/cloud-ready-design\/\" \/>\n<meta property=\"og:locale\" content=\"es_ES\" \/>\n<meta property=\"og:type\" content=\"article\" \/>\n<meta property=\"og:title\" content=\"Nube | CAD, colaboraci\u00f3n e intercambio de datos | Solid Edge\" \/>\n<meta property=\"og:description\" content=\"Solid Edge ofrece CAD en la nube: acceso por medio de distintos dispositivos, configuraci\u00f3n instant\u00e1nea y posibilidad de compartir sus datos r\u00e1pidamente.\" \/>\n<meta property=\"og:url\" content=\"https:\/\/solidedge.siemens.com\/es\/solutions\/initiatives\/cloud-ready-design\/\" \/>\n<meta property=\"og:site_name\" content=\"Solid Edge\" \/>\n<meta property=\"article:publisher\" content=\"https:\/\/www.facebook.com\/solidedge\" \/>\n<meta property=\"article:modified_time\" content=\"2022-11-04T16:27:31+00:00\" \/>\n<meta name=\"twitter:card\" content=\"summary_large_image\" \/>\n<meta name=\"twitter:site\" content=\"@siemensplm\" \/>\n<meta name=\"twitter:label1\" content=\"Tiempo de lectura\" \/>\n\t<meta name=\"twitter:data1\" content=\"6 minutos\" \/>\n<script type=\"application\/ld+json\" class=\"yoast-schema-graph\">{\"@context\":\"https:\/\/schema.org\",\"@graph\":[{\"@type\":\"Organization\",\"@id\":\"https:\/\/solidedge.siemens.com\/en\/#organization\",\"name\":\"Siemens Digital Industries Software\",\"url\":\"https:\/\/solidedge.siemens.com\/en\/\",\"sameAs\":[\"https:\/\/www.facebook.com\/solidedge\",\"https:\/\/www.instagram.com\/siemens\/\",\"https:\/\/www.linkedin.com\/company\/siemens-plm-software\",\"https:\/\/www.youtube.com\/user\/PolarionSoftware\",\"https:\/\/twitter.com\/siemensplm\"],\"logo\":{\"@type\":\"ImageObject\",\"@id\":\"https:\/\/solidedge.siemens.com\/en\/#logo\",\"inLanguage\":\"es\",\"url\":\"https:\/\/solidedge.siemens.com\/wp-content\/uploads\/2018\/04\/logo-siemens-ifl@2x.png\",\"contentUrl\":\"https:\/\/solidedge.siemens.com\/wp-content\/uploads\/2018\/04\/logo-siemens-ifl@2x.png\",\"width\":640,\"height\":270,\"caption\":\"Siemens Digital Industries Software\"},\"image\":{\"@id\":\"https:\/\/solidedge.siemens.com\/en\/#logo\"}},{\"@type\":\"WebSite\",\"@id\":\"https:\/\/solidedge.siemens.com\/en\/#website\",\"url\":\"https:\/\/solidedge.siemens.com\/en\/\",\"name\":\"Solid Edge\",\"description\":\"Siemens Software\",\"publisher\":{\"@id\":\"https:\/\/solidedge.siemens.com\/en\/#organization\"},\"potentialAction\":[{\"@type\":\"SearchAction\",\"target\":{\"@type\":\"EntryPoint\",\"urlTemplate\":\"https:\/\/solidedge.siemens.com\/en\/?s={search_term_string}\"},\"query-input\":\"required name=search_term_string\"}],\"inLanguage\":\"es\"},{\"@type\":\"WebPage\",\"@id\":\"https:\/\/solidedge.siemens.com\/es\/solutions\/initiatives\/cloud-ready-design\/#webpage\",\"url\":\"https:\/\/solidedge.siemens.com\/es\/solutions\/initiatives\/cloud-ready-design\/\",\"name\":\"Nube | CAD, colaboraci\u00f3n e intercambio de datos | Solid Edge\",\"isPartOf\":{\"@id\":\"https:\/\/solidedge.siemens.com\/en\/#website\"},\"datePublished\":\"2018-03-30T18:57:55+00:00\",\"dateModified\":\"2022-11-04T16:27:31+00:00\",\"description\":\"Solid Edge ofrece CAD en la nube: acceso por medio de distintos dispositivos, configuraci\u00f3n instant\u00e1nea y posibilidad de compartir sus datos r\u00e1pidamente.\",\"breadcrumb\":{\"@id\":\"https:\/\/solidedge.siemens.com\/es\/solutions\/initiatives\/cloud-ready-design\/#breadcrumb\"},\"inLanguage\":\"es\",\"potentialAction\":[{\"@type\":\"ReadAction\",\"target\":[\"https:\/\/solidedge.siemens.com\/es\/solutions\/initiatives\/cloud-ready-design\/\"]}]},{\"@type\":\"BreadcrumbList\",\"@id\":\"https:\/\/solidedge.siemens.com\/es\/solutions\/initiatives\/cloud-ready-design\/#breadcrumb\",\"itemListElement\":[{\"@type\":\"ListItem\",\"position\":1,\"name\":\"Home\",\"item\":\"https:\/\/solidedge.siemens.com\/en\/home-12\/\"},{\"@type\":\"ListItem\",\"position\":2,\"name\":\"Soluciones\",\"item\":\"https:\/\/solidedge.siemens.com\/es\/solutions\/\"},{\"@type\":\"ListItem\",\"position\":3,\"name\":\"Iniciativas\",\"item\":\"https:\/\/solidedge.siemens.com\/es\/solutions\/initiatives\/\"},{\"@type\":\"ListItem\",\"position\":4,\"name\":\"Nube\"}]}]}<\/script>\n<!-- \/ Yoast SEO plugin. -->","yoast_head_json":{"title":"Nube | CAD, colaboraci\u00f3n e intercambio de datos | Solid Edge","description":"Solid Edge ofrece CAD en la nube: acceso por medio de distintos dispositivos, configuraci\u00f3n instant\u00e1nea y posibilidad de compartir sus datos r\u00e1pidamente.","robots":{"index":"index","follow":"follow","max-snippet":"max-snippet:-1","max-image-preview":"max-image-preview:large","max-video-preview":"max-video-preview:-1"},"canonical":"https:\/\/solidedge.siemens.com\/es\/solutions\/initiatives\/cloud-ready-design\/","og_locale":"es_ES","og_type":"article","og_title":"Nube | CAD, colaboraci\u00f3n e intercambio de datos | Solid Edge","og_description":"Solid Edge ofrece CAD en la nube: acceso por medio de distintos dispositivos, configuraci\u00f3n instant\u00e1nea y posibilidad de compartir sus datos r\u00e1pidamente.","og_url":"https:\/\/solidedge.siemens.com\/es\/solutions\/initiatives\/cloud-ready-design\/","og_site_name":"Solid Edge","article_publisher":"https:\/\/www.facebook.com\/solidedge","article_modified_time":"2022-11-04T16:27:31+00:00","twitter_card":"summary_large_image","twitter_site":"@siemensplm","twitter_misc":{"Tiempo de lectura":"6 minutos"},"schema":{"@context":"https:\/\/schema.org","@graph":[{"@type":"Organization","@id":"https:\/\/solidedge.siemens.com\/en\/#organization","name":"Siemens Digital Industries Software","url":"https:\/\/solidedge.siemens.com\/en\/","sameAs":["https:\/\/www.facebook.com\/solidedge","https:\/\/www.instagram.com\/siemens\/","https:\/\/www.linkedin.com\/company\/siemens-plm-software","https:\/\/www.youtube.com\/user\/PolarionSoftware","https:\/\/twitter.com\/siemensplm"],"logo":{"@type":"ImageObject","@id":"https:\/\/solidedge.siemens.com\/en\/#logo","inLanguage":"es","url":"https:\/\/solidedge.siemens.com\/wp-content\/uploads\/2018\/04\/logo-siemens-ifl@2x.png","contentUrl":"https:\/\/solidedge.siemens.com\/wp-content\/uploads\/2018\/04\/logo-siemens-ifl@2x.png","width":640,"height":270,"caption":"Siemens Digital Industries Software"},"image":{"@id":"https:\/\/solidedge.siemens.com\/en\/#logo"}},{"@type":"WebSite","@id":"https:\/\/solidedge.siemens.com\/en\/#website","url":"https:\/\/solidedge.siemens.com\/en\/","name":"Solid Edge","description":"Siemens Software","publisher":{"@id":"https:\/\/solidedge.siemens.com\/en\/#organization"},"potentialAction":[{"@type":"SearchAction","target":{"@type":"EntryPoint","urlTemplate":"https:\/\/solidedge.siemens.com\/en\/?s={search_term_string}"},"query-input":"required name=search_term_string"}],"inLanguage":"es"},{"@type":"WebPage","@id":"https:\/\/solidedge.siemens.com\/es\/solutions\/initiatives\/cloud-ready-design\/#webpage","url":"https:\/\/solidedge.siemens.com\/es\/solutions\/initiatives\/cloud-ready-design\/","name":"Nube | CAD, colaboraci\u00f3n e intercambio de datos | Solid Edge","isPartOf":{"@id":"https:\/\/solidedge.siemens.com\/en\/#website"},"datePublished":"2018-03-30T18:57:55+00:00","dateModified":"2022-11-04T16:27:31+00:00","description":"Solid Edge ofrece CAD en la nube: acceso por medio de distintos dispositivos, configuraci\u00f3n instant\u00e1nea y posibilidad de compartir sus datos r\u00e1pidamente.","breadcrumb":{"@id":"https:\/\/solidedge.siemens.com\/es\/solutions\/initiatives\/cloud-ready-design\/#breadcrumb"},"inLanguage":"es","potentialAction":[{"@type":"ReadAction","target":["https:\/\/solidedge.siemens.com\/es\/solutions\/initiatives\/cloud-ready-design\/"]}]},{"@type":"BreadcrumbList","@id":"https:\/\/solidedge.siemens.com\/es\/solutions\/initiatives\/cloud-ready-design\/#breadcrumb","itemListElement":[{"@type":"ListItem","position":1,"name":"Home","item":"https:\/\/solidedge.siemens.com\/en\/home-12\/"},{"@type":"ListItem","position":2,"name":"Soluciones","item":"https:\/\/solidedge.siemens.com\/es\/solutions\/"},{"@type":"ListItem","position":3,"name":"Iniciativas","item":"https:\/\/solidedge.siemens.com\/es\/solutions\/initiatives\/"},{"@type":"ListItem","position":4,"name":"Nube"}]}]}},"_links":{"self":[{"href":"https:\/\/solidedge.siemens.com\/es\/wp-json\/wp\/v2\/pages\/2421"}],"collection":[{"href":"https:\/\/solidedge.siemens.com\/es\/wp-json\/wp\/v2\/pages"}],"about":[{"href":"https:\/\/solidedge.siemens.com\/es\/wp-json\/wp\/v2\/types\/page"}],"author":[{"embeddable":true,"href":"https:\/\/solidedge.siemens.com\/es\/wp-json\/wp\/v2\/users\/5"}],"replies":[{"embeddable":true,"href":"https:\/\/solidedge.siemens.com\/es\/wp-json\/wp\/v2\/comments?post=2421"}],"version-history":[{"count":1,"href":"https:\/\/solidedge.siemens.com\/es\/wp-json\/wp\/v2\/pages\/2421\/revisions"}],"predecessor-version":[{"id":64945,"href":"https:\/\/solidedge.siemens.com\/es\/wp-json\/wp\/v2\/pages\/2421\/revisions\/64945"}],"up":[{"embeddable":true,"href":"https:\/\/solidedge.siemens.com\/es\/wp-json\/wp\/v2\/pages\/2751"}],"wp:attachment":[{"href":"https:\/\/solidedge.siemens.com\/es\/wp-json\/wp\/v2\/media?parent=2421"}],"curies":[{"name":"wp","href":"https:\/\/api.w.org\/{rel}","templated":true}]}}