{"id":2262,"date":"2018-03-30T15:18:47","date_gmt":"2018-03-30T19:18:47","guid":{"rendered":"https:\/\/solidedge.siemens.com\/academic\/"},"modified":"2019-08-26T14:48:09","modified_gmt":"2019-08-26T18:48:09","slug":"academic","status":"publish","type":"page","link":"https:\/\/solidedge.siemens.com\/es\/industries\/academic\/","title":{"rendered":"Formaci\u00f3n acad\u00e9mica"},"content":{"rendered":"<p>[vc_row el_class=\u00bbvc-row-page-text-intro\u00bb][vc_column][vc_column_text]<\/p>\n<h1>Formaci\u00f3n acad\u00e9mica<\/h1>\n<p>[\/vc_column_text][vc_column_text]<strong>Recursos Acad\u00e9micos para profesores y estudiantes, <\/strong><\/p>\n<p>Estamos orgullosos de ayudar a profesores, tutores y alumnos de todas las edades. Con Solid Edge, los grupos acad\u00e9micos, pueden obtener una valiosa experiencia con tecnolog\u00eda l\u00edder en el sector, que ayudar\u00e1 en el aprendizaje de materias de STEM (ciencia, tecnolog\u00eda, ingenier\u00eda y matem\u00e1ticas) y en la participaci\u00f3n en todos los niveles de educaci\u00f3n. [\/vc_column_text][\/vc_column][\/vc_row][vc_row full_width=\u00bbstretch_row\u00bb equal_height=\u00bbyes\u00bb el_class=\u00bbvc-row-linked-image-teasers\u00bb css=\u00bb.vc_custom_1525714113909{background-color: #ebf0f6 !important;}\u00bb][vc_column width=\u00bb1\/2&#8243;][vc_single_image image=\u00bb1105&#8243; img_size=\u00bblinked-teaser\u00bb alignment=\u00bbcenter\u00bb][vc_column_text]<\/p>\n<h3><a href=\"https:\/\/solidedge.siemens.com\/es\/solutions\/users\/students\/\">Recursos para estudiantes de Solid Edge <\/a><\/h3>\n<p>Los estudiantes de Solid Edge tienen acceso a una versi\u00f3n gratuita del mismo software f\u00e1cil de usar empleado por los profesionales, as\u00ed como a recursos de aprendizaje gratuitos, incluidos tutoriales basados en proyectos.[\/vc_column_text][\/vc_column][vc_column width=\u00bb1\/2&#8243;][vc_single_image image=\u00bb1116&#8243; img_size=\u00bblinked-teaser\u00bb alignment=\u00bbcenter\u00bb][vc_column_text]<\/p>\n<h3><a href=\"https:\/\/solidedge.siemens.com\/es\/solutions\/users\/educators\/\">Recursos para profesores de Solid Edge<\/a><\/h3>\n<p>Solid Edge ofrece a profesores y tutores recursos educativos gratuitos, incluido software y planes de estudios para implicar a su clase, grupo o club extraescolar en el aprendizaje de STEM.[\/vc_column_text][\/vc_column][\/vc_row][vc_row full_width=\u00bbstretch_row\u00bb el_class=\u00bbvc-row-free-software\u00bb css=\u00bb.vc_custom_1523912493378{background-color: #006486 !important;}\u00bb][vc_column][vc_column_text el_class=\u00bbvc-el-lead-in\u00bb]Siguientes pasos<\/p>\n<h2>Oportunidades para mejorar el curr\u00edculum<\/h2>\n<p>[\/vc_column_text][vc_row_inner equal_height=\u00bbyes\u00bb][vc_column_inner width=\u00bb1\/2&#8243; offset=\u00bbvc_col-md-5&#8243;]<div class=\"wpb_content_block wpb_content_element\"><div class=\"wpb_wrapper\"><div class=\"content_block\" id=\"custom_post_widget-462\"><p>[vc_row][vc_column][vc_column_text]<\/p>\n<h3>Obtenga certificaci\u00f3n de Solid Edge<\/h3>\n<p>Los estudiantes pueden demostrar sus aptitudes realizando ex\u00e1menes online y obteniendo su acreditaci\u00f3n como Socios Certificados de Solid Edge.[\/vc_column_text][vc_column_text]<a class=\"action-button\" href=\"https:\/\/solidedge.siemens.com\/es\/resources\/solid-edge-certification\/\"><i class=\"icon-ext\"><\/i>M\u00e1s informaci\u00f3n<\/a>[\/vc_column_text][\/vc_column][\/vc_row]<\/p>\n<\/div><\/div><\/div>[\/vc_column_inner][vc_column_inner width=\u00bb1\/2&#8243; offset=\u00bbvc_col-md-offset-2 vc_col-md-5&#8243;]<div class=\"wpb_content_block wpb_content_element\"><div class=\"wpb_wrapper\"><div class=\"content_block\" id=\"custom_post_widget-463\"><p>[vc_row][vc_column][vc_column_text]<\/p>\n<h3>Participe en el concurso de dise\u00f1o para estudiantes<\/h3>\n<p>El concurso de dise\u00f1o para estudiantes de Siemens Digital Industries Software le ofrece reconocimiento global por todo su arduo trabajo. Demuestre su val\u00eda ante sus compa\u00f1eros, sus profesores y sus futuros jefes.[\/vc_column_text][vc_column_text]<a class=\"action-button\" href=\"https:\/\/www.plm.automation.siemens.com\/global\/es\/our-story\/partners\/academic\/student-engineering-software.html\" target=\"_blank\" rel=\"noopener\"><i class=\"icon-ext\"><\/i>M\u00e1s informaci\u00f3n<\/a>[\/vc_column_text][\/vc_column][\/vc_row]<\/p>\n<\/div><\/div><\/div>[\/vc_column_inner][\/vc_row_inner][\/vc_column][\/vc_row][vc_row full_width=\u00bbstretch_row\u00bb el_class=\u00bbvc-row-customer-stories\u00bb][vc_column][vc_column_text el_class=\u00bbvc-el-lead-in\u00bb]Historias de clientes<\/p>\n<h2>C\u00f3mo valoran las escuelas reales las ventajas de Solid Edge<\/h2>\n<p>[\/vc_column_text]\n\n\n<div id=\"wpv-view-layout-570-CATTR35fb229f1f04c59a7878a2d09c60abdc\" class=\"js-wpv-view-layout js-wpv-layout-responsive js-wpv-view-layout-570-CATTR35fb229f1f04c59a7878a2d09c60abdc\" data-viewnumber=\"570-CATTR35fb229f1f04c59a7878a2d09c60abdc\" data-pagination=\"{&quot;id&quot;:570,&quot;query&quot;:&quot;normal&quot;,&quot;type&quot;:&quot;disabled&quot;,&quot;effect&quot;:&quot;fade&quot;,&quot;duration&quot;:500,&quot;speed&quot;:5,&quot;pause_on_hover&quot;:&quot;disabled&quot;,&quot;stop_rollover&quot;:&quot;false&quot;,&quot;cache_pages&quot;:&quot;enabled&quot;,&quot;preload_images&quot;:&quot;enabled&quot;,&quot;preload_pages&quot;:&quot;enabled&quot;,&quot;preload_reach&quot;:1,&quot;spinner&quot;:&quot;builtin&quot;,&quot;spinner_image&quot;:&quot;https:\/\/solidedge.siemens.com\/wp-content\/plugins\/wp-views\/embedded\/res\/img\/ajax-loader.gif&quot;,&quot;callback_next&quot;:&quot;&quot;,&quot;manage_history&quot;:&quot;disabled&quot;,&quot;has_controls_in_form&quot;:&quot;disabled&quot;,&quot;infinite_tolerance&quot;:&quot;0&quot;,&quot;max_pages&quot;:0,&quot;page&quot;:1,&quot;base_permalink&quot;:&quot;\/es\/wp-json\/wp\/v2\/pages\/2262?wpv_view_count=570-CATTR35fb229f1f04c59a7878a2d09c60abdc&amp;wpv_paged=WPV_PAGE_NUM&quot;,&quot;loop&quot;:{&quot;type&quot;:&quot;&quot;,&quot;name&quot;:&quot;&quot;,&quot;data&quot;:[],&quot;id&quot;:0}}\" data-permalink=\"\/es\/wp-json\/wp\/v2\/pages\/2262?wpv_view_count=570-CATTR35fb229f1f04c59a7878a2d09c60abdc\">\n\n\t\n\t\n\t\n<\/div>\n[\/vc_column][\/vc_row][vc_row full_width=\u00bbstretch_row\u00bb el_class=\u00bbvc-row-related-content\u00bb css=\u00bb.vc_custom_1524184785822{background-color: #347eb5 !important;}\u00bb][vc_column][vc_column_text]<\/p>\n<h2>Contenido relacionado<\/h2>\n<p>[\/vc_column_text]<div id=\"ult-carousel-135222608769f6a2654a34d\" class=\"ult-carousel-wrapper  vc-el-carousel-related-content ult_horizontal\" data-gutter=\"0\" data-rtl=\"false\" ><div class=\"ult-carousel-92571969f6a2654a324 \" >[vc_column_text]<a href=\"Mailto:solid-edge-students.plm@siemens.com\">Contacte con nosotros para obtener m\u00e1s informaci\u00f3n<\/a>[\/vc_column_text][vc_column_text]<a href=\"http:\/\/community.plm.automation.siemens.com\/t5\/Solid-Edge\/ct-p\/solid-edge\">Comunidad de Solid Edge<\/a>[\/vc_column_text][vc_column_text]<a href=\"http:\/\/www.facebook.com\/solidedge\">Solid Edge en Facebook<\/a>[\/vc_column_text][vc_column_text]<a href=\"https:\/\/www.youtube.com\/user\/SiemensPLM\/playlists?shelf_id=18&amp;view=50&amp;sort=dd\">Solid Edge en YouTube<\/a>[\/vc_column_text][vc_column_text]<a href=\"https:\/\/www.plm.automation.siemens.com\/es\/academic\/resources\/solid-edge\/educators\/index.shtml\">Edici\u00f3n escolar de Solid Edge<\/a>[\/vc_column_text][vc_column_text]<a href=\"https:\/\/www.plm.automation.siemens.com\/es\/academic\/resources\/solid-edge\/educators\/index.shtml\">Edici\u00f3n universitaria de Solid Edge<\/a>[\/vc_column_text][vc_column_text]<a href=\"https:\/\/solidedge.siemens.com\/es\/pages\/greenpower\/\">Greenpower<\/a>[\/vc_column_text][vc_column_text]<a href=\"https:\/\/www.gearupu.com\/\">GearUp University<\/a>[\/vc_column_text][vc_column_text]<a href=\"http:\/\/docs.plm.automation.siemens.com\/tdoc\/se\/latest\/se_help\">Tutoriales y referencia r\u00e1pida <\/a>[\/vc_column_text][vc_column_text]<a href=\"http:\/\/docs.plm.automation.siemens.com\/tdoc\/se\/latest\/se_help\">Centro de documentaci\u00f3n de Solid Edge<\/a>[\/vc_column_text]<\/div><\/div>\t\t\t<script type=\"text\/javascript\">\r\n\t\t\t\tjQuery(document).ready(function ($) {\r\n\t\t\t\t\tif( typeof jQuery('.ult-carousel-92571969f6a2654a324').slick == \"function\"){\r\n\t\t\t\t\t\t$('.ult-carousel-92571969f6a2654a324').slick({dots: true,autoplaySpeed: 5000,speed: 500,infinite: false,arrows: true,nextArrow: '<button type=\"button\" role=\"button\" aria-label=\"Next\" style=\"color:#ffffff; font-size:30px;background:rgba(255,255,255,0.2);\" class=\"slick-next square-bg\"><i class=\"ultsl-arrow-right6\"><\/i><\/button>',prevArrow: '<button type=\"button\" role=\"button\" aria-label=\"Previous\" style=\"color:#ffffff; font-size:30px;background:rgba(255,255,255,0.2);\" class=\"slick-prev square-bg\"><i class=\"ultsl-arrow-left6\"><\/i><\/button>',slidesToScroll:4,slidesToShow:4,swipe: true,draggable: true,touchMove: true,pauseOnHover: true,pauseOnFocus: false,responsive: [\r\n\t\t\t\t\t\t\t{\r\n\t\t\t\t\t\t\t  breakpoint: 1026,\r\n\t\t\t\t\t\t\t  settings: {\r\n\t\t\t\t\t\t\t\tslidesToShow: 4,\r\n\t\t\t\t\t\t\t\tslidesToScroll: 4,  \r\n\t\t\t\t\t\t\t  }\r\n\t\t\t\t\t\t\t},\r\n\t\t\t\t\t\t\t{\r\n\t\t\t\t\t\t\t  breakpoint: 1025,\r\n\t\t\t\t\t\t\t  settings: {\r\n\t\t\t\t\t\t\t\tslidesToShow: 2,\r\n\t\t\t\t\t\t\t\tslidesToScroll: 2\r\n\t\t\t\t\t\t\t  }\r\n\t\t\t\t\t\t\t},\r\n\t\t\t\t\t\t\t{\r\n\t\t\t\t\t\t\t  breakpoint: 760,\r\n\t\t\t\t\t\t\t  settings: {\r\n\t\t\t\t\t\t\t\tslidesToShow: 1,\r\n\t\t\t\t\t\t\t\tslidesToScroll: 1\r\n\t\t\t\t\t\t\t  }\r\n\t\t\t\t\t\t\t}\r\n\t\t\t\t\t\t],pauseOnDotsHover: true,customPaging: function(slider, i) {\r\n                   return '<i type=\"button\" style= \"color:#ffffff;\" class=\"ultsl-record\" data-role=\"none\"><\/i>';\r\n                },});\r\n\t\t\t\t\t}\r\n\t\t\t\t});\r\n\t\t\t<\/script>\r\n\t\t\t[\/vc_column][\/vc_row][vc_row full_width=\u00bbstretch_row\u00bb el_class=\u00bbfooter-contact\u00bb css=\u00bb.vc_custom_1550170708528{background-color: #dedee3 !important;}\u00bb][vc_column]<div class=\"wpb_content_block wpb_content_element\"><div class=\"wpb_wrapper\"><\/div><\/div>[\/vc_column][\/vc_row]<\/p>\n","protected":false},"excerpt":{"rendered":"<p> Formaci\u00f3n acad\u00e9mica [\/vc_column_text]Recursos Acad\u00e9micos para profesores y estudiantes, Estamos orgullosos de ayudar a profesores, tutores y alumnos de todas las edades. Con Solid Edge, los grupos acad\u00e9micos, pueden obtener una valiosa experiencia con tecnolog\u00eda l\u00edder en el sector, que ayudar\u00e1 en el aprendizaje de materias de STEM (ciencia, tecnolog\u00eda, ingenier\u00eda y matem\u00e1ticas) y [&hellip;]<\/p>\n","protected":false},"author":5,"featured_media":0,"parent":2829,"menu_order":90,"comment_status":"closed","ping_status":"closed","template":"","meta":{"inline_featured_image":false},"yoast_head":"<!-- This site is optimized with the Yoast SEO plugin v18.4.1 - https:\/\/yoast.com\/wordpress\/plugins\/seo\/ -->\n<title>Formaci\u00f3n acad\u00e9mica | Software para estudiantes y profesores | Solid Edge<\/title>\n<meta name=\"description\" content=\"Aprenda m\u00e1s acerca de los programas acad\u00e9micos para estudiantes y profesores de Solid Edge. Conectar a las escuelas con software gratuito, recursos y un plan de estudios de STEM.\" \/>\n<meta name=\"robots\" content=\"index, follow, max-snippet:-1, max-image-preview:large, max-video-preview:-1\" \/>\n<link rel=\"canonical\" href=\"https:\/\/solidedge.siemens.com\/es\/industries\/academic\/\" \/>\n<meta property=\"og:locale\" content=\"es_ES\" \/>\n<meta property=\"og:type\" content=\"article\" \/>\n<meta property=\"og:title\" content=\"Formaci\u00f3n acad\u00e9mica | Software para estudiantes y profesores | Solid Edge\" \/>\n<meta property=\"og:description\" content=\"Aprenda m\u00e1s acerca de los programas acad\u00e9micos para estudiantes y profesores de Solid Edge. Conectar a las escuelas con software gratuito, recursos y un plan de estudios de STEM.\" \/>\n<meta property=\"og:url\" content=\"https:\/\/solidedge.siemens.com\/es\/industries\/academic\/\" \/>\n<meta property=\"og:site_name\" content=\"Solid Edge\" \/>\n<meta property=\"article:publisher\" content=\"https:\/\/www.facebook.com\/solidedge\" \/>\n<meta property=\"article:modified_time\" content=\"2019-08-26T18:48:09+00:00\" \/>\n<meta name=\"twitter:card\" content=\"summary_large_image\" \/>\n<meta name=\"twitter:site\" content=\"@siemensplm\" \/>\n<meta name=\"twitter:label1\" content=\"Tiempo de lectura\" \/>\n\t<meta name=\"twitter:data1\" content=\"3 minutos\" \/>\n<script type=\"application\/ld+json\" class=\"yoast-schema-graph\">{\"@context\":\"https:\/\/schema.org\",\"@graph\":[{\"@type\":\"Organization\",\"@id\":\"https:\/\/solidedge.siemens.com\/en\/#organization\",\"name\":\"Siemens Digital Industries Software\",\"url\":\"https:\/\/solidedge.siemens.com\/en\/\",\"sameAs\":[\"https:\/\/www.facebook.com\/solidedge\",\"https:\/\/www.instagram.com\/siemens\/\",\"https:\/\/www.linkedin.com\/company\/siemens-plm-software\",\"https:\/\/www.youtube.com\/user\/PolarionSoftware\",\"https:\/\/twitter.com\/siemensplm\"],\"logo\":{\"@type\":\"ImageObject\",\"@id\":\"https:\/\/solidedge.siemens.com\/en\/#logo\",\"inLanguage\":\"es\",\"url\":\"https:\/\/solidedge.siemens.com\/wp-content\/uploads\/2018\/04\/logo-siemens-ifl@2x.png\",\"contentUrl\":\"https:\/\/solidedge.siemens.com\/wp-content\/uploads\/2018\/04\/logo-siemens-ifl@2x.png\",\"width\":640,\"height\":270,\"caption\":\"Siemens Digital Industries Software\"},\"image\":{\"@id\":\"https:\/\/solidedge.siemens.com\/en\/#logo\"}},{\"@type\":\"WebSite\",\"@id\":\"https:\/\/solidedge.siemens.com\/en\/#website\",\"url\":\"https:\/\/solidedge.siemens.com\/en\/\",\"name\":\"Solid Edge\",\"description\":\"Siemens Software\",\"publisher\":{\"@id\":\"https:\/\/solidedge.siemens.com\/en\/#organization\"},\"potentialAction\":[{\"@type\":\"SearchAction\",\"target\":{\"@type\":\"EntryPoint\",\"urlTemplate\":\"https:\/\/solidedge.siemens.com\/en\/?s={search_term_string}\"},\"query-input\":\"required name=search_term_string\"}],\"inLanguage\":\"es\"},{\"@type\":\"WebPage\",\"@id\":\"https:\/\/solidedge.siemens.com\/es\/industries\/academic\/#webpage\",\"url\":\"https:\/\/solidedge.siemens.com\/es\/industries\/academic\/\",\"name\":\"Formaci\u00f3n acad\u00e9mica | Software para estudiantes y profesores | Solid Edge\",\"isPartOf\":{\"@id\":\"https:\/\/solidedge.siemens.com\/en\/#website\"},\"datePublished\":\"2018-03-30T19:18:47+00:00\",\"dateModified\":\"2019-08-26T18:48:09+00:00\",\"description\":\"Aprenda m\u00e1s acerca de los programas acad\u00e9micos para estudiantes y profesores de Solid Edge. Conectar a las escuelas con software gratuito, recursos y un plan de estudios de STEM.\",\"breadcrumb\":{\"@id\":\"https:\/\/solidedge.siemens.com\/es\/industries\/academic\/#breadcrumb\"},\"inLanguage\":\"es\",\"potentialAction\":[{\"@type\":\"ReadAction\",\"target\":[\"https:\/\/solidedge.siemens.com\/es\/industries\/academic\/\"]}]},{\"@type\":\"BreadcrumbList\",\"@id\":\"https:\/\/solidedge.siemens.com\/es\/industries\/academic\/#breadcrumb\",\"itemListElement\":[{\"@type\":\"ListItem\",\"position\":1,\"name\":\"Home\",\"item\":\"https:\/\/solidedge.siemens.com\/en\/home-12\/\"},{\"@type\":\"ListItem\",\"position\":2,\"name\":\"Industrias\",\"item\":\"https:\/\/solidedge.siemens.com\/es\/industries\/\"},{\"@type\":\"ListItem\",\"position\":3,\"name\":\"Formaci\u00f3n acad\u00e9mica\"}]}]}<\/script>\n<!-- \/ Yoast SEO plugin. -->","yoast_head_json":{"title":"Formaci\u00f3n acad\u00e9mica | Software para estudiantes y profesores | Solid Edge","description":"Aprenda m\u00e1s acerca de los programas acad\u00e9micos para estudiantes y profesores de Solid Edge. Conectar a las escuelas con software gratuito, recursos y un plan de estudios de STEM.","robots":{"index":"index","follow":"follow","max-snippet":"max-snippet:-1","max-image-preview":"max-image-preview:large","max-video-preview":"max-video-preview:-1"},"canonical":"https:\/\/solidedge.siemens.com\/es\/industries\/academic\/","og_locale":"es_ES","og_type":"article","og_title":"Formaci\u00f3n acad\u00e9mica | Software para estudiantes y profesores | Solid Edge","og_description":"Aprenda m\u00e1s acerca de los programas acad\u00e9micos para estudiantes y profesores de Solid Edge. Conectar a las escuelas con software gratuito, recursos y un plan de estudios de STEM.","og_url":"https:\/\/solidedge.siemens.com\/es\/industries\/academic\/","og_site_name":"Solid Edge","article_publisher":"https:\/\/www.facebook.com\/solidedge","article_modified_time":"2019-08-26T18:48:09+00:00","twitter_card":"summary_large_image","twitter_site":"@siemensplm","twitter_misc":{"Tiempo de lectura":"3 minutos"},"schema":{"@context":"https:\/\/schema.org","@graph":[{"@type":"Organization","@id":"https:\/\/solidedge.siemens.com\/en\/#organization","name":"Siemens Digital Industries Software","url":"https:\/\/solidedge.siemens.com\/en\/","sameAs":["https:\/\/www.facebook.com\/solidedge","https:\/\/www.instagram.com\/siemens\/","https:\/\/www.linkedin.com\/company\/siemens-plm-software","https:\/\/www.youtube.com\/user\/PolarionSoftware","https:\/\/twitter.com\/siemensplm"],"logo":{"@type":"ImageObject","@id":"https:\/\/solidedge.siemens.com\/en\/#logo","inLanguage":"es","url":"https:\/\/solidedge.siemens.com\/wp-content\/uploads\/2018\/04\/logo-siemens-ifl@2x.png","contentUrl":"https:\/\/solidedge.siemens.com\/wp-content\/uploads\/2018\/04\/logo-siemens-ifl@2x.png","width":640,"height":270,"caption":"Siemens Digital Industries Software"},"image":{"@id":"https:\/\/solidedge.siemens.com\/en\/#logo"}},{"@type":"WebSite","@id":"https:\/\/solidedge.siemens.com\/en\/#website","url":"https:\/\/solidedge.siemens.com\/en\/","name":"Solid Edge","description":"Siemens Software","publisher":{"@id":"https:\/\/solidedge.siemens.com\/en\/#organization"},"potentialAction":[{"@type":"SearchAction","target":{"@type":"EntryPoint","urlTemplate":"https:\/\/solidedge.siemens.com\/en\/?s={search_term_string}"},"query-input":"required name=search_term_string"}],"inLanguage":"es"},{"@type":"WebPage","@id":"https:\/\/solidedge.siemens.com\/es\/industries\/academic\/#webpage","url":"https:\/\/solidedge.siemens.com\/es\/industries\/academic\/","name":"Formaci\u00f3n acad\u00e9mica | Software para estudiantes y profesores | Solid Edge","isPartOf":{"@id":"https:\/\/solidedge.siemens.com\/en\/#website"},"datePublished":"2018-03-30T19:18:47+00:00","dateModified":"2019-08-26T18:48:09+00:00","description":"Aprenda m\u00e1s acerca de los programas acad\u00e9micos para estudiantes y profesores de Solid Edge. Conectar a las escuelas con software gratuito, recursos y un plan de estudios de STEM.","breadcrumb":{"@id":"https:\/\/solidedge.siemens.com\/es\/industries\/academic\/#breadcrumb"},"inLanguage":"es","potentialAction":[{"@type":"ReadAction","target":["https:\/\/solidedge.siemens.com\/es\/industries\/academic\/"]}]},{"@type":"BreadcrumbList","@id":"https:\/\/solidedge.siemens.com\/es\/industries\/academic\/#breadcrumb","itemListElement":[{"@type":"ListItem","position":1,"name":"Home","item":"https:\/\/solidedge.siemens.com\/en\/home-12\/"},{"@type":"ListItem","position":2,"name":"Industrias","item":"https:\/\/solidedge.siemens.com\/es\/industries\/"},{"@type":"ListItem","position":3,"name":"Formaci\u00f3n acad\u00e9mica"}]}]}},"_links":{"self":[{"href":"https:\/\/solidedge.siemens.com\/es\/wp-json\/wp\/v2\/pages\/2262"}],"collection":[{"href":"https:\/\/solidedge.siemens.com\/es\/wp-json\/wp\/v2\/pages"}],"about":[{"href":"https:\/\/solidedge.siemens.com\/es\/wp-json\/wp\/v2\/types\/page"}],"author":[{"embeddable":true,"href":"https:\/\/solidedge.siemens.com\/es\/wp-json\/wp\/v2\/users\/5"}],"replies":[{"embeddable":true,"href":"https:\/\/solidedge.siemens.com\/es\/wp-json\/wp\/v2\/comments?post=2262"}],"version-history":[{"count":0,"href":"https:\/\/solidedge.siemens.com\/es\/wp-json\/wp\/v2\/pages\/2262\/revisions"}],"up":[{"embeddable":true,"href":"https:\/\/solidedge.siemens.com\/es\/wp-json\/wp\/v2\/pages\/2829"}],"wp:attachment":[{"href":"https:\/\/solidedge.siemens.com\/es\/wp-json\/wp\/v2\/media?parent=2262"}],"curies":[{"name":"wp","href":"https:\/\/api.w.org\/{rel}","templated":true}]}}