{"id":2111,"date":"2018-04-05T12:00:13","date_gmt":"2018-04-05T16:00:13","guid":{"rendered":"https:\/\/solidedge.siemens.com\/overview\/"},"modified":"2021-04-05T10:22:51","modified_gmt":"2021-04-05T14:22:51","slug":"overview","status":"publish","type":"page","link":"https:\/\/solidedge.siemens.com\/es\/free-software\/overview\/","title":{"rendered":"Software gratuito"},"content":{"rendered":"<p>[vc_row el_class=\u00bbvc-row-page-text-intro\u00bb][vc_column][vc_column_text]<\/p>\n<h1>Ofertas de software gratuito<br \/>\nde Siemens Digital Industries Software<\/h1>\n<p>[\/vc_column_text][vc_column_text]<strong>Vaya un paso m\u00e1s all\u00e1 con Solid Edge.<\/strong><\/p>\n<p>Solid Edge es una gama de herramientas de software asequibles y f\u00e1ciles de utilizar que abarca todos los aspectos del proceso de desarrollo de productos: dise\u00f1o en 3D, simulaci\u00f3n, fabricaci\u00f3n, gesti\u00f3n de datos y mucho m\u00e1s.\u00a0Descargue uno de nuestros productos gratuitos o inicie una prueba de Solid Edge hoy mismo. Vea todas nuestras opciones gratuitas a continuaci\u00f3n.[\/vc_column_text][\/vc_column][\/vc_row][vc_row full_width=\u00bbstretch_row\u00bb equal_height=\u00bbyes\u00bb el_class=\u00bbvc-row-linked-image-teasers\u00bb css=\u00bb.vc_custom_1525370555689{background-color: #13374e !important;}\u00bb][vc_column width=\u00bb1\/3&#8243;][vc_single_image image=\u00bb1027&#8243; img_size=\u00bblinked-teaser\u00bb alignment=\u00bbcenter\u00bb][vc_column_text]<\/p>\n<h3><a href=\"\/es\/try-now\/\">Prueba gratuita de Solid Edge<\/a><\/h3>\n<p>Descargue y use Solid Edge durante 30 d\u00edas en su ordenador. Lleve su dise\u00f1o de producto al siguiente nivel con Solid Edge 3D CAD.[\/vc_column_text][\/vc_column][vc_column width=\u00bb1\/3&#8243;][vc_single_image image=\u00bb1020&#8243; img_size=\u00bblinked-teaser\u00bb alignment=\u00bbcenter\u00bb][vc_column_text]<\/p>\n<h3><a href=\"https:\/\/www.plm.automation.siemens.com\/plmapp\/education\/solid-edge\/en_us\/free-software\/free-2d-cad\">Solid Edge 2D Drafting<\/a><\/h3>\n<p>Obtenga la versi\u00f3n gratuita del software CAD 2D: Descargue Solid Edge 2D Drafting de Siemens Digital Industries Software hoy. Todo lo que necesita para elaborar planos y dibujos 2D de manera r\u00e1pida y sencilla.[\/vc_column_text][\/vc_column][vc_column width=\u00bb1\/3&#8243;][vc_single_image image=\u00bb1021&#8243; img_size=\u00bblinked-teaser\u00bb alignment=\u00bbcenter\u00bb][vc_column_text]<\/p>\n<h3><a href=\"https:\/\/www.plm.automation.siemens.com\/plmapp\/education\/solid-edge\/en_us\/free-software\/student\">Solid Edge para estudiantes<\/a><\/h3>\n<p>Desarrolle las habilidades necesarias con el software de Solid Edge para estudiantes, una versi\u00f3n gratuita del mismo software f\u00e1cil de usar que utilizan los profesionales.[\/vc_column_text][\/vc_column][vc_column width=\u00bb1\/3&#8243;][vc_single_image image=\u00bb1025&#8243; img_size=\u00bblinked-teaser\u00bb alignment=\u00bbcenter\u00bb][vc_column_text]<\/p>\n<h3><a href=\"https:\/\/www.plm.automation.siemens.com\/plmapp\/education\/solid-edge\/en_us\/free-software\/teacher\">Solid Edge para profesores<\/a><\/h3>\n<p>Prepare a alumnos de todas las edades para que inicien sus carreras en ciencia, tecnolog\u00eda, ingenier\u00eda y matem\u00e1ticas (STEM) con una licencia gratuita para todo el campus usando la edici\u00f3n de Solid Edge[\/vc_column_text][\/vc_column][vc_column width=\u00bb1\/3&#8243;][vc_single_image image=\u00bb1024&#8243; img_size=\u00bblinked-teaser\u00bb alignment=\u00bbcenter\u00bb][vc_column_text]<\/p>\n<h3><a href=\"https:\/\/www.plm.automation.siemens.com\/plmapp\/education\/solid-edge\/en_us\/free-software\/viewer\">Solid Edge Viewer gratuito<\/a><\/h3>\n<p>La versi\u00f3n gratuita de Solid Edge Viewer permite consultar de forma interactiva planos y modelos 3D de Solid Edge.[\/vc_column_text][\/vc_column][vc_column width=\u00bb1\/3&#8243;][vc_single_image image=\u00bb1022&#8243; img_size=\u00bblinked-teaser\u00bb alignment=\u00bbcenter\u00bb][vc_column_text]<\/p>\n<h3><a href=\"https:\/\/www.mentor.com\/company\/higher_ed\/floefd-solid-edge-student-edition\">FloEFD para la edici\u00f3n para estudiantes de Solid Edge<\/a><\/h3>\n<p>FloEFD para Solid Edge, din\u00e1mica computacional de fluidos en 3D (CFD) completamente integrada con Solid Edge para la simulaci\u00f3n t\u00e9rmica y de flujo de fluidos.[\/vc_column_text][\/vc_column][vc_column width=\u00bb1\/3&#8243;][vc_single_image image=\u00bb1023&#8243; img_size=\u00bblinked-teaser\u00bb alignment=\u00bbcenter\u00bb][vc_column_text]<\/p>\n<h3><a href=\"https:\/\/www.mentor.com\/products\/product-eval\/floefd-solid-edge-vlab\">FloEFD para el laboratorio virtual de Solid Edge<\/a><\/h3>\n<p>Descubra c\u00f3mo aprovechar todo el potencial de la simulaci\u00f3n t\u00e9rmica y de flujo de fluidos en su dise\u00f1o de Solid Edge con este laboratorio virtual.[\/vc_column_text][\/vc_column][\/vc_row][vc_row full_width=\u00bbstretch_row\u00bb el_class=\u00bbvc-row-free-software\u00bb css=\u00bb.vc_custom_1523912493378{background-color: #006486 !important;}\u00bb][vc_column][vc_column_text el_class=\u00bbvc-el-lead-in\u00bb]Software GRATUITO<\/p>\n<h2>Software de dise\u00f1o 3D gratuito<\/h2>\n<p>[\/vc_column_text][vc_row_inner equal_height=\u00bbyes\u00bb][vc_column_inner width=\u00bb1\/2&#8243; offset=\u00bbvc_col-md-5&#8243;]<div class=\"wpb_content_block wpb_content_element\"><div class=\"wpb_wrapper\"><div class=\"content_block\" id=\"custom_post_widget-1026\"><p>[vc_row][vc_column][vc_column_text]<\/p>\n<h3>\u00bfEst\u00e1 listo para comprar?<\/h3>\n<p>Visite nuestra tienda online para iniciar su suscripci\u00f3n mensual o anual hoy mismo, o para obtener m\u00e1s informaci\u00f3n acerca de las opciones de licencia permanente.[\/vc_column_text][vc_column_text]<a class=\"action-button\" href=\"\/es\/buy-now\/\">M\u00e1s informaci\u00f3n<\/a>[\/vc_column_text][\/vc_column][\/vc_row]<\/p>\n<\/div><\/div><\/div>[\/vc_column_inner][vc_column_inner width=\u00bb1\/2&#8243; offset=\u00bbvc_col-md-offset-2 vc_col-md-5&#8243;]<div class=\"wpb_content_block wpb_content_element\"><div class=\"wpb_wrapper\"><div class=\"content_block\" id=\"custom_post_widget-419\"><p>[vc_row][vc_column][vc_column_text]<\/p>\n<h3>Software gratuito para su empresa emergente<\/h3>\n<p>Si su empresa lleva menos de tres a\u00f1os constituida y se encuentra en una fase inicial, puede obtener Solid Edge de forma gratuita. \u00a1Sin ning\u00fan tipo de tarifa de suscripci\u00f3n![\/vc_column_text][vc_column_text]<a class=\"action-button\" href=\"https:\/\/www.plm.automation.siemens.com\/global\/es\/topic\/solid-edge-for-startups-mexico\/35392\"><i class=\"icon-ext\"><\/i>Solic\u00edtelo ahora<\/a>[\/vc_column_text][\/vc_column][\/vc_row]<\/p>\n<\/div><\/div><\/div>[\/vc_column_inner][\/vc_row_inner][\/vc_column][\/vc_row][vc_row full_width=\u00bbstretch_row\u00bb el_class=\u00bbvc-row-related-content\u00bb css=\u00bb.vc_custom_1524184785822{background-color: #347eb5 !important;}\u00bb][vc_column][vc_column_text]<\/p>\n<h2>Contenido relacionado<\/h2>\n<p>[\/vc_column_text]<div id=\"ult-carousel-198977530969f6fe80c411d\" class=\"ult-carousel-wrapper  vc-el-carousel-related-content ult_horizontal\" data-gutter=\"0\" data-rtl=\"false\" ><div class=\"ult-carousel-81829051669f6fe80c40f2 \" >[vc_column_text]<a href=\"https:\/\/solidedge.siemens.com\/es\/solutions\/products\/complete-product-development-portfolio\/\">M\u00e1s informaci\u00f3n acerca de la cartera de productos de Solid Edge <\/a>[\/vc_column_text][vc_column_text]<a href=\"https:\/\/solidedge.siemens.com\/es\/solutions\/products\/3d-design\/synchronous-technology\/\">Tecnolog\u00eda s\u00edncrona de Solid Edge <\/a>[\/vc_column_text][vc_column_text]<a href=\"https:\/\/www.plm.automation.siemens.com\/en_us\/Images\/DEVELOP3D_SolidEdgeST8_tcm1023-238495.pdf\">DEVELOP3D:<br \/>\nLa magia de Synchronous Technology <\/a>[\/vc_column_text][vc_column_text]<a href=\"https:\/\/solidedge.siemens.com\/es\/solutions\/products\/3d-design\/next-generation-design\/\">Dise\u00f1o de nueva generaci\u00f3n <\/a>[\/vc_column_text]<\/div><\/div>\t\t\t<script type=\"text\/javascript\">\r\n\t\t\t\tjQuery(document).ready(function ($) {\r\n\t\t\t\t\tif( typeof jQuery('.ult-carousel-81829051669f6fe80c40f2').slick == \"function\"){\r\n\t\t\t\t\t\t$('.ult-carousel-81829051669f6fe80c40f2').slick({dots: true,autoplaySpeed: 5000,speed: 500,infinite: false,arrows: true,nextArrow: '<button type=\"button\" role=\"button\" aria-label=\"Next\" style=\"color:#ffffff; font-size:30px;background:rgba(255,255,255,0.2);\" class=\"slick-next square-bg\"><i class=\"ultsl-arrow-right6\"><\/i><\/button>',prevArrow: '<button type=\"button\" role=\"button\" aria-label=\"Previous\" style=\"color:#ffffff; font-size:30px;background:rgba(255,255,255,0.2);\" class=\"slick-prev square-bg\"><i class=\"ultsl-arrow-left6\"><\/i><\/button>',slidesToScroll:4,slidesToShow:4,swipe: true,draggable: true,touchMove: true,pauseOnHover: true,pauseOnFocus: false,responsive: [\r\n\t\t\t\t\t\t\t{\r\n\t\t\t\t\t\t\t  breakpoint: 1026,\r\n\t\t\t\t\t\t\t  settings: {\r\n\t\t\t\t\t\t\t\tslidesToShow: 4,\r\n\t\t\t\t\t\t\t\tslidesToScroll: 4,  \r\n\t\t\t\t\t\t\t  }\r\n\t\t\t\t\t\t\t},\r\n\t\t\t\t\t\t\t{\r\n\t\t\t\t\t\t\t  breakpoint: 1025,\r\n\t\t\t\t\t\t\t  settings: {\r\n\t\t\t\t\t\t\t\tslidesToShow: 2,\r\n\t\t\t\t\t\t\t\tslidesToScroll: 2\r\n\t\t\t\t\t\t\t  }\r\n\t\t\t\t\t\t\t},\r\n\t\t\t\t\t\t\t{\r\n\t\t\t\t\t\t\t  breakpoint: 760,\r\n\t\t\t\t\t\t\t  settings: {\r\n\t\t\t\t\t\t\t\tslidesToShow: 1,\r\n\t\t\t\t\t\t\t\tslidesToScroll: 1\r\n\t\t\t\t\t\t\t  }\r\n\t\t\t\t\t\t\t}\r\n\t\t\t\t\t\t],pauseOnDotsHover: true,customPaging: function(slider, i) {\r\n                   return '<i type=\"button\" style= \"color:#ffffff;\" class=\"ultsl-record\" data-role=\"none\"><\/i>';\r\n                },});\r\n\t\t\t\t\t}\r\n\t\t\t\t});\r\n\t\t\t<\/script>\r\n\t\t\t[\/vc_column][\/vc_row][vc_row full_width=\u00bbstretch_row\u00bb el_class=\u00bbfooter-contact\u00bb css=\u00bb.vc_custom_1550170708528{background-color: #dedee3 !important;}\u00bb][vc_column]<div class=\"wpb_content_block wpb_content_element\"><div class=\"wpb_wrapper\"><\/div><\/div>[\/vc_column][\/vc_row]<\/p>\n","protected":false},"excerpt":{"rendered":"<p> Ofertas de software gratuito de Siemens Digital Industries Software [\/vc_column_text]Vaya un paso m\u00e1s all\u00e1 con Solid Edge. Solid Edge es una gama de herramientas de software asequibles y f\u00e1ciles de utilizar que abarca todos los aspectos del proceso de desarrollo de productos: dise\u00f1o en 3D, simulaci\u00f3n, fabricaci\u00f3n, gesti\u00f3n de datos y mucho m\u00e1s.\u00a0Descargue [&hellip;]<\/p>\n","protected":false},"author":5,"featured_media":0,"parent":2817,"menu_order":0,"comment_status":"closed","ping_status":"closed","template":"","meta":{"inline_featured_image":false},"yoast_head":"<!-- This site is optimized with the Yoast SEO plugin v18.4.1 - https:\/\/yoast.com\/wordpress\/plugins\/seo\/ -->\n<title>Free Software | CAD 2D y 3D | Solid Edge<\/title>\n<meta name=\"description\" content=\"Descargue software gratuito y versiones de prueba del software de CAD 2D y 3D Solid Edge, incluido el software de dise\u00f1o para ingenieros, makers, aficionados y estudiantes.\" \/>\n<meta name=\"robots\" content=\"index, follow, max-snippet:-1, max-image-preview:large, max-video-preview:-1\" \/>\n<link rel=\"canonical\" href=\"https:\/\/solidedge.siemens.com\/es\/free-software\/overview\/\" \/>\n<meta property=\"og:locale\" content=\"es_ES\" \/>\n<meta property=\"og:type\" content=\"article\" \/>\n<meta property=\"og:title\" content=\"Free Software | CAD 2D y 3D | Solid Edge\" \/>\n<meta property=\"og:description\" content=\"Descargue software gratuito y versiones de prueba del software de CAD 2D y 3D Solid Edge, incluido el software de dise\u00f1o para ingenieros, makers, aficionados y estudiantes.\" \/>\n<meta property=\"og:url\" content=\"https:\/\/solidedge.siemens.com\/es\/free-software\/overview\/\" \/>\n<meta property=\"og:site_name\" content=\"Solid Edge\" \/>\n<meta property=\"article:publisher\" content=\"https:\/\/www.facebook.com\/solidedge\" \/>\n<meta property=\"article:modified_time\" content=\"2021-04-05T14:22:51+00:00\" \/>\n<meta name=\"twitter:card\" content=\"summary_large_image\" \/>\n<meta name=\"twitter:site\" content=\"@siemensplm\" \/>\n<meta name=\"twitter:label1\" content=\"Tiempo de lectura\" \/>\n\t<meta name=\"twitter:data1\" content=\"2 minutos\" \/>\n<script type=\"application\/ld+json\" class=\"yoast-schema-graph\">{\"@context\":\"https:\/\/schema.org\",\"@graph\":[{\"@type\":\"Organization\",\"@id\":\"https:\/\/solidedge.siemens.com\/en\/#organization\",\"name\":\"Siemens Digital Industries Software\",\"url\":\"https:\/\/solidedge.siemens.com\/en\/\",\"sameAs\":[\"https:\/\/www.facebook.com\/solidedge\",\"https:\/\/www.instagram.com\/siemens\/\",\"https:\/\/www.linkedin.com\/company\/siemens-plm-software\",\"https:\/\/www.youtube.com\/user\/PolarionSoftware\",\"https:\/\/twitter.com\/siemensplm\"],\"logo\":{\"@type\":\"ImageObject\",\"@id\":\"https:\/\/solidedge.siemens.com\/en\/#logo\",\"inLanguage\":\"es\",\"url\":\"https:\/\/solidedge.siemens.com\/wp-content\/uploads\/2018\/04\/logo-siemens-ifl@2x.png\",\"contentUrl\":\"https:\/\/solidedge.siemens.com\/wp-content\/uploads\/2018\/04\/logo-siemens-ifl@2x.png\",\"width\":640,\"height\":270,\"caption\":\"Siemens Digital Industries Software\"},\"image\":{\"@id\":\"https:\/\/solidedge.siemens.com\/en\/#logo\"}},{\"@type\":\"WebSite\",\"@id\":\"https:\/\/solidedge.siemens.com\/en\/#website\",\"url\":\"https:\/\/solidedge.siemens.com\/en\/\",\"name\":\"Solid Edge\",\"description\":\"Siemens Software\",\"publisher\":{\"@id\":\"https:\/\/solidedge.siemens.com\/en\/#organization\"},\"potentialAction\":[{\"@type\":\"SearchAction\",\"target\":{\"@type\":\"EntryPoint\",\"urlTemplate\":\"https:\/\/solidedge.siemens.com\/en\/?s={search_term_string}\"},\"query-input\":\"required name=search_term_string\"}],\"inLanguage\":\"es\"},{\"@type\":\"WebPage\",\"@id\":\"https:\/\/solidedge.siemens.com\/es\/free-software\/overview\/#webpage\",\"url\":\"https:\/\/solidedge.siemens.com\/es\/free-software\/overview\/\",\"name\":\"Free Software | CAD 2D y 3D | Solid Edge\",\"isPartOf\":{\"@id\":\"https:\/\/solidedge.siemens.com\/en\/#website\"},\"datePublished\":\"2018-04-05T16:00:13+00:00\",\"dateModified\":\"2021-04-05T14:22:51+00:00\",\"description\":\"Descargue software gratuito y versiones de prueba del software de CAD 2D y 3D Solid Edge, incluido el software de dise\u00f1o para ingenieros, makers, aficionados y estudiantes.\",\"breadcrumb\":{\"@id\":\"https:\/\/solidedge.siemens.com\/es\/free-software\/overview\/#breadcrumb\"},\"inLanguage\":\"es\",\"potentialAction\":[{\"@type\":\"ReadAction\",\"target\":[\"https:\/\/solidedge.siemens.com\/es\/free-software\/overview\/\"]}]},{\"@type\":\"BreadcrumbList\",\"@id\":\"https:\/\/solidedge.siemens.com\/es\/free-software\/overview\/#breadcrumb\",\"itemListElement\":[{\"@type\":\"ListItem\",\"position\":1,\"name\":\"Home\",\"item\":\"https:\/\/solidedge.siemens.com\/en\/home-12\/\"},{\"@type\":\"ListItem\",\"position\":2,\"name\":\"Software gratuito\",\"item\":\"https:\/\/solidedge.siemens.com\/es\/free-software\/\"},{\"@type\":\"ListItem\",\"position\":3,\"name\":\"Software gratuito\"}]}]}<\/script>\n<!-- \/ Yoast SEO plugin. -->","yoast_head_json":{"title":"Free Software | CAD 2D y 3D | Solid Edge","description":"Descargue software gratuito y versiones de prueba del software de CAD 2D y 3D Solid Edge, incluido el software de dise\u00f1o para ingenieros, makers, aficionados y estudiantes.","robots":{"index":"index","follow":"follow","max-snippet":"max-snippet:-1","max-image-preview":"max-image-preview:large","max-video-preview":"max-video-preview:-1"},"canonical":"https:\/\/solidedge.siemens.com\/es\/free-software\/overview\/","og_locale":"es_ES","og_type":"article","og_title":"Free Software | CAD 2D y 3D | Solid Edge","og_description":"Descargue software gratuito y versiones de prueba del software de CAD 2D y 3D Solid Edge, incluido el software de dise\u00f1o para ingenieros, makers, aficionados y estudiantes.","og_url":"https:\/\/solidedge.siemens.com\/es\/free-software\/overview\/","og_site_name":"Solid Edge","article_publisher":"https:\/\/www.facebook.com\/solidedge","article_modified_time":"2021-04-05T14:22:51+00:00","twitter_card":"summary_large_image","twitter_site":"@siemensplm","twitter_misc":{"Tiempo de lectura":"2 minutos"},"schema":{"@context":"https:\/\/schema.org","@graph":[{"@type":"Organization","@id":"https:\/\/solidedge.siemens.com\/en\/#organization","name":"Siemens Digital Industries Software","url":"https:\/\/solidedge.siemens.com\/en\/","sameAs":["https:\/\/www.facebook.com\/solidedge","https:\/\/www.instagram.com\/siemens\/","https:\/\/www.linkedin.com\/company\/siemens-plm-software","https:\/\/www.youtube.com\/user\/PolarionSoftware","https:\/\/twitter.com\/siemensplm"],"logo":{"@type":"ImageObject","@id":"https:\/\/solidedge.siemens.com\/en\/#logo","inLanguage":"es","url":"https:\/\/solidedge.siemens.com\/wp-content\/uploads\/2018\/04\/logo-siemens-ifl@2x.png","contentUrl":"https:\/\/solidedge.siemens.com\/wp-content\/uploads\/2018\/04\/logo-siemens-ifl@2x.png","width":640,"height":270,"caption":"Siemens Digital Industries Software"},"image":{"@id":"https:\/\/solidedge.siemens.com\/en\/#logo"}},{"@type":"WebSite","@id":"https:\/\/solidedge.siemens.com\/en\/#website","url":"https:\/\/solidedge.siemens.com\/en\/","name":"Solid Edge","description":"Siemens Software","publisher":{"@id":"https:\/\/solidedge.siemens.com\/en\/#organization"},"potentialAction":[{"@type":"SearchAction","target":{"@type":"EntryPoint","urlTemplate":"https:\/\/solidedge.siemens.com\/en\/?s={search_term_string}"},"query-input":"required name=search_term_string"}],"inLanguage":"es"},{"@type":"WebPage","@id":"https:\/\/solidedge.siemens.com\/es\/free-software\/overview\/#webpage","url":"https:\/\/solidedge.siemens.com\/es\/free-software\/overview\/","name":"Free Software | CAD 2D y 3D | Solid Edge","isPartOf":{"@id":"https:\/\/solidedge.siemens.com\/en\/#website"},"datePublished":"2018-04-05T16:00:13+00:00","dateModified":"2021-04-05T14:22:51+00:00","description":"Descargue software gratuito y versiones de prueba del software de CAD 2D y 3D Solid Edge, incluido el software de dise\u00f1o para ingenieros, makers, aficionados y estudiantes.","breadcrumb":{"@id":"https:\/\/solidedge.siemens.com\/es\/free-software\/overview\/#breadcrumb"},"inLanguage":"es","potentialAction":[{"@type":"ReadAction","target":["https:\/\/solidedge.siemens.com\/es\/free-software\/overview\/"]}]},{"@type":"BreadcrumbList","@id":"https:\/\/solidedge.siemens.com\/es\/free-software\/overview\/#breadcrumb","itemListElement":[{"@type":"ListItem","position":1,"name":"Home","item":"https:\/\/solidedge.siemens.com\/en\/home-12\/"},{"@type":"ListItem","position":2,"name":"Software gratuito","item":"https:\/\/solidedge.siemens.com\/es\/free-software\/"},{"@type":"ListItem","position":3,"name":"Software gratuito"}]}]}},"_links":{"self":[{"href":"https:\/\/solidedge.siemens.com\/es\/wp-json\/wp\/v2\/pages\/2111"}],"collection":[{"href":"https:\/\/solidedge.siemens.com\/es\/wp-json\/wp\/v2\/pages"}],"about":[{"href":"https:\/\/solidedge.siemens.com\/es\/wp-json\/wp\/v2\/types\/page"}],"author":[{"embeddable":true,"href":"https:\/\/solidedge.siemens.com\/es\/wp-json\/wp\/v2\/users\/5"}],"replies":[{"embeddable":true,"href":"https:\/\/solidedge.siemens.com\/es\/wp-json\/wp\/v2\/comments?post=2111"}],"version-history":[{"count":3,"href":"https:\/\/solidedge.siemens.com\/es\/wp-json\/wp\/v2\/pages\/2111\/revisions"}],"predecessor-version":[{"id":33720,"href":"https:\/\/solidedge.siemens.com\/es\/wp-json\/wp\/v2\/pages\/2111\/revisions\/33720"}],"up":[{"embeddable":true,"href":"https:\/\/solidedge.siemens.com\/es\/wp-json\/wp\/v2\/pages\/2817"}],"wp:attachment":[{"href":"https:\/\/solidedge.siemens.com\/es\/wp-json\/wp\/v2\/media?parent=2111"}],"curies":[{"name":"wp","href":"https:\/\/api.w.org\/{rel}","templated":true}]}}