{"id":20195,"date":"2019-08-26T13:38:05","date_gmt":"2019-08-26T17:38:05","guid":{"rendered":"https:\/\/solidedge.siemens.com\/?page_id=20195"},"modified":"2022-11-21T10:04:19","modified_gmt":"2022-11-21T15:04:19","slug":"2d-nesting","status":"publish","type":"page","link":"https:\/\/solidedge.siemens.com\/es\/solutions\/products\/computer-aided-manufacturing-cam\/2d-nesting\/","title":{"rendered":"Anidado 2D"},"content":{"rendered":"<p>[vc_row full_width=\u00bbstretch_row\u00bb full_height=\u00bbyes\u00bb content_placement=\u00bbmiddle\u00bb css=\u00bb.vc_custom_1560147283539{background: #a6a6a6 url(https:\/\/solidedge.siemens.com\/wp-content\/uploads\/2019\/06\/2d-nesting-header.jpg?id=17161) !important;background-position: center !important;background-repeat: no-repeat !important;background-size: cover !important;}\u00bb el_class=\u00bbvc-row-hero-banner\u00bb][vc_column][vc_column_text el_class=\u00bb.vc-el-callout\u00bb]<\/p>\n<h1>Anidado 2D de Solid Edge<\/h1>\n<p>Optimice los patrones de corte, ahorrando tiempo y costos de material.[\/vc_column_text][\/vc_column][\/vc_row][vc_row][vc_column][vc_column_text]<\/p>\n<p>[vc_row full_width=\u00bbstretch_row\u00bb equal_height=\u00bbyes\u00bb css=\u00bb.vc_custom_1559667461983{background-color: #ebf0f6 !important;}\u00bb][vc_column][vc_column_text]Con Anidado 2D de Solid Edge genere dise\u00f1os optimizados para el corte bidimensional de materiales de fabricaci\u00f3n, incluidos chapa, pl\u00e1stico, madera, tela y textiles. Los fabricantes ahorran tiempo y dinero con Anidado 2D, ya que permite administrar el uso del material de manera m\u00e1s efectiva.<\/p>\n<p>El proceso de anidado 2D, o la organizaci\u00f3n eficiente de formas 2D en un solo plano de corte, es muy similar a los procesos que las costureras han usado durante d\u00e9cadas. Los patrones de anidado optimizados, creados utilizando un algoritmo de anidaci\u00f3n de pr\u00f3xima generaci\u00f3n, reducen notablemente el tiempo de preparaci\u00f3n, el desperdicio y los costos.[\/vc_column_text][\/vc_column][\/vc_row][vc_row][vc_column][vc_column_text]Funcionalidades<\/p>\n<h2>Anidado potente y control integral<\/h2>\n<p>De principio a fin, Anidado 2D acelera y facilita la creaci\u00f3n de nidos optimizados.[\/vc_column_text][vc_row_inner equal_height=\u00bbyes\u00bb][vc_column_inner width=\u00bb1\/3&#8243;][vc_single_image image=\u00bb17539&#8243; img_size=\u00bbmedium\u00bb alignment=\u00bbcenter\u00bb css=\u00bb.vc_custom_1560147312612{margin-bottom: 10px !important;}\u00bb][vc_column_text]<\/p>\n<h3>Control completo en sus manos<\/h3>\n<p>Controle todos los ajustes necesarios para satisfacer las demandas de cualquier tecnolog\u00eda o material de corte, seleccione f\u00e1cilmente cantidades de piezas, tama\u00f1os de hoja y rotaci\u00f3n de piezas.[\/vc_column_text][\/vc_column_inner][vc_column_inner width=\u00bb1\/3&#8243;][vc_single_image image=\u00bb17553&#8243; img_size=\u00bbmedium\u00bb alignment=\u00bbcenter\u00bb css=\u00bb.vc_custom_1560147387982{margin-bottom: 10px !important;}\u00bb][vc_column_text]<\/p>\n<h3>Estrecha integraci\u00f3n con Dise\u00f1o mec\u00e1nico de Solid Edge<\/h3>\n<p>Inicie directamente desde Solid Edge con una sola pulsaci\u00f3n. Seleccionar piezas para importar para anidar es r\u00e1pido y f\u00e1cil.[\/vc_column_text][\/vc_column_inner][vc_column_inner width=\u00bb1\/3&#8243;][vc_single_image image=\u00bb17566&#8243; img_size=\u00bbmedium\u00bb alignment=\u00bbcenter\u00bb css=\u00bb.vc_custom_1560147402713{margin-bottom: 10px !important;}\u00bb][vc_column_text]<\/p>\n<h3>Trabaje con formatos de archivo m\u00faltiples<\/h3>\n<p>Anidado 2D admite archivos de chapa y piezas de Solid Edge (PSM y PAR), as\u00ed como formatos de datos neutros, incluidos DXF y DWG, que extraen autom\u00e1ticamente datos de chapa desarrollada.[\/vc_column_text][\/vc_column_inner][vc_column_inner width=\u00bb1\/3&#8243;][vc_column_text]<\/p>\n<h3>Reduzca los desperdicios<\/h3>\n<p>Seleccione varios tama\u00f1os de hoja para crear el nido m\u00e1s eficiente, eliminando relaves u hojas parciales. Estos restos a menudo resultan en material desperdiciado, ya que las hojas sobrantes extra\u00f1as ocupan un valioso espacio de la tienda y a menudo no se usan.[\/vc_column_text][\/vc_column_inner][vc_column_inner width=\u00bb1\/3&#8243;][vc_column_text]<\/p>\n<h3>Optimizado para la programaci\u00f3n CNC<\/h3>\n<p>Los nidos pueden enviarse a Solid Edge CAM Pro o exportarse a otro sistema de fabricaci\u00f3n asistida por ordenador (CAM) para la programaci\u00f3n de control num\u00e9rico por ordenador (CNC).[\/vc_column_text][\/vc_column_inner][vc_column_inner width=\u00bb1\/3&#8243;][vc_column_text]<\/p>\n<h3>Ahorre tiempo y evite la traducci\u00f3n<\/h3>\n<p>Un viaje de ida y vuelta integrado dentro del entorno Solid Edge ahorra tiempo y evita la traducci\u00f3n de datos.[\/vc_column_text][\/vc_column_inner][\/vc_row_inner][vc_column_text]<a href=\"https:\/\/media.plm.automation.siemens.com\/solidedge\/data-brief\/Siemens-SW-Solid-Edge-2D-Nesting-FS-78034-C5.pdf\" target=\"_blank\" rel=\"noopener\"><i class=\"icon-ext\"><\/i>Descargue la hoja de datos de Anidado 2D de Solid Edge<\/a>[\/vc_column_text][\/vc_column][\/vc_row][vc_row full_width=\u00bbstretch_row\u00bb el_class=\u00bbvc-row-video-highlight\u00bb][vc_column][vc_column_text el_class=\u00bbvc-el-lead-in\u00bb]Video<\/p>\n<h2>Optimice los nidos 2D con Solid Edge<\/h2>\n<p>Anidado 2D de Solid Edge utiliza el motor de anidado m\u00e1s avanzado y eficiente para generar los mejores dise\u00f1os optimizados para el corte bidimensional de chapa, madera y m\u00e1s. Estos patrones de corte anidados reducen el tiempo, el desperdicio y los costos al crear formas 2D comunes en los productos.<\/p>\n<p class=\"see-more\" style=\"text-align: right;\"><a href=\"https:\/\/solidedge.siemens.com\/es\/resources\/videos\/\">Ver m\u00e1s v\u00eddeos<\/a><\/p>\n<p>[\/vc_column_text]\n\n\n  <div id=\"wpv-view-layout-567-CATTR002ca6f65b528c23513875a963933d25\" class=\"js-wpv-view-layout js-wpv-layout-responsive js-wpv-view-layout-567-CATTR002ca6f65b528c23513875a963933d25\" data-viewnumber=\"567-CATTR002ca6f65b528c23513875a963933d25\" data-pagination=\"{&quot;id&quot;:567,&quot;query&quot;:&quot;normal&quot;,&quot;type&quot;:&quot;disabled&quot;,&quot;effect&quot;:&quot;fade&quot;,&quot;duration&quot;:500,&quot;speed&quot;:5,&quot;pause_on_hover&quot;:&quot;disabled&quot;,&quot;stop_rollover&quot;:&quot;false&quot;,&quot;cache_pages&quot;:&quot;enabled&quot;,&quot;preload_images&quot;:&quot;enabled&quot;,&quot;preload_pages&quot;:&quot;enabled&quot;,&quot;preload_reach&quot;:1,&quot;spinner&quot;:&quot;builtin&quot;,&quot;spinner_image&quot;:&quot;https:\/\/solidedge.siemens.com\/wp-content\/plugins\/wp-views\/embedded\/res\/img\/ajax-loader.gif&quot;,&quot;callback_next&quot;:&quot;&quot;,&quot;manage_history&quot;:&quot;disabled&quot;,&quot;has_controls_in_form&quot;:&quot;disabled&quot;,&quot;infinite_tolerance&quot;:&quot;0&quot;,&quot;max_pages&quot;:0,&quot;page&quot;:1,&quot;base_permalink&quot;:&quot;\/es\/wp-json\/wp\/v2\/pages\/20195?wpv_view_count=567-CATTR002ca6f65b528c23513875a963933d25&amp;wpv_paged=WPV_PAGE_NUM&quot;,&quot;loop&quot;:{&quot;type&quot;:&quot;&quot;,&quot;name&quot;:&quot;&quot;,&quot;data&quot;:[],&quot;id&quot;:0}}\" data-permalink=\"\/es\/wp-json\/wp\/v2\/pages\/20195?wpv_view_count=567-CATTR002ca6f65b528c23513875a963933d25\">\n\n  \n  <div class=\"wpv-resources\"><a name=\"video\" class=\"video-anchor\"><\/a>\n    <div id=\"ult-carousel-98603649269da72bfa5652\" class=\"ult-carousel-wrapper  vc-el-carousel-videos-embedded ult_horizontal\" data-gutter=\"0\" data-rtl=\"false\" ><div class=\"ult-carousel-15695662869da72bfa562d \" >\n    \n    \n       <div><!-- slide container -->\n        <div class=\"wpv-resources-item\" data-mh=\".wpv-resources-item\">\n          <div class=\"resources-item-poster\">\n              <div id=\"wpfp_ffd71b5cbeee36d964c57cc45e3e42ad\" data-item=\"{&quot;sources&quot;:&#091;{&quot;src&quot;:&quot;https:\\\/\\\/media.plm.automation.siemens.com\\\/solidedge\\\/videos\\\/2020-2d-nesting-in-solid-edge.mp4&quot;,&quot;type&quot;:&quot;video\\\/mp4&quot;}&#093;}\" class=\"flowplayer no-brand is-splash no-svg is-paused skin-slim fp-slim fp-edgy\" data-embed=\"false\" style=\"max-width: 1140px; max-height: 640px; background-image: url(https:\/\/solidedge.siemens.com\/wp-content\/uploads\/2019\/06\/2020-2d-nesting.jpg);\" data-ratio=\"0.5614\" data-advance=\"false\">\n\t<div class=\"fp-ratio\" style=\"padding-top: 56.14%\"><\/div>\n\t<div class=\"fp-ui\"><div class=\"fp-play fp-visible\"><a class=\"fp-icon fp-playbtn\"><\/a><\/div><\/div>\n\n<\/div>\n\n              \n          <\/div>\n        <\/div>\n      <\/div>\n    \n    \n    <\/div><\/div>\t\t\t<script type=\"text\/javascript\">\r\n\t\t\t\tjQuery(document).ready(function ($) {\r\n\t\t\t\t\tif( typeof jQuery('.ult-carousel-15695662869da72bfa562d').slick == \"function\"){\r\n\t\t\t\t\t\t$('.ult-carousel-15695662869da72bfa562d').slick({dots: true,autoplaySpeed: 5000,speed: 500,infinite: false,arrows: true,nextArrow: '<button type=\"button\" role=\"button\" aria-label=\"Next\" style=\"color:#ffffff; font-size:30px;background:rgba(47,56,60,0.5);\" class=\"slick-next square-bg\"><i class=\"ultsl-arrow-right6\"><\/i><\/button>',prevArrow: '<button type=\"button\" role=\"button\" aria-label=\"Previous\" style=\"color:#ffffff; font-size:30px;background:rgba(47,56,60,0.5);\" class=\"slick-prev square-bg\"><i class=\"ultsl-arrow-left6\"><\/i><\/button>',slidesToScroll:1,slidesToShow:1,swipe: true,draggable: true,touchMove: true,pauseOnHover: true,pauseOnFocus: false,responsive: [\r\n\t\t\t\t\t\t\t{\r\n\t\t\t\t\t\t\t  breakpoint: 1026,\r\n\t\t\t\t\t\t\t  settings: {\r\n\t\t\t\t\t\t\t\tslidesToShow: 1,\r\n\t\t\t\t\t\t\t\tslidesToScroll: 1,  \r\n\t\t\t\t\t\t\t  }\r\n\t\t\t\t\t\t\t},\r\n\t\t\t\t\t\t\t{\r\n\t\t\t\t\t\t\t  breakpoint: 1025,\r\n\t\t\t\t\t\t\t  settings: {\r\n\t\t\t\t\t\t\t\tslidesToShow: 1,\r\n\t\t\t\t\t\t\t\tslidesToScroll: 1\r\n\t\t\t\t\t\t\t  }\r\n\t\t\t\t\t\t\t},\r\n\t\t\t\t\t\t\t{\r\n\t\t\t\t\t\t\t  breakpoint: 760,\r\n\t\t\t\t\t\t\t  settings: {\r\n\t\t\t\t\t\t\t\tslidesToShow: 1,\r\n\t\t\t\t\t\t\t\tslidesToScroll: 1\r\n\t\t\t\t\t\t\t  }\r\n\t\t\t\t\t\t\t}\r\n\t\t\t\t\t\t],pauseOnDotsHover: true,customPaging: function(slider, i) {\r\n                   return '<i type=\"button\" style= \"color:#788891;\" class=\"ultsl-record\" data-role=\"none\"><\/i>';\r\n                },});\r\n\t\t\t\t\t}\r\n\t\t\t\t});\r\n\t\t\t<\/script>\r\n\t\t\t\n  <\/div>\n  \n  \n  <\/div>\n[\/vc_column][\/vc_row][vc_row full_width=\u00bbstretch_row\u00bb el_class=\u00bbvc-row-related-content\u00bb css=\u00bb.vc_custom_1524184785822{background-color: #347eb5 !important;}\u00bb][vc_column][vc_column_text]<\/p>\n<h2>Contenido relacionado<\/h2>\n<p>[\/vc_column_text]<div id=\"ult-carousel-47104948269da72bfa5bfb\" class=\"ult-carousel-wrapper  vc-el-carousel-related-content ult_horizontal\" data-gutter=\"0\" data-rtl=\"false\" ><div class=\"ult-carousel-172265369369da72bfa5bd8 \" >[vc_column_text]<a href=\"https:\/\/www.dex.siemens.com\/plm\/solid-edge\/\">Visite la tienda en l\u00ednea de Solid Edge<\/a>[\/vc_column_text][vc_column_text]<a href=\"https:\/\/media.plm.automation.siemens.com\/solidedge\/data-brief\/Siemens-SW-Solid-Edge-2D-Nesting-FS-78034-C5.pdf\" target=\"_blank\" rel=\"noopener noreferrer\">Descargue la hoja de datos de Anidado 2D de Solid Edge<\/a>[\/vc_column_text][vc_column_text]<a href=\"https:\/\/solidedge.siemens.com\/es\/solutions\/products\/computer-aided-manufacturing-cam\/\">Obtenga m\u00e1s informaci\u00f3n acerca de la soluciones de Solid Edge CAM<\/a>[\/vc_column_text][vc_column_text]<a href=\"\/?page_id=13579\">Novedades de Solid Edge 2020<\/a>[\/vc_column_text]<\/div><\/div>\t\t\t<script type=\"text\/javascript\">\r\n\t\t\t\tjQuery(document).ready(function ($) {\r\n\t\t\t\t\tif( typeof jQuery('.ult-carousel-172265369369da72bfa5bd8').slick == \"function\"){\r\n\t\t\t\t\t\t$('.ult-carousel-172265369369da72bfa5bd8').slick({dots: true,autoplaySpeed: 5000,speed: 500,infinite: false,arrows: true,nextArrow: '<button type=\"button\" role=\"button\" aria-label=\"Next\" style=\"color:#ffffff; font-size:30px;background:rgba(255,255,255,0.2);\" class=\"slick-next square-bg\"><i class=\"ultsl-arrow-right6\"><\/i><\/button>',prevArrow: '<button type=\"button\" role=\"button\" aria-label=\"Previous\" style=\"color:#ffffff; font-size:30px;background:rgba(255,255,255,0.2);\" class=\"slick-prev square-bg\"><i class=\"ultsl-arrow-left6\"><\/i><\/button>',slidesToScroll:4,slidesToShow:4,swipe: true,draggable: true,touchMove: true,pauseOnHover: true,pauseOnFocus: false,responsive: [\r\n\t\t\t\t\t\t\t{\r\n\t\t\t\t\t\t\t  breakpoint: 1026,\r\n\t\t\t\t\t\t\t  settings: {\r\n\t\t\t\t\t\t\t\tslidesToShow: 4,\r\n\t\t\t\t\t\t\t\tslidesToScroll: 4,  \r\n\t\t\t\t\t\t\t  }\r\n\t\t\t\t\t\t\t},\r\n\t\t\t\t\t\t\t{\r\n\t\t\t\t\t\t\t  breakpoint: 1025,\r\n\t\t\t\t\t\t\t  settings: {\r\n\t\t\t\t\t\t\t\tslidesToShow: 2,\r\n\t\t\t\t\t\t\t\tslidesToScroll: 2\r\n\t\t\t\t\t\t\t  }\r\n\t\t\t\t\t\t\t},\r\n\t\t\t\t\t\t\t{\r\n\t\t\t\t\t\t\t  breakpoint: 760,\r\n\t\t\t\t\t\t\t  settings: {\r\n\t\t\t\t\t\t\t\tslidesToShow: 1,\r\n\t\t\t\t\t\t\t\tslidesToScroll: 1\r\n\t\t\t\t\t\t\t  }\r\n\t\t\t\t\t\t\t}\r\n\t\t\t\t\t\t],pauseOnDotsHover: true,customPaging: function(slider, i) {\r\n                   return '<i type=\"button\" style= \"color:#ffffff;\" class=\"ultsl-record\" data-role=\"none\"><\/i>';\r\n                },});\r\n\t\t\t\t\t}\r\n\t\t\t\t});\r\n\t\t\t<\/script>\r\n\t\t\t[\/vc_column][\/vc_row]<\/p>\n","protected":false},"excerpt":{"rendered":"<p> Anidado 2D de Solid Edge Optimice los patrones de corte, ahorrando tiempo y costos de material.[\/vc_column_text][\/vc_column][\/vc_row] Con Anidado 2D de Solid Edge genere dise\u00f1os optimizados para el corte bidimensional de materiales de fabricaci\u00f3n, incluidos [&hellip;]<\/p>\n","protected":false},"author":5,"featured_media":0,"parent":2690,"menu_order":0,"comment_status":"closed","ping_status":"closed","template":"","meta":{"inline_featured_image":false},"yoast_head":"<!-- This site is optimized with the Yoast SEO plugin v18.4.1 - https:\/\/yoast.com\/wordpress\/plugins\/seo\/ -->\n<title>Anidado 2D | Solid Edge | Siemens Software<\/title>\n<meta name=\"robots\" content=\"index, follow, max-snippet:-1, max-image-preview:large, max-video-preview:-1\" \/>\n<link rel=\"canonical\" href=\"https:\/\/solidedge.siemens.com\/es\/solutions\/products\/computer-aided-manufacturing-cam\/2d-nesting\/\" \/>\n<meta property=\"og:locale\" content=\"es_ES\" \/>\n<meta property=\"og:type\" content=\"article\" \/>\n<meta property=\"og:title\" content=\"Anidado 2D | Solid Edge | Siemens Software\" \/>\n<meta property=\"og:description\" content=\"Anidado 2D de Solid Edge Optimice los patrones de corte, ahorrando tiempo y costos de material.[\/vc_column_text][\/vc_column][\/vc_row] Con Anidado 2D de Solid Edge genere dise\u00f1os optimizados para el corte bidimensional de materiales de fabricaci\u00f3n, incluidos [&hellip;]\" \/>\n<meta property=\"og:url\" content=\"https:\/\/solidedge.siemens.com\/es\/solutions\/products\/computer-aided-manufacturing-cam\/2d-nesting\/\" \/>\n<meta property=\"og:site_name\" content=\"Solid Edge\" \/>\n<meta property=\"article:publisher\" content=\"https:\/\/www.facebook.com\/solidedge\" \/>\n<meta property=\"article:modified_time\" content=\"2022-11-21T15:04:19+00:00\" \/>\n<meta name=\"twitter:card\" content=\"summary_large_image\" \/>\n<meta name=\"twitter:site\" content=\"@siemensplm\" \/>\n<meta name=\"twitter:label1\" content=\"Tiempo de lectura\" \/>\n\t<meta name=\"twitter:data1\" content=\"3 minutos\" \/>\n<script type=\"application\/ld+json\" class=\"yoast-schema-graph\">{\"@context\":\"https:\/\/schema.org\",\"@graph\":[{\"@type\":\"Organization\",\"@id\":\"https:\/\/solidedge.siemens.com\/en\/#organization\",\"name\":\"Siemens Digital Industries Software\",\"url\":\"https:\/\/solidedge.siemens.com\/en\/\",\"sameAs\":[\"https:\/\/www.facebook.com\/solidedge\",\"https:\/\/www.instagram.com\/siemens\/\",\"https:\/\/www.linkedin.com\/company\/siemens-plm-software\",\"https:\/\/www.youtube.com\/user\/PolarionSoftware\",\"https:\/\/twitter.com\/siemensplm\"],\"logo\":{\"@type\":\"ImageObject\",\"@id\":\"https:\/\/solidedge.siemens.com\/en\/#logo\",\"inLanguage\":\"es\",\"url\":\"https:\/\/solidedge.siemens.com\/wp-content\/uploads\/2018\/04\/logo-siemens-ifl@2x.png\",\"contentUrl\":\"https:\/\/solidedge.siemens.com\/wp-content\/uploads\/2018\/04\/logo-siemens-ifl@2x.png\",\"width\":640,\"height\":270,\"caption\":\"Siemens Digital Industries Software\"},\"image\":{\"@id\":\"https:\/\/solidedge.siemens.com\/en\/#logo\"}},{\"@type\":\"WebSite\",\"@id\":\"https:\/\/solidedge.siemens.com\/en\/#website\",\"url\":\"https:\/\/solidedge.siemens.com\/en\/\",\"name\":\"Solid Edge\",\"description\":\"Siemens Software\",\"publisher\":{\"@id\":\"https:\/\/solidedge.siemens.com\/en\/#organization\"},\"potentialAction\":[{\"@type\":\"SearchAction\",\"target\":{\"@type\":\"EntryPoint\",\"urlTemplate\":\"https:\/\/solidedge.siemens.com\/en\/?s={search_term_string}\"},\"query-input\":\"required name=search_term_string\"}],\"inLanguage\":\"es\"},{\"@type\":\"WebPage\",\"@id\":\"https:\/\/solidedge.siemens.com\/es\/solutions\/products\/computer-aided-manufacturing-cam\/2d-nesting\/#webpage\",\"url\":\"https:\/\/solidedge.siemens.com\/es\/solutions\/products\/computer-aided-manufacturing-cam\/2d-nesting\/\",\"name\":\"Anidado 2D | Solid Edge | Siemens Software\",\"isPartOf\":{\"@id\":\"https:\/\/solidedge.siemens.com\/en\/#website\"},\"datePublished\":\"2019-08-26T17:38:05+00:00\",\"dateModified\":\"2022-11-21T15:04:19+00:00\",\"breadcrumb\":{\"@id\":\"https:\/\/solidedge.siemens.com\/es\/solutions\/products\/computer-aided-manufacturing-cam\/2d-nesting\/#breadcrumb\"},\"inLanguage\":\"es\",\"potentialAction\":[{\"@type\":\"ReadAction\",\"target\":[\"https:\/\/solidedge.siemens.com\/es\/solutions\/products\/computer-aided-manufacturing-cam\/2d-nesting\/\"]}]},{\"@type\":\"BreadcrumbList\",\"@id\":\"https:\/\/solidedge.siemens.com\/es\/solutions\/products\/computer-aided-manufacturing-cam\/2d-nesting\/#breadcrumb\",\"itemListElement\":[{\"@type\":\"ListItem\",\"position\":1,\"name\":\"Home\",\"item\":\"https:\/\/solidedge.siemens.com\/en\/home-12\/\"},{\"@type\":\"ListItem\",\"position\":2,\"name\":\"Soluciones\",\"item\":\"https:\/\/solidedge.siemens.com\/es\/solutions\/\"},{\"@type\":\"ListItem\",\"position\":3,\"name\":\"Productos\",\"item\":\"https:\/\/solidedge.siemens.com\/es\/solutions\/products\/\"},{\"@type\":\"ListItem\",\"position\":4,\"name\":\"Fabricaci&oacute;n asistida por ordenador (CAM)\",\"item\":\"https:\/\/solidedge.siemens.com\/es\/solutions\/products\/computer-aided-manufacturing-cam\/\"},{\"@type\":\"ListItem\",\"position\":5,\"name\":\"Anidado 2D\"}]}]}<\/script>\n<!-- \/ Yoast SEO plugin. -->","yoast_head_json":{"title":"Anidado 2D | Solid Edge | Siemens Software","robots":{"index":"index","follow":"follow","max-snippet":"max-snippet:-1","max-image-preview":"max-image-preview:large","max-video-preview":"max-video-preview:-1"},"canonical":"https:\/\/solidedge.siemens.com\/es\/solutions\/products\/computer-aided-manufacturing-cam\/2d-nesting\/","og_locale":"es_ES","og_type":"article","og_title":"Anidado 2D | Solid Edge | Siemens Software","og_description":"Anidado 2D de Solid Edge Optimice los patrones de corte, ahorrando tiempo y costos de material.[\/vc_column_text][\/vc_column][\/vc_row] Con Anidado 2D de Solid Edge genere dise\u00f1os optimizados para el corte bidimensional de materiales de fabricaci\u00f3n, incluidos [&hellip;]","og_url":"https:\/\/solidedge.siemens.com\/es\/solutions\/products\/computer-aided-manufacturing-cam\/2d-nesting\/","og_site_name":"Solid Edge","article_publisher":"https:\/\/www.facebook.com\/solidedge","article_modified_time":"2022-11-21T15:04:19+00:00","twitter_card":"summary_large_image","twitter_site":"@siemensplm","twitter_misc":{"Tiempo de lectura":"3 minutos"},"schema":{"@context":"https:\/\/schema.org","@graph":[{"@type":"Organization","@id":"https:\/\/solidedge.siemens.com\/en\/#organization","name":"Siemens Digital Industries Software","url":"https:\/\/solidedge.siemens.com\/en\/","sameAs":["https:\/\/www.facebook.com\/solidedge","https:\/\/www.instagram.com\/siemens\/","https:\/\/www.linkedin.com\/company\/siemens-plm-software","https:\/\/www.youtube.com\/user\/PolarionSoftware","https:\/\/twitter.com\/siemensplm"],"logo":{"@type":"ImageObject","@id":"https:\/\/solidedge.siemens.com\/en\/#logo","inLanguage":"es","url":"https:\/\/solidedge.siemens.com\/wp-content\/uploads\/2018\/04\/logo-siemens-ifl@2x.png","contentUrl":"https:\/\/solidedge.siemens.com\/wp-content\/uploads\/2018\/04\/logo-siemens-ifl@2x.png","width":640,"height":270,"caption":"Siemens Digital Industries Software"},"image":{"@id":"https:\/\/solidedge.siemens.com\/en\/#logo"}},{"@type":"WebSite","@id":"https:\/\/solidedge.siemens.com\/en\/#website","url":"https:\/\/solidedge.siemens.com\/en\/","name":"Solid Edge","description":"Siemens Software","publisher":{"@id":"https:\/\/solidedge.siemens.com\/en\/#organization"},"potentialAction":[{"@type":"SearchAction","target":{"@type":"EntryPoint","urlTemplate":"https:\/\/solidedge.siemens.com\/en\/?s={search_term_string}"},"query-input":"required name=search_term_string"}],"inLanguage":"es"},{"@type":"WebPage","@id":"https:\/\/solidedge.siemens.com\/es\/solutions\/products\/computer-aided-manufacturing-cam\/2d-nesting\/#webpage","url":"https:\/\/solidedge.siemens.com\/es\/solutions\/products\/computer-aided-manufacturing-cam\/2d-nesting\/","name":"Anidado 2D | Solid Edge | Siemens Software","isPartOf":{"@id":"https:\/\/solidedge.siemens.com\/en\/#website"},"datePublished":"2019-08-26T17:38:05+00:00","dateModified":"2022-11-21T15:04:19+00:00","breadcrumb":{"@id":"https:\/\/solidedge.siemens.com\/es\/solutions\/products\/computer-aided-manufacturing-cam\/2d-nesting\/#breadcrumb"},"inLanguage":"es","potentialAction":[{"@type":"ReadAction","target":["https:\/\/solidedge.siemens.com\/es\/solutions\/products\/computer-aided-manufacturing-cam\/2d-nesting\/"]}]},{"@type":"BreadcrumbList","@id":"https:\/\/solidedge.siemens.com\/es\/solutions\/products\/computer-aided-manufacturing-cam\/2d-nesting\/#breadcrumb","itemListElement":[{"@type":"ListItem","position":1,"name":"Home","item":"https:\/\/solidedge.siemens.com\/en\/home-12\/"},{"@type":"ListItem","position":2,"name":"Soluciones","item":"https:\/\/solidedge.siemens.com\/es\/solutions\/"},{"@type":"ListItem","position":3,"name":"Productos","item":"https:\/\/solidedge.siemens.com\/es\/solutions\/products\/"},{"@type":"ListItem","position":4,"name":"Fabricaci&oacute;n asistida por ordenador (CAM)","item":"https:\/\/solidedge.siemens.com\/es\/solutions\/products\/computer-aided-manufacturing-cam\/"},{"@type":"ListItem","position":5,"name":"Anidado 2D"}]}]}},"_links":{"self":[{"href":"https:\/\/solidedge.siemens.com\/es\/wp-json\/wp\/v2\/pages\/20195"}],"collection":[{"href":"https:\/\/solidedge.siemens.com\/es\/wp-json\/wp\/v2\/pages"}],"about":[{"href":"https:\/\/solidedge.siemens.com\/es\/wp-json\/wp\/v2\/types\/page"}],"author":[{"embeddable":true,"href":"https:\/\/solidedge.siemens.com\/es\/wp-json\/wp\/v2\/users\/5"}],"replies":[{"embeddable":true,"href":"https:\/\/solidedge.siemens.com\/es\/wp-json\/wp\/v2\/comments?post=20195"}],"version-history":[{"count":5,"href":"https:\/\/solidedge.siemens.com\/es\/wp-json\/wp\/v2\/pages\/20195\/revisions"}],"predecessor-version":[{"id":65479,"href":"https:\/\/solidedge.siemens.com\/es\/wp-json\/wp\/v2\/pages\/20195\/revisions\/65479"}],"up":[{"embeddable":true,"href":"https:\/\/solidedge.siemens.com\/es\/wp-json\/wp\/v2\/pages\/2690"}],"wp:attachment":[{"href":"https:\/\/solidedge.siemens.com\/es\/wp-json\/wp\/v2\/media?parent=20195"}],"curies":[{"name":"wp","href":"https:\/\/api.w.org\/{rel}","templated":true}]}}