{"id":20183,"date":"2019-08-26T13:32:20","date_gmt":"2019-08-26T17:32:20","guid":{"rendered":"https:\/\/solidedge.siemens.com\/?page_id=20183"},"modified":"2019-08-26T15:01:49","modified_gmt":"2019-08-26T19:01:49","slug":"pcb-collaboration","status":"publish","type":"page","link":"https:\/\/solidedge.siemens.com\/es\/solutions\/products\/electrical-design\/pcb-collaboration\/","title":{"rendered":"Colaboraci\u00f3n PCB"},"content":{"rendered":"<p>[vc_row full_width=\u00bbstretch_row\u00bb full_height=\u00bbyes\u00bb content_placement=\u00bbmiddle\u00bb css=\u00bb.vc_custom_1560147690582{background: #a6a6a6 url(https:\/\/solidedge.siemens.com\/wp-content\/uploads\/2019\/06\/pcb-collaboration-cover.jpg?id=17487) !important;background-position: center !important;background-repeat: no-repeat !important;background-size: cover !important;}\u00bb el_class=\u00bbvc-row-hero-banner\u00bb][vc_column][vc_column_text el_class=\u00bb.vc-el-callout\u00bb]<\/p>\n<h1>Colaboraci\u00f3n PCB de Solid Edge<\/h1>\n<p>Colaboraci\u00f3n PCB de Solid Edge elimina las barreras entre los entornos ECAD-MCAD al comunicar de manera eficiente la intenci\u00f3n de dise\u00f1o entre dominios, al tiempo que permite a los ingenieros permanecer en sus entornos individuales.El software proporciona una visualizaci\u00f3n 3D intuitiva tanto de la placa de circuito impreso como de su carcasa, lo que permite crear y exportar f\u00e1cilmente la intenci\u00f3n de dise\u00f1o de PCB.<\/p>\n<p>Una vista fotorrealista de los componentes de PCB ayuda en el dise\u00f1o de productos electromec\u00e1nicos precisos.[\/vc_column_text][\/vc_column][\/vc_row][vc_row full_width=\u00bbstretch_row\u00bb disable_element=\u00bbyes\u00bb el_class=\u00bbvc-row-shoutbox\u00bb css=\u00bb.vc_custom_1559953539388{background-color: #003750 !important;}\u00bb][vc_column width=\u00bb1\/3&#8243;][vc_single_image image=\u00bb16771&#8243; img_size=\u00bbmedium\u00bb alignment=\u00bbcenter\u00bb][\/vc_column][vc_column width=\u00bb2\/3&#8243;][vc_column_text el_class=\u00bbvc-el-lead-in\u00bb]Oferta<\/p>\n<h2>Informe t\u00e9cnico: Activaci\u00f3n de desarrollo r\u00e1pido de PCB<\/h2>\n<p><a class=\"action-button\" href=\"https:\/\/media.plm.automation.siemens.com\/solidedge\/data-brief\/Siemens-SW-Solid-Edge-PCB-Collaboration-fs-77726-C7.pdf\" target=\"_blank\" rel=\"noopener noreferrer\"><i class=\"icon-ext\"><\/i>Lea el informe t\u00e9cnico<\/a>[\/vc_column_text][\/vc_column][\/vc_row][vc_row full_width=\u00bbstretch_row\u00bb css=\u00bb.vc_custom_1560026182080{background-color: #ecf0f5 !important;}\u00bb][vc_column][vc_column_text]Funcionalidades<\/p>\n<h2>Colaboraci\u00f3n PCB<\/h2>\n<p>[\/vc_column_text][vc_column_text]<\/p>\n<ul class=\"checkmarks\">\n<li>Cree y exporte f\u00e1cilmente la intenci\u00f3n de dise\u00f1o para PCB desde el entorno MCAD<\/li>\n<li>Transmita eficientemente datos bidireccionales entre dominios utilizando el formato de datos IDX: transfiera solamente los datos necesarios para proponer cambios<\/li>\n<li>Use vistas realistas en 3D de componentes de PCB para ayudar en el desarrollo del dise\u00f1o<\/li>\n<li>Ubique los componentes de PCB f\u00e1cilmente con un Pathfinder de PCB<\/li>\n<li>Visualice las propiedades de los componentes con una simple pulsaci\u00f3n: no busque m\u00e1s una pieza en un entorno gr\u00e1fico<\/li>\n<li>Importe datos de cobre, en forma de bocetos, desde el dominio el\u00e9ctrico<\/li>\n<\/ul>\n<p>[\/vc_column_text][vc_column_text]<a href=\"https:\/\/media.plm.automation.siemens.com\/solidedge\/data-brief\/Siemens-SW-Solid-Edge-PCB-Collaboration-fs-77726-C7.pdf\" target=\"_blank\" rel=\"\"external noopener noreferrer\" data-wpel-link=\"external\"><i class=\"icon-ext\"><\/i>Descargue la hoja de datos de Colaboraci\u00f3n PCB de Solid Edge<\/a>[\/vc_column_text][vc_column_text]Aunque Colaboraci\u00f3n PCB de Solid Edge funciona a la perfecci\u00f3n con Dise\u00f1o de PCB de Solid Edge, tambi\u00e9n se puede implementar con otras aplicaciones de software de dise\u00f1o de PCB l\u00edderes en la industria que utilizan el formato IDX para la colaboraci\u00f3n ECAD-MCAD.[\/vc_column_text][\/vc_column][\/vc_row][vc_row full_width=\u00bbstretch_row\u00bb el_class=\u00bbvc-row-video-highlight\u00bb][vc_column][vc_column_text el_class=\u00bbvc-el-lead-in\u00bb]Video<\/p>\n<h2>Vea Dise\u00f1o de placas de circuitos impresos y colaboraci\u00f3n en acci\u00f3n<\/h2>\n<p>La disposici\u00f3n en 3D totalmente integrada con la colocaci\u00f3n, las restricciones, la verificaci\u00f3n de las reglas de dise\u00f1o (DRC, por sus siglas en ingl\u00e9s) y la visualizaci\u00f3n fotorrealista reducen las iteraciones de MCAD. Colaboraci\u00f3n PCB de Solid Edge transmite eficientemente datos bidireccionales entre los entornos ECAD y MCAD, y permite que los aspectos de dise\u00f1o del entorno MCAD fluyan al dise\u00f1o de PCB para la colocaci\u00f3n inicial.<\/p>\n<p class=\"see-more\" style=\"text-align: right;\"><a href=\"https:\/\/solidedge.siemens.com\/es\/resources\/videos\/\">Ver m\u00e1s v\u00eddeos<\/a><\/p>\n<p>[\/vc_column_text][vc_column_text]<div id=\"wpfp_bce42eb23f750161679be0c63cf206ff\" data-item=\"{&quot;sources&quot;:[{&quot;src&quot;:&quot;https:\\\/\\\/media.plm.automation.siemens.com\\\/solidedge\\\/videos\\\/2020-Pcb-Design-And-Collaboration-In-Solid-Edge.mp4&quot;,&quot;type&quot;:&quot;video\\\/mp4&quot;}]}\" class=\"flowplayer no-brand is-splash no-svg is-paused skin-slim fp-slim fp-edgy\" data-embed=\"false\" style=\"max-width: 1920px; max-height: 1080px; background-image: url(https:\/\/solidedge.siemens.com\/wp-content\/uploads\/2019\/06\/2020-pcb-design-collaboration-featured.jpg);\" data-ratio=\"0.5625\" data-advance=\"false\">\n\t<div class=\"fp-ratio\" style=\"padding-top: 56.25%\"><\/div>\n\t<div class=\"fp-ui\"><div class=\"fp-play fp-visible\"><a class=\"fp-icon fp-playbtn\"><\/a><\/div><\/div>\n\n<\/div>\n[\/vc_column_text][\/vc_column][\/vc_row][vc_row full_width=\u00bbstretch_row\u00bb el_class=\u00bbfooter-contact\u00bb css=\u00bb.vc_custom_1550170708528{background-color: #dedee3 !important;}\u00bb][vc_column]<div class=\"wpb_content_block wpb_content_element\"><div class=\"wpb_wrapper\"><\/div><\/div>[\/vc_column][\/vc_row]<\/p>\n","protected":false},"excerpt":{"rendered":"<p> Colaboraci\u00f3n PCB de Solid Edge Colaboraci\u00f3n PCB de Solid Edge elimina las barreras entre los entornos ECAD-MCAD al comunicar de manera eficiente la intenci\u00f3n de dise\u00f1o entre dominios, al tiempo que permite a los ingenieros permanecer en sus entornos [&hellip;]<\/p>\n","protected":false},"author":5,"featured_media":0,"parent":1548,"menu_order":0,"comment_status":"closed","ping_status":"closed","template":"","meta":{"inline_featured_image":false},"yoast_head":"<!-- This site is optimized with the Yoast SEO plugin v18.4.1 - https:\/\/yoast.com\/wordpress\/plugins\/seo\/ -->\n<title>Colaboraci\u00f3n PCB | Solid Edge | Siemens Software<\/title>\n<meta name=\"robots\" content=\"index, follow, max-snippet:-1, max-image-preview:large, max-video-preview:-1\" \/>\n<link rel=\"canonical\" href=\"https:\/\/solidedge.siemens.com\/es\/solutions\/products\/electrical-design\/pcb-collaboration\/\" \/>\n<meta property=\"og:locale\" content=\"es_ES\" \/>\n<meta property=\"og:type\" content=\"article\" \/>\n<meta property=\"og:title\" content=\"Colaboraci\u00f3n PCB | Solid Edge | Siemens Software\" \/>\n<meta property=\"og:description\" content=\"Colaboraci\u00f3n PCB de Solid Edge Colaboraci\u00f3n PCB de Solid Edge elimina las barreras entre los entornos ECAD-MCAD al comunicar de manera eficiente la intenci\u00f3n de dise\u00f1o entre dominios, al tiempo que permite a los ingenieros permanecer en sus entornos [&hellip;]\" \/>\n<meta property=\"og:url\" content=\"https:\/\/solidedge.siemens.com\/es\/solutions\/products\/electrical-design\/pcb-collaboration\/\" \/>\n<meta property=\"og:site_name\" content=\"Solid Edge\" \/>\n<meta property=\"article:publisher\" content=\"https:\/\/www.facebook.com\/solidedge\" \/>\n<meta property=\"article:modified_time\" content=\"2019-08-26T19:01:49+00:00\" \/>\n<meta name=\"twitter:card\" content=\"summary_large_image\" \/>\n<meta name=\"twitter:site\" content=\"@siemensplm\" \/>\n<meta name=\"twitter:label1\" content=\"Tiempo de lectura\" \/>\n\t<meta name=\"twitter:data1\" content=\"2 minutos\" \/>\n<script type=\"application\/ld+json\" class=\"yoast-schema-graph\">{\"@context\":\"https:\/\/schema.org\",\"@graph\":[{\"@type\":\"Organization\",\"@id\":\"https:\/\/solidedge.siemens.com\/en\/#organization\",\"name\":\"Siemens Digital Industries Software\",\"url\":\"https:\/\/solidedge.siemens.com\/en\/\",\"sameAs\":[\"https:\/\/www.facebook.com\/solidedge\",\"https:\/\/www.instagram.com\/siemens\/\",\"https:\/\/www.linkedin.com\/company\/siemens-plm-software\",\"https:\/\/www.youtube.com\/user\/PolarionSoftware\",\"https:\/\/twitter.com\/siemensplm\"],\"logo\":{\"@type\":\"ImageObject\",\"@id\":\"https:\/\/solidedge.siemens.com\/en\/#logo\",\"inLanguage\":\"es\",\"url\":\"https:\/\/solidedge.siemens.com\/wp-content\/uploads\/2018\/04\/logo-siemens-ifl@2x.png\",\"contentUrl\":\"https:\/\/solidedge.siemens.com\/wp-content\/uploads\/2018\/04\/logo-siemens-ifl@2x.png\",\"width\":640,\"height\":270,\"caption\":\"Siemens Digital Industries Software\"},\"image\":{\"@id\":\"https:\/\/solidedge.siemens.com\/en\/#logo\"}},{\"@type\":\"WebSite\",\"@id\":\"https:\/\/solidedge.siemens.com\/en\/#website\",\"url\":\"https:\/\/solidedge.siemens.com\/en\/\",\"name\":\"Solid Edge\",\"description\":\"Siemens Software\",\"publisher\":{\"@id\":\"https:\/\/solidedge.siemens.com\/en\/#organization\"},\"potentialAction\":[{\"@type\":\"SearchAction\",\"target\":{\"@type\":\"EntryPoint\",\"urlTemplate\":\"https:\/\/solidedge.siemens.com\/en\/?s={search_term_string}\"},\"query-input\":\"required name=search_term_string\"}],\"inLanguage\":\"es\"},{\"@type\":\"WebPage\",\"@id\":\"https:\/\/solidedge.siemens.com\/es\/solutions\/products\/electrical-design\/pcb-collaboration\/#webpage\",\"url\":\"https:\/\/solidedge.siemens.com\/es\/solutions\/products\/electrical-design\/pcb-collaboration\/\",\"name\":\"Colaboraci\u00f3n PCB | Solid Edge | Siemens Software\",\"isPartOf\":{\"@id\":\"https:\/\/solidedge.siemens.com\/en\/#website\"},\"datePublished\":\"2019-08-26T17:32:20+00:00\",\"dateModified\":\"2019-08-26T19:01:49+00:00\",\"breadcrumb\":{\"@id\":\"https:\/\/solidedge.siemens.com\/es\/solutions\/products\/electrical-design\/pcb-collaboration\/#breadcrumb\"},\"inLanguage\":\"es\",\"potentialAction\":[{\"@type\":\"ReadAction\",\"target\":[\"https:\/\/solidedge.siemens.com\/es\/solutions\/products\/electrical-design\/pcb-collaboration\/\"]}]},{\"@type\":\"BreadcrumbList\",\"@id\":\"https:\/\/solidedge.siemens.com\/es\/solutions\/products\/electrical-design\/pcb-collaboration\/#breadcrumb\",\"itemListElement\":[{\"@type\":\"ListItem\",\"position\":1,\"name\":\"Home\",\"item\":\"https:\/\/solidedge.siemens.com\/en\/home-12\/\"},{\"@type\":\"ListItem\",\"position\":2,\"name\":\"Soluciones\",\"item\":\"https:\/\/solidedge.siemens.com\/es\/solutions\/\"},{\"@type\":\"ListItem\",\"position\":3,\"name\":\"Productos\",\"item\":\"https:\/\/solidedge.siemens.com\/es\/solutions\/products\/\"},{\"@type\":\"ListItem\",\"position\":4,\"name\":\"Dise&ntilde;o el&eacute;ctrico\",\"item\":\"https:\/\/solidedge.siemens.com\/es\/solutions\/products\/electrical-design\/\"},{\"@type\":\"ListItem\",\"position\":5,\"name\":\"Colaboraci\u00f3n PCB\"}]}]}<\/script>\n<!-- \/ Yoast SEO plugin. -->","yoast_head_json":{"title":"Colaboraci\u00f3n PCB | Solid Edge | Siemens Software","robots":{"index":"index","follow":"follow","max-snippet":"max-snippet:-1","max-image-preview":"max-image-preview:large","max-video-preview":"max-video-preview:-1"},"canonical":"https:\/\/solidedge.siemens.com\/es\/solutions\/products\/electrical-design\/pcb-collaboration\/","og_locale":"es_ES","og_type":"article","og_title":"Colaboraci\u00f3n PCB | Solid Edge | Siemens Software","og_description":"Colaboraci\u00f3n PCB de Solid Edge Colaboraci\u00f3n PCB de Solid Edge elimina las barreras entre los entornos ECAD-MCAD al comunicar de manera eficiente la intenci\u00f3n de dise\u00f1o entre dominios, al tiempo que permite a los ingenieros permanecer en sus entornos [&hellip;]","og_url":"https:\/\/solidedge.siemens.com\/es\/solutions\/products\/electrical-design\/pcb-collaboration\/","og_site_name":"Solid Edge","article_publisher":"https:\/\/www.facebook.com\/solidedge","article_modified_time":"2019-08-26T19:01:49+00:00","twitter_card":"summary_large_image","twitter_site":"@siemensplm","twitter_misc":{"Tiempo de lectura":"2 minutos"},"schema":{"@context":"https:\/\/schema.org","@graph":[{"@type":"Organization","@id":"https:\/\/solidedge.siemens.com\/en\/#organization","name":"Siemens Digital Industries Software","url":"https:\/\/solidedge.siemens.com\/en\/","sameAs":["https:\/\/www.facebook.com\/solidedge","https:\/\/www.instagram.com\/siemens\/","https:\/\/www.linkedin.com\/company\/siemens-plm-software","https:\/\/www.youtube.com\/user\/PolarionSoftware","https:\/\/twitter.com\/siemensplm"],"logo":{"@type":"ImageObject","@id":"https:\/\/solidedge.siemens.com\/en\/#logo","inLanguage":"es","url":"https:\/\/solidedge.siemens.com\/wp-content\/uploads\/2018\/04\/logo-siemens-ifl@2x.png","contentUrl":"https:\/\/solidedge.siemens.com\/wp-content\/uploads\/2018\/04\/logo-siemens-ifl@2x.png","width":640,"height":270,"caption":"Siemens Digital Industries Software"},"image":{"@id":"https:\/\/solidedge.siemens.com\/en\/#logo"}},{"@type":"WebSite","@id":"https:\/\/solidedge.siemens.com\/en\/#website","url":"https:\/\/solidedge.siemens.com\/en\/","name":"Solid Edge","description":"Siemens Software","publisher":{"@id":"https:\/\/solidedge.siemens.com\/en\/#organization"},"potentialAction":[{"@type":"SearchAction","target":{"@type":"EntryPoint","urlTemplate":"https:\/\/solidedge.siemens.com\/en\/?s={search_term_string}"},"query-input":"required name=search_term_string"}],"inLanguage":"es"},{"@type":"WebPage","@id":"https:\/\/solidedge.siemens.com\/es\/solutions\/products\/electrical-design\/pcb-collaboration\/#webpage","url":"https:\/\/solidedge.siemens.com\/es\/solutions\/products\/electrical-design\/pcb-collaboration\/","name":"Colaboraci\u00f3n PCB | Solid Edge | Siemens Software","isPartOf":{"@id":"https:\/\/solidedge.siemens.com\/en\/#website"},"datePublished":"2019-08-26T17:32:20+00:00","dateModified":"2019-08-26T19:01:49+00:00","breadcrumb":{"@id":"https:\/\/solidedge.siemens.com\/es\/solutions\/products\/electrical-design\/pcb-collaboration\/#breadcrumb"},"inLanguage":"es","potentialAction":[{"@type":"ReadAction","target":["https:\/\/solidedge.siemens.com\/es\/solutions\/products\/electrical-design\/pcb-collaboration\/"]}]},{"@type":"BreadcrumbList","@id":"https:\/\/solidedge.siemens.com\/es\/solutions\/products\/electrical-design\/pcb-collaboration\/#breadcrumb","itemListElement":[{"@type":"ListItem","position":1,"name":"Home","item":"https:\/\/solidedge.siemens.com\/en\/home-12\/"},{"@type":"ListItem","position":2,"name":"Soluciones","item":"https:\/\/solidedge.siemens.com\/es\/solutions\/"},{"@type":"ListItem","position":3,"name":"Productos","item":"https:\/\/solidedge.siemens.com\/es\/solutions\/products\/"},{"@type":"ListItem","position":4,"name":"Dise&ntilde;o el&eacute;ctrico","item":"https:\/\/solidedge.siemens.com\/es\/solutions\/products\/electrical-design\/"},{"@type":"ListItem","position":5,"name":"Colaboraci\u00f3n PCB"}]}]}},"_links":{"self":[{"href":"https:\/\/solidedge.siemens.com\/es\/wp-json\/wp\/v2\/pages\/20183"}],"collection":[{"href":"https:\/\/solidedge.siemens.com\/es\/wp-json\/wp\/v2\/pages"}],"about":[{"href":"https:\/\/solidedge.siemens.com\/es\/wp-json\/wp\/v2\/types\/page"}],"author":[{"embeddable":true,"href":"https:\/\/solidedge.siemens.com\/es\/wp-json\/wp\/v2\/users\/5"}],"replies":[{"embeddable":true,"href":"https:\/\/solidedge.siemens.com\/es\/wp-json\/wp\/v2\/comments?post=20183"}],"version-history":[{"count":0,"href":"https:\/\/solidedge.siemens.com\/es\/wp-json\/wp\/v2\/pages\/20183\/revisions"}],"up":[{"embeddable":true,"href":"https:\/\/solidedge.siemens.com\/es\/wp-json\/wp\/v2\/pages\/1548"}],"wp:attachment":[{"href":"https:\/\/solidedge.siemens.com\/es\/wp-json\/wp\/v2\/media?parent=20183"}],"curies":[{"name":"wp","href":"https:\/\/api.w.org\/{rel}","templated":true}]}}