{"id":20176,"date":"2019-08-26T13:27:30","date_gmt":"2019-08-26T17:27:30","guid":{"rendered":"https:\/\/solidedge.siemens.com\/?page_id=20176"},"modified":"2019-11-15T15:22:56","modified_gmt":"2019-11-15T20:22:56","slug":"model-based-definition","status":"publish","type":"page","link":"https:\/\/solidedge.siemens.com\/es\/solutions\/products\/3d-design\/model-based-definition\/","title":{"rendered":"Definici\u00f3n basada en modelos"},"content":{"rendered":"<p>[vc_row full_width=\u00bbstretch_row\u00bb full_height=\u00bbyes\u00bb content_placement=\u00bbmiddle\u00bb css=\u00bb.vc_custom_1560146481477{background: #a6a6a6 url(https:\/\/solidedge.siemens.com\/wp-content\/uploads\/2019\/06\/Model-Based-Design-PMI-Dimensions-Only.jpg?id=17448) !important;background-position: center !important;background-repeat: no-repeat !important;background-size: cover !important;}\u00bb el_class=\u00bbvc-row-hero-banner\u00bb][vc_column][vc_column_text el_class=\u00bb.vc-el-callout\u00bb]<\/p>\n<h1>Definici\u00f3n basada en modelos<\/h1>\n<p>La definici\u00f3n basada en modelos de Solid Edge permite la producci\u00f3n de una definici\u00f3n digital completa de piezas y \/ o conjuntos utilizando un modelo 3D, lo que lleva a los usuarios a un entorno de fabricaci\u00f3n y dise\u00f1o totalmente digitalizado. Los modelos anotados en 3D son mucho m\u00e1s f\u00e1ciles de entender que los dibujos complejos, lo que reduce el tiempo dedicado a la documentaci\u00f3n de ingenier\u00eda e impulsa los esfuerzos de validaci\u00f3n y fabricaci\u00f3n posteriores.[\/vc_column_text][\/vc_column][\/vc_row][vc_row][vc_column][vc_row_inner][vc_column_inner width=\u00bb2\/3&#8243;][vc_column_text]<\/p>\n<h3>Documentaci\u00f3n de fabricaci\u00f3n m\u00e1s r\u00e1pida: comunicaciones de fabricaci\u00f3n m\u00e1s claras<\/h3>\n<p>Las comunicaciones digitales aceleran los procesos del dise\u00f1o a la fabricaci\u00f3n. En la definici\u00f3n basada en modelos de Solid Edge, los modelos 3D que incluyen PMI y los metadatos asociados se comunican a trav\u00e9s de PDF 3D universal, lo que permite ver los datos de fabricaci\u00f3n de forma interactiva. La informaci\u00f3n PMI utilizada para guiar el modelo 3D es la misma informaci\u00f3n que se utiliza para crear el archivo PDF 3D, lo que evita la necesidad de crear documentaci\u00f3n PMI adicional. Cuando sea necesario para los esfuerzos de certificaci\u00f3n, la documentaci\u00f3n en papel se puede producir f\u00e1cilmente en formato PDF 3D.[\/vc_column_text][\/vc_column_inner][vc_column_inner width=\u00bb1\/3&#8243;][vc_single_image image=\u00bb17740&#8243; img_size=\u00bbmedium\u00bb alignment=\u00bbright\u00bb][\/vc_column_inner][\/vc_row_inner][vc_row_inner][vc_column_inner width=\u00bb2\/3&#8243;][vc_column_text]<\/p>\n<h3>Utilice los procesos m\u00e1s rentables en la colaboraci\u00f3n de proveedores.<\/h3>\n<p>La definici\u00f3n basada en modelos de Solid Edge permite a los proveedores utilizar la soluci\u00f3n m\u00e1s rentable para sus necesidades comerciales, y permite que los fabricantes y sus proveedores administren digitalmente los esfuerzos de ingenier\u00eda 3D basados \u200b\u200ben modelos utilizando un proceso rentable y no patentado. La informaci\u00f3n de producto y fabricaci\u00f3n (PMI) se puede intercambiar entre el fabricante y el proveedor (o los departamentos de ingenier\u00eda y fabricaci\u00f3n) sin requerir que est\u00e9n en el mismo entorno.[\/vc_column_text][\/vc_column_inner][vc_column_inner width=\u00bb1\/3&#8243;][vc_single_image image=\u00bb17753&#8243; img_size=\u00bbmedium\u00bb alignment=\u00bbright\u00bb][\/vc_column_inner][\/vc_row_inner][vc_row_inner][vc_column_inner width=\u00bb2\/3&#8243;][vc_column_text]<\/p>\n<h3>Cumplimiento de est\u00e1ndares<\/h3>\n<p>El cumplimiento de los est\u00e1ndares de la industria puede brindar a los usuarios una ventaja competitiva, ya que muchas industrias requieren el cumplimiento de los requisitos de los est\u00e1ndares para los procesos basados \u200b\u200ben datos digitales. La definici\u00f3n basada en modelos de Solid Edge cumple con MIL-STD-31000B, ASME Y 14.41, ISO 16792, DIN ISO 16792 y GB \/ T 24734; el software importa \/ exporta PMI usando STEP AP242.[\/vc_column_text][\/vc_column_inner][vc_column_inner width=\u00bb1\/3&#8243;][vc_single_image image=\u00bb17766&#8243; img_size=\u00bbmedium\u00bb alignment=\u00bbright\u00bb][\/vc_column_inner][\/vc_row_inner][vc_column_text]<a href=\"https:\/\/media.plm.automation.siemens.com\/solidedge\/data-brief\/Siemens-SW-Solid-Edge-Model-Based-Definition-FS-78027-C6.pdf\" target=\"_blank\" rel=\"noopener noreferrer\"><i class=\"icon-ext\"><\/i>Descargue la hoja de datos de definici\u00f3n basada en el modelo de Solid Edge<\/a>[\/vc_column_text][\/vc_column][\/vc_row][vc_row full_width=\u00bbstretch_row\u00bb disable_element=\u00bbyes\u00bb el_class=\u00bbvc-row-video-highlight\u00bb][vc_column][vc_column_text el_class=\u00bbvc-el-lead-in\u00bb]Video<\/p>\n<h2>Descargue la hoja de datos de definici\u00f3n basada en el modelo de Solid Edge<\/h2>\n<p>No use papel con las herramientas de dibujo 3D PDF basadas en plantillas. La definici\u00f3n basada en modelos proporciona modelos 3D anotados que son m\u00e1s f\u00e1ciles de entender que los dibujos complejos.<\/p>\n<p class=\"see-more\" style=\"text-align: right;\"><a href=\"https:\/\/solidedge.siemens.com\/es\/resources\/videos\/\">Ver m\u00e1s v\u00eddeos<\/a><\/p>\n<p>[\/vc_column_text]\n\n\n  <div id=\"wpv-view-layout-567-CATTRc79c1f955a84a4a03887a8fc748a6d38\" class=\"js-wpv-view-layout js-wpv-layout-responsive js-wpv-view-layout-567-CATTRc79c1f955a84a4a03887a8fc748a6d38\" data-viewnumber=\"567-CATTRc79c1f955a84a4a03887a8fc748a6d38\" data-pagination=\"{&quot;id&quot;:567,&quot;query&quot;:&quot;normal&quot;,&quot;type&quot;:&quot;disabled&quot;,&quot;effect&quot;:&quot;fade&quot;,&quot;duration&quot;:500,&quot;speed&quot;:5,&quot;pause_on_hover&quot;:&quot;disabled&quot;,&quot;stop_rollover&quot;:&quot;false&quot;,&quot;cache_pages&quot;:&quot;enabled&quot;,&quot;preload_images&quot;:&quot;enabled&quot;,&quot;preload_pages&quot;:&quot;enabled&quot;,&quot;preload_reach&quot;:1,&quot;spinner&quot;:&quot;builtin&quot;,&quot;spinner_image&quot;:&quot;https:\/\/solidedge.siemens.com\/wp-content\/plugins\/wp-views\/embedded\/res\/img\/ajax-loader.gif&quot;,&quot;callback_next&quot;:&quot;&quot;,&quot;manage_history&quot;:&quot;disabled&quot;,&quot;has_controls_in_form&quot;:&quot;disabled&quot;,&quot;infinite_tolerance&quot;:&quot;0&quot;,&quot;max_pages&quot;:0,&quot;page&quot;:1,&quot;base_permalink&quot;:&quot;\/es\/wp-json\/wp\/v2\/pages\/20176?wpv_view_count=567-CATTRc79c1f955a84a4a03887a8fc748a6d38&amp;wpv_paged=WPV_PAGE_NUM&quot;,&quot;loop&quot;:{&quot;type&quot;:&quot;&quot;,&quot;name&quot;:&quot;&quot;,&quot;data&quot;:[],&quot;id&quot;:0}}\" data-permalink=\"\/es\/wp-json\/wp\/v2\/pages\/20176?wpv_view_count=567-CATTRc79c1f955a84a4a03887a8fc748a6d38\">\n\n  \n  <div class=\"wpv-resources\"><a name=\"video\" class=\"video-anchor\"><\/a>\n    <div id=\"ult-carousel-81619085969d2cccdea61f\" class=\"ult-carousel-wrapper  vc-el-carousel-videos-embedded ult_horizontal\" data-gutter=\"0\" data-rtl=\"false\" ><div class=\"ult-carousel-83652780469d2cccdea5fb \" >\n    \n    \n       <div><!-- slide container -->\n        <div class=\"wpv-resources-item\" data-mh=\".wpv-resources-item\">\n          <div class=\"resources-item-poster\">\n              <div id=\"wpfp_3a02cb26dd9ba38f78321ec9564f9f2c\" data-item=\"{&quot;sources&quot;:&#091;{&quot;src&quot;:&quot;https:\\\/\\\/media.plm.automation.siemens.com\\\/solidedge\\\/solid-edge-synchronous-56675.mp4&quot;,&quot;type&quot;:&quot;video\\\/mp4&quot;}&#093;}\" class=\"flowplayer no-brand is-splash no-svg is-paused skin-slim fp-slim fp-edgy\" data-embed=\"false\" style=\"max-width: 1140px; max-height: 640px; background-image: url(https:\/\/solidedge.siemens.com\/wp-content\/uploads\/2018\/04\/v-SE-synch-tech.jpg);\" data-ratio=\"0.5614\" data-advance=\"false\">\n\t<div class=\"fp-ratio\" style=\"padding-top: 56.14%\"><\/div>\n\t<div class=\"fp-ui\"><div class=\"fp-play fp-visible\"><a class=\"fp-icon fp-playbtn\"><\/a><\/div><\/div>\n\n<\/div>\n\n              \n          <\/div>\n        <\/div>\n      <\/div>\n    \n    \n    <\/div><\/div>\t\t\t<script type=\"text\/javascript\">\r\n\t\t\t\tjQuery(document).ready(function ($) {\r\n\t\t\t\t\tif( typeof jQuery('.ult-carousel-83652780469d2cccdea5fb').slick == \"function\"){\r\n\t\t\t\t\t\t$('.ult-carousel-83652780469d2cccdea5fb').slick({dots: true,autoplaySpeed: 5000,speed: 500,infinite: false,arrows: true,nextArrow: '<button type=\"button\" role=\"button\" aria-label=\"Next\" style=\"color:#ffffff; font-size:30px;background:rgba(47,56,60,0.5);\" class=\"slick-next square-bg\"><i class=\"ultsl-arrow-right6\"><\/i><\/button>',prevArrow: '<button type=\"button\" role=\"button\" aria-label=\"Previous\" style=\"color:#ffffff; font-size:30px;background:rgba(47,56,60,0.5);\" class=\"slick-prev square-bg\"><i class=\"ultsl-arrow-left6\"><\/i><\/button>',slidesToScroll:1,slidesToShow:1,swipe: true,draggable: true,touchMove: true,pauseOnHover: true,pauseOnFocus: false,responsive: [\r\n\t\t\t\t\t\t\t{\r\n\t\t\t\t\t\t\t  breakpoint: 1026,\r\n\t\t\t\t\t\t\t  settings: {\r\n\t\t\t\t\t\t\t\tslidesToShow: 1,\r\n\t\t\t\t\t\t\t\tslidesToScroll: 1,  \r\n\t\t\t\t\t\t\t  }\r\n\t\t\t\t\t\t\t},\r\n\t\t\t\t\t\t\t{\r\n\t\t\t\t\t\t\t  breakpoint: 1025,\r\n\t\t\t\t\t\t\t  settings: {\r\n\t\t\t\t\t\t\t\tslidesToShow: 1,\r\n\t\t\t\t\t\t\t\tslidesToScroll: 1\r\n\t\t\t\t\t\t\t  }\r\n\t\t\t\t\t\t\t},\r\n\t\t\t\t\t\t\t{\r\n\t\t\t\t\t\t\t  breakpoint: 760,\r\n\t\t\t\t\t\t\t  settings: {\r\n\t\t\t\t\t\t\t\tslidesToShow: 1,\r\n\t\t\t\t\t\t\t\tslidesToScroll: 1\r\n\t\t\t\t\t\t\t  }\r\n\t\t\t\t\t\t\t}\r\n\t\t\t\t\t\t],pauseOnDotsHover: true,customPaging: function(slider, i) {\r\n                   return '<i type=\"button\" style= \"color:#788891;\" class=\"ultsl-record\" data-role=\"none\"><\/i>';\r\n                },});\r\n\t\t\t\t\t}\r\n\t\t\t\t});\r\n\t\t\t<\/script>\r\n\t\t\t\n  <\/div>\n  \n  \n  <\/div>\n[\/vc_column][\/vc_row][vc_row full_width=\u00bbstretch_row\u00bb el_class=\u00bbfooter-contact\u00bb css=\u00bb.vc_custom_1550170708528{background-color: #dedee3 !important;}\u00bb][vc_column]<div class=\"wpb_content_block wpb_content_element\"><div class=\"wpb_wrapper\"><\/div><\/div>[\/vc_column][\/vc_row]<\/p>\n","protected":false},"excerpt":{"rendered":"<p> Definici\u00f3n basada en modelos La definici\u00f3n basada en modelos de Solid Edge permite la producci\u00f3n de una definici\u00f3n digital completa de piezas y \/ o conjuntos utilizando un modelo 3D, lo que lleva a los usuarios a un entorno [&hellip;]<\/p>\n","protected":false},"author":5,"featured_media":0,"parent":2734,"menu_order":0,"comment_status":"closed","ping_status":"closed","template":"","meta":{"inline_featured_image":false},"yoast_head":"<!-- This site is optimized with the Yoast SEO plugin v18.4.1 - https:\/\/yoast.com\/wordpress\/plugins\/seo\/ -->\n<title>Definici\u00f3n basada en modelos | Solid Edge | Siemens Software<\/title>\n<meta name=\"robots\" content=\"index, follow, max-snippet:-1, max-image-preview:large, max-video-preview:-1\" \/>\n<link rel=\"canonical\" href=\"https:\/\/solidedge.siemens.com\/es\/solutions\/products\/3d-design\/model-based-definition\/\" \/>\n<meta property=\"og:locale\" content=\"es_ES\" \/>\n<meta property=\"og:type\" content=\"article\" \/>\n<meta property=\"og:title\" content=\"Definici\u00f3n basada en modelos | Solid Edge | Siemens Software\" \/>\n<meta property=\"og:description\" content=\"Definici\u00f3n basada en modelos La definici\u00f3n basada en modelos de Solid Edge permite la producci\u00f3n de una definici\u00f3n digital completa de piezas y \/ o conjuntos utilizando un modelo 3D, lo que lleva a los usuarios a un entorno [&hellip;]\" \/>\n<meta property=\"og:url\" content=\"https:\/\/solidedge.siemens.com\/es\/solutions\/products\/3d-design\/model-based-definition\/\" \/>\n<meta property=\"og:site_name\" content=\"Solid Edge\" \/>\n<meta property=\"article:publisher\" content=\"https:\/\/www.facebook.com\/solidedge\" \/>\n<meta property=\"article:modified_time\" content=\"2019-11-15T20:22:56+00:00\" \/>\n<meta name=\"twitter:card\" content=\"summary_large_image\" \/>\n<meta name=\"twitter:site\" content=\"@siemensplm\" \/>\n<meta name=\"twitter:label1\" content=\"Tiempo de lectura\" \/>\n\t<meta name=\"twitter:data1\" content=\"3 minutos\" \/>\n<script type=\"application\/ld+json\" class=\"yoast-schema-graph\">{\"@context\":\"https:\/\/schema.org\",\"@graph\":[{\"@type\":\"Organization\",\"@id\":\"https:\/\/solidedge.siemens.com\/en\/#organization\",\"name\":\"Siemens Digital Industries Software\",\"url\":\"https:\/\/solidedge.siemens.com\/en\/\",\"sameAs\":[\"https:\/\/www.facebook.com\/solidedge\",\"https:\/\/www.instagram.com\/siemens\/\",\"https:\/\/www.linkedin.com\/company\/siemens-plm-software\",\"https:\/\/www.youtube.com\/user\/PolarionSoftware\",\"https:\/\/twitter.com\/siemensplm\"],\"logo\":{\"@type\":\"ImageObject\",\"@id\":\"https:\/\/solidedge.siemens.com\/en\/#logo\",\"inLanguage\":\"es\",\"url\":\"https:\/\/solidedge.siemens.com\/wp-content\/uploads\/2018\/04\/logo-siemens-ifl@2x.png\",\"contentUrl\":\"https:\/\/solidedge.siemens.com\/wp-content\/uploads\/2018\/04\/logo-siemens-ifl@2x.png\",\"width\":640,\"height\":270,\"caption\":\"Siemens Digital Industries Software\"},\"image\":{\"@id\":\"https:\/\/solidedge.siemens.com\/en\/#logo\"}},{\"@type\":\"WebSite\",\"@id\":\"https:\/\/solidedge.siemens.com\/en\/#website\",\"url\":\"https:\/\/solidedge.siemens.com\/en\/\",\"name\":\"Solid Edge\",\"description\":\"Siemens Software\",\"publisher\":{\"@id\":\"https:\/\/solidedge.siemens.com\/en\/#organization\"},\"potentialAction\":[{\"@type\":\"SearchAction\",\"target\":{\"@type\":\"EntryPoint\",\"urlTemplate\":\"https:\/\/solidedge.siemens.com\/en\/?s={search_term_string}\"},\"query-input\":\"required name=search_term_string\"}],\"inLanguage\":\"es\"},{\"@type\":\"WebPage\",\"@id\":\"https:\/\/solidedge.siemens.com\/es\/solutions\/products\/3d-design\/model-based-definition\/#webpage\",\"url\":\"https:\/\/solidedge.siemens.com\/es\/solutions\/products\/3d-design\/model-based-definition\/\",\"name\":\"Definici\u00f3n basada en modelos | Solid Edge | Siemens Software\",\"isPartOf\":{\"@id\":\"https:\/\/solidedge.siemens.com\/en\/#website\"},\"datePublished\":\"2019-08-26T17:27:30+00:00\",\"dateModified\":\"2019-11-15T20:22:56+00:00\",\"breadcrumb\":{\"@id\":\"https:\/\/solidedge.siemens.com\/es\/solutions\/products\/3d-design\/model-based-definition\/#breadcrumb\"},\"inLanguage\":\"es\",\"potentialAction\":[{\"@type\":\"ReadAction\",\"target\":[\"https:\/\/solidedge.siemens.com\/es\/solutions\/products\/3d-design\/model-based-definition\/\"]}]},{\"@type\":\"BreadcrumbList\",\"@id\":\"https:\/\/solidedge.siemens.com\/es\/solutions\/products\/3d-design\/model-based-definition\/#breadcrumb\",\"itemListElement\":[{\"@type\":\"ListItem\",\"position\":1,\"name\":\"Home\",\"item\":\"https:\/\/solidedge.siemens.com\/en\/home-12\/\"},{\"@type\":\"ListItem\",\"position\":2,\"name\":\"Soluciones\",\"item\":\"https:\/\/solidedge.siemens.com\/es\/solutions\/\"},{\"@type\":\"ListItem\",\"position\":3,\"name\":\"Productos\",\"item\":\"https:\/\/solidedge.siemens.com\/es\/solutions\/products\/\"},{\"@type\":\"ListItem\",\"position\":4,\"name\":\"Dise&ntilde;o 3D\",\"item\":\"https:\/\/solidedge.siemens.com\/es\/solutions\/products\/3d-design\/\"},{\"@type\":\"ListItem\",\"position\":5,\"name\":\"Definici\u00f3n basada en modelos\"}]}]}<\/script>\n<!-- \/ Yoast SEO plugin. -->","yoast_head_json":{"title":"Definici\u00f3n basada en modelos | Solid Edge | Siemens Software","robots":{"index":"index","follow":"follow","max-snippet":"max-snippet:-1","max-image-preview":"max-image-preview:large","max-video-preview":"max-video-preview:-1"},"canonical":"https:\/\/solidedge.siemens.com\/es\/solutions\/products\/3d-design\/model-based-definition\/","og_locale":"es_ES","og_type":"article","og_title":"Definici\u00f3n basada en modelos | Solid Edge | Siemens Software","og_description":"Definici\u00f3n basada en modelos La definici\u00f3n basada en modelos de Solid Edge permite la producci\u00f3n de una definici\u00f3n digital completa de piezas y \/ o conjuntos utilizando un modelo 3D, lo que lleva a los usuarios a un entorno [&hellip;]","og_url":"https:\/\/solidedge.siemens.com\/es\/solutions\/products\/3d-design\/model-based-definition\/","og_site_name":"Solid Edge","article_publisher":"https:\/\/www.facebook.com\/solidedge","article_modified_time":"2019-11-15T20:22:56+00:00","twitter_card":"summary_large_image","twitter_site":"@siemensplm","twitter_misc":{"Tiempo de lectura":"3 minutos"},"schema":{"@context":"https:\/\/schema.org","@graph":[{"@type":"Organization","@id":"https:\/\/solidedge.siemens.com\/en\/#organization","name":"Siemens Digital Industries Software","url":"https:\/\/solidedge.siemens.com\/en\/","sameAs":["https:\/\/www.facebook.com\/solidedge","https:\/\/www.instagram.com\/siemens\/","https:\/\/www.linkedin.com\/company\/siemens-plm-software","https:\/\/www.youtube.com\/user\/PolarionSoftware","https:\/\/twitter.com\/siemensplm"],"logo":{"@type":"ImageObject","@id":"https:\/\/solidedge.siemens.com\/en\/#logo","inLanguage":"es","url":"https:\/\/solidedge.siemens.com\/wp-content\/uploads\/2018\/04\/logo-siemens-ifl@2x.png","contentUrl":"https:\/\/solidedge.siemens.com\/wp-content\/uploads\/2018\/04\/logo-siemens-ifl@2x.png","width":640,"height":270,"caption":"Siemens Digital Industries Software"},"image":{"@id":"https:\/\/solidedge.siemens.com\/en\/#logo"}},{"@type":"WebSite","@id":"https:\/\/solidedge.siemens.com\/en\/#website","url":"https:\/\/solidedge.siemens.com\/en\/","name":"Solid Edge","description":"Siemens Software","publisher":{"@id":"https:\/\/solidedge.siemens.com\/en\/#organization"},"potentialAction":[{"@type":"SearchAction","target":{"@type":"EntryPoint","urlTemplate":"https:\/\/solidedge.siemens.com\/en\/?s={search_term_string}"},"query-input":"required name=search_term_string"}],"inLanguage":"es"},{"@type":"WebPage","@id":"https:\/\/solidedge.siemens.com\/es\/solutions\/products\/3d-design\/model-based-definition\/#webpage","url":"https:\/\/solidedge.siemens.com\/es\/solutions\/products\/3d-design\/model-based-definition\/","name":"Definici\u00f3n basada en modelos | Solid Edge | Siemens Software","isPartOf":{"@id":"https:\/\/solidedge.siemens.com\/en\/#website"},"datePublished":"2019-08-26T17:27:30+00:00","dateModified":"2019-11-15T20:22:56+00:00","breadcrumb":{"@id":"https:\/\/solidedge.siemens.com\/es\/solutions\/products\/3d-design\/model-based-definition\/#breadcrumb"},"inLanguage":"es","potentialAction":[{"@type":"ReadAction","target":["https:\/\/solidedge.siemens.com\/es\/solutions\/products\/3d-design\/model-based-definition\/"]}]},{"@type":"BreadcrumbList","@id":"https:\/\/solidedge.siemens.com\/es\/solutions\/products\/3d-design\/model-based-definition\/#breadcrumb","itemListElement":[{"@type":"ListItem","position":1,"name":"Home","item":"https:\/\/solidedge.siemens.com\/en\/home-12\/"},{"@type":"ListItem","position":2,"name":"Soluciones","item":"https:\/\/solidedge.siemens.com\/es\/solutions\/"},{"@type":"ListItem","position":3,"name":"Productos","item":"https:\/\/solidedge.siemens.com\/es\/solutions\/products\/"},{"@type":"ListItem","position":4,"name":"Dise&ntilde;o 3D","item":"https:\/\/solidedge.siemens.com\/es\/solutions\/products\/3d-design\/"},{"@type":"ListItem","position":5,"name":"Definici\u00f3n basada en modelos"}]}]}},"_links":{"self":[{"href":"https:\/\/solidedge.siemens.com\/es\/wp-json\/wp\/v2\/pages\/20176"}],"collection":[{"href":"https:\/\/solidedge.siemens.com\/es\/wp-json\/wp\/v2\/pages"}],"about":[{"href":"https:\/\/solidedge.siemens.com\/es\/wp-json\/wp\/v2\/types\/page"}],"author":[{"embeddable":true,"href":"https:\/\/solidedge.siemens.com\/es\/wp-json\/wp\/v2\/users\/5"}],"replies":[{"embeddable":true,"href":"https:\/\/solidedge.siemens.com\/es\/wp-json\/wp\/v2\/comments?post=20176"}],"version-history":[{"count":0,"href":"https:\/\/solidedge.siemens.com\/es\/wp-json\/wp\/v2\/pages\/20176\/revisions"}],"up":[{"embeddable":true,"href":"https:\/\/solidedge.siemens.com\/es\/wp-json\/wp\/v2\/pages\/2734"}],"wp:attachment":[{"href":"https:\/\/solidedge.siemens.com\/es\/wp-json\/wp\/v2\/media?parent=20176"}],"curies":[{"name":"wp","href":"https:\/\/api.w.org\/{rel}","templated":true}]}}