{"id":20166,"date":"2019-08-26T13:24:35","date_gmt":"2019-08-26T17:24:35","guid":{"rendered":"https:\/\/solidedge.siemens.com\/?page_id=20166"},"modified":"2021-12-20T05:58:11","modified_gmt":"2021-12-20T10:58:11","slug":"augmented-reality","status":"publish","type":"page","link":"https:\/\/solidedge.siemens.com\/es\/solutions\/products\/cloud-based-collaboration\/teamcenter-share\/augmented-reality\/","title":{"rendered":"Realidad aumentada"},"content":{"rendered":"<p>[vc_row full_width=\u00bbstretch_row\u00bb full_height=\u00bbyes\u00bb content_placement=\u00bbmiddle\u00bb css=\u00bb.vc_custom_1560142590297{background: #a6a6a6 url(https:\/\/solidedge.siemens.com\/wp-content\/uploads\/2019\/06\/AugmentedRealityWashTech-cover.jpg?id=17291) !important;background-position: center !important;background-repeat: no-repeat !important;background-size: cover !important;}\u00bb el_class=\u00bbvc-row-hero-banner\u00bb][vc_column][vc_column_text el_class=\u00bb.vc-el-callout\u00bb]<\/p>\n<h1>Realidad aumentada de Solid Edge<\/h1>\n<p>Da vida a las ideas con la visualizaci\u00f3n de dise\u00f1os. La realidad aumentada de Solid Edge permite probar prototipos digitales a escala real en el mundo real, conectando as\u00ed el entorno digital con el mundo f\u00edsico. Esto permite que un dise\u00f1o se muestre en su entorno previsto de una manera atractiva, incluso antes de que se construya.<\/p>\n<p>[\/vc_column_text][\/vc_column][\/vc_row][vc_row el_class=\u00bbvc-row-accordion\u00bb][vc_column][vc_column_text]Funcionalidades<!-- wpml:html_fragment --><\/p>\n<h2>Realidad aumentada<\/h2>\n<p>[\/vc_column_text][vc_tta_accordion style=\u00bbflat\u00bb shape=\u00bbsquare\u00bb active_section=\u00bb0&#8243; no_fill=\u00bbtrue\u00bb collapsible_all=\u00bbtrue\u00bb el_class=\u00bbvc-el-accordion\u00bb][vc_tta_section title=\u00bbComunica la intenci\u00f3n del dise\u00f1o en su entorno f\u00edsico previsto\u00bb tab_id=\u00bbui-communicate-design-intent\u00bb][vc_row_inner][vc_column_inner][vc_column_text]<\/p>\n<h2>Comunica la intenci\u00f3n del dise\u00f1o en su entorno f\u00edsico previsto<\/h2>\n<p>Brindar la oportunidad de ver c\u00f3mo se ver\u00e1 un dise\u00f1o en su entorno previsto puede ser una herramienta de comunicaci\u00f3n \u00fatil tanto para dise\u00f1adores como para el departamento de ventas. Puede proporcionar confianza en el aspecto previsto de un producto sin tener que poner a disposici\u00f3n el producto real. Al alterar la percepci\u00f3n de uno usando la informaci\u00f3n digital, los usuarios pueden ver los modelos 3D como si existieran f\u00edsicamente.[\/vc_column_text][\/vc_column_inner][\/vc_row_inner][\/vc_tta_section][vc_tta_section title=\u00bbAcceso f\u00e1cil y gratuito a la visualizaci\u00f3n de \u00faltima generaci\u00f3n\u00bb tab_id=\u00bbui-next-generation-virtualization\u00bb][vc_column_text]<\/p>\n<h2>Acceso f\u00e1cil y gratuito a la visualizaci\u00f3n de \u00faltima generaci\u00f3n<\/h2>\n<p>La realidad aumentada de Solid Edge te permite visualizar productos fieles a la escala, o reducidos para productos m\u00e1s grandes, en cualquier lugar, utilizando un prototipo digital de siguiente nivel a trav\u00e9s de una aplicaci\u00f3n gratuita. Esto puede proporcionar confianza en el aspecto previsto de un producto sin tener que poner a disposici\u00f3n el producto real.[\/vc_column_text][\/vc_tta_section][vc_tta_section title=\u00bbAsiste en colaboraci\u00f3n de dise\u00f1os\u00bb tab_id=\u00bbui-design-collaboration\u00bb][vc_column_text]<\/p>\n<h2>Asiste en colaboraci\u00f3n de dise\u00f1os<\/h2>\n<p>La realidad aumentada de Solid Edge es excelente para revisar los dise\u00f1os. Una representaci\u00f3n precisa del tama\u00f1o\/forma del producto ayuda a los clientes y compa\u00f1eros a comprender c\u00f3mo el producto se adapta a su entorno previsto, incluso cuando los equipos est\u00e1n dispersos geogr\u00e1ficamente. Los beneficios de implementaci\u00f3n incluyen un menor tiempo de comercializaci\u00f3n y costo, una mejor calidad y una mayor productividad.[\/vc_column_text][\/vc_tta_section][vc_tta_section title=\u00bbIntercambio seguro\u00bb tab_id=\u00bbui-secure-sharing\u00bb][vc_column_text]<\/p>\n<h2>Intercambio seguro<\/h2>\n<p>El intercambio seguro de la experiencia de realidad aumentada est\u00e1 disponible a trav\u00e9s de la nube utilizando el Portal de Solid Edge gratuito.[\/vc_column_text][\/vc_tta_section][vc_tta_section title=\u00bbExtensi\u00f3n de realidad aumentada a otras experiencias de realidad aumentada, virtual y mixta\u00bb tab_id=\u00bbui-extending-ar\u00bb][vc_column_text]<\/p>\n<h2>Extensi\u00f3n de realidad aumentada a otras experiencias de realidad aumentada, virtual y mixta<\/h2>\n<p>Solid Edge puede exportar archivos OBJ a otras experiencias de realidad aumentada, virtual y mixta (AR \/ VR \/ MR) a trav\u00e9s de sistemas de terceros.[\/vc_column_text][\/vc_tta_section][\/vc_tta_accordion][\/vc_column][\/vc_row][vc_row full_width=\u00bbstretch_row\u00bb el_class=\u00bbvc-row-free-software\u00bb css=\u00bb.vc_custom_1523912493378{background-color: #006486 !important;}\u00bb][vc_column][vc_column_text el_class=\u00bbvc-el-lead-in\u00bb]Software GRATUITO<!-- wpml:html_fragment --><\/p>\n<h2>Software de dise\u00f1o 3D gratuito<\/h2>\n<p>[\/vc_column_text][vc_row_inner equal_height=\u00bbyes\u00bb][vc_column_inner width=\u00bb1\/2&#8243; offset=\u00bbvc_col-md-5&#8243;]<div class=\"wpb_content_block wpb_content_element\"><div class=\"wpb_wrapper\"><div class=\"content_block\" id=\"custom_post_widget-419\"><p>[vc_row][vc_column][vc_column_text]<\/p>\n<h3>Software gratuito para su empresa emergente<\/h3>\n<p>Si su empresa lleva menos de tres a\u00f1os constituida y se encuentra en una fase inicial, puede obtener Solid Edge de forma gratuita. \u00a1Sin ning\u00fan tipo de tarifa de suscripci\u00f3n![\/vc_column_text][vc_column_text]<a class=\"action-button\" href=\"https:\/\/www.plm.automation.siemens.com\/global\/es\/topic\/solid-edge-for-startups-mexico\/35392\"><i class=\"icon-ext\"><\/i>Solic\u00edtelo ahora<\/a>[\/vc_column_text][\/vc_column][\/vc_row]<\/p>\n<\/div><\/div><\/div>[\/vc_column_inner][vc_column_inner width=\u00bb1\/2&#8243; offset=\u00bbvc_col-md-offset-2 vc_col-md-5&#8243;]<div class=\"wpb_content_block wpb_content_element\"><div class=\"wpb_wrapper\"><div class=\"content_block\" id=\"custom_post_widget-418\"><p>[vc_row][vc_column][vc_column_text]<\/p>\n<h3>Pruebe Solid Edge de forma gratuita<\/h3>\n<p>Obtenga acceso instant\u00e1neo a una prueba gratuita de Solid Edge y pru\u00e9belo usted mismo.[\/vc_column_text][vc_column_text]<a class=\"action-button\" href=\"\/es\/try-now\/\"><i class=\"icon-ext\"><\/i>Empiece ahora<\/a>[\/vc_column_text][\/vc_column][\/vc_row]<\/p>\n<\/div><\/div><\/div>[\/vc_column_inner][\/vc_row_inner][\/vc_column][\/vc_row][vc_row full_width=\u00bbstretch_row\u00bb el_class=\u00bbfooter-contact\u00bb css=\u00bb.vc_custom_1550170708528{background-color: #dedee3 !important;}\u00bb][vc_column]<div class=\"wpb_content_block wpb_content_element\"><div class=\"wpb_wrapper\"><\/div><\/div>[\/vc_column][\/vc_row]<\/p>\n","protected":false},"excerpt":{"rendered":"<p>La realidad aumentada de Solid Edge permite a los usuarios probar prototipos digitales a escala real en entornos del mundo real para hacer realidad tus ideas.<\/p>\n","protected":false},"author":5,"featured_media":0,"parent":53448,"menu_order":0,"comment_status":"closed","ping_status":"closed","template":"","meta":{"inline_featured_image":false},"yoast_head":"<!-- This site is optimized with the Yoast SEO plugin v18.4.1 - https:\/\/yoast.com\/wordpress\/plugins\/seo\/ -->\n<title>Realidad aumentada | Solid Edge<\/title>\n<meta name=\"description\" content=\"La realidad aumentada de Solid Edge permite a los usuarios probar prototipos digitales a escala real en entornos del mundo real para hacer realidad tus ideas.\" \/>\n<meta name=\"robots\" content=\"index, follow, max-snippet:-1, max-image-preview:large, max-video-preview:-1\" \/>\n<link rel=\"canonical\" href=\"https:\/\/solidedge.siemens.com\/es\/solutions\/products\/cloud-based-collaboration\/teamcenter-share\/augmented-reality\/\" \/>\n<meta property=\"og:locale\" content=\"es_ES\" \/>\n<meta property=\"og:type\" content=\"article\" \/>\n<meta property=\"og:title\" content=\"Realidad aumentada | Solid Edge\" \/>\n<meta property=\"og:description\" content=\"La realidad aumentada de Solid Edge permite a los usuarios probar prototipos digitales a escala real en entornos del mundo real para hacer realidad tus ideas.\" \/>\n<meta property=\"og:url\" content=\"https:\/\/solidedge.siemens.com\/es\/solutions\/products\/cloud-based-collaboration\/teamcenter-share\/augmented-reality\/\" \/>\n<meta property=\"og:site_name\" content=\"Solid Edge\" \/>\n<meta property=\"article:publisher\" content=\"https:\/\/www.facebook.com\/solidedge\" \/>\n<meta property=\"article:modified_time\" content=\"2021-12-20T10:58:11+00:00\" \/>\n<meta name=\"twitter:card\" content=\"summary_large_image\" \/>\n<meta name=\"twitter:site\" content=\"@siemensplm\" \/>\n<meta name=\"twitter:label1\" content=\"Tiempo de lectura\" \/>\n\t<meta name=\"twitter:data1\" content=\"4 minutos\" \/>\n<script type=\"application\/ld+json\" class=\"yoast-schema-graph\">{\"@context\":\"https:\/\/schema.org\",\"@graph\":[{\"@type\":\"Organization\",\"@id\":\"https:\/\/solidedge.siemens.com\/en\/#organization\",\"name\":\"Siemens Digital Industries Software\",\"url\":\"https:\/\/solidedge.siemens.com\/en\/\",\"sameAs\":[\"https:\/\/www.facebook.com\/solidedge\",\"https:\/\/www.instagram.com\/siemens\/\",\"https:\/\/www.linkedin.com\/company\/siemens-plm-software\",\"https:\/\/www.youtube.com\/user\/PolarionSoftware\",\"https:\/\/twitter.com\/siemensplm\"],\"logo\":{\"@type\":\"ImageObject\",\"@id\":\"https:\/\/solidedge.siemens.com\/en\/#logo\",\"inLanguage\":\"es\",\"url\":\"https:\/\/solidedge.siemens.com\/wp-content\/uploads\/2018\/04\/logo-siemens-ifl@2x.png\",\"contentUrl\":\"https:\/\/solidedge.siemens.com\/wp-content\/uploads\/2018\/04\/logo-siemens-ifl@2x.png\",\"width\":640,\"height\":270,\"caption\":\"Siemens Digital Industries Software\"},\"image\":{\"@id\":\"https:\/\/solidedge.siemens.com\/en\/#logo\"}},{\"@type\":\"WebSite\",\"@id\":\"https:\/\/solidedge.siemens.com\/en\/#website\",\"url\":\"https:\/\/solidedge.siemens.com\/en\/\",\"name\":\"Solid Edge\",\"description\":\"Siemens Software\",\"publisher\":{\"@id\":\"https:\/\/solidedge.siemens.com\/en\/#organization\"},\"potentialAction\":[{\"@type\":\"SearchAction\",\"target\":{\"@type\":\"EntryPoint\",\"urlTemplate\":\"https:\/\/solidedge.siemens.com\/en\/?s={search_term_string}\"},\"query-input\":\"required name=search_term_string\"}],\"inLanguage\":\"es\"},{\"@type\":\"WebPage\",\"@id\":\"https:\/\/solidedge.siemens.com\/es\/solutions\/products\/cloud-based-collaboration\/teamcenter-share\/augmented-reality\/#webpage\",\"url\":\"https:\/\/solidedge.siemens.com\/es\/solutions\/products\/cloud-based-collaboration\/teamcenter-share\/augmented-reality\/\",\"name\":\"Realidad aumentada | Solid Edge\",\"isPartOf\":{\"@id\":\"https:\/\/solidedge.siemens.com\/en\/#website\"},\"datePublished\":\"2019-08-26T17:24:35+00:00\",\"dateModified\":\"2021-12-20T10:58:11+00:00\",\"description\":\"La realidad aumentada de Solid Edge permite a los usuarios probar prototipos digitales a escala real en entornos del mundo real para hacer realidad tus ideas.\",\"breadcrumb\":{\"@id\":\"https:\/\/solidedge.siemens.com\/es\/solutions\/products\/cloud-based-collaboration\/teamcenter-share\/augmented-reality\/#breadcrumb\"},\"inLanguage\":\"es\",\"potentialAction\":[{\"@type\":\"ReadAction\",\"target\":[\"https:\/\/solidedge.siemens.com\/es\/solutions\/products\/cloud-based-collaboration\/teamcenter-share\/augmented-reality\/\"]}]},{\"@type\":\"BreadcrumbList\",\"@id\":\"https:\/\/solidedge.siemens.com\/es\/solutions\/products\/cloud-based-collaboration\/teamcenter-share\/augmented-reality\/#breadcrumb\",\"itemListElement\":[{\"@type\":\"ListItem\",\"position\":1,\"name\":\"Home\",\"item\":\"https:\/\/solidedge.siemens.com\/en\/home-12\/\"},{\"@type\":\"ListItem\",\"position\":2,\"name\":\"Soluciones\",\"item\":\"https:\/\/solidedge.siemens.com\/es\/solutions\/\"},{\"@type\":\"ListItem\",\"position\":3,\"name\":\"Productos\",\"item\":\"https:\/\/solidedge.siemens.com\/es\/solutions\/products\/\"},{\"@type\":\"ListItem\",\"position\":4,\"name\":\"Colaboraci\u00f3n basada en la nube\",\"item\":\"https:\/\/solidedge.siemens.com\/es\/solutions\/products\/cloud-based-collaboration\/\"},{\"@type\":\"ListItem\",\"position\":5,\"name\":\"Teamcenter Share\",\"item\":\"https:\/\/solidedge.siemens.com\/es\/solutions\/products\/cloud-based-collaboration\/teamcenter-share\/\"},{\"@type\":\"ListItem\",\"position\":6,\"name\":\"Realidad aumentada\"}]}]}<\/script>\n<!-- \/ Yoast SEO plugin. -->","yoast_head_json":{"title":"Realidad aumentada | Solid Edge","description":"La realidad aumentada de Solid Edge permite a los usuarios probar prototipos digitales a escala real en entornos del mundo real para hacer realidad tus ideas.","robots":{"index":"index","follow":"follow","max-snippet":"max-snippet:-1","max-image-preview":"max-image-preview:large","max-video-preview":"max-video-preview:-1"},"canonical":"https:\/\/solidedge.siemens.com\/es\/solutions\/products\/cloud-based-collaboration\/teamcenter-share\/augmented-reality\/","og_locale":"es_ES","og_type":"article","og_title":"Realidad aumentada | Solid Edge","og_description":"La realidad aumentada de Solid Edge permite a los usuarios probar prototipos digitales a escala real en entornos del mundo real para hacer realidad tus ideas.","og_url":"https:\/\/solidedge.siemens.com\/es\/solutions\/products\/cloud-based-collaboration\/teamcenter-share\/augmented-reality\/","og_site_name":"Solid Edge","article_publisher":"https:\/\/www.facebook.com\/solidedge","article_modified_time":"2021-12-20T10:58:11+00:00","twitter_card":"summary_large_image","twitter_site":"@siemensplm","twitter_misc":{"Tiempo de lectura":"4 minutos"},"schema":{"@context":"https:\/\/schema.org","@graph":[{"@type":"Organization","@id":"https:\/\/solidedge.siemens.com\/en\/#organization","name":"Siemens Digital Industries Software","url":"https:\/\/solidedge.siemens.com\/en\/","sameAs":["https:\/\/www.facebook.com\/solidedge","https:\/\/www.instagram.com\/siemens\/","https:\/\/www.linkedin.com\/company\/siemens-plm-software","https:\/\/www.youtube.com\/user\/PolarionSoftware","https:\/\/twitter.com\/siemensplm"],"logo":{"@type":"ImageObject","@id":"https:\/\/solidedge.siemens.com\/en\/#logo","inLanguage":"es","url":"https:\/\/solidedge.siemens.com\/wp-content\/uploads\/2018\/04\/logo-siemens-ifl@2x.png","contentUrl":"https:\/\/solidedge.siemens.com\/wp-content\/uploads\/2018\/04\/logo-siemens-ifl@2x.png","width":640,"height":270,"caption":"Siemens Digital Industries Software"},"image":{"@id":"https:\/\/solidedge.siemens.com\/en\/#logo"}},{"@type":"WebSite","@id":"https:\/\/solidedge.siemens.com\/en\/#website","url":"https:\/\/solidedge.siemens.com\/en\/","name":"Solid Edge","description":"Siemens Software","publisher":{"@id":"https:\/\/solidedge.siemens.com\/en\/#organization"},"potentialAction":[{"@type":"SearchAction","target":{"@type":"EntryPoint","urlTemplate":"https:\/\/solidedge.siemens.com\/en\/?s={search_term_string}"},"query-input":"required name=search_term_string"}],"inLanguage":"es"},{"@type":"WebPage","@id":"https:\/\/solidedge.siemens.com\/es\/solutions\/products\/cloud-based-collaboration\/teamcenter-share\/augmented-reality\/#webpage","url":"https:\/\/solidedge.siemens.com\/es\/solutions\/products\/cloud-based-collaboration\/teamcenter-share\/augmented-reality\/","name":"Realidad aumentada | Solid Edge","isPartOf":{"@id":"https:\/\/solidedge.siemens.com\/en\/#website"},"datePublished":"2019-08-26T17:24:35+00:00","dateModified":"2021-12-20T10:58:11+00:00","description":"La realidad aumentada de Solid Edge permite a los usuarios probar prototipos digitales a escala real en entornos del mundo real para hacer realidad tus ideas.","breadcrumb":{"@id":"https:\/\/solidedge.siemens.com\/es\/solutions\/products\/cloud-based-collaboration\/teamcenter-share\/augmented-reality\/#breadcrumb"},"inLanguage":"es","potentialAction":[{"@type":"ReadAction","target":["https:\/\/solidedge.siemens.com\/es\/solutions\/products\/cloud-based-collaboration\/teamcenter-share\/augmented-reality\/"]}]},{"@type":"BreadcrumbList","@id":"https:\/\/solidedge.siemens.com\/es\/solutions\/products\/cloud-based-collaboration\/teamcenter-share\/augmented-reality\/#breadcrumb","itemListElement":[{"@type":"ListItem","position":1,"name":"Home","item":"https:\/\/solidedge.siemens.com\/en\/home-12\/"},{"@type":"ListItem","position":2,"name":"Soluciones","item":"https:\/\/solidedge.siemens.com\/es\/solutions\/"},{"@type":"ListItem","position":3,"name":"Productos","item":"https:\/\/solidedge.siemens.com\/es\/solutions\/products\/"},{"@type":"ListItem","position":4,"name":"Colaboraci\u00f3n basada en la nube","item":"https:\/\/solidedge.siemens.com\/es\/solutions\/products\/cloud-based-collaboration\/"},{"@type":"ListItem","position":5,"name":"Teamcenter Share","item":"https:\/\/solidedge.siemens.com\/es\/solutions\/products\/cloud-based-collaboration\/teamcenter-share\/"},{"@type":"ListItem","position":6,"name":"Realidad aumentada"}]}]}},"_links":{"self":[{"href":"https:\/\/solidedge.siemens.com\/es\/wp-json\/wp\/v2\/pages\/20166"}],"collection":[{"href":"https:\/\/solidedge.siemens.com\/es\/wp-json\/wp\/v2\/pages"}],"about":[{"href":"https:\/\/solidedge.siemens.com\/es\/wp-json\/wp\/v2\/types\/page"}],"author":[{"embeddable":true,"href":"https:\/\/solidedge.siemens.com\/es\/wp-json\/wp\/v2\/users\/5"}],"replies":[{"embeddable":true,"href":"https:\/\/solidedge.siemens.com\/es\/wp-json\/wp\/v2\/comments?post=20166"}],"version-history":[{"count":8,"href":"https:\/\/solidedge.siemens.com\/es\/wp-json\/wp\/v2\/pages\/20166\/revisions"}],"predecessor-version":[{"id":55933,"href":"https:\/\/solidedge.siemens.com\/es\/wp-json\/wp\/v2\/pages\/20166\/revisions\/55933"}],"up":[{"embeddable":true,"href":"https:\/\/solidedge.siemens.com\/es\/wp-json\/wp\/v2\/pages\/53448"}],"wp:attachment":[{"href":"https:\/\/solidedge.siemens.com\/es\/wp-json\/wp\/v2\/media?parent=20166"}],"curies":[{"name":"wp","href":"https:\/\/api.w.org\/{rel}","templated":true}]}}