{"id":1915,"date":"2018-04-10T14:55:32","date_gmt":"2018-04-10T18:55:32","guid":{"rendered":"https:\/\/solidedge.siemens.com\/reverse-engineering\/"},"modified":"2019-08-26T14:53:08","modified_gmt":"2019-08-26T18:53:08","slug":"reverse-engineering","status":"publish","type":"page","link":"https:\/\/solidedge.siemens.com\/es\/solutions\/products\/3d-design\/next-generation-design\/reverse-engineering\/","title":{"rendered":"Ingenier\u00eda inversa"},"content":{"rendered":"<p>[vc_row full_width=\u00bbstretch_row\u00bb full_height=\u00bbyes\u00bb content_placement=\u00bbmiddle\u00bb css=\u00bb.vc_custom_1524674679674{background: #a6a6a6 url(https:\/\/solidedge.siemens.com\/wp-content\/uploads\/2018\/04\/vc-bg-her-reverse-engineering.jpg?id=761) !important;background-position: center !important;background-repeat: no-repeat !important;background-size: cover !important;}\u00bb el_class=\u00bbvc-row-hero-banner\u00bb][vc_column][vc_column_text el_class=\u00bb.vc-el-callout\u00bb]<\/p>\n<h1>Ingenier\u00eda inversa: de escaneado 3D a CAD<\/h1>\n<p>Junto con potentes herramientas de dise\u00f1o 3D, Solid Edge ofrece una funcionalidad inteligente para trabajar con datos basados en tri\u00e1ngulos o mallas. Pueden importarse cuerpos de otros sistemas, ya sean escaneados digitalmente o productos de un an\u00e1lisis de dise\u00f1o generativo. Todos ellos aparecen como una malla de tri\u00e1ngulos (o facetas) y, en muchos casos, exigen una modificaci\u00f3n del dise\u00f1o adicional.<\/p>\n<p><a class=\"action-button\" href=\"\/es\/try-now\/\"><i class=\"icon-ext\"><\/i>Inicie su versi\u00f3n de prueba gratuita<\/a>[\/vc_column_text][\/vc_column][\/vc_row][vc_row][vc_column][vc_column_text el_class=\u00bbvc-el-lead-in\u00bb]Funcionalidades<\/p>\n<h2>Ampl\u00ede sus capacidades de dise\u00f1o 3D m\u00e1s all\u00e1 de la norma<\/h2>\n<p>Solid Edge proporciona herramientas de limpieza de mallado que eliminan cualquier error que pueda haberse originado durante el proceso de importaci\u00f3n, lo cual permite a los dise\u00f1adores obtener un conjunto de tri\u00e1ngulos funcionales. Una vez se obtiene una malla adecuada pueden crearse e identificarse regiones, que, a su vez, pueden extraerse como superficies y editarse mediante herramientas tradicionales de modelado de superficie.[\/vc_column_text][vc_row_inner el_class=\u00bbvc-row-image-teasers\u00bb][vc_column_inner width=\u00bb1\/3&#8243;][vc_single_image image=\u00bb758&#8243; img_size=\u00bbfull\u00bb alignment=\u00bbcenter\u00bb][vc_column_text]<\/p>\n<h3>Cree mallas funcionales<\/h3>\n<p>Los cuerpos de malla importados no siempre responden a sus necesidades, por lo que Solid Edge ofrece herramientas para eliminar determinadas facetas o regiones de malla, rellenar barrenas y suavizar la malla. Estas operaciones de limpieza de mallas ayudan a los dise\u00f1adores a preparar cuerpos facetados para su posterior modelado o fabricaci\u00f3n.[\/vc_column_text][\/vc_column_inner][vc_column_inner width=\u00bb1\/3&#8243;][vc_single_image image=\u00bb759&#8243; img_size=\u00bbfull\u00bb alignment=\u00bbcenter\u00bb][vc_column_text]<\/p>\n<h3>Preparaci\u00f3n de modelos m\u00e1s sencilla<\/h3>\n<p>Encontrar formas de facetas l\u00f3gicas es primordial para la preparaci\u00f3n de la geometr\u00eda para operaciones de superficie anal\u00edtica, y las herramientas de identificaci\u00f3n de regiones permiten la agrupaci\u00f3n l\u00f3gica de tri\u00e1ngulos que pueden utilizarse en la creaci\u00f3n de las caras.[\/vc_column_text][\/vc_column_inner][vc_column_inner width=\u00bb1\/3&#8243;][vc_single_image image=\u00bb760&#8243; img_size=\u00bbfull\u00bb alignment=\u00bbcenter\u00bb][vc_column_text]<\/p>\n<h3>Creaci\u00f3n intuitiva de superficies<\/h3>\n<p>El verdadero potencial de la ingenier\u00eda inversa se obtiene cuando se pueden crear superficies nativas sobre datos importados. Solid Edge proporciona comandos no solo para extraer caras de regiones identificadas de la malla, sino tambi\u00e9n para encajar caras anal\u00edticas encima de una regi\u00f3n.[\/vc_column_text][\/vc_column_inner][\/vc_row_inner][\/vc_column][\/vc_row][vc_row full_width=\u00bbstretch_row\u00bb el_class=\u00bbvc-row-free-software\u00bb css=\u00bb.vc_custom_1523912493378{background-color: #006486 !important;}\u00bb][vc_column][vc_column_text el_class=\u00bbvc-el-lead-in\u00bb]Software GRATUITO<\/p>\n<h2>Software de dise\u00f1o 3D gratuito<\/h2>\n<p>[\/vc_column_text][vc_row_inner equal_height=\u00bbyes\u00bb][vc_column_inner width=\u00bb1\/2&#8243; offset=\u00bbvc_col-md-5&#8243;]<div class=\"wpb_content_block wpb_content_element\"><div class=\"wpb_wrapper\"><div class=\"content_block\" id=\"custom_post_widget-418\"><p>[vc_row][vc_column][vc_column_text]<\/p>\n<h3>Pruebe Solid Edge de forma gratuita<\/h3>\n<p>Obtenga acceso instant\u00e1neo a una prueba gratuita de Solid Edge y pru\u00e9belo usted mismo.[\/vc_column_text][vc_column_text]<a class=\"action-button\" href=\"\/es\/try-now\/\"><i class=\"icon-ext\"><\/i>Empiece ahora<\/a>[\/vc_column_text][\/vc_column][\/vc_row]<\/p>\n<\/div><\/div><\/div>[\/vc_column_inner][vc_column_inner width=\u00bb1\/2&#8243; offset=\u00bbvc_col-md-offset-2 vc_col-md-5&#8243;]<div class=\"wpb_content_block wpb_content_element\"><div class=\"wpb_wrapper\"><div class=\"content_block\" id=\"custom_post_widget-419\"><p>[vc_row][vc_column][vc_column_text]<\/p>\n<h3>Software gratuito para su empresa emergente<\/h3>\n<p>Si su empresa lleva menos de tres a\u00f1os constituida y se encuentra en una fase inicial, puede obtener Solid Edge de forma gratuita. \u00a1Sin ning\u00fan tipo de tarifa de suscripci\u00f3n![\/vc_column_text][vc_column_text]<a class=\"action-button\" href=\"https:\/\/www.plm.automation.siemens.com\/global\/es\/topic\/solid-edge-for-startups-mexico\/35392\"><i class=\"icon-ext\"><\/i>Solic\u00edtelo ahora<\/a>[\/vc_column_text][\/vc_column][\/vc_row]<\/p>\n<\/div><\/div><\/div>[\/vc_column_inner][\/vc_row_inner][\/vc_column][\/vc_row][vc_row full_width=\u00bbstretch_row\u00bb el_class=\u00bbvc-row-video-highlight\u00bb][vc_column][vc_column_text el_class=\u00bbvc-el-lead-in\u00bb]Video<\/p>\n<h2>Vea la ingenier\u00eda inversa en acci\u00f3n<\/h2>\n<p>Junto con potentes herramientas de dise\u00f1o 3D, Solid Edge ofrece una funcionalidad inteligente para trabajar con datos basados en tri\u00e1ngulos o mallas.<\/p>\n<p class=\"see-more\" style=\"text-align: right;\"><a href=\"https:\/\/solidedge.siemens.com\/es\/resources\/videos\/\">Ver m\u00e1s v\u00eddeos<\/a><\/p>\n<p>[\/vc_column_text]\n\n\n  <div id=\"wpv-view-layout-567-CATTRf347294f5de14a8f9dfd249a3838965c\" class=\"js-wpv-view-layout js-wpv-layout-responsive js-wpv-view-layout-567-CATTRf347294f5de14a8f9dfd249a3838965c\" data-viewnumber=\"567-CATTRf347294f5de14a8f9dfd249a3838965c\" data-pagination=\"{&quot;id&quot;:567,&quot;query&quot;:&quot;normal&quot;,&quot;type&quot;:&quot;disabled&quot;,&quot;effect&quot;:&quot;fade&quot;,&quot;duration&quot;:500,&quot;speed&quot;:5,&quot;pause_on_hover&quot;:&quot;disabled&quot;,&quot;stop_rollover&quot;:&quot;false&quot;,&quot;cache_pages&quot;:&quot;enabled&quot;,&quot;preload_images&quot;:&quot;enabled&quot;,&quot;preload_pages&quot;:&quot;enabled&quot;,&quot;preload_reach&quot;:1,&quot;spinner&quot;:&quot;builtin&quot;,&quot;spinner_image&quot;:&quot;https:\/\/solidedge.siemens.com\/wp-content\/plugins\/wp-views\/embedded\/res\/img\/ajax-loader.gif&quot;,&quot;callback_next&quot;:&quot;&quot;,&quot;manage_history&quot;:&quot;disabled&quot;,&quot;has_controls_in_form&quot;:&quot;disabled&quot;,&quot;infinite_tolerance&quot;:&quot;0&quot;,&quot;max_pages&quot;:0,&quot;page&quot;:1,&quot;base_permalink&quot;:&quot;\/es\/wp-json\/wp\/v2\/pages\/1915?wpv_view_count=567-CATTRf347294f5de14a8f9dfd249a3838965c&amp;wpv_paged=WPV_PAGE_NUM&quot;,&quot;loop&quot;:{&quot;type&quot;:&quot;&quot;,&quot;name&quot;:&quot;&quot;,&quot;data&quot;:[],&quot;id&quot;:0}}\" data-permalink=\"\/es\/wp-json\/wp\/v2\/pages\/1915?wpv_view_count=567-CATTRf347294f5de14a8f9dfd249a3838965c\">\n\n  \n  <div class=\"wpv-resources\"><a name=\"video\" class=\"video-anchor\"><\/a>\n    <div id=\"ult-carousel-42148136369fbfcbce50ad\" class=\"ult-carousel-wrapper  vc-el-carousel-videos-embedded ult_horizontal\" data-gutter=\"0\" data-rtl=\"false\" ><div class=\"ult-carousel-4375752469fbfcbce5086 \" >\n    \n    \n       <div><!-- slide container -->\n        <div class=\"wpv-resources-item\" data-mh=\".wpv-resources-item\">\n          <div class=\"resources-item-poster\">\n              <div id=\"wpfp_38e0b09805b2d06255f97a7f306ece1b\" data-item=\"{&quot;sources&quot;:&#091;{&quot;src&quot;:&quot;https:\\\/\\\/media.plm.automation.siemens.com\\\/solidedge\\\/st10-3d-reverse-engineering-solid-edge.mp4&quot;,&quot;type&quot;:&quot;video\\\/mp4&quot;}&#093;}\" class=\"flowplayer no-brand is-splash no-svg is-paused skin-slim fp-slim fp-edgy\" data-embed=\"false\" style=\"max-width: 1140px; max-height: 640px; background-image: url(https:\/\/solidedge.siemens.com\/wp-content\/uploads\/2018\/04\/v-reverse-engineering2.jpg);\" data-ratio=\"0.5614\" data-advance=\"false\">\n\t<div class=\"fp-ratio\" style=\"padding-top: 56.14%\"><\/div>\n\t<div class=\"fp-ui\"><div class=\"fp-play fp-visible\"><a class=\"fp-icon fp-playbtn\"><\/a><\/div><\/div>\n\n<\/div>\n\n              \n          <\/div>\n        <\/div>\n      <\/div>\n    \n    \n    <\/div><\/div>\t\t\t<script type=\"text\/javascript\">\r\n\t\t\t\tjQuery(document).ready(function ($) {\r\n\t\t\t\t\tif( typeof jQuery('.ult-carousel-4375752469fbfcbce5086').slick == \"function\"){\r\n\t\t\t\t\t\t$('.ult-carousel-4375752469fbfcbce5086').slick({dots: true,autoplaySpeed: 5000,speed: 500,infinite: false,arrows: true,nextArrow: '<button type=\"button\" role=\"button\" aria-label=\"Next\" style=\"color:#ffffff; font-size:30px;background:rgba(47,56,60,0.5);\" class=\"slick-next square-bg\"><i class=\"ultsl-arrow-right6\"><\/i><\/button>',prevArrow: '<button type=\"button\" role=\"button\" aria-label=\"Previous\" style=\"color:#ffffff; font-size:30px;background:rgba(47,56,60,0.5);\" class=\"slick-prev square-bg\"><i class=\"ultsl-arrow-left6\"><\/i><\/button>',slidesToScroll:1,slidesToShow:1,swipe: true,draggable: true,touchMove: true,pauseOnHover: true,pauseOnFocus: false,responsive: [\r\n\t\t\t\t\t\t\t{\r\n\t\t\t\t\t\t\t  breakpoint: 1026,\r\n\t\t\t\t\t\t\t  settings: {\r\n\t\t\t\t\t\t\t\tslidesToShow: 1,\r\n\t\t\t\t\t\t\t\tslidesToScroll: 1,  \r\n\t\t\t\t\t\t\t  }\r\n\t\t\t\t\t\t\t},\r\n\t\t\t\t\t\t\t{\r\n\t\t\t\t\t\t\t  breakpoint: 1025,\r\n\t\t\t\t\t\t\t  settings: {\r\n\t\t\t\t\t\t\t\tslidesToShow: 1,\r\n\t\t\t\t\t\t\t\tslidesToScroll: 1\r\n\t\t\t\t\t\t\t  }\r\n\t\t\t\t\t\t\t},\r\n\t\t\t\t\t\t\t{\r\n\t\t\t\t\t\t\t  breakpoint: 760,\r\n\t\t\t\t\t\t\t  settings: {\r\n\t\t\t\t\t\t\t\tslidesToShow: 1,\r\n\t\t\t\t\t\t\t\tslidesToScroll: 1\r\n\t\t\t\t\t\t\t  }\r\n\t\t\t\t\t\t\t}\r\n\t\t\t\t\t\t],pauseOnDotsHover: true,customPaging: function(slider, i) {\r\n                   return '<i type=\"button\" style= \"color:#788891;\" class=\"ultsl-record\" data-role=\"none\"><\/i>';\r\n                },});\r\n\t\t\t\t\t}\r\n\t\t\t\t});\r\n\t\t\t<\/script>\r\n\t\t\t\n  <\/div>\n  \n  \n  <\/div>\n[vc_column_text el_class=\u00bbvideo-caption\u00bb]<\/p>\n<h3>Ingenier\u00eda inversa en Solid Edge<\/h3>\n<p>En esta demostraci\u00f3n, mostraremos c\u00f3mo la ingenier\u00eda inversa en Solid Edge le permite ampliar sus capacidades de dise\u00f1o 3D m\u00e1s all\u00e1 de la norma. Pueden importarse cuerpos de otros sistemas, ya sean escaneados digitalmente o productos de un an\u00e1lisis de dise\u00f1o generativo. Todos ellos aparecen como una malla de tri\u00e1ngulos (o facetas) y, en muchos casos, exigen una modificaci\u00f3n del dise\u00f1o adicional. [\/vc_column_text][\/vc_column][\/vc_row][vc_row full_width=\u00bbstretch_row\u00bb el_class=\u00bbvc-row-related-content\u00bb css=\u00bb.vc_custom_1524184785822{background-color: #347eb5 !important;}\u00bb][vc_column][vc_column_text]<\/p>\n<h2>Contenido relacionado<\/h2>\n<p>[\/vc_column_text]<div id=\"ult-carousel-95797788769fbfcbce58e4\" class=\"ult-carousel-wrapper  vc-el-carousel-related-content ult_horizontal\" data-gutter=\"0\" data-rtl=\"false\" ><div class=\"ult-carousel-65524343569fbfcbce58c0 \" >[vc_column_text]<a href=\"https:\/\/www.plm.automation.siemens.com\/store\/en-us\/solid-edge\/\">Compre este producto en la tienda de Solid Edge<\/a>[\/vc_column_text][vc_column_text]<a href=\"https:\/\/www.plm.automation.siemens.com\/en_us\/Images\/Lifecylce-Insights-eBook-The-Next-Generation-of-Design_tcm1023-256417.pdf\">eBook sobre informaci\u00f3n acerca del ciclo de vida:<br \/>\n<\/a><a href=\"https:\/\/www.plm.automation.siemens.com\/en_us\/Images\/Lifecylce-Insights-eBook-The-Next-Generation-of-Design_tcm1023-256417.pdf\">La nueva generaci\u00f3n del dise\u00f1o <\/a>[\/vc_column_text][vc_column_text]<a href=\"https:\/\/www.plm.automation.siemens.com\/en_us\/Images\/solid-edge-next%20generation-design-infographic_tcm1023-256403.jpg\">Gr\u00e1fico:<br \/>\n<\/a><a href=\"https:\/\/www.plm.automation.siemens.com\/en_us\/Images\/solid-edge-next%20generation-design-infographic_tcm1023-256403.jpg\">\u00bfQu\u00e9 es el dise\u00f1o de pr\u00f3xima generaci\u00f3n?<\/a>[\/vc_column_text][vc_column_text]<a href=\"https:\/\/www.adandp.media\/articles\/solid-edge-brings-divergent-modeling-worlds-together\">Cobertura en los medios:<br \/>\n<\/a><a href=\"https:\/\/www.adandp.media\/articles\/solid-edge-brings-divergent-modeling-worlds-together\">AD&#038;P<\/a>[\/vc_column_text][vc_column_text]<a href=\"https:\/\/www.designworldonline.com\/many-models-one-click-button\/\">Cobertura en los medios:<br \/>\n<\/a><a href=\"https:\/\/www.designworldonline.com\/many-models-one-click-button\/\">El mundo del dise\u00f1o<\/a>[\/vc_column_text]<\/div><\/div>\t\t\t<script type=\"text\/javascript\">\r\n\t\t\t\tjQuery(document).ready(function ($) {\r\n\t\t\t\t\tif( typeof jQuery('.ult-carousel-65524343569fbfcbce58c0').slick == \"function\"){\r\n\t\t\t\t\t\t$('.ult-carousel-65524343569fbfcbce58c0').slick({dots: true,autoplaySpeed: 5000,speed: 500,infinite: false,arrows: true,nextArrow: '<button type=\"button\" role=\"button\" aria-label=\"Next\" style=\"color:#ffffff; font-size:30px;background:rgba(255,255,255,0.2);\" class=\"slick-next square-bg\"><i class=\"ultsl-arrow-right6\"><\/i><\/button>',prevArrow: '<button type=\"button\" role=\"button\" aria-label=\"Previous\" style=\"color:#ffffff; font-size:30px;background:rgba(255,255,255,0.2);\" class=\"slick-prev square-bg\"><i class=\"ultsl-arrow-left6\"><\/i><\/button>',slidesToScroll:4,slidesToShow:4,swipe: true,draggable: true,touchMove: true,pauseOnHover: true,pauseOnFocus: false,responsive: [\r\n\t\t\t\t\t\t\t{\r\n\t\t\t\t\t\t\t  breakpoint: 1026,\r\n\t\t\t\t\t\t\t  settings: {\r\n\t\t\t\t\t\t\t\tslidesToShow: 4,\r\n\t\t\t\t\t\t\t\tslidesToScroll: 4,  \r\n\t\t\t\t\t\t\t  }\r\n\t\t\t\t\t\t\t},\r\n\t\t\t\t\t\t\t{\r\n\t\t\t\t\t\t\t  breakpoint: 1025,\r\n\t\t\t\t\t\t\t  settings: {\r\n\t\t\t\t\t\t\t\tslidesToShow: 2,\r\n\t\t\t\t\t\t\t\tslidesToScroll: 2\r\n\t\t\t\t\t\t\t  }\r\n\t\t\t\t\t\t\t},\r\n\t\t\t\t\t\t\t{\r\n\t\t\t\t\t\t\t  breakpoint: 760,\r\n\t\t\t\t\t\t\t  settings: {\r\n\t\t\t\t\t\t\t\tslidesToShow: 1,\r\n\t\t\t\t\t\t\t\tslidesToScroll: 1\r\n\t\t\t\t\t\t\t  }\r\n\t\t\t\t\t\t\t}\r\n\t\t\t\t\t\t],pauseOnDotsHover: true,customPaging: function(slider, i) {\r\n                   return '<i type=\"button\" style= \"color:#ffffff;\" class=\"ultsl-record\" data-role=\"none\"><\/i>';\r\n                },});\r\n\t\t\t\t\t}\r\n\t\t\t\t});\r\n\t\t\t<\/script>\r\n\t\t\t[\/vc_column][\/vc_row][vc_row full_width=\u00bbstretch_row\u00bb el_class=\u00bbfooter-contact\u00bb css=\u00bb.vc_custom_1550170708528{background-color: #dedee3 !important;}\u00bb][vc_column]<div class=\"wpb_content_block wpb_content_element\"><div class=\"wpb_wrapper\"><\/div><\/div>[\/vc_column][\/vc_row]<\/p>\n","protected":false},"excerpt":{"rendered":"<p> Ingenier\u00eda inversa: de escaneado 3D a CAD Junto con potentes herramientas de dise\u00f1o 3D, Solid Edge ofrece una funcionalidad inteligente para trabajar con datos basados en tri\u00e1ngulos o mallas. Pueden importarse cuerpos de otros sistemas, ya sean escaneados digitalmente [&hellip;]<\/p>\n","protected":false},"author":5,"featured_media":0,"parent":2087,"menu_order":3,"comment_status":"closed","ping_status":"closed","template":"","meta":{"inline_featured_image":false},"yoast_head":"<!-- This site is optimized with the Yoast SEO plugin v18.4.1 - https:\/\/yoast.com\/wordpress\/plugins\/seo\/ -->\n<title>Ingenier\u00eda inversa | Escaneado 3D | Solid Edge<\/title>\n<meta name=\"description\" content=\"Solid Edge ofrece un amplio conjunto de herramientas de ingenier\u00eda inversa para perfeccionar modelos digitales basados en escaneados 3D, datos importados o dise\u00f1os generativos.\" \/>\n<meta name=\"robots\" content=\"index, follow, max-snippet:-1, max-image-preview:large, max-video-preview:-1\" \/>\n<link rel=\"canonical\" href=\"https:\/\/solidedge.siemens.com\/es\/solutions\/products\/3d-design\/next-generation-design\/reverse-engineering\/\" \/>\n<meta property=\"og:locale\" content=\"es_ES\" \/>\n<meta property=\"og:type\" content=\"article\" \/>\n<meta property=\"og:title\" content=\"Ingenier\u00eda inversa | Escaneado 3D | Solid Edge\" \/>\n<meta property=\"og:description\" content=\"Solid Edge ofrece un amplio conjunto de herramientas de ingenier\u00eda inversa para perfeccionar modelos digitales basados en escaneados 3D, datos importados o dise\u00f1os generativos.\" \/>\n<meta property=\"og:url\" content=\"https:\/\/solidedge.siemens.com\/es\/solutions\/products\/3d-design\/next-generation-design\/reverse-engineering\/\" \/>\n<meta property=\"og:site_name\" content=\"Solid Edge\" \/>\n<meta property=\"article:publisher\" content=\"https:\/\/www.facebook.com\/solidedge\" \/>\n<meta property=\"article:modified_time\" content=\"2019-08-26T18:53:08+00:00\" \/>\n<meta name=\"twitter:card\" content=\"summary_large_image\" \/>\n<meta name=\"twitter:site\" content=\"@siemensplm\" \/>\n<meta name=\"twitter:label1\" content=\"Tiempo de lectura\" \/>\n\t<meta name=\"twitter:data1\" content=\"4 minutos\" \/>\n<script type=\"application\/ld+json\" class=\"yoast-schema-graph\">{\"@context\":\"https:\/\/schema.org\",\"@graph\":[{\"@type\":\"Organization\",\"@id\":\"https:\/\/solidedge.siemens.com\/en\/#organization\",\"name\":\"Siemens Digital Industries Software\",\"url\":\"https:\/\/solidedge.siemens.com\/en\/\",\"sameAs\":[\"https:\/\/www.facebook.com\/solidedge\",\"https:\/\/www.instagram.com\/siemens\/\",\"https:\/\/www.linkedin.com\/company\/siemens-plm-software\",\"https:\/\/www.youtube.com\/user\/PolarionSoftware\",\"https:\/\/twitter.com\/siemensplm\"],\"logo\":{\"@type\":\"ImageObject\",\"@id\":\"https:\/\/solidedge.siemens.com\/en\/#logo\",\"inLanguage\":\"es\",\"url\":\"https:\/\/solidedge.siemens.com\/wp-content\/uploads\/2018\/04\/logo-siemens-ifl@2x.png\",\"contentUrl\":\"https:\/\/solidedge.siemens.com\/wp-content\/uploads\/2018\/04\/logo-siemens-ifl@2x.png\",\"width\":640,\"height\":270,\"caption\":\"Siemens Digital Industries Software\"},\"image\":{\"@id\":\"https:\/\/solidedge.siemens.com\/en\/#logo\"}},{\"@type\":\"WebSite\",\"@id\":\"https:\/\/solidedge.siemens.com\/en\/#website\",\"url\":\"https:\/\/solidedge.siemens.com\/en\/\",\"name\":\"Solid Edge\",\"description\":\"Siemens Software\",\"publisher\":{\"@id\":\"https:\/\/solidedge.siemens.com\/en\/#organization\"},\"potentialAction\":[{\"@type\":\"SearchAction\",\"target\":{\"@type\":\"EntryPoint\",\"urlTemplate\":\"https:\/\/solidedge.siemens.com\/en\/?s={search_term_string}\"},\"query-input\":\"required name=search_term_string\"}],\"inLanguage\":\"es\"},{\"@type\":\"WebPage\",\"@id\":\"https:\/\/solidedge.siemens.com\/es\/solutions\/products\/3d-design\/next-generation-design\/reverse-engineering\/#webpage\",\"url\":\"https:\/\/solidedge.siemens.com\/es\/solutions\/products\/3d-design\/next-generation-design\/reverse-engineering\/\",\"name\":\"Ingenier\u00eda inversa | Escaneado 3D | Solid Edge\",\"isPartOf\":{\"@id\":\"https:\/\/solidedge.siemens.com\/en\/#website\"},\"datePublished\":\"2018-04-10T18:55:32+00:00\",\"dateModified\":\"2019-08-26T18:53:08+00:00\",\"description\":\"Solid Edge ofrece un amplio conjunto de herramientas de ingenier\u00eda inversa para perfeccionar modelos digitales basados en escaneados 3D, datos importados o dise\u00f1os generativos.\",\"breadcrumb\":{\"@id\":\"https:\/\/solidedge.siemens.com\/es\/solutions\/products\/3d-design\/next-generation-design\/reverse-engineering\/#breadcrumb\"},\"inLanguage\":\"es\",\"potentialAction\":[{\"@type\":\"ReadAction\",\"target\":[\"https:\/\/solidedge.siemens.com\/es\/solutions\/products\/3d-design\/next-generation-design\/reverse-engineering\/\"]}]},{\"@type\":\"BreadcrumbList\",\"@id\":\"https:\/\/solidedge.siemens.com\/es\/solutions\/products\/3d-design\/next-generation-design\/reverse-engineering\/#breadcrumb\",\"itemListElement\":[{\"@type\":\"ListItem\",\"position\":1,\"name\":\"Home\",\"item\":\"https:\/\/solidedge.siemens.com\/en\/home-12\/\"},{\"@type\":\"ListItem\",\"position\":2,\"name\":\"Soluciones\",\"item\":\"https:\/\/solidedge.siemens.com\/es\/solutions\/\"},{\"@type\":\"ListItem\",\"position\":3,\"name\":\"Productos\",\"item\":\"https:\/\/solidedge.siemens.com\/es\/solutions\/products\/\"},{\"@type\":\"ListItem\",\"position\":4,\"name\":\"Dise&ntilde;o 3D\",\"item\":\"https:\/\/solidedge.siemens.com\/es\/solutions\/products\/3d-design\/\"},{\"@type\":\"ListItem\",\"position\":5,\"name\":\"Dise\u00f1o de nueva generaci\u00f3n\",\"item\":\"https:\/\/solidedge.siemens.com\/es\/solutions\/products\/3d-design\/next-generation-design\/\"},{\"@type\":\"ListItem\",\"position\":6,\"name\":\"Ingenier\u00eda inversa\"}]}]}<\/script>\n<!-- \/ Yoast SEO plugin. -->","yoast_head_json":{"title":"Ingenier\u00eda inversa | Escaneado 3D | Solid Edge","description":"Solid Edge ofrece un amplio conjunto de herramientas de ingenier\u00eda inversa para perfeccionar modelos digitales basados en escaneados 3D, datos importados o dise\u00f1os generativos.","robots":{"index":"index","follow":"follow","max-snippet":"max-snippet:-1","max-image-preview":"max-image-preview:large","max-video-preview":"max-video-preview:-1"},"canonical":"https:\/\/solidedge.siemens.com\/es\/solutions\/products\/3d-design\/next-generation-design\/reverse-engineering\/","og_locale":"es_ES","og_type":"article","og_title":"Ingenier\u00eda inversa | Escaneado 3D | Solid Edge","og_description":"Solid Edge ofrece un amplio conjunto de herramientas de ingenier\u00eda inversa para perfeccionar modelos digitales basados en escaneados 3D, datos importados o dise\u00f1os generativos.","og_url":"https:\/\/solidedge.siemens.com\/es\/solutions\/products\/3d-design\/next-generation-design\/reverse-engineering\/","og_site_name":"Solid Edge","article_publisher":"https:\/\/www.facebook.com\/solidedge","article_modified_time":"2019-08-26T18:53:08+00:00","twitter_card":"summary_large_image","twitter_site":"@siemensplm","twitter_misc":{"Tiempo de lectura":"4 minutos"},"schema":{"@context":"https:\/\/schema.org","@graph":[{"@type":"Organization","@id":"https:\/\/solidedge.siemens.com\/en\/#organization","name":"Siemens Digital Industries Software","url":"https:\/\/solidedge.siemens.com\/en\/","sameAs":["https:\/\/www.facebook.com\/solidedge","https:\/\/www.instagram.com\/siemens\/","https:\/\/www.linkedin.com\/company\/siemens-plm-software","https:\/\/www.youtube.com\/user\/PolarionSoftware","https:\/\/twitter.com\/siemensplm"],"logo":{"@type":"ImageObject","@id":"https:\/\/solidedge.siemens.com\/en\/#logo","inLanguage":"es","url":"https:\/\/solidedge.siemens.com\/wp-content\/uploads\/2018\/04\/logo-siemens-ifl@2x.png","contentUrl":"https:\/\/solidedge.siemens.com\/wp-content\/uploads\/2018\/04\/logo-siemens-ifl@2x.png","width":640,"height":270,"caption":"Siemens Digital Industries Software"},"image":{"@id":"https:\/\/solidedge.siemens.com\/en\/#logo"}},{"@type":"WebSite","@id":"https:\/\/solidedge.siemens.com\/en\/#website","url":"https:\/\/solidedge.siemens.com\/en\/","name":"Solid Edge","description":"Siemens Software","publisher":{"@id":"https:\/\/solidedge.siemens.com\/en\/#organization"},"potentialAction":[{"@type":"SearchAction","target":{"@type":"EntryPoint","urlTemplate":"https:\/\/solidedge.siemens.com\/en\/?s={search_term_string}"},"query-input":"required name=search_term_string"}],"inLanguage":"es"},{"@type":"WebPage","@id":"https:\/\/solidedge.siemens.com\/es\/solutions\/products\/3d-design\/next-generation-design\/reverse-engineering\/#webpage","url":"https:\/\/solidedge.siemens.com\/es\/solutions\/products\/3d-design\/next-generation-design\/reverse-engineering\/","name":"Ingenier\u00eda inversa | Escaneado 3D | Solid Edge","isPartOf":{"@id":"https:\/\/solidedge.siemens.com\/en\/#website"},"datePublished":"2018-04-10T18:55:32+00:00","dateModified":"2019-08-26T18:53:08+00:00","description":"Solid Edge ofrece un amplio conjunto de herramientas de ingenier\u00eda inversa para perfeccionar modelos digitales basados en escaneados 3D, datos importados o dise\u00f1os generativos.","breadcrumb":{"@id":"https:\/\/solidedge.siemens.com\/es\/solutions\/products\/3d-design\/next-generation-design\/reverse-engineering\/#breadcrumb"},"inLanguage":"es","potentialAction":[{"@type":"ReadAction","target":["https:\/\/solidedge.siemens.com\/es\/solutions\/products\/3d-design\/next-generation-design\/reverse-engineering\/"]}]},{"@type":"BreadcrumbList","@id":"https:\/\/solidedge.siemens.com\/es\/solutions\/products\/3d-design\/next-generation-design\/reverse-engineering\/#breadcrumb","itemListElement":[{"@type":"ListItem","position":1,"name":"Home","item":"https:\/\/solidedge.siemens.com\/en\/home-12\/"},{"@type":"ListItem","position":2,"name":"Soluciones","item":"https:\/\/solidedge.siemens.com\/es\/solutions\/"},{"@type":"ListItem","position":3,"name":"Productos","item":"https:\/\/solidedge.siemens.com\/es\/solutions\/products\/"},{"@type":"ListItem","position":4,"name":"Dise&ntilde;o 3D","item":"https:\/\/solidedge.siemens.com\/es\/solutions\/products\/3d-design\/"},{"@type":"ListItem","position":5,"name":"Dise\u00f1o de nueva generaci\u00f3n","item":"https:\/\/solidedge.siemens.com\/es\/solutions\/products\/3d-design\/next-generation-design\/"},{"@type":"ListItem","position":6,"name":"Ingenier\u00eda inversa"}]}]}},"_links":{"self":[{"href":"https:\/\/solidedge.siemens.com\/es\/wp-json\/wp\/v2\/pages\/1915"}],"collection":[{"href":"https:\/\/solidedge.siemens.com\/es\/wp-json\/wp\/v2\/pages"}],"about":[{"href":"https:\/\/solidedge.siemens.com\/es\/wp-json\/wp\/v2\/types\/page"}],"author":[{"embeddable":true,"href":"https:\/\/solidedge.siemens.com\/es\/wp-json\/wp\/v2\/users\/5"}],"replies":[{"embeddable":true,"href":"https:\/\/solidedge.siemens.com\/es\/wp-json\/wp\/v2\/comments?post=1915"}],"version-history":[{"count":0,"href":"https:\/\/solidedge.siemens.com\/es\/wp-json\/wp\/v2\/pages\/1915\/revisions"}],"up":[{"embeddable":true,"href":"https:\/\/solidedge.siemens.com\/es\/wp-json\/wp\/v2\/pages\/2087"}],"wp:attachment":[{"href":"https:\/\/solidedge.siemens.com\/es\/wp-json\/wp\/v2\/media?parent=1915"}],"curies":[{"name":"wp","href":"https:\/\/api.w.org\/{rel}","templated":true}]}}