{"id":1658,"date":"2018-05-22T11:51:45","date_gmt":"2018-05-22T15:51:45","guid":{"rendered":"https:\/\/solidedge.siemens.com\/requirements-management\/"},"modified":"2019-08-26T14:55:55","modified_gmt":"2019-08-26T18:55:55","slug":"requirements-management","status":"publish","type":"page","link":"https:\/\/solidedge.siemens.com\/es\/solutions\/products\/data-management\/requirements-management\/","title":{"rendered":"Gesti\u00f3n de los requisitos"},"content":{"rendered":"<p>[vc_row el_class=\u00bbvc-row-page-image-intro\u00bb][vc_column][vc_column_text]<\/p>\n<h1>Gesti\u00f3n de los requisitos<\/h1>\n<p>[\/vc_column_text][vc_row_inner][vc_column_inner width=\u00bb5\/12&#8243;][vc_single_image image=\u00bb1254&#8243; img_size=\u00bbmedium\u00bb alignment=\u00bbcenter\u00bb][\/vc_column_inner][vc_column_inner width=\u00bb7\/12&#8243;][vc_column_text]<\/p>\n<p class=\"f-larger c-black\"><strong>Gestione los requisitos del dise\u00f1o de productos y cumpla los est\u00e1ndares mediante un seguimiento completo<\/strong><\/p>\n<p>El dise\u00f1o de productos est\u00e1 impulsado por los requisitos. Solid Edge Requirements Management permite realizar un seguimiento preciso de las necesidades durante el proceso de dise\u00f1o y fabricaci\u00f3n de productos, lo que ayuda a ofrecer un buen producto.[\/vc_column_text][vc_column_text el_class=\"vc-el-related-content-video\"][\/vc_column_text][\/vc_column_inner][\/vc_row_inner][\/vc_column][\/vc_row][vc_row full_width=\u00bbstretch_row\u00bb css=\u00bb.vc_custom_1527085676589{background-color: #ebf0f5 !important;}\u00bb][vc_column][vc_column_text el_class=\u00bbvc-el-lead-in\u00bb]Funcionalidades<\/p>\n<h2>Gesti\u00f3n y seguimiento \u00f3ptimos de los requisitos<\/h2>\n<p>Solid Edge Requirements Management responde al desaf\u00edo de guardar, actualizar y seguir los principios clave de las tareas de dise\u00f1o, es decir, los requisitos. Gracias al acceso integrado, es m\u00e1s r\u00e1pido y f\u00e1cil para los usuarios interactuar o buscar elementos de trabajo u otras tareas al instante. El seguimiento completo beneficia a los responsables de proyectos y permite tomar decisiones sensatas.[\/vc_column_text][vc_row_inner el_class=\u00bbvc-row-image-teasers\u00bb][vc_column_inner width=\u00bb1\/4&#8243;][vc_column_text]<\/p>\n<h3>Acceso instant\u00e1neo a los requisitos de los productos<\/h3>\n<p>Con una estructura de pesta\u00f1as tipo cuadro de mandos, los usuarios pueden consultar instant\u00e1neamente tareas o casos de prueba para evitar costosos descuidos.[\/vc_column_text][\/vc_column_inner][vc_column_inner width=\u00bb1\/4&#8243;][vc_column_text]<\/p>\n<h3>Etiquetado de requisitos para garantizar la trazabilidad<\/h3>\n<p>Para garantizar la precisi\u00f3n de la trazabilidad, cuando se ha abordado un elemento de trabajo, los usuarios pueden etiquetar el ID de requisito espec\u00edfico en el archivo de Solid Edge, y todo ello desde dentro de Solid Edge.[\/vc_column_text][\/vc_column_inner][vc_column_inner width=\u00bb1\/4&#8243;][vc_column_text]<\/p>\n<h3>Visibilidad de acciones detalladas relacionadas con tareas<\/h3>\n<p>Con una sola pulsaci\u00f3n podr\u00e1 obtener una lista detallada de acciones realizadas en una tarea espec\u00edfica. Los administradores y los responsables de proyectos pueden optar por permitir comentarios de usuarios, elementos de trabajo relacionados con enlaces y definir otras formas de interactuar con el elemento de trabajo.[\/vc_column_text][\/vc_column_inner][vc_column_inner width=\u00bb1\/4&#8243;][vc_column_text]<\/p>\n<h3>F\u00e1cil comunicaci\u00f3n con directivos y ejecutivos<\/h3>\n<p>Con el enlace entre los datos de dise\u00f1o y los elementos de trabajo, los archivos PDF 3D permiten tomar decisiones de gesti\u00f3n sin necesidad de que los interesados accedan al sistema CAD.[\/vc_column_text][\/vc_column_inner][\/vc_row_inner][vc_column_text]<a href=\"https:\/\/solidedge.siemens.com\/wp-content\/uploads\/2018\/07\/Siemens-PLM-Solid-Edge-Requirements-Management-fs-70876-A2.pdf\" target=\"_blank\" rel=\"noopener noreferrer\"><i class=\"icon-ext\"><\/i> Descargue la ficha t\u00e9cnica de Solid Edge Requirements Management<\/a>[\/vc_column_text][\/vc_column][\/vc_row][vc_row full_width=\u00bbstretch_row\u00bb el_class=\u00bbvc-row-video-highlight\u00bb][vc_column][vc_column_text el_class=\u00bbvc-el-lead-in\u00bb]Video<\/p>\n<h2>Vea la gesti\u00f3n de los requisitos en acci\u00f3n<\/h2>\n<p class=\"see-more\" style=\"text-align: right;\"><a href=\"https:\/\/solidedge.siemens.com\/es\/resources\/resource-library\/#ui_Videos\">Ver m\u00e1s v\u00eddeos<\/a><\/p>\n<p>[\/vc_column_text]\n\n\n  <div id=\"wpv-view-layout-567-CATTRd4f4e5c9059cda0c44f682af732e2e54\" class=\"js-wpv-view-layout js-wpv-layout-responsive js-wpv-view-layout-567-CATTRd4f4e5c9059cda0c44f682af732e2e54\" data-viewnumber=\"567-CATTRd4f4e5c9059cda0c44f682af732e2e54\" data-pagination=\"{&quot;id&quot;:567,&quot;query&quot;:&quot;normal&quot;,&quot;type&quot;:&quot;disabled&quot;,&quot;effect&quot;:&quot;fade&quot;,&quot;duration&quot;:500,&quot;speed&quot;:5,&quot;pause_on_hover&quot;:&quot;disabled&quot;,&quot;stop_rollover&quot;:&quot;false&quot;,&quot;cache_pages&quot;:&quot;enabled&quot;,&quot;preload_images&quot;:&quot;enabled&quot;,&quot;preload_pages&quot;:&quot;enabled&quot;,&quot;preload_reach&quot;:1,&quot;spinner&quot;:&quot;builtin&quot;,&quot;spinner_image&quot;:&quot;https:\/\/solidedge.siemens.com\/wp-content\/plugins\/wp-views\/embedded\/res\/img\/ajax-loader.gif&quot;,&quot;callback_next&quot;:&quot;&quot;,&quot;manage_history&quot;:&quot;disabled&quot;,&quot;has_controls_in_form&quot;:&quot;disabled&quot;,&quot;infinite_tolerance&quot;:&quot;0&quot;,&quot;max_pages&quot;:0,&quot;page&quot;:1,&quot;base_permalink&quot;:&quot;\/es\/wp-json\/wp\/v2\/pages\/1658?wpv_view_count=567-CATTRd4f4e5c9059cda0c44f682af732e2e54&amp;wpv_paged=WPV_PAGE_NUM&quot;,&quot;loop&quot;:{&quot;type&quot;:&quot;&quot;,&quot;name&quot;:&quot;&quot;,&quot;data&quot;:[],&quot;id&quot;:0}}\" data-permalink=\"\/es\/wp-json\/wp\/v2\/pages\/1658?wpv_view_count=567-CATTRd4f4e5c9059cda0c44f682af732e2e54\">\n\n  \n  <div class=\"wpv-resources\"><a name=\"video\" class=\"video-anchor\"><\/a>\n    <div id=\"ult-carousel-86865068969e080c025b72\" class=\"ult-carousel-wrapper  vc-el-carousel-videos-embedded ult_horizontal\" data-gutter=\"0\" data-rtl=\"false\" ><div class=\"ult-carousel-23006925769e080c025b4a \" >\n    \n    \n       <div><!-- slide container -->\n        <div class=\"wpv-resources-item\" data-mh=\".wpv-resources-item\">\n          <div class=\"resources-item-poster\">\n              <div id=\"wpfp_ea95ee421122e5010064691d28f355f9\" data-item=\"{&quot;sources&quot;:&#091;{&quot;src&quot;:&quot;https:\\\/\\\/media.plm.automation.siemens.com\\\/solidedge\\\/2019\\\/Requirements_Management_in_Solid_Edge_70826.mp4&quot;,&quot;type&quot;:&quot;video\\\/mp4&quot;}&#093;}\" class=\"flowplayer no-brand is-splash no-svg is-paused skin-slim fp-slim fp-edgy\" data-embed=\"false\" style=\"max-width: 1140px; max-height: 640px; background-image: url(https:\/\/solidedge.siemens.com\/wp-content\/uploads\/2018\/05\/v-requirements-management.jpg);\" data-ratio=\"0.5614\" data-advance=\"false\">\n\t<div class=\"fp-ratio\" style=\"padding-top: 56.14%\"><\/div>\n\t<div class=\"fp-ui\"><div class=\"fp-play fp-visible\"><a class=\"fp-icon fp-playbtn\"><\/a><\/div><\/div>\n\n<\/div>\n\n              \n          <\/div>\n        <\/div>\n      <\/div>\n    \n    \n    <\/div><\/div>\t\t\t<script type=\"text\/javascript\">\r\n\t\t\t\tjQuery(document).ready(function ($) {\r\n\t\t\t\t\tif( typeof jQuery('.ult-carousel-23006925769e080c025b4a').slick == \"function\"){\r\n\t\t\t\t\t\t$('.ult-carousel-23006925769e080c025b4a').slick({dots: true,autoplaySpeed: 5000,speed: 500,infinite: false,arrows: true,nextArrow: '<button type=\"button\" role=\"button\" aria-label=\"Next\" style=\"color:#ffffff; font-size:30px;background:rgba(47,56,60,0.5);\" class=\"slick-next square-bg\"><i class=\"ultsl-arrow-right6\"><\/i><\/button>',prevArrow: '<button type=\"button\" role=\"button\" aria-label=\"Previous\" style=\"color:#ffffff; font-size:30px;background:rgba(47,56,60,0.5);\" class=\"slick-prev square-bg\"><i class=\"ultsl-arrow-left6\"><\/i><\/button>',slidesToScroll:1,slidesToShow:1,swipe: true,draggable: true,touchMove: true,pauseOnHover: true,pauseOnFocus: false,responsive: [\r\n\t\t\t\t\t\t\t{\r\n\t\t\t\t\t\t\t  breakpoint: 1026,\r\n\t\t\t\t\t\t\t  settings: {\r\n\t\t\t\t\t\t\t\tslidesToShow: 1,\r\n\t\t\t\t\t\t\t\tslidesToScroll: 1,  \r\n\t\t\t\t\t\t\t  }\r\n\t\t\t\t\t\t\t},\r\n\t\t\t\t\t\t\t{\r\n\t\t\t\t\t\t\t  breakpoint: 1025,\r\n\t\t\t\t\t\t\t  settings: {\r\n\t\t\t\t\t\t\t\tslidesToShow: 1,\r\n\t\t\t\t\t\t\t\tslidesToScroll: 1\r\n\t\t\t\t\t\t\t  }\r\n\t\t\t\t\t\t\t},\r\n\t\t\t\t\t\t\t{\r\n\t\t\t\t\t\t\t  breakpoint: 760,\r\n\t\t\t\t\t\t\t  settings: {\r\n\t\t\t\t\t\t\t\tslidesToShow: 1,\r\n\t\t\t\t\t\t\t\tslidesToScroll: 1\r\n\t\t\t\t\t\t\t  }\r\n\t\t\t\t\t\t\t}\r\n\t\t\t\t\t\t],pauseOnDotsHover: true,customPaging: function(slider, i) {\r\n                   return '<i type=\"button\" style= \"color:#788891;\" class=\"ultsl-record\" data-role=\"none\"><\/i>';\r\n                },});\r\n\t\t\t\t\t}\r\n\t\t\t\t});\r\n\t\t\t<\/script>\r\n\t\t\t\n  <\/div>\n  \n  \n  <\/div>\n[vc_column_text el_class=\u00bbvideo-caption\u00bb]<\/p>\n<h3>Gesti\u00f3n de los requisitos en Solid Edge<\/h3>\n<p>El dise\u00f1o de productos est\u00e1 impulsado por los requisitos. Resulta indispensable realizar un seguimiento preciso de los requisitos durante el proceso de dise\u00f1o y fabricaci\u00f3n de productos. Solid Edge hace frente a esta necesidad con la gesti\u00f3n de requisitos.[\/vc_column_text][\/vc_column][\/vc_row][vc_row full_width=\u00bbstretch_row\u00bb el_class=\u00bbvc-row-related-content\u00bb css=\u00bb.vc_custom_1524184785822{background-color: #347eb5 !important;}\u00bb][vc_column][vc_column_text]<\/p>\n<h2>Contenido relacionado<\/h2>\n<p>[\/vc_column_text]<div id=\"ult-carousel-86153302169e080c029556\" class=\"ult-carousel-wrapper  vc-el-carousel-related-content ult_horizontal\" data-gutter=\"0\" data-rtl=\"false\" ><div class=\"ult-carousel-50886394669e080c02952b \" >[vc_column_text]<a href=\"https:\/\/solidedge.siemens.com\/wp-content\/uploads\/2018\/07\/Siemens-PLM-Solid-Edge-Requirements-Management-fs-70876-A2.pdf\" target=\"_blank\" rel=\"noopener noreferrer\">Descargue la ficha t\u00e9cnica de Solid Edge Requirements Management<\/a>[\/vc_column_text][vc_column_text]<\/p>\n<p><a href=\"https:\/\/www.plm.automation.siemens.com\/store\/en-us\/solid-edge\/\">Visite la tienda en l\u00ednea de Solid Edge<\/a><\/p>\n<p>[\/vc_column_text][vc_column_text]<a href=\"https:\/\/solidedge.siemens.com\/es\/solutions\/products\/complete-product-development-portfolio\/whats-new-in-solid-edge-2019\/\">Novedades de Solid Edge 2019<\/a>[\/vc_column_text][vc_column_text]<a href=\"https:\/\/d2pm7ngica8eq0.cloudfront.net\/se\/Solid+Edge+2019+Press+Kit.zip\">Material de prensa de Solid Edge 2019 (ZIP)<\/a>[\/vc_column_text][vc_column_text]<a href=\"http:\/\/community.plm.automation.siemens.com\/t5\/Solid-Edge-User-Community\/ct-p\/solid-edge\">Comunidad de Solid Edge<\/a>[\/vc_column_text][vc_column_text]<a href=\"https:\/\/www.facebook.com\/solidedge\">Solid Edge en Facebook<\/a>[\/vc_column_text][vc_column_text]<a href=\"https:\/\/twitter.com\/search?q=Solid%20Edge&amp;src=typd\">Solid Edge en Twitter<\/a>[\/vc_column_text]<\/div><\/div>\t\t\t<script type=\"text\/javascript\">\r\n\t\t\t\tjQuery(document).ready(function ($) {\r\n\t\t\t\t\tif( typeof jQuery('.ult-carousel-50886394669e080c02952b').slick == \"function\"){\r\n\t\t\t\t\t\t$('.ult-carousel-50886394669e080c02952b').slick({dots: true,autoplaySpeed: 5000,speed: 500,infinite: false,arrows: true,nextArrow: '<button type=\"button\" role=\"button\" aria-label=\"Next\" style=\"color:#ffffff; font-size:30px;background:rgba(255,255,255,0.2);\" class=\"slick-next square-bg\"><i class=\"ultsl-arrow-right6\"><\/i><\/button>',prevArrow: '<button type=\"button\" role=\"button\" aria-label=\"Previous\" style=\"color:#ffffff; font-size:30px;background:rgba(255,255,255,0.2);\" class=\"slick-prev square-bg\"><i class=\"ultsl-arrow-left6\"><\/i><\/button>',slidesToScroll:4,slidesToShow:4,swipe: true,draggable: true,touchMove: true,pauseOnHover: true,pauseOnFocus: false,responsive: [\r\n\t\t\t\t\t\t\t{\r\n\t\t\t\t\t\t\t  breakpoint: 1026,\r\n\t\t\t\t\t\t\t  settings: {\r\n\t\t\t\t\t\t\t\tslidesToShow: 4,\r\n\t\t\t\t\t\t\t\tslidesToScroll: 4,  \r\n\t\t\t\t\t\t\t  }\r\n\t\t\t\t\t\t\t},\r\n\t\t\t\t\t\t\t{\r\n\t\t\t\t\t\t\t  breakpoint: 1025,\r\n\t\t\t\t\t\t\t  settings: {\r\n\t\t\t\t\t\t\t\tslidesToShow: 2,\r\n\t\t\t\t\t\t\t\tslidesToScroll: 2\r\n\t\t\t\t\t\t\t  }\r\n\t\t\t\t\t\t\t},\r\n\t\t\t\t\t\t\t{\r\n\t\t\t\t\t\t\t  breakpoint: 760,\r\n\t\t\t\t\t\t\t  settings: {\r\n\t\t\t\t\t\t\t\tslidesToShow: 1,\r\n\t\t\t\t\t\t\t\tslidesToScroll: 1\r\n\t\t\t\t\t\t\t  }\r\n\t\t\t\t\t\t\t}\r\n\t\t\t\t\t\t],pauseOnDotsHover: true,customPaging: function(slider, i) {\r\n                   return '<i type=\"button\" style= \"color:#ffffff;\" class=\"ultsl-record\" data-role=\"none\"><\/i>';\r\n                },});\r\n\t\t\t\t\t}\r\n\t\t\t\t});\r\n\t\t\t<\/script>\r\n\t\t\t[\/vc_column][\/vc_row][vc_row full_width=\u00bbstretch_row\u00bb el_class=\u00bbfooter-contact\u00bb css=\u00bb.vc_custom_1550170708528{background-color: #dedee3 !important;}\u00bb][vc_column]<div class=\"wpb_content_block wpb_content_element\"><div class=\"wpb_wrapper\"><\/div><\/div>[\/vc_column][\/vc_row]<\/p>\n","protected":false},"excerpt":{"rendered":"<p> Gesti\u00f3n de los requisitos [\/vc_column_text][\/vc_column_inner] Gestione los requisitos del dise\u00f1o de productos y cumpla los est\u00e1ndares mediante un seguimiento completo El dise\u00f1o de productos est\u00e1 impulsado por los requisitos. Solid Edge Requirements Management permite realizar un seguimiento preciso de las necesidades durante el proceso de dise\u00f1o y fabricaci\u00f3n [&hellip;]<\/p>\n","protected":false},"author":5,"featured_media":0,"parent":2708,"menu_order":0,"comment_status":"closed","ping_status":"closed","template":"","meta":{"inline_featured_image":false},"yoast_head":"<!-- This site is optimized with the Yoast SEO plugin v18.4.1 - https:\/\/yoast.com\/wordpress\/plugins\/seo\/ -->\n<title>Gesti\u00f3n de requisitos | Desarrollo de productos | Solid Edge<\/title>\n<meta name=\"description\" content=\"Solid Edge Requirements Management permite realizar un seguimiento preciso de las necesidades durante el proceso de dise\u00f1o y fabricaci\u00f3n de productos. M\u00e1s informaci\u00f3n.\" \/>\n<meta name=\"robots\" content=\"index, follow, max-snippet:-1, max-image-preview:large, max-video-preview:-1\" \/>\n<link rel=\"canonical\" href=\"https:\/\/solidedge.siemens.com\/es\/solutions\/products\/data-management\/requirements-management\/\" \/>\n<meta property=\"og:locale\" content=\"es_ES\" \/>\n<meta property=\"og:type\" content=\"article\" \/>\n<meta property=\"og:title\" content=\"Gesti\u00f3n de requisitos | Desarrollo de productos | Solid Edge\" \/>\n<meta property=\"og:description\" content=\"Solid Edge Requirements Management permite realizar un seguimiento preciso de las necesidades durante el proceso de dise\u00f1o y fabricaci\u00f3n de productos. M\u00e1s informaci\u00f3n.\" \/>\n<meta property=\"og:url\" content=\"https:\/\/solidedge.siemens.com\/es\/solutions\/products\/data-management\/requirements-management\/\" \/>\n<meta property=\"og:site_name\" content=\"Solid Edge\" \/>\n<meta property=\"article:publisher\" content=\"https:\/\/www.facebook.com\/solidedge\" \/>\n<meta property=\"article:modified_time\" content=\"2019-08-26T18:55:55+00:00\" \/>\n<meta name=\"twitter:card\" content=\"summary_large_image\" \/>\n<meta name=\"twitter:site\" content=\"@siemensplm\" \/>\n<meta name=\"twitter:label1\" content=\"Tiempo de lectura\" \/>\n\t<meta name=\"twitter:data1\" content=\"4 minutos\" \/>\n<script type=\"application\/ld+json\" class=\"yoast-schema-graph\">{\"@context\":\"https:\/\/schema.org\",\"@graph\":[{\"@type\":\"Organization\",\"@id\":\"https:\/\/solidedge.siemens.com\/en\/#organization\",\"name\":\"Siemens Digital Industries Software\",\"url\":\"https:\/\/solidedge.siemens.com\/en\/\",\"sameAs\":[\"https:\/\/www.facebook.com\/solidedge\",\"https:\/\/www.instagram.com\/siemens\/\",\"https:\/\/www.linkedin.com\/company\/siemens-plm-software\",\"https:\/\/www.youtube.com\/user\/PolarionSoftware\",\"https:\/\/twitter.com\/siemensplm\"],\"logo\":{\"@type\":\"ImageObject\",\"@id\":\"https:\/\/solidedge.siemens.com\/en\/#logo\",\"inLanguage\":\"es\",\"url\":\"https:\/\/solidedge.siemens.com\/wp-content\/uploads\/2018\/04\/logo-siemens-ifl@2x.png\",\"contentUrl\":\"https:\/\/solidedge.siemens.com\/wp-content\/uploads\/2018\/04\/logo-siemens-ifl@2x.png\",\"width\":640,\"height\":270,\"caption\":\"Siemens Digital Industries Software\"},\"image\":{\"@id\":\"https:\/\/solidedge.siemens.com\/en\/#logo\"}},{\"@type\":\"WebSite\",\"@id\":\"https:\/\/solidedge.siemens.com\/en\/#website\",\"url\":\"https:\/\/solidedge.siemens.com\/en\/\",\"name\":\"Solid Edge\",\"description\":\"Siemens Software\",\"publisher\":{\"@id\":\"https:\/\/solidedge.siemens.com\/en\/#organization\"},\"potentialAction\":[{\"@type\":\"SearchAction\",\"target\":{\"@type\":\"EntryPoint\",\"urlTemplate\":\"https:\/\/solidedge.siemens.com\/en\/?s={search_term_string}\"},\"query-input\":\"required name=search_term_string\"}],\"inLanguage\":\"es\"},{\"@type\":\"WebPage\",\"@id\":\"https:\/\/solidedge.siemens.com\/es\/solutions\/products\/data-management\/requirements-management\/#webpage\",\"url\":\"https:\/\/solidedge.siemens.com\/es\/solutions\/products\/data-management\/requirements-management\/\",\"name\":\"Gesti\u00f3n de requisitos | Desarrollo de productos | Solid Edge\",\"isPartOf\":{\"@id\":\"https:\/\/solidedge.siemens.com\/en\/#website\"},\"datePublished\":\"2018-05-22T15:51:45+00:00\",\"dateModified\":\"2019-08-26T18:55:55+00:00\",\"description\":\"Solid Edge Requirements Management permite realizar un seguimiento preciso de las necesidades durante el proceso de dise\u00f1o y fabricaci\u00f3n de productos. M\u00e1s informaci\u00f3n.\",\"breadcrumb\":{\"@id\":\"https:\/\/solidedge.siemens.com\/es\/solutions\/products\/data-management\/requirements-management\/#breadcrumb\"},\"inLanguage\":\"es\",\"potentialAction\":[{\"@type\":\"ReadAction\",\"target\":[\"https:\/\/solidedge.siemens.com\/es\/solutions\/products\/data-management\/requirements-management\/\"]}]},{\"@type\":\"BreadcrumbList\",\"@id\":\"https:\/\/solidedge.siemens.com\/es\/solutions\/products\/data-management\/requirements-management\/#breadcrumb\",\"itemListElement\":[{\"@type\":\"ListItem\",\"position\":1,\"name\":\"Home\",\"item\":\"https:\/\/solidedge.siemens.com\/en\/home-12\/\"},{\"@type\":\"ListItem\",\"position\":2,\"name\":\"Soluciones\",\"item\":\"https:\/\/solidedge.siemens.com\/es\/solutions\/\"},{\"@type\":\"ListItem\",\"position\":3,\"name\":\"Productos\",\"item\":\"https:\/\/solidedge.siemens.com\/es\/solutions\/products\/\"},{\"@type\":\"ListItem\",\"position\":4,\"name\":\"Gesti&oacute;n de datos\",\"item\":\"https:\/\/solidedge.siemens.com\/es\/solutions\/products\/data-management\/\"},{\"@type\":\"ListItem\",\"position\":5,\"name\":\"Gesti\u00f3n de los requisitos\"}]}]}<\/script>\n<!-- \/ Yoast SEO plugin. -->","yoast_head_json":{"title":"Gesti\u00f3n de requisitos | Desarrollo de productos | Solid Edge","description":"Solid Edge Requirements Management permite realizar un seguimiento preciso de las necesidades durante el proceso de dise\u00f1o y fabricaci\u00f3n de productos. M\u00e1s informaci\u00f3n.","robots":{"index":"index","follow":"follow","max-snippet":"max-snippet:-1","max-image-preview":"max-image-preview:large","max-video-preview":"max-video-preview:-1"},"canonical":"https:\/\/solidedge.siemens.com\/es\/solutions\/products\/data-management\/requirements-management\/","og_locale":"es_ES","og_type":"article","og_title":"Gesti\u00f3n de requisitos | Desarrollo de productos | Solid Edge","og_description":"Solid Edge Requirements Management permite realizar un seguimiento preciso de las necesidades durante el proceso de dise\u00f1o y fabricaci\u00f3n de productos. M\u00e1s informaci\u00f3n.","og_url":"https:\/\/solidedge.siemens.com\/es\/solutions\/products\/data-management\/requirements-management\/","og_site_name":"Solid Edge","article_publisher":"https:\/\/www.facebook.com\/solidedge","article_modified_time":"2019-08-26T18:55:55+00:00","twitter_card":"summary_large_image","twitter_site":"@siemensplm","twitter_misc":{"Tiempo de lectura":"4 minutos"},"schema":{"@context":"https:\/\/schema.org","@graph":[{"@type":"Organization","@id":"https:\/\/solidedge.siemens.com\/en\/#organization","name":"Siemens Digital Industries Software","url":"https:\/\/solidedge.siemens.com\/en\/","sameAs":["https:\/\/www.facebook.com\/solidedge","https:\/\/www.instagram.com\/siemens\/","https:\/\/www.linkedin.com\/company\/siemens-plm-software","https:\/\/www.youtube.com\/user\/PolarionSoftware","https:\/\/twitter.com\/siemensplm"],"logo":{"@type":"ImageObject","@id":"https:\/\/solidedge.siemens.com\/en\/#logo","inLanguage":"es","url":"https:\/\/solidedge.siemens.com\/wp-content\/uploads\/2018\/04\/logo-siemens-ifl@2x.png","contentUrl":"https:\/\/solidedge.siemens.com\/wp-content\/uploads\/2018\/04\/logo-siemens-ifl@2x.png","width":640,"height":270,"caption":"Siemens Digital Industries Software"},"image":{"@id":"https:\/\/solidedge.siemens.com\/en\/#logo"}},{"@type":"WebSite","@id":"https:\/\/solidedge.siemens.com\/en\/#website","url":"https:\/\/solidedge.siemens.com\/en\/","name":"Solid Edge","description":"Siemens Software","publisher":{"@id":"https:\/\/solidedge.siemens.com\/en\/#organization"},"potentialAction":[{"@type":"SearchAction","target":{"@type":"EntryPoint","urlTemplate":"https:\/\/solidedge.siemens.com\/en\/?s={search_term_string}"},"query-input":"required name=search_term_string"}],"inLanguage":"es"},{"@type":"WebPage","@id":"https:\/\/solidedge.siemens.com\/es\/solutions\/products\/data-management\/requirements-management\/#webpage","url":"https:\/\/solidedge.siemens.com\/es\/solutions\/products\/data-management\/requirements-management\/","name":"Gesti\u00f3n de requisitos | Desarrollo de productos | Solid Edge","isPartOf":{"@id":"https:\/\/solidedge.siemens.com\/en\/#website"},"datePublished":"2018-05-22T15:51:45+00:00","dateModified":"2019-08-26T18:55:55+00:00","description":"Solid Edge Requirements Management permite realizar un seguimiento preciso de las necesidades durante el proceso de dise\u00f1o y fabricaci\u00f3n de productos. M\u00e1s informaci\u00f3n.","breadcrumb":{"@id":"https:\/\/solidedge.siemens.com\/es\/solutions\/products\/data-management\/requirements-management\/#breadcrumb"},"inLanguage":"es","potentialAction":[{"@type":"ReadAction","target":["https:\/\/solidedge.siemens.com\/es\/solutions\/products\/data-management\/requirements-management\/"]}]},{"@type":"BreadcrumbList","@id":"https:\/\/solidedge.siemens.com\/es\/solutions\/products\/data-management\/requirements-management\/#breadcrumb","itemListElement":[{"@type":"ListItem","position":1,"name":"Home","item":"https:\/\/solidedge.siemens.com\/en\/home-12\/"},{"@type":"ListItem","position":2,"name":"Soluciones","item":"https:\/\/solidedge.siemens.com\/es\/solutions\/"},{"@type":"ListItem","position":3,"name":"Productos","item":"https:\/\/solidedge.siemens.com\/es\/solutions\/products\/"},{"@type":"ListItem","position":4,"name":"Gesti&oacute;n de datos","item":"https:\/\/solidedge.siemens.com\/es\/solutions\/products\/data-management\/"},{"@type":"ListItem","position":5,"name":"Gesti\u00f3n de los requisitos"}]}]}},"_links":{"self":[{"href":"https:\/\/solidedge.siemens.com\/es\/wp-json\/wp\/v2\/pages\/1658"}],"collection":[{"href":"https:\/\/solidedge.siemens.com\/es\/wp-json\/wp\/v2\/pages"}],"about":[{"href":"https:\/\/solidedge.siemens.com\/es\/wp-json\/wp\/v2\/types\/page"}],"author":[{"embeddable":true,"href":"https:\/\/solidedge.siemens.com\/es\/wp-json\/wp\/v2\/users\/5"}],"replies":[{"embeddable":true,"href":"https:\/\/solidedge.siemens.com\/es\/wp-json\/wp\/v2\/comments?post=1658"}],"version-history":[{"count":0,"href":"https:\/\/solidedge.siemens.com\/es\/wp-json\/wp\/v2\/pages\/1658\/revisions"}],"up":[{"embeddable":true,"href":"https:\/\/solidedge.siemens.com\/es\/wp-json\/wp\/v2\/pages\/2708"}],"wp:attachment":[{"href":"https:\/\/solidedge.siemens.com\/es\/wp-json\/wp\/v2\/media?parent=1658"}],"curies":[{"name":"wp","href":"https:\/\/api.w.org\/{rel}","templated":true}]}}