{"id":1546,"date":"2018-05-22T12:01:00","date_gmt":"2018-05-22T16:01:00","guid":{"rendered":"https:\/\/solidedge.siemens.com\/harness-design\/"},"modified":"2022-11-18T14:00:24","modified_gmt":"2022-11-18T19:00:24","slug":"harness-design","status":"publish","type":"page","link":"https:\/\/solidedge.siemens.com\/es\/solutions\/products\/electrical-design\/harness-design\/","title":{"rendered":"Dise\u00f1o de arneses"},"content":{"rendered":"<p>[vc_row el_class=\u00bbvc-row-page-image-intro\u00bb][vc_column][vc_column_text]<\/p>\n<h1>Dise\u00f1o de arneses de Solid Edge<\/h1>\n<p>[\/vc_column_text][vc_row_inner][vc_column_inner width=\u00bb5\/12&#8243;][vc_single_image image=\u00bb1263&#8243; img_size=\u00bbfull\u00bb alignment=\u00bbcenter\u00bb][\/vc_column_inner][vc_column_inner width=\u00bb7\/12&#8243;][vc_column_text]<\/p>\n<p class=\"f-larger c-black\"><strong>Dise\u00f1o de arneses de Solid Edge es la mejor aplicaci\u00f3n de dise\u00f1o gr\u00e1fico en su clase para crear arneses y dibujos de \u00fatiles de doblado que se pueden utilizar para producci\u00f3n en planta o para fines de impresi\u00f3n. <\/strong><\/p>\n<p>Acelere el tiempo de dise\u00f1o y automatice los pasos del proceso de dise\u00f1o de arneses utilizando herramientas de dise\u00f1o de arneses y de ingenier\u00eda probadas en el sector.[\/vc_column_text][vc_column_text el_class=\"vc-el-related-content-video\"][\/vc_column_text][\/vc_column_inner][\/vc_row_inner][\/vc_column][\/vc_row][vc_row full_width=\u00bbstretch_row\u00bb el_class=\u00bbvc-row-shoutbox\u00bb css=\u00bb.vc_custom_1524241646732{background-color: #003750 !important;}\u00bb][vc_column width=\u00bb1\/3&#8243;][vc_single_image image=\u00bb12361&#8243; img_size=\u00bbfull\u00bb alignment=\u00bbcenter\u00bb][\/vc_column][vc_column width=\u00bb2\/3&#8243;][vc_column_text el_class=\u00bbvc-el-lead-in\u00bb]Libro electr\u00f3nico<\/p>\n<h2>Resoluci\u00f3n de los cambios en el sistema el\u00e9ctrico de forma colaborativa y exhaustiva<\/h2>\n<p><span>En los productos modernos, el dise\u00f1o de los sistemas el\u00e9ctricos es fundamental y requiere una intensa colaboraci\u00f3n entre los los ingenieros del sector el\u00e9ctrico y mec\u00e1nico para llevar a cabo los dise\u00f1os. <\/span><\/p>\n<p><span>Obtenga m\u00e1s informaci\u00f3n sobre la resoluci\u00f3n de cambios en el sistema el\u00e9ctrico en nuestro eBook gratuito.<\/span><\/p>\n<p><a class=\"action-button\" href=\"https:\/\/resources.sw.siemens.com\/en-US\/e-book-resolving-electrical-system-changes\" target=\"_blank\" rel=\"noopener noreferrer\"><i class=\"icon-ext\"><\/i>Descargar ahora<\/a>[\/vc_column_text][\/vc_column][\/vc_row][vc_row full_width=\u00bbstretch_row\u00bb css=\u00bb.vc_custom_1527094695959{background-color: #ebf0f5 !important;}\u00bb][vc_column][vc_column_text el_class=\u00bbvc-el-lead-in\u00bb]<\/p>\n<p>Funcionalidades<\/p>\n<h2>Dise\u00f1o de arneses de Solid Edge<\/h2>\n<p>Dise\u00f1o de arneses de Solid Edge cierra la brecha entre el dise\u00f1o el\u00e9ctrico y el mec\u00e1nico de arneses en una sola soluci\u00f3n. Esto permite a los ingenieros comercializar productos r\u00e1pidamente y con confianza.[\/vc_column_text][vc_row_inner equal_height=\u00bbyes\u00bb el_class=\u00bbvc-row-image-teasers\u00bb][vc_column_inner width=\u00bb1\/3&#8243;][vc_column_text]<\/p>\n<h3>Bibliotecas de componentes y s\u00edmbolos integradas y un potente selector de piezas<\/h3>\n<p>Solid Edge Harness Design incluye bibliotecas inteligentes incorporadas de componentes y s\u00edmbolos que permiten la selecci\u00f3n autom\u00e1tica de terminales, juntas y cables.<\/p>\n<p>Un potente selector de piezas configura y selecciona los terminales, las juntas y los cables para cada conector.<\/p>\n<p>Las vistas de la cara del conector y las tablas facilitan a los dise\u00f1adores la decisi\u00f3n de c\u00f3mo terminar los cables. [\/vc_column_text][\/vc_column_inner][vc_column_inner width=\u00bb1\/3&#8243;][vc_column_text]<\/p>\n<h3>Opciones de dise\u00f1o de arneses flexibles: independiente o derivado del dise\u00f1o de cableado<\/h3>\n<p>Puede dise\u00f1ar arneses de manera independiente o se pueden derivar del cableado proporcionado por Solid Edge Wiring Design. [\/vc_column_text][\/vc_column_inner][vc_column_inner width=\u00bb1\/3&#8243;][vc_column_text]<\/p>\n<h3>Potentes funciones de generaci\u00f3n de informes para la creaci\u00f3n de documentaci\u00f3n<\/h3>\n<p>Cuando un arn\u00e9s est\u00e9 completo, se pueden utilizar potentes funciones de generaci\u00f3n de informes para generar la documentaci\u00f3n necesaria para la fabricaci\u00f3n, incluidas las listas de materiales y las listas de corte.<\/p>\n<p>Como se garantiza una informaci\u00f3n r\u00e1pida y precisa, se pueden reducir considerablemente los tiempos de producci\u00f3n y evitar errores de fabricaci\u00f3n. [\/vc_column_text][\/vc_column_inner][vc_column_inner width=\u00bb1\/3&#8243;][vc_column_text]<\/p>\n<h3>Funcionalidades de dise\u00f1o de paneles de encofrado<\/h3>\n<p>Se pueden dibujar arneses sin escala o a tama\u00f1o completo utilizando las funcionalidades de dise\u00f1o de paneles de encofrado.[\/vc_column_text][\/vc_column_inner][vc_column_inner width=\u00bb1\/3&#8243;][vc_column_text]<\/p>\n<h3>Verdadera colaboraci\u00f3n ECAD\/MCAD<\/h3>\n<p>Para una experiencia 3D del mundo real que involucre una verdadera colaboraci\u00f3n ECAD \/ MCAD, el Dise\u00f1o de arneses de Solid Edge se puede integrar completamente con las herramientas de dise\u00f1o Solid Edge 3D.[\/vc_column_text][\/vc_column_inner][vc_column_inner width=\u00bb1\/3&#8243;][vc_column_text]<\/p>\n<h3>Herramienta avanzada<\/h3>\n<p>Basada en las herramientas de dise\u00f1o esquem\u00e1ticas avanzadas y productivas de Mentor Graphics, una empresa de Siemens.<\/p>\n<p>Se ha desarrollado para el mercado general.[\/vc_column_text][\/vc_column_inner][vc_column_inner width=\u00bb1\/3&#8243;][vc_column_text]<\/p>\n<h3>Integraci\u00f3n con Teamcenter<\/h3>\n<p>Las herramientas de Dise\u00f1o de cableado de Solid Edge y Dise\u00f1o de arneses de Solid Edge est\u00e1n integradas con el software de Teamcenter\u00ae, y permite la gesti\u00f3n de la configuraci\u00f3n y las revisiones en el dise\u00f1o.[\/vc_column_text][\/vc_column_inner][\/vc_row_inner][vc_column_text]<\/p>\n<p><a href=\"https:\/\/media.plm.automation.siemens.com\/solidedge\/whitepages\/Siemens-PLM-Solid-Edge-Wiring-and-Harness-Design-fs-70203-A6.pdf\" target=\"_blank\" rel=\"noopener noreferrer\"><i class=\"icon-ext\"><\/i> Descargue la ficha t\u00e9cnica del dise\u00f1o de cableado y de arneses de Solid Edge<\/a><\/p>\n<p>Se pueden utilizar los productos de Dise\u00f1o de cableado de Solid Edge y Dise\u00f1o de arneses de Solid Edge en forma individual o conjuntamente en una soluci\u00f3n de dise\u00f1o el\u00e9ctrico completo desde el dise\u00f1o hasta la fabricaci\u00f3n.[\/vc_column_text][\/vc_column][\/vc_row][vc_row full_width=\u00bbstretch_row\u00bb el_class=\u00bbvc-row-video-highlight\u00bb][vc_column][vc_column_text el_class=\u00bbvc-el-lead-in\u00bb]<\/p>\n<p>Video<\/p>\n<h2>Dise\u00f1o de cableado y de arneses en Solid Edge en acci\u00f3n<\/h2>\n<p class=\"see-more\" style=\"text-align: right;\"><a href=\"https:\/\/solidedge.siemens.com\/es\/resources\/resource-library\/#ui_Videos\">Ver m\u00e1s v\u00eddeos<\/a><\/p>\n<p>[\/vc_column_text]\n\n\n  <div id=\"wpv-view-layout-567-CATTR55fa89cc16b262b856d8376c74ba50df\" class=\"js-wpv-view-layout js-wpv-layout-responsive js-wpv-view-layout-567-CATTR55fa89cc16b262b856d8376c74ba50df\" data-viewnumber=\"567-CATTR55fa89cc16b262b856d8376c74ba50df\" data-pagination=\"{&quot;id&quot;:567,&quot;query&quot;:&quot;normal&quot;,&quot;type&quot;:&quot;disabled&quot;,&quot;effect&quot;:&quot;fade&quot;,&quot;duration&quot;:500,&quot;speed&quot;:5,&quot;pause_on_hover&quot;:&quot;disabled&quot;,&quot;stop_rollover&quot;:&quot;false&quot;,&quot;cache_pages&quot;:&quot;enabled&quot;,&quot;preload_images&quot;:&quot;enabled&quot;,&quot;preload_pages&quot;:&quot;enabled&quot;,&quot;preload_reach&quot;:1,&quot;spinner&quot;:&quot;builtin&quot;,&quot;spinner_image&quot;:&quot;https:\/\/solidedge.siemens.com\/wp-content\/plugins\/wp-views\/embedded\/res\/img\/ajax-loader.gif&quot;,&quot;callback_next&quot;:&quot;&quot;,&quot;manage_history&quot;:&quot;disabled&quot;,&quot;has_controls_in_form&quot;:&quot;disabled&quot;,&quot;infinite_tolerance&quot;:&quot;0&quot;,&quot;max_pages&quot;:0,&quot;page&quot;:1,&quot;base_permalink&quot;:&quot;\/es\/wp-json\/wp\/v2\/pages\/1546?wpv_view_count=567-CATTR55fa89cc16b262b856d8376c74ba50df&amp;wpv_paged=WPV_PAGE_NUM&quot;,&quot;loop&quot;:{&quot;type&quot;:&quot;&quot;,&quot;name&quot;:&quot;&quot;,&quot;data&quot;:[],&quot;id&quot;:0}}\" data-permalink=\"\/es\/wp-json\/wp\/v2\/pages\/1546?wpv_view_count=567-CATTR55fa89cc16b262b856d8376c74ba50df\">\n\n  \n  <div class=\"wpv-resources\"><a name=\"video\" class=\"video-anchor\"><\/a>\n    <div id=\"ult-carousel-53089355669d6cad012116\" class=\"ult-carousel-wrapper  vc-el-carousel-videos-embedded ult_horizontal\" data-gutter=\"0\" data-rtl=\"false\" ><div class=\"ult-carousel-136663732569d6cad0120b5 \" >\n    \n    \n       <div><!-- slide container -->\n        <div class=\"wpv-resources-item\" data-mh=\".wpv-resources-item\">\n          <div class=\"resources-item-poster\">\n              <div id=\"wpfp_96cd359842191f06ace701395051cd85\" data-item=\"{&quot;sources&quot;:&#091;{&quot;src&quot;:&quot;https:\\\/\\\/media.plm.automation.siemens.com\\\/solidedge\\\/videos\\\/2020-Wire-And-Harness-Design-In-Solid-Edge.mp4&quot;,&quot;type&quot;:&quot;video\\\/mp4&quot;}&#093;}\" class=\"flowplayer no-brand is-splash no-svg is-paused skin-slim fp-slim fp-edgy\" data-embed=\"false\" style=\"max-width: 1140px; max-height: 640px; background-image: url(https:\/\/solidedge.siemens.com\/wp-content\/uploads\/2019\/06\/2020-wire-harness-design-featured.jpg);\" data-ratio=\"0.5614\" data-advance=\"false\">\n\t<div class=\"fp-ratio\" style=\"padding-top: 56.14%\"><\/div>\n\t<div class=\"fp-ui\"><div class=\"fp-play fp-visible\"><a class=\"fp-icon fp-playbtn\"><\/a><\/div><\/div>\n\n<\/div>\n\n              \n          <\/div>\n        <\/div>\n      <\/div>\n    \n    \n    <\/div><\/div>\t\t\t<script type=\"text\/javascript\">\r\n\t\t\t\tjQuery(document).ready(function ($) {\r\n\t\t\t\t\tif( typeof jQuery('.ult-carousel-136663732569d6cad0120b5').slick == \"function\"){\r\n\t\t\t\t\t\t$('.ult-carousel-136663732569d6cad0120b5').slick({dots: true,autoplaySpeed: 5000,speed: 500,infinite: false,arrows: true,nextArrow: '<button type=\"button\" role=\"button\" aria-label=\"Next\" style=\"color:#ffffff; font-size:30px;background:rgba(47,56,60,0.5);\" class=\"slick-next square-bg\"><i class=\"ultsl-arrow-right6\"><\/i><\/button>',prevArrow: '<button type=\"button\" role=\"button\" aria-label=\"Previous\" style=\"color:#ffffff; font-size:30px;background:rgba(47,56,60,0.5);\" class=\"slick-prev square-bg\"><i class=\"ultsl-arrow-left6\"><\/i><\/button>',slidesToScroll:1,slidesToShow:1,swipe: true,draggable: true,touchMove: true,pauseOnHover: true,pauseOnFocus: false,responsive: [\r\n\t\t\t\t\t\t\t{\r\n\t\t\t\t\t\t\t  breakpoint: 1026,\r\n\t\t\t\t\t\t\t  settings: {\r\n\t\t\t\t\t\t\t\tslidesToShow: 1,\r\n\t\t\t\t\t\t\t\tslidesToScroll: 1,  \r\n\t\t\t\t\t\t\t  }\r\n\t\t\t\t\t\t\t},\r\n\t\t\t\t\t\t\t{\r\n\t\t\t\t\t\t\t  breakpoint: 1025,\r\n\t\t\t\t\t\t\t  settings: {\r\n\t\t\t\t\t\t\t\tslidesToShow: 1,\r\n\t\t\t\t\t\t\t\tslidesToScroll: 1\r\n\t\t\t\t\t\t\t  }\r\n\t\t\t\t\t\t\t},\r\n\t\t\t\t\t\t\t{\r\n\t\t\t\t\t\t\t  breakpoint: 760,\r\n\t\t\t\t\t\t\t  settings: {\r\n\t\t\t\t\t\t\t\tslidesToShow: 1,\r\n\t\t\t\t\t\t\t\tslidesToScroll: 1\r\n\t\t\t\t\t\t\t  }\r\n\t\t\t\t\t\t\t}\r\n\t\t\t\t\t\t],pauseOnDotsHover: true,customPaging: function(slider, i) {\r\n                   return '<i type=\"button\" style= \"color:#788891;\" class=\"ultsl-record\" data-role=\"none\"><\/i>';\r\n                },});\r\n\t\t\t\t\t}\r\n\t\t\t\t});\r\n\t\t\t<\/script>\r\n\t\t\t\n  <\/div>\n  \n  \n  <\/div>\n[vc_column_text el_class=\u00bbvideo-caption\u00bb]<\/p>\n<h3>Dise\u00f1o de cableado y de arneses en Solid Edge<\/h3>\n<p>En un mundo de creciente complejidad el\u00e9ctrica, ser capaz de documentar y dise\u00f1ar de manera precisa un producto entero se ha convertido en un verdadero desaf\u00edo.<\/p>\n<p>Las herramientas de dibujo no inteligentes y las hojas de c\u00e1lculo ya no pueden mantener un seguimiento de los aspectos el\u00e9ctricos de los dise\u00f1os.<\/p>\n<p>Ahora las empresas necesitan un entorno de dise\u00f1o el\u00e9ctrico inteligente que pueda validar y proporcionar automatizaci\u00f3n sobre la marcha.[\/vc_column_text][\/vc_column][\/vc_row][vc_row full_width=\u00bbstretch_row\u00bb el_class=\u00bbvc-row-related-content\u00bb css=\u00bb.vc_custom_1524184785822{background-color: #347eb5 !important;}\u00bb][vc_column][vc_column_text]<\/p>\n<h2>Contenido relacionado<\/h2>\n<p>[\/vc_column_text]<div id=\"ult-carousel-188516552069d6cad012fc4\" class=\"ult-carousel-wrapper  vc-el-carousel-related-content ult_horizontal\" data-gutter=\"0\" data-rtl=\"false\" ><div class=\"ult-carousel-19441479269d6cad012f9e \" >[vc_column_text]<a href=\"https:\/\/media.plm.automation.siemens.com\/solidedge\/data-brief\/Siemens-SW-Solid-Edge-Wiring-and-Harness-Design-FS-70203-C10.pdf\" target=\"_blank\" rel=\"noopener noreferrer\">Descargue la ficha t\u00e9cnica del dise\u00f1o de cableado y de arneses de Solid Edge<\/a>[\/vc_column_text][vc_column_text]<\/p>\n<p><a href=\"https:\/\/solidedge.siemens.com\/es\/solutions\/products\/complete-product-development-portfolio\/whats-new-in-solid-edge-2020\/\">Novedades de Solid Edge 2020<\/a>[\/vc_column_text][vc_column_text]<\/p>\n<p><a href=\"https:\/\/www.plm.automation.siemens.com\/store\/en-us\/solid-edge\/\">Visite la tienda en l\u00ednea de Solid Edge<\/a>[\/vc_column_text][vc_column_text]<\/p>\n<p><a href=\"\/es\/try-now\/\">Iniciar una prueba gratuita de Solid Edge<\/a>[\/vc_column_text][vc_column_text]<\/p>\n<p><a href=\"http:\/\/community.plm.automation.siemens.com\/t5\/Solid-Edge-User-Community\/ct-p\/solid-edge\">Comunidad de Solid Edge<\/a>[\/vc_column_text][vc_column_text]<\/p>\n<p><a href=\"https:\/\/www.facebook.com\/solidedge\">Solid Edge en Facebook<\/a>[\/vc_column_text][vc_column_text]<\/p>\n<p><a href=\"https:\/\/www.youtube.com\/user\/SiemensPLM\/playlists?shelf_id=18&amp;view=50&amp;sort=dd\">Solid Edge en YouTube<\/a>[\/vc_column_text]<\/div><\/div>\t\t\t<script type=\"text\/javascript\">\r\n\t\t\t\tjQuery(document).ready(function ($) {\r\n\t\t\t\t\tif( typeof jQuery('.ult-carousel-19441479269d6cad012f9e').slick == \"function\"){\r\n\t\t\t\t\t\t$('.ult-carousel-19441479269d6cad012f9e').slick({dots: true,autoplaySpeed: 5000,speed: 500,infinite: false,arrows: true,nextArrow: '<button type=\"button\" role=\"button\" aria-label=\"Next\" style=\"color:#ffffff; font-size:30px;background:rgba(255,255,255,0.2);\" class=\"slick-next square-bg\"><i class=\"ultsl-arrow-right6\"><\/i><\/button>',prevArrow: '<button type=\"button\" role=\"button\" aria-label=\"Previous\" style=\"color:#ffffff; font-size:30px;background:rgba(255,255,255,0.2);\" class=\"slick-prev square-bg\"><i class=\"ultsl-arrow-left6\"><\/i><\/button>',slidesToScroll:4,slidesToShow:4,swipe: true,draggable: true,touchMove: true,pauseOnHover: true,pauseOnFocus: false,responsive: [\r\n\t\t\t\t\t\t\t{\r\n\t\t\t\t\t\t\t  breakpoint: 1026,\r\n\t\t\t\t\t\t\t  settings: {\r\n\t\t\t\t\t\t\t\tslidesToShow: 4,\r\n\t\t\t\t\t\t\t\tslidesToScroll: 4,  \r\n\t\t\t\t\t\t\t  }\r\n\t\t\t\t\t\t\t},\r\n\t\t\t\t\t\t\t{\r\n\t\t\t\t\t\t\t  breakpoint: 1025,\r\n\t\t\t\t\t\t\t  settings: {\r\n\t\t\t\t\t\t\t\tslidesToShow: 2,\r\n\t\t\t\t\t\t\t\tslidesToScroll: 2\r\n\t\t\t\t\t\t\t  }\r\n\t\t\t\t\t\t\t},\r\n\t\t\t\t\t\t\t{\r\n\t\t\t\t\t\t\t  breakpoint: 760,\r\n\t\t\t\t\t\t\t  settings: {\r\n\t\t\t\t\t\t\t\tslidesToShow: 1,\r\n\t\t\t\t\t\t\t\tslidesToScroll: 1\r\n\t\t\t\t\t\t\t  }\r\n\t\t\t\t\t\t\t}\r\n\t\t\t\t\t\t],pauseOnDotsHover: true,customPaging: function(slider, i) {\r\n                   return '<i type=\"button\" style= \"color:#ffffff;\" class=\"ultsl-record\" data-role=\"none\"><\/i>';\r\n                },});\r\n\t\t\t\t\t}\r\n\t\t\t\t});\r\n\t\t\t<\/script>\r\n\t\t\t[\/vc_column][\/vc_row][vc_row full_width=\u00bbstretch_row\u00bb el_class=\u00bbfooter-contact\u00bb css=\u00bb.vc_custom_1550170708528{background-color: #dedee3 !important;}\u00bb][vc_column]<div class=\"wpb_content_block wpb_content_element\"><div class=\"wpb_wrapper\"><\/div><\/div>[\/vc_column][\/vc_row]<\/p>\n","protected":false},"excerpt":{"rendered":"<p> Dise\u00f1o de arneses de Solid Edge [\/vc_column_text][\/vc_column_inner] Dise\u00f1o de arneses de Solid Edge es la mejor aplicaci\u00f3n de dise\u00f1o gr\u00e1fico en su clase para crear arneses y dibujos de \u00fatiles de doblado que se pueden utilizar para producci\u00f3n en planta o para fines de impresi\u00f3n. Acelere el tiempo [&hellip;]<\/p>\n","protected":false},"author":5,"featured_media":0,"parent":1548,"menu_order":0,"comment_status":"closed","ping_status":"closed","template":"","meta":{"inline_featured_image":false},"yoast_head":"<!-- This site is optimized with the Yoast SEO plugin v18.4.1 - https:\/\/yoast.com\/wordpress\/plugins\/seo\/ -->\n<title>Dise\u00f1o de arneses | ECAD\/MCAD | Solid Edge<\/title>\n<meta name=\"description\" content=\"Solid Edge Harness Design es una aplicaci\u00f3n de dise\u00f1o de primera clase con fines de producci\u00f3n interna o &quot;build-to-print&quot; que permite automatizar los pasos de dise\u00f1o y acelerar el tiempo de dise\u00f1o.\" \/>\n<meta name=\"robots\" content=\"index, follow, max-snippet:-1, max-image-preview:large, max-video-preview:-1\" \/>\n<link rel=\"canonical\" href=\"https:\/\/solidedge.siemens.com\/es\/solutions\/products\/electrical-design\/harness-design\/\" \/>\n<meta property=\"og:locale\" content=\"es_ES\" \/>\n<meta property=\"og:type\" content=\"article\" \/>\n<meta property=\"og:title\" content=\"Dise\u00f1o de arneses | ECAD\/MCAD | Solid Edge\" \/>\n<meta property=\"og:description\" content=\"Solid Edge Harness Design es una aplicaci\u00f3n de dise\u00f1o de primera clase con fines de producci\u00f3n interna o &quot;build-to-print&quot; que permite automatizar los pasos de dise\u00f1o y acelerar el tiempo de dise\u00f1o.\" \/>\n<meta property=\"og:url\" content=\"https:\/\/solidedge.siemens.com\/es\/solutions\/products\/electrical-design\/harness-design\/\" \/>\n<meta property=\"og:site_name\" content=\"Solid Edge\" \/>\n<meta property=\"article:publisher\" content=\"https:\/\/www.facebook.com\/solidedge\" \/>\n<meta property=\"article:modified_time\" content=\"2022-11-18T19:00:24+00:00\" \/>\n<meta name=\"twitter:card\" content=\"summary_large_image\" \/>\n<meta name=\"twitter:site\" content=\"@siemensplm\" \/>\n<meta name=\"twitter:label1\" content=\"Tiempo de lectura\" \/>\n\t<meta name=\"twitter:data1\" content=\"6 minutos\" \/>\n<script type=\"application\/ld+json\" class=\"yoast-schema-graph\">{\"@context\":\"https:\/\/schema.org\",\"@graph\":[{\"@type\":\"Organization\",\"@id\":\"https:\/\/solidedge.siemens.com\/en\/#organization\",\"name\":\"Siemens Digital Industries Software\",\"url\":\"https:\/\/solidedge.siemens.com\/en\/\",\"sameAs\":[\"https:\/\/www.facebook.com\/solidedge\",\"https:\/\/www.instagram.com\/siemens\/\",\"https:\/\/www.linkedin.com\/company\/siemens-plm-software\",\"https:\/\/www.youtube.com\/user\/PolarionSoftware\",\"https:\/\/twitter.com\/siemensplm\"],\"logo\":{\"@type\":\"ImageObject\",\"@id\":\"https:\/\/solidedge.siemens.com\/en\/#logo\",\"inLanguage\":\"es\",\"url\":\"https:\/\/solidedge.siemens.com\/wp-content\/uploads\/2018\/04\/logo-siemens-ifl@2x.png\",\"contentUrl\":\"https:\/\/solidedge.siemens.com\/wp-content\/uploads\/2018\/04\/logo-siemens-ifl@2x.png\",\"width\":640,\"height\":270,\"caption\":\"Siemens Digital Industries Software\"},\"image\":{\"@id\":\"https:\/\/solidedge.siemens.com\/en\/#logo\"}},{\"@type\":\"WebSite\",\"@id\":\"https:\/\/solidedge.siemens.com\/en\/#website\",\"url\":\"https:\/\/solidedge.siemens.com\/en\/\",\"name\":\"Solid Edge\",\"description\":\"Siemens Software\",\"publisher\":{\"@id\":\"https:\/\/solidedge.siemens.com\/en\/#organization\"},\"potentialAction\":[{\"@type\":\"SearchAction\",\"target\":{\"@type\":\"EntryPoint\",\"urlTemplate\":\"https:\/\/solidedge.siemens.com\/en\/?s={search_term_string}\"},\"query-input\":\"required name=search_term_string\"}],\"inLanguage\":\"es\"},{\"@type\":\"WebPage\",\"@id\":\"https:\/\/solidedge.siemens.com\/es\/solutions\/products\/electrical-design\/harness-design\/#webpage\",\"url\":\"https:\/\/solidedge.siemens.com\/es\/solutions\/products\/electrical-design\/harness-design\/\",\"name\":\"Dise\u00f1o de arneses | ECAD\/MCAD | Solid Edge\",\"isPartOf\":{\"@id\":\"https:\/\/solidedge.siemens.com\/en\/#website\"},\"datePublished\":\"2018-05-22T16:01:00+00:00\",\"dateModified\":\"2022-11-18T19:00:24+00:00\",\"description\":\"Solid Edge Harness Design es una aplicaci\u00f3n de dise\u00f1o de primera clase con fines de producci\u00f3n interna o \\\"build-to-print\\\" que permite automatizar los pasos de dise\u00f1o y acelerar el tiempo de dise\u00f1o.\",\"breadcrumb\":{\"@id\":\"https:\/\/solidedge.siemens.com\/es\/solutions\/products\/electrical-design\/harness-design\/#breadcrumb\"},\"inLanguage\":\"es\",\"potentialAction\":[{\"@type\":\"ReadAction\",\"target\":[\"https:\/\/solidedge.siemens.com\/es\/solutions\/products\/electrical-design\/harness-design\/\"]}]},{\"@type\":\"BreadcrumbList\",\"@id\":\"https:\/\/solidedge.siemens.com\/es\/solutions\/products\/electrical-design\/harness-design\/#breadcrumb\",\"itemListElement\":[{\"@type\":\"ListItem\",\"position\":1,\"name\":\"Home\",\"item\":\"https:\/\/solidedge.siemens.com\/en\/home-12\/\"},{\"@type\":\"ListItem\",\"position\":2,\"name\":\"Soluciones\",\"item\":\"https:\/\/solidedge.siemens.com\/es\/solutions\/\"},{\"@type\":\"ListItem\",\"position\":3,\"name\":\"Productos\",\"item\":\"https:\/\/solidedge.siemens.com\/es\/solutions\/products\/\"},{\"@type\":\"ListItem\",\"position\":4,\"name\":\"Dise&ntilde;o el&eacute;ctrico\",\"item\":\"https:\/\/solidedge.siemens.com\/es\/solutions\/products\/electrical-design\/\"},{\"@type\":\"ListItem\",\"position\":5,\"name\":\"Dise\u00f1o de arneses\"}]}]}<\/script>\n<!-- \/ Yoast SEO plugin. -->","yoast_head_json":{"title":"Dise\u00f1o de arneses | ECAD\/MCAD | Solid Edge","description":"Solid Edge Harness Design es una aplicaci\u00f3n de dise\u00f1o de primera clase con fines de producci\u00f3n interna o \"build-to-print\" que permite automatizar los pasos de dise\u00f1o y acelerar el tiempo de dise\u00f1o.","robots":{"index":"index","follow":"follow","max-snippet":"max-snippet:-1","max-image-preview":"max-image-preview:large","max-video-preview":"max-video-preview:-1"},"canonical":"https:\/\/solidedge.siemens.com\/es\/solutions\/products\/electrical-design\/harness-design\/","og_locale":"es_ES","og_type":"article","og_title":"Dise\u00f1o de arneses | ECAD\/MCAD | Solid Edge","og_description":"Solid Edge Harness Design es una aplicaci\u00f3n de dise\u00f1o de primera clase con fines de producci\u00f3n interna o \"build-to-print\" que permite automatizar los pasos de dise\u00f1o y acelerar el tiempo de dise\u00f1o.","og_url":"https:\/\/solidedge.siemens.com\/es\/solutions\/products\/electrical-design\/harness-design\/","og_site_name":"Solid Edge","article_publisher":"https:\/\/www.facebook.com\/solidedge","article_modified_time":"2022-11-18T19:00:24+00:00","twitter_card":"summary_large_image","twitter_site":"@siemensplm","twitter_misc":{"Tiempo de lectura":"6 minutos"},"schema":{"@context":"https:\/\/schema.org","@graph":[{"@type":"Organization","@id":"https:\/\/solidedge.siemens.com\/en\/#organization","name":"Siemens Digital Industries Software","url":"https:\/\/solidedge.siemens.com\/en\/","sameAs":["https:\/\/www.facebook.com\/solidedge","https:\/\/www.instagram.com\/siemens\/","https:\/\/www.linkedin.com\/company\/siemens-plm-software","https:\/\/www.youtube.com\/user\/PolarionSoftware","https:\/\/twitter.com\/siemensplm"],"logo":{"@type":"ImageObject","@id":"https:\/\/solidedge.siemens.com\/en\/#logo","inLanguage":"es","url":"https:\/\/solidedge.siemens.com\/wp-content\/uploads\/2018\/04\/logo-siemens-ifl@2x.png","contentUrl":"https:\/\/solidedge.siemens.com\/wp-content\/uploads\/2018\/04\/logo-siemens-ifl@2x.png","width":640,"height":270,"caption":"Siemens Digital Industries Software"},"image":{"@id":"https:\/\/solidedge.siemens.com\/en\/#logo"}},{"@type":"WebSite","@id":"https:\/\/solidedge.siemens.com\/en\/#website","url":"https:\/\/solidedge.siemens.com\/en\/","name":"Solid Edge","description":"Siemens Software","publisher":{"@id":"https:\/\/solidedge.siemens.com\/en\/#organization"},"potentialAction":[{"@type":"SearchAction","target":{"@type":"EntryPoint","urlTemplate":"https:\/\/solidedge.siemens.com\/en\/?s={search_term_string}"},"query-input":"required name=search_term_string"}],"inLanguage":"es"},{"@type":"WebPage","@id":"https:\/\/solidedge.siemens.com\/es\/solutions\/products\/electrical-design\/harness-design\/#webpage","url":"https:\/\/solidedge.siemens.com\/es\/solutions\/products\/electrical-design\/harness-design\/","name":"Dise\u00f1o de arneses | ECAD\/MCAD | Solid Edge","isPartOf":{"@id":"https:\/\/solidedge.siemens.com\/en\/#website"},"datePublished":"2018-05-22T16:01:00+00:00","dateModified":"2022-11-18T19:00:24+00:00","description":"Solid Edge Harness Design es una aplicaci\u00f3n de dise\u00f1o de primera clase con fines de producci\u00f3n interna o \"build-to-print\" que permite automatizar los pasos de dise\u00f1o y acelerar el tiempo de dise\u00f1o.","breadcrumb":{"@id":"https:\/\/solidedge.siemens.com\/es\/solutions\/products\/electrical-design\/harness-design\/#breadcrumb"},"inLanguage":"es","potentialAction":[{"@type":"ReadAction","target":["https:\/\/solidedge.siemens.com\/es\/solutions\/products\/electrical-design\/harness-design\/"]}]},{"@type":"BreadcrumbList","@id":"https:\/\/solidedge.siemens.com\/es\/solutions\/products\/electrical-design\/harness-design\/#breadcrumb","itemListElement":[{"@type":"ListItem","position":1,"name":"Home","item":"https:\/\/solidedge.siemens.com\/en\/home-12\/"},{"@type":"ListItem","position":2,"name":"Soluciones","item":"https:\/\/solidedge.siemens.com\/es\/solutions\/"},{"@type":"ListItem","position":3,"name":"Productos","item":"https:\/\/solidedge.siemens.com\/es\/solutions\/products\/"},{"@type":"ListItem","position":4,"name":"Dise&ntilde;o el&eacute;ctrico","item":"https:\/\/solidedge.siemens.com\/es\/solutions\/products\/electrical-design\/"},{"@type":"ListItem","position":5,"name":"Dise\u00f1o de arneses"}]}]}},"_links":{"self":[{"href":"https:\/\/solidedge.siemens.com\/es\/wp-json\/wp\/v2\/pages\/1546"}],"collection":[{"href":"https:\/\/solidedge.siemens.com\/es\/wp-json\/wp\/v2\/pages"}],"about":[{"href":"https:\/\/solidedge.siemens.com\/es\/wp-json\/wp\/v2\/types\/page"}],"author":[{"embeddable":true,"href":"https:\/\/solidedge.siemens.com\/es\/wp-json\/wp\/v2\/users\/5"}],"replies":[{"embeddable":true,"href":"https:\/\/solidedge.siemens.com\/es\/wp-json\/wp\/v2\/comments?post=1546"}],"version-history":[{"count":1,"href":"https:\/\/solidedge.siemens.com\/es\/wp-json\/wp\/v2\/pages\/1546\/revisions"}],"predecessor-version":[{"id":65414,"href":"https:\/\/solidedge.siemens.com\/es\/wp-json\/wp\/v2\/pages\/1546\/revisions\/65414"}],"up":[{"embeddable":true,"href":"https:\/\/solidedge.siemens.com\/es\/wp-json\/wp\/v2\/pages\/1548"}],"wp:attachment":[{"href":"https:\/\/solidedge.siemens.com\/es\/wp-json\/wp\/v2\/media?parent=1546"}],"curies":[{"name":"wp","href":"https:\/\/api.w.org\/{rel}","templated":true}]}}