{"id":15257,"date":"2018-10-08T15:45:59","date_gmt":"2018-10-08T19:45:59","guid":{"rendered":"https:\/\/solidedge.siemens.com\/roi-calculator\/"},"modified":"2019-10-21T14:33:09","modified_gmt":"2019-10-21T18:33:09","slug":"roi-calculator","status":"publish","type":"page","link":"https:\/\/solidedge.siemens.com\/es\/roi-calculator\/","title":{"rendered":"Calculadora de ROI"},"content":{"rendered":"<p>[vc_row][vc_column][vc_column_text]<\/p>\n<h1>Calculadora de ROI de Solid Edge<\/h1>\n<p>[\/vc_column_text][vc_column_text]<span>\u00bfC\u00f3mo puede el cambio de su paradigma de modelado realmente afectar su balance final? <\/span><span>\u00bfPuede algo tan simple como mejorar la creaci\u00f3n de dibujos aumentar su retorno de la inversi\u00f3n (ROI)? <\/span><span>Para la mayor\u00eda de los usuarios el impacto es mayor de lo que creen. <\/span><span>Utilice nuestro calculador de retorno de la inversi\u00f3n para ver cu\u00e1nto puede Solid Edge ayudar a mejorar su negocio.<\/span>[\/vc_column_text][vc_column_text el_class=\u00bbsnapapp\u00bb]<\/p>\n<div class=\"eewidget\" id=\"eewidget_p_5cab8cc2ad833202463d2fd9\" style=\"position: relative;\"><a href=\"http:\/\/www.snapapp.com\/\">Se est\u00e1 cargando el contenido&#8230;<\/a><\/div>\n<p><noscript><br \/>\nActive JavaScript para ver este contenido.<br \/>\n<\/noscript>[\/vc_column_text][vc_column_text]<a href=\"https:\/\/solidedge.siemens.com\/es\/resource\/report\/roi-of-solid-edge\/\" target=\"_blank\" rel=\"noopener noreferrer\"><i class=\"fas fa-info\"><\/i> Descargue el informe gratuito para ver c\u00f3mo Solid Edge puede mejorar su retorno de la inversi\u00f3n.<\/a>[\/vc_column_text][\/vc_column][\/vc_row][vc_row full_width=\u00bbstretch_row\u00bb el_class=\u00bbfooter-contact\u00bb css=\u00bb.vc_custom_1550170708528{background-color: #dedee3 !important;}\u00bb][vc_column]<div class=\"wpb_content_block wpb_content_element\"><div class=\"wpb_wrapper\"><\/div><\/div>[\/vc_column][\/vc_row]<\/p>\n","protected":false},"excerpt":{"rendered":"<p> Calculadora de ROI de Solid Edge [\/vc_column_text]\u00bfC\u00f3mo puede el cambio de su paradigma de modelado realmente afectar su balance final? \u00bfPuede algo tan simple como mejorar la creaci\u00f3n de dibujos aumentar su retorno de la inversi\u00f3n (ROI)? Para la mayor\u00eda de los usuarios el impacto es mayor de lo que creen. Utilice nuestro calculador [&hellip;]<\/p>\n","protected":false},"author":5,"featured_media":0,"parent":0,"menu_order":39,"comment_status":"closed","ping_status":"closed","template":"","meta":{"inline_featured_image":false},"yoast_head":"<!-- This site is optimized with the Yoast SEO plugin v18.4.1 - https:\/\/yoast.com\/wordpress\/plugins\/seo\/ -->\n<title>Calculadora de ROI | Solid Edge | Siemens Software<\/title>\n<meta name=\"description\" content=\"Are you curious how much switching to Solid Edge could save you? Want to see how much Solid Edge can boost productivity? Use our ROI Calculator to find out!\" \/>\n<meta name=\"robots\" content=\"index, follow, max-snippet:-1, max-image-preview:large, max-video-preview:-1\" \/>\n<link rel=\"canonical\" href=\"https:\/\/solidedge.siemens.com\/es\/roi-calculator\/\" \/>\n<meta property=\"og:locale\" content=\"es_ES\" \/>\n<meta property=\"og:type\" content=\"article\" \/>\n<meta property=\"og:title\" content=\"Calculadora de ROI | Solid Edge | Siemens Software\" \/>\n<meta property=\"og:description\" content=\"Are you curious how much switching to Solid Edge could save you? Want to see how much Solid Edge can boost productivity? Use our ROI Calculator to find out!\" \/>\n<meta property=\"og:url\" content=\"https:\/\/solidedge.siemens.com\/es\/roi-calculator\/\" \/>\n<meta property=\"og:site_name\" content=\"Solid Edge\" \/>\n<meta property=\"article:publisher\" content=\"https:\/\/www.facebook.com\/solidedge\" \/>\n<meta property=\"article:modified_time\" content=\"2019-10-21T18:33:09+00:00\" \/>\n<meta name=\"twitter:card\" content=\"summary_large_image\" \/>\n<meta name=\"twitter:site\" content=\"@siemensplm\" \/>\n<meta name=\"twitter:label1\" content=\"Tiempo de lectura\" \/>\n\t<meta name=\"twitter:data1\" content=\"1 minuto\" \/>\n<script type=\"application\/ld+json\" class=\"yoast-schema-graph\">{\"@context\":\"https:\/\/schema.org\",\"@graph\":[{\"@type\":\"Organization\",\"@id\":\"https:\/\/solidedge.siemens.com\/en\/#organization\",\"name\":\"Siemens Digital Industries Software\",\"url\":\"https:\/\/solidedge.siemens.com\/en\/\",\"sameAs\":[\"https:\/\/www.facebook.com\/solidedge\",\"https:\/\/www.instagram.com\/siemens\/\",\"https:\/\/www.linkedin.com\/company\/siemens-plm-software\",\"https:\/\/www.youtube.com\/user\/PolarionSoftware\",\"https:\/\/twitter.com\/siemensplm\"],\"logo\":{\"@type\":\"ImageObject\",\"@id\":\"https:\/\/solidedge.siemens.com\/en\/#logo\",\"inLanguage\":\"es\",\"url\":\"https:\/\/solidedge.siemens.com\/wp-content\/uploads\/2018\/04\/logo-siemens-ifl@2x.png\",\"contentUrl\":\"https:\/\/solidedge.siemens.com\/wp-content\/uploads\/2018\/04\/logo-siemens-ifl@2x.png\",\"width\":640,\"height\":270,\"caption\":\"Siemens Digital Industries Software\"},\"image\":{\"@id\":\"https:\/\/solidedge.siemens.com\/en\/#logo\"}},{\"@type\":\"WebSite\",\"@id\":\"https:\/\/solidedge.siemens.com\/en\/#website\",\"url\":\"https:\/\/solidedge.siemens.com\/en\/\",\"name\":\"Solid Edge\",\"description\":\"Siemens Software\",\"publisher\":{\"@id\":\"https:\/\/solidedge.siemens.com\/en\/#organization\"},\"potentialAction\":[{\"@type\":\"SearchAction\",\"target\":{\"@type\":\"EntryPoint\",\"urlTemplate\":\"https:\/\/solidedge.siemens.com\/en\/?s={search_term_string}\"},\"query-input\":\"required name=search_term_string\"}],\"inLanguage\":\"es\"},{\"@type\":\"WebPage\",\"@id\":\"https:\/\/solidedge.siemens.com\/es\/roi-calculator\/#webpage\",\"url\":\"https:\/\/solidedge.siemens.com\/es\/roi-calculator\/\",\"name\":\"Calculadora de ROI | Solid Edge | Siemens Software\",\"isPartOf\":{\"@id\":\"https:\/\/solidedge.siemens.com\/en\/#website\"},\"datePublished\":\"2018-10-08T19:45:59+00:00\",\"dateModified\":\"2019-10-21T18:33:09+00:00\",\"description\":\"Are you curious how much switching to Solid Edge could save you? Want to see how much Solid Edge can boost productivity? Use our ROI Calculator to find out!\",\"breadcrumb\":{\"@id\":\"https:\/\/solidedge.siemens.com\/es\/roi-calculator\/#breadcrumb\"},\"inLanguage\":\"es\",\"potentialAction\":[{\"@type\":\"ReadAction\",\"target\":[\"https:\/\/solidedge.siemens.com\/es\/roi-calculator\/\"]}]},{\"@type\":\"BreadcrumbList\",\"@id\":\"https:\/\/solidedge.siemens.com\/es\/roi-calculator\/#breadcrumb\",\"itemListElement\":[{\"@type\":\"ListItem\",\"position\":1,\"name\":\"Home\",\"item\":\"https:\/\/solidedge.siemens.com\/en\/home-12\/\"},{\"@type\":\"ListItem\",\"position\":2,\"name\":\"Calculadora de ROI\"}]}]}<\/script>\n<!-- \/ Yoast SEO plugin. -->","yoast_head_json":{"title":"Calculadora de ROI | Solid Edge | Siemens Software","description":"Are you curious how much switching to Solid Edge could save you? Want to see how much Solid Edge can boost productivity? Use our ROI Calculator to find out!","robots":{"index":"index","follow":"follow","max-snippet":"max-snippet:-1","max-image-preview":"max-image-preview:large","max-video-preview":"max-video-preview:-1"},"canonical":"https:\/\/solidedge.siemens.com\/es\/roi-calculator\/","og_locale":"es_ES","og_type":"article","og_title":"Calculadora de ROI | Solid Edge | Siemens Software","og_description":"Are you curious how much switching to Solid Edge could save you? Want to see how much Solid Edge can boost productivity? Use our ROI Calculator to find out!","og_url":"https:\/\/solidedge.siemens.com\/es\/roi-calculator\/","og_site_name":"Solid Edge","article_publisher":"https:\/\/www.facebook.com\/solidedge","article_modified_time":"2019-10-21T18:33:09+00:00","twitter_card":"summary_large_image","twitter_site":"@siemensplm","twitter_misc":{"Tiempo de lectura":"1 minuto"},"schema":{"@context":"https:\/\/schema.org","@graph":[{"@type":"Organization","@id":"https:\/\/solidedge.siemens.com\/en\/#organization","name":"Siemens Digital Industries Software","url":"https:\/\/solidedge.siemens.com\/en\/","sameAs":["https:\/\/www.facebook.com\/solidedge","https:\/\/www.instagram.com\/siemens\/","https:\/\/www.linkedin.com\/company\/siemens-plm-software","https:\/\/www.youtube.com\/user\/PolarionSoftware","https:\/\/twitter.com\/siemensplm"],"logo":{"@type":"ImageObject","@id":"https:\/\/solidedge.siemens.com\/en\/#logo","inLanguage":"es","url":"https:\/\/solidedge.siemens.com\/wp-content\/uploads\/2018\/04\/logo-siemens-ifl@2x.png","contentUrl":"https:\/\/solidedge.siemens.com\/wp-content\/uploads\/2018\/04\/logo-siemens-ifl@2x.png","width":640,"height":270,"caption":"Siemens Digital Industries Software"},"image":{"@id":"https:\/\/solidedge.siemens.com\/en\/#logo"}},{"@type":"WebSite","@id":"https:\/\/solidedge.siemens.com\/en\/#website","url":"https:\/\/solidedge.siemens.com\/en\/","name":"Solid Edge","description":"Siemens Software","publisher":{"@id":"https:\/\/solidedge.siemens.com\/en\/#organization"},"potentialAction":[{"@type":"SearchAction","target":{"@type":"EntryPoint","urlTemplate":"https:\/\/solidedge.siemens.com\/en\/?s={search_term_string}"},"query-input":"required name=search_term_string"}],"inLanguage":"es"},{"@type":"WebPage","@id":"https:\/\/solidedge.siemens.com\/es\/roi-calculator\/#webpage","url":"https:\/\/solidedge.siemens.com\/es\/roi-calculator\/","name":"Calculadora de ROI | Solid Edge | Siemens Software","isPartOf":{"@id":"https:\/\/solidedge.siemens.com\/en\/#website"},"datePublished":"2018-10-08T19:45:59+00:00","dateModified":"2019-10-21T18:33:09+00:00","description":"Are you curious how much switching to Solid Edge could save you? Want to see how much Solid Edge can boost productivity? Use our ROI Calculator to find out!","breadcrumb":{"@id":"https:\/\/solidedge.siemens.com\/es\/roi-calculator\/#breadcrumb"},"inLanguage":"es","potentialAction":[{"@type":"ReadAction","target":["https:\/\/solidedge.siemens.com\/es\/roi-calculator\/"]}]},{"@type":"BreadcrumbList","@id":"https:\/\/solidedge.siemens.com\/es\/roi-calculator\/#breadcrumb","itemListElement":[{"@type":"ListItem","position":1,"name":"Home","item":"https:\/\/solidedge.siemens.com\/en\/home-12\/"},{"@type":"ListItem","position":2,"name":"Calculadora de ROI"}]}]}},"_links":{"self":[{"href":"https:\/\/solidedge.siemens.com\/es\/wp-json\/wp\/v2\/pages\/15257"}],"collection":[{"href":"https:\/\/solidedge.siemens.com\/es\/wp-json\/wp\/v2\/pages"}],"about":[{"href":"https:\/\/solidedge.siemens.com\/es\/wp-json\/wp\/v2\/types\/page"}],"author":[{"embeddable":true,"href":"https:\/\/solidedge.siemens.com\/es\/wp-json\/wp\/v2\/users\/5"}],"replies":[{"embeddable":true,"href":"https:\/\/solidedge.siemens.com\/es\/wp-json\/wp\/v2\/comments?post=15257"}],"version-history":[{"count":0,"href":"https:\/\/solidedge.siemens.com\/es\/wp-json\/wp\/v2\/pages\/15257\/revisions"}],"wp:attachment":[{"href":"https:\/\/solidedge.siemens.com\/es\/wp-json\/wp\/v2\/media?parent=15257"}],"curies":[{"name":"wp","href":"https:\/\/api.w.org\/{rel}","templated":true}]}}