{"id":12255,"date":"2018-11-01T13:18:34","date_gmt":"2018-11-01T17:18:34","guid":{"rendered":"https:\/\/solidedge.siemens.com\/?page_id=12255"},"modified":"2019-11-27T10:31:01","modified_gmt":"2019-11-27T15:31:01","slug":"cyber-monday-2019","status":"publish","type":"page","link":"https:\/\/solidedge.siemens.com\/en\/terms-conditions\/cyber-monday-2019\/","title":{"rendered":"Cyber Monday 2019"},"content":{"rendered":"<p>[vc_row][vc_column][vc_column_text]<\/p>\n<h1>Cyber Monday 2019 Terms &amp; Conditions<\/h1>\n<p>[\/vc_column_text][vc_tta_tabs style=&#8221;modern&#8221; active_section=&#8221;1&#8243;][vc_tta_section title=&#8221;English&#8221; tab_id=&#8221;us-ca&#8221;][vc_column_text]<strong>Buy a yearly Solid Edge subscription and get your first year for 50% off!<\/strong><\/p>\n<ul>\n<li>Incentive available only through Siemens Digital Industries Software and its participating channel partners;<\/li>\n<li>Valid only for customers with a physical address in the United States, United Kingdom, Mexico, Argentina, Columbia, Peru, Germany, Italy, France, Belgium, Denmark, Netherlands, Sweden, Estonia, Ireland, Portugal, South Africa, Finland, Norway, India, Australia, New Zealand, Czech Republic, Poland, Bulgaria, Croatia, Hungary, Serbia, Slovakia, Slovenia, Romania, Albania, Bosnia &amp; Herzegovina, Macedonia, Montenegro, Spain and Singapore;<\/li>\n<li>Offered only in connection with purchase of Solid Edge\u00ae software licenses which must be purchased between December 1st, 11 am UTC and ends Monday, December 2nd at 11:59 PM PST;<\/li>\n<li>After the first year ends, purchaser agrees to pay the currently posted monthly subscription price available\u00a0<a href=\"https:\/\/www.plm.automation.siemens.com\/store\/en-us\/solid-edge\/\">here <\/a>each year unless subscriber cancels the subscription. No other discounts apply;<\/li>\n<li>Cancellation can occur anytime during the year, however, no refund will be given for any portion of that year;<\/li>\n<li>Incentive is 50% off for the first (1st) year of a Solid Edge annual license subscription (approximate retail values: Design and Drafting $900.00; Foundation $2,220.00; Classic $2,760.00; Premium $3,940.00);<\/li>\n<li>Incentives are claimed by entering the promotion code where indicated at the time of purchase. Promotion code will be published on https:\/\/solidedge.siemens.com\/pages\/cyber-monday-2019\/;<\/li>\n<li>Offer valid for first time Solid Edge annual subscribers only;<\/li>\n<li>Limit one (1) 50% off annual subscription per subscriber. For the avoidance of doubt, a subscriber may be an individual or a business entity.<\/li>\n<\/ul>\n<p>If for any reason this program is not capable of running as planned due to infection by computer virus, bugs, tampering, unauthorized intervention, fraud, technical failures, or any other causes which, in the sole opinion of Siemens Industry Software Inc., corrupt or affect the administration, security, fairness, integrity, or proper conduct of this upgrade program, Siemens Digital Industries Software reserves the right to cancel, terminate, modify or suspend this discount program.<\/p>\n<p><em>Note: Siemens and the Siemens logo are registered trademarks of Siemens AG. A list of relevant Siemens trademarks can be found <\/em><a href=\"https:\/\/www.plm.automation.siemens.com\/global\/en\/legal\/trademarks.html\">here<\/a><em>.<\/em><em> Other trademarks belong to their respective owners.<\/em>[\/vc_column_text][\/vc_tta_section][vc_tta_section title=&#8221;German&#8221; tab_id=&#8221;1574785321618-8458680b-5dd9&#8243;][vc_column_text]<strong>Kaufen Sie ein Solid Edge-Jahresabonnement und sichern Sie sich Ihr erstes Jahr zum halben Preis!<\/strong><\/p>\n<ul>\n<li>Das Angebot ist nur \u00fcber Siemens Digital Industries Software und seine teilnehmenden Channel-Partner verf\u00fcgbar;<\/li>\n<li>Gilt nur f\u00fcr Kunden mit einer physischen Adresse in den USA, Gro\u00dfbritannien, Mexiko, Argentinien, Kolumbien, Peru, Deutschland, Italien, Frankreich, Belgien, D\u00e4nemark, den Niederlanden, Schweden, Estland, Irland, Portugal, S\u00fcdafrika, Finnland, Norwegen, Indien, Australien, Neuseeland, Tschechische Republik, Polen, Bulgarien, Kroatien, Ungarn, Serbien, Slowakei, Slowenien, Rum\u00e4nien, Albanien, Bosnien und Herzegowina, Mazedonien, Montenegro, Spanien und Singapur;<\/li>\n<li>Wird nur in Verbindung mit dem Kauf einer Solid Edge\u00ae-Softwarelizenz angeboten, welche von 0:01 bis 23:59 Uhr am 02. Dezember 2019 erworben wurde.<\/li>\n<li>Nach Ablauf des ersten Jahres verpflichtet sich der K\u00e4ufer, den aktuell ausgewiesenen monatlichen Abonnementpreis (<a href=\"https:\/\/www.plm.automation.siemens.com\/store\/de-de\/solid-edge\/index.html\">hier einsehbar<\/a>) jedes Jahr zu zahlen. Es sei denn, der Abonnent k\u00fcndigt das Abonnement. Es gelten keine weiteren Rabatte;<\/li>\n<li>Eine K\u00fcndigung kann jederzeit w\u00e4hrend des Jahres erfolgen, allerdings wird f\u00fcr keinen Zeitraum dieses Jahres eine R\u00fcckerstattung gew\u00e4hrt.<\/li>\n<li>Das Angebot umfasst 50% Rabatt f\u00fcr das erste (1.) Jahr eines j\u00e4hrlichen Solid Edge-Lizenzabonnements (ungef\u00e4hre Verkaufswerte: Design and Drafting \u20ac1.220,00; Foundation \u20ac2.930,00; Classic \u20ac3.500,00; Premium \u20ac4.820,00);<\/li>\n<li>Das einj\u00e4hrige Solid Edge-Abonnement wird ab dem Zeitpunkt der Eingabe des Aktionscodes, der im Rahmen der Aktion erworben wurde, aktiviert. Der Promotion-Code wird unter <a href=\"https:\/\/solidedge.siemens.com\/de\/pages\/cyber-monday-2019\/\">https:\/\/solidedge.siemens.com\/de\/pages\/cyber-monday-2019\/<\/a> ver\u00f6ffentlicht.<\/li>\n<li>Das Angebot ist nur f\u00fcr Solid Edge-Jahresabonnements g\u00fcltig.<\/li>\n<li>Das Angebot ist auf ein Abonnement pro Kunde limitiert. Um Zweifel auszur\u00e4umen; ein Abonnent kann eine Einzelperson oder eine Gesch\u00e4ftseinheit sein.<\/li>\n<\/ul>\n<p>Wenn dieses Programm aus irgendeinem Grund aufgrund einer Infektion mit Computerviren, Fehlern, Manipulationen, unbefugten Eingriffen, Betrug, technischen Fehlern oder anderen Gr\u00fcnden, nach alleiniger Ansicht von Siemens Industry Software Inc., fehlerhaft sein sollte oder die Verwaltung, Sicherheit, Fairness, Integrit\u00e4t oder ordnungsgem\u00e4\u00dfe Durchf\u00fchrung dieses Upgrade-Programms beeintr\u00e4chtigt sein sollte, beh\u00e4lt sich Siemens Digital Industries Software das Recht vor, dieses Rabattprogramm zu stornieren, zu beenden, zu \u00e4ndern oder auszusetzen.<\/p>\n<p><em>Hinweis: Siemens und das Siemens-Logo sind eingetragene Marken der Siemens AG. Eine Liste der relevanten Marken von Siemens finden Sie <\/em><a href=\"https:\/\/www.plm.automation.siemens.com\/global\/en\/legal\/trademarks.html\"><em>hier<\/em><\/a><em>. Andere Marken geh\u00f6ren ihren jeweiligen Eigent\u00fcmern.<\/em>[\/vc_column_text][\/vc_tta_section][vc_tta_section title=&#8221;Spanish&#8221; tab_id=&#8221;uk&#8221;][vc_column_text]<strong>\u00a1Compre una suscripci\u00f3n anual a Solid Edge y obtenga su primer a\u00f1o con un 50% de descuento!<\/strong><\/p>\n<ul>\n<li>Incentivo disponible solo a trav\u00e9s del software Siemens Digital Industries y sus partners participantes;<\/li>\n<li>V\u00e1lido solo para clientes con una direcci\u00f3n f\u00edsica en los Estados Unidos, Canad\u00e1, Reino Unido, M\u00e9xico, Argentina, Colombia, Per\u00fa, Alemania, Italia, Francia, B\u00e9lgica, Dinamarca, Pa\u00edses Bajos, Suecia, Estonia, Irlanda, Portugal, Sud\u00e1frica , Finlandia, Noruega, India, Australia, Nueva Zelanda, Rep\u00fablica Checa, Polonia, Bulgaria, Croacia, Hungr\u00eda, Serbia, Eslovaquia, Eslovenia, Rumania, Albania, Bosnia y Herzegovina, Macedonia, Montenegro, Espa\u00f1a y Singapur;<\/li>\n<li>Se ofrece solo en relaci\u00f3n con la compra de licencias de software Solid Edge\u00ae que deben adquirirse entre el 1 de diciembre a las 11 a.m., hora universal coordinada (UTC) y el martes 3 de diciembre a las 8 a.m., hora universal coordinada (UTC);<\/li>\n<li>Despu\u00e9s de que finaliza el primer a\u00f1o, el comprador acepta pagar el precio de suscripci\u00f3n mensual publicado actualmente disponible aqu\u00ed cada a\u00f1o, a menos que el suscriptor cancele la suscripci\u00f3n. No se aplican otros descuentos;<\/li>\n<li>La cancelaci\u00f3n puede ocurrir en cualquier momento durante el a\u00f1o, sin embargo, no se otorgar\u00e1 ning\u00fan reembolso por ninguna parte de ese a\u00f1o;<\/li>\n<li>El incentivo tiene un 50% de descuento durante el primer (1er) a\u00f1o de una suscripci\u00f3n anual de licencia de Solid Edge (valores minoristas aproximados: Dise\u00f1o y dibujo $ 900.00; Fundaci\u00f3n $ 2,220.00; Cl\u00e1sico $ 2,760.00; Premium $ 3,940.00);<\/li>\n<li>Los incentivos se reclaman ingresando el c\u00f3digo de promoci\u00f3n donde se indica al momento de la compra. El c\u00f3digo de promoci\u00f3n se publicar\u00e1 en <span><a href=\"https:\/\/solidedge.siemens.com\/es\/pages\/cyber-monday-2019\/\">https:\/\/solidedge.siemens.com\/pages\/cyber-monday-2019\/<\/a><\/span>;<\/li>\n<li>Oferta v\u00e1lida solo para suscriptores anuales de Solid Edge por primera vez;<\/li>\n<li>Limitado a una (1) oferta de 50% de descuento en la suscripci\u00f3n anual por suscriptor. Para evitar dudas, un suscriptor puede ser un individuo o una entidad comercial.<\/li>\n<\/ul>\n<p>Si por alg\u00fan motivo este programa no es capaz de ejecutarse seg\u00fan lo planeado debido a una infecci\u00f3n por virus inform\u00e1ticos, errores, manipulaci\u00f3n, intervenci\u00f3n no autorizada, fraude, fallas t\u00e9cnicas o cualquier otra causa que, en la \u00fanica opini\u00f3n de Siemens Industry Software Inc., corrompa o afectar la administraci\u00f3n, seguridad, equidad, integridad o conducta adecuada de este programa de actualizaci\u00f3n, Siemens Digital Industries Software se reserva el derecho de cancelar, finalizar, modificar o suspender este programa de descuento.<\/p>\n<p><em>Nota: Siemens y el logotipo de Siemens son marcas registradas de Siemens AG. Puede encontrar una lista de marcas comerciales relevantes de Siemens <\/em><span><a href=\"https:\/\/www.plm.automation.siemens.com\/global\/en\/legal\/trademarks.html\"><em>aqu\u00ed<\/em><\/a><\/span><em>. Otras marcas pertenecen a sus respectivos due\u00f1os.<\/em>[\/vc_column_text][\/vc_tta_section][\/vc_tta_tabs][\/vc_column][\/vc_row]<\/p>\n","protected":false},"excerpt":{"rendered":"<p> Cyber Monday 2019 Terms &amp; Conditions [\/vc_column_text]Buy a yearly Solid Edge subscription and get your first year for 50% off! Incentive available only through Siemens Digital Industries Software and its participating channel partners; Valid only for customers with a physical address in the United States, United Kingdom, Mexico, Argentina, Columbia, [&hellip;]<\/p>\n","protected":false},"author":5,"featured_media":0,"parent":11745,"menu_order":0,"comment_status":"closed","ping_status":"closed","template":"","meta":{"inline_featured_image":false},"yoast_head":"<!-- This site is optimized with the Yoast SEO plugin v18.4.1 - https:\/\/yoast.com\/wordpress\/plugins\/seo\/ -->\n<title>Cyber Monday 2019 | Solid Edge | Siemens Software<\/title>\n<meta name=\"description\" content=\"Buy a yearly subscription of Solid Edge and receive 50% off your first year of industry-leading CAD to celebrate Cyber Monday!\" \/>\n<meta name=\"robots\" content=\"noindex, follow\" \/>\n<meta property=\"og:locale\" content=\"en_US\" \/>\n<meta property=\"og:type\" content=\"article\" \/>\n<meta property=\"og:title\" content=\"Cyber Monday 2019 | Solid Edge | Siemens Software\" \/>\n<meta property=\"og:description\" content=\"Buy a yearly subscription of Solid Edge and receive 50% off your first year of industry-leading CAD to celebrate Cyber Monday!\" \/>\n<meta property=\"og:url\" content=\"https:\/\/solidedge.siemens.com\/en\/terms-conditions\/cyber-monday-2019\/\" \/>\n<meta property=\"og:site_name\" content=\"Solid Edge\" \/>\n<meta property=\"article:publisher\" content=\"https:\/\/www.facebook.com\/solidedge\" \/>\n<meta property=\"article:modified_time\" content=\"2019-11-27T15:31:01+00:00\" \/>\n<meta name=\"twitter:card\" content=\"summary_large_image\" \/>\n<meta name=\"twitter:site\" content=\"@siemensplm\" \/>\n<meta name=\"twitter:label1\" content=\"Est. reading time\" \/>\n\t<meta name=\"twitter:data1\" content=\"6 minutes\" \/>\n<script type=\"application\/ld+json\" class=\"yoast-schema-graph\">{\"@context\":\"https:\/\/schema.org\",\"@graph\":[{\"@type\":\"Organization\",\"@id\":\"https:\/\/solidedge.siemens.com\/en\/#organization\",\"name\":\"Siemens Digital Industries Software\",\"url\":\"https:\/\/solidedge.siemens.com\/en\/\",\"sameAs\":[\"https:\/\/www.facebook.com\/solidedge\",\"https:\/\/www.instagram.com\/siemens\/\",\"https:\/\/www.linkedin.com\/company\/siemens-plm-software\",\"https:\/\/www.youtube.com\/user\/PolarionSoftware\",\"https:\/\/twitter.com\/siemensplm\"],\"logo\":{\"@type\":\"ImageObject\",\"@id\":\"https:\/\/solidedge.siemens.com\/en\/#logo\",\"inLanguage\":\"en-US\",\"url\":\"https:\/\/solidedge.siemens.com\/wp-content\/uploads\/2018\/04\/logo-siemens-ifl@2x.png\",\"contentUrl\":\"https:\/\/solidedge.siemens.com\/wp-content\/uploads\/2018\/04\/logo-siemens-ifl@2x.png\",\"width\":640,\"height\":270,\"caption\":\"Siemens Digital Industries Software\"},\"image\":{\"@id\":\"https:\/\/solidedge.siemens.com\/en\/#logo\"}},{\"@type\":\"WebSite\",\"@id\":\"https:\/\/solidedge.siemens.com\/en\/#website\",\"url\":\"https:\/\/solidedge.siemens.com\/en\/\",\"name\":\"Solid Edge\",\"description\":\"Siemens Software\",\"publisher\":{\"@id\":\"https:\/\/solidedge.siemens.com\/en\/#organization\"},\"potentialAction\":[{\"@type\":\"SearchAction\",\"target\":{\"@type\":\"EntryPoint\",\"urlTemplate\":\"https:\/\/solidedge.siemens.com\/en\/?s={search_term_string}\"},\"query-input\":\"required name=search_term_string\"}],\"inLanguage\":\"en-US\"},{\"@type\":\"WebPage\",\"@id\":\"https:\/\/solidedge.siemens.com\/en\/terms-conditions\/cyber-monday-2019\/#webpage\",\"url\":\"https:\/\/solidedge.siemens.com\/en\/terms-conditions\/cyber-monday-2019\/\",\"name\":\"Cyber Monday 2019 | Solid Edge | Siemens Software\",\"isPartOf\":{\"@id\":\"https:\/\/solidedge.siemens.com\/en\/#website\"},\"datePublished\":\"2018-11-01T17:18:34+00:00\",\"dateModified\":\"2019-11-27T15:31:01+00:00\",\"description\":\"Buy a yearly subscription of Solid Edge and receive 50% off your first year of industry-leading CAD to celebrate Cyber Monday!\",\"breadcrumb\":{\"@id\":\"https:\/\/solidedge.siemens.com\/en\/terms-conditions\/cyber-monday-2019\/#breadcrumb\"},\"inLanguage\":\"en-US\",\"potentialAction\":[{\"@type\":\"ReadAction\",\"target\":[\"https:\/\/solidedge.siemens.com\/en\/terms-conditions\/cyber-monday-2019\/\"]}]},{\"@type\":\"BreadcrumbList\",\"@id\":\"https:\/\/solidedge.siemens.com\/en\/terms-conditions\/cyber-monday-2019\/#breadcrumb\",\"itemListElement\":[{\"@type\":\"ListItem\",\"position\":1,\"name\":\"Home\",\"item\":\"https:\/\/solidedge.siemens.com\/en\/\"},{\"@type\":\"ListItem\",\"position\":2,\"name\":\"Terms &#038; Conditions\",\"item\":\"https:\/\/solidedge.siemens.com\/en\/terms-conditions\/\"},{\"@type\":\"ListItem\",\"position\":3,\"name\":\"Cyber Monday 2019\"}]}]}<\/script>\n<!-- \/ Yoast SEO plugin. -->","yoast_head_json":{"title":"Cyber Monday 2019 | Solid Edge | Siemens Software","description":"Buy a yearly subscription of Solid Edge and receive 50% off your first year of industry-leading CAD to celebrate Cyber Monday!","robots":{"index":"noindex","follow":"follow"},"og_locale":"en_US","og_type":"article","og_title":"Cyber Monday 2019 | Solid Edge | Siemens Software","og_description":"Buy a yearly subscription of Solid Edge and receive 50% off your first year of industry-leading CAD to celebrate Cyber Monday!","og_url":"https:\/\/solidedge.siemens.com\/en\/terms-conditions\/cyber-monday-2019\/","og_site_name":"Solid Edge","article_publisher":"https:\/\/www.facebook.com\/solidedge","article_modified_time":"2019-11-27T15:31:01+00:00","twitter_card":"summary_large_image","twitter_site":"@siemensplm","twitter_misc":{"Est. reading time":"6 minutes"},"schema":{"@context":"https:\/\/schema.org","@graph":[{"@type":"Organization","@id":"https:\/\/solidedge.siemens.com\/en\/#organization","name":"Siemens Digital Industries Software","url":"https:\/\/solidedge.siemens.com\/en\/","sameAs":["https:\/\/www.facebook.com\/solidedge","https:\/\/www.instagram.com\/siemens\/","https:\/\/www.linkedin.com\/company\/siemens-plm-software","https:\/\/www.youtube.com\/user\/PolarionSoftware","https:\/\/twitter.com\/siemensplm"],"logo":{"@type":"ImageObject","@id":"https:\/\/solidedge.siemens.com\/en\/#logo","inLanguage":"en-US","url":"https:\/\/solidedge.siemens.com\/wp-content\/uploads\/2018\/04\/logo-siemens-ifl@2x.png","contentUrl":"https:\/\/solidedge.siemens.com\/wp-content\/uploads\/2018\/04\/logo-siemens-ifl@2x.png","width":640,"height":270,"caption":"Siemens Digital Industries Software"},"image":{"@id":"https:\/\/solidedge.siemens.com\/en\/#logo"}},{"@type":"WebSite","@id":"https:\/\/solidedge.siemens.com\/en\/#website","url":"https:\/\/solidedge.siemens.com\/en\/","name":"Solid Edge","description":"Siemens Software","publisher":{"@id":"https:\/\/solidedge.siemens.com\/en\/#organization"},"potentialAction":[{"@type":"SearchAction","target":{"@type":"EntryPoint","urlTemplate":"https:\/\/solidedge.siemens.com\/en\/?s={search_term_string}"},"query-input":"required name=search_term_string"}],"inLanguage":"en-US"},{"@type":"WebPage","@id":"https:\/\/solidedge.siemens.com\/en\/terms-conditions\/cyber-monday-2019\/#webpage","url":"https:\/\/solidedge.siemens.com\/en\/terms-conditions\/cyber-monday-2019\/","name":"Cyber Monday 2019 | Solid Edge | Siemens Software","isPartOf":{"@id":"https:\/\/solidedge.siemens.com\/en\/#website"},"datePublished":"2018-11-01T17:18:34+00:00","dateModified":"2019-11-27T15:31:01+00:00","description":"Buy a yearly subscription of Solid Edge and receive 50% off your first year of industry-leading CAD to celebrate Cyber Monday!","breadcrumb":{"@id":"https:\/\/solidedge.siemens.com\/en\/terms-conditions\/cyber-monday-2019\/#breadcrumb"},"inLanguage":"en-US","potentialAction":[{"@type":"ReadAction","target":["https:\/\/solidedge.siemens.com\/en\/terms-conditions\/cyber-monday-2019\/"]}]},{"@type":"BreadcrumbList","@id":"https:\/\/solidedge.siemens.com\/en\/terms-conditions\/cyber-monday-2019\/#breadcrumb","itemListElement":[{"@type":"ListItem","position":1,"name":"Home","item":"https:\/\/solidedge.siemens.com\/en\/"},{"@type":"ListItem","position":2,"name":"Terms &#038; Conditions","item":"https:\/\/solidedge.siemens.com\/en\/terms-conditions\/"},{"@type":"ListItem","position":3,"name":"Cyber Monday 2019"}]}]}},"_links":{"self":[{"href":"https:\/\/solidedge.siemens.com\/en\/wp-json\/wp\/v2\/pages\/12255"}],"collection":[{"href":"https:\/\/solidedge.siemens.com\/en\/wp-json\/wp\/v2\/pages"}],"about":[{"href":"https:\/\/solidedge.siemens.com\/en\/wp-json\/wp\/v2\/types\/page"}],"author":[{"embeddable":true,"href":"https:\/\/solidedge.siemens.com\/en\/wp-json\/wp\/v2\/users\/5"}],"replies":[{"embeddable":true,"href":"https:\/\/solidedge.siemens.com\/en\/wp-json\/wp\/v2\/comments?post=12255"}],"version-history":[{"count":0,"href":"https:\/\/solidedge.siemens.com\/en\/wp-json\/wp\/v2\/pages\/12255\/revisions"}],"up":[{"embeddable":true,"href":"https:\/\/solidedge.siemens.com\/en\/wp-json\/wp\/v2\/pages\/11745"}],"wp:attachment":[{"href":"https:\/\/solidedge.siemens.com\/en\/wp-json\/wp\/v2\/media?parent=12255"}],"curies":[{"name":"wp","href":"https:\/\/api.w.org\/{rel}","templated":true}]}}