{"id":49961,"date":"2021-11-15T10:42:34","date_gmt":"2021-11-15T15:42:34","guid":{"rendered":"https:\/\/solidedge.siemens.com\/?page_id=49961"},"modified":"2022-12-03T09:00:58","modified_gmt":"2022-12-03T14:00:58","slug":"industrial-design-software","status":"publish","type":"page","link":"https:\/\/solidedge.siemens.com\/de\/solutions\/products\/3d-design\/industrial-design-software\/","title":{"rendered":"Industriedesign und Styling"},"content":{"rendered":"<p>[vc_row full_width=&#8220;stretch_row&#8220; full_height=&#8220;yes&#8220; content_placement=&#8220;middle&#8220; css=&#8220;.vc_custom_1632315140284{background: #a6a6a6 url(https:\/\/solidedge.siemens.com\/wp-content\/uploads\/2021\/09\/Industrial-Design-Styling-Header-v1.png?id=50061) !important;background-position: center !important;background-repeat: no-repeat !important;background-size: cover !important;}&#8220; el_class=&#8220;vc-row-hero-banner&#8220;][vc_column][vc_column_text el_class=&#8220;.vc-el-callout&#8220;]<\/p>\n<h1>Solid Edge for Industrial Design<\/h1>\n<p>Industriedesign wird eingesetzt, um einen Produktmehrwert zu schaffen. Optisch ansprechende Designs, die zugleich funktional und auch umsetzbar sind, verschaffen Unternehmen einen Wettbewerbsvorteil. Die erweiterten Funktionen von Solid Edge zur Erstellung und Bearbeitung von Formen erm\u00f6glichen es Ihnen, einzigartige Produkte zu entwerfen, die sich in einem umk\u00e4mpften Markt abheben.<\/p>\n<p><a class=\"action-button\" href=\"\/en\/try-now\/\"><i class=\"icon-ext\"><\/i>Testen Sie Solid Edge kostenlos<\/a>[\/vc_column_text][\/vc_column][\/vc_row][vc_row full_width=&#8220;stretch_row&#8220; el_class=&#8220;vc-row-shoutbox&#8220; css=&#8220;.vc_custom_1524241646732{background-color: #003750 !important;}&#8220;][vc_column width=&#8220;1\/3&#8243;][vc_single_image image=&#8220;21776&#8243; img_size=&#8220;full&#8220; alignment=&#8220;center&#8220;][\/vc_column][vc_column width=&#8220;2\/3&#8243;][vc_column_text el_class=&#8220;vc-el-lead-in&#8220;]E-Book<\/p>\n<h2>Best Practices f\u00fcr die Gestaltung komplexer Formen<\/h2>\n<p>Computer-aided Design (CAD) ist das ultimative Medium f\u00fcr die Kommunikation von Konzepten, allerdings k\u00f6nnen komplexe Formen f\u00fcr viele Konstrukteure eine Herausforderung darstellen. In diesem E-Book stellen wir Ihnen einige universelle Prinzipien f\u00fcr die Gestaltung komplexer Formen vor, die Sie in Ihren Projekten anwenden k\u00f6nnen.<\/p>\n<p><a class=\"action-button\" href=\"https:\/\/solidedge.siemens.com\/en\/resource\/ebook\/best-practices-in-complex-shape-design\/\" target=\"_blank\" rel=\"noopener\"><i class=\"icon-ext\"><\/i>Jetzt herunterladen<\/a>[\/vc_column_text][\/vc_column][\/vc_row][vc_row][vc_column][vc_column_text el_class=&#8220;vc-el-lead-in&#8220;]Funktionen<\/p>\n<h2>\u00c4sthetisch ansprechende Produkte entwickeln<\/h2>\n<p>Ein \u00e4sthetisch ansprechendes Produkt kann bei den Kunden eine emotionale Reaktion ausl\u00f6sen, was Herstellern erm\u00f6glicht, Premiumpreise zu erzielen und die Kundentreue zu f\u00f6rdern. Doch die Gestaltung komplexer Formen kann selbst f\u00fcr die erfahrenste Fachkraft eine Herausforderung sein. Solid Edge bietet Funktionen f\u00fcr die Erstellung, Bearbeitung und \u00dcberpr\u00fcfung von Formen, die es auch Anf\u00e4ngern erm\u00f6glichen, schnell und einfach komplexe Freiformfl\u00e4chen zu erstellen und zu visualisieren.[\/vc_column_text][vc_row_inner el_class=&#8220;vc-row-image-teasers&#8220;][vc_column_inner width=&#8220;1\/2&#8243;][vc_single_image image=&#8220;50108&#8243; img_size=&#8220;full&#8220; alignment=&#8220;center&#8220; onclick=&#8220;custom_link&#8220;][vc_column_text]<\/p>\n<h3><a href=\"https:\/\/solidedge.siemens.com\/de\/solutions\/products\/3d-design\/industrial-design-software\/3d-rendering\/\">3D-Rendering<\/a><\/h3>\n<p>Generieren Sie fotorealistische Bilder, um Konstruktionen zu kommunizieren und Feedback einzuholen, bevor Sie kostspielige Prototypen herstellen.[\/vc_column_text][\/vc_column_inner][vc_column_inner width=&#8220;1\/2&#8243;][vc_single_image image=&#8220;50129&#8243; img_size=&#8220;full&#8220; alignment=&#8220;center&#8220; onclick=&#8220;custom_link&#8220;][vc_column_text]<\/p>\n<h3><a href=\"https:\/\/solidedge.siemens.com\/de\/solutions\/products\/3d-design\/industrial-design-software\/subdivision-modeling\/\">Subdivision Modeling<\/a><\/h3>\n<p>Die intuitive Freiform-Modellierungstechnik hilft Ihnen, einzigartige Produkte zu entwickeln, die auf organischen Formen basieren.[\/vc_column_text][\/vc_column_inner][\/vc_row_inner][\/vc_column][\/vc_row][vc_row full_width=&#8220;stretch_row&#8220; el_class=&#8220;vc-row-image-story-overview&#8220; css=&#8220;.vc_custom_1524848429910{background-color: #ebf0f4 !important;}&#8220;][vc_column][vc_row_inner][vc_column_inner width=&#8220;2\/3&#8243; offset=&#8220;vc_col-md-6&#8243;][vc_column_text el_class=&#8220;vc-el-lead-in&#8220;]Kunden-Highlight<\/p>\n<h2>Innovation durch erlebnisorientiertes Produktdesign vorantreiben<\/h2>\n<p>The Fuel, ein in Gro\u00dfbritannien ans\u00e4ssiges Beratungsunternehmen f\u00fcr Industriedesign, das sich auf das Design physischer Produkte f\u00fcr f\u00fchrende Marken und Technologieunternehmen spezialisiert hat, setzt Solid Edge ein, um das visuelle Erscheinungsbild, die physischen Interaktionen und alle anderen Aspekte des Produkterlebnisses zu entwerfen und dabei die Bed\u00fcrfnisse des menschlichen Verhaltens, der Technologie und des Marketings zu ber\u00fccksichtigen.<\/p>\n<p style=\"text-align: left;\"><a class=\"secondary-button\" href=\"https:\/\/blogs.sw.siemens.com\/solidedge\/startup-spotlight-solid-edge-fuels-next-generation-industrial-design\/\" target=\"_blank\" rel=\"noopener\"><i class=\"icon-ext\"><\/i>Mehr erfahren<\/a><\/p>\n<p>[\/vc_column_text][\/vc_column_inner][vc_column_inner width=&#8220;1\/3&#8243; offset=&#8220;vc_col-md-6&#8243;][vc_single_image image=&#8220;52121&#8243; img_size=&#8220;medium&#8220; alignment=&#8220;center&#8220;][\/vc_column_inner][\/vc_row_inner][\/vc_column][\/vc_row][vc_row full_width=&#8220;stretch_row&#8220; el_class=&#8220;vc-row-free-software&#8220; css=&#8220;.vc_custom_1542723573593{background-color: #006486 !important;}&#8220;][vc_column][vc_column_text el_class=&#8220;vc-el-lead-in&#8220;]Angebote<\/p>\n<h2>Kostenlose 3D-CAD-Konstruktionssoftware<\/h2>\n<p>[\/vc_column_text][vc_row_inner equal_height=&#8220;yes&#8220;][vc_column_inner width=&#8220;1\/2&#8243; offset=&#8220;vc_col-md-5&#8243;]<div class=\"wpb_content_block wpb_content_element\"><div class=\"wpb_wrapper\"><div class=\"content_block\" id=\"custom_post_widget-419\"><p>[vc_row][vc_column][vc_column_text]<\/p>\n<h3>Kostenlose Software f\u00fcr Ihr Start-up<\/h3>\n<p>Wenn Sie ein junges, d.\u00a0h. ein vor weniger als drei Jahren gegr\u00fcndetes Start-up-Unternehmen f\u00fchren, k\u00f6nnen Sie sich jetzt f\u00fcr ein kostenloses Solid Edge-Jahresabo bewerben. Ohne Anmeldegeb\u00fchr![\/vc_column_text][vc_column_text]<a class=\"action-button\" href=\"https:\/\/www.plm.automation.siemens.com\/global\/de\/topic\/solid-edge-for-startups\/8335\"><i class=\"icon-ext\"><\/i>Jetzt bewerben<\/a>[\/vc_column_text][\/vc_column][\/vc_row]<\/p>\n<\/div><\/div><\/div>[\/vc_column_inner][vc_column_inner width=&#8220;1\/2&#8243; offset=&#8220;vc_col-md-offset-2 vc_col-md-5&#8243;]<div class=\"wpb_content_block wpb_content_element\"><div class=\"wpb_wrapper\"><div class=\"content_block\" id=\"custom_post_widget-420\"><p>[vc_row][vc_column][vc_column_text]<\/p>\n<h3>Laden Sie die kostenlose Solid Edge-Lizenz f\u00fcr Studenten herunter<\/h3>\n<p>Eignen Sie sich die F\u00e4higkeiten an, die Sie ben\u00f6tigen \u2013 mit der Solid Edge Student Edition, einer kostenlosen Version der benutzerfreundlichen Softwaresuite, die auch von professionellen Anwendern eingesetzt wird.<br \/>\n[\/vc_column_text][vc_column_text]<a class=\"action-button\" href=\"https:\/\/www.plm.automation.siemens.com\/plmapp\/education\/solid-edge\/de_de\/free-software\/student\"><i class=\"icon-ext\"><\/i>Jetzt herunterladen<\/a>[\/vc_column_text][\/vc_column][\/vc_row]<\/p>\n<\/div><\/div><\/div>[\/vc_column_inner][\/vc_row_inner][\/vc_column][\/vc_row][vc_row full_width=&#8220;stretch_row&#8220; el_class=&#8220;vc-row-related-content&#8220; css=&#8220;.vc_custom_1524184785822{background-color: #347eb5 !important;}&#8220;][vc_column][vc_column_text]<\/p>\n<h2>\u00c4hnliche Inhalte<\/h2>\n<p>[\/vc_column_text]<div id=\"ult-carousel-178338680469deb9ab6de43\" class=\"ult-carousel-wrapper  vc-el-carousel-related-content ult_horizontal\" data-gutter=\"0\" data-rtl=\"false\" ><div class=\"ult-carousel-200265969869deb9ab6de25 \" >[vc_column_text]<a href=\"https:\/\/solidedge.siemens.com\/en\/resource\/ebook\/subdivision-modeling\/\">E-Book \u2013 Gestaltung komplexer Formen f\u00fcr Konsumg\u00fcter<\/a>[\/vc_column_text][vc_column_text]<a href=\"https:\/\/solidedge.siemens.com\/en\/resource\/ebook\/best-practices-in-complex-shape-design\/\">E-Book Best Practices f\u00fcr die Gestaltung komplexer Formen<\/a>[\/vc_column_text][vc_column_text]<a href=\"https:\/\/solidedge.siemens.com\/de\/resources\/tutorials\/\">Solid Edge-Tutorials<\/a>[\/vc_column_text][vc_column_text]<a href=\"https:\/\/community.sw.siemens.com\/s\/topic\/0TO4O000000MihiWAC\/solid-edge\">Solid Edge-Community<\/a>[\/vc_column_text]<\/div><\/div>\t\t\t<script type=\"text\/javascript\">\r\n\t\t\t\tjQuery(document).ready(function ($) {\r\n\t\t\t\t\tif( typeof jQuery('.ult-carousel-200265969869deb9ab6de25').slick == \"function\"){\r\n\t\t\t\t\t\t$('.ult-carousel-200265969869deb9ab6de25').slick({dots: true,autoplaySpeed: 5000,speed: 500,infinite: false,arrows: true,nextArrow: '<button type=\"button\" role=\"button\" aria-label=\"Next\" style=\"color:#ffffff; font-size:30px;background:rgba(255,255,255,0.2);\" class=\"slick-next square-bg\"><i class=\"ultsl-arrow-right6\"><\/i><\/button>',prevArrow: '<button type=\"button\" role=\"button\" aria-label=\"Previous\" style=\"color:#ffffff; font-size:30px;background:rgba(255,255,255,0.2);\" class=\"slick-prev square-bg\"><i class=\"ultsl-arrow-left6\"><\/i><\/button>',slidesToScroll:4,slidesToShow:4,swipe: true,draggable: true,touchMove: true,pauseOnHover: true,pauseOnFocus: false,responsive: [\r\n\t\t\t\t\t\t\t{\r\n\t\t\t\t\t\t\t  breakpoint: 1026,\r\n\t\t\t\t\t\t\t  settings: {\r\n\t\t\t\t\t\t\t\tslidesToShow: 4,\r\n\t\t\t\t\t\t\t\tslidesToScroll: 4,  \r\n\t\t\t\t\t\t\t  }\r\n\t\t\t\t\t\t\t},\r\n\t\t\t\t\t\t\t{\r\n\t\t\t\t\t\t\t  breakpoint: 1025,\r\n\t\t\t\t\t\t\t  settings: {\r\n\t\t\t\t\t\t\t\tslidesToShow: 2,\r\n\t\t\t\t\t\t\t\tslidesToScroll: 2\r\n\t\t\t\t\t\t\t  }\r\n\t\t\t\t\t\t\t},\r\n\t\t\t\t\t\t\t{\r\n\t\t\t\t\t\t\t  breakpoint: 760,\r\n\t\t\t\t\t\t\t  settings: {\r\n\t\t\t\t\t\t\t\tslidesToShow: 1,\r\n\t\t\t\t\t\t\t\tslidesToScroll: 1\r\n\t\t\t\t\t\t\t  }\r\n\t\t\t\t\t\t\t}\r\n\t\t\t\t\t\t],pauseOnDotsHover: true,customPaging: function(slider, i) {\r\n                   return '<i type=\"button\" style= \"color:#ffffff;\" class=\"ultsl-record\" data-role=\"none\"><\/i>';\r\n                },});\r\n\t\t\t\t\t}\r\n\t\t\t\t});\r\n\t\t\t<\/script>\r\n\t\t\t[\/vc_column][\/vc_row]<\/p>\n","protected":false},"excerpt":{"rendered":"<p> Solid Edge for Industrial Design Industriedesign wird eingesetzt, um einen Produktmehrwert zu schaffen. Optisch ansprechende Designs, die zugleich funktional und auch umsetzbar sind, verschaffen Unternehmen einen Wettbewerbsvorteil. Die erweiterten Funktionen von Solid Edge zur Erstellung und Bearbeitung von Formen [&hellip;]<\/p>\n","protected":false},"author":44,"featured_media":0,"parent":2736,"menu_order":5,"comment_status":"closed","ping_status":"closed","template":"","meta":{"inline_featured_image":false},"yoast_head":"<!-- This site is optimized with the Yoast SEO plugin v18.4.1 - https:\/\/yoast.com\/wordpress\/plugins\/seo\/ -->\n<title>Industrial Design Software l Solid Edge l Siemens<\/title>\n<meta name=\"description\" content=\"Durch die erweiterten Funktionen von Solid Edge zur Erstellung und Bearbeitung von Formen sind Sie in der Lage, einzigartige Produkte zu entwerfen, die sich in einem umk\u00e4mpften Markt abheben.\" \/>\n<meta name=\"robots\" content=\"index, follow, max-snippet:-1, max-image-preview:large, max-video-preview:-1\" \/>\n<link rel=\"canonical\" href=\"https:\/\/solidedge.siemens.com\/de\/solutions\/products\/3d-design\/industrial-design-software\/\" \/>\n<meta property=\"og:locale\" content=\"de_DE\" \/>\n<meta property=\"og:type\" content=\"article\" \/>\n<meta property=\"og:title\" content=\"Industrial Design Software l Solid Edge l Siemens\" \/>\n<meta property=\"og:description\" content=\"Durch die erweiterten Funktionen von Solid Edge zur Erstellung und Bearbeitung von Formen sind Sie in der Lage, einzigartige Produkte zu entwerfen, die sich in einem umk\u00e4mpften Markt abheben.\" \/>\n<meta property=\"og:url\" content=\"https:\/\/solidedge.siemens.com\/de\/solutions\/products\/3d-design\/industrial-design-software\/\" \/>\n<meta property=\"og:site_name\" content=\"Solid Edge\" \/>\n<meta property=\"article:publisher\" content=\"https:\/\/www.facebook.com\/solidedge\" \/>\n<meta property=\"article:modified_time\" content=\"2022-12-03T14:00:58+00:00\" \/>\n<meta name=\"twitter:card\" content=\"summary_large_image\" \/>\n<meta name=\"twitter:site\" content=\"@siemensplm\" \/>\n<meta name=\"twitter:label1\" content=\"Gesch\u00e4tzte Lesezeit\" \/>\n\t<meta name=\"twitter:data1\" content=\"2 Minuten\" \/>\n<script type=\"application\/ld+json\" class=\"yoast-schema-graph\">{\"@context\":\"https:\/\/schema.org\",\"@graph\":[{\"@type\":\"Organization\",\"@id\":\"https:\/\/solidedge.siemens.com\/en\/#organization\",\"name\":\"Siemens Digital Industries Software\",\"url\":\"https:\/\/solidedge.siemens.com\/en\/\",\"sameAs\":[\"https:\/\/www.facebook.com\/solidedge\",\"https:\/\/www.instagram.com\/siemens\/\",\"https:\/\/www.linkedin.com\/company\/siemens-plm-software\",\"https:\/\/www.youtube.com\/user\/PolarionSoftware\",\"https:\/\/twitter.com\/siemensplm\"],\"logo\":{\"@type\":\"ImageObject\",\"@id\":\"https:\/\/solidedge.siemens.com\/en\/#logo\",\"inLanguage\":\"de-DE\",\"url\":\"https:\/\/solidedge.siemens.com\/wp-content\/uploads\/2018\/04\/logo-siemens-ifl@2x.png\",\"contentUrl\":\"https:\/\/solidedge.siemens.com\/wp-content\/uploads\/2018\/04\/logo-siemens-ifl@2x.png\",\"width\":640,\"height\":270,\"caption\":\"Siemens Digital Industries Software\"},\"image\":{\"@id\":\"https:\/\/solidedge.siemens.com\/en\/#logo\"}},{\"@type\":\"WebSite\",\"@id\":\"https:\/\/solidedge.siemens.com\/en\/#website\",\"url\":\"https:\/\/solidedge.siemens.com\/en\/\",\"name\":\"Solid Edge\",\"description\":\"Siemens Software\",\"publisher\":{\"@id\":\"https:\/\/solidedge.siemens.com\/en\/#organization\"},\"potentialAction\":[{\"@type\":\"SearchAction\",\"target\":{\"@type\":\"EntryPoint\",\"urlTemplate\":\"https:\/\/solidedge.siemens.com\/en\/?s={search_term_string}\"},\"query-input\":\"required name=search_term_string\"}],\"inLanguage\":\"de-DE\"},{\"@type\":\"WebPage\",\"@id\":\"https:\/\/solidedge.siemens.com\/de\/solutions\/products\/3d-design\/industrial-design-software\/#webpage\",\"url\":\"https:\/\/solidedge.siemens.com\/de\/solutions\/products\/3d-design\/industrial-design-software\/\",\"name\":\"Industrial Design Software l Solid Edge l Siemens\",\"isPartOf\":{\"@id\":\"https:\/\/solidedge.siemens.com\/en\/#website\"},\"datePublished\":\"2021-11-15T15:42:34+00:00\",\"dateModified\":\"2022-12-03T14:00:58+00:00\",\"description\":\"Durch die erweiterten Funktionen von Solid Edge zur Erstellung und Bearbeitung von Formen sind Sie in der Lage, einzigartige Produkte zu entwerfen, die sich in einem umk\u00e4mpften Markt abheben.\",\"breadcrumb\":{\"@id\":\"https:\/\/solidedge.siemens.com\/de\/solutions\/products\/3d-design\/industrial-design-software\/#breadcrumb\"},\"inLanguage\":\"de-DE\",\"potentialAction\":[{\"@type\":\"ReadAction\",\"target\":[\"https:\/\/solidedge.siemens.com\/de\/solutions\/products\/3d-design\/industrial-design-software\/\"]}]},{\"@type\":\"BreadcrumbList\",\"@id\":\"https:\/\/solidedge.siemens.com\/de\/solutions\/products\/3d-design\/industrial-design-software\/#breadcrumb\",\"itemListElement\":[{\"@type\":\"ListItem\",\"position\":1,\"name\":\"Home\",\"item\":\"https:\/\/solidedge.siemens.com\/en\/home-7\/\"},{\"@type\":\"ListItem\",\"position\":2,\"name\":\"L&ouml;sungen\",\"item\":\"https:\/\/solidedge.siemens.com\/de\/solutions\/\"},{\"@type\":\"ListItem\",\"position\":3,\"name\":\"Produkte\",\"item\":\"https:\/\/solidedge.siemens.com\/de\/solutions\/products\/\"},{\"@type\":\"ListItem\",\"position\":4,\"name\":\"3D-Konstruktion\",\"item\":\"https:\/\/solidedge.siemens.com\/de\/solutions\/products\/3d-design\/\"},{\"@type\":\"ListItem\",\"position\":5,\"name\":\"Industriedesign und Styling\"}]}]}<\/script>\n<!-- \/ Yoast SEO plugin. -->","yoast_head_json":{"title":"Industrial Design Software l Solid Edge l Siemens","description":"Durch die erweiterten Funktionen von Solid Edge zur Erstellung und Bearbeitung von Formen sind Sie in der Lage, einzigartige Produkte zu entwerfen, die sich in einem umk\u00e4mpften Markt abheben.","robots":{"index":"index","follow":"follow","max-snippet":"max-snippet:-1","max-image-preview":"max-image-preview:large","max-video-preview":"max-video-preview:-1"},"canonical":"https:\/\/solidedge.siemens.com\/de\/solutions\/products\/3d-design\/industrial-design-software\/","og_locale":"de_DE","og_type":"article","og_title":"Industrial Design Software l Solid Edge l Siemens","og_description":"Durch die erweiterten Funktionen von Solid Edge zur Erstellung und Bearbeitung von Formen sind Sie in der Lage, einzigartige Produkte zu entwerfen, die sich in einem umk\u00e4mpften Markt abheben.","og_url":"https:\/\/solidedge.siemens.com\/de\/solutions\/products\/3d-design\/industrial-design-software\/","og_site_name":"Solid Edge","article_publisher":"https:\/\/www.facebook.com\/solidedge","article_modified_time":"2022-12-03T14:00:58+00:00","twitter_card":"summary_large_image","twitter_site":"@siemensplm","twitter_misc":{"Gesch\u00e4tzte Lesezeit":"2 Minuten"},"schema":{"@context":"https:\/\/schema.org","@graph":[{"@type":"Organization","@id":"https:\/\/solidedge.siemens.com\/en\/#organization","name":"Siemens Digital Industries Software","url":"https:\/\/solidedge.siemens.com\/en\/","sameAs":["https:\/\/www.facebook.com\/solidedge","https:\/\/www.instagram.com\/siemens\/","https:\/\/www.linkedin.com\/company\/siemens-plm-software","https:\/\/www.youtube.com\/user\/PolarionSoftware","https:\/\/twitter.com\/siemensplm"],"logo":{"@type":"ImageObject","@id":"https:\/\/solidedge.siemens.com\/en\/#logo","inLanguage":"de-DE","url":"https:\/\/solidedge.siemens.com\/wp-content\/uploads\/2018\/04\/logo-siemens-ifl@2x.png","contentUrl":"https:\/\/solidedge.siemens.com\/wp-content\/uploads\/2018\/04\/logo-siemens-ifl@2x.png","width":640,"height":270,"caption":"Siemens Digital Industries Software"},"image":{"@id":"https:\/\/solidedge.siemens.com\/en\/#logo"}},{"@type":"WebSite","@id":"https:\/\/solidedge.siemens.com\/en\/#website","url":"https:\/\/solidedge.siemens.com\/en\/","name":"Solid Edge","description":"Siemens Software","publisher":{"@id":"https:\/\/solidedge.siemens.com\/en\/#organization"},"potentialAction":[{"@type":"SearchAction","target":{"@type":"EntryPoint","urlTemplate":"https:\/\/solidedge.siemens.com\/en\/?s={search_term_string}"},"query-input":"required name=search_term_string"}],"inLanguage":"de-DE"},{"@type":"WebPage","@id":"https:\/\/solidedge.siemens.com\/de\/solutions\/products\/3d-design\/industrial-design-software\/#webpage","url":"https:\/\/solidedge.siemens.com\/de\/solutions\/products\/3d-design\/industrial-design-software\/","name":"Industrial Design Software l Solid Edge l Siemens","isPartOf":{"@id":"https:\/\/solidedge.siemens.com\/en\/#website"},"datePublished":"2021-11-15T15:42:34+00:00","dateModified":"2022-12-03T14:00:58+00:00","description":"Durch die erweiterten Funktionen von Solid Edge zur Erstellung und Bearbeitung von Formen sind Sie in der Lage, einzigartige Produkte zu entwerfen, die sich in einem umk\u00e4mpften Markt abheben.","breadcrumb":{"@id":"https:\/\/solidedge.siemens.com\/de\/solutions\/products\/3d-design\/industrial-design-software\/#breadcrumb"},"inLanguage":"de-DE","potentialAction":[{"@type":"ReadAction","target":["https:\/\/solidedge.siemens.com\/de\/solutions\/products\/3d-design\/industrial-design-software\/"]}]},{"@type":"BreadcrumbList","@id":"https:\/\/solidedge.siemens.com\/de\/solutions\/products\/3d-design\/industrial-design-software\/#breadcrumb","itemListElement":[{"@type":"ListItem","position":1,"name":"Home","item":"https:\/\/solidedge.siemens.com\/en\/home-7\/"},{"@type":"ListItem","position":2,"name":"L&ouml;sungen","item":"https:\/\/solidedge.siemens.com\/de\/solutions\/"},{"@type":"ListItem","position":3,"name":"Produkte","item":"https:\/\/solidedge.siemens.com\/de\/solutions\/products\/"},{"@type":"ListItem","position":4,"name":"3D-Konstruktion","item":"https:\/\/solidedge.siemens.com\/de\/solutions\/products\/3d-design\/"},{"@type":"ListItem","position":5,"name":"Industriedesign und Styling"}]}]}},"_links":{"self":[{"href":"https:\/\/solidedge.siemens.com\/de\/wp-json\/wp\/v2\/pages\/49961"}],"collection":[{"href":"https:\/\/solidedge.siemens.com\/de\/wp-json\/wp\/v2\/pages"}],"about":[{"href":"https:\/\/solidedge.siemens.com\/de\/wp-json\/wp\/v2\/types\/page"}],"author":[{"embeddable":true,"href":"https:\/\/solidedge.siemens.com\/de\/wp-json\/wp\/v2\/users\/44"}],"replies":[{"embeddable":true,"href":"https:\/\/solidedge.siemens.com\/de\/wp-json\/wp\/v2\/comments?post=49961"}],"version-history":[{"count":10,"href":"https:\/\/solidedge.siemens.com\/de\/wp-json\/wp\/v2\/pages\/49961\/revisions"}],"predecessor-version":[{"id":65885,"href":"https:\/\/solidedge.siemens.com\/de\/wp-json\/wp\/v2\/pages\/49961\/revisions\/65885"}],"up":[{"embeddable":true,"href":"https:\/\/solidedge.siemens.com\/de\/wp-json\/wp\/v2\/pages\/2736"}],"wp:attachment":[{"href":"https:\/\/solidedge.siemens.com\/de\/wp-json\/wp\/v2\/media?parent=49961"}],"curies":[{"name":"wp","href":"https:\/\/api.w.org\/{rel}","templated":true}]}}