{"id":49007,"date":"2021-11-15T10:46:10","date_gmt":"2021-11-15T15:46:10","guid":{"rendered":"https:\/\/solidedge.siemens.com\/?page_id=49007"},"modified":"2021-11-15T10:46:23","modified_gmt":"2021-11-15T15:46:23","slug":"simcenter-flomaster-for-solid-edge","status":"publish","type":"page","link":"https:\/\/solidedge.siemens.com\/de\/solutions\/products\/simulation\/simcenter-flomaster-for-solid-edge\/","title":{"rendered":"Simcenter Flomaster f&uuml;r Solid Edge"},"content":{"rendered":"<p>[vc_row full_width=&#8220;stretch_row&#8220; full_height=&#8220;yes&#8220; content_placement=&#8220;middle&#8220; css=&#8220;.vc_custom_1632140129169{background: #a6a6a6 url(https:\/\/solidedge.siemens.com\/wp-content\/uploads\/2021\/09\/computer-user-woman-solid-edge-sehero-1920&#215;873-1.jpg?id=49459) !important;background-position: center !important;background-repeat: no-repeat !important;background-size: cover !important;}&#8220; el_class=&#8220;vc-row-hero-banner&#8220;][vc_column][vc_column_text el_class=&#8220;.vc-el-callout&#8220;]<\/p>\n<h1>Simcenter Flomaster f&uuml;r Solid Edge<\/h1>\n<p>Simcenter Flomaster f&uuml;r Solid Edge erm&ouml;glicht Ihnen die einfache Modellierung und Analyse der Fluid- und W&auml;rmestr&ouml;me in Rohrleitungssystemen. Der optimierte Workflow erm&ouml;glicht die schnelle Berechnung und Visualisierung von Str&ouml;mungsgeschwindigkeit, Temperatur und Druckabfall in Rohrleitungssystemen in einer 1D-Umgebung durch automatische Erstellung eines Simulationsmodells aus 3D-Geometrien. Mit der erstklassigen Thermofluid-Simulationsfunktion sind Sie in der Lage, Thermofluid-Rohrleitungssysteme bereits in der Konstruktionsphase zu dimensionieren und abzugleichen und verschiedene Betriebsbedingungen zu modellieren, um die maximale Betriebseffizienz und Sicherheit zu best&auml;tigen.<\/p>\n<p><a class=\"action-button\" href=\"\/en\/try-now\/\"><i class=\"icon-ext\"><\/i>Kostenlose Solid Edge-Testversion<\/a>[\/vc_column_text][\/vc_column][\/vc_row][vc_row][vc_column][vc_column_text el_class=&#8220;vc-el-lead-in&#8220;]Funktionen<\/p>\n<h2>Erstklassige Thermofluid-Simulation<\/h2>\n<p>Nutzen Sie die Simulation f&uuml;r die Konstruktion schnellerer und besserer Rohrleitungssysteme[\/vc_column_text][vc_row_inner el_class=&#8220;vc-row-image-teasers&#8220;][vc_column_inner width=&#8220;1\/3&#8243;][vc_single_image image=&#8220;51146&#8243; img_size=&#8220;full&#8220;][vc_column_text]<\/p>\n<h3>1D-Umgebung rationalisiert Workflow<\/h3>\n<p>Simcenter Flomaster f&uuml;r Solid Edge erm&ouml;glicht die schnelle Berechnung und Visualisierung von Str&ouml;mungsgeschwindigkeit, Temperatur und Druckabfall in Rohrleitungssystemen in einer 1D-Umgebung. Sein optimierter Workflow erstellt automatisch ein Simulationsmodell aus 3D-CAD-Geometrien, die die zur Entwicklung eines Simulationsmodells erforderliche Zeit um bis zu 90 Prozent reduzieren k&ouml;nnen.[\/vc_column_text][\/vc_column_inner][vc_column_inner width=&#8220;1\/3&#8243;][vc_single_image image=&#8220;51133&#8243; img_size=&#8220;full&#8220;][vc_column_text]<\/p>\n<h3>Automatisch 3D-Geometrien extrahieren<\/h3>\n<p>Simcenter Flomaster f&uuml;r Solid Edge automatisiert die Generierung von Modellen auf Systemebene direkt aus der 3D-Geometrie. Abstrahieren Sie einfach die 3D-Geometrie in Solid Edge und das Simulationsmodell wird automatisch erstellt und kann in Simcenter Flomaster f&uuml;r Solid Edge ausgef&uuml;hrt werden. An dem Modell k&ouml;nnen statische und dynamische Analysen durchgef&uuml;hrt werden, um die Leistung des Rohrleitungssystems zu bewerten. Die Analysen umfassen das dynamische Systemverhalten und die Dimensionierung der Komponenten.[\/vc_column_text][\/vc_column_inner][vc_column_inner width=&#8220;1\/3&#8243;][vc_single_image image=&#8220;51120&#8243; img_size=&#8220;full&#8220;][vc_column_text]<\/p>\n<h3>Integrierte Assistenten<\/h3>\n<p>Mit den integrierten Assistenten ist Simcenter Flomaster f&uuml;r Solid Edge f&uuml;r Einsteiger leicht zu bedienen, eignet sich aber dank seiner hoch entwickelten Funktionen wie der Simulation schneller dynamischer Ereignisse und Druckst&ouml;&szlig;e auch f&uuml;r Simulationsexperten.[\/vc_column_text][\/vc_column_inner][\/vc_row_inner][vc_row_inner][vc_column_inner][vc_column_text css=&#8220;.vc_custom_1632933182422{margin-top: 0px !important;margin-bottom: 0px !important;border-top-width: 0px !important;border-bottom-width: 0px !important;padding-top: 0px !important;padding-bottom: 0px !important;}&#8220;]<\/p>\n<p style=\"text-align: right;\"><a class=\"action-button transparent\" href=\"https:\/\/solidedge.siemens.com\/wp-content\/uploads\/2021\/09\/Siemens-SW-Simcenter-Flomaster-for-Solid-Edge-FS-84069-D4-1.pdf\" target=\"_blank\" rel=\"noopener\"><i class=\"icon-ext\"><\/i>Datenblatt zu Simcenter Flomaster f&uuml;r Solid Edge herunterladen<\/a><\/p>\n<p>[\/vc_column_text][\/vc_column_inner][\/vc_row_inner][\/vc_column][\/vc_row][vc_row full_width=&#8220;stretch_row&#8220; el_class=&#8220;vc-row-free-software&#8220; css=&#8220;.vc_custom_1523912493378{background-color: #006486 !important;}&#8220;][vc_column][vc_column_text el_class=&#8220;vc-el-lead-in&#8220;]Angebote<\/p>\n<h2>Kostenlose 3D-CAD-Konstruktionssoftware<\/h2>\n<p>[\/vc_column_text][vc_row_inner equal_height=&#8220;yes&#8220;][vc_column_inner width=&#8220;1\/2&#8243; offset=&#8220;vc_col-md-5&#8243;]<div class=\"wpb_content_block wpb_content_element\"><div class=\"wpb_wrapper\"><div class=\"content_block\" id=\"custom_post_widget-418\"><p>[vc_row][vc_column][vc_column_text]<\/p>\n<h3>Solid Edge kostenlos testen<\/h3>\n<p>Erhalten Sie sofortigen Zugriff auf eine kostenlose Testversion von Solid Edge und probieren Sie es selbst.[\/vc_column_text][vc_column_text]<a class=\"action-button\" href=\"\/de\/try-now\/\"><i class=\"icon-ext\"><\/i>Jetzt starten<\/a>[\/vc_column_text][\/vc_column][\/vc_row]<\/p>\n<\/div><\/div><\/div>[\/vc_column_inner][vc_column_inner width=&#8220;1\/2&#8243; offset=&#8220;vc_col-md-offset-2 vc_col-md-5&#8243;]<div class=\"wpb_content_block wpb_content_element\"><div class=\"wpb_wrapper\"><div class=\"content_block\" id=\"custom_post_widget-419\"><p>[vc_row][vc_column][vc_column_text]<\/p>\n<h3>Kostenlose Software f\u00fcr Ihr Start-up<\/h3>\n<p>Wenn Sie ein junges, d.\u00a0h. ein vor weniger als drei Jahren gegr\u00fcndetes Start-up-Unternehmen f\u00fchren, k\u00f6nnen Sie sich jetzt f\u00fcr ein kostenloses Solid Edge-Jahresabo bewerben. Ohne Anmeldegeb\u00fchr![\/vc_column_text][vc_column_text]<a class=\"action-button\" href=\"https:\/\/www.plm.automation.siemens.com\/global\/de\/topic\/solid-edge-for-startups\/8335\"><i class=\"icon-ext\"><\/i>Jetzt bewerben<\/a>[\/vc_column_text][\/vc_column][\/vc_row]<\/p>\n<\/div><\/div><\/div>[\/vc_column_inner][\/vc_row_inner][\/vc_column][\/vc_row][vc_row full_width=&#8220;stretch_row&#8220; el_class=&#8220;vc-row-video-highlight&#8220; css=&#8220;.vc_custom_1632140521520{margin-top: 0px !important;border-top-width: 0px !important;padding-top: 0px !important;}&#8220;][vc_column][vc_column_text el_class=&#8220;vc-el-lead-in&#8220;]Video<\/p>\n<h2>Verbessern Sie den Konstruktionsfluss des Rohrleitungssystems<\/h2>\n<p>Beschleunigen Sie Simulationsstudien mit automatisierten Prozessen, die die Konstruktionsleistung validieren und die Thermofluid-Simulation optimieren.[\/vc_column_text]\n\n\n  <div id=\"wpv-view-layout-567-CATTR456c36b0972e60e05d7109d9fd8c69e2\" class=\"js-wpv-view-layout js-wpv-layout-responsive js-wpv-view-layout-567-CATTR456c36b0972e60e05d7109d9fd8c69e2\" data-viewnumber=\"567-CATTR456c36b0972e60e05d7109d9fd8c69e2\" data-pagination=\"{&quot;id&quot;:567,&quot;query&quot;:&quot;normal&quot;,&quot;type&quot;:&quot;disabled&quot;,&quot;effect&quot;:&quot;fade&quot;,&quot;duration&quot;:500,&quot;speed&quot;:5,&quot;pause_on_hover&quot;:&quot;disabled&quot;,&quot;stop_rollover&quot;:&quot;false&quot;,&quot;cache_pages&quot;:&quot;enabled&quot;,&quot;preload_images&quot;:&quot;enabled&quot;,&quot;preload_pages&quot;:&quot;enabled&quot;,&quot;preload_reach&quot;:1,&quot;spinner&quot;:&quot;builtin&quot;,&quot;spinner_image&quot;:&quot;https:\/\/solidedge.siemens.com\/wp-content\/plugins\/wp-views\/embedded\/res\/img\/ajax-loader.gif&quot;,&quot;callback_next&quot;:&quot;&quot;,&quot;manage_history&quot;:&quot;disabled&quot;,&quot;has_controls_in_form&quot;:&quot;disabled&quot;,&quot;infinite_tolerance&quot;:&quot;0&quot;,&quot;max_pages&quot;:0,&quot;page&quot;:1,&quot;base_permalink&quot;:&quot;\/de\/wp-json\/wp\/v2\/pages\/49007?wpv_view_count=567-CATTR456c36b0972e60e05d7109d9fd8c69e2&amp;wpv_paged=WPV_PAGE_NUM&quot;,&quot;loop&quot;:{&quot;type&quot;:&quot;&quot;,&quot;name&quot;:&quot;&quot;,&quot;data&quot;:[],&quot;id&quot;:0}}\" data-permalink=\"\/de\/wp-json\/wp\/v2\/pages\/49007?wpv_view_count=567-CATTR456c36b0972e60e05d7109d9fd8c69e2\">\n\n  \n  <div class=\"wpv-resources\"><a name=\"video\" class=\"video-anchor\"><\/a>\n    <div id=\"ult-carousel-142762510769e0812ab49ae\" class=\"ult-carousel-wrapper  vc-el-carousel-videos-embedded ult_horizontal\" data-gutter=\"0\" data-rtl=\"false\" ><div class=\"ult-carousel-88473913569e0812ab498a \" >\n    \n    \n       <div><!-- slide container -->\n        <div class=\"wpv-resources-item\" data-mh=\".wpv-resources-item\">\n          <div class=\"resources-item-poster\">\n              <div id=\"wpfp_45f2a3e56a3a9b5ab986b63d2258a388\" data-item=\"{&quot;sources&quot;:&#091;{&quot;src&quot;:&quot;https:\\\/\\\/videos.mentor-cdn.com\\\/mgc\\\/videos\\\/5400\\\/739b9c54-dc3d-4f7e-9243-88c96e8fe663-en-US-video.mp4&quot;,&quot;type&quot;:&quot;video\\\/mp4&quot;}&#093;}\" class=\"flowplayer no-brand is-splash no-svg is-paused skin-slim fp-slim fp-edgy\" data-embed=\"false\" style=\"max-width: 1140px; max-height: 640px; background-image: url(https:\/\/solidedge.siemens.com\/wp-content\/uploads\/2021\/09\/739b9c54-dc3d-4f7e-9243-88c96e8fe663-en-US-thumbnail.png);\" data-ratio=\"0.5614\" data-advance=\"false\">\n\t<div class=\"fp-ratio\" style=\"padding-top: 56.14%\"><\/div>\n\t<div class=\"fp-ui\"><div class=\"fp-play fp-visible\"><a class=\"fp-icon fp-playbtn\"><\/a><\/div><\/div>\n\n<\/div>\n\n              \n          <\/div>\n        <\/div>\n      <\/div>\n    \n    \n    <\/div><\/div>\t\t\t<script type=\"text\/javascript\">\r\n\t\t\t\tjQuery(document).ready(function ($) {\r\n\t\t\t\t\tif( typeof jQuery('.ult-carousel-88473913569e0812ab498a').slick == \"function\"){\r\n\t\t\t\t\t\t$('.ult-carousel-88473913569e0812ab498a').slick({dots: true,autoplaySpeed: 5000,speed: 500,infinite: false,arrows: true,nextArrow: '<button type=\"button\" role=\"button\" aria-label=\"Next\" style=\"color:#ffffff; font-size:30px;background:rgba(47,56,60,0.5);\" class=\"slick-next square-bg\"><i class=\"ultsl-arrow-right6\"><\/i><\/button>',prevArrow: '<button type=\"button\" role=\"button\" aria-label=\"Previous\" style=\"color:#ffffff; font-size:30px;background:rgba(47,56,60,0.5);\" class=\"slick-prev square-bg\"><i class=\"ultsl-arrow-left6\"><\/i><\/button>',slidesToScroll:1,slidesToShow:1,swipe: true,draggable: true,touchMove: true,pauseOnHover: true,pauseOnFocus: false,responsive: [\r\n\t\t\t\t\t\t\t{\r\n\t\t\t\t\t\t\t  breakpoint: 1026,\r\n\t\t\t\t\t\t\t  settings: {\r\n\t\t\t\t\t\t\t\tslidesToShow: 1,\r\n\t\t\t\t\t\t\t\tslidesToScroll: 1,  \r\n\t\t\t\t\t\t\t  }\r\n\t\t\t\t\t\t\t},\r\n\t\t\t\t\t\t\t{\r\n\t\t\t\t\t\t\t  breakpoint: 1025,\r\n\t\t\t\t\t\t\t  settings: {\r\n\t\t\t\t\t\t\t\tslidesToShow: 1,\r\n\t\t\t\t\t\t\t\tslidesToScroll: 1\r\n\t\t\t\t\t\t\t  }\r\n\t\t\t\t\t\t\t},\r\n\t\t\t\t\t\t\t{\r\n\t\t\t\t\t\t\t  breakpoint: 760,\r\n\t\t\t\t\t\t\t  settings: {\r\n\t\t\t\t\t\t\t\tslidesToShow: 1,\r\n\t\t\t\t\t\t\t\tslidesToScroll: 1\r\n\t\t\t\t\t\t\t  }\r\n\t\t\t\t\t\t\t}\r\n\t\t\t\t\t\t],pauseOnDotsHover: true,customPaging: function(slider, i) {\r\n                   return '<i type=\"button\" style= \"color:#788891;\" class=\"ultsl-record\" data-role=\"none\"><\/i>';\r\n                },});\r\n\t\t\t\t\t}\r\n\t\t\t\t});\r\n\t\t\t<\/script>\r\n\t\t\t\n  <\/div>\n  \n  \n  <\/div>\n[\/vc_column][\/vc_row][vc_row full_width=&#8220;stretch_row&#8220; el_class=&#8220;vc-row-related-content&#8220; css=&#8220;.vc_custom_1524184785822{background-color: #347eb5 !important;}&#8220;][vc_column][vc_column_text]<\/p>\n<h2>&Auml;hnliche Inhalte<\/h2>\n<p>[\/vc_column_text]<div id=\"ult-carousel-36681331369e0812abd14a\" class=\"ult-carousel-wrapper  vc-el-carousel-related-content ult_horizontal\" data-gutter=\"0\" data-rtl=\"false\" ><div class=\"ult-carousel-64204576869e0812abd122 \" >[vc_column_text]<a href=\"https:\/\/solidedge.siemens.com\/wp-content\/uploads\/2021\/09\/Siemens-SW-Simcenter-Flomaster-for-Solid-Edge-FS-84069-D4-1.pdf\">Datenblatt zu Simcenter Flomaster f&uuml;r Solid Edge<\/a>[\/vc_column_text][vc_column_text]<a href=\"https:\/\/community.sw.siemens.com\/s\/topic\/0TO4O000000MihiWAC\/solid-edge\">Solid Edge-Community<\/a>[\/vc_column_text][vc_column_text]<a href=\"https:\/\/solidedge.siemens.com\/de\/resources\/tutorials\/\">Solid Edge-Tutorials<\/a>[\/vc_column_text][vc_column_text]<a href=\"https:\/\/www.youtube.com\/c\/SiemensSoftware\/playlists?view=50&amp;sort=dd&amp;shelf_id=6\">YouTube-Videos zu Solid Edge<\/a>[\/vc_column_text]<\/div><\/div>\t\t\t<script type=\"text\/javascript\">\r\n\t\t\t\tjQuery(document).ready(function ($) {\r\n\t\t\t\t\tif( typeof jQuery('.ult-carousel-64204576869e0812abd122').slick == \"function\"){\r\n\t\t\t\t\t\t$('.ult-carousel-64204576869e0812abd122').slick({dots: true,autoplaySpeed: 5000,speed: 500,infinite: false,arrows: true,nextArrow: '<button type=\"button\" role=\"button\" aria-label=\"Next\" style=\"color:#ffffff; font-size:30px;background:rgba(255,255,255,0.2);\" class=\"slick-next square-bg\"><i class=\"ultsl-arrow-right6\"><\/i><\/button>',prevArrow: '<button type=\"button\" role=\"button\" aria-label=\"Previous\" style=\"color:#ffffff; font-size:30px;background:rgba(255,255,255,0.2);\" class=\"slick-prev square-bg\"><i class=\"ultsl-arrow-left6\"><\/i><\/button>',slidesToScroll:4,slidesToShow:4,swipe: true,draggable: true,touchMove: true,pauseOnHover: true,pauseOnFocus: false,responsive: [\r\n\t\t\t\t\t\t\t{\r\n\t\t\t\t\t\t\t  breakpoint: 1026,\r\n\t\t\t\t\t\t\t  settings: {\r\n\t\t\t\t\t\t\t\tslidesToShow: 4,\r\n\t\t\t\t\t\t\t\tslidesToScroll: 4,  \r\n\t\t\t\t\t\t\t  }\r\n\t\t\t\t\t\t\t},\r\n\t\t\t\t\t\t\t{\r\n\t\t\t\t\t\t\t  breakpoint: 1025,\r\n\t\t\t\t\t\t\t  settings: {\r\n\t\t\t\t\t\t\t\tslidesToShow: 2,\r\n\t\t\t\t\t\t\t\tslidesToScroll: 2\r\n\t\t\t\t\t\t\t  }\r\n\t\t\t\t\t\t\t},\r\n\t\t\t\t\t\t\t{\r\n\t\t\t\t\t\t\t  breakpoint: 760,\r\n\t\t\t\t\t\t\t  settings: {\r\n\t\t\t\t\t\t\t\tslidesToShow: 1,\r\n\t\t\t\t\t\t\t\tslidesToScroll: 1\r\n\t\t\t\t\t\t\t  }\r\n\t\t\t\t\t\t\t}\r\n\t\t\t\t\t\t],pauseOnDotsHover: true,customPaging: function(slider, i) {\r\n                   return '<i type=\"button\" style= \"color:#ffffff;\" class=\"ultsl-record\" data-role=\"none\"><\/i>';\r\n                },});\r\n\t\t\t\t\t}\r\n\t\t\t\t});\r\n\t\t\t<\/script>\r\n\t\t\t[\/vc_column][\/vc_row][vc_row full_width=&#8220;stretch_row&#8220; el_class=&#8220;footer-contact&#8220; css=&#8220;.vc_custom_1550170708528{background-color: #dedee3 !important;}&#8220;][vc_column]<div class=\"wpb_content_block wpb_content_element\"><div class=\"wpb_wrapper\"><\/div><\/div>[\/vc_column][\/vc_row]<\/p>\n","protected":false},"excerpt":{"rendered":"<p> Simcenter Flomaster f&uuml;r Solid Edge Simcenter Flomaster f&uuml;r Solid Edge erm&ouml;glicht Ihnen die einfache Modellierung und Analyse der Fluid- und W&auml;rmestr&ouml;me in Rohrleitungssystemen. Der optimierte Workflow erm&ouml;glicht die schnelle Berechnung und Visualisierung von Str&ouml;mungsgeschwindigkeit, Temperatur und Druckabfall in Rohrleitungssystemen [&hellip;]<\/p>\n","protected":false},"author":44,"featured_media":0,"parent":2718,"menu_order":5,"comment_status":"closed","ping_status":"closed","template":"","meta":{"inline_featured_image":false},"yoast_head":"<!-- This site is optimized with the Yoast SEO plugin v18.4.1 - https:\/\/yoast.com\/wordpress\/plugins\/seo\/ -->\n<title>Simcenter Flomaster f\u00fcr Solid Edge | CFD Simulation | Siemens<\/title>\n<meta name=\"description\" content=\"Modellieren und analysieren Sie Fluid- und W\u00e4rmestr\u00f6me in Rohrleitungssystemen und optimieren Sie Ihre Simulations-Workflows mit Simcenter Flomaster f\u00fcr Solid Edge.\" \/>\n<meta name=\"robots\" content=\"index, follow, max-snippet:-1, max-image-preview:large, max-video-preview:-1\" \/>\n<link rel=\"canonical\" href=\"https:\/\/solidedge.siemens.com\/de\/solutions\/products\/simulation\/simcenter-flomaster-for-solid-edge\/\" \/>\n<meta property=\"og:locale\" content=\"de_DE\" \/>\n<meta property=\"og:type\" content=\"article\" \/>\n<meta property=\"og:title\" content=\"Simcenter Flomaster f\u00fcr Solid Edge | CFD Simulation | Siemens\" \/>\n<meta property=\"og:description\" content=\"Modellieren und analysieren Sie Fluid- und W\u00e4rmestr\u00f6me in Rohrleitungssystemen und optimieren Sie Ihre Simulations-Workflows mit Simcenter Flomaster f\u00fcr Solid Edge.\" \/>\n<meta property=\"og:url\" content=\"https:\/\/solidedge.siemens.com\/de\/solutions\/products\/simulation\/simcenter-flomaster-for-solid-edge\/\" \/>\n<meta property=\"og:site_name\" content=\"Solid Edge\" \/>\n<meta property=\"article:publisher\" content=\"https:\/\/www.facebook.com\/solidedge\" \/>\n<meta property=\"article:modified_time\" content=\"2021-11-15T15:46:23+00:00\" \/>\n<meta name=\"twitter:card\" content=\"summary_large_image\" \/>\n<meta name=\"twitter:site\" content=\"@siemensplm\" \/>\n<meta name=\"twitter:label1\" content=\"Gesch\u00e4tzte Lesezeit\" \/>\n\t<meta name=\"twitter:data1\" content=\"4 Minuten\" \/>\n<script type=\"application\/ld+json\" class=\"yoast-schema-graph\">{\"@context\":\"https:\/\/schema.org\",\"@graph\":[{\"@type\":\"Organization\",\"@id\":\"https:\/\/solidedge.siemens.com\/en\/#organization\",\"name\":\"Siemens Digital Industries Software\",\"url\":\"https:\/\/solidedge.siemens.com\/en\/\",\"sameAs\":[\"https:\/\/www.facebook.com\/solidedge\",\"https:\/\/www.instagram.com\/siemens\/\",\"https:\/\/www.linkedin.com\/company\/siemens-plm-software\",\"https:\/\/www.youtube.com\/user\/PolarionSoftware\",\"https:\/\/twitter.com\/siemensplm\"],\"logo\":{\"@type\":\"ImageObject\",\"@id\":\"https:\/\/solidedge.siemens.com\/en\/#logo\",\"inLanguage\":\"de-DE\",\"url\":\"https:\/\/solidedge.siemens.com\/wp-content\/uploads\/2018\/04\/logo-siemens-ifl@2x.png\",\"contentUrl\":\"https:\/\/solidedge.siemens.com\/wp-content\/uploads\/2018\/04\/logo-siemens-ifl@2x.png\",\"width\":640,\"height\":270,\"caption\":\"Siemens Digital Industries Software\"},\"image\":{\"@id\":\"https:\/\/solidedge.siemens.com\/en\/#logo\"}},{\"@type\":\"WebSite\",\"@id\":\"https:\/\/solidedge.siemens.com\/en\/#website\",\"url\":\"https:\/\/solidedge.siemens.com\/en\/\",\"name\":\"Solid Edge\",\"description\":\"Siemens Software\",\"publisher\":{\"@id\":\"https:\/\/solidedge.siemens.com\/en\/#organization\"},\"potentialAction\":[{\"@type\":\"SearchAction\",\"target\":{\"@type\":\"EntryPoint\",\"urlTemplate\":\"https:\/\/solidedge.siemens.com\/en\/?s={search_term_string}\"},\"query-input\":\"required name=search_term_string\"}],\"inLanguage\":\"de-DE\"},{\"@type\":\"WebPage\",\"@id\":\"https:\/\/solidedge.siemens.com\/de\/solutions\/products\/simulation\/simcenter-flomaster-for-solid-edge\/#webpage\",\"url\":\"https:\/\/solidedge.siemens.com\/de\/solutions\/products\/simulation\/simcenter-flomaster-for-solid-edge\/\",\"name\":\"Simcenter Flomaster f\u00fcr Solid Edge | CFD Simulation | Siemens\",\"isPartOf\":{\"@id\":\"https:\/\/solidedge.siemens.com\/en\/#website\"},\"datePublished\":\"2021-11-15T15:46:10+00:00\",\"dateModified\":\"2021-11-15T15:46:23+00:00\",\"description\":\"Modellieren und analysieren Sie Fluid- und W\u00e4rmestr\u00f6me in Rohrleitungssystemen und optimieren Sie Ihre Simulations-Workflows mit Simcenter Flomaster f\u00fcr Solid Edge.\",\"breadcrumb\":{\"@id\":\"https:\/\/solidedge.siemens.com\/de\/solutions\/products\/simulation\/simcenter-flomaster-for-solid-edge\/#breadcrumb\"},\"inLanguage\":\"de-DE\",\"potentialAction\":[{\"@type\":\"ReadAction\",\"target\":[\"https:\/\/solidedge.siemens.com\/de\/solutions\/products\/simulation\/simcenter-flomaster-for-solid-edge\/\"]}]},{\"@type\":\"BreadcrumbList\",\"@id\":\"https:\/\/solidedge.siemens.com\/de\/solutions\/products\/simulation\/simcenter-flomaster-for-solid-edge\/#breadcrumb\",\"itemListElement\":[{\"@type\":\"ListItem\",\"position\":1,\"name\":\"Home\",\"item\":\"https:\/\/solidedge.siemens.com\/en\/home-7\/\"},{\"@type\":\"ListItem\",\"position\":2,\"name\":\"L&ouml;sungen\",\"item\":\"https:\/\/solidedge.siemens.com\/de\/solutions\/\"},{\"@type\":\"ListItem\",\"position\":3,\"name\":\"Produkte\",\"item\":\"https:\/\/solidedge.siemens.com\/de\/solutions\/products\/\"},{\"@type\":\"ListItem\",\"position\":4,\"name\":\"Simulation\",\"item\":\"https:\/\/solidedge.siemens.com\/de\/solutions\/products\/simulation\/\"},{\"@type\":\"ListItem\",\"position\":5,\"name\":\"Simcenter Flomaster f&uuml;r Solid Edge\"}]}]}<\/script>\n<!-- \/ Yoast SEO plugin. -->","yoast_head_json":{"title":"Simcenter Flomaster f\u00fcr Solid Edge | CFD Simulation | Siemens","description":"Modellieren und analysieren Sie Fluid- und W\u00e4rmestr\u00f6me in Rohrleitungssystemen und optimieren Sie Ihre Simulations-Workflows mit Simcenter Flomaster f\u00fcr Solid Edge.","robots":{"index":"index","follow":"follow","max-snippet":"max-snippet:-1","max-image-preview":"max-image-preview:large","max-video-preview":"max-video-preview:-1"},"canonical":"https:\/\/solidedge.siemens.com\/de\/solutions\/products\/simulation\/simcenter-flomaster-for-solid-edge\/","og_locale":"de_DE","og_type":"article","og_title":"Simcenter Flomaster f\u00fcr Solid Edge | CFD Simulation | Siemens","og_description":"Modellieren und analysieren Sie Fluid- und W\u00e4rmestr\u00f6me in Rohrleitungssystemen und optimieren Sie Ihre Simulations-Workflows mit Simcenter Flomaster f\u00fcr Solid Edge.","og_url":"https:\/\/solidedge.siemens.com\/de\/solutions\/products\/simulation\/simcenter-flomaster-for-solid-edge\/","og_site_name":"Solid Edge","article_publisher":"https:\/\/www.facebook.com\/solidedge","article_modified_time":"2021-11-15T15:46:23+00:00","twitter_card":"summary_large_image","twitter_site":"@siemensplm","twitter_misc":{"Gesch\u00e4tzte Lesezeit":"4 Minuten"},"schema":{"@context":"https:\/\/schema.org","@graph":[{"@type":"Organization","@id":"https:\/\/solidedge.siemens.com\/en\/#organization","name":"Siemens Digital Industries Software","url":"https:\/\/solidedge.siemens.com\/en\/","sameAs":["https:\/\/www.facebook.com\/solidedge","https:\/\/www.instagram.com\/siemens\/","https:\/\/www.linkedin.com\/company\/siemens-plm-software","https:\/\/www.youtube.com\/user\/PolarionSoftware","https:\/\/twitter.com\/siemensplm"],"logo":{"@type":"ImageObject","@id":"https:\/\/solidedge.siemens.com\/en\/#logo","inLanguage":"de-DE","url":"https:\/\/solidedge.siemens.com\/wp-content\/uploads\/2018\/04\/logo-siemens-ifl@2x.png","contentUrl":"https:\/\/solidedge.siemens.com\/wp-content\/uploads\/2018\/04\/logo-siemens-ifl@2x.png","width":640,"height":270,"caption":"Siemens Digital Industries Software"},"image":{"@id":"https:\/\/solidedge.siemens.com\/en\/#logo"}},{"@type":"WebSite","@id":"https:\/\/solidedge.siemens.com\/en\/#website","url":"https:\/\/solidedge.siemens.com\/en\/","name":"Solid Edge","description":"Siemens Software","publisher":{"@id":"https:\/\/solidedge.siemens.com\/en\/#organization"},"potentialAction":[{"@type":"SearchAction","target":{"@type":"EntryPoint","urlTemplate":"https:\/\/solidedge.siemens.com\/en\/?s={search_term_string}"},"query-input":"required name=search_term_string"}],"inLanguage":"de-DE"},{"@type":"WebPage","@id":"https:\/\/solidedge.siemens.com\/de\/solutions\/products\/simulation\/simcenter-flomaster-for-solid-edge\/#webpage","url":"https:\/\/solidedge.siemens.com\/de\/solutions\/products\/simulation\/simcenter-flomaster-for-solid-edge\/","name":"Simcenter Flomaster f\u00fcr Solid Edge | CFD Simulation | Siemens","isPartOf":{"@id":"https:\/\/solidedge.siemens.com\/en\/#website"},"datePublished":"2021-11-15T15:46:10+00:00","dateModified":"2021-11-15T15:46:23+00:00","description":"Modellieren und analysieren Sie Fluid- und W\u00e4rmestr\u00f6me in Rohrleitungssystemen und optimieren Sie Ihre Simulations-Workflows mit Simcenter Flomaster f\u00fcr Solid Edge.","breadcrumb":{"@id":"https:\/\/solidedge.siemens.com\/de\/solutions\/products\/simulation\/simcenter-flomaster-for-solid-edge\/#breadcrumb"},"inLanguage":"de-DE","potentialAction":[{"@type":"ReadAction","target":["https:\/\/solidedge.siemens.com\/de\/solutions\/products\/simulation\/simcenter-flomaster-for-solid-edge\/"]}]},{"@type":"BreadcrumbList","@id":"https:\/\/solidedge.siemens.com\/de\/solutions\/products\/simulation\/simcenter-flomaster-for-solid-edge\/#breadcrumb","itemListElement":[{"@type":"ListItem","position":1,"name":"Home","item":"https:\/\/solidedge.siemens.com\/en\/home-7\/"},{"@type":"ListItem","position":2,"name":"L&ouml;sungen","item":"https:\/\/solidedge.siemens.com\/de\/solutions\/"},{"@type":"ListItem","position":3,"name":"Produkte","item":"https:\/\/solidedge.siemens.com\/de\/solutions\/products\/"},{"@type":"ListItem","position":4,"name":"Simulation","item":"https:\/\/solidedge.siemens.com\/de\/solutions\/products\/simulation\/"},{"@type":"ListItem","position":5,"name":"Simcenter Flomaster f&uuml;r Solid Edge"}]}]}},"_links":{"self":[{"href":"https:\/\/solidedge.siemens.com\/de\/wp-json\/wp\/v2\/pages\/49007"}],"collection":[{"href":"https:\/\/solidedge.siemens.com\/de\/wp-json\/wp\/v2\/pages"}],"about":[{"href":"https:\/\/solidedge.siemens.com\/de\/wp-json\/wp\/v2\/types\/page"}],"author":[{"embeddable":true,"href":"https:\/\/solidedge.siemens.com\/de\/wp-json\/wp\/v2\/users\/44"}],"replies":[{"embeddable":true,"href":"https:\/\/solidedge.siemens.com\/de\/wp-json\/wp\/v2\/comments?post=49007"}],"version-history":[{"count":8,"href":"https:\/\/solidedge.siemens.com\/de\/wp-json\/wp\/v2\/pages\/49007\/revisions"}],"predecessor-version":[{"id":54191,"href":"https:\/\/solidedge.siemens.com\/de\/wp-json\/wp\/v2\/pages\/49007\/revisions\/54191"}],"up":[{"embeddable":true,"href":"https:\/\/solidedge.siemens.com\/de\/wp-json\/wp\/v2\/pages\/2718"}],"wp:attachment":[{"href":"https:\/\/solidedge.siemens.com\/de\/wp-json\/wp\/v2\/media?parent=49007"}],"curies":[{"name":"wp","href":"https:\/\/api.w.org\/{rel}","templated":true}]}}