{"id":34358,"date":"2021-04-15T16:15:26","date_gmt":"2021-04-15T20:15:26","guid":{"rendered":"https:\/\/solidedge.siemens.com\/branchen\/fertigung-von-kunststoffkomponenten\/"},"modified":"2022-12-02T16:57:42","modified_gmt":"2022-12-02T21:57:42","slug":"plastics-component-manufacturing","status":"publish","type":"page","link":"https:\/\/solidedge.siemens.com\/de\/industries\/plastics-component-manufacturing\/","title":{"rendered":"Fertigung von Kunststoffkomponenten"},"content":{"rendered":"<p>[vc_row full_width=&#8220;stretch_row&#8220; full_height=&#8220;yes&#8220; content_placement=&#8220;middle&#8220; css=&#8220;.vc_custom_1584544345831{background: #a6a6a6 url(https:\/\/solidedge.siemens.com\/wp-content\/uploads\/2020\/03\/lm-plastics-ss761132803-1920&#215;1080-1.jpg?id=22545) !important;background-position: center !important;background-repeat: no-repeat !important;background-size: cover !important;}&#8220; el_class=&#8220;vc-row-hero-banner&#8220;][vc_column][vc_column_text el_class=&#8220;.vc-el-callout&#8220;]<\/p>\n<h1>Solid Edge f\u00fcr Konstrukteure und Hersteller von Kunststoffkomponenten<\/h1>\n<p>Konstrukteure und Hersteller von Kunststoffteilen sehen sich mit der Unsicherheit hinsichtlich globaler Handelsabkommen und den daraus resultierenden Auswirkungen auf ihre Lieferketten, mit dem zunehmenden Druck, die Kosten f\u00fcr Komponenten zu kontrollieren und gleichzeitig die Leistung der Komponenten zu verbessern, sowie mit einer zunehmenden Konzentration auf Umweltfragen konfrontiert. Durch die Implementierung modernster Digitalisierungstechnologien, die die Flexibilit\u00e4t und Geschwindigkeit der Produktentwicklung steigern, kann diesen Herausforderungen entgegengewirkt werden.<\/p>\n<p><a class=\"action-button\" href=\"https:\/\/solidedge.siemens.com\/de\/free-software\/kostenlose-software\/\"><i class=\"icon-ext\"><\/i>Kostenlose Solid Edge-Testversion<\/a>[\/vc_column_text][\/vc_column][\/vc_row][vc_row full_width=&#8220;stretch_row&#8220; css=&#8220;.vc_custom_1524163183110{background-color: #ebf0f4 !important;}&#8220; el_class=&#8220;vc-row-industry-insights&#8220;][vc_column width=&#8220;1\/3&#8243;][vc_single_image image=&#8220;22480&#8243; img_size=&#8220;full&#8220; alignment=&#8220;center&#8220;][\/vc_column][vc_column width=&#8220;2\/3&#8243; offset=&#8220;vc_col-md-offset-1 vc_col-md-7&#8243;][vc_column_text el_class=&#8220;vc-el-lead-in&#8220;]Industry Insights<\/p>\n<h2>Improving product engineering and manufacturing of plastic components<\/h2>\n<p>The Solid Edge portfolio of software solutions provides next-generation technologies that solve today\u2019s toughest product development challenges. With specific capabilities for plastic components design, the Solid Edge portfolio provides high-value, flexible, and powerful product development and manufacturing solutions that enable plastic component manufacturers to speed their time to market while delivering high-quality products on time and on budget.<\/p>\n<p><a class=\"action-button\" href=\"https:\/\/solidedge.siemens.com\/wp-content\/uploads\/2020\/08\/Siemens-SW-Industry-insights-plastic-components-SB-81487-C4.pdf\"><i class=\"icon-ext\"><\/i>Learn More<\/a>[\/vc_column_text][\/vc_column][\/vc_row][vc_row full_width=&#8220;stretch_row&#8220; bg_type=&#8220;image&#8220; enable_overlay=&#8220;enable_overlay_value&#8220; overlay_color=&#8220;rgba(0,0,0,0.6)&#8220; el_class=&#8220;vc-row-hero-advantages vc-row-match-bg-height&#8220; css=&#8220;.vc_custom_1584544400344{background: #a6a6a6 url(https:\/\/solidedge.siemens.com\/wp-content\/uploads\/2020\/03\/parts-ss473437858-1500&#215;1000-1.jpg?id=22558) !important;background-position: center !important;background-repeat: no-repeat !important;background-size: cover !important;}&#8220;][vc_column][vc_column_text]Funktionen<\/p>\n<h2><strong>Starten oder Verst\u00e4rken Sie Ihre digitale Transformation<\/strong><\/h2>\n<p>Die Investition in eine digitale Transformation von Konstruktion, Entwicklung und Fertigung ist f\u00fcr Hersteller von Kunststoffkomponenten unabdingbar, wenn sie ihre Wettbewerbsf\u00e4higkeit steigern m\u00f6chten. Ein schneller und flexibler digitalisierter Produktentwicklungsprozess kann sich schnell an die Verwendung neuer oder anderer Materialien und effizienter Fertigungstechniken anpassen. Digitalisierung kann Ihnen helfen, die Auswirkungen der Material- und Fertigungsprozessauswahl auf Produktkosten und Leistung zu verstehen. Zudem k\u00f6nnen digitale Modelle dank cloudbasierter Zusammenarbeit problemlos mit Werkzeuglieferanten und Kunden ausgetauscht werden.<\/p>\n<p>Konstrukteure und Hersteller von Kunststoffkomponenten, die diese Werkzeuge verwenden, sind zu Folgendem in der Lage:[\/vc_column_text][vc_row_inner equal_height=&#8220;yes&#8220; el_class=&#8220;vc-row-checkmark-text-blocks&#8220;][vc_column_inner width=&#8220;1\/3&#8243;][vc_column_text]<strong>Steigern der Produktivit\u00e4t mit zukunftsweisender Konstruktion.\u00a0<\/strong>Erstellen Sie mit Reverse Engineering digitale Darstellungen bestehender Konstruktionen. Komfortables Arbeiten mit 3D-Modellen in netzbasierten und herk\u00f6mmlichen CAD-Formaten.[\/vc_column_text][\/vc_column_inner][vc_column_inner width=&#8220;1\/3&#8243;][vc_column_text]<strong>Schnellere Konstruktion von Kunststoffkomponenten mit 3D-CAD. <\/strong>Schnelles Erstellen genauer 3D-Teilemodelle und 2D-Zeichnungen. Verwenden von Assistenten zum schnellen und konsistenten Platzieren g\u00e4ngiger Kunststoffformelemente wie Dome, Lippen und Entl\u00fcftungen. Verwendung eines verlaufsfreien 3D-CAD-Konzepts mit Synchronous Technology.[\/vc_column_text][\/vc_column_inner][vc_column_inner width=&#8220;1\/3&#8243;][vc_column_text]<strong> <\/strong>F\u00fchren Sie Ihr Produkt mithilfe der neuesten Visualisierungstechnologie vor, z. B. mit 3D-Rendering. Erleben Sie dank Augmented Reality ma\u00dfstabsgetreue digitale Prototypen in realen Umgebungen. Erhalten Sie \u00fcber mobile Anzeigeanwendungen \u00fcberall Zugang zu CAD-Daten.[\/vc_column_text][\/vc_column_inner][vc_column_inner width=&#8220;1\/3&#8243;][vc_column_text]<strong>Schnelles und genaues Reagieren auf Angebotsanforderungen. <\/strong>Verk\u00fcrzen Sie die Zeit f\u00fcr die Angebotsvorbereitung, indem Sie mithilfe von L\u00f6sungen f\u00fcr das Daten-Management Daten aus vorherigen Angeboten wiederverwenden. Ermitteln Sie mithilfe einer Software zur Produktkostenkalkulation schnell die Kosten f\u00fcr Produkte und Werkzeuge.[\/vc_column_text][\/vc_column_inner][vc_column_inner width=&#8220;1\/3&#8243;][vc_column_text]<strong>Ber\u00fccksichtigung von Kundenanforderungen. <\/strong>Verringern Sie das Gesch\u00e4ftsrisiko, indem Sie die Kundenanforderungen mit 3D-CAD-Modellen verkn\u00fcpfen und damit ihre Erf\u00fcllung gew\u00e4hrleisten. Arbeiten Sie direkt mit 3D-Teilen, w\u00e4hrend Sie gleichzeitig die Projektanforderungen mit der Anforderungsverwaltung verwalten.[\/vc_column_text][\/vc_column_inner][vc_column_inner width=&#8220;1\/3&#8243;][vc_column_text]<strong>Create unique products based on organic shapes. <\/strong>Develop distinctive products using subdivision modeling technology without the need for expert knowledge. Solid Edge offers advanced capabilities for shape creation, manipulation, and analysis, with intuitive freeform modeling tools that create stylized shapes.[\/vc_column_text][\/vc_column_inner][vc_column_inner width=&#8220;1\/3&#8243;][vc_column_text]<strong>Schnellere Konstruktion \u00e4sthetischer Oberfl\u00e4chen. <\/strong>Nutzen Sie digitale Modelle zum Testen, Validieren und Optimieren von Konstruktionen. Reduzieren oder eliminieren Sie den Bedarf an physischen Prototypen mithilfe skalierbarer Simulationswerkzeuge.[\/vc_column_text][\/vc_column_inner][vc_column_inner width=&#8220;1\/3&#8243;][vc_column_text]<strong>Gew\u00e4hrleisten der Fertigungstauglichkeit. <\/strong>Sie k\u00f6nnen zahlreiche herk\u00f6mmliche und neue Fertigungsprozesse definieren und anwenden, z. B. mechanische CNC-Bearbeitung und additive Fertigung.[\/vc_column_text][\/vc_column_inner][vc_column_inner width=&#8220;1\/3&#8243;][vc_column_text]<strong> <\/strong>Erstellen von Produkten von Weltrang mit neuesten Techniken f\u00fcr 3D-Druck und additive Fertigung. Verwenden Sie Techniken f\u00fcr generative Entw\u00fcrfe mit Topologieoptimierung, um von Grund auf neue Konstruktionen zu erstellen, die zu einer Minimierung von Gewicht und Materialverwendung beitragen.[\/vc_column_text][\/vc_column_inner][vc_column_inner width=&#8220;1\/3&#8243;][vc_column_text]<strong>Verwalten von Konstruktionsprojekten und -\u00e4nderungen. <\/strong>Sie k\u00f6nnen Daten schnell abrufen, Ressourcen optimieren und Konstruktions\u00e4nderungen verwalten. Hierf\u00fcr stehen Ihnen Management-Funktionen zur Verf\u00fcgung, die einen visuellen Ansatz f\u00fcr die Verwaltung komplexer Konstruktionsdaten verfolgen. Schnellere Produktentwicklung bei gleichzeitiger Verringerung der Fehler durch integriertes Daten-Management und Teamcenter-Integration.[\/vc_column_text][\/vc_column_inner][vc_column_inner width=&#8220;1\/3&#8243;][vc_column_text]<strong>Zugriff auf Konstruktionsprojekte von unterwegs. <\/strong>Greifen Sie auf Konstruktionsinformationen zu, w\u00e4hrend Sie unterwegs sind oder an anderen Standorten arbeiten. Die cloudbasierte Zusammenarbeit bietet eine sichere M\u00f6glichkeit, Produktinformationen unabh\u00e4ngig von ihrer Herkunft gemeinsam zu nutzen und die Zusammenarbeit auf diesen aufzubauen.[\/vc_column_text][\/vc_column_inner][vc_column_inner width=&#8220;1\/3&#8243;][vc_column_text]<strong>Ver\u00f6ffentlichung interaktiver technischer Dokumentation. <\/strong>Optimieren Sie Ihren Dokumentationsprozess mithilfe von L\u00f6sungen f\u00fcr technische Publikationen, die ein Konvertieren von CAD-Dateien \u00fcberfl\u00fcssig machen. Sie k\u00f6nnen Teilelisten, Raster- und Vektorgrafiken sowie mehrseitige digitale Dokumente f\u00fcr Schulungs- und Arbeitsanweisungspakete erstellen, die interaktive 3D-Grafiken umfassen.[\/vc_column_text][\/vc_column_inner][\/vc_row_inner][vc_column_text]Mit 3D-CAD-, Simulations, Fertigungs- und Daten-Management-Funktionen sowie Funktionen f\u00fcr technische Publikationen stellt Solid Edge ein integriertes Portfolio g\u00fcnstiger und benutzerfreundlicher L\u00f6sungen f\u00fcr die Konstruktion und Fertigung von Kunststoffteilen zur Verf\u00fcgung, mit denen Sie die neuen Herausforderungen meistern k\u00f6nnen.[\/vc_column_text][\/vc_column][\/vc_row][vc_row full_width=&#8220;stretch_row&#8220; el_class=&#8220;vc-row-image-story-overview&#8220; css=&#8220;.vc_custom_1524848429910{background-color: #ebf0f4 !important;}&#8220;][vc_column][vc_row_inner][vc_column_inner width=&#8220;2\/3&#8243; offset=&#8220;vc_col-md-6&#8243;][vc_column_text el_class=&#8220;vc-el-lead-in&#8220;]Kunden-Highlight<\/p>\n<h2><strong>Von der 2D- zur 3D-Konstruktion<\/strong><\/h2>\n<p>Hersteller von Membranen f\u00fcr die Industrie erzielt mit Solid Edge die nahtlose \u00dcbertragung der Werkzeugkonstruktion in die Fertigung.[\/vc_column_text][\/vc_column_inner][vc_column_inner width=&#8220;1\/3&#8243; offset=&#8220;vc_col-md-6&#8243;][vc_single_image image=&#8220;608&#8243; img_size=&#8220;image-story-overview&#8220; alignment=&#8220;center&#8220;][\/vc_column_inner][\/vc_row_inner][vc_row_inner][vc_column_inner width=&#8220;1\/3&#8243;][vc_column_text]<\/p>\n<h3><strong>Herausforderungen<\/strong><\/h3>\n<ul>\n<li>Bereitstellen komplexerer Membranen<\/li>\n<li>Aktualisieren von Produkten f\u00fcr die neue Marktnachfrage<\/li>\n<li>Bessere Abstimmung von Konstruktion und Fertigung<\/li>\n<\/ul>\n<p>[\/vc_column_text][\/vc_column_inner][vc_column_inner width=&#8220;1\/3&#8243;][vc_column_text]<\/p>\n<h3><strong>Schl\u00fcssel zum Erfolg<\/strong><\/h3>\n<ul>\n<li>Von der 2D- zur 3D-Konstruktion<\/li>\n<li>Verwendung von CAM-Software f\u00fcr die Programmierung von Maschinen<\/li>\n<li>Kauf von CAD\/CAM-Werkzeugen aus einer Hand<\/li>\n<li>Nutzung der dualen Unterst\u00fctzung von einem Partner und von Siemens Digital Industries Software<\/li>\n<\/ul>\n<p>[\/vc_column_text][\/vc_column_inner][vc_column_inner width=&#8220;1\/3&#8243;][vc_column_text]<\/p>\n<h3><strong>Ergebnisse<\/strong><\/h3>\n<ul>\n<li>30 % k\u00fcrzere Konstruktionszeit<\/li>\n<li>40 % schnellere Konstruktions\u00e4nderungen<\/li>\n<li>Nahtloser Transfer der Konstruktionsabsicht in die Fertigung<\/li>\n<\/ul>\n<p>[\/vc_column_text][vc_column_text]<\/p>\n<p style=\"text-align: right;\"><a class=\"action-button transparent\" href=\"https:\/\/solidedge.siemens.com\/en\/customer-story\/diacom\/\"><i class=\"icon-ext\"><\/i>Mehr erfahren<\/a><\/p>\n<p>[\/vc_column_text][\/vc_column_inner][\/vc_row_inner][\/vc_column][\/vc_row][vc_row full_width=&#8220;stretch_row&#8220; el_class=&#8220;vc-row-related-content&#8220; css=&#8220;.vc_custom_1524184785822{background-color: #347eb5 !important;}&#8220;][vc_column][vc_column_text]<\/p>\n<h2>\u00c4hnliche Inhalte<\/h2>\n<p>[\/vc_column_text]<div id=\"ult-carousel-147450545169d65a174054b\" class=\"ult-carousel-wrapper  vc-el-carousel-related-content ult_horizontal\" data-gutter=\"0\" data-rtl=\"false\" ><div class=\"ult-carousel-145630229669d65a174051e \" >[vc_column_text]<a href=\"https:\/\/blogs.sw.siemens.com\/solidedge\/\">Siemens Blog: Solid Edge<\/a>[\/vc_column_text][vc_column_text]<a href=\"https:\/\/www.facebook.com\/solidedge\/\">Solid Edge auf Facebook\u00a0<\/a>[\/vc_column_text][vc_column_text]<a href=\"https:\/\/www.youtube.com\/user\/SiemensPLM\/playlists?view=50&amp;sort=dd&amp;shelf_id=18\">Solid Edge auf YouTube<\/a>[\/vc_column_text]<\/div><\/div>\t\t\t<script type=\"text\/javascript\">\r\n\t\t\t\tjQuery(document).ready(function ($) {\r\n\t\t\t\t\tif( typeof jQuery('.ult-carousel-145630229669d65a174051e').slick == \"function\"){\r\n\t\t\t\t\t\t$('.ult-carousel-145630229669d65a174051e').slick({dots: true,autoplaySpeed: 5000,speed: 500,infinite: false,arrows: true,nextArrow: '<button type=\"button\" role=\"button\" aria-label=\"Next\" style=\"color:#ffffff; font-size:30px;background:rgba(255,255,255,0.2);\" class=\"slick-next square-bg\"><i class=\"ultsl-arrow-right6\"><\/i><\/button>',prevArrow: '<button type=\"button\" role=\"button\" aria-label=\"Previous\" style=\"color:#ffffff; font-size:30px;background:rgba(255,255,255,0.2);\" class=\"slick-prev square-bg\"><i class=\"ultsl-arrow-left6\"><\/i><\/button>',slidesToScroll:4,slidesToShow:4,swipe: true,draggable: true,touchMove: true,pauseOnHover: true,pauseOnFocus: false,responsive: [\r\n\t\t\t\t\t\t\t{\r\n\t\t\t\t\t\t\t  breakpoint: 1026,\r\n\t\t\t\t\t\t\t  settings: {\r\n\t\t\t\t\t\t\t\tslidesToShow: 4,\r\n\t\t\t\t\t\t\t\tslidesToScroll: 4,  \r\n\t\t\t\t\t\t\t  }\r\n\t\t\t\t\t\t\t},\r\n\t\t\t\t\t\t\t{\r\n\t\t\t\t\t\t\t  breakpoint: 1025,\r\n\t\t\t\t\t\t\t  settings: {\r\n\t\t\t\t\t\t\t\tslidesToShow: 2,\r\n\t\t\t\t\t\t\t\tslidesToScroll: 2\r\n\t\t\t\t\t\t\t  }\r\n\t\t\t\t\t\t\t},\r\n\t\t\t\t\t\t\t{\r\n\t\t\t\t\t\t\t  breakpoint: 760,\r\n\t\t\t\t\t\t\t  settings: {\r\n\t\t\t\t\t\t\t\tslidesToShow: 1,\r\n\t\t\t\t\t\t\t\tslidesToScroll: 1\r\n\t\t\t\t\t\t\t  }\r\n\t\t\t\t\t\t\t}\r\n\t\t\t\t\t\t],pauseOnDotsHover: true,customPaging: function(slider, i) {\r\n                   return '<i type=\"button\" style= \"color:#ffffff;\" class=\"ultsl-record\" data-role=\"none\"><\/i>';\r\n                },});\r\n\t\t\t\t\t}\r\n\t\t\t\t});\r\n\t\t\t<\/script>\r\n\t\t\t[\/vc_column][\/vc_row]<\/p>\n","protected":false},"excerpt":{"rendered":"<p> Solid Edge f\u00fcr Konstrukteure und Hersteller von Kunststoffkomponenten Konstrukteure und Hersteller von Kunststoffteilen sehen sich mit der Unsicherheit hinsichtlich globaler Handelsabkommen und den daraus resultierenden Auswirkungen auf ihre Lieferketten, mit dem zunehmenden Druck, die Kosten f\u00fcr Komponenten zu kontrollieren [&hellip;]<\/p>\n","protected":false},"author":10,"featured_media":0,"parent":2822,"menu_order":0,"comment_status":"closed","ping_status":"closed","template":"","meta":{"inline_featured_image":false},"yoast_head":"<!-- This site is optimized with the Yoast SEO plugin v18.4.1 - https:\/\/yoast.com\/wordpress\/plugins\/seo\/ -->\n<title>Fertigung von Kunststoffkomponenten | L\u00f6sungen nach Branche | Solid Edge<\/title>\n<meta name=\"description\" content=\"Mit Solid Edge k\u00f6nnen Sie die Markteinf\u00fchrungszeit bei der Fertigung von Kunststoffkomponenten verk\u00fcrzen und gleichzeitig qualitativ hochwertige Produkte p\u00fcnktlich und im Rahmen des Budgets liefern.\" \/>\n<meta name=\"robots\" content=\"index, follow, max-snippet:-1, max-image-preview:large, max-video-preview:-1\" \/>\n<link rel=\"canonical\" href=\"https:\/\/solidedge.siemens.com\/de\/industries\/plastics-component-manufacturing\/\" \/>\n<meta property=\"og:locale\" content=\"de_DE\" \/>\n<meta property=\"og:type\" content=\"article\" \/>\n<meta property=\"og:title\" content=\"Fertigung von Kunststoffkomponenten | L\u00f6sungen nach Branche | Solid Edge\" \/>\n<meta property=\"og:description\" content=\"Mit Solid Edge k\u00f6nnen Sie die Markteinf\u00fchrungszeit bei der Fertigung von Kunststoffkomponenten verk\u00fcrzen und gleichzeitig qualitativ hochwertige Produkte p\u00fcnktlich und im Rahmen des Budgets liefern.\" \/>\n<meta property=\"og:url\" content=\"https:\/\/solidedge.siemens.com\/de\/industries\/plastics-component-manufacturing\/\" \/>\n<meta property=\"og:site_name\" content=\"Solid Edge\" \/>\n<meta property=\"article:publisher\" content=\"https:\/\/www.facebook.com\/solidedge\" \/>\n<meta property=\"article:modified_time\" content=\"2022-12-02T21:57:42+00:00\" \/>\n<meta name=\"twitter:card\" content=\"summary_large_image\" \/>\n<meta name=\"twitter:site\" content=\"@siemensplm\" \/>\n<meta name=\"twitter:label1\" content=\"Gesch\u00e4tzte Lesezeit\" \/>\n\t<meta name=\"twitter:data1\" content=\"4 Minuten\" \/>\n<script type=\"application\/ld+json\" class=\"yoast-schema-graph\">{\"@context\":\"https:\/\/schema.org\",\"@graph\":[{\"@type\":\"Organization\",\"@id\":\"https:\/\/solidedge.siemens.com\/en\/#organization\",\"name\":\"Siemens Digital Industries Software\",\"url\":\"https:\/\/solidedge.siemens.com\/en\/\",\"sameAs\":[\"https:\/\/www.facebook.com\/solidedge\",\"https:\/\/www.instagram.com\/siemens\/\",\"https:\/\/www.linkedin.com\/company\/siemens-plm-software\",\"https:\/\/www.youtube.com\/user\/PolarionSoftware\",\"https:\/\/twitter.com\/siemensplm\"],\"logo\":{\"@type\":\"ImageObject\",\"@id\":\"https:\/\/solidedge.siemens.com\/en\/#logo\",\"inLanguage\":\"de-DE\",\"url\":\"https:\/\/solidedge.siemens.com\/wp-content\/uploads\/2018\/04\/logo-siemens-ifl@2x.png\",\"contentUrl\":\"https:\/\/solidedge.siemens.com\/wp-content\/uploads\/2018\/04\/logo-siemens-ifl@2x.png\",\"width\":640,\"height\":270,\"caption\":\"Siemens Digital Industries Software\"},\"image\":{\"@id\":\"https:\/\/solidedge.siemens.com\/en\/#logo\"}},{\"@type\":\"WebSite\",\"@id\":\"https:\/\/solidedge.siemens.com\/en\/#website\",\"url\":\"https:\/\/solidedge.siemens.com\/en\/\",\"name\":\"Solid Edge\",\"description\":\"Siemens Software\",\"publisher\":{\"@id\":\"https:\/\/solidedge.siemens.com\/en\/#organization\"},\"potentialAction\":[{\"@type\":\"SearchAction\",\"target\":{\"@type\":\"EntryPoint\",\"urlTemplate\":\"https:\/\/solidedge.siemens.com\/en\/?s={search_term_string}\"},\"query-input\":\"required name=search_term_string\"}],\"inLanguage\":\"de-DE\"},{\"@type\":\"WebPage\",\"@id\":\"https:\/\/solidedge.siemens.com\/de\/industries\/plastics-component-manufacturing\/#webpage\",\"url\":\"https:\/\/solidedge.siemens.com\/de\/industries\/plastics-component-manufacturing\/\",\"name\":\"Fertigung von Kunststoffkomponenten | L\u00f6sungen nach Branche | Solid Edge\",\"isPartOf\":{\"@id\":\"https:\/\/solidedge.siemens.com\/en\/#website\"},\"datePublished\":\"2021-04-15T20:15:26+00:00\",\"dateModified\":\"2022-12-02T21:57:42+00:00\",\"description\":\"Mit Solid Edge k\u00f6nnen Sie die Markteinf\u00fchrungszeit bei der Fertigung von Kunststoffkomponenten verk\u00fcrzen und gleichzeitig qualitativ hochwertige Produkte p\u00fcnktlich und im Rahmen des Budgets liefern.\",\"breadcrumb\":{\"@id\":\"https:\/\/solidedge.siemens.com\/de\/industries\/plastics-component-manufacturing\/#breadcrumb\"},\"inLanguage\":\"de-DE\",\"potentialAction\":[{\"@type\":\"ReadAction\",\"target\":[\"https:\/\/solidedge.siemens.com\/de\/industries\/plastics-component-manufacturing\/\"]}]},{\"@type\":\"BreadcrumbList\",\"@id\":\"https:\/\/solidedge.siemens.com\/de\/industries\/plastics-component-manufacturing\/#breadcrumb\",\"itemListElement\":[{\"@type\":\"ListItem\",\"position\":1,\"name\":\"Home\",\"item\":\"https:\/\/solidedge.siemens.com\/en\/home-7\/\"},{\"@type\":\"ListItem\",\"position\":2,\"name\":\"Branchen\",\"item\":\"https:\/\/solidedge.siemens.com\/de\/industries\/\"},{\"@type\":\"ListItem\",\"position\":3,\"name\":\"Fertigung von Kunststoffkomponenten\"}]}]}<\/script>\n<!-- \/ Yoast SEO plugin. -->","yoast_head_json":{"title":"Fertigung von Kunststoffkomponenten | L\u00f6sungen nach Branche | Solid Edge","description":"Mit Solid Edge k\u00f6nnen Sie die Markteinf\u00fchrungszeit bei der Fertigung von Kunststoffkomponenten verk\u00fcrzen und gleichzeitig qualitativ hochwertige Produkte p\u00fcnktlich und im Rahmen des Budgets liefern.","robots":{"index":"index","follow":"follow","max-snippet":"max-snippet:-1","max-image-preview":"max-image-preview:large","max-video-preview":"max-video-preview:-1"},"canonical":"https:\/\/solidedge.siemens.com\/de\/industries\/plastics-component-manufacturing\/","og_locale":"de_DE","og_type":"article","og_title":"Fertigung von Kunststoffkomponenten | L\u00f6sungen nach Branche | Solid Edge","og_description":"Mit Solid Edge k\u00f6nnen Sie die Markteinf\u00fchrungszeit bei der Fertigung von Kunststoffkomponenten verk\u00fcrzen und gleichzeitig qualitativ hochwertige Produkte p\u00fcnktlich und im Rahmen des Budgets liefern.","og_url":"https:\/\/solidedge.siemens.com\/de\/industries\/plastics-component-manufacturing\/","og_site_name":"Solid Edge","article_publisher":"https:\/\/www.facebook.com\/solidedge","article_modified_time":"2022-12-02T21:57:42+00:00","twitter_card":"summary_large_image","twitter_site":"@siemensplm","twitter_misc":{"Gesch\u00e4tzte Lesezeit":"4 Minuten"},"schema":{"@context":"https:\/\/schema.org","@graph":[{"@type":"Organization","@id":"https:\/\/solidedge.siemens.com\/en\/#organization","name":"Siemens Digital Industries Software","url":"https:\/\/solidedge.siemens.com\/en\/","sameAs":["https:\/\/www.facebook.com\/solidedge","https:\/\/www.instagram.com\/siemens\/","https:\/\/www.linkedin.com\/company\/siemens-plm-software","https:\/\/www.youtube.com\/user\/PolarionSoftware","https:\/\/twitter.com\/siemensplm"],"logo":{"@type":"ImageObject","@id":"https:\/\/solidedge.siemens.com\/en\/#logo","inLanguage":"de-DE","url":"https:\/\/solidedge.siemens.com\/wp-content\/uploads\/2018\/04\/logo-siemens-ifl@2x.png","contentUrl":"https:\/\/solidedge.siemens.com\/wp-content\/uploads\/2018\/04\/logo-siemens-ifl@2x.png","width":640,"height":270,"caption":"Siemens Digital Industries Software"},"image":{"@id":"https:\/\/solidedge.siemens.com\/en\/#logo"}},{"@type":"WebSite","@id":"https:\/\/solidedge.siemens.com\/en\/#website","url":"https:\/\/solidedge.siemens.com\/en\/","name":"Solid Edge","description":"Siemens Software","publisher":{"@id":"https:\/\/solidedge.siemens.com\/en\/#organization"},"potentialAction":[{"@type":"SearchAction","target":{"@type":"EntryPoint","urlTemplate":"https:\/\/solidedge.siemens.com\/en\/?s={search_term_string}"},"query-input":"required name=search_term_string"}],"inLanguage":"de-DE"},{"@type":"WebPage","@id":"https:\/\/solidedge.siemens.com\/de\/industries\/plastics-component-manufacturing\/#webpage","url":"https:\/\/solidedge.siemens.com\/de\/industries\/plastics-component-manufacturing\/","name":"Fertigung von Kunststoffkomponenten | L\u00f6sungen nach Branche | Solid Edge","isPartOf":{"@id":"https:\/\/solidedge.siemens.com\/en\/#website"},"datePublished":"2021-04-15T20:15:26+00:00","dateModified":"2022-12-02T21:57:42+00:00","description":"Mit Solid Edge k\u00f6nnen Sie die Markteinf\u00fchrungszeit bei der Fertigung von Kunststoffkomponenten verk\u00fcrzen und gleichzeitig qualitativ hochwertige Produkte p\u00fcnktlich und im Rahmen des Budgets liefern.","breadcrumb":{"@id":"https:\/\/solidedge.siemens.com\/de\/industries\/plastics-component-manufacturing\/#breadcrumb"},"inLanguage":"de-DE","potentialAction":[{"@type":"ReadAction","target":["https:\/\/solidedge.siemens.com\/de\/industries\/plastics-component-manufacturing\/"]}]},{"@type":"BreadcrumbList","@id":"https:\/\/solidedge.siemens.com\/de\/industries\/plastics-component-manufacturing\/#breadcrumb","itemListElement":[{"@type":"ListItem","position":1,"name":"Home","item":"https:\/\/solidedge.siemens.com\/en\/home-7\/"},{"@type":"ListItem","position":2,"name":"Branchen","item":"https:\/\/solidedge.siemens.com\/de\/industries\/"},{"@type":"ListItem","position":3,"name":"Fertigung von Kunststoffkomponenten"}]}]}},"_links":{"self":[{"href":"https:\/\/solidedge.siemens.com\/de\/wp-json\/wp\/v2\/pages\/34358"}],"collection":[{"href":"https:\/\/solidedge.siemens.com\/de\/wp-json\/wp\/v2\/pages"}],"about":[{"href":"https:\/\/solidedge.siemens.com\/de\/wp-json\/wp\/v2\/types\/page"}],"author":[{"embeddable":true,"href":"https:\/\/solidedge.siemens.com\/de\/wp-json\/wp\/v2\/users\/10"}],"replies":[{"embeddable":true,"href":"https:\/\/solidedge.siemens.com\/de\/wp-json\/wp\/v2\/comments?post=34358"}],"version-history":[{"count":21,"href":"https:\/\/solidedge.siemens.com\/de\/wp-json\/wp\/v2\/pages\/34358\/revisions"}],"predecessor-version":[{"id":65884,"href":"https:\/\/solidedge.siemens.com\/de\/wp-json\/wp\/v2\/pages\/34358\/revisions\/65884"}],"up":[{"embeddable":true,"href":"https:\/\/solidedge.siemens.com\/de\/wp-json\/wp\/v2\/pages\/2822"}],"wp:attachment":[{"href":"https:\/\/solidedge.siemens.com\/de\/wp-json\/wp\/v2\/media?parent=34358"}],"curies":[{"name":"wp","href":"https:\/\/api.w.org\/{rel}","templated":true}]}}