{"id":2656,"date":"2019-04-01T10:22:21","date_gmt":"2019-04-01T14:22:21","guid":{"rendered":"https:\/\/solidedge.siemens.com\/technical-publications\/"},"modified":"2022-06-24T09:57:27","modified_gmt":"2022-06-24T13:57:27","slug":"technical-publications","status":"publish","type":"page","link":"https:\/\/solidedge.siemens.com\/de\/solutions\/products\/technical-publications\/","title":{"rendered":"Technische Publikationen"},"content":{"rendered":"<p>[vc_row full_width=&#8220;stretch_row&#8220; full_height=&#8220;yes&#8220; content_placement=&#8220;middle&#8220; css=&#8220;.vc_custom_1632494299292{background: #a6a6a6 url(https:\/\/solidedge.siemens.com\/wp-content\/uploads\/2021\/09\/TechPubsCognasphereHeaderv1.png?id=50672) !important;background-position: center !important;background-repeat: no-repeat !important;background-size: cover !important;}&#8220; el_class=&#8220;vc-row-hero-banner&#8220;][vc_column][vc_column_text el_class=&#8220;.vc-el-callout&#8220;]<\/p>\n<h1>Technical Publications<\/h1>\n<p>The ability to clearly communicate the correct manufacturing, installation and maintenance procedures for your designs is essential to the performance of your products and the success of your business. Using Solid Edge technical publications solutions, your designers can quickly create many types of technical documents\u2014from simple illustrations for end user manuals to interactive 3D technical documents for manufacturing and service. You can reduce the need for specialist technical authors or external services and produce top quality documents in-house.<\/p>\n<p><a class=\"action-button\" href=\"https:\/\/trials.sw.siemens.com\/en-US\/trials\/solid-edge-3d-publishing\"><i class=\"icon-ext\"><\/i>Try Solid Edge 3D Publishing for free<\/a>[\/vc_column_text][\/vc_column][\/vc_row][vc_row full_width=&#8220;stretch_row&#8220; el_class=&#8220;vc-row-checklist&#8220; css=&#8220;.vc_custom_1525013592547{background-color: #ebf0f5 !important;}&#8220;][vc_column][vc_column_text el_class=&#8220;vc-el-lead-in&#8220;]Funktionen<\/p>\n<h2>Arbeiten Sie direkt an Ihren Solid Edge-Bauteilen und -Baugruppen<\/h2>\n<p>Dank der tiefen Integration der Solid Edge-L\u00f6sungen f\u00fcr technische Publikationen k\u00f6nnen Sie direkt mit Ihren Solid Edge-Teilen und -Baugruppen arbeiten und m\u00fcssen Ihre CAD-Dateien nicht mehr in ein anderes Format konvertieren. Dar\u00fcber hinaus lassen sich \u00c4nderungen an der urspr\u00fcnglichen Konstruktion problemlos in vorhandene Dokumente integrieren. Dadurch wird der \u00c4nderungsprozess bei Konstruktionen beschleunigt und gew\u00e4hrleistet, dass die ver\u00f6ffentlichten Dokumente die aktuelle Konstruktion widerspiegeln.[\/vc_column_text][vc_column_text]<a href=\"https:\/\/solidedge.siemens.com\/wp-content\/uploads\/2021\/09\/Siemens-SW-Solid-Edge-Technical-Publications-FS-78036-D7.pdf\" target=\"_blank\" rel=\"noopener noreferrer\"><i class=\"icon-ext\"><\/i> Datenblatt Solid Edge f\u00fcr Technische Publikationen herunterladen<\/a>[\/vc_column_text][\/vc_column][\/vc_row][vc_row full_width=&#8220;stretch_row&#8220; equal_height=&#8220;yes&#8220; content_placement=&#8220;middle&#8220; el_class=&#8220;vc-row-alternating-image-rows image-left&#8220;][vc_column width=&#8220;1\/3&#8243;][vc_single_image image=&#8220;983&#8243; img_size=&#8220;full&#8220; alignment=&#8220;center&#8220;][\/vc_column][vc_column width=&#8220;2\/3&#8243;][vc_column_text el_class=&#8220;vc-el-lead-in&#8220;]<\/p>\n<h2>Schnelles Erstellen detaillierter Illustrationen<br \/>\nIhrer Konstruktionen<\/h2>\n<p>Mit Solid Edge Illustrations k\u00f6nnen Sie hochwertige 3D PDF-Dokumente sowie cloudf\u00e4hige Abbildungen von Ihren Solid Edge Dateien und sonstigen 3D CAD-Formaten erstellen. Verwenden Sie Solid Edge, um 3D-Ansichten zu erfassen und dann Features wie z. B. Bemerkungen und Textblasen vor der Ver\u00f6ffentlichung hinzuzuf\u00fcgen.\u00a0 Solid Edge Illustrations bietet ein Komplettpaket f\u00fcr die Erstellung von Bildern, Animationen und vorlagenbasierten 3D-PDFs, das Ihnen die Erstellung hochwertiger Darstellungen Ihrer 3D-Modelle erleichtert.[\/vc_column_text][\/vc_column][\/vc_row][vc_row full_width=&#8220;stretch_row&#8220; equal_height=&#8220;yes&#8220; content_placement=&#8220;middle&#8220; css=&#8220;.vc_custom_1524576576786{background-color: #ecf0f5 !important;}&#8220; el_class=&#8220;vc-row-alternating-image-rows image-right&#8220;][vc_column width=&#8220;2\/3&#8243;][vc_column_text el_class=&#8220;vc-el-lead-in&#8220;]<\/p>\n<h2>Ver\u00f6ffentlichen interaktiver technischer Dokumente<\/h2>\n<p>Solid Edge 3D Publishing ist eine benutzerfreundliche Autorensoftware f\u00fcr technische Dokumentation, die Ihnen die direkte Integration von Solid Edge und sonstigen 3D-CAD-Modellen in Ihre Dokumente erm\u00f6glicht. Solid Edge 3D Publishing enth\u00e4lt ein leistungsstarkes Set von Tools f\u00fcr die Arbeit mit 3D-CAD-Modellen, St\u00fccklisten und formatierten Texten, das es jedem Anwender erm\u00f6glicht, innerhalb von Minuten eine komplette gedruckte oder interaktive technische Dokumentation zu erstellen. Ideal f\u00fcr das Erstellen von Schulungs- und Arbeitsanleitungen, bebilderten Ersatzteilkatalogen, Service- und Support-Dokumentationen und Produkthandb\u00fcchern.[\/vc_column_text][\/vc_column][vc_column width=&#8220;1\/3&#8243;][vc_single_image image=&#8220;982&#8243; img_size=&#8220;full&#8220; alignment=&#8220;center&#8220;][\/vc_column][\/vc_row][vc_row full_width=&#8220;stretch_row&#8220;][vc_column][vc_column_text]<\/p>\n<h2>Integration in Teamcenter-PLM-Software<\/h2>\n<p>Verk\u00fcrzen Sie mithilfe von Teamcenter\u00ae, der herausragenden PLM-L\u00f6sung (Product Lifecycle Management) von Siemens, den Zyklus zwischen Konstruktion und Dokumentation. Diese L\u00f6sung erm\u00f6glicht das \u00d6ffnen, Speichern, Einchecken und Auschecken der aktuellsten Version Ihrer Konstruktionsdaten und die Ausf\u00fchrung zus\u00e4tzlicher Aufgaben f\u00fcr das Daten-Management innerhalb des Teamcenter-Clients.<\/p>\n<p>Mit dem Add-On Teamcenter Integration for Solid Edge Technical Publications k\u00f6nnen Sie direkt auf Ihre Konstruktionsdaten zugreifen, um zu gew\u00e4hrleisten, dass Sie stets mit den richtigen Daten arbeiten.<\/p>\n<p>[\/vc_column_text][\/vc_column][\/vc_row][vc_row full_width=&#8220;stretch_row&#8220; bg_type=&#8220;bg_color&#8220; bg_color_value=&#8220;#ecf0f5&#8243; css=&#8220;.vc_custom_1593522273969{background-color: #ecf0f5 !important;}&#8220;][vc_column][vc_column_text]<\/p>\n<h2>XLIFF-Sprach\u00fcbersetzung<\/h2>\n<p>Mit der XLIFF-Sprach\u00fcbersetzung (XML Localization Interchange File Format) zur einfachen \u00dcbersetzung und Lokalisierung digitaler Dokumente k\u00f6nnen sie einen gr\u00f6\u00dferen, globalen Markt erreichen. Das Modul f\u00fcr XLIFF-Sprach\u00fcbersetzung von Solid Edge, das als Add-on verf\u00fcgbar ist, bietet sowohl f\u00fcr Solid Edge 3D Publishing als auch f\u00fcr Solid Edge Illustrations eine Import-\/Export-Funktion f\u00fcr Sprach\u00fcbersetzung.<\/p>\n<p>[\/vc_column_text][\/vc_column][\/vc_row][vc_row full_width=&#8220;stretch_row&#8220; el_class=&#8220;vc-row-video-highlight&#8220;][vc_column][vc_column_text el_class=&#8220;vc-el-lead-in&#8220;]Video<\/p>\n<h2>Solid Edge-L\u00f6sungen f\u00fcr technische Publikationen<\/h2>\n<p>Erstellen Sie mit Solid Edge aussagekr\u00e4ftige Abbildungen und interaktive technische Dokumente. Erstellen Sie technische Dokumente auf der Basis Ihrer Konstruktionen, inklusive Anweisungen f\u00fcr die Fertigung, Wartungshandb\u00fcchern und Ersatzteilkatalogen.<\/p>\n<p class=\"see-more\" style=\"text-align: right;\"><a href=\"https:\/\/solidedge.siemens.com\/de\/resources\/videos\/\">Weitere Videos anzeigen<\/a><\/p>\n<p>[\/vc_column_text]\n\n\n  <div id=\"wpv-view-layout-567-CATTR091038325f5de318e26d8a3246bc0601\" class=\"js-wpv-view-layout js-wpv-layout-responsive js-wpv-view-layout-567-CATTR091038325f5de318e26d8a3246bc0601\" data-viewnumber=\"567-CATTR091038325f5de318e26d8a3246bc0601\" data-pagination=\"{&quot;id&quot;:567,&quot;query&quot;:&quot;normal&quot;,&quot;type&quot;:&quot;disabled&quot;,&quot;effect&quot;:&quot;fade&quot;,&quot;duration&quot;:500,&quot;speed&quot;:5,&quot;pause_on_hover&quot;:&quot;disabled&quot;,&quot;stop_rollover&quot;:&quot;false&quot;,&quot;cache_pages&quot;:&quot;enabled&quot;,&quot;preload_images&quot;:&quot;enabled&quot;,&quot;preload_pages&quot;:&quot;enabled&quot;,&quot;preload_reach&quot;:1,&quot;spinner&quot;:&quot;builtin&quot;,&quot;spinner_image&quot;:&quot;https:\/\/solidedge.siemens.com\/wp-content\/plugins\/wp-views\/embedded\/res\/img\/ajax-loader.gif&quot;,&quot;callback_next&quot;:&quot;&quot;,&quot;manage_history&quot;:&quot;disabled&quot;,&quot;has_controls_in_form&quot;:&quot;disabled&quot;,&quot;infinite_tolerance&quot;:&quot;0&quot;,&quot;max_pages&quot;:0,&quot;page&quot;:1,&quot;base_permalink&quot;:&quot;\/de\/wp-json\/wp\/v2\/pages\/2656?wpv_view_count=567-CATTR091038325f5de318e26d8a3246bc0601&amp;wpv_paged=WPV_PAGE_NUM&quot;,&quot;loop&quot;:{&quot;type&quot;:&quot;&quot;,&quot;name&quot;:&quot;&quot;,&quot;data&quot;:[],&quot;id&quot;:0}}\" data-permalink=\"\/de\/wp-json\/wp\/v2\/pages\/2656?wpv_view_count=567-CATTR091038325f5de318e26d8a3246bc0601\">\n\n  \n  <div class=\"wpv-resources\"><a name=\"video\" class=\"video-anchor\"><\/a>\n    <div id=\"ult-carousel-80984854469d1120b0d625\" class=\"ult-carousel-wrapper  vc-el-carousel-videos-embedded ult_horizontal\" data-gutter=\"0\" data-rtl=\"false\" ><div class=\"ult-carousel-16226456069d1120b0d600 \" >\n    \n    \n       <div><!-- slide container -->\n        <div class=\"wpv-resources-item\" data-mh=\".wpv-resources-item\">\n          <div class=\"resources-item-poster\">\n              <div id=\"wpfp_b92542cbc93a625e97b71ecbe747e894\" data-item=\"{&quot;sources&quot;:&#091;{&quot;src&quot;:&quot;https:\\\/\\\/videos.mentor-cdn.com\\\/mgc\\\/videos\\\/5400\\\/98e105bb-ee96-4f5f-a391-a1f59f4266f9-en-US-video.mp4&quot;,&quot;type&quot;:&quot;video\\\/mp4&quot;}&#093;}\" class=\"flowplayer no-brand is-splash no-svg is-paused skin-slim fp-slim fp-edgy\" data-embed=\"false\" style=\"max-width: 1140px; max-height: 640px; \" data-ratio=\"0.5614\" data-advance=\"false\">\n\t<div class=\"fp-ratio\" style=\"padding-top: 56.14%\"><\/div>\n\t<div class=\"fp-ui\"><div class=\"fp-play fp-visible\"><a class=\"fp-icon fp-playbtn\"><\/a><\/div><\/div>\n\n<\/div>\n\n              \n          <\/div>\n        <\/div>\n      <\/div>\n    \n    \n    <\/div><\/div>\t\t\t<script type=\"text\/javascript\">\r\n\t\t\t\tjQuery(document).ready(function ($) {\r\n\t\t\t\t\tif( typeof jQuery('.ult-carousel-16226456069d1120b0d600').slick == \"function\"){\r\n\t\t\t\t\t\t$('.ult-carousel-16226456069d1120b0d600').slick({dots: true,autoplaySpeed: 5000,speed: 500,infinite: false,arrows: true,nextArrow: '<button type=\"button\" role=\"button\" aria-label=\"Next\" style=\"color:#ffffff; font-size:30px;background:rgba(47,56,60,0.5);\" class=\"slick-next square-bg\"><i class=\"ultsl-arrow-right6\"><\/i><\/button>',prevArrow: '<button type=\"button\" role=\"button\" aria-label=\"Previous\" style=\"color:#ffffff; font-size:30px;background:rgba(47,56,60,0.5);\" class=\"slick-prev square-bg\"><i class=\"ultsl-arrow-left6\"><\/i><\/button>',slidesToScroll:1,slidesToShow:1,swipe: true,draggable: true,touchMove: true,pauseOnHover: true,pauseOnFocus: false,responsive: [\r\n\t\t\t\t\t\t\t{\r\n\t\t\t\t\t\t\t  breakpoint: 1026,\r\n\t\t\t\t\t\t\t  settings: {\r\n\t\t\t\t\t\t\t\tslidesToShow: 1,\r\n\t\t\t\t\t\t\t\tslidesToScroll: 1,  \r\n\t\t\t\t\t\t\t  }\r\n\t\t\t\t\t\t\t},\r\n\t\t\t\t\t\t\t{\r\n\t\t\t\t\t\t\t  breakpoint: 1025,\r\n\t\t\t\t\t\t\t  settings: {\r\n\t\t\t\t\t\t\t\tslidesToShow: 1,\r\n\t\t\t\t\t\t\t\tslidesToScroll: 1\r\n\t\t\t\t\t\t\t  }\r\n\t\t\t\t\t\t\t},\r\n\t\t\t\t\t\t\t{\r\n\t\t\t\t\t\t\t  breakpoint: 760,\r\n\t\t\t\t\t\t\t  settings: {\r\n\t\t\t\t\t\t\t\tslidesToShow: 1,\r\n\t\t\t\t\t\t\t\tslidesToScroll: 1\r\n\t\t\t\t\t\t\t  }\r\n\t\t\t\t\t\t\t}\r\n\t\t\t\t\t\t],pauseOnDotsHover: true,customPaging: function(slider, i) {\r\n                   return '<i type=\"button\" style= \"color:#788891;\" class=\"ultsl-record\" data-role=\"none\"><\/i>';\r\n                },});\r\n\t\t\t\t\t}\r\n\t\t\t\t});\r\n\t\t\t<\/script>\r\n\t\t\t\n  <\/div>\n  \n  \n  <\/div>\n[\/vc_column][\/vc_row][vc_row full_width=&#8220;stretch_row&#8220; el_class=&#8220;vc-row-related-content&#8220; css=&#8220;.vc_custom_1524184785822{background-color: #347eb5 !important;}&#8220;][vc_column][vc_column_text]<\/p>\n<h2>\u00c4hnliche Inhalte<\/h2>\n<p>[\/vc_column_text]<div id=\"ult-carousel-58396753569d1120b0ddfa\" class=\"ult-carousel-wrapper  vc-el-carousel-related-content ult_horizontal\" data-gutter=\"0\" data-rtl=\"false\" ><div class=\"ult-carousel-108836437669d1120b0ddd7 \" >[vc_column_text]<a href=\"https:\/\/solidedge.siemens.com\/wp-content\/uploads\/2021\/09\/Siemens-SW-Solid-Edge-Technical-Publications-FS-78036-D7.pdf \">Datenblatt f\u00fcr Solid Edge Technische Publikationen herunterladen<\/a>[\/vc_column_text][vc_column_text]<a href=\"https:\/\/www.plm.automation.siemens.com\/store\/en-us\/solid-edge\/\">Erwerben Sie Solid Edge-L\u00f6sungen im Solid Edge-Store<\/a>[\/vc_column_text][vc_column_text]<a href=\"https:\/\/www.plm.automation.siemens.com\/en_us\/Images\/Ebook_Interactive_Technical_Documents_tcm1023-256256.pdf\">E-Book:<br \/>\nInteraktive technische Dokumente<\/a>[\/vc_column_text][vc_column_text]<a href=\"https:\/\/solidedge.siemens.com\/en\/resource\/report\/roi-of-solid-edge\/\">Sonderbericht:<br \/>\nDer ROI von Solid Edge<\/a>[\/vc_column_text]<\/div><\/div>\t\t\t<script type=\"text\/javascript\">\r\n\t\t\t\tjQuery(document).ready(function ($) {\r\n\t\t\t\t\tif( typeof jQuery('.ult-carousel-108836437669d1120b0ddd7').slick == \"function\"){\r\n\t\t\t\t\t\t$('.ult-carousel-108836437669d1120b0ddd7').slick({dots: true,autoplaySpeed: 5000,speed: 500,infinite: false,arrows: true,nextArrow: '<button type=\"button\" role=\"button\" aria-label=\"Next\" style=\"color:#ffffff; font-size:30px;background:rgba(255,255,255,0.2);\" class=\"slick-next square-bg\"><i class=\"ultsl-arrow-right6\"><\/i><\/button>',prevArrow: '<button type=\"button\" role=\"button\" aria-label=\"Previous\" style=\"color:#ffffff; font-size:30px;background:rgba(255,255,255,0.2);\" class=\"slick-prev square-bg\"><i class=\"ultsl-arrow-left6\"><\/i><\/button>',slidesToScroll:4,slidesToShow:4,swipe: true,draggable: true,touchMove: true,pauseOnHover: true,pauseOnFocus: false,responsive: [\r\n\t\t\t\t\t\t\t{\r\n\t\t\t\t\t\t\t  breakpoint: 1026,\r\n\t\t\t\t\t\t\t  settings: {\r\n\t\t\t\t\t\t\t\tslidesToShow: 4,\r\n\t\t\t\t\t\t\t\tslidesToScroll: 4,  \r\n\t\t\t\t\t\t\t  }\r\n\t\t\t\t\t\t\t},\r\n\t\t\t\t\t\t\t{\r\n\t\t\t\t\t\t\t  breakpoint: 1025,\r\n\t\t\t\t\t\t\t  settings: {\r\n\t\t\t\t\t\t\t\tslidesToShow: 2,\r\n\t\t\t\t\t\t\t\tslidesToScroll: 2\r\n\t\t\t\t\t\t\t  }\r\n\t\t\t\t\t\t\t},\r\n\t\t\t\t\t\t\t{\r\n\t\t\t\t\t\t\t  breakpoint: 760,\r\n\t\t\t\t\t\t\t  settings: {\r\n\t\t\t\t\t\t\t\tslidesToShow: 1,\r\n\t\t\t\t\t\t\t\tslidesToScroll: 1\r\n\t\t\t\t\t\t\t  }\r\n\t\t\t\t\t\t\t}\r\n\t\t\t\t\t\t],pauseOnDotsHover: true,customPaging: function(slider, i) {\r\n                   return '<i type=\"button\" style= \"color:#ffffff;\" class=\"ultsl-record\" data-role=\"none\"><\/i>';\r\n                },});\r\n\t\t\t\t\t}\r\n\t\t\t\t});\r\n\t\t\t<\/script>\r\n\t\t\t[\/vc_column][\/vc_row][vc_row full_width=&#8220;stretch_row&#8220; el_class=&#8220;footer-contact&#8220; css=&#8220;.vc_custom_1550170708528{background-color: #dedee3 !important;}&#8220;][vc_column]<div class=\"wpb_content_block wpb_content_element\"><div class=\"wpb_wrapper\"><\/div><\/div>[\/vc_column][\/vc_row]<\/p>\n","protected":false},"excerpt":{"rendered":"<p> Technical Publications The ability to clearly communicate the correct manufacturing, installation and maintenance procedures for your designs is essential to the performance of your products and the success of your business. Using Solid Edge technical publications solutions, your designers [&hellip;]<\/p>\n","protected":false},"author":23,"featured_media":0,"parent":2770,"menu_order":9,"comment_status":"closed","ping_status":"closed","template":"","meta":{"inline_featured_image":false},"yoast_head":"<!-- This site is optimized with the Yoast SEO plugin v18.4.1 - https:\/\/yoast.com\/wordpress\/plugins\/seo\/ -->\n<title>Technische Publikationen | Technische Dokumentation | Solid Edge<\/title>\n<meta name=\"description\" content=\"Mit der Solid Edge-Software f\u00fcr technische Publikationen erstellen Sie schnell Produktillustrationen und interaktive technische Dokumente.\" \/>\n<meta name=\"robots\" content=\"index, follow, max-snippet:-1, max-image-preview:large, max-video-preview:-1\" \/>\n<link rel=\"canonical\" href=\"https:\/\/solidedge.siemens.com\/de\/solutions\/products\/technical-publications\/\" \/>\n<meta property=\"og:locale\" content=\"de_DE\" \/>\n<meta property=\"og:type\" content=\"article\" \/>\n<meta property=\"og:title\" content=\"Technische Publikationen | Technische Dokumentation | Solid Edge\" \/>\n<meta property=\"og:description\" content=\"Mit der Solid Edge-Software f\u00fcr technische Publikationen erstellen Sie schnell Produktillustrationen und interaktive technische Dokumente.\" \/>\n<meta property=\"og:url\" content=\"https:\/\/solidedge.siemens.com\/de\/solutions\/products\/technical-publications\/\" \/>\n<meta property=\"og:site_name\" content=\"Solid Edge\" \/>\n<meta property=\"article:publisher\" content=\"https:\/\/www.facebook.com\/solidedge\" \/>\n<meta property=\"article:modified_time\" content=\"2022-06-24T13:57:27+00:00\" \/>\n<meta name=\"twitter:card\" content=\"summary_large_image\" \/>\n<meta name=\"twitter:site\" content=\"@siemensplm\" \/>\n<meta name=\"twitter:label1\" content=\"Gesch\u00e4tzte Lesezeit\" \/>\n\t<meta name=\"twitter:data1\" content=\"3 Minuten\" \/>\n<script type=\"application\/ld+json\" class=\"yoast-schema-graph\">{\"@context\":\"https:\/\/schema.org\",\"@graph\":[{\"@type\":\"Organization\",\"@id\":\"https:\/\/solidedge.siemens.com\/en\/#organization\",\"name\":\"Siemens Digital Industries Software\",\"url\":\"https:\/\/solidedge.siemens.com\/en\/\",\"sameAs\":[\"https:\/\/www.facebook.com\/solidedge\",\"https:\/\/www.instagram.com\/siemens\/\",\"https:\/\/www.linkedin.com\/company\/siemens-plm-software\",\"https:\/\/www.youtube.com\/user\/PolarionSoftware\",\"https:\/\/twitter.com\/siemensplm\"],\"logo\":{\"@type\":\"ImageObject\",\"@id\":\"https:\/\/solidedge.siemens.com\/en\/#logo\",\"inLanguage\":\"de-DE\",\"url\":\"https:\/\/solidedge.siemens.com\/wp-content\/uploads\/2018\/04\/logo-siemens-ifl@2x.png\",\"contentUrl\":\"https:\/\/solidedge.siemens.com\/wp-content\/uploads\/2018\/04\/logo-siemens-ifl@2x.png\",\"width\":640,\"height\":270,\"caption\":\"Siemens Digital Industries Software\"},\"image\":{\"@id\":\"https:\/\/solidedge.siemens.com\/en\/#logo\"}},{\"@type\":\"WebSite\",\"@id\":\"https:\/\/solidedge.siemens.com\/en\/#website\",\"url\":\"https:\/\/solidedge.siemens.com\/en\/\",\"name\":\"Solid Edge\",\"description\":\"Siemens Software\",\"publisher\":{\"@id\":\"https:\/\/solidedge.siemens.com\/en\/#organization\"},\"potentialAction\":[{\"@type\":\"SearchAction\",\"target\":{\"@type\":\"EntryPoint\",\"urlTemplate\":\"https:\/\/solidedge.siemens.com\/en\/?s={search_term_string}\"},\"query-input\":\"required name=search_term_string\"}],\"inLanguage\":\"de-DE\"},{\"@type\":\"WebPage\",\"@id\":\"https:\/\/solidedge.siemens.com\/de\/solutions\/products\/technical-publications\/#webpage\",\"url\":\"https:\/\/solidedge.siemens.com\/de\/solutions\/products\/technical-publications\/\",\"name\":\"Technische Publikationen | Technische Dokumentation | Solid Edge\",\"isPartOf\":{\"@id\":\"https:\/\/solidedge.siemens.com\/en\/#website\"},\"datePublished\":\"2019-04-01T14:22:21+00:00\",\"dateModified\":\"2022-06-24T13:57:27+00:00\",\"description\":\"Mit der Solid Edge-Software f\u00fcr technische Publikationen erstellen Sie schnell Produktillustrationen und interaktive technische Dokumente.\",\"breadcrumb\":{\"@id\":\"https:\/\/solidedge.siemens.com\/de\/solutions\/products\/technical-publications\/#breadcrumb\"},\"inLanguage\":\"de-DE\",\"potentialAction\":[{\"@type\":\"ReadAction\",\"target\":[\"https:\/\/solidedge.siemens.com\/de\/solutions\/products\/technical-publications\/\"]}]},{\"@type\":\"BreadcrumbList\",\"@id\":\"https:\/\/solidedge.siemens.com\/de\/solutions\/products\/technical-publications\/#breadcrumb\",\"itemListElement\":[{\"@type\":\"ListItem\",\"position\":1,\"name\":\"Home\",\"item\":\"https:\/\/solidedge.siemens.com\/en\/home-7\/\"},{\"@type\":\"ListItem\",\"position\":2,\"name\":\"L&ouml;sungen\",\"item\":\"https:\/\/solidedge.siemens.com\/de\/solutions\/\"},{\"@type\":\"ListItem\",\"position\":3,\"name\":\"Produkte\",\"item\":\"https:\/\/solidedge.siemens.com\/de\/solutions\/products\/\"},{\"@type\":\"ListItem\",\"position\":4,\"name\":\"Technische Publikationen\"}]}]}<\/script>\n<!-- \/ Yoast SEO plugin. -->","yoast_head_json":{"title":"Technische Publikationen | Technische Dokumentation | Solid Edge","description":"Mit der Solid Edge-Software f\u00fcr technische Publikationen erstellen Sie schnell Produktillustrationen und interaktive technische Dokumente.","robots":{"index":"index","follow":"follow","max-snippet":"max-snippet:-1","max-image-preview":"max-image-preview:large","max-video-preview":"max-video-preview:-1"},"canonical":"https:\/\/solidedge.siemens.com\/de\/solutions\/products\/technical-publications\/","og_locale":"de_DE","og_type":"article","og_title":"Technische Publikationen | Technische Dokumentation | Solid Edge","og_description":"Mit der Solid Edge-Software f\u00fcr technische Publikationen erstellen Sie schnell Produktillustrationen und interaktive technische Dokumente.","og_url":"https:\/\/solidedge.siemens.com\/de\/solutions\/products\/technical-publications\/","og_site_name":"Solid Edge","article_publisher":"https:\/\/www.facebook.com\/solidedge","article_modified_time":"2022-06-24T13:57:27+00:00","twitter_card":"summary_large_image","twitter_site":"@siemensplm","twitter_misc":{"Gesch\u00e4tzte Lesezeit":"3 Minuten"},"schema":{"@context":"https:\/\/schema.org","@graph":[{"@type":"Organization","@id":"https:\/\/solidedge.siemens.com\/en\/#organization","name":"Siemens Digital Industries Software","url":"https:\/\/solidedge.siemens.com\/en\/","sameAs":["https:\/\/www.facebook.com\/solidedge","https:\/\/www.instagram.com\/siemens\/","https:\/\/www.linkedin.com\/company\/siemens-plm-software","https:\/\/www.youtube.com\/user\/PolarionSoftware","https:\/\/twitter.com\/siemensplm"],"logo":{"@type":"ImageObject","@id":"https:\/\/solidedge.siemens.com\/en\/#logo","inLanguage":"de-DE","url":"https:\/\/solidedge.siemens.com\/wp-content\/uploads\/2018\/04\/logo-siemens-ifl@2x.png","contentUrl":"https:\/\/solidedge.siemens.com\/wp-content\/uploads\/2018\/04\/logo-siemens-ifl@2x.png","width":640,"height":270,"caption":"Siemens Digital Industries Software"},"image":{"@id":"https:\/\/solidedge.siemens.com\/en\/#logo"}},{"@type":"WebSite","@id":"https:\/\/solidedge.siemens.com\/en\/#website","url":"https:\/\/solidedge.siemens.com\/en\/","name":"Solid Edge","description":"Siemens Software","publisher":{"@id":"https:\/\/solidedge.siemens.com\/en\/#organization"},"potentialAction":[{"@type":"SearchAction","target":{"@type":"EntryPoint","urlTemplate":"https:\/\/solidedge.siemens.com\/en\/?s={search_term_string}"},"query-input":"required name=search_term_string"}],"inLanguage":"de-DE"},{"@type":"WebPage","@id":"https:\/\/solidedge.siemens.com\/de\/solutions\/products\/technical-publications\/#webpage","url":"https:\/\/solidedge.siemens.com\/de\/solutions\/products\/technical-publications\/","name":"Technische Publikationen | Technische Dokumentation | Solid Edge","isPartOf":{"@id":"https:\/\/solidedge.siemens.com\/en\/#website"},"datePublished":"2019-04-01T14:22:21+00:00","dateModified":"2022-06-24T13:57:27+00:00","description":"Mit der Solid Edge-Software f\u00fcr technische Publikationen erstellen Sie schnell Produktillustrationen und interaktive technische Dokumente.","breadcrumb":{"@id":"https:\/\/solidedge.siemens.com\/de\/solutions\/products\/technical-publications\/#breadcrumb"},"inLanguage":"de-DE","potentialAction":[{"@type":"ReadAction","target":["https:\/\/solidedge.siemens.com\/de\/solutions\/products\/technical-publications\/"]}]},{"@type":"BreadcrumbList","@id":"https:\/\/solidedge.siemens.com\/de\/solutions\/products\/technical-publications\/#breadcrumb","itemListElement":[{"@type":"ListItem","position":1,"name":"Home","item":"https:\/\/solidedge.siemens.com\/en\/home-7\/"},{"@type":"ListItem","position":2,"name":"L&ouml;sungen","item":"https:\/\/solidedge.siemens.com\/de\/solutions\/"},{"@type":"ListItem","position":3,"name":"Produkte","item":"https:\/\/solidedge.siemens.com\/de\/solutions\/products\/"},{"@type":"ListItem","position":4,"name":"Technische Publikationen"}]}]}},"_links":{"self":[{"href":"https:\/\/solidedge.siemens.com\/de\/wp-json\/wp\/v2\/pages\/2656"}],"collection":[{"href":"https:\/\/solidedge.siemens.com\/de\/wp-json\/wp\/v2\/pages"}],"about":[{"href":"https:\/\/solidedge.siemens.com\/de\/wp-json\/wp\/v2\/types\/page"}],"author":[{"embeddable":true,"href":"https:\/\/solidedge.siemens.com\/de\/wp-json\/wp\/v2\/users\/23"}],"replies":[{"embeddable":true,"href":"https:\/\/solidedge.siemens.com\/de\/wp-json\/wp\/v2\/comments?post=2656"}],"version-history":[{"count":17,"href":"https:\/\/solidedge.siemens.com\/de\/wp-json\/wp\/v2\/pages\/2656\/revisions"}],"predecessor-version":[{"id":60120,"href":"https:\/\/solidedge.siemens.com\/de\/wp-json\/wp\/v2\/pages\/2656\/revisions\/60120"}],"up":[{"embeddable":true,"href":"https:\/\/solidedge.siemens.com\/de\/wp-json\/wp\/v2\/pages\/2770"}],"wp:attachment":[{"href":"https:\/\/solidedge.siemens.com\/de\/wp-json\/wp\/v2\/media?parent=2656"}],"curies":[{"name":"wp","href":"https:\/\/api.w.org\/{rel}","templated":true}]}}