{"id":2429,"date":"2019-04-01T10:23:33","date_gmt":"2019-04-01T14:23:33","guid":{"rendered":"https:\/\/solidedge.siemens.com\/cloud\/"},"modified":"2022-11-04T12:23:30","modified_gmt":"2022-11-04T16:23:30","slug":"cloud-ready-design","status":"publish","type":"page","link":"https:\/\/solidedge.siemens.com\/de\/solutions\/initiatives\/cloud-ready-design\/","title":{"rendered":"Cloud"},"content":{"rendered":"<p>[vc_row full_width=&#8220;stretch_row&#8220; full_height=&#8220;yes&#8220; content_placement=&#8220;middle&#8220; css=&#8220;.vc_custom_1525018965155{background: #a6a6a6 url(https:\/\/solidedge.siemens.com\/wp-content\/uploads\/2018\/04\/Cloud.jpg?id=907) !important;background-position: center !important;background-repeat: no-repeat !important;background-size: cover !important;}&#8220; el_class=&#8220;vc-row-hero-banner&#8220;][vc_column][vc_column_text el_class=&#8220;.vc-el-callout&#8220;]<\/p>\n<h1>Solid Edge delivers cloud-ready design &#8211; on your terms<\/h1>\n<p>Solid Edge delivers the cloud capabilities you need, by providing easy access to professional 3D CAD across different devices, instant configuration of your CAD environment to your personal preferences, and the ability to quickly share your data across your design resources and with suppliers and customers. With cloud-ready Solid Edge, the need for IT support will be limited. Freeing them up to work on productivity enhancing projects instead of daily system maintenance.<\/p>\n<p><a class=\"action-button\" href=\"\/en\/try-now\/\"><i class=\"icon-ext\"><\/i>Start Your Free Trial<\/a>[\/vc_column_text][\/vc_column][\/vc_row][vc_row el_class=&#8220;vc-row-accordion&#8220;][vc_column][vc_column_text el_class=&#8220;vc-el-lead-in&#8220;]Capabilities<\/p>\n<h2>Easy access from any device<\/h2>\n<p>Cloud-ready Solid Edge is installed and run from the user\u2019s local device ensuring consistently high performance and reliability. Your files are also cached locally further ensuring performance and reliability. Solid Edge users can continue to work uninterrupted even if they lose their internet connection. This is essential for CAD users when traveling, for those who work on customer sites and anyone who does not have a 100% reliable internet connection.[\/vc_column_text][vc_tta_accordion style=&#8220;flat&#8220; shape=&#8220;square&#8220; active_section=&#8220;0&#8243; no_fill=&#8220;true&#8220; collapsible_all=&#8220;true&#8220; el_class=&#8220;vc-el-accordion&#8220;][vc_tta_section title=&#8220;Einfacher CAD-Zugriff von jedem Ger\u00e4t&#8220; tab_id=&#8220;ui_easy_access_to_cad_from_any_device&#8220;][vc_row_inner][vc_column_inner width=&#8220;7\/12&#8243;][vc_column_text]<\/p>\n<h2>Easy Access to CAD From Any Device<\/h2>\n<p>Solid Edge follows you wherever you go. Your CAD license can be held on the cloud and a simple login lets you run Solid Edge wherever you are. And with the Solid Edge Portal, you have access to online CAD file viewing from any device\u2014with browser-based access for viewing CAD files on your phone, tablet, Chromebook, Mac, PC and more. This makes it easier for you to move from device to device, whether you are at a customer site or your home office.[\/vc_column_text][\/vc_column_inner][vc_column_inner width=&#8220;5\/12&#8243;][vc_single_image image=&#8220;908&#8243; img_size=&#8220;accordion-image&#8220; alignment=&#8220;center&#8220;][\/vc_column_inner][\/vc_row_inner][\/vc_tta_section][vc_tta_section title=&#8220;Ihre personalisierte CAD-Umgebung \u2013 jederzeit und \u00fcberall verf\u00fcgbar&#8220; tab_id=&#8220;ui_Personalized_CAD_Environment_At_Your_Fingertips&#8220;][vc_row_inner][vc_column_inner width=&#8220;7\/12&#8243;][vc_column_text]<\/p>\n<h2>Personalized CAD Environment At Your Fingertips<\/h2>\n<p>When you switch from one device to another, for example from using a workstation in the office to a tablet when visiting a customer, you can retrieve your personalized Solid Edge environment &#8211; including your menu options, colors, units and drawing standards &#8211; with just a few mouse clicks, and quickly complete cloud-based design tasks.[\/vc_column_text][\/vc_column_inner][vc_column_inner width=&#8220;5\/12&#8243;][vc_single_image image=&#8220;909&#8243; img_size=&#8220;accordion-image&#8220;][\/vc_column_inner][\/vc_row_inner][\/vc_tta_section][vc_tta_section title=&#8220;Bedarfsbasierte Software-Updates&#8220; tab_id=&#8220;ui_Software_Updates_Available_On_Demand&#8220;][vc_row_inner][vc_column_inner width=&#8220;7\/12&#8243;][vc_column_text]<\/p>\n<h2>Software Updates Available On-Demand<\/h2>\n<p>Instead of searching for, downloading and distributing software updates, you can give users the capability to directly access the latest Solid Edge maintenance pack and install it when you choose.[\/vc_column_text][\/vc_column_inner][vc_column_inner width=&#8220;5\/12&#8243;][vc_single_image image=&#8220;910&#8243; img_size=&#8220;accordion-image&#8220;][\/vc_column_inner][\/vc_row_inner][\/vc_tta_section][vc_tta_section title=&#8220;Problemloses Archivieren und Teilen von CAD-Dateien&#8220; tab_id=&#8220;ui_Easily_Vault_and_Share_Your_CAD_Files&#8220;][vc_row_inner][vc_column_inner width=&#8220;7\/12&#8243;][vc_column_text]<\/p>\n<h2>Easily Vault and Share Your CAD Files<\/h2>\n<p>Solid Edge users can leverage popular cloud-based file sharing software like Dropbox, Microsoft One Drive, Google Drive or Box to backup, share and collaborate on their CAD files. A complete vault of CAD files can be replicated at 2 or more sites enabling fast access to the data you need, and a file locking mechanism prevents one user from accidentally overwriting another user\u2019s changes. [\/vc_column_text][\/vc_column_inner][vc_column_inner width=&#8220;5\/12&#8243;][vc_single_image image=&#8220;911&#8243; img_size=&#8220;accordion-image&#8220;][\/vc_column_inner][\/vc_row_inner][\/vc_tta_section][\/vc_tta_accordion][\/vc_column][\/vc_row][vc_row full_width=&#8220;stretch_row&#8220; el_class=&#8220;vc-row-free-software&#8220; css=&#8220;.vc_custom_1523912493378{background-color: #006486 !important;}&#8220;][vc_column][vc_column_text el_class=&#8220;vc-el-lead-in&#8220;]FREE Software<\/p>\n<h2><span>Cloud-Ready Software for Design<\/span><\/h2>\n<p>[\/vc_column_text][vc_row_inner equal_height=&#8220;yes&#8220;][vc_column_inner width=&#8220;1\/2&#8243; offset=&#8220;vc_col-md-offset-0 vc_col-md-6&#8243;]<div class=\"wpb_content_block wpb_content_element\"><div class=\"wpb_wrapper\"><div class=\"content_block\" id=\"custom_post_widget-418\"><p>[vc_row][vc_column][vc_column_text]<\/p>\n<h3>Solid Edge kostenlos testen<\/h3>\n<p>Erhalten Sie sofortigen Zugriff auf eine kostenlose Testversion von Solid Edge und probieren Sie es selbst.[\/vc_column_text][vc_column_text]<a class=\"action-button\" href=\"\/de\/try-now\/\"><i class=\"icon-ext\"><\/i>Jetzt starten<\/a>[\/vc_column_text][\/vc_column][\/vc_row]<\/p>\n<\/div><\/div><\/div>[\/vc_column_inner][\/vc_row_inner][\/vc_column][\/vc_row][vc_row full_width=&#8220;stretch_row&#8220; el_class=&#8220;vc-row-related-content&#8220; css=&#8220;.vc_custom_1524184785822{background-color: #347eb5 !important;}&#8220;][vc_column][vc_column_text]<\/p>\n<h2>Related Content<\/h2>\n<p>[\/vc_column_text]<div id=\"ult-carousel-151122160469f3e4ae2cc61\" class=\"ult-carousel-wrapper  vc-el-carousel-related-content ult_horizontal\" data-gutter=\"0\" data-rtl=\"false\" ><div class=\"ult-carousel-93466473969f3e4ae2cc3e \" >[vc_column_text]<a href=\"https:\/\/www.plm.automation.siemens.com\/store\/en-us\/solid-edge\/\">Erwerben Sie Solid Edge im Siemens Digital Industries Software-Store<\/a>[\/vc_column_text][vc_column_text]<a href=\"https:\/\/community.plm.automation.siemens.com\/t5\/Solid-Edge-Knowledge-Base\/Cloud-Enabled-CAD-How-to-switch-your-Solid-Edge-license\/ta-p\/426336\">Cloudaktivierung Ihrer Solid Edge-Lizenz<\/a>[\/vc_column_text][vc_column_text]<a href=\"https:\/\/www.engineering.com\/PLMERP\/ArticleID\/12187\/PLM-This-Week-Solid-Edge-Introduces-Cloud-and-Data-Management-Autodesk-Revenues-Fall.aspx\">Media coverage:<br \/>\nSolid Edge introduces cloud <\/a>[\/vc_column_text]<\/div><\/div>\t\t\t<script type=\"text\/javascript\">\r\n\t\t\t\tjQuery(document).ready(function ($) {\r\n\t\t\t\t\tif( typeof jQuery('.ult-carousel-93466473969f3e4ae2cc3e').slick == \"function\"){\r\n\t\t\t\t\t\t$('.ult-carousel-93466473969f3e4ae2cc3e').slick({dots: true,autoplaySpeed: 5000,speed: 500,infinite: false,arrows: true,nextArrow: '<button type=\"button\" role=\"button\" aria-label=\"Next\" style=\"color:#ffffff; font-size:30px;background:rgba(255,255,255,0.2);\" class=\"slick-next square-bg\"><i class=\"ultsl-arrow-right6\"><\/i><\/button>',prevArrow: '<button type=\"button\" role=\"button\" aria-label=\"Previous\" style=\"color:#ffffff; font-size:30px;background:rgba(255,255,255,0.2);\" class=\"slick-prev square-bg\"><i class=\"ultsl-arrow-left6\"><\/i><\/button>',slidesToScroll:4,slidesToShow:4,swipe: true,draggable: true,touchMove: true,pauseOnHover: true,pauseOnFocus: false,responsive: [\r\n\t\t\t\t\t\t\t{\r\n\t\t\t\t\t\t\t  breakpoint: 1026,\r\n\t\t\t\t\t\t\t  settings: {\r\n\t\t\t\t\t\t\t\tslidesToShow: 4,\r\n\t\t\t\t\t\t\t\tslidesToScroll: 4,  \r\n\t\t\t\t\t\t\t  }\r\n\t\t\t\t\t\t\t},\r\n\t\t\t\t\t\t\t{\r\n\t\t\t\t\t\t\t  breakpoint: 1025,\r\n\t\t\t\t\t\t\t  settings: {\r\n\t\t\t\t\t\t\t\tslidesToShow: 2,\r\n\t\t\t\t\t\t\t\tslidesToScroll: 2\r\n\t\t\t\t\t\t\t  }\r\n\t\t\t\t\t\t\t},\r\n\t\t\t\t\t\t\t{\r\n\t\t\t\t\t\t\t  breakpoint: 760,\r\n\t\t\t\t\t\t\t  settings: {\r\n\t\t\t\t\t\t\t\tslidesToShow: 1,\r\n\t\t\t\t\t\t\t\tslidesToScroll: 1\r\n\t\t\t\t\t\t\t  }\r\n\t\t\t\t\t\t\t}\r\n\t\t\t\t\t\t],pauseOnDotsHover: true,customPaging: function(slider, i) {\r\n                   return '<i type=\"button\" style= \"color:#ffffff;\" class=\"ultsl-record\" data-role=\"none\"><\/i>';\r\n                },});\r\n\t\t\t\t\t}\r\n\t\t\t\t});\r\n\t\t\t<\/script>\r\n\t\t\t[\/vc_column][\/vc_row][vc_row full_width=&#8220;stretch_row&#8220; el_class=&#8220;footer-contact&#8220; css=&#8220;.vc_custom_1550170708528{background-color: #dedee3 !important;}&#8220;][vc_column]<div class=\"wpb_content_block wpb_content_element\"><div class=\"wpb_wrapper\"><\/div><\/div>[\/vc_column][\/vc_row][vc_row][vc_column][\/vc_column][\/vc_row]<\/p>\n","protected":false},"excerpt":{"rendered":"<p> Solid Edge delivers cloud-ready design &#8211; on your terms Solid Edge delivers the cloud capabilities you need, by providing easy access to professional 3D CAD across different devices, instant configuration of your CAD environment to your personal preferences, and [&hellip;]<\/p>\n","protected":false},"author":5,"featured_media":0,"parent":2752,"menu_order":100,"comment_status":"closed","ping_status":"closed","template":"","meta":{"inline_featured_image":false},"yoast_head":"<!-- This site is optimized with the Yoast SEO plugin v18.4.1 - https:\/\/yoast.com\/wordpress\/plugins\/seo\/ -->\n<title>Cloud | CAD, Zusammenarbeiten und Teilen | Solid Edge<\/title>\n<meta name=\"description\" content=\"Solid Edge bietet cloudf\u00e4hige CAD-Funktionen von verschiedenen Ger\u00e4ten, sofortige Konfiguration und die M\u00f6glichkeit, Ihre Daten schnell mit anderen gemeinsam zu nutzen.\" \/>\n<meta name=\"robots\" content=\"index, follow, max-snippet:-1, max-image-preview:large, max-video-preview:-1\" \/>\n<link rel=\"canonical\" href=\"https:\/\/solidedge.siemens.com\/de\/solutions\/initiatives\/cloud-ready-design\/\" \/>\n<meta property=\"og:locale\" content=\"de_DE\" \/>\n<meta property=\"og:type\" content=\"article\" \/>\n<meta property=\"og:title\" content=\"Cloud | CAD, Zusammenarbeiten und Teilen | Solid Edge\" \/>\n<meta property=\"og:description\" content=\"Solid Edge bietet cloudf\u00e4hige CAD-Funktionen von verschiedenen Ger\u00e4ten, sofortige Konfiguration und die M\u00f6glichkeit, Ihre Daten schnell mit anderen gemeinsam zu nutzen.\" \/>\n<meta property=\"og:url\" content=\"https:\/\/solidedge.siemens.com\/de\/solutions\/initiatives\/cloud-ready-design\/\" \/>\n<meta property=\"og:site_name\" content=\"Solid Edge\" \/>\n<meta property=\"article:publisher\" content=\"https:\/\/www.facebook.com\/solidedge\" \/>\n<meta property=\"article:modified_time\" content=\"2022-11-04T16:23:30+00:00\" \/>\n<meta name=\"twitter:card\" content=\"summary_large_image\" \/>\n<meta name=\"twitter:site\" content=\"@siemensplm\" \/>\n<meta name=\"twitter:label1\" content=\"Gesch\u00e4tzte Lesezeit\" \/>\n\t<meta name=\"twitter:data1\" content=\"5 Minuten\" \/>\n<script type=\"application\/ld+json\" class=\"yoast-schema-graph\">{\"@context\":\"https:\/\/schema.org\",\"@graph\":[{\"@type\":\"Organization\",\"@id\":\"https:\/\/solidedge.siemens.com\/en\/#organization\",\"name\":\"Siemens Digital Industries Software\",\"url\":\"https:\/\/solidedge.siemens.com\/en\/\",\"sameAs\":[\"https:\/\/www.facebook.com\/solidedge\",\"https:\/\/www.instagram.com\/siemens\/\",\"https:\/\/www.linkedin.com\/company\/siemens-plm-software\",\"https:\/\/www.youtube.com\/user\/PolarionSoftware\",\"https:\/\/twitter.com\/siemensplm\"],\"logo\":{\"@type\":\"ImageObject\",\"@id\":\"https:\/\/solidedge.siemens.com\/en\/#logo\",\"inLanguage\":\"de-DE\",\"url\":\"https:\/\/solidedge.siemens.com\/wp-content\/uploads\/2018\/04\/logo-siemens-ifl@2x.png\",\"contentUrl\":\"https:\/\/solidedge.siemens.com\/wp-content\/uploads\/2018\/04\/logo-siemens-ifl@2x.png\",\"width\":640,\"height\":270,\"caption\":\"Siemens Digital Industries Software\"},\"image\":{\"@id\":\"https:\/\/solidedge.siemens.com\/en\/#logo\"}},{\"@type\":\"WebSite\",\"@id\":\"https:\/\/solidedge.siemens.com\/en\/#website\",\"url\":\"https:\/\/solidedge.siemens.com\/en\/\",\"name\":\"Solid Edge\",\"description\":\"Siemens Software\",\"publisher\":{\"@id\":\"https:\/\/solidedge.siemens.com\/en\/#organization\"},\"potentialAction\":[{\"@type\":\"SearchAction\",\"target\":{\"@type\":\"EntryPoint\",\"urlTemplate\":\"https:\/\/solidedge.siemens.com\/en\/?s={search_term_string}\"},\"query-input\":\"required name=search_term_string\"}],\"inLanguage\":\"de-DE\"},{\"@type\":\"WebPage\",\"@id\":\"https:\/\/solidedge.siemens.com\/de\/solutions\/initiatives\/cloud-ready-design\/#webpage\",\"url\":\"https:\/\/solidedge.siemens.com\/de\/solutions\/initiatives\/cloud-ready-design\/\",\"name\":\"Cloud | CAD, Zusammenarbeiten und Teilen | Solid Edge\",\"isPartOf\":{\"@id\":\"https:\/\/solidedge.siemens.com\/en\/#website\"},\"datePublished\":\"2019-04-01T14:23:33+00:00\",\"dateModified\":\"2022-11-04T16:23:30+00:00\",\"description\":\"Solid Edge bietet cloudf\u00e4hige CAD-Funktionen von verschiedenen Ger\u00e4ten, sofortige Konfiguration und die M\u00f6glichkeit, Ihre Daten schnell mit anderen gemeinsam zu nutzen.\",\"breadcrumb\":{\"@id\":\"https:\/\/solidedge.siemens.com\/de\/solutions\/initiatives\/cloud-ready-design\/#breadcrumb\"},\"inLanguage\":\"de-DE\",\"potentialAction\":[{\"@type\":\"ReadAction\",\"target\":[\"https:\/\/solidedge.siemens.com\/de\/solutions\/initiatives\/cloud-ready-design\/\"]}]},{\"@type\":\"BreadcrumbList\",\"@id\":\"https:\/\/solidedge.siemens.com\/de\/solutions\/initiatives\/cloud-ready-design\/#breadcrumb\",\"itemListElement\":[{\"@type\":\"ListItem\",\"position\":1,\"name\":\"Home\",\"item\":\"https:\/\/solidedge.siemens.com\/en\/home-7\/\"},{\"@type\":\"ListItem\",\"position\":2,\"name\":\"L&ouml;sungen\",\"item\":\"https:\/\/solidedge.siemens.com\/de\/solutions\/\"},{\"@type\":\"ListItem\",\"position\":3,\"name\":\"Initiativen\",\"item\":\"https:\/\/solidedge.siemens.com\/de\/solutions\/initiatives\/\"},{\"@type\":\"ListItem\",\"position\":4,\"name\":\"Cloud\"}]}]}<\/script>\n<!-- \/ Yoast SEO plugin. -->","yoast_head_json":{"title":"Cloud | CAD, Zusammenarbeiten und Teilen | Solid Edge","description":"Solid Edge bietet cloudf\u00e4hige CAD-Funktionen von verschiedenen Ger\u00e4ten, sofortige Konfiguration und die M\u00f6glichkeit, Ihre Daten schnell mit anderen gemeinsam zu nutzen.","robots":{"index":"index","follow":"follow","max-snippet":"max-snippet:-1","max-image-preview":"max-image-preview:large","max-video-preview":"max-video-preview:-1"},"canonical":"https:\/\/solidedge.siemens.com\/de\/solutions\/initiatives\/cloud-ready-design\/","og_locale":"de_DE","og_type":"article","og_title":"Cloud | CAD, Zusammenarbeiten und Teilen | Solid Edge","og_description":"Solid Edge bietet cloudf\u00e4hige CAD-Funktionen von verschiedenen Ger\u00e4ten, sofortige Konfiguration und die M\u00f6glichkeit, Ihre Daten schnell mit anderen gemeinsam zu nutzen.","og_url":"https:\/\/solidedge.siemens.com\/de\/solutions\/initiatives\/cloud-ready-design\/","og_site_name":"Solid Edge","article_publisher":"https:\/\/www.facebook.com\/solidedge","article_modified_time":"2022-11-04T16:23:30+00:00","twitter_card":"summary_large_image","twitter_site":"@siemensplm","twitter_misc":{"Gesch\u00e4tzte Lesezeit":"5 Minuten"},"schema":{"@context":"https:\/\/schema.org","@graph":[{"@type":"Organization","@id":"https:\/\/solidedge.siemens.com\/en\/#organization","name":"Siemens Digital Industries Software","url":"https:\/\/solidedge.siemens.com\/en\/","sameAs":["https:\/\/www.facebook.com\/solidedge","https:\/\/www.instagram.com\/siemens\/","https:\/\/www.linkedin.com\/company\/siemens-plm-software","https:\/\/www.youtube.com\/user\/PolarionSoftware","https:\/\/twitter.com\/siemensplm"],"logo":{"@type":"ImageObject","@id":"https:\/\/solidedge.siemens.com\/en\/#logo","inLanguage":"de-DE","url":"https:\/\/solidedge.siemens.com\/wp-content\/uploads\/2018\/04\/logo-siemens-ifl@2x.png","contentUrl":"https:\/\/solidedge.siemens.com\/wp-content\/uploads\/2018\/04\/logo-siemens-ifl@2x.png","width":640,"height":270,"caption":"Siemens Digital Industries Software"},"image":{"@id":"https:\/\/solidedge.siemens.com\/en\/#logo"}},{"@type":"WebSite","@id":"https:\/\/solidedge.siemens.com\/en\/#website","url":"https:\/\/solidedge.siemens.com\/en\/","name":"Solid Edge","description":"Siemens Software","publisher":{"@id":"https:\/\/solidedge.siemens.com\/en\/#organization"},"potentialAction":[{"@type":"SearchAction","target":{"@type":"EntryPoint","urlTemplate":"https:\/\/solidedge.siemens.com\/en\/?s={search_term_string}"},"query-input":"required name=search_term_string"}],"inLanguage":"de-DE"},{"@type":"WebPage","@id":"https:\/\/solidedge.siemens.com\/de\/solutions\/initiatives\/cloud-ready-design\/#webpage","url":"https:\/\/solidedge.siemens.com\/de\/solutions\/initiatives\/cloud-ready-design\/","name":"Cloud | CAD, Zusammenarbeiten und Teilen | Solid Edge","isPartOf":{"@id":"https:\/\/solidedge.siemens.com\/en\/#website"},"datePublished":"2019-04-01T14:23:33+00:00","dateModified":"2022-11-04T16:23:30+00:00","description":"Solid Edge bietet cloudf\u00e4hige CAD-Funktionen von verschiedenen Ger\u00e4ten, sofortige Konfiguration und die M\u00f6glichkeit, Ihre Daten schnell mit anderen gemeinsam zu nutzen.","breadcrumb":{"@id":"https:\/\/solidedge.siemens.com\/de\/solutions\/initiatives\/cloud-ready-design\/#breadcrumb"},"inLanguage":"de-DE","potentialAction":[{"@type":"ReadAction","target":["https:\/\/solidedge.siemens.com\/de\/solutions\/initiatives\/cloud-ready-design\/"]}]},{"@type":"BreadcrumbList","@id":"https:\/\/solidedge.siemens.com\/de\/solutions\/initiatives\/cloud-ready-design\/#breadcrumb","itemListElement":[{"@type":"ListItem","position":1,"name":"Home","item":"https:\/\/solidedge.siemens.com\/en\/home-7\/"},{"@type":"ListItem","position":2,"name":"L&ouml;sungen","item":"https:\/\/solidedge.siemens.com\/de\/solutions\/"},{"@type":"ListItem","position":3,"name":"Initiativen","item":"https:\/\/solidedge.siemens.com\/de\/solutions\/initiatives\/"},{"@type":"ListItem","position":4,"name":"Cloud"}]}]}},"_links":{"self":[{"href":"https:\/\/solidedge.siemens.com\/de\/wp-json\/wp\/v2\/pages\/2429"}],"collection":[{"href":"https:\/\/solidedge.siemens.com\/de\/wp-json\/wp\/v2\/pages"}],"about":[{"href":"https:\/\/solidedge.siemens.com\/de\/wp-json\/wp\/v2\/types\/page"}],"author":[{"embeddable":true,"href":"https:\/\/solidedge.siemens.com\/de\/wp-json\/wp\/v2\/users\/5"}],"replies":[{"embeddable":true,"href":"https:\/\/solidedge.siemens.com\/de\/wp-json\/wp\/v2\/comments?post=2429"}],"version-history":[{"count":4,"href":"https:\/\/solidedge.siemens.com\/de\/wp-json\/wp\/v2\/pages\/2429\/revisions"}],"predecessor-version":[{"id":64941,"href":"https:\/\/solidedge.siemens.com\/de\/wp-json\/wp\/v2\/pages\/2429\/revisions\/64941"}],"up":[{"embeddable":true,"href":"https:\/\/solidedge.siemens.com\/de\/wp-json\/wp\/v2\/pages\/2752"}],"wp:attachment":[{"href":"https:\/\/solidedge.siemens.com\/de\/wp-json\/wp\/v2\/media?parent=2429"}],"curies":[{"name":"wp","href":"https:\/\/api.w.org\/{rel}","templated":true}]}}