{"id":238,"date":"2020-07-15T08:00:29","date_gmt":"2020-07-15T12:00:29","guid":{"rendered":"https:\/\/solidedge.siemens.com\/?page_id=238"},"modified":"2025-01-23T11:50:10","modified_gmt":"2025-01-23T16:50:10","slug":"overview","status":"publish","type":"page","link":"https:\/\/solidedge.siemens.com\/de\/free-software\/overview\/","title":{"rendered":"Free Software"},"content":{"rendered":"<p>[vc_row el_class=&#8220;vc-row-page-text-intro&#8220;][vc_column][vc_column_text]<\/p>\n<h1>Free Software Offerings<br \/>\nfrom Siemens Digital Industries Software<\/h1>\n<p>[\/vc_column_text][vc_column_text]<strong>Take the next step with Solid Edge!<\/strong><\/p>\n<p>Solid Edge is a portfolio of affordable, easy-to-use software tools that addresses all aspects of the product development process \u2013 3D design, simulation, manufacturing, technical publications, data management, and more.<\/p>\n<p>Download one of our free Solid Edge products or start a 30-day trial today! See all of our free options below.[\/vc_column_text][\/vc_column][\/vc_row][vc_row full_width=&#8220;stretch_row&#8220; disable_element=&#8220;yes&#8220; el_class=&#8220;vc-row-shoutbox&#8220; css=&#8220;.vc_custom_1703015979372{background-color: #424242 !important;}&#8220;][vc_column width=&#8220;1\/3&#8243;][vc_single_image source=&#8220;external_link&#8220; external_img_size=&#8220;full&#8220; custom_src=&#8220;https:\/\/blogs.sw.siemens.com\/wp-content\/uploads\/sites\/8\/2023\/11\/mvdi-keyvisual-srgb-16-9_medium-2048&#215;1151.jpeg&#8220;][\/vc_column][vc_column width=&#8220;2\/3&#8243;][vc_column_text el_class=&#8220;vc-el-lead-in&#8220;]Offer<\/p>\n<h2>Solid Edge Cyber Monday savings<\/h2>\n<p>Looking for professional product development software at a cost that fits your budget? On Black Friday and Cyber Monday, you can save big on new Solid Edge subscriptions. <span>Don\u2019t miss out \u2013 savings expire soon!<\/span><\/p>\n<p><a class=\"action-button\" href=\"https:\/\/blogs.sw.siemens.com\/solidedge\/solid-edge-cyber-monday-savings\/\" target=\"_blank\" rel=\"noopener\"><i class=\"icon-ext\"><\/i>Save now<\/a>[\/vc_column_text][\/vc_column][\/vc_row][vc_row full_width=&#8220;stretch_row&#8220; equal_height=&#8220;yes&#8220; el_class=&#8220;vc-row-linked-image-teasers&#8220; css=&#8220;.vc_custom_1525370555689{background-color: #13374e !important;}&#8220;][vc_column width=&#8220;1\/3&#8243;][vc_single_image image=&#8220;1027&#8243; img_size=&#8220;full&#8220; alignment=&#8220;center&#8220;][vc_column_text]<\/p>\n<h3><a id=\"free_software_link_0\" href=\"\/en\/try-now\/\">Solid Edge Free Trial<\/a><\/h3>\n<p>Download and use Solid Edge for 30 days on your PC. Take your product design to the next level with Solid Edge 3D CAD.[\/vc_column_text][\/vc_column][vc_column width=&#8220;1\/3&#8243;][vc_single_image image=&#8220;21874&#8243; img_size=&#8220;full&#8220; alignment=&#8220;center&#8220;][vc_column_text]<\/p>\n<h3><a id=\"free_software_link_10\" href=\"https:\/\/trials.sw.siemens.com\/solid-edge-wiring-and-harness-design\/\" target=\"_blank\" rel=\"noopener\">Solid Edge Wiring and Harness Design<\/a><\/h3>\n<p><span>Try our professional wiring and harness design software that allows users to create fast and accurate 2D layout of industrial control panels with cabinet panel design capabilities.<\/span>[\/vc_column_text][\/vc_column][vc_column width=&#8220;1\/3&#8243;][vc_single_image image=&#8220;61538&#8243; img_size=&#8220;full&#8220;][vc_column_text]<\/p>\n<h3><a href=\"https:\/\/trials.sw.siemens.com\/en-US\/trials\/solid-edge-3d-publishing\">Solid Edge 3D Publishing<\/a><\/h3>\n<p data-pm-slice=\"1 1 []\">Try Solid Edge 3D Publishing for free. Use this technical documentation software for clear, accurate publications &#8211; from illustrations to interactive 3D documents.<\/p>\n<p>[\/vc_column_text][\/vc_column][vc_column width=&#8220;1\/3&#8243;][vc_single_image image=&#8220;23466&#8243; img_size=&#8220;full&#8220; alignment=&#8220;center&#8220;][vc_column_text]<\/p>\n<h3><a id=\"free_software_link_6\" href=\"https:\/\/www.plm.automation.siemens.com\/global\/en\/topic\/solid-edge-for-startups\/8335\">Solid Edge for Startups<\/a><\/h3>\n<p>Qualifying startups are eligible for a free annual subscription to Solid Edge\u2014a comprehensive product development solution to help make your ideas a reality.[\/vc_column_text][\/vc_column][vc_column width=&#8220;1\/3&#8243;][vc_single_image image=&#8220;1021&#8243; img_size=&#8220;full&#8220; alignment=&#8220;center&#8220;][vc_column_text]<\/p>\n<h3><a id=\"free_software_link_3\" href=\"https:\/\/www.plm.automation.siemens.com\/plmapp\/education\/solid-edge\/en_us\/free-software\/student\">Solid Edge for Students<\/a><\/h3>\n<p>Build the skills you need with Solid Edge Student Edition software\u2014a free version of the same easy-to-use software suite used by professionals.[\/vc_column_text][\/vc_column][vc_column width=&#8220;1\/3&#8243;][vc_single_image image=&#8220;32809&#8243; img_size=&#8220;full&#8220; alignment=&#8220;center&#8220;][vc_column_text]<\/p>\n<h3><a id=\"free_software_link_4\" href=\"https:\/\/www.plm.automation.siemens.com\/plmapp\/education\/solid-edge\/en_us\/free-software\/teacher\">Solid Edge for Teachers<\/a><\/h3>\n<p>Prepare students of all ages for careers in science, technology, engineering and mathematics (STEM) with a free campus-wide license to Solid Edge[\/vc_column_text][\/vc_column][vc_column width=&#8220;1\/3&#8243;][vc_single_image image=&#8220;23453&#8243; img_size=&#8220;full&#8220; alignment=&#8220;center&#8220;][vc_column_text]<\/p>\n<h3><a id=\"free_software_link_5\" href=\"https:\/\/www.plm.automation.siemens.com\/plmapp\/education\/solid-edge\/en_us\/free-software\/community\">Solid Edge Community Edition<\/a><\/h3>\n<p>Free for anyone in the engineering community practicing their craft for personal satisfaction, , including makers and hobbyists.[\/vc_column_text][\/vc_column][vc_column width=&#8220;1\/3&#8243;][vc_single_image image=&#8220;53859&#8243; img_size=&#8220;full&#8220; alignment=&#8220;center&#8220;][vc_column_text]<\/p>\n<h3><a id=\"free_software_link_1\" href=\"https:\/\/www.plm.automation.siemens.com\/plmapp\/education\/solid-edge\/en_us\/free-software\/free-2d-cad\">Solid Edge 2D Drafting<\/a><\/h3>\n<p>Get free 2D CAD software: Download Solid Edge 2D Drafting from Siemens Digital Industries Software today. Everything you need for quick and easy 2D drafting and 2D drawing.[\/vc_column_text][\/vc_column][vc_column width=&#8220;1\/3&#8243;][vc_single_image image=&#8220;53898&#8243; img_size=&#8220;full&#8220; alignment=&#8220;center&#8220;][vc_column_text]<\/p>\n<h3><a id=\"free_software_link_7\" href=\"https:\/\/www.plm.automation.siemens.com\/plmapp\/education\/solid-edge\/en_us\/free-software\/viewer\">Solid Edge Free Viewer<\/a><\/h3>\n<p>The free Solid Edge Viewer allows you to interactively view Solid Edge 3D models and drawings.[\/vc_column_text][\/vc_column][vc_column width=&#8220;1\/3&#8243;][vc_single_image image=&#8220;53872&#8243; img_size=&#8220;full&#8220; alignment=&#8220;center&#8220;][vc_column_text]<\/p>\n<h3><a id=\"free_software_link_10\" href=\"https:\/\/www.plm.automation.siemens.com\/plmapp\/education\/solid-edge-cam-pro\/en_us\/free-software\/student\" target=\"_blank\" rel=\"noopener\">Solid Edge CAM Pro Student Edition<\/a><\/h3>\n<p><span>Try our professional CAM software that allows students to learn using the same professional Numerical Control (NC) programming solution used by industry-leading manufacturers around the world.<\/span>[\/vc_column_text][\/vc_column][vc_column width=&#8220;1\/3&#8243;][vc_single_image image=&#8220;53885&#8243; img_size=&#8220;full&#8220; alignment=&#8220;center&#8220;][vc_column_text]<\/p>\n<h3><a id=\"free_software_link_8\" href=\"https:\/\/www.plm.automation.siemens.com\/plmapp\/education\/solid-edge-floefd\/en_us\/free-software\/student\">Simcenter FloEFD for Solid Edge Student Edition<\/a><\/h3>\n<p>Simcenter FloEFD for Solid Edge, Computational Fluid Dynamics (CFD) fully embedded with Solid Edge for fluid flow and thermal simulation.[\/vc_column_text][\/vc_column][vc_column width=&#8220;1\/3&#8243;][vc_single_image image=&#8220;1023&#8243; img_size=&#8220;full&#8220; alignment=&#8220;center&#8220;][vc_column_text]<\/p>\n<h3><a id=\"free_software_link_9\" href=\"https:\/\/www.mentor.com\/products\/product-eval\/floefd-solid-edge-vlab\">Simcenter FloEFD for Solid Edge Virtual Lab <\/a><\/h3>\n<p>Find out how you can unleash the power of fluid flow and thermal simulation on your Solid Edge design with this Virtual Lab.[\/vc_column_text][\/vc_column][\/vc_row][vc_row full_width=&#8220;stretch_row&#8220; el_class=&#8220;vc-row-free-software&#8220; css=&#8220;.vc_custom_1523912493378{background-color: #006486 !important;}&#8220;][vc_column][vc_row_inner equal_height=&#8220;yes&#8220;][vc_column_inner width=&#8220;1\/2&#8243; offset=&#8220;vc_col-md-5&#8243;]<div class=\"wpb_content_block wpb_content_element\"><div class=\"wpb_wrapper\"><\/div><\/div>[\/vc_column_inner][vc_column_inner width=&#8220;1\/2&#8243; offset=&#8220;vc_col-md-offset-2 vc_col-md-5&#8243;]<div class=\"wpb_content_block wpb_content_element\"><div class=\"wpb_wrapper\"><div class=\"content_block\" id=\"custom_post_widget-419\"><p>[vc_row][vc_column][vc_column_text]<\/p>\n<h3>Kostenlose Software f\u00fcr Ihr Start-up<\/h3>\n<p>Wenn Sie ein junges, d.\u00a0h. ein vor weniger als drei Jahren gegr\u00fcndetes Start-up-Unternehmen f\u00fchren, k\u00f6nnen Sie sich jetzt f\u00fcr ein kostenloses Solid Edge-Jahresabo bewerben. Ohne Anmeldegeb\u00fchr![\/vc_column_text][vc_column_text]<a class=\"action-button\" href=\"https:\/\/www.plm.automation.siemens.com\/global\/de\/topic\/solid-edge-for-startups\/8335\"><i class=\"icon-ext\"><\/i>Jetzt bewerben<\/a>[\/vc_column_text][\/vc_column][\/vc_row]<\/p>\n<\/div><\/div><\/div>[\/vc_column_inner][\/vc_row_inner][\/vc_column][\/vc_row][vc_row full_width=&#8220;stretch_row&#8220; el_class=&#8220;vc-row-related-content&#8220; css=&#8220;.vc_custom_1524184785822{background-color: #347eb5 !important;}&#8220;][vc_column][vc_column_text]<\/p>\n<h2>Related Content<\/h2>\n<p>[\/vc_column_text]<div id=\"ult-carousel-58575568269d5817e257ae\" class=\"ult-carousel-wrapper  vc-el-carousel-related-content ult_horizontal\" data-gutter=\"0\" data-rtl=\"false\" ><div class=\"ult-carousel-209724725469d5817e2578c \" >[vc_column_text]<a href=\"https:\/\/solidedge.siemens.com\/de\/solutions\/products\/complete-product-development-portfolio\/\">Learn more about the Solid Edge Portfolio <\/a>[\/vc_column_text][vc_column_text]<a href=\"https:\/\/solidedge.siemens.com\/de\/solutions\/products\/3d-design\/synchronous-technology\/\">Solid Edge Synchronous Technology <\/a>[\/vc_column_text][vc_column_text]<a href=\"https:\/\/www.plm.automation.siemens.com\/en_us\/Images\/DEVELOP3D_SolidEdgeST8_tcm1023-238495.pdf\">DEVELOP3D: The Magic that is Synchronous Technology <\/a>[\/vc_column_text][vc_column_text]<a href=\"https:\/\/solidedge.siemens.com\/de\/solutions\/products\/3d-design\/next-generation-design\/\">Next Generation Design<\/a>[\/vc_column_text]<\/div><\/div>\t\t\t<script type=\"text\/javascript\">\r\n\t\t\t\tjQuery(document).ready(function ($) {\r\n\t\t\t\t\tif( typeof jQuery('.ult-carousel-209724725469d5817e2578c').slick == \"function\"){\r\n\t\t\t\t\t\t$('.ult-carousel-209724725469d5817e2578c').slick({dots: true,autoplaySpeed: 5000,speed: 500,infinite: false,arrows: true,nextArrow: '<button type=\"button\" role=\"button\" aria-label=\"Next\" style=\"color:#ffffff; font-size:30px;background:rgba(255,255,255,0.2);\" class=\"slick-next square-bg\"><i class=\"ultsl-arrow-right6\"><\/i><\/button>',prevArrow: '<button type=\"button\" role=\"button\" aria-label=\"Previous\" style=\"color:#ffffff; font-size:30px;background:rgba(255,255,255,0.2);\" class=\"slick-prev square-bg\"><i class=\"ultsl-arrow-left6\"><\/i><\/button>',slidesToScroll:4,slidesToShow:4,swipe: true,draggable: true,touchMove: true,pauseOnHover: true,pauseOnFocus: false,responsive: [\r\n\t\t\t\t\t\t\t{\r\n\t\t\t\t\t\t\t  breakpoint: 1026,\r\n\t\t\t\t\t\t\t  settings: {\r\n\t\t\t\t\t\t\t\tslidesToShow: 4,\r\n\t\t\t\t\t\t\t\tslidesToScroll: 4,  \r\n\t\t\t\t\t\t\t  }\r\n\t\t\t\t\t\t\t},\r\n\t\t\t\t\t\t\t{\r\n\t\t\t\t\t\t\t  breakpoint: 1025,\r\n\t\t\t\t\t\t\t  settings: {\r\n\t\t\t\t\t\t\t\tslidesToShow: 2,\r\n\t\t\t\t\t\t\t\tslidesToScroll: 2\r\n\t\t\t\t\t\t\t  }\r\n\t\t\t\t\t\t\t},\r\n\t\t\t\t\t\t\t{\r\n\t\t\t\t\t\t\t  breakpoint: 760,\r\n\t\t\t\t\t\t\t  settings: {\r\n\t\t\t\t\t\t\t\tslidesToShow: 1,\r\n\t\t\t\t\t\t\t\tslidesToScroll: 1\r\n\t\t\t\t\t\t\t  }\r\n\t\t\t\t\t\t\t}\r\n\t\t\t\t\t\t],pauseOnDotsHover: true,customPaging: function(slider, i) {\r\n                   return '<i type=\"button\" style= \"color:#ffffff;\" class=\"ultsl-record\" data-role=\"none\"><\/i>';\r\n                },});\r\n\t\t\t\t\t}\r\n\t\t\t\t});\r\n\t\t\t<\/script>\r\n\t\t\t[\/vc_column][\/vc_row]<\/p>\n","protected":false},"excerpt":{"rendered":"<p> Free Software Offerings from Siemens Digital Industries Software [\/vc_column_text]Take the next step with Solid Edge! Solid Edge is a portfolio of affordable, easy-to-use software tools that addresses all aspects of the product development process \u2013 3D design, simulation, manufacturing, technical publications, data management, and more. Download one of our free Solid Edge products [&hellip;]<\/p>\n","protected":false},"author":20,"featured_media":0,"parent":32,"menu_order":0,"comment_status":"closed","ping_status":"closed","template":"","meta":{"inline_featured_image":false},"yoast_head":"<!-- This site is optimized with the Yoast SEO plugin v18.4.1 - https:\/\/yoast.com\/wordpress\/plugins\/seo\/ -->\n<title>Free Software | 2D and 3D CAD | Solid Edge<\/title>\n<meta name=\"description\" content=\"Download free software and trials of Solid Edge 2D and 3D CAD software and, including design software for engineers, makers, hobbyists and students.\" \/>\n<meta name=\"robots\" content=\"index, follow, max-snippet:-1, max-image-preview:large, max-video-preview:-1\" \/>\n<link rel=\"canonical\" href=\"https:\/\/solidedge.siemens.com\/de\/free-software\/overview\/\" \/>\n<meta property=\"og:locale\" content=\"de_DE\" \/>\n<meta property=\"og:type\" content=\"article\" \/>\n<meta property=\"og:title\" content=\"Free Software | 2D and 3D CAD | Solid Edge\" \/>\n<meta property=\"og:description\" content=\"Download free software and trials of Solid Edge 2D and 3D CAD software and, including design software for engineers, makers, hobbyists and students.\" \/>\n<meta property=\"og:url\" content=\"https:\/\/solidedge.siemens.com\/en\/free-software\/overview\/\" \/>\n<meta property=\"og:site_name\" content=\"Solid Edge\" \/>\n<meta property=\"article:publisher\" content=\"https:\/\/www.facebook.com\/solidedge\" \/>\n<meta property=\"article:modified_time\" content=\"2025-01-23T16:50:10+00:00\" \/>\n<meta name=\"twitter:card\" content=\"summary_large_image\" \/>\n<meta name=\"twitter:site\" content=\"@siemensplm\" \/>\n<meta name=\"twitter:label1\" content=\"Gesch\u00e4tzte Lesezeit\" \/>\n\t<meta name=\"twitter:data1\" content=\"3 Minuten\" \/>\n<script type=\"application\/ld+json\" class=\"yoast-schema-graph\">{\"@context\":\"https:\/\/schema.org\",\"@graph\":[{\"@type\":\"Organization\",\"@id\":\"https:\/\/solidedge.siemens.com\/en\/#organization\",\"name\":\"Siemens Digital Industries Software\",\"url\":\"https:\/\/solidedge.siemens.com\/en\/\",\"sameAs\":[\"https:\/\/www.facebook.com\/solidedge\",\"https:\/\/www.instagram.com\/siemens\/\",\"https:\/\/www.linkedin.com\/company\/siemens-plm-software\",\"https:\/\/www.youtube.com\/user\/PolarionSoftware\",\"https:\/\/twitter.com\/siemensplm\"],\"logo\":{\"@type\":\"ImageObject\",\"@id\":\"https:\/\/solidedge.siemens.com\/en\/#logo\",\"inLanguage\":\"de-DE\",\"url\":\"https:\/\/solidedge.siemens.com\/wp-content\/uploads\/2018\/04\/logo-siemens-ifl@2x.png\",\"contentUrl\":\"https:\/\/solidedge.siemens.com\/wp-content\/uploads\/2018\/04\/logo-siemens-ifl@2x.png\",\"width\":640,\"height\":270,\"caption\":\"Siemens Digital Industries Software\"},\"image\":{\"@id\":\"https:\/\/solidedge.siemens.com\/en\/#logo\"}},{\"@type\":\"WebSite\",\"@id\":\"https:\/\/solidedge.siemens.com\/en\/#website\",\"url\":\"https:\/\/solidedge.siemens.com\/en\/\",\"name\":\"Solid Edge\",\"description\":\"Siemens Software\",\"publisher\":{\"@id\":\"https:\/\/solidedge.siemens.com\/en\/#organization\"},\"potentialAction\":[{\"@type\":\"SearchAction\",\"target\":{\"@type\":\"EntryPoint\",\"urlTemplate\":\"https:\/\/solidedge.siemens.com\/en\/?s={search_term_string}\"},\"query-input\":\"required name=search_term_string\"}],\"inLanguage\":\"de-DE\"},{\"@type\":\"WebPage\",\"@id\":\"https:\/\/solidedge.siemens.com\/en\/free-software\/overview\/#webpage\",\"url\":\"https:\/\/solidedge.siemens.com\/en\/free-software\/overview\/\",\"name\":\"Free Software | 2D and 3D CAD | Solid Edge\",\"isPartOf\":{\"@id\":\"https:\/\/solidedge.siemens.com\/en\/#website\"},\"datePublished\":\"2020-07-15T12:00:29+00:00\",\"dateModified\":\"2025-01-23T16:50:10+00:00\",\"description\":\"Download free software and trials of Solid Edge 2D and 3D CAD software and, including design software for engineers, makers, hobbyists and students.\",\"breadcrumb\":{\"@id\":\"https:\/\/solidedge.siemens.com\/en\/free-software\/overview\/#breadcrumb\"},\"inLanguage\":\"de-DE\",\"potentialAction\":[{\"@type\":\"ReadAction\",\"target\":[\"https:\/\/solidedge.siemens.com\/en\/free-software\/overview\/\"]}]},{\"@type\":\"BreadcrumbList\",\"@id\":\"https:\/\/solidedge.siemens.com\/en\/free-software\/overview\/#breadcrumb\",\"itemListElement\":[{\"@type\":\"ListItem\",\"position\":1,\"name\":\"Home\",\"item\":\"https:\/\/solidedge.siemens.com\/en\/home-7\/\"},{\"@type\":\"ListItem\",\"position\":2,\"name\":\"Free Software\",\"item\":\"https:\/\/solidedge.siemens.com\/en\/free-software\/\"},{\"@type\":\"ListItem\",\"position\":3,\"name\":\"Free Software\"}]}]}<\/script>\n<!-- \/ Yoast SEO plugin. -->","yoast_head_json":{"title":"Free Software | 2D and 3D CAD | Solid Edge","description":"Download free software and trials of Solid Edge 2D and 3D CAD software and, including design software for engineers, makers, hobbyists and students.","robots":{"index":"index","follow":"follow","max-snippet":"max-snippet:-1","max-image-preview":"max-image-preview:large","max-video-preview":"max-video-preview:-1"},"canonical":"https:\/\/solidedge.siemens.com\/de\/free-software\/overview\/","og_locale":"de_DE","og_type":"article","og_title":"Free Software | 2D and 3D CAD | Solid Edge","og_description":"Download free software and trials of Solid Edge 2D and 3D CAD software and, including design software for engineers, makers, hobbyists and students.","og_url":"https:\/\/solidedge.siemens.com\/en\/free-software\/overview\/","og_site_name":"Solid Edge","article_publisher":"https:\/\/www.facebook.com\/solidedge","article_modified_time":"2025-01-23T16:50:10+00:00","twitter_card":"summary_large_image","twitter_site":"@siemensplm","twitter_misc":{"Gesch\u00e4tzte Lesezeit":"3 Minuten"},"schema":{"@context":"https:\/\/schema.org","@graph":[{"@type":"Organization","@id":"https:\/\/solidedge.siemens.com\/en\/#organization","name":"Siemens Digital Industries Software","url":"https:\/\/solidedge.siemens.com\/en\/","sameAs":["https:\/\/www.facebook.com\/solidedge","https:\/\/www.instagram.com\/siemens\/","https:\/\/www.linkedin.com\/company\/siemens-plm-software","https:\/\/www.youtube.com\/user\/PolarionSoftware","https:\/\/twitter.com\/siemensplm"],"logo":{"@type":"ImageObject","@id":"https:\/\/solidedge.siemens.com\/en\/#logo","inLanguage":"de-DE","url":"https:\/\/solidedge.siemens.com\/wp-content\/uploads\/2018\/04\/logo-siemens-ifl@2x.png","contentUrl":"https:\/\/solidedge.siemens.com\/wp-content\/uploads\/2018\/04\/logo-siemens-ifl@2x.png","width":640,"height":270,"caption":"Siemens Digital Industries Software"},"image":{"@id":"https:\/\/solidedge.siemens.com\/en\/#logo"}},{"@type":"WebSite","@id":"https:\/\/solidedge.siemens.com\/en\/#website","url":"https:\/\/solidedge.siemens.com\/en\/","name":"Solid Edge","description":"Siemens Software","publisher":{"@id":"https:\/\/solidedge.siemens.com\/en\/#organization"},"potentialAction":[{"@type":"SearchAction","target":{"@type":"EntryPoint","urlTemplate":"https:\/\/solidedge.siemens.com\/en\/?s={search_term_string}"},"query-input":"required name=search_term_string"}],"inLanguage":"de-DE"},{"@type":"WebPage","@id":"https:\/\/solidedge.siemens.com\/en\/free-software\/overview\/#webpage","url":"https:\/\/solidedge.siemens.com\/en\/free-software\/overview\/","name":"Free Software | 2D and 3D CAD | Solid Edge","isPartOf":{"@id":"https:\/\/solidedge.siemens.com\/en\/#website"},"datePublished":"2020-07-15T12:00:29+00:00","dateModified":"2025-01-23T16:50:10+00:00","description":"Download free software and trials of Solid Edge 2D and 3D CAD software and, including design software for engineers, makers, hobbyists and students.","breadcrumb":{"@id":"https:\/\/solidedge.siemens.com\/en\/free-software\/overview\/#breadcrumb"},"inLanguage":"de-DE","potentialAction":[{"@type":"ReadAction","target":["https:\/\/solidedge.siemens.com\/en\/free-software\/overview\/"]}]},{"@type":"BreadcrumbList","@id":"https:\/\/solidedge.siemens.com\/en\/free-software\/overview\/#breadcrumb","itemListElement":[{"@type":"ListItem","position":1,"name":"Home","item":"https:\/\/solidedge.siemens.com\/en\/home-7\/"},{"@type":"ListItem","position":2,"name":"Free Software","item":"https:\/\/solidedge.siemens.com\/en\/free-software\/"},{"@type":"ListItem","position":3,"name":"Free Software"}]}]}},"_links":{"self":[{"href":"https:\/\/solidedge.siemens.com\/de\/wp-json\/wp\/v2\/pages\/238"}],"collection":[{"href":"https:\/\/solidedge.siemens.com\/de\/wp-json\/wp\/v2\/pages"}],"about":[{"href":"https:\/\/solidedge.siemens.com\/de\/wp-json\/wp\/v2\/types\/page"}],"author":[{"embeddable":true,"href":"https:\/\/solidedge.siemens.com\/de\/wp-json\/wp\/v2\/users\/20"}],"replies":[{"embeddable":true,"href":"https:\/\/solidedge.siemens.com\/de\/wp-json\/wp\/v2\/comments?post=238"}],"version-history":[{"count":9,"href":"https:\/\/solidedge.siemens.com\/de\/wp-json\/wp\/v2\/pages\/238\/revisions"}],"predecessor-version":[{"id":68810,"href":"https:\/\/solidedge.siemens.com\/de\/wp-json\/wp\/v2\/pages\/238\/revisions\/68810"}],"up":[{"embeddable":true,"href":"https:\/\/solidedge.siemens.com\/de\/wp-json\/wp\/v2\/pages\/32"}],"wp:attachment":[{"href":"https:\/\/solidedge.siemens.com\/de\/wp-json\/wp\/v2\/media?parent=238"}],"curies":[{"name":"wp","href":"https:\/\/api.w.org\/{rel}","templated":true}]}}