{"id":2220,"date":"2019-04-01T10:24:36","date_gmt":"2019-04-01T14:24:36","guid":{"rendered":"https:\/\/solidedge.siemens.com\/subscription-benefits\/"},"modified":"2022-12-02T15:36:20","modified_gmt":"2022-12-02T20:36:20","slug":"subscription-benefits","status":"publish","type":"page","link":"https:\/\/solidedge.siemens.com\/de\/how-to-buy\/subscription-benefits\/","title":{"rendered":"Abonnementvorteile"},"content":{"rendered":"<p>[vc_row el_class=&#8220;vc-row-page-image-intro&#8220;][vc_column][vc_column_text]<\/p>\n<h1>Abonnementvorteile<\/h1>\n<p>[\/vc_column_text][vc_row_inner][vc_column_inner][vc_column_text]<strong>3D-CAD f\u00fcr die Anforderungen Ihres Unternehmens<\/strong><\/p>\n<p>Suchen Sie professionelle 3D-CAD-Software, die zu Ihrem Budget passt? Erfahren Sie, wie Sie mit Monats- oder Jahresabonnements von Solid Edge die optimale L\u00f6sung finden.[\/vc_column_text][vc_column_text]<\/p>\n<p style=\"text-align: right;\"><a class=\"action-button\" href=\"https:\/\/www.dex.siemens.com\/plm\/solid-edge\/\"><i class=\"icon-ext\"><\/i>Jetzt abonnieren<\/a><\/p>\n<p>[\/vc_column_text][\/vc_column_inner][\/vc_row_inner][\/vc_column][\/vc_row][vc_row full_width=&#8220;stretch_row&#8220; el_class=&#8220;vc-row-shoutbox&#8220; css=&#8220;.vc_custom_1525635546433{background-color: #006486 !important;}&#8220;][vc_column width=&#8220;1\/3&#8243;][vc_single_image image=&#8220;1131&#8243; img_size=&#8220;full&#8220; alignment=&#8220;center&#8220;][\/vc_column][vc_column width=&#8220;2\/3&#8243;][vc_column_text el_class=&#8220;vc-el-lead-in&#8220;]Angebot<\/p>\n<h2>Erste Schritte mit unserer kostenlosen Testversion<\/h2>\n<p>M\u00f6chten Sie erfahren, was es mit Solid Edge auf sich hat? Probieren Sie unsere kostenlose Testversion aus. Sofortiger Download.<\/p>\n<p><a class=\"action-button\" href=\"\/en\/try-now\/\"><i class=\"icon-ext\"><\/i>Jetzt herunterladen<\/a>[\/vc_column_text][\/vc_column][\/vc_row][vc_row full_width=&#8220;stretch_row&#8220; el_class=&#8220;vc-row-video-highlight&#8220;][vc_column][vc_column_text el_class=&#8220;vc-el-lead-in&#8220;]Video<\/p>\n<h2>Mehr \u00fcber Solid Edge-Monatsabonnements erfahren<\/h2>\n<p>[\/vc_column_text]\n\n\n  <div id=\"wpv-view-layout-567-CATTRfc2d9de064799a98e5d3328e367dbae6\" class=\"js-wpv-view-layout js-wpv-layout-responsive js-wpv-view-layout-567-CATTRfc2d9de064799a98e5d3328e367dbae6\" data-viewnumber=\"567-CATTRfc2d9de064799a98e5d3328e367dbae6\" data-pagination=\"{&quot;id&quot;:567,&quot;query&quot;:&quot;normal&quot;,&quot;type&quot;:&quot;disabled&quot;,&quot;effect&quot;:&quot;fade&quot;,&quot;duration&quot;:500,&quot;speed&quot;:5,&quot;pause_on_hover&quot;:&quot;disabled&quot;,&quot;stop_rollover&quot;:&quot;false&quot;,&quot;cache_pages&quot;:&quot;enabled&quot;,&quot;preload_images&quot;:&quot;enabled&quot;,&quot;preload_pages&quot;:&quot;enabled&quot;,&quot;preload_reach&quot;:1,&quot;spinner&quot;:&quot;builtin&quot;,&quot;spinner_image&quot;:&quot;https:\/\/solidedge.siemens.com\/wp-content\/plugins\/wp-views\/embedded\/res\/img\/ajax-loader.gif&quot;,&quot;callback_next&quot;:&quot;&quot;,&quot;manage_history&quot;:&quot;disabled&quot;,&quot;has_controls_in_form&quot;:&quot;disabled&quot;,&quot;infinite_tolerance&quot;:&quot;0&quot;,&quot;max_pages&quot;:0,&quot;page&quot;:1,&quot;base_permalink&quot;:&quot;\/de\/wp-json\/wp\/v2\/pages\/2220?wpv_view_count=567-CATTRfc2d9de064799a98e5d3328e367dbae6&amp;wpv_paged=WPV_PAGE_NUM&quot;,&quot;loop&quot;:{&quot;type&quot;:&quot;&quot;,&quot;name&quot;:&quot;&quot;,&quot;data&quot;:[],&quot;id&quot;:0}}\" data-permalink=\"\/de\/wp-json\/wp\/v2\/pages\/2220?wpv_view_count=567-CATTRfc2d9de064799a98e5d3328e367dbae6\">\n\n  \n  <div class=\"wpv-resources\"><a name=\"video\" class=\"video-anchor\"><\/a>\n    <div id=\"ult-carousel-158288261369d09e7aa68c0\" class=\"ult-carousel-wrapper  vc-el-carousel-videos-embedded ult_horizontal\" data-gutter=\"0\" data-rtl=\"false\" ><div class=\"ult-carousel-178388049469d09e7aa689f \" >\n    \n    \n       <div><!-- slide container -->\n        <div class=\"wpv-resources-item\" data-mh=\".wpv-resources-item\">\n          <div class=\"resources-item-poster\">\n              \n              \n          <\/div>\n        <\/div>\n      <\/div>\n    \n    \n    <\/div><\/div>\t\t\t<script type=\"text\/javascript\">\r\n\t\t\t\tjQuery(document).ready(function ($) {\r\n\t\t\t\t\tif( typeof jQuery('.ult-carousel-178388049469d09e7aa689f').slick == \"function\"){\r\n\t\t\t\t\t\t$('.ult-carousel-178388049469d09e7aa689f').slick({dots: true,autoplaySpeed: 5000,speed: 500,infinite: false,arrows: true,nextArrow: '<button type=\"button\" role=\"button\" aria-label=\"Next\" style=\"color:#ffffff; font-size:30px;background:rgba(47,56,60,0.5);\" class=\"slick-next square-bg\"><i class=\"ultsl-arrow-right6\"><\/i><\/button>',prevArrow: '<button type=\"button\" role=\"button\" aria-label=\"Previous\" style=\"color:#ffffff; font-size:30px;background:rgba(47,56,60,0.5);\" class=\"slick-prev square-bg\"><i class=\"ultsl-arrow-left6\"><\/i><\/button>',slidesToScroll:1,slidesToShow:1,swipe: true,draggable: true,touchMove: true,pauseOnHover: true,pauseOnFocus: false,responsive: [\r\n\t\t\t\t\t\t\t{\r\n\t\t\t\t\t\t\t  breakpoint: 1026,\r\n\t\t\t\t\t\t\t  settings: {\r\n\t\t\t\t\t\t\t\tslidesToShow: 1,\r\n\t\t\t\t\t\t\t\tslidesToScroll: 1,  \r\n\t\t\t\t\t\t\t  }\r\n\t\t\t\t\t\t\t},\r\n\t\t\t\t\t\t\t{\r\n\t\t\t\t\t\t\t  breakpoint: 1025,\r\n\t\t\t\t\t\t\t  settings: {\r\n\t\t\t\t\t\t\t\tslidesToShow: 1,\r\n\t\t\t\t\t\t\t\tslidesToScroll: 1\r\n\t\t\t\t\t\t\t  }\r\n\t\t\t\t\t\t\t},\r\n\t\t\t\t\t\t\t{\r\n\t\t\t\t\t\t\t  breakpoint: 760,\r\n\t\t\t\t\t\t\t  settings: {\r\n\t\t\t\t\t\t\t\tslidesToShow: 1,\r\n\t\t\t\t\t\t\t\tslidesToScroll: 1\r\n\t\t\t\t\t\t\t  }\r\n\t\t\t\t\t\t\t}\r\n\t\t\t\t\t\t],pauseOnDotsHover: true,customPaging: function(slider, i) {\r\n                   return '<i type=\"button\" style= \"color:#788891;\" class=\"ultsl-record\" data-role=\"none\"><\/i>';\r\n                },});\r\n\t\t\t\t\t}\r\n\t\t\t\t});\r\n\t\t\t<\/script>\r\n\t\t\t\n  <\/div>\n  \n  \n  <\/div>\n[\/vc_column][\/vc_row][vc_row full_width=&#8220;stretch_row&#8220; el_class=&#8220;vc-row-testimonial-quote&#8220; css=&#8220;.vc_custom_1525135482098{background-color: #13374e !important;}&#8220;][vc_column offset=&#8220;vc_col-lg-offset-1 vc_col-lg-10&#8243;][vc_column_text el_class=&#8220;vc-el-testimonial-quote&#8220;]Das Outsourcing von Konstruktionsaufgaben h\u00e4ngt sehr von der jeweiligen Situation des Kunden ab. Wenn mehr Aufgaben ausgelagert werden m\u00fcssen, bieten monatliche Abonnements den Vorteil, dass die Anzahl von Lizenzen ganz einfach erh\u00f6ht werden kann. Umgekehrt l\u00e4sst sich die Anzahl genauso einfach auch wieder verringern. Wir sind der Meinung, dass diese Flexibilit\u00e4t hervorragend zu Ihrer Arbeitsweise passt.<\/p>\n<p style=\"text-align: right;\"><cite>Kazumasa Hirayama, Section Chief Headquarters Technology Department First Design Section, Sankyo Research and Development<\/cite><\/p>\n<p>[\/vc_column_text][\/vc_column][\/vc_row][vc_row full_width=&#8220;stretch_row&#8220; el_class=&#8220;vc-row-customer-stories&#8220;][vc_column][vc_column_text el_class=&#8220;vc-el-lead-in&#8220;]Kundenberichte<\/p>\n<h2>Wie Unternehmen durch Abonnements Vorteile erzielen<\/h2>\n<p>[\/vc_column_text]\n\n\n<div id=\"wpv-view-layout-570-CATTR2ce5e8e5ab9c5633de1fe4b4be4218ea\" class=\"js-wpv-view-layout js-wpv-layout-responsive js-wpv-view-layout-570-CATTR2ce5e8e5ab9c5633de1fe4b4be4218ea\" data-viewnumber=\"570-CATTR2ce5e8e5ab9c5633de1fe4b4be4218ea\" data-pagination=\"{&quot;id&quot;:570,&quot;query&quot;:&quot;normal&quot;,&quot;type&quot;:&quot;disabled&quot;,&quot;effect&quot;:&quot;fade&quot;,&quot;duration&quot;:500,&quot;speed&quot;:5,&quot;pause_on_hover&quot;:&quot;disabled&quot;,&quot;stop_rollover&quot;:&quot;false&quot;,&quot;cache_pages&quot;:&quot;enabled&quot;,&quot;preload_images&quot;:&quot;enabled&quot;,&quot;preload_pages&quot;:&quot;enabled&quot;,&quot;preload_reach&quot;:1,&quot;spinner&quot;:&quot;builtin&quot;,&quot;spinner_image&quot;:&quot;https:\/\/solidedge.siemens.com\/wp-content\/plugins\/wp-views\/embedded\/res\/img\/ajax-loader.gif&quot;,&quot;callback_next&quot;:&quot;&quot;,&quot;manage_history&quot;:&quot;disabled&quot;,&quot;has_controls_in_form&quot;:&quot;disabled&quot;,&quot;infinite_tolerance&quot;:&quot;0&quot;,&quot;max_pages&quot;:0,&quot;page&quot;:1,&quot;base_permalink&quot;:&quot;\/de\/wp-json\/wp\/v2\/pages\/2220?wpv_view_count=570-CATTR2ce5e8e5ab9c5633de1fe4b4be4218ea&amp;wpv_paged=WPV_PAGE_NUM&quot;,&quot;loop&quot;:{&quot;type&quot;:&quot;&quot;,&quot;name&quot;:&quot;&quot;,&quot;data&quot;:[],&quot;id&quot;:0}}\" data-permalink=\"\/de\/wp-json\/wp\/v2\/pages\/2220?wpv_view_count=570-CATTR2ce5e8e5ab9c5633de1fe4b4be4218ea\">\n\n\t\n    <div class=\"wpv-resources\">\n      <p class=\"see-more\"><a href=\"https:\/\/www.plm.automation.siemens.com\/global\/en\/our-story\/customers\/#\/?productKeywords=solidEdge\">See More Stories<\/a><\/p>\n      <div id=\"ult-carousel-123361271769d09e7ab645a\" class=\"ult-carousel-wrapper  vc-el-carousel-customer-stories ult_horizontal\" data-gutter=\"0\" data-rtl=\"false\" ><div class=\"ult-carousel-95761758069d09e7ab6438 \" >\n      \n      \n        <div><!-- slide container -->\n          <div class=\"wpv-resources-item\" data-mh=\".wpv-resources-item\">\n            <div class=\"resources-item-poster\"><a href=\"https:\/\/solidedge.siemens.com\/de\/customer-story\/hutton-technologies\/\" title=\"Read the Customer Story\"><img src=\"https:\/\/solidedge.siemens.com\/wp-content\/uploads\/2018\/05\/c-hutton.jpg\" alt=\"Hutton\" class=\"attachment-resources-poster size-resources-poster wp-post-image\" \/><\/a>\n            <\/div>\n            <div class=\"resources-item-content\">\n              <p class=\"resources-item-meta\">Hutton Technologies | UK<\/p>\n              <p class=\"resources-item-title\">Optimized Design for Manufacturing &#038; Sustainability<\/p>\n              <p class=\"resources-item-read-more\"><a href=\"https:\/\/solidedge.siemens.com\/de\/customer-story\/hutton-technologies\/\" title=\"Read the Customer Story\"><i class=\"icon-ext\"><\/i>Read the Customer Story<\/a><\/p>\n            <\/div>\n          <\/div>\n        <\/div>\n      \n        <div><!-- slide container -->\n          <div class=\"wpv-resources-item\" data-mh=\".wpv-resources-item\">\n            <div class=\"resources-item-poster\"><a href=\"https:\/\/solidedge.siemens.com\/de\/customer-story\/action-construction\/\" title=\"Read the Customer Story\"><img src=\"https:\/\/solidedge.siemens.com\/wp-content\/uploads\/2018\/05\/c-action-construction.jpg\" alt=\"Action Construction\" class=\"attachment-resources-poster size-resources-poster wp-post-image\" \/><\/a>\n            <\/div>\n            <div class=\"resources-item-content\">\n              <p class=\"resources-item-meta\">Action Construction | India<\/p>\n              <p class=\"resources-item-title\">Maintenance, Enhancement &#038; Support<\/p>\n              <p class=\"resources-item-read-more\"><a href=\"https:\/\/solidedge.siemens.com\/de\/customer-story\/action-construction\/\" title=\"Read the Customer Story\"><i class=\"icon-ext\"><\/i>Read the Customer Story<\/a><\/p>\n            <\/div>\n          <\/div>\n        <\/div>\n      \n        <div><!-- slide container -->\n          <div class=\"wpv-resources-item\" data-mh=\".wpv-resources-item\">\n            <div class=\"resources-item-poster\"><a href=\"https:\/\/solidedge.siemens.com\/de\/customer-story\/sankyo\/\" title=\"Read the Customer Story\"><img src=\"https:\/\/solidedge.siemens.com\/wp-content\/uploads\/2018\/05\/c-sankyo.jpg\" alt=\"Sankyo Research and Development\" class=\"attachment-resources-poster size-resources-poster wp-post-image\" \/><\/a>\n            <\/div>\n            <div class=\"resources-item-content\">\n              <p class=\"resources-item-meta\">Sankyo | Japan<\/p>\n              <p class=\"resources-item-title\">Sankyo<\/p>\n              <p class=\"resources-item-read-more\"><a href=\"https:\/\/solidedge.siemens.com\/de\/customer-story\/sankyo\/\" title=\"Read the Customer Story\"><i class=\"icon-ext\"><\/i>Read the Customer Story<\/a><\/p>\n            <\/div>\n          <\/div>\n        <\/div>\n      \n      \n      <\/div><\/div>\t\t\t<script type=\"text\/javascript\">\r\n\t\t\t\tjQuery(document).ready(function ($) {\r\n\t\t\t\t\tif( typeof jQuery('.ult-carousel-95761758069d09e7ab6438').slick == \"function\"){\r\n\t\t\t\t\t\t$('.ult-carousel-95761758069d09e7ab6438').slick({dots: true,autoplaySpeed: 5000,speed: 500,infinite: false,arrows: true,nextArrow: '<button type=\"button\" role=\"button\" aria-label=\"Next\" style=\"color:#ffffff; font-size:30px;background:rgba(47,56,60,0.5);\" class=\"slick-next square-bg\"><i class=\"ultsl-arrow-right6\"><\/i><\/button>',prevArrow: '<button type=\"button\" role=\"button\" aria-label=\"Previous\" style=\"color:#ffffff; font-size:30px;background:rgba(47,56,60,0.5);\" class=\"slick-prev square-bg\"><i class=\"ultsl-arrow-left6\"><\/i><\/button>',slidesToScroll:3,slidesToShow:3,swipe: true,draggable: true,touchMove: true,pauseOnHover: true,pauseOnFocus: false,responsive: [\r\n\t\t\t\t\t\t\t{\r\n\t\t\t\t\t\t\t  breakpoint: 1026,\r\n\t\t\t\t\t\t\t  settings: {\r\n\t\t\t\t\t\t\t\tslidesToShow: 3,\r\n\t\t\t\t\t\t\t\tslidesToScroll: 3,  \r\n\t\t\t\t\t\t\t  }\r\n\t\t\t\t\t\t\t},\r\n\t\t\t\t\t\t\t{\r\n\t\t\t\t\t\t\t  breakpoint: 1025,\r\n\t\t\t\t\t\t\t  settings: {\r\n\t\t\t\t\t\t\t\tslidesToShow: 2,\r\n\t\t\t\t\t\t\t\tslidesToScroll: 2\r\n\t\t\t\t\t\t\t  }\r\n\t\t\t\t\t\t\t},\r\n\t\t\t\t\t\t\t{\r\n\t\t\t\t\t\t\t  breakpoint: 760,\r\n\t\t\t\t\t\t\t  settings: {\r\n\t\t\t\t\t\t\t\tslidesToShow: 1,\r\n\t\t\t\t\t\t\t\tslidesToScroll: 1\r\n\t\t\t\t\t\t\t  }\r\n\t\t\t\t\t\t\t}\r\n\t\t\t\t\t\t],pauseOnDotsHover: true,customPaging: function(slider, i) {\r\n                   return '<i type=\"button\" style= \"color:#788891;\" class=\"ultsl-record\" data-role=\"none\"><\/i>';\r\n                },});\r\n\t\t\t\t\t}\r\n\t\t\t\t});\r\n\t\t\t<\/script>\r\n\t\t\t\n\t<\/div>\n\t\n\t\n<\/div>\n[\/vc_column][\/vc_row][vc_row full_width=&#8220;stretch_row&#8220; el_class=&#8220;vc-row-related-content&#8220; css=&#8220;.vc_custom_1524184785822{background-color: #347eb5 !important;}&#8220;][vc_column][vc_column_text]<\/p>\n<h2>\u00c4hnliche Inhalte<\/h2>\n<p>[\/vc_column_text]<div id=\"ult-carousel-3237533869d09e7ab68d6\" class=\"ult-carousel-wrapper  vc-el-carousel-related-content ult_horizontal\" data-gutter=\"0\" data-rtl=\"false\" ><div class=\"ult-carousel-119588211869d09e7ab68ba \" >[vc_column_text]<a href=\"https:\/\/www.dex.siemens.com\/plm\/solid-edge\/\">Besuchen Sie den Solid Edge Online Store<\/a>[\/vc_column_text][vc_column_text]<a href=\"https:\/\/www.plm.automation.siemens.com\/en_us\/Images\/Schnitger-Corp-CAD-Subscriptions-Strategic-Brief_tcm1023-229104.pdf\">CAD-Abonnements:<br \/>\nPerfekt f\u00fcr Ihre jeweiligen Anforderungen<\/a>[\/vc_column_text][vc_column_text]<a href=\"https:\/\/www.engineering.com\/DesignSoftware\/DesignSoftwareArticles\/ArticleID\/14951\/SOLIDWORKS-or-Solid-Edge.aspx \">Engineering.com:<br \/>\nSOLIDWORKS oder Solid Edge?<\/a>[\/vc_column_text]<\/div><\/div>\t\t\t<script type=\"text\/javascript\">\r\n\t\t\t\tjQuery(document).ready(function ($) {\r\n\t\t\t\t\tif( typeof jQuery('.ult-carousel-119588211869d09e7ab68ba').slick == \"function\"){\r\n\t\t\t\t\t\t$('.ult-carousel-119588211869d09e7ab68ba').slick({dots: true,autoplaySpeed: 5000,speed: 500,infinite: false,arrows: true,nextArrow: '<button type=\"button\" role=\"button\" aria-label=\"Next\" style=\"color:#ffffff; font-size:30px;background:rgba(255,255,255,0.2);\" class=\"slick-next square-bg\"><i class=\"ultsl-arrow-right6\"><\/i><\/button>',prevArrow: '<button type=\"button\" role=\"button\" aria-label=\"Previous\" style=\"color:#ffffff; font-size:30px;background:rgba(255,255,255,0.2);\" class=\"slick-prev square-bg\"><i class=\"ultsl-arrow-left6\"><\/i><\/button>',slidesToScroll:4,slidesToShow:4,swipe: true,draggable: true,touchMove: true,pauseOnHover: true,pauseOnFocus: false,responsive: [\r\n\t\t\t\t\t\t\t{\r\n\t\t\t\t\t\t\t  breakpoint: 1026,\r\n\t\t\t\t\t\t\t  settings: {\r\n\t\t\t\t\t\t\t\tslidesToShow: 4,\r\n\t\t\t\t\t\t\t\tslidesToScroll: 4,  \r\n\t\t\t\t\t\t\t  }\r\n\t\t\t\t\t\t\t},\r\n\t\t\t\t\t\t\t{\r\n\t\t\t\t\t\t\t  breakpoint: 1025,\r\n\t\t\t\t\t\t\t  settings: {\r\n\t\t\t\t\t\t\t\tslidesToShow: 2,\r\n\t\t\t\t\t\t\t\tslidesToScroll: 2\r\n\t\t\t\t\t\t\t  }\r\n\t\t\t\t\t\t\t},\r\n\t\t\t\t\t\t\t{\r\n\t\t\t\t\t\t\t  breakpoint: 760,\r\n\t\t\t\t\t\t\t  settings: {\r\n\t\t\t\t\t\t\t\tslidesToShow: 1,\r\n\t\t\t\t\t\t\t\tslidesToScroll: 1\r\n\t\t\t\t\t\t\t  }\r\n\t\t\t\t\t\t\t}\r\n\t\t\t\t\t\t],pauseOnDotsHover: true,customPaging: function(slider, i) {\r\n                   return '<i type=\"button\" style= \"color:#ffffff;\" class=\"ultsl-record\" data-role=\"none\"><\/i>';\r\n                },});\r\n\t\t\t\t\t}\r\n\t\t\t\t});\r\n\t\t\t<\/script>\r\n\t\t\t[\/vc_column][\/vc_row][vc_row full_width=&#8220;stretch_row&#8220; el_class=&#8220;footer-contact&#8220; css=&#8220;.vc_custom_1550170708528{background-color: #dedee3 !important;}&#8220;][vc_column]<div class=\"wpb_content_block wpb_content_element\"><div class=\"wpb_wrapper\"><\/div><\/div>[\/vc_column][\/vc_row]<\/p>\n","protected":false},"excerpt":{"rendered":"<p> Abonnementvorteile [\/vc_column_text]3D-CAD f\u00fcr die Anforderungen Ihres Unternehmens Suchen Sie professionelle 3D-CAD-Software, die zu Ihrem Budget passt? Erfahren Sie, wie Sie mit Monats- oder Jahresabonnements von Solid Edge die optimale L\u00f6sung finden.[\/vc_column_text] Jetzt abonnieren [\/vc_column_text][\/vc_column_inner][\/vc_row_inner][\/vc_column][\/vc_row][\/vc_column]Angebot Erste Schritte mit unserer kostenlosen Testversion M\u00f6chten Sie [&hellip;]<\/p>\n","protected":false},"author":5,"featured_media":0,"parent":2791,"menu_order":1,"comment_status":"closed","ping_status":"closed","template":"","meta":{"inline_featured_image":false},"yoast_head":"<!-- This site is optimized with the Yoast SEO plugin v18.4.1 - https:\/\/yoast.com\/wordpress\/plugins\/seo\/ -->\n<title>Solid Edge-Abonnementvorteile | Monatlich und j\u00e4hrlich | Abonnementsoftware<\/title>\n<meta name=\"description\" content=\"Sie suchen eine professionelle 3D-CAD-Software, die zu Ihrem Budget passt? Erfahren Sie, wie Sie mit Solid Edge-Abonnements die optimale L\u00f6sung finden.\" \/>\n<meta name=\"robots\" content=\"index, follow, max-snippet:-1, max-image-preview:large, max-video-preview:-1\" \/>\n<link rel=\"canonical\" href=\"https:\/\/solidedge.siemens.com\/de\/how-to-buy\/subscription-benefits\/\" \/>\n<meta property=\"og:locale\" content=\"de_DE\" \/>\n<meta property=\"og:type\" content=\"article\" \/>\n<meta property=\"og:title\" content=\"Solid Edge-Abonnementvorteile | Monatlich und j\u00e4hrlich | Abonnementsoftware\" \/>\n<meta property=\"og:description\" content=\"Sie suchen eine professionelle 3D-CAD-Software, die zu Ihrem Budget passt? Erfahren Sie, wie Sie mit Solid Edge-Abonnements die optimale L\u00f6sung finden.\" \/>\n<meta property=\"og:url\" content=\"https:\/\/solidedge.siemens.com\/de\/how-to-buy\/subscription-benefits\/\" \/>\n<meta property=\"og:site_name\" content=\"Solid Edge\" \/>\n<meta property=\"article:publisher\" content=\"https:\/\/www.facebook.com\/solidedge\" \/>\n<meta property=\"article:modified_time\" content=\"2022-12-02T20:36:20+00:00\" \/>\n<meta name=\"twitter:card\" content=\"summary_large_image\" \/>\n<meta name=\"twitter:site\" content=\"@siemensplm\" \/>\n<meta name=\"twitter:label1\" content=\"Gesch\u00e4tzte Lesezeit\" \/>\n\t<meta name=\"twitter:data1\" content=\"1 Minute\" \/>\n<script type=\"application\/ld+json\" class=\"yoast-schema-graph\">{\"@context\":\"https:\/\/schema.org\",\"@graph\":[{\"@type\":\"Organization\",\"@id\":\"https:\/\/solidedge.siemens.com\/en\/#organization\",\"name\":\"Siemens Digital Industries Software\",\"url\":\"https:\/\/solidedge.siemens.com\/en\/\",\"sameAs\":[\"https:\/\/www.facebook.com\/solidedge\",\"https:\/\/www.instagram.com\/siemens\/\",\"https:\/\/www.linkedin.com\/company\/siemens-plm-software\",\"https:\/\/www.youtube.com\/user\/PolarionSoftware\",\"https:\/\/twitter.com\/siemensplm\"],\"logo\":{\"@type\":\"ImageObject\",\"@id\":\"https:\/\/solidedge.siemens.com\/en\/#logo\",\"inLanguage\":\"de-DE\",\"url\":\"https:\/\/solidedge.siemens.com\/wp-content\/uploads\/2018\/04\/logo-siemens-ifl@2x.png\",\"contentUrl\":\"https:\/\/solidedge.siemens.com\/wp-content\/uploads\/2018\/04\/logo-siemens-ifl@2x.png\",\"width\":640,\"height\":270,\"caption\":\"Siemens Digital Industries Software\"},\"image\":{\"@id\":\"https:\/\/solidedge.siemens.com\/en\/#logo\"}},{\"@type\":\"WebSite\",\"@id\":\"https:\/\/solidedge.siemens.com\/en\/#website\",\"url\":\"https:\/\/solidedge.siemens.com\/en\/\",\"name\":\"Solid Edge\",\"description\":\"Siemens Software\",\"publisher\":{\"@id\":\"https:\/\/solidedge.siemens.com\/en\/#organization\"},\"potentialAction\":[{\"@type\":\"SearchAction\",\"target\":{\"@type\":\"EntryPoint\",\"urlTemplate\":\"https:\/\/solidedge.siemens.com\/en\/?s={search_term_string}\"},\"query-input\":\"required name=search_term_string\"}],\"inLanguage\":\"de-DE\"},{\"@type\":\"WebPage\",\"@id\":\"https:\/\/solidedge.siemens.com\/de\/how-to-buy\/subscription-benefits\/#webpage\",\"url\":\"https:\/\/solidedge.siemens.com\/de\/how-to-buy\/subscription-benefits\/\",\"name\":\"Solid Edge-Abonnementvorteile | Monatlich und j\u00e4hrlich | Abonnementsoftware\",\"isPartOf\":{\"@id\":\"https:\/\/solidedge.siemens.com\/en\/#website\"},\"datePublished\":\"2019-04-01T14:24:36+00:00\",\"dateModified\":\"2022-12-02T20:36:20+00:00\",\"description\":\"Sie suchen eine professionelle 3D-CAD-Software, die zu Ihrem Budget passt? Erfahren Sie, wie Sie mit Solid Edge-Abonnements die optimale L\u00f6sung finden.\",\"breadcrumb\":{\"@id\":\"https:\/\/solidedge.siemens.com\/de\/how-to-buy\/subscription-benefits\/#breadcrumb\"},\"inLanguage\":\"de-DE\",\"potentialAction\":[{\"@type\":\"ReadAction\",\"target\":[\"https:\/\/solidedge.siemens.com\/de\/how-to-buy\/subscription-benefits\/\"]}]},{\"@type\":\"BreadcrumbList\",\"@id\":\"https:\/\/solidedge.siemens.com\/de\/how-to-buy\/subscription-benefits\/#breadcrumb\",\"itemListElement\":[{\"@type\":\"ListItem\",\"position\":1,\"name\":\"Home\",\"item\":\"https:\/\/solidedge.siemens.com\/en\/home-7\/\"},{\"@type\":\"ListItem\",\"position\":2,\"name\":\"Kaufoptionen\",\"item\":\"https:\/\/solidedge.siemens.com\/de\/how-to-buy\/\"},{\"@type\":\"ListItem\",\"position\":3,\"name\":\"Abonnementvorteile\"}]}]}<\/script>\n<!-- \/ Yoast SEO plugin. -->","yoast_head_json":{"title":"Solid Edge-Abonnementvorteile | Monatlich und j\u00e4hrlich | Abonnementsoftware","description":"Sie suchen eine professionelle 3D-CAD-Software, die zu Ihrem Budget passt? Erfahren Sie, wie Sie mit Solid Edge-Abonnements die optimale L\u00f6sung finden.","robots":{"index":"index","follow":"follow","max-snippet":"max-snippet:-1","max-image-preview":"max-image-preview:large","max-video-preview":"max-video-preview:-1"},"canonical":"https:\/\/solidedge.siemens.com\/de\/how-to-buy\/subscription-benefits\/","og_locale":"de_DE","og_type":"article","og_title":"Solid Edge-Abonnementvorteile | Monatlich und j\u00e4hrlich | Abonnementsoftware","og_description":"Sie suchen eine professionelle 3D-CAD-Software, die zu Ihrem Budget passt? Erfahren Sie, wie Sie mit Solid Edge-Abonnements die optimale L\u00f6sung finden.","og_url":"https:\/\/solidedge.siemens.com\/de\/how-to-buy\/subscription-benefits\/","og_site_name":"Solid Edge","article_publisher":"https:\/\/www.facebook.com\/solidedge","article_modified_time":"2022-12-02T20:36:20+00:00","twitter_card":"summary_large_image","twitter_site":"@siemensplm","twitter_misc":{"Gesch\u00e4tzte Lesezeit":"1 Minute"},"schema":{"@context":"https:\/\/schema.org","@graph":[{"@type":"Organization","@id":"https:\/\/solidedge.siemens.com\/en\/#organization","name":"Siemens Digital Industries Software","url":"https:\/\/solidedge.siemens.com\/en\/","sameAs":["https:\/\/www.facebook.com\/solidedge","https:\/\/www.instagram.com\/siemens\/","https:\/\/www.linkedin.com\/company\/siemens-plm-software","https:\/\/www.youtube.com\/user\/PolarionSoftware","https:\/\/twitter.com\/siemensplm"],"logo":{"@type":"ImageObject","@id":"https:\/\/solidedge.siemens.com\/en\/#logo","inLanguage":"de-DE","url":"https:\/\/solidedge.siemens.com\/wp-content\/uploads\/2018\/04\/logo-siemens-ifl@2x.png","contentUrl":"https:\/\/solidedge.siemens.com\/wp-content\/uploads\/2018\/04\/logo-siemens-ifl@2x.png","width":640,"height":270,"caption":"Siemens Digital Industries Software"},"image":{"@id":"https:\/\/solidedge.siemens.com\/en\/#logo"}},{"@type":"WebSite","@id":"https:\/\/solidedge.siemens.com\/en\/#website","url":"https:\/\/solidedge.siemens.com\/en\/","name":"Solid Edge","description":"Siemens Software","publisher":{"@id":"https:\/\/solidedge.siemens.com\/en\/#organization"},"potentialAction":[{"@type":"SearchAction","target":{"@type":"EntryPoint","urlTemplate":"https:\/\/solidedge.siemens.com\/en\/?s={search_term_string}"},"query-input":"required name=search_term_string"}],"inLanguage":"de-DE"},{"@type":"WebPage","@id":"https:\/\/solidedge.siemens.com\/de\/how-to-buy\/subscription-benefits\/#webpage","url":"https:\/\/solidedge.siemens.com\/de\/how-to-buy\/subscription-benefits\/","name":"Solid Edge-Abonnementvorteile | Monatlich und j\u00e4hrlich | Abonnementsoftware","isPartOf":{"@id":"https:\/\/solidedge.siemens.com\/en\/#website"},"datePublished":"2019-04-01T14:24:36+00:00","dateModified":"2022-12-02T20:36:20+00:00","description":"Sie suchen eine professionelle 3D-CAD-Software, die zu Ihrem Budget passt? Erfahren Sie, wie Sie mit Solid Edge-Abonnements die optimale L\u00f6sung finden.","breadcrumb":{"@id":"https:\/\/solidedge.siemens.com\/de\/how-to-buy\/subscription-benefits\/#breadcrumb"},"inLanguage":"de-DE","potentialAction":[{"@type":"ReadAction","target":["https:\/\/solidedge.siemens.com\/de\/how-to-buy\/subscription-benefits\/"]}]},{"@type":"BreadcrumbList","@id":"https:\/\/solidedge.siemens.com\/de\/how-to-buy\/subscription-benefits\/#breadcrumb","itemListElement":[{"@type":"ListItem","position":1,"name":"Home","item":"https:\/\/solidedge.siemens.com\/en\/home-7\/"},{"@type":"ListItem","position":2,"name":"Kaufoptionen","item":"https:\/\/solidedge.siemens.com\/de\/how-to-buy\/"},{"@type":"ListItem","position":3,"name":"Abonnementvorteile"}]}]}},"_links":{"self":[{"href":"https:\/\/solidedge.siemens.com\/de\/wp-json\/wp\/v2\/pages\/2220"}],"collection":[{"href":"https:\/\/solidedge.siemens.com\/de\/wp-json\/wp\/v2\/pages"}],"about":[{"href":"https:\/\/solidedge.siemens.com\/de\/wp-json\/wp\/v2\/types\/page"}],"author":[{"embeddable":true,"href":"https:\/\/solidedge.siemens.com\/de\/wp-json\/wp\/v2\/users\/5"}],"replies":[{"embeddable":true,"href":"https:\/\/solidedge.siemens.com\/de\/wp-json\/wp\/v2\/comments?post=2220"}],"version-history":[{"count":7,"href":"https:\/\/solidedge.siemens.com\/de\/wp-json\/wp\/v2\/pages\/2220\/revisions"}],"predecessor-version":[{"id":65870,"href":"https:\/\/solidedge.siemens.com\/de\/wp-json\/wp\/v2\/pages\/2220\/revisions\/65870"}],"up":[{"embeddable":true,"href":"https:\/\/solidedge.siemens.com\/de\/wp-json\/wp\/v2\/pages\/2791"}],"wp:attachment":[{"href":"https:\/\/solidedge.siemens.com\/de\/wp-json\/wp\/v2\/media?parent=2220"}],"curies":[{"name":"wp","href":"https:\/\/api.w.org\/{rel}","templated":true}]}}