{"id":20164,"date":"2019-08-26T13:24:09","date_gmt":"2019-08-26T17:24:09","guid":{"rendered":"https:\/\/solidedge.siemens.com\/?page_id=20164"},"modified":"2021-12-29T08:46:25","modified_gmt":"2021-12-29T13:46:25","slug":"augmented-reality","status":"publish","type":"page","link":"https:\/\/solidedge.siemens.com\/de\/solutions\/products\/cloud-based-collaboration\/teamcenter-share\/augmented-reality\/","title":{"rendered":"Augmented Reality"},"content":{"rendered":"<p>[vc_row full_width=&#8220;stretch_row&#8220; full_height=&#8220;yes&#8220; content_placement=&#8220;middle&#8220; css=&#8220;.vc_custom_1560142590297{background: #a6a6a6 url(https:\/\/solidedge.siemens.com\/wp-content\/uploads\/2019\/06\/AugmentedRealityWashTech-cover.jpg?id=17291) !important;background-position: center !important;background-repeat: no-repeat !important;background-size: cover !important;}&#8220; el_class=&#8220;vc-row-hero-banner&#8220;][vc_column][vc_column_text el_class=&#8220;.vc-el-callout&#8220;]<\/p>\n<h1>Solid Edge Augmented Reality<\/h1>\n<p>Erwecken Sie Ihre Ideen mit der Konstruktionsdarstellung zum Leben. Mit Solid Edge Augmented Reality k\u00f6nnen Anwender digitale Prototypen im Originalma\u00dfstab und unter realistischen Bedingungen erleben und die physische mit der digitalen Welt verbinden. So kann eine Konstruktion bereits vor der Fertigung in der vorgesehenen Umgebung \u00fcberzeugend dargestellt werden.[\/vc_column_text][\/vc_column][\/vc_row][vc_row el_class=&#8220;vc-row-accordion&#8220;][vc_column][vc_column_text]Funktionen<!-- wpml:html_fragment --><\/p>\n<h2>Augmented Reality<\/h2>\n<p>[\/vc_column_text][vc_tta_accordion style=&#8220;flat&#8220; shape=&#8220;square&#8220; active_section=&#8220;0&#8243; no_fill=&#8220;true&#8220; collapsible_all=&#8220;true&#8220; el_class=&#8220;vc-el-accordion&#8220;][vc_tta_section title=&#8220;Kommunizieren der Konstruktionsabsicht in der vorgesehenen physischen Umgebung&#8220; tab_id=&#8220;ui-communicate-design-intent&#8220;][vc_row_inner][vc_column_inner][vc_column_text]<\/p>\n<h2>Kommunizieren der Konstruktionsabsicht in der vorgesehenen physischen Umgebung<\/h2>\n<p>Konstrukteure und Marketingspezialisten profitieren gleicherma\u00dfen von der M\u00f6glichkeit, zu \u00fcberpr\u00fcfen, wie eine Konstruktion in ihrer vorgesehenen Umgebung aussehen wird. So steigt das Vertrauen in das beabsichtigte Erscheinungsbild des Produkts, ohne es tats\u00e4chlich verf\u00fcgbar machen zu m\u00fcssen. Durch Ver\u00e4ndern der Wahrnehmung mithilfe digitaler Informationen k\u00f6nnen Anwender 3D-Modelle so betrachten, als w\u00fcrden Sie physisch existieren.[\/vc_column_text][\/vc_column_inner][\/vc_row_inner][\/vc_tta_section][vc_tta_section title=&#8220;Kostenloser, einfacher Zugriff auf die Virtualisierung der n\u00e4chsten Generation&#8220; tab_id=&#8220;ui-next-generation-virtualization&#8220;][vc_column_text]<\/p>\n<h2>Ein kostenloser und einfacher Zugang zur Virtualisierung der n\u00e4chsten Generation<\/h2>\n<p>Mit Solid Edge Augmented Reality k\u00f6nnen Sie Produkte \u00fcberall in ihrem Originalma\u00dfstab bzw. bei gr\u00f6\u00dferen Produkten in verkleinertem Ma\u00dfstab darstellen. Dies geschieht \u00fcber eine kostenlose Anwendung mithilfe eines digitalen Prototyps der n\u00e4chsten Generation. So steigt das Vertrauen in das beabsichtigte Erscheinungsbild des Produkts, bevor das Produkt \u00fcberhaupt die Fertigungsebene verlassen hat.[\/vc_column_text][\/vc_tta_section][vc_tta_section title=&#8220;Unterst\u00fctzt den gemeinsamen Konstruktionsprozess&#8220; tab_id=&#8220;ui-design-collaboration&#8220;][vc_column_text]<\/p>\n<h2>Unterst\u00fctzt den gemeinsamen Konstruktionsprozess<\/h2>\n<p>Solid Edge Augmented Reality eignet sich hervorragend zum \u00dcberpr\u00fcfen von Konstruktionen. Mit einem genauen Abbild der Form\/Gr\u00f6\u00dfe des Produkts k\u00f6nnen Kunden und Kollegen besser verstehen, wie sich das Produkt in die vorgesehene Umgebung einf\u00fcgen wird, selbst wenn die Teams geografisch weit voneinander entfernt sind. Zu den Vorteilen der Implementierung z\u00e4hlen eine k\u00fcrzere Markteinf\u00fchrungszeit mit niedrigeren Kosten, Qualit\u00e4tsverbesserungen und eine gesteigerte Produktivit\u00e4t.<\/p>\n<p>[\/vc_column_text][\/vc_tta_section][vc_tta_section title=&#8220;Sicheres Austauschen&#8220; tab_id=&#8220;ui-secure-sharing&#8220;][vc_column_text]<\/p>\n<h2>Sicheres Austauschen<\/h2>\n<p>Das kostenlose Solid Edge-Portal erm\u00f6glicht ein sicheres Austauschen von AR-Erfahrungen \u00fcber die Cloud.[\/vc_column_text][\/vc_tta_section][vc_tta_section title=&#8220;Ausweiten der AR auf andere Augmented,- Virtual- und Mixed Reality-Erfahrungen&#8220; tab_id=&#8220;ui-extending-ar&#8220;][vc_column_text]<\/p>\n<h2>Ausweiten der AR auf andere Augmented,- Virtual- und Mixed Reality-Erfahrungen<\/h2>\n<p>Solid Edge kann OBJ-Dateien f\u00fcr andere Augmented,- Virtual- und Mixed Reality (AR\/VR\/MR)-Erfahrungen von Drittanbietern exportieren.[\/vc_column_text][\/vc_tta_section][\/vc_tta_accordion][\/vc_column][\/vc_row][vc_row full_width=&#8220;stretch_row&#8220; el_class=&#8220;vc-row-free-software&#8220; css=&#8220;.vc_custom_1523912493378{background-color: #006486 !important;}&#8220;][vc_column][vc_column_text el_class=&#8220;vc-el-lead-in&#8220;]KOSTENLOSE Software<!-- wpml:html_fragment --><\/p>\n<h2>Kostenlose 3D-CAD-Konstruktionssoftware<\/h2>\n<p>[\/vc_column_text][vc_row_inner equal_height=&#8220;yes&#8220;][vc_column_inner width=&#8220;1\/2&#8243; offset=&#8220;vc_col-md-5&#8243;]<div class=\"wpb_content_block wpb_content_element\"><div class=\"wpb_wrapper\"><div class=\"content_block\" id=\"custom_post_widget-419\"><p>[vc_row][vc_column][vc_column_text]<\/p>\n<h3>Kostenlose Software f\u00fcr Ihr Start-up<\/h3>\n<p>Wenn Sie ein junges, d.\u00a0h. ein vor weniger als drei Jahren gegr\u00fcndetes Start-up-Unternehmen f\u00fchren, k\u00f6nnen Sie sich jetzt f\u00fcr ein kostenloses Solid Edge-Jahresabo bewerben. Ohne Anmeldegeb\u00fchr![\/vc_column_text][vc_column_text]<a class=\"action-button\" href=\"https:\/\/www.plm.automation.siemens.com\/global\/de\/topic\/solid-edge-for-startups\/8335\"><i class=\"icon-ext\"><\/i>Jetzt bewerben<\/a>[\/vc_column_text][\/vc_column][\/vc_row]<\/p>\n<\/div><\/div><\/div>[\/vc_column_inner][vc_column_inner width=&#8220;1\/2&#8243; offset=&#8220;vc_col-md-offset-2 vc_col-md-5&#8243;]<div class=\"wpb_content_block wpb_content_element\"><div class=\"wpb_wrapper\"><div class=\"content_block\" id=\"custom_post_widget-418\"><p>[vc_row][vc_column][vc_column_text]<\/p>\n<h3>Solid Edge kostenlos testen<\/h3>\n<p>Erhalten Sie sofortigen Zugriff auf eine kostenlose Testversion von Solid Edge und probieren Sie es selbst.[\/vc_column_text][vc_column_text]<a class=\"action-button\" href=\"\/de\/try-now\/\"><i class=\"icon-ext\"><\/i>Jetzt starten<\/a>[\/vc_column_text][\/vc_column][\/vc_row]<\/p>\n<\/div><\/div><\/div>[\/vc_column_inner][\/vc_row_inner][\/vc_column][\/vc_row][vc_row full_width=&#8220;stretch_row&#8220; el_class=&#8220;footer-contact&#8220; css=&#8220;.vc_custom_1550170708528{background-color: #dedee3 !important;}&#8220;][vc_column]<div class=\"wpb_content_block wpb_content_element\"><div class=\"wpb_wrapper\"><\/div><\/div>[\/vc_column][\/vc_row]<\/p>\n","protected":false},"excerpt":{"rendered":"<p>Mit Solid Edge Augmented Reality k&ouml;nnen Benutzer digitale Prototypen im Originalma&szlig;stab und unter realistischen Bedingungen erleben und ihre Ideen zum Leben erwecken.<\/p>\n","protected":false},"author":5,"featured_media":0,"parent":54165,"menu_order":0,"comment_status":"closed","ping_status":"closed","template":"","meta":{"inline_featured_image":false},"yoast_head":"<!-- This site is optimized with the Yoast SEO plugin v18.4.1 - https:\/\/yoast.com\/wordpress\/plugins\/seo\/ -->\n<title>Augmented Reality | Solid Edge<\/title>\n<meta name=\"description\" content=\"Mit Solid Edge Augmented Reality k&ouml;nnen Benutzer digitale Prototypen im Originalma&szlig;stab und unter realistischen Bedingungen erleben und ihre Ideen zum Leben erwecken.\" \/>\n<meta name=\"robots\" content=\"index, follow, max-snippet:-1, max-image-preview:large, max-video-preview:-1\" \/>\n<link rel=\"canonical\" href=\"https:\/\/solidedge.siemens.com\/de\/solutions\/products\/cloud-based-collaboration\/teamcenter-share\/augmented-reality\/\" \/>\n<meta property=\"og:locale\" content=\"de_DE\" \/>\n<meta property=\"og:type\" content=\"article\" \/>\n<meta property=\"og:title\" content=\"Augmented Reality | Solid Edge\" \/>\n<meta property=\"og:description\" content=\"Mit Solid Edge Augmented Reality k&ouml;nnen Benutzer digitale Prototypen im Originalma&szlig;stab und unter realistischen Bedingungen erleben und ihre Ideen zum Leben erwecken.\" \/>\n<meta property=\"og:url\" content=\"https:\/\/solidedge.siemens.com\/de\/solutions\/products\/cloud-based-collaboration\/teamcenter-share\/augmented-reality\/\" \/>\n<meta property=\"og:site_name\" content=\"Solid Edge\" \/>\n<meta property=\"article:publisher\" content=\"https:\/\/www.facebook.com\/solidedge\" \/>\n<meta property=\"article:modified_time\" content=\"2021-12-29T13:46:25+00:00\" \/>\n<meta name=\"twitter:card\" content=\"summary_large_image\" \/>\n<meta name=\"twitter:site\" content=\"@siemensplm\" \/>\n<meta name=\"twitter:label1\" content=\"Gesch\u00e4tzte Lesezeit\" \/>\n\t<meta name=\"twitter:data1\" content=\"3 Minuten\" \/>\n<script type=\"application\/ld+json\" class=\"yoast-schema-graph\">{\"@context\":\"https:\/\/schema.org\",\"@graph\":[{\"@type\":\"Organization\",\"@id\":\"https:\/\/solidedge.siemens.com\/en\/#organization\",\"name\":\"Siemens Digital Industries Software\",\"url\":\"https:\/\/solidedge.siemens.com\/en\/\",\"sameAs\":[\"https:\/\/www.facebook.com\/solidedge\",\"https:\/\/www.instagram.com\/siemens\/\",\"https:\/\/www.linkedin.com\/company\/siemens-plm-software\",\"https:\/\/www.youtube.com\/user\/PolarionSoftware\",\"https:\/\/twitter.com\/siemensplm\"],\"logo\":{\"@type\":\"ImageObject\",\"@id\":\"https:\/\/solidedge.siemens.com\/en\/#logo\",\"inLanguage\":\"de-DE\",\"url\":\"https:\/\/solidedge.siemens.com\/wp-content\/uploads\/2018\/04\/logo-siemens-ifl@2x.png\",\"contentUrl\":\"https:\/\/solidedge.siemens.com\/wp-content\/uploads\/2018\/04\/logo-siemens-ifl@2x.png\",\"width\":640,\"height\":270,\"caption\":\"Siemens Digital Industries Software\"},\"image\":{\"@id\":\"https:\/\/solidedge.siemens.com\/en\/#logo\"}},{\"@type\":\"WebSite\",\"@id\":\"https:\/\/solidedge.siemens.com\/en\/#website\",\"url\":\"https:\/\/solidedge.siemens.com\/en\/\",\"name\":\"Solid Edge\",\"description\":\"Siemens Software\",\"publisher\":{\"@id\":\"https:\/\/solidedge.siemens.com\/en\/#organization\"},\"potentialAction\":[{\"@type\":\"SearchAction\",\"target\":{\"@type\":\"EntryPoint\",\"urlTemplate\":\"https:\/\/solidedge.siemens.com\/en\/?s={search_term_string}\"},\"query-input\":\"required name=search_term_string\"}],\"inLanguage\":\"de-DE\"},{\"@type\":\"WebPage\",\"@id\":\"https:\/\/solidedge.siemens.com\/de\/solutions\/products\/cloud-based-collaboration\/teamcenter-share\/augmented-reality\/#webpage\",\"url\":\"https:\/\/solidedge.siemens.com\/de\/solutions\/products\/cloud-based-collaboration\/teamcenter-share\/augmented-reality\/\",\"name\":\"Augmented Reality | Solid Edge\",\"isPartOf\":{\"@id\":\"https:\/\/solidedge.siemens.com\/en\/#website\"},\"datePublished\":\"2019-08-26T17:24:09+00:00\",\"dateModified\":\"2021-12-29T13:46:25+00:00\",\"description\":\"Mit Solid Edge Augmented Reality k&ouml;nnen Benutzer digitale Prototypen im Originalma&szlig;stab und unter realistischen Bedingungen erleben und ihre Ideen zum Leben erwecken.\",\"breadcrumb\":{\"@id\":\"https:\/\/solidedge.siemens.com\/de\/solutions\/products\/cloud-based-collaboration\/teamcenter-share\/augmented-reality\/#breadcrumb\"},\"inLanguage\":\"de-DE\",\"potentialAction\":[{\"@type\":\"ReadAction\",\"target\":[\"https:\/\/solidedge.siemens.com\/de\/solutions\/products\/cloud-based-collaboration\/teamcenter-share\/augmented-reality\/\"]}]},{\"@type\":\"BreadcrumbList\",\"@id\":\"https:\/\/solidedge.siemens.com\/de\/solutions\/products\/cloud-based-collaboration\/teamcenter-share\/augmented-reality\/#breadcrumb\",\"itemListElement\":[{\"@type\":\"ListItem\",\"position\":1,\"name\":\"Home\",\"item\":\"https:\/\/solidedge.siemens.com\/en\/home-7\/\"},{\"@type\":\"ListItem\",\"position\":2,\"name\":\"L&ouml;sungen\",\"item\":\"https:\/\/solidedge.siemens.com\/de\/solutions\/\"},{\"@type\":\"ListItem\",\"position\":3,\"name\":\"Produkte\",\"item\":\"https:\/\/solidedge.siemens.com\/de\/solutions\/products\/\"},{\"@type\":\"ListItem\",\"position\":4,\"name\":\"Zusammenarbeit in der Cloud\",\"item\":\"https:\/\/solidedge.siemens.com\/de\/solutions\/products\/cloud-based-collaboration\/\"},{\"@type\":\"ListItem\",\"position\":5,\"name\":\"Teamcenter Share\",\"item\":\"https:\/\/solidedge.siemens.com\/de\/solutions\/products\/cloud-based-collaboration\/teamcenter-share\/\"},{\"@type\":\"ListItem\",\"position\":6,\"name\":\"Augmented Reality\"}]}]}<\/script>\n<!-- \/ Yoast SEO plugin. -->","yoast_head_json":{"title":"Augmented Reality | Solid Edge","description":"Mit Solid Edge Augmented Reality k&ouml;nnen Benutzer digitale Prototypen im Originalma&szlig;stab und unter realistischen Bedingungen erleben und ihre Ideen zum Leben erwecken.","robots":{"index":"index","follow":"follow","max-snippet":"max-snippet:-1","max-image-preview":"max-image-preview:large","max-video-preview":"max-video-preview:-1"},"canonical":"https:\/\/solidedge.siemens.com\/de\/solutions\/products\/cloud-based-collaboration\/teamcenter-share\/augmented-reality\/","og_locale":"de_DE","og_type":"article","og_title":"Augmented Reality | Solid Edge","og_description":"Mit Solid Edge Augmented Reality k&ouml;nnen Benutzer digitale Prototypen im Originalma&szlig;stab und unter realistischen Bedingungen erleben und ihre Ideen zum Leben erwecken.","og_url":"https:\/\/solidedge.siemens.com\/de\/solutions\/products\/cloud-based-collaboration\/teamcenter-share\/augmented-reality\/","og_site_name":"Solid Edge","article_publisher":"https:\/\/www.facebook.com\/solidedge","article_modified_time":"2021-12-29T13:46:25+00:00","twitter_card":"summary_large_image","twitter_site":"@siemensplm","twitter_misc":{"Gesch\u00e4tzte Lesezeit":"3 Minuten"},"schema":{"@context":"https:\/\/schema.org","@graph":[{"@type":"Organization","@id":"https:\/\/solidedge.siemens.com\/en\/#organization","name":"Siemens Digital Industries Software","url":"https:\/\/solidedge.siemens.com\/en\/","sameAs":["https:\/\/www.facebook.com\/solidedge","https:\/\/www.instagram.com\/siemens\/","https:\/\/www.linkedin.com\/company\/siemens-plm-software","https:\/\/www.youtube.com\/user\/PolarionSoftware","https:\/\/twitter.com\/siemensplm"],"logo":{"@type":"ImageObject","@id":"https:\/\/solidedge.siemens.com\/en\/#logo","inLanguage":"de-DE","url":"https:\/\/solidedge.siemens.com\/wp-content\/uploads\/2018\/04\/logo-siemens-ifl@2x.png","contentUrl":"https:\/\/solidedge.siemens.com\/wp-content\/uploads\/2018\/04\/logo-siemens-ifl@2x.png","width":640,"height":270,"caption":"Siemens Digital Industries Software"},"image":{"@id":"https:\/\/solidedge.siemens.com\/en\/#logo"}},{"@type":"WebSite","@id":"https:\/\/solidedge.siemens.com\/en\/#website","url":"https:\/\/solidedge.siemens.com\/en\/","name":"Solid Edge","description":"Siemens Software","publisher":{"@id":"https:\/\/solidedge.siemens.com\/en\/#organization"},"potentialAction":[{"@type":"SearchAction","target":{"@type":"EntryPoint","urlTemplate":"https:\/\/solidedge.siemens.com\/en\/?s={search_term_string}"},"query-input":"required name=search_term_string"}],"inLanguage":"de-DE"},{"@type":"WebPage","@id":"https:\/\/solidedge.siemens.com\/de\/solutions\/products\/cloud-based-collaboration\/teamcenter-share\/augmented-reality\/#webpage","url":"https:\/\/solidedge.siemens.com\/de\/solutions\/products\/cloud-based-collaboration\/teamcenter-share\/augmented-reality\/","name":"Augmented Reality | Solid Edge","isPartOf":{"@id":"https:\/\/solidedge.siemens.com\/en\/#website"},"datePublished":"2019-08-26T17:24:09+00:00","dateModified":"2021-12-29T13:46:25+00:00","description":"Mit Solid Edge Augmented Reality k&ouml;nnen Benutzer digitale Prototypen im Originalma&szlig;stab und unter realistischen Bedingungen erleben und ihre Ideen zum Leben erwecken.","breadcrumb":{"@id":"https:\/\/solidedge.siemens.com\/de\/solutions\/products\/cloud-based-collaboration\/teamcenter-share\/augmented-reality\/#breadcrumb"},"inLanguage":"de-DE","potentialAction":[{"@type":"ReadAction","target":["https:\/\/solidedge.siemens.com\/de\/solutions\/products\/cloud-based-collaboration\/teamcenter-share\/augmented-reality\/"]}]},{"@type":"BreadcrumbList","@id":"https:\/\/solidedge.siemens.com\/de\/solutions\/products\/cloud-based-collaboration\/teamcenter-share\/augmented-reality\/#breadcrumb","itemListElement":[{"@type":"ListItem","position":1,"name":"Home","item":"https:\/\/solidedge.siemens.com\/en\/home-7\/"},{"@type":"ListItem","position":2,"name":"L&ouml;sungen","item":"https:\/\/solidedge.siemens.com\/de\/solutions\/"},{"@type":"ListItem","position":3,"name":"Produkte","item":"https:\/\/solidedge.siemens.com\/de\/solutions\/products\/"},{"@type":"ListItem","position":4,"name":"Zusammenarbeit in der Cloud","item":"https:\/\/solidedge.siemens.com\/de\/solutions\/products\/cloud-based-collaboration\/"},{"@type":"ListItem","position":5,"name":"Teamcenter Share","item":"https:\/\/solidedge.siemens.com\/de\/solutions\/products\/cloud-based-collaboration\/teamcenter-share\/"},{"@type":"ListItem","position":6,"name":"Augmented Reality"}]}]}},"_links":{"self":[{"href":"https:\/\/solidedge.siemens.com\/de\/wp-json\/wp\/v2\/pages\/20164"}],"collection":[{"href":"https:\/\/solidedge.siemens.com\/de\/wp-json\/wp\/v2\/pages"}],"about":[{"href":"https:\/\/solidedge.siemens.com\/de\/wp-json\/wp\/v2\/types\/page"}],"author":[{"embeddable":true,"href":"https:\/\/solidedge.siemens.com\/de\/wp-json\/wp\/v2\/users\/5"}],"replies":[{"embeddable":true,"href":"https:\/\/solidedge.siemens.com\/de\/wp-json\/wp\/v2\/comments?post=20164"}],"version-history":[{"count":16,"href":"https:\/\/solidedge.siemens.com\/de\/wp-json\/wp\/v2\/pages\/20164\/revisions"}],"predecessor-version":[{"id":56212,"href":"https:\/\/solidedge.siemens.com\/de\/wp-json\/wp\/v2\/pages\/20164\/revisions\/56212"}],"up":[{"embeddable":true,"href":"https:\/\/solidedge.siemens.com\/de\/wp-json\/wp\/v2\/pages\/54165"}],"wp:attachment":[{"href":"https:\/\/solidedge.siemens.com\/de\/wp-json\/wp\/v2\/media?parent=20164"}],"curies":[{"name":"wp","href":"https:\/\/api.w.org\/{rel}","templated":true}]}}