{"id":1875,"date":"2019-04-01T10:28:18","date_gmt":"2019-04-01T14:28:18","guid":{"rendered":"https:\/\/solidedge.siemens.com\/solid-edge-flow-simulation\/"},"modified":"2021-04-19T16:06:43","modified_gmt":"2021-04-19T20:06:43","slug":"solid-edge-flow-simulation","status":"publish","type":"page","link":"https:\/\/solidedge.siemens.com\/de\/solutions\/products\/simulation\/solid-edge-flow-simulation\/","title":{"rendered":"Solid Edge Flow Simulation"},"content":{"rendered":"<p>[vc_row el_class=&#8220;vc-row-page-image-intro&#8220;][vc_column][vc_column_text]<\/p>\n<h1>Solid Edge Flow Simulation<\/h1>\n<p>[\/vc_column_text][vc_row_inner][vc_column_inner width=&#8220;5\/12&#8243;][vc_single_image image=&#8220;1312&#8243; img_size=&#8220;medium&#8220; alignment=&#8220;center&#8220;][\/vc_column_inner][vc_column_inner width=&#8220;7\/12&#8243;][vc_column_text]<\/p>\n<p class=\"f-larger c-black\"><strong>Str&ouml;mungssimulation f&uuml;r die numerische Str&ouml;mungsmechanik (CFD) in Solid Edge<\/strong><\/p>\n<p>[\/vc_column_text][vc_column_text]<\/p>\n<p style=\"text-align: right;\"><a class=\"action-button\" href=\"\/en\/try-now\/\"><i class=\"icon-ext\"><\/i>Kostenlose Solid Edge-Testversion<\/a><\/p>\n<p>[\/vc_column_text][\/vc_column_inner][\/vc_row_inner][\/vc_column][\/vc_row][vc_row full_width=&#8220;stretch_row&#8220; css=&#8220;.vc_custom_1524688447733{background-color: #ebf0f6 !important;}&#8220;][vc_column][vc_column_text el_class=&#8220;vc-el-lead-in&#8220;]Funktionen<\/p>\n<h2>Integrierte CFD-Simulation f&uuml;r Str&ouml;mungs- und W&auml;rme&uuml;bertragungsanalyse<\/h2>\n<p>FloEFD f&uuml;r Solid Edge eignet sich insbesondere f&uuml;r den Einsatz w&auml;hrend des Konstruktionsprozesses, da sich dadurch die Gesamtdauer bis zum Erzielen einer L&ouml;sung verglichen mit anderen CFD-Tools um 65 bis 75&nbsp;% reduzieren l&auml;sst.[\/vc_column_text][vc_row_inner el_class=&#8220;vc-row-image-teasers&#8220;][vc_column_inner width=&#8220;1\/3&#8243;][vc_column_text]<\/p>\n<h3>Akkurate, schnelle und einfach zu bedienende Str&ouml;mungs- und W&auml;rme&uuml;bertragungssimulation<\/h3>\n<p>[\/vc_column_text][\/vc_column_inner][vc_column_inner width=&#8220;1\/3&#8243;][vc_column_text]<\/p>\n<h3>Vollst&auml;ndig integrierter Pr&auml;prozessor, Solver und Postprozessor<\/h3>\n<p>Mit FloEFD ben&ouml;tigen Sie nur noch ein vollst&auml;ndig integriertes Paket, um Ihre Konstruktionen zu analysieren.[\/vc_column_text][\/vc_column_inner][vc_column_inner width=&#8220;1\/3&#8243;][vc_column_text]<\/p>\n<h3>Integrierte Funktionen f&uuml;r parameterbasierte Studien und Konstruktionsvergleich<\/h3>\n<p>Vergleichen Sie eine Vielzahl von Projektvarianten, um sich &uuml;ber den Einfluss von Geometrie&auml;nderungen oder Randbedingungen auf die Ergebnisse zu informieren. Bewerten Sie die Ergebnisse in Form von numerischen Werten, Diagrammen oder Animationen.[\/vc_column_text][\/vc_column_inner][vc_column_inner width=&#8220;1\/3&#8243;][vc_column_text]<\/p>\n<h3>Digitale &bdquo;Was-w&auml;re-wenn&ldquo;-Analysefunktionen<\/h3>\n<p>F&uuml;hren Sie mit Funktionen zur Simulation von Oberfl&auml;chenstr&ouml;mungen, Beleuchtung und Strahlung digitale &bdquo;Was-w&auml;re-wenn&ldquo;-Analysen durch.[\/vc_column_text][\/vc_column_inner][vc_column_inner width=&#8220;1\/3&#8243;][vc_column_text]<\/p>\n<h3>Instinktive Benutzerf&uuml;hrung<\/h3>\n<p>[\/vc_column_text][\/vc_column_inner][\/vc_row_inner][vc_column_text]<\/p>\n<p><a href=\"https:\/\/solidedge.siemens.com\/wp-content\/uploads\/2020\/06\/Siemens-SW-Simcenter-FLOEFD-for-Solid-Edge-fs-78033-C6.pdf\" target=\"_blank\" rel=\"noopener noreferrer\"><i class=\"icon-ext\"><\/i> <\/a><\/p>\n<p>[\/vc_column_text][\/vc_column][\/vc_row][vc_row full_width=&#8220;stretch_row&#8220; el_class=&#8220;vc-row-video-highlight&#8220;][vc_column][vc_column_text el_class=&#8220;vc-el-lead-in&#8220;]<\/p>\n<p>Video<\/p>\n<h2><\/h2>\n<p><span><\/span><\/p>\n<p class=\"see-more\" style=\"text-align: right;\"><a href=\"https:\/\/solidedge.siemens.com\/de\/resources\/videos\/\">Weitere Videos anzeigen<\/a><\/p>\n<p>[\/vc_column_text]\n\n\n  <div id=\"wpv-view-layout-567-CATTRb387cf5ac12b7fa42d5e840a9985c3b6\" class=\"js-wpv-view-layout js-wpv-layout-responsive js-wpv-view-layout-567-CATTRb387cf5ac12b7fa42d5e840a9985c3b6\" data-viewnumber=\"567-CATTRb387cf5ac12b7fa42d5e840a9985c3b6\" data-pagination=\"{&quot;id&quot;:567,&quot;query&quot;:&quot;normal&quot;,&quot;type&quot;:&quot;disabled&quot;,&quot;effect&quot;:&quot;fade&quot;,&quot;duration&quot;:500,&quot;speed&quot;:5,&quot;pause_on_hover&quot;:&quot;disabled&quot;,&quot;stop_rollover&quot;:&quot;false&quot;,&quot;cache_pages&quot;:&quot;enabled&quot;,&quot;preload_images&quot;:&quot;enabled&quot;,&quot;preload_pages&quot;:&quot;enabled&quot;,&quot;preload_reach&quot;:1,&quot;spinner&quot;:&quot;builtin&quot;,&quot;spinner_image&quot;:&quot;https:\/\/solidedge.siemens.com\/wp-content\/plugins\/wp-views\/embedded\/res\/img\/ajax-loader.gif&quot;,&quot;callback_next&quot;:&quot;&quot;,&quot;manage_history&quot;:&quot;disabled&quot;,&quot;has_controls_in_form&quot;:&quot;disabled&quot;,&quot;infinite_tolerance&quot;:&quot;0&quot;,&quot;max_pages&quot;:0,&quot;page&quot;:1,&quot;base_permalink&quot;:&quot;\/de\/wp-json\/wp\/v2\/pages\/1875?wpv_view_count=567-CATTRb387cf5ac12b7fa42d5e840a9985c3b6&amp;wpv_paged=WPV_PAGE_NUM&quot;,&quot;loop&quot;:{&quot;type&quot;:&quot;&quot;,&quot;name&quot;:&quot;&quot;,&quot;data&quot;:[],&quot;id&quot;:0}}\" data-permalink=\"\/de\/wp-json\/wp\/v2\/pages\/1875?wpv_view_count=567-CATTRb387cf5ac12b7fa42d5e840a9985c3b6\">\n\n  \n  <div class=\"wpv-resources\"><a name=\"video\" class=\"video-anchor\"><\/a>\n    <div id=\"ult-carousel-98838052969db94e798130\" class=\"ult-carousel-wrapper  vc-el-carousel-videos-embedded ult_horizontal\" data-gutter=\"0\" data-rtl=\"false\" ><div class=\"ult-carousel-200450892669db94e79810d \" >\n    \n    \n       <div><!-- slide container -->\n        <div class=\"wpv-resources-item\" data-mh=\".wpv-resources-item\">\n          <div class=\"resources-item-poster\">\n              <div id=\"wpfp_053d464cc0d6588b536a87b8956fe33b\" data-item=\"{&quot;sources&quot;:&#091;{&quot;src&quot;:&quot;https:\\\/\\\/videos.mentor-cdn.com\\\/mgc\\\/videos\\\/5400\\\/2c79174a-ca52-4077-b8ea-49246287a929-en-US-video.mp4&quot;,&quot;type&quot;:&quot;video\\\/mp4&quot;}&#093;}\" class=\"flowplayer no-brand is-splash no-svg is-paused skin-slim fp-slim fp-edgy\" data-embed=\"false\" style=\"max-width: 1140px; max-height: 640px; \" data-ratio=\"0.5614\" data-advance=\"false\">\n\t<div class=\"fp-ratio\" style=\"padding-top: 56.14%\"><\/div>\n\t<div class=\"fp-ui\"><div class=\"fp-play fp-visible\"><a class=\"fp-icon fp-playbtn\"><\/a><\/div><\/div>\n\n<\/div>\n\n              \n          <\/div>\n        <\/div>\n      <\/div>\n    \n    \n    <\/div><\/div>\t\t\t<script type=\"text\/javascript\">\r\n\t\t\t\tjQuery(document).ready(function ($) {\r\n\t\t\t\t\tif( typeof jQuery('.ult-carousel-200450892669db94e79810d').slick == \"function\"){\r\n\t\t\t\t\t\t$('.ult-carousel-200450892669db94e79810d').slick({dots: true,autoplaySpeed: 5000,speed: 500,infinite: false,arrows: true,nextArrow: '<button type=\"button\" role=\"button\" aria-label=\"Next\" style=\"color:#ffffff; font-size:30px;background:rgba(47,56,60,0.5);\" class=\"slick-next square-bg\"><i class=\"ultsl-arrow-right6\"><\/i><\/button>',prevArrow: '<button type=\"button\" role=\"button\" aria-label=\"Previous\" style=\"color:#ffffff; font-size:30px;background:rgba(47,56,60,0.5);\" class=\"slick-prev square-bg\"><i class=\"ultsl-arrow-left6\"><\/i><\/button>',slidesToScroll:1,slidesToShow:1,swipe: true,draggable: true,touchMove: true,pauseOnHover: true,pauseOnFocus: false,responsive: [\r\n\t\t\t\t\t\t\t{\r\n\t\t\t\t\t\t\t  breakpoint: 1026,\r\n\t\t\t\t\t\t\t  settings: {\r\n\t\t\t\t\t\t\t\tslidesToShow: 1,\r\n\t\t\t\t\t\t\t\tslidesToScroll: 1,  \r\n\t\t\t\t\t\t\t  }\r\n\t\t\t\t\t\t\t},\r\n\t\t\t\t\t\t\t{\r\n\t\t\t\t\t\t\t  breakpoint: 1025,\r\n\t\t\t\t\t\t\t  settings: {\r\n\t\t\t\t\t\t\t\tslidesToShow: 1,\r\n\t\t\t\t\t\t\t\tslidesToScroll: 1\r\n\t\t\t\t\t\t\t  }\r\n\t\t\t\t\t\t\t},\r\n\t\t\t\t\t\t\t{\r\n\t\t\t\t\t\t\t  breakpoint: 760,\r\n\t\t\t\t\t\t\t  settings: {\r\n\t\t\t\t\t\t\t\tslidesToShow: 1,\r\n\t\t\t\t\t\t\t\tslidesToScroll: 1\r\n\t\t\t\t\t\t\t  }\r\n\t\t\t\t\t\t\t}\r\n\t\t\t\t\t\t],pauseOnDotsHover: true,customPaging: function(slider, i) {\r\n                   return '<i type=\"button\" style= \"color:#788891;\" class=\"ultsl-record\" data-role=\"none\"><\/i>';\r\n                },});\r\n\t\t\t\t\t}\r\n\t\t\t\t});\r\n\t\t\t<\/script>\r\n\t\t\t\n  <\/div>\n  \n  \n  <\/div>\n[\/vc_column][\/vc_row][vc_row full_width=&#8220;stretch_row&#8220; el_class=&#8220;vc-row-related-content&#8220; css=&#8220;.vc_custom_1524184785822{background-color: #347eb5 !important;}&#8220;][vc_column][vc_column_text]<\/p>\n<h2>&Auml;hnliche Inhalte<\/h2>\n<p>[\/vc_column_text]<div id=\"ult-carousel-201218791169db94e79eaec\" class=\"ult-carousel-wrapper  vc-el-carousel-related-content ult_horizontal\" data-gutter=\"0\" data-rtl=\"false\" ><div class=\"ult-carousel-149155412269db94e79eac6 \" >[vc_column_text]<\/p>\n<p><a href=\"https:\/\/solidedge.siemens.com\/wp-content\/uploads\/2020\/06\/Siemens-SW-Simcenter-FLOEFD-for-Solid-Edge-fs-78033-C6.pdf\" target=\"_blank\" rel=\"noopener noreferrer\"><\/a><\/p>\n<p>[\/vc_column_text][vc_column_text]<\/p>\n<p><a href=\"https:\/\/community.plm.automation.siemens.com\/t5\/Solid-Edge-Blog\/Fast-Accurate-and-Easy-Fluid-Flow-Analysis-for-the-Design\/ba-p\/388918\">Blog: Schnelle, pr&auml;zise und einfache Str&ouml;mungsanalyse f&uuml;r Konstrukteure<\/a><\/p>\n<p>[\/vc_column_text][vc_column_text]<\/p>\n<p><a href=\"https:\/\/community.plm.automation.siemens.com\/t5\/Solid-Edge-Blog\/Modern-Designs-Bring-New-Heat-Transfer-and-Fluid-Flow-Challenges\/ba-p\/389416\">Blog: Neue Herausforderungen f&uuml;r die moderne Produktentwicklung<\/a><\/p>\n<p>[\/vc_column_text][vc_column_text]<\/p>\n<p><a href=\"https:\/\/www.designnews.com\/design-hardware-software\/siemens-st10-revamps-solid-edge-enhancing-modeling-capabilities\/113848503356809\">Medienberichterstattung: Design News<\/a><\/p>\n<p>[\/vc_column_text][vc_column_text]<\/p>\n<p><a href=\"http:\/\/www.develop3d.com\/blog\/2017\/05\/solid-edge-st10-highlights-additive-manufacturing-topology-optimisation\">Medienberichterstattung: DEVELOP3D<\/a><\/p>\n<p>[\/vc_column_text]<\/div><\/div>\t\t\t<script type=\"text\/javascript\">\r\n\t\t\t\tjQuery(document).ready(function ($) {\r\n\t\t\t\t\tif( typeof jQuery('.ult-carousel-149155412269db94e79eac6').slick == \"function\"){\r\n\t\t\t\t\t\t$('.ult-carousel-149155412269db94e79eac6').slick({dots: true,autoplaySpeed: 5000,speed: 500,infinite: false,arrows: true,nextArrow: '<button type=\"button\" role=\"button\" aria-label=\"Next\" style=\"color:#ffffff; font-size:30px;background:rgba(255,255,255,0.2);\" class=\"slick-next square-bg\"><i class=\"ultsl-arrow-right6\"><\/i><\/button>',prevArrow: '<button type=\"button\" role=\"button\" aria-label=\"Previous\" style=\"color:#ffffff; font-size:30px;background:rgba(255,255,255,0.2);\" class=\"slick-prev square-bg\"><i class=\"ultsl-arrow-left6\"><\/i><\/button>',slidesToScroll:4,slidesToShow:4,swipe: true,draggable: true,touchMove: true,pauseOnHover: true,pauseOnFocus: false,responsive: [\r\n\t\t\t\t\t\t\t{\r\n\t\t\t\t\t\t\t  breakpoint: 1026,\r\n\t\t\t\t\t\t\t  settings: {\r\n\t\t\t\t\t\t\t\tslidesToShow: 4,\r\n\t\t\t\t\t\t\t\tslidesToScroll: 4,  \r\n\t\t\t\t\t\t\t  }\r\n\t\t\t\t\t\t\t},\r\n\t\t\t\t\t\t\t{\r\n\t\t\t\t\t\t\t  breakpoint: 1025,\r\n\t\t\t\t\t\t\t  settings: {\r\n\t\t\t\t\t\t\t\tslidesToShow: 2,\r\n\t\t\t\t\t\t\t\tslidesToScroll: 2\r\n\t\t\t\t\t\t\t  }\r\n\t\t\t\t\t\t\t},\r\n\t\t\t\t\t\t\t{\r\n\t\t\t\t\t\t\t  breakpoint: 760,\r\n\t\t\t\t\t\t\t  settings: {\r\n\t\t\t\t\t\t\t\tslidesToShow: 1,\r\n\t\t\t\t\t\t\t\tslidesToScroll: 1\r\n\t\t\t\t\t\t\t  }\r\n\t\t\t\t\t\t\t}\r\n\t\t\t\t\t\t],pauseOnDotsHover: true,customPaging: function(slider, i) {\r\n                   return '<i type=\"button\" style= \"color:#ffffff;\" class=\"ultsl-record\" data-role=\"none\"><\/i>';\r\n                },});\r\n\t\t\t\t\t}\r\n\t\t\t\t});\r\n\t\t\t<\/script>\r\n\t\t\t[\/vc_column][\/vc_row][vc_row full_width=&#8220;stretch_row&#8220; el_class=&#8220;footer-contact&#8220; css=&#8220;.vc_custom_1550170708528{background-color: #dedee3 !important;}&#8220;][vc_column]<div class=\"wpb_content_block wpb_content_element\"><div class=\"wpb_wrapper\"><\/div><\/div>[\/vc_column][\/vc_row]<\/p>\n","protected":false},"excerpt":{"rendered":"<p> Solid Edge Flow Simulation [\/vc_column_text][\/vc_column_inner] Str&ouml;mungssimulation f&uuml;r die numerische Str&ouml;mungsmechanik (CFD) in Solid Edge [\/vc_column_text] Kostenlose Solid Edge-Testversion [\/vc_column_text][\/vc_column_inner][\/vc_row_inner][\/vc_column][\/vc_row]Funktionen Integrierte CFD-Simulation f&uuml;r Str&ouml;mungs- und W&auml;rme&uuml;bertragungsanalyse FloEFD f&uuml;r Solid Edge eignet sich insbesondere f&uuml;r den Einsatz w&auml;hrend des Konstruktionsprozesses, da sich dadurch die Gesamtdauer [&hellip;]<\/p>\n","protected":false},"author":21,"featured_media":0,"parent":2718,"menu_order":2,"comment_status":"closed","ping_status":"closed","template":"","meta":{"inline_featured_image":false},"yoast_head":"<!-- This site is optimized with the Yoast SEO plugin v18.4.1 - https:\/\/yoast.com\/wordpress\/plugins\/seo\/ -->\n<title>Str\u00f6mungssimulation | Numerische Str\u00f6mungsmechanik | Solid Edge<\/title>\n<meta name=\"description\" content=\"Die Str\u00f6mungssimulation erfolgt \u00fcber ein integriertes CFD-Tool (Computational Fluid Dynamics, numerische Str\u00f6mungsmechanik) f\u00fcr problemlose, schnelle und akkurate Str\u00f6mungs- und W\u00e4rme\u00fcbertragungsanalysen in Solid Edge.\" \/>\n<meta name=\"robots\" content=\"index, follow, max-snippet:-1, max-image-preview:large, max-video-preview:-1\" \/>\n<link rel=\"canonical\" href=\"https:\/\/solidedge.siemens.com\/de\/solutions\/products\/simulation\/solid-edge-flow-simulation\/\" \/>\n<meta property=\"og:locale\" content=\"de_DE\" \/>\n<meta property=\"og:type\" content=\"article\" \/>\n<meta property=\"og:title\" content=\"Str\u00f6mungssimulation | Numerische Str\u00f6mungsmechanik | Solid Edge\" \/>\n<meta property=\"og:description\" content=\"Die Str\u00f6mungssimulation erfolgt \u00fcber ein integriertes CFD-Tool (Computational Fluid Dynamics, numerische Str\u00f6mungsmechanik) f\u00fcr problemlose, schnelle und akkurate Str\u00f6mungs- und W\u00e4rme\u00fcbertragungsanalysen in Solid Edge.\" \/>\n<meta property=\"og:url\" content=\"https:\/\/solidedge.siemens.com\/de\/solutions\/products\/simulation\/solid-edge-flow-simulation\/\" \/>\n<meta property=\"og:site_name\" content=\"Solid Edge\" \/>\n<meta property=\"article:publisher\" content=\"https:\/\/www.facebook.com\/solidedge\" \/>\n<meta property=\"article:modified_time\" content=\"2021-04-19T20:06:43+00:00\" \/>\n<meta name=\"twitter:card\" content=\"summary_large_image\" \/>\n<meta name=\"twitter:site\" content=\"@siemensplm\" \/>\n<meta name=\"twitter:label1\" content=\"Gesch\u00e4tzte Lesezeit\" \/>\n\t<meta name=\"twitter:data1\" content=\"3 Minuten\" \/>\n<script type=\"application\/ld+json\" class=\"yoast-schema-graph\">{\"@context\":\"https:\/\/schema.org\",\"@graph\":[{\"@type\":\"Organization\",\"@id\":\"https:\/\/solidedge.siemens.com\/en\/#organization\",\"name\":\"Siemens Digital Industries Software\",\"url\":\"https:\/\/solidedge.siemens.com\/en\/\",\"sameAs\":[\"https:\/\/www.facebook.com\/solidedge\",\"https:\/\/www.instagram.com\/siemens\/\",\"https:\/\/www.linkedin.com\/company\/siemens-plm-software\",\"https:\/\/www.youtube.com\/user\/PolarionSoftware\",\"https:\/\/twitter.com\/siemensplm\"],\"logo\":{\"@type\":\"ImageObject\",\"@id\":\"https:\/\/solidedge.siemens.com\/en\/#logo\",\"inLanguage\":\"de-DE\",\"url\":\"https:\/\/solidedge.siemens.com\/wp-content\/uploads\/2018\/04\/logo-siemens-ifl@2x.png\",\"contentUrl\":\"https:\/\/solidedge.siemens.com\/wp-content\/uploads\/2018\/04\/logo-siemens-ifl@2x.png\",\"width\":640,\"height\":270,\"caption\":\"Siemens Digital Industries Software\"},\"image\":{\"@id\":\"https:\/\/solidedge.siemens.com\/en\/#logo\"}},{\"@type\":\"WebSite\",\"@id\":\"https:\/\/solidedge.siemens.com\/en\/#website\",\"url\":\"https:\/\/solidedge.siemens.com\/en\/\",\"name\":\"Solid Edge\",\"description\":\"Siemens Software\",\"publisher\":{\"@id\":\"https:\/\/solidedge.siemens.com\/en\/#organization\"},\"potentialAction\":[{\"@type\":\"SearchAction\",\"target\":{\"@type\":\"EntryPoint\",\"urlTemplate\":\"https:\/\/solidedge.siemens.com\/en\/?s={search_term_string}\"},\"query-input\":\"required name=search_term_string\"}],\"inLanguage\":\"de-DE\"},{\"@type\":\"WebPage\",\"@id\":\"https:\/\/solidedge.siemens.com\/de\/solutions\/products\/simulation\/solid-edge-flow-simulation\/#webpage\",\"url\":\"https:\/\/solidedge.siemens.com\/de\/solutions\/products\/simulation\/solid-edge-flow-simulation\/\",\"name\":\"Str\u00f6mungssimulation | Numerische Str\u00f6mungsmechanik | Solid Edge\",\"isPartOf\":{\"@id\":\"https:\/\/solidedge.siemens.com\/en\/#website\"},\"datePublished\":\"2019-04-01T14:28:18+00:00\",\"dateModified\":\"2021-04-19T20:06:43+00:00\",\"description\":\"Die Str\u00f6mungssimulation erfolgt \u00fcber ein integriertes CFD-Tool (Computational Fluid Dynamics, numerische Str\u00f6mungsmechanik) f\u00fcr problemlose, schnelle und akkurate Str\u00f6mungs- und W\u00e4rme\u00fcbertragungsanalysen in Solid Edge.\",\"breadcrumb\":{\"@id\":\"https:\/\/solidedge.siemens.com\/de\/solutions\/products\/simulation\/solid-edge-flow-simulation\/#breadcrumb\"},\"inLanguage\":\"de-DE\",\"potentialAction\":[{\"@type\":\"ReadAction\",\"target\":[\"https:\/\/solidedge.siemens.com\/de\/solutions\/products\/simulation\/solid-edge-flow-simulation\/\"]}]},{\"@type\":\"BreadcrumbList\",\"@id\":\"https:\/\/solidedge.siemens.com\/de\/solutions\/products\/simulation\/solid-edge-flow-simulation\/#breadcrumb\",\"itemListElement\":[{\"@type\":\"ListItem\",\"position\":1,\"name\":\"Home\",\"item\":\"https:\/\/solidedge.siemens.com\/en\/home-7\/\"},{\"@type\":\"ListItem\",\"position\":2,\"name\":\"L&ouml;sungen\",\"item\":\"https:\/\/solidedge.siemens.com\/de\/solutions\/\"},{\"@type\":\"ListItem\",\"position\":3,\"name\":\"Produkte\",\"item\":\"https:\/\/solidedge.siemens.com\/de\/solutions\/products\/\"},{\"@type\":\"ListItem\",\"position\":4,\"name\":\"Simulation\",\"item\":\"https:\/\/solidedge.siemens.com\/de\/solutions\/products\/simulation\/\"},{\"@type\":\"ListItem\",\"position\":5,\"name\":\"Solid Edge Flow Simulation\"}]}]}<\/script>\n<!-- \/ Yoast SEO plugin. -->","yoast_head_json":{"title":"Str\u00f6mungssimulation | Numerische Str\u00f6mungsmechanik | Solid Edge","description":"Die Str\u00f6mungssimulation erfolgt \u00fcber ein integriertes CFD-Tool (Computational Fluid Dynamics, numerische Str\u00f6mungsmechanik) f\u00fcr problemlose, schnelle und akkurate Str\u00f6mungs- und W\u00e4rme\u00fcbertragungsanalysen in Solid Edge.","robots":{"index":"index","follow":"follow","max-snippet":"max-snippet:-1","max-image-preview":"max-image-preview:large","max-video-preview":"max-video-preview:-1"},"canonical":"https:\/\/solidedge.siemens.com\/de\/solutions\/products\/simulation\/solid-edge-flow-simulation\/","og_locale":"de_DE","og_type":"article","og_title":"Str\u00f6mungssimulation | Numerische Str\u00f6mungsmechanik | Solid Edge","og_description":"Die Str\u00f6mungssimulation erfolgt \u00fcber ein integriertes CFD-Tool (Computational Fluid Dynamics, numerische Str\u00f6mungsmechanik) f\u00fcr problemlose, schnelle und akkurate Str\u00f6mungs- und W\u00e4rme\u00fcbertragungsanalysen in Solid Edge.","og_url":"https:\/\/solidedge.siemens.com\/de\/solutions\/products\/simulation\/solid-edge-flow-simulation\/","og_site_name":"Solid Edge","article_publisher":"https:\/\/www.facebook.com\/solidedge","article_modified_time":"2021-04-19T20:06:43+00:00","twitter_card":"summary_large_image","twitter_site":"@siemensplm","twitter_misc":{"Gesch\u00e4tzte Lesezeit":"3 Minuten"},"schema":{"@context":"https:\/\/schema.org","@graph":[{"@type":"Organization","@id":"https:\/\/solidedge.siemens.com\/en\/#organization","name":"Siemens Digital Industries Software","url":"https:\/\/solidedge.siemens.com\/en\/","sameAs":["https:\/\/www.facebook.com\/solidedge","https:\/\/www.instagram.com\/siemens\/","https:\/\/www.linkedin.com\/company\/siemens-plm-software","https:\/\/www.youtube.com\/user\/PolarionSoftware","https:\/\/twitter.com\/siemensplm"],"logo":{"@type":"ImageObject","@id":"https:\/\/solidedge.siemens.com\/en\/#logo","inLanguage":"de-DE","url":"https:\/\/solidedge.siemens.com\/wp-content\/uploads\/2018\/04\/logo-siemens-ifl@2x.png","contentUrl":"https:\/\/solidedge.siemens.com\/wp-content\/uploads\/2018\/04\/logo-siemens-ifl@2x.png","width":640,"height":270,"caption":"Siemens Digital Industries Software"},"image":{"@id":"https:\/\/solidedge.siemens.com\/en\/#logo"}},{"@type":"WebSite","@id":"https:\/\/solidedge.siemens.com\/en\/#website","url":"https:\/\/solidedge.siemens.com\/en\/","name":"Solid Edge","description":"Siemens Software","publisher":{"@id":"https:\/\/solidedge.siemens.com\/en\/#organization"},"potentialAction":[{"@type":"SearchAction","target":{"@type":"EntryPoint","urlTemplate":"https:\/\/solidedge.siemens.com\/en\/?s={search_term_string}"},"query-input":"required name=search_term_string"}],"inLanguage":"de-DE"},{"@type":"WebPage","@id":"https:\/\/solidedge.siemens.com\/de\/solutions\/products\/simulation\/solid-edge-flow-simulation\/#webpage","url":"https:\/\/solidedge.siemens.com\/de\/solutions\/products\/simulation\/solid-edge-flow-simulation\/","name":"Str\u00f6mungssimulation | Numerische Str\u00f6mungsmechanik | Solid Edge","isPartOf":{"@id":"https:\/\/solidedge.siemens.com\/en\/#website"},"datePublished":"2019-04-01T14:28:18+00:00","dateModified":"2021-04-19T20:06:43+00:00","description":"Die Str\u00f6mungssimulation erfolgt \u00fcber ein integriertes CFD-Tool (Computational Fluid Dynamics, numerische Str\u00f6mungsmechanik) f\u00fcr problemlose, schnelle und akkurate Str\u00f6mungs- und W\u00e4rme\u00fcbertragungsanalysen in Solid Edge.","breadcrumb":{"@id":"https:\/\/solidedge.siemens.com\/de\/solutions\/products\/simulation\/solid-edge-flow-simulation\/#breadcrumb"},"inLanguage":"de-DE","potentialAction":[{"@type":"ReadAction","target":["https:\/\/solidedge.siemens.com\/de\/solutions\/products\/simulation\/solid-edge-flow-simulation\/"]}]},{"@type":"BreadcrumbList","@id":"https:\/\/solidedge.siemens.com\/de\/solutions\/products\/simulation\/solid-edge-flow-simulation\/#breadcrumb","itemListElement":[{"@type":"ListItem","position":1,"name":"Home","item":"https:\/\/solidedge.siemens.com\/en\/home-7\/"},{"@type":"ListItem","position":2,"name":"L&ouml;sungen","item":"https:\/\/solidedge.siemens.com\/de\/solutions\/"},{"@type":"ListItem","position":3,"name":"Produkte","item":"https:\/\/solidedge.siemens.com\/de\/solutions\/products\/"},{"@type":"ListItem","position":4,"name":"Simulation","item":"https:\/\/solidedge.siemens.com\/de\/solutions\/products\/simulation\/"},{"@type":"ListItem","position":5,"name":"Solid Edge Flow Simulation"}]}]}},"_links":{"self":[{"href":"https:\/\/solidedge.siemens.com\/de\/wp-json\/wp\/v2\/pages\/1875"}],"collection":[{"href":"https:\/\/solidedge.siemens.com\/de\/wp-json\/wp\/v2\/pages"}],"about":[{"href":"https:\/\/solidedge.siemens.com\/de\/wp-json\/wp\/v2\/types\/page"}],"author":[{"embeddable":true,"href":"https:\/\/solidedge.siemens.com\/de\/wp-json\/wp\/v2\/users\/21"}],"replies":[{"embeddable":true,"href":"https:\/\/solidedge.siemens.com\/de\/wp-json\/wp\/v2\/comments?post=1875"}],"version-history":[{"count":4,"href":"https:\/\/solidedge.siemens.com\/de\/wp-json\/wp\/v2\/pages\/1875\/revisions"}],"predecessor-version":[{"id":35128,"href":"https:\/\/solidedge.siemens.com\/de\/wp-json\/wp\/v2\/pages\/1875\/revisions\/35128"}],"up":[{"embeddable":true,"href":"https:\/\/solidedge.siemens.com\/de\/wp-json\/wp\/v2\/pages\/2718"}],"wp:attachment":[{"href":"https:\/\/solidedge.siemens.com\/de\/wp-json\/wp\/v2\/media?parent=1875"}],"curies":[{"name":"wp","href":"https:\/\/api.w.org\/{rel}","templated":true}]}}