{"id":1813,"date":"2019-04-01T10:28:18","date_gmt":"2019-04-01T14:28:18","guid":{"rendered":"https:\/\/solidedge.siemens.com\/additive-manufacturing\/"},"modified":"2022-10-20T13:24:39","modified_gmt":"2022-10-20T17:24:39","slug":"additive-manufacturing","status":"publish","type":"page","link":"https:\/\/solidedge.siemens.com\/de\/solutions\/products\/computer-aided-manufacturing-cam\/additive-manufacturing\/","title":{"rendered":"Additive Fertigung"},"content":{"rendered":"<p>[vc_row full_width=&#8220;stretch_row&#8220; full_height=&#8220;yes&#8220; content_placement=&#8220;middle&#8220; css=&#8220;.vc_custom_1633370618589{background: #a6a6a6 url(https:\/\/solidedge.siemens.com\/wp-content\/uploads\/2021\/10\/18-siemens-engineering-summer-camp-543198-se-16&#215;9-1-scaled.jpg?id=51657) !important;background-position: center !important;background-repeat: no-repeat !important;background-size: cover !important;}&#8220; el_class=&#8220;vc-row-hero-banner&#8220;][vc_column][\/vc_column][vc_column][vc_column_text el_class=&#8220;.vc-el-callout&#8220;]<\/p>\n<h1>L\u00f6sungen der additiven Fertigung<\/h1>\n<p><span>Solid Edge erm\u00f6glicht es Ihnen, mit den neuesten Techniken der additiven Fertigung und des 3D-Drucks erstklassige Produkte herzustellen.<\/span><\/p>\n<p style=\"text-align: left;\"><a class=\"action-button\" href=\"\/en\/try-now\/\"><i class=\"icon-ext\"><\/i>Solid Edge Free Trial<\/a><\/p>\n<p>[\/vc_column_text][\/vc_column][\/vc_row][vc_row full_width=&#8220;stretch_row&#8220; css=&#8220;.vc_custom_1525181040644{background-color: #ebf0f6 !important;}&#8220;][vc_column][vc_column_text el_class=&#8220;vc-el-lead-in&#8220;]Funktionen<\/p>\n<h2>Mit additiven Techniken von der Konstruktion zur Herstellung<\/h2>\n<p>Mit Solid Edge k\u00f6nnen Sie die Vorteile der additiven Fertigung perfekt nutzen \u2013 unabh\u00e4ngig davon, ob Sie einzelne Prototypen erstellen oder gro\u00dfe Mengen an Komponenten fertigen. Unsere Tools unterst\u00fctzen Ihren gesamten Workflow: von der fertigungsgerechten Konstruktion mit additiven Techniken bis zur Vorbereitung und Ausgabe Ihrer Konstruktionen an Hardware und Dienstleister f\u00fcr den 3D-Druck.[\/vc_column_text][vc_row_inner equal_height=&#8220;yes&#8220; el_class=&#8220;vc-row-image-teasers&#8220;][vc_column_inner width=&#8220;1\/3&#8243;][vc_column_text]<\/p>\n<h3>Generatives Design f\u00fcr optimierte Modelle<\/h3>\n<p>Generatives Design kombiniert leistungsstarke Konstruktionstools mit Topologieoptimierung und beschleunigt so die Erstellung leichterer Komponenten, die sich ideal f\u00fcr die sofortige Fertigung mit additiven Verfahren eignen.[\/vc_column_text][\/vc_column_inner][vc_column_inner width=&#8220;1\/3&#8243;][vc_column_text]<\/p>\n<h3>Vorbereitung der Geometrie f\u00fcr additive Techniken<\/h3>\n<p>Solid Edge kombiniert nahtlos klassische Volumenk\u00f6rper (\u201eB-Rep\u201c) mit Modellen aus Dreieckselementen &#8211; ohne zeitaufwendige und fehleranf\u00e4llige Konvertierungen. Solid Edge reduziert Nachbearbeitungen und unterst\u00fctzt additive Fertigungsprozesse f\u00fcr komplexe Formen.[\/vc_column_text][\/vc_column_inner][vc_column_inner width=&#8220;1\/3&#8243;][vc_column_text]<\/p>\n<h3>Direkte Ausgabe von Modellen an Ihren 3D-Drucker<\/h3>\n<p>Solid Edge unterst\u00fctzt die Ausgabe Ihrer Teilmodelle an 3D-Drucker mithilfe des 3D-Druck-Befehls. Speichern Sie Ihre Teile im STL- und 3MF-Format oder senden Sie sie direkt an die Microsoft 3D Builder-App. So k\u00f6nnen Sie den Druck automatisch vorbereiten \u2013 einschlie\u00dflich Farbdruckfunktion \u2013 und anschlie\u00dfend intern ausf\u00fchren.[\/vc_column_text][\/vc_column_inner][\/vc_row_inner][\/vc_column][\/vc_row][vc_row full_width=&#8220;stretch_row&#8220; el_class=&#8220;vc-row-video-highlight&#8220;][vc_column][vc_column_text el_class=&#8220;vc-el-lead-in&#8220;]Video<\/p>\n<h2>Solid Edge f\u00fcr die additive Fertigung<\/h2>\n<p>Mit Solid Edge k\u00f6nnen Sie unter Verwendung der neuesten Techniken f\u00fcr 3D-Druck und additiver Fertigung hochwertige Produkte entwerfen.<\/p>\n<p class=\"see-more\" style=\"text-align: right;\"><a href=\"https:\/\/solidedge.siemens.com\/de\/resources\/videos\/\">Weitere Videos anzeigen<\/a><\/p>\n<p>[\/vc_column_text]\n\n\n  <div id=\"wpv-view-layout-567-CATTRe530d2652828400063810b16c90680b8\" class=\"js-wpv-view-layout js-wpv-layout-responsive js-wpv-view-layout-567-CATTRe530d2652828400063810b16c90680b8\" data-viewnumber=\"567-CATTRe530d2652828400063810b16c90680b8\" data-pagination=\"{&quot;id&quot;:567,&quot;query&quot;:&quot;normal&quot;,&quot;type&quot;:&quot;disabled&quot;,&quot;effect&quot;:&quot;fade&quot;,&quot;duration&quot;:500,&quot;speed&quot;:5,&quot;pause_on_hover&quot;:&quot;disabled&quot;,&quot;stop_rollover&quot;:&quot;false&quot;,&quot;cache_pages&quot;:&quot;enabled&quot;,&quot;preload_images&quot;:&quot;enabled&quot;,&quot;preload_pages&quot;:&quot;enabled&quot;,&quot;preload_reach&quot;:1,&quot;spinner&quot;:&quot;builtin&quot;,&quot;spinner_image&quot;:&quot;https:\/\/solidedge.siemens.com\/wp-content\/plugins\/wp-views\/embedded\/res\/img\/ajax-loader.gif&quot;,&quot;callback_next&quot;:&quot;&quot;,&quot;manage_history&quot;:&quot;disabled&quot;,&quot;has_controls_in_form&quot;:&quot;disabled&quot;,&quot;infinite_tolerance&quot;:&quot;0&quot;,&quot;max_pages&quot;:0,&quot;page&quot;:1,&quot;base_permalink&quot;:&quot;\/de\/wp-json\/wp\/v2\/pages\/1813?wpv_view_count=567-CATTRe530d2652828400063810b16c90680b8&amp;wpv_paged=WPV_PAGE_NUM&quot;,&quot;loop&quot;:{&quot;type&quot;:&quot;&quot;,&quot;name&quot;:&quot;&quot;,&quot;data&quot;:[],&quot;id&quot;:0}}\" data-permalink=\"\/de\/wp-json\/wp\/v2\/pages\/1813?wpv_view_count=567-CATTRe530d2652828400063810b16c90680b8\">\n\n  \n  <div class=\"wpv-resources\"><a name=\"video\" class=\"video-anchor\"><\/a>\n    <div id=\"ult-carousel-202945565969ff3074606e8\" class=\"ult-carousel-wrapper  vc-el-carousel-videos-embedded ult_horizontal\" data-gutter=\"0\" data-rtl=\"false\" ><div class=\"ult-carousel-148200007869ff3074606c1 \" >\n    \n    \n       <div><!-- slide container -->\n        <div class=\"wpv-resources-item\" data-mh=\".wpv-resources-item\">\n          <div class=\"resources-item-poster\">\n              <div id=\"wpfp_cbd02c1fa0c79a05a0e28acab9f6196b\" data-item=\"{&quot;sources&quot;:&#091;{&quot;src&quot;:&quot;https:\\\/\\\/media.plm.automation.siemens.com\\\/solidedge\\\/videos\\\/2020-Additive-Manufacturing-In-Solid-Edge.mp4&quot;,&quot;type&quot;:&quot;video\\\/mp4&quot;}&#093;}\" class=\"flowplayer no-brand is-splash no-svg is-paused skin-slim fp-slim fp-edgy\" data-embed=\"false\" style=\"max-width: 1140px; max-height: 640px; background-image: url(https:\/\/solidedge.siemens.com\/wp-content\/uploads\/2019\/06\/2020-additive-manufacturing-featured.jpg);\" data-ratio=\"0.5614\" data-advance=\"false\">\n\t<div class=\"fp-ratio\" style=\"padding-top: 56.14%\"><\/div>\n\t<div class=\"fp-ui\"><div class=\"fp-play fp-visible\"><a class=\"fp-icon fp-playbtn\"><\/a><\/div><\/div>\n\n<\/div>\n\n              \n          <\/div>\n        <\/div>\n      <\/div>\n    \n    \n    <\/div><\/div>\t\t\t<script type=\"text\/javascript\">\r\n\t\t\t\tjQuery(document).ready(function ($) {\r\n\t\t\t\t\tif( typeof jQuery('.ult-carousel-148200007869ff3074606c1').slick == \"function\"){\r\n\t\t\t\t\t\t$('.ult-carousel-148200007869ff3074606c1').slick({dots: true,autoplaySpeed: 5000,speed: 500,infinite: false,arrows: true,nextArrow: '<button type=\"button\" role=\"button\" aria-label=\"Next\" style=\"color:#ffffff; font-size:30px;background:rgba(47,56,60,0.5);\" class=\"slick-next square-bg\"><i class=\"ultsl-arrow-right6\"><\/i><\/button>',prevArrow: '<button type=\"button\" role=\"button\" aria-label=\"Previous\" style=\"color:#ffffff; font-size:30px;background:rgba(47,56,60,0.5);\" class=\"slick-prev square-bg\"><i class=\"ultsl-arrow-left6\"><\/i><\/button>',slidesToScroll:1,slidesToShow:1,swipe: true,draggable: true,touchMove: true,pauseOnHover: true,pauseOnFocus: false,responsive: [\r\n\t\t\t\t\t\t\t{\r\n\t\t\t\t\t\t\t  breakpoint: 1026,\r\n\t\t\t\t\t\t\t  settings: {\r\n\t\t\t\t\t\t\t\tslidesToShow: 1,\r\n\t\t\t\t\t\t\t\tslidesToScroll: 1,  \r\n\t\t\t\t\t\t\t  }\r\n\t\t\t\t\t\t\t},\r\n\t\t\t\t\t\t\t{\r\n\t\t\t\t\t\t\t  breakpoint: 1025,\r\n\t\t\t\t\t\t\t  settings: {\r\n\t\t\t\t\t\t\t\tslidesToShow: 1,\r\n\t\t\t\t\t\t\t\tslidesToScroll: 1\r\n\t\t\t\t\t\t\t  }\r\n\t\t\t\t\t\t\t},\r\n\t\t\t\t\t\t\t{\r\n\t\t\t\t\t\t\t  breakpoint: 760,\r\n\t\t\t\t\t\t\t  settings: {\r\n\t\t\t\t\t\t\t\tslidesToShow: 1,\r\n\t\t\t\t\t\t\t\tslidesToScroll: 1\r\n\t\t\t\t\t\t\t  }\r\n\t\t\t\t\t\t\t}\r\n\t\t\t\t\t\t],pauseOnDotsHover: true,customPaging: function(slider, i) {\r\n                   return '<i type=\"button\" style= \"color:#788891;\" class=\"ultsl-record\" data-role=\"none\"><\/i>';\r\n                },});\r\n\t\t\t\t\t}\r\n\t\t\t\t});\r\n\t\t\t<\/script>\r\n\t\t\t\n  <\/div>\n  \n  \n  <\/div>\n[\/vc_column][\/vc_row][vc_row full_width=&#8220;stretch_row&#8220; el_class=&#8220;vc-row-free-software&#8220; css=&#8220;.vc_custom_1523912493378{background-color: #006486 !important;}&#8220;][vc_column][vc_column_text el_class=&#8220;vc-el-lead-in&#8220;]KOSTENLOSE Software<\/p>\n<h2>Kostenlose 3D-CAD-Konstruktionssoftware<\/h2>\n<p>[\/vc_column_text][vc_row_inner equal_height=&#8220;yes&#8220;][vc_column_inner width=&#8220;1\/2&#8243; offset=&#8220;vc_col-md-5&#8243;]<div class=\"wpb_content_block wpb_content_element\"><div class=\"wpb_wrapper\"><div class=\"content_block\" id=\"custom_post_widget-419\"><p>[vc_row][vc_column][vc_column_text]<\/p>\n<h3>Kostenlose Software f\u00fcr Ihr Start-up<\/h3>\n<p>Wenn Sie ein junges, d.\u00a0h. ein vor weniger als drei Jahren gegr\u00fcndetes Start-up-Unternehmen f\u00fchren, k\u00f6nnen Sie sich jetzt f\u00fcr ein kostenloses Solid Edge-Jahresabo bewerben. Ohne Anmeldegeb\u00fchr![\/vc_column_text][vc_column_text]<a class=\"action-button\" href=\"https:\/\/www.plm.automation.siemens.com\/global\/de\/topic\/solid-edge-for-startups\/8335\"><i class=\"icon-ext\"><\/i>Jetzt bewerben<\/a>[\/vc_column_text][\/vc_column][\/vc_row]<\/p>\n<\/div><\/div><\/div>[\/vc_column_inner][vc_column_inner width=&#8220;1\/2&#8243; offset=&#8220;vc_col-md-offset-2 vc_col-md-5&#8243;]<div class=\"wpb_content_block wpb_content_element\"><div class=\"wpb_wrapper\"><div class=\"content_block\" id=\"custom_post_widget-420\"><p>[vc_row][vc_column][vc_column_text]<\/p>\n<h3>Laden Sie die kostenlose Solid Edge-Lizenz f\u00fcr Studenten herunter<\/h3>\n<p>Eignen Sie sich die F\u00e4higkeiten an, die Sie ben\u00f6tigen \u2013 mit der Solid Edge Student Edition, einer kostenlosen Version der benutzerfreundlichen Softwaresuite, die auch von professionellen Anwendern eingesetzt wird.<br \/>\n[\/vc_column_text][vc_column_text]<a class=\"action-button\" href=\"https:\/\/www.plm.automation.siemens.com\/plmapp\/education\/solid-edge\/de_de\/free-software\/student\"><i class=\"icon-ext\"><\/i>Jetzt herunterladen<\/a>[\/vc_column_text][\/vc_column][\/vc_row]<\/p>\n<\/div><\/div><\/div>[\/vc_column_inner][\/vc_row_inner][\/vc_column][\/vc_row][vc_row full_width=&#8220;stretch_row&#8220; el_class=&#8220;vc-row-related-content&#8220; css=&#8220;.vc_custom_1524184785822{background-color: #347eb5 !important;}&#8220;][vc_column][vc_column_text]<\/p>\n<h2>Related Content<\/h2>\n<p>[\/vc_column_text]<div id=\"ult-carousel-107056418469ff307463c70\" class=\"ult-carousel-wrapper  vc-el-carousel-related-content ult_horizontal\" data-gutter=\"0\" data-rtl=\"false\" ><div class=\"ult-carousel-85796172069ff307463c51 \" >[vc_column_text]<a href=\"https:\/\/www.plm.automation.siemens.com\/store\/en-us\/solid-edge\/\">Erwerben Sie Solid Edge in unserem Online-Store<\/a>[\/vc_column_text][vc_column_text]<a href=\"https:\/\/community.plm.automation.siemens.com\/t5\/Solid-Edge-Blog\/ADIRA-Pushes-Limits-of-Additive-Manufacturing\/ba-p\/454045\">ADIRA hebt die Grenzen der additiven Fertigung auf<\/a>[\/vc_column_text][vc_column_text]<a href=\"https:\/\/community.plm.automation.siemens.com\/t5\/Solid-Edge-Blog\/New-additive-manufacturing-capabilities-from-3YOURMIND\/ba-p\/484950\">Neue Funktionen der additiven Fertigung von 3YOURMIND<\/a>[\/vc_column_text][vc_column_text]<a href=\"https:\/\/solidedge.siemens.com\/wp-content\/uploads\/2018\/10\/Tech-Clarity-Infographic-3DPrintConvergence.pdf\">Infographic: Additive Manufacturing by the Numbers<\/a>[\/vc_column_text]<\/div><\/div>\t\t\t<script type=\"text\/javascript\">\r\n\t\t\t\tjQuery(document).ready(function ($) {\r\n\t\t\t\t\tif( typeof jQuery('.ult-carousel-85796172069ff307463c51').slick == \"function\"){\r\n\t\t\t\t\t\t$('.ult-carousel-85796172069ff307463c51').slick({dots: true,autoplaySpeed: 5000,speed: 500,infinite: false,arrows: true,nextArrow: '<button type=\"button\" role=\"button\" aria-label=\"Next\" style=\"color:#ffffff; font-size:30px;background:rgba(255,255,255,0.2);\" class=\"slick-next square-bg\"><i class=\"ultsl-arrow-right6\"><\/i><\/button>',prevArrow: '<button type=\"button\" role=\"button\" aria-label=\"Previous\" style=\"color:#ffffff; font-size:30px;background:rgba(255,255,255,0.2);\" class=\"slick-prev square-bg\"><i class=\"ultsl-arrow-left6\"><\/i><\/button>',slidesToScroll:4,slidesToShow:4,swipe: true,draggable: true,touchMove: true,pauseOnHover: true,pauseOnFocus: false,responsive: [\r\n\t\t\t\t\t\t\t{\r\n\t\t\t\t\t\t\t  breakpoint: 1026,\r\n\t\t\t\t\t\t\t  settings: {\r\n\t\t\t\t\t\t\t\tslidesToShow: 4,\r\n\t\t\t\t\t\t\t\tslidesToScroll: 4,  \r\n\t\t\t\t\t\t\t  }\r\n\t\t\t\t\t\t\t},\r\n\t\t\t\t\t\t\t{\r\n\t\t\t\t\t\t\t  breakpoint: 1025,\r\n\t\t\t\t\t\t\t  settings: {\r\n\t\t\t\t\t\t\t\tslidesToShow: 2,\r\n\t\t\t\t\t\t\t\tslidesToScroll: 2\r\n\t\t\t\t\t\t\t  }\r\n\t\t\t\t\t\t\t},\r\n\t\t\t\t\t\t\t{\r\n\t\t\t\t\t\t\t  breakpoint: 760,\r\n\t\t\t\t\t\t\t  settings: {\r\n\t\t\t\t\t\t\t\tslidesToShow: 1,\r\n\t\t\t\t\t\t\t\tslidesToScroll: 1\r\n\t\t\t\t\t\t\t  }\r\n\t\t\t\t\t\t\t}\r\n\t\t\t\t\t\t],pauseOnDotsHover: true,customPaging: function(slider, i) {\r\n                   return '<i type=\"button\" style= \"color:#ffffff;\" class=\"ultsl-record\" data-role=\"none\"><\/i>';\r\n                },});\r\n\t\t\t\t\t}\r\n\t\t\t\t});\r\n\t\t\t<\/script>\r\n\t\t\t[\/vc_column][\/vc_row][vc_row full_width=&#8220;stretch_row&#8220; el_class=&#8220;footer-contact&#8220; css=&#8220;.vc_custom_1550170708528{background-color: #dedee3 !important;}&#8220;][vc_column]<div class=\"wpb_content_block wpb_content_element\"><div class=\"wpb_wrapper\"><\/div><\/div>[\/vc_column][\/vc_row]<\/p>\n","protected":false},"excerpt":{"rendered":"<p>[\/vc_column] L\u00f6sungen der additiven Fertigung Solid Edge erm\u00f6glicht es Ihnen, mit den neuesten Techniken der additiven Fertigung und des 3D-Drucks erstklassige Produkte herzustellen. Solid Edge Free Trial [\/vc_column_text][\/vc_column][\/vc_row]Funktionen Mit additiven Techniken von der Konstruktion zur [&hellip;]<\/p>\n","protected":false},"author":5,"featured_media":0,"parent":2692,"menu_order":0,"comment_status":"closed","ping_status":"closed","template":"","meta":{"inline_featured_image":false},"yoast_head":"<!-- This site is optimized with the Yoast SEO plugin v18.4.1 - https:\/\/yoast.com\/wordpress\/plugins\/seo\/ -->\n<title>Additive Fertigung | 3D-Drucktechniken | Solid Edge<\/title>\n<meta name=\"description\" content=\"Mit Solid Edge k\u00f6nnen Sie die Vorteile der additiven Fertigung perfekt nutzen \u2013 unabh\u00e4ngig davon, ob Sie einzelne Prototypen erstellen oder gro\u00dfe Mengen fertigen.\" \/>\n<meta name=\"robots\" content=\"index, follow, max-snippet:-1, max-image-preview:large, max-video-preview:-1\" \/>\n<link rel=\"canonical\" href=\"https:\/\/solidedge.siemens.com\/de\/solutions\/products\/computer-aided-manufacturing-cam\/additive-manufacturing\/\" \/>\n<meta property=\"og:locale\" content=\"de_DE\" \/>\n<meta property=\"og:type\" content=\"article\" \/>\n<meta property=\"og:title\" content=\"Additive Fertigung | 3D-Drucktechniken | Solid Edge\" \/>\n<meta property=\"og:description\" content=\"Mit Solid Edge k\u00f6nnen Sie die Vorteile der additiven Fertigung perfekt nutzen \u2013 unabh\u00e4ngig davon, ob Sie einzelne Prototypen erstellen oder gro\u00dfe Mengen fertigen.\" \/>\n<meta property=\"og:url\" content=\"https:\/\/solidedge.siemens.com\/de\/solutions\/products\/computer-aided-manufacturing-cam\/additive-manufacturing\/\" \/>\n<meta property=\"og:site_name\" content=\"Solid Edge\" \/>\n<meta property=\"article:publisher\" content=\"https:\/\/www.facebook.com\/solidedge\" \/>\n<meta property=\"article:modified_time\" content=\"2022-10-20T17:24:39+00:00\" \/>\n<meta name=\"twitter:card\" content=\"summary_large_image\" \/>\n<meta name=\"twitter:site\" content=\"@siemensplm\" \/>\n<meta name=\"twitter:label1\" content=\"Gesch\u00e4tzte Lesezeit\" \/>\n\t<meta name=\"twitter:data1\" content=\"2 Minuten\" \/>\n<script type=\"application\/ld+json\" class=\"yoast-schema-graph\">{\"@context\":\"https:\/\/schema.org\",\"@graph\":[{\"@type\":\"Organization\",\"@id\":\"https:\/\/solidedge.siemens.com\/en\/#organization\",\"name\":\"Siemens Digital Industries Software\",\"url\":\"https:\/\/solidedge.siemens.com\/en\/\",\"sameAs\":[\"https:\/\/www.facebook.com\/solidedge\",\"https:\/\/www.instagram.com\/siemens\/\",\"https:\/\/www.linkedin.com\/company\/siemens-plm-software\",\"https:\/\/www.youtube.com\/user\/PolarionSoftware\",\"https:\/\/twitter.com\/siemensplm\"],\"logo\":{\"@type\":\"ImageObject\",\"@id\":\"https:\/\/solidedge.siemens.com\/en\/#logo\",\"inLanguage\":\"de-DE\",\"url\":\"https:\/\/solidedge.siemens.com\/wp-content\/uploads\/2018\/04\/logo-siemens-ifl@2x.png\",\"contentUrl\":\"https:\/\/solidedge.siemens.com\/wp-content\/uploads\/2018\/04\/logo-siemens-ifl@2x.png\",\"width\":640,\"height\":270,\"caption\":\"Siemens Digital Industries Software\"},\"image\":{\"@id\":\"https:\/\/solidedge.siemens.com\/en\/#logo\"}},{\"@type\":\"WebSite\",\"@id\":\"https:\/\/solidedge.siemens.com\/en\/#website\",\"url\":\"https:\/\/solidedge.siemens.com\/en\/\",\"name\":\"Solid Edge\",\"description\":\"Siemens Software\",\"publisher\":{\"@id\":\"https:\/\/solidedge.siemens.com\/en\/#organization\"},\"potentialAction\":[{\"@type\":\"SearchAction\",\"target\":{\"@type\":\"EntryPoint\",\"urlTemplate\":\"https:\/\/solidedge.siemens.com\/en\/?s={search_term_string}\"},\"query-input\":\"required name=search_term_string\"}],\"inLanguage\":\"de-DE\"},{\"@type\":\"WebPage\",\"@id\":\"https:\/\/solidedge.siemens.com\/de\/solutions\/products\/computer-aided-manufacturing-cam\/additive-manufacturing\/#webpage\",\"url\":\"https:\/\/solidedge.siemens.com\/de\/solutions\/products\/computer-aided-manufacturing-cam\/additive-manufacturing\/\",\"name\":\"Additive Fertigung | 3D-Drucktechniken | Solid Edge\",\"isPartOf\":{\"@id\":\"https:\/\/solidedge.siemens.com\/en\/#website\"},\"datePublished\":\"2019-04-01T14:28:18+00:00\",\"dateModified\":\"2022-10-20T17:24:39+00:00\",\"description\":\"Mit Solid Edge k\u00f6nnen Sie die Vorteile der additiven Fertigung perfekt nutzen \u2013 unabh\u00e4ngig davon, ob Sie einzelne Prototypen erstellen oder gro\u00dfe Mengen fertigen.\",\"breadcrumb\":{\"@id\":\"https:\/\/solidedge.siemens.com\/de\/solutions\/products\/computer-aided-manufacturing-cam\/additive-manufacturing\/#breadcrumb\"},\"inLanguage\":\"de-DE\",\"potentialAction\":[{\"@type\":\"ReadAction\",\"target\":[\"https:\/\/solidedge.siemens.com\/de\/solutions\/products\/computer-aided-manufacturing-cam\/additive-manufacturing\/\"]}]},{\"@type\":\"BreadcrumbList\",\"@id\":\"https:\/\/solidedge.siemens.com\/de\/solutions\/products\/computer-aided-manufacturing-cam\/additive-manufacturing\/#breadcrumb\",\"itemListElement\":[{\"@type\":\"ListItem\",\"position\":1,\"name\":\"Home\",\"item\":\"https:\/\/solidedge.siemens.com\/en\/home-7\/\"},{\"@type\":\"ListItem\",\"position\":2,\"name\":\"L&ouml;sungen\",\"item\":\"https:\/\/solidedge.siemens.com\/de\/solutions\/\"},{\"@type\":\"ListItem\",\"position\":3,\"name\":\"Produkte\",\"item\":\"https:\/\/solidedge.siemens.com\/de\/solutions\/products\/\"},{\"@type\":\"ListItem\",\"position\":4,\"name\":\"Computer-Aided Manufacturing (CAM)\",\"item\":\"https:\/\/solidedge.siemens.com\/de\/solutions\/products\/computer-aided-manufacturing-cam\/\"},{\"@type\":\"ListItem\",\"position\":5,\"name\":\"Additive Fertigung\"}]}]}<\/script>\n<!-- \/ Yoast SEO plugin. -->","yoast_head_json":{"title":"Additive Fertigung | 3D-Drucktechniken | Solid Edge","description":"Mit Solid Edge k\u00f6nnen Sie die Vorteile der additiven Fertigung perfekt nutzen \u2013 unabh\u00e4ngig davon, ob Sie einzelne Prototypen erstellen oder gro\u00dfe Mengen fertigen.","robots":{"index":"index","follow":"follow","max-snippet":"max-snippet:-1","max-image-preview":"max-image-preview:large","max-video-preview":"max-video-preview:-1"},"canonical":"https:\/\/solidedge.siemens.com\/de\/solutions\/products\/computer-aided-manufacturing-cam\/additive-manufacturing\/","og_locale":"de_DE","og_type":"article","og_title":"Additive Fertigung | 3D-Drucktechniken | Solid Edge","og_description":"Mit Solid Edge k\u00f6nnen Sie die Vorteile der additiven Fertigung perfekt nutzen \u2013 unabh\u00e4ngig davon, ob Sie einzelne Prototypen erstellen oder gro\u00dfe Mengen fertigen.","og_url":"https:\/\/solidedge.siemens.com\/de\/solutions\/products\/computer-aided-manufacturing-cam\/additive-manufacturing\/","og_site_name":"Solid Edge","article_publisher":"https:\/\/www.facebook.com\/solidedge","article_modified_time":"2022-10-20T17:24:39+00:00","twitter_card":"summary_large_image","twitter_site":"@siemensplm","twitter_misc":{"Gesch\u00e4tzte Lesezeit":"2 Minuten"},"schema":{"@context":"https:\/\/schema.org","@graph":[{"@type":"Organization","@id":"https:\/\/solidedge.siemens.com\/en\/#organization","name":"Siemens Digital Industries Software","url":"https:\/\/solidedge.siemens.com\/en\/","sameAs":["https:\/\/www.facebook.com\/solidedge","https:\/\/www.instagram.com\/siemens\/","https:\/\/www.linkedin.com\/company\/siemens-plm-software","https:\/\/www.youtube.com\/user\/PolarionSoftware","https:\/\/twitter.com\/siemensplm"],"logo":{"@type":"ImageObject","@id":"https:\/\/solidedge.siemens.com\/en\/#logo","inLanguage":"de-DE","url":"https:\/\/solidedge.siemens.com\/wp-content\/uploads\/2018\/04\/logo-siemens-ifl@2x.png","contentUrl":"https:\/\/solidedge.siemens.com\/wp-content\/uploads\/2018\/04\/logo-siemens-ifl@2x.png","width":640,"height":270,"caption":"Siemens Digital Industries Software"},"image":{"@id":"https:\/\/solidedge.siemens.com\/en\/#logo"}},{"@type":"WebSite","@id":"https:\/\/solidedge.siemens.com\/en\/#website","url":"https:\/\/solidedge.siemens.com\/en\/","name":"Solid Edge","description":"Siemens Software","publisher":{"@id":"https:\/\/solidedge.siemens.com\/en\/#organization"},"potentialAction":[{"@type":"SearchAction","target":{"@type":"EntryPoint","urlTemplate":"https:\/\/solidedge.siemens.com\/en\/?s={search_term_string}"},"query-input":"required name=search_term_string"}],"inLanguage":"de-DE"},{"@type":"WebPage","@id":"https:\/\/solidedge.siemens.com\/de\/solutions\/products\/computer-aided-manufacturing-cam\/additive-manufacturing\/#webpage","url":"https:\/\/solidedge.siemens.com\/de\/solutions\/products\/computer-aided-manufacturing-cam\/additive-manufacturing\/","name":"Additive Fertigung | 3D-Drucktechniken | Solid Edge","isPartOf":{"@id":"https:\/\/solidedge.siemens.com\/en\/#website"},"datePublished":"2019-04-01T14:28:18+00:00","dateModified":"2022-10-20T17:24:39+00:00","description":"Mit Solid Edge k\u00f6nnen Sie die Vorteile der additiven Fertigung perfekt nutzen \u2013 unabh\u00e4ngig davon, ob Sie einzelne Prototypen erstellen oder gro\u00dfe Mengen fertigen.","breadcrumb":{"@id":"https:\/\/solidedge.siemens.com\/de\/solutions\/products\/computer-aided-manufacturing-cam\/additive-manufacturing\/#breadcrumb"},"inLanguage":"de-DE","potentialAction":[{"@type":"ReadAction","target":["https:\/\/solidedge.siemens.com\/de\/solutions\/products\/computer-aided-manufacturing-cam\/additive-manufacturing\/"]}]},{"@type":"BreadcrumbList","@id":"https:\/\/solidedge.siemens.com\/de\/solutions\/products\/computer-aided-manufacturing-cam\/additive-manufacturing\/#breadcrumb","itemListElement":[{"@type":"ListItem","position":1,"name":"Home","item":"https:\/\/solidedge.siemens.com\/en\/home-7\/"},{"@type":"ListItem","position":2,"name":"L&ouml;sungen","item":"https:\/\/solidedge.siemens.com\/de\/solutions\/"},{"@type":"ListItem","position":3,"name":"Produkte","item":"https:\/\/solidedge.siemens.com\/de\/solutions\/products\/"},{"@type":"ListItem","position":4,"name":"Computer-Aided Manufacturing (CAM)","item":"https:\/\/solidedge.siemens.com\/de\/solutions\/products\/computer-aided-manufacturing-cam\/"},{"@type":"ListItem","position":5,"name":"Additive Fertigung"}]}]}},"_links":{"self":[{"href":"https:\/\/solidedge.siemens.com\/de\/wp-json\/wp\/v2\/pages\/1813"}],"collection":[{"href":"https:\/\/solidedge.siemens.com\/de\/wp-json\/wp\/v2\/pages"}],"about":[{"href":"https:\/\/solidedge.siemens.com\/de\/wp-json\/wp\/v2\/types\/page"}],"author":[{"embeddable":true,"href":"https:\/\/solidedge.siemens.com\/de\/wp-json\/wp\/v2\/users\/5"}],"replies":[{"embeddable":true,"href":"https:\/\/solidedge.siemens.com\/de\/wp-json\/wp\/v2\/comments?post=1813"}],"version-history":[{"count":16,"href":"https:\/\/solidedge.siemens.com\/de\/wp-json\/wp\/v2\/pages\/1813\/revisions"}],"predecessor-version":[{"id":64470,"href":"https:\/\/solidedge.siemens.com\/de\/wp-json\/wp\/v2\/pages\/1813\/revisions\/64470"}],"up":[{"embeddable":true,"href":"https:\/\/solidedge.siemens.com\/de\/wp-json\/wp\/v2\/pages\/2692"}],"wp:attachment":[{"href":"https:\/\/solidedge.siemens.com\/de\/wp-json\/wp\/v2\/media?parent=1813"}],"curies":[{"name":"wp","href":"https:\/\/api.w.org\/{rel}","templated":true}]}}