{"id":1666,"date":"2019-04-01T10:29:26","date_gmt":"2019-04-01T14:29:26","guid":{"rendered":"https:\/\/solidedge.siemens.com\/requirements-management\/"},"modified":"2021-04-19T15:54:44","modified_gmt":"2021-04-19T19:54:44","slug":"requirements-management","status":"publish","type":"page","link":"https:\/\/solidedge.siemens.com\/de\/solutions\/products\/data-management\/requirements-management\/","title":{"rendered":"Anforderungsmanagement"},"content":{"rendered":"<p>[vc_row el_class=&#8220;vc-row-page-image-intro&#8220;][vc_column][vc_column_text]<br \/>\n<br class=\"xliff-newline\" \/><\/p>\n<h1>Anforderungsmanagement<\/h1>\n<p><br class=\"xliff-newline\" \/><br \/>\n[\/vc_column_text][vc_row_inner][vc_column_inner width=&#8220;5\/12&#8243;][vc_single_image image=&#8220;1254&#8243; img_size=&#8220;medium&#8220; alignment=&#8220;center&#8220;][\/vc_column_inner][vc_column_inner width=&#8220;7\/12&#8243;][vc_column_text]<br \/>\n<br class=\"xliff-newline\" \/><\/p>\n<p class=\"f-larger c-black\"><strong>Verwalten Sie Produktdesignanforderungen und erf&uuml;llen Sie Compliance-Standards durch l&uuml;ckenlose R&uuml;ckverfolgbarkeit.<\/strong><\/p>\n<p><br class=\"xliff-newline\" \/>Die Produktentwicklung wird von den Anforderungen bestimmt. Mit dem Solid Edge-Anforderungsmanagement k&ouml;nnen Sie Anforderungen w&auml;hrend des gesamten Produktentwicklungs- und Fertigungsprozesses pr&auml;zise miteinander verkn&uuml;pfen und nachverfolgen &ndash; so wird jedes Produkt zum Erfolg.[\/vc_column_text][vc_column_text el_class=\"vc-el-related-content-video\"][\/vc_column_text][\/vc_column_inner][\/vc_row_inner][\/vc_column][\/vc_row][vc_row full_width=&#8220;stretch_row&#8220; css=&#8220;.vc_custom_1527085676589{background-color: #ebf0f5 !important;}&#8220;][vc_column][vc_column_text el_class=&#8220;vc-el-lead-in&#8220;]Funktionen<br class=\"xliff-newline\" \/><\/p>\n<h2>Nahtlose Verwaltung und Nachverfolgung von Anforderungen<\/h2>\n<p><br class=\"xliff-newline\" \/>Solid Edge Requirements Management hilft Ihnen dabei, die wichtigsten Prinzipien von Konstruktionsaufgaben &ndash; die Anforderungen &ndash; aufzuzeichnen, einzuhalten und nachzuverfolgen. Dank des eingebetteten Zugriffs k&ouml;nnen Anwender schnell und einfach nach Arbeitselementen und anderen Aufgaben suchen und mit diesen interagieren. Die l&uuml;ckenlose R&uuml;ckverfolgbarkeit unterst&uuml;tzt Projektmanager und erm&ouml;glicht fundierte Entscheidungen.[\/vc_column_text][vc_row_inner el_class=&#8220;vc-row-image-teasers&#8220;][vc_column_inner width=&#8220;1\/4&#8243;][vc_column_text]<br \/>\n<br class=\"xliff-newline\" \/><\/p>\n<h3>Sofortiger Zugriff auf Produktanforderungen<\/h3>\n<p><br class=\"xliff-newline\" \/>Mit einer Registerkartenstruktur, die wie ein Dashboard funktioniert, k&ouml;nnen Anwender sofort Aufgaben oder Testf&auml;lle als Referenz verwenden, um kostspielige Fl&uuml;chtigkeitsfehler zu vermeiden.[\/vc_column_text][\/vc_column_inner][vc_column_inner width=&#8220;1\/4&#8243;][vc_column_text]<br \/>\n<br class=\"xliff-newline\" \/><\/p>\n<h3>Anforderungskennzeichnung zur Gew&auml;hrleistung der R&uuml;ckverfolgbarkeit<\/h3>\n<p><br class=\"xliff-newline\" \/>Um eine genaue R&uuml;ckverfolgbarkeit zu gew&auml;hrleisten, k&ouml;nnen Anwender nach der Bearbeitung eines Arbeitselements die entsprechende Anforderungs-ID in der Solid Edge-Datei kennzeichnen &ndash; ohne Solid Edge daf&uuml;r verlassen zu m&uuml;ssen.[\/vc_column_text][\/vc_column_inner][vc_column_inner width=&#8220;1\/4&#8243;][vc_column_text]<br \/>\n<br class=\"xliff-newline\" \/><\/p>\n<h3>Sichtbarkeit detaillierter Aktionen zu Aufgaben<\/h3>\n<p><br class=\"xliff-newline\" \/>Mit nur einem Mausklick k&ouml;nnen Sie auf eine detaillierte Liste der f&uuml;r eine bestimmte Aufgabe ausgef&uuml;hrten Aktionen zugreifen. Administratoren und Projektmanager k&ouml;nnen Anwenderkommentare zulassen oder blockieren, verwandte Arbeitselemente verkn&uuml;pfen und andere M&ouml;glichkeiten der Interaktion mit dem Arbeitselement definieren.[\/vc_column_text][\/vc_column_inner][vc_column_inner width=&#8220;1\/4&#8243;][vc_column_text]<br \/>\n<br class=\"xliff-newline\" \/><\/p>\n<h3>Problemlose Kommunikation mit Projektleitern und Gesch&auml;ftsf&uuml;hrung<\/h3>\n<p><br class=\"xliff-newline\" \/>Durch die Verkn&uuml;pfung zwischen Konstruktionsdaten und Arbeitselementen erm&ouml;glichen 3D-PDF-Dateien eine Entscheidungsfindung durch die Projektleitung, ohne dass die Beteiligten auf das CAD-System selbst zugreifen m&uuml;ssen.[\/vc_column_text][\/vc_column_inner][\/vc_row_inner][vc_column_text]<a href=\"https:\/\/solidedge.siemens.com\/wp-content\/uploads\/2018\/07\/Siemens-PLM-Solid-Edge-Requirements-Management-fs-70876-A2.pdf\" target=\"_blank\" rel=\"noopener noreferrer\"><i class=\"icon-ext\"><\/i> Datenblatt f&uuml;r das Solid Edge-Anforderungsmanagement herunterladen<\/a>[\/vc_column_text][\/vc_column][\/vc_row][vc_row full_width=&#8220;stretch_row&#8220; el_class=&#8220;vc-row-video-highlight&#8220;][vc_column][vc_column_text el_class=&#8220;vc-el-lead-in&#8220;]Video<br class=\"xliff-newline\" \/><\/p>\n<h2>Anforderungsmanagement in Aktion<\/h2>\n<p><br class=\"xliff-newline\" \/><\/p>\n<p class=\"see-more\" style=\"text-align: right;\"><a href=\"https:\/\/solidedge.siemens.com\/de\/resources\/resource-library\/#ui_Videos\">Weitere Videos anzeigen<\/a><\/p>\n<p><br class=\"xliff-newline\" \/><br \/>\n[\/vc_column_text]\n\n\n  <div id=\"wpv-view-layout-567-CATTRd4f4e5c9059cda0c44f682af732e2e54\" class=\"js-wpv-view-layout js-wpv-layout-responsive js-wpv-view-layout-567-CATTRd4f4e5c9059cda0c44f682af732e2e54\" data-viewnumber=\"567-CATTRd4f4e5c9059cda0c44f682af732e2e54\" data-pagination=\"{&quot;id&quot;:567,&quot;query&quot;:&quot;normal&quot;,&quot;type&quot;:&quot;disabled&quot;,&quot;effect&quot;:&quot;fade&quot;,&quot;duration&quot;:500,&quot;speed&quot;:5,&quot;pause_on_hover&quot;:&quot;disabled&quot;,&quot;stop_rollover&quot;:&quot;false&quot;,&quot;cache_pages&quot;:&quot;enabled&quot;,&quot;preload_images&quot;:&quot;enabled&quot;,&quot;preload_pages&quot;:&quot;enabled&quot;,&quot;preload_reach&quot;:1,&quot;spinner&quot;:&quot;builtin&quot;,&quot;spinner_image&quot;:&quot;https:\/\/solidedge.siemens.com\/wp-content\/plugins\/wp-views\/embedded\/res\/img\/ajax-loader.gif&quot;,&quot;callback_next&quot;:&quot;&quot;,&quot;manage_history&quot;:&quot;disabled&quot;,&quot;has_controls_in_form&quot;:&quot;disabled&quot;,&quot;infinite_tolerance&quot;:&quot;0&quot;,&quot;max_pages&quot;:0,&quot;page&quot;:1,&quot;base_permalink&quot;:&quot;\/de\/wp-json\/wp\/v2\/pages\/1666?wpv_view_count=567-CATTRd4f4e5c9059cda0c44f682af732e2e54&amp;wpv_paged=WPV_PAGE_NUM&quot;,&quot;loop&quot;:{&quot;type&quot;:&quot;&quot;,&quot;name&quot;:&quot;&quot;,&quot;data&quot;:[],&quot;id&quot;:0}}\" data-permalink=\"\/de\/wp-json\/wp\/v2\/pages\/1666?wpv_view_count=567-CATTRd4f4e5c9059cda0c44f682af732e2e54\">\n\n  \n  <div class=\"wpv-resources\"><a name=\"video\" class=\"video-anchor\"><\/a>\n    <div id=\"ult-carousel-21111392469f53c4eafba1\" class=\"ult-carousel-wrapper  vc-el-carousel-videos-embedded ult_horizontal\" data-gutter=\"0\" data-rtl=\"false\" ><div class=\"ult-carousel-53955602969f53c4eafb6b \" >\n    \n    \n       <div><!-- slide container -->\n        <div class=\"wpv-resources-item\" data-mh=\".wpv-resources-item\">\n          <div class=\"resources-item-poster\">\n              <div id=\"wpfp_5fe2fb1c3e54e36866bed3bb9f0b9697\" data-item=\"{&quot;sources&quot;:&#091;{&quot;src&quot;:&quot;https:\\\/\\\/media.plm.automation.siemens.com\\\/solidedge\\\/2019\\\/Requirements_Management_in_Solid_Edge_70826.mp4&quot;,&quot;type&quot;:&quot;video\\\/mp4&quot;}&#093;}\" class=\"flowplayer no-brand is-splash no-svg is-paused skin-slim fp-slim fp-edgy\" data-embed=\"false\" style=\"max-width: 1140px; max-height: 640px; background-image: url(https:\/\/solidedge.siemens.com\/wp-content\/uploads\/2018\/05\/v-requirements-management.jpg);\" data-ratio=\"0.5614\" data-advance=\"false\">\n\t<div class=\"fp-ratio\" style=\"padding-top: 56.14%\"><\/div>\n\t<div class=\"fp-ui\"><div class=\"fp-play fp-visible\"><a class=\"fp-icon fp-playbtn\"><\/a><\/div><\/div>\n\n<\/div>\n\n              \n          <\/div>\n        <\/div>\n      <\/div>\n    \n    \n    <\/div><\/div>\t\t\t<script type=\"text\/javascript\">\r\n\t\t\t\tjQuery(document).ready(function ($) {\r\n\t\t\t\t\tif( typeof jQuery('.ult-carousel-53955602969f53c4eafb6b').slick == \"function\"){\r\n\t\t\t\t\t\t$('.ult-carousel-53955602969f53c4eafb6b').slick({dots: true,autoplaySpeed: 5000,speed: 500,infinite: false,arrows: true,nextArrow: '<button type=\"button\" role=\"button\" aria-label=\"Next\" style=\"color:#ffffff; font-size:30px;background:rgba(47,56,60,0.5);\" class=\"slick-next square-bg\"><i class=\"ultsl-arrow-right6\"><\/i><\/button>',prevArrow: '<button type=\"button\" role=\"button\" aria-label=\"Previous\" style=\"color:#ffffff; font-size:30px;background:rgba(47,56,60,0.5);\" class=\"slick-prev square-bg\"><i class=\"ultsl-arrow-left6\"><\/i><\/button>',slidesToScroll:1,slidesToShow:1,swipe: true,draggable: true,touchMove: true,pauseOnHover: true,pauseOnFocus: false,responsive: [\r\n\t\t\t\t\t\t\t{\r\n\t\t\t\t\t\t\t  breakpoint: 1026,\r\n\t\t\t\t\t\t\t  settings: {\r\n\t\t\t\t\t\t\t\tslidesToShow: 1,\r\n\t\t\t\t\t\t\t\tslidesToScroll: 1,  \r\n\t\t\t\t\t\t\t  }\r\n\t\t\t\t\t\t\t},\r\n\t\t\t\t\t\t\t{\r\n\t\t\t\t\t\t\t  breakpoint: 1025,\r\n\t\t\t\t\t\t\t  settings: {\r\n\t\t\t\t\t\t\t\tslidesToShow: 1,\r\n\t\t\t\t\t\t\t\tslidesToScroll: 1\r\n\t\t\t\t\t\t\t  }\r\n\t\t\t\t\t\t\t},\r\n\t\t\t\t\t\t\t{\r\n\t\t\t\t\t\t\t  breakpoint: 760,\r\n\t\t\t\t\t\t\t  settings: {\r\n\t\t\t\t\t\t\t\tslidesToShow: 1,\r\n\t\t\t\t\t\t\t\tslidesToScroll: 1\r\n\t\t\t\t\t\t\t  }\r\n\t\t\t\t\t\t\t}\r\n\t\t\t\t\t\t],pauseOnDotsHover: true,customPaging: function(slider, i) {\r\n                   return '<i type=\"button\" style= \"color:#788891;\" class=\"ultsl-record\" data-role=\"none\"><\/i>';\r\n                },});\r\n\t\t\t\t\t}\r\n\t\t\t\t});\r\n\t\t\t<\/script>\r\n\t\t\t\n  <\/div>\n  \n  \n  <\/div>\n[vc_column_text el_class=&#8220;video-caption&#8220;]<br \/>\n<br class=\"xliff-newline\" \/><\/p>\n<h3>Anforderungsmanagement in Solid Edge<\/h3>\n<p><br class=\"xliff-newline\" \/>Die Produktentwicklung wird von den Anforderungen bestimmt. Es ist unabdingbar, Anforderungen w&auml;hrend des gesamten Produktentwicklungs- und Fertigungsprozesses pr&auml;zise miteinander verkn&uuml;pfen und nachverfolgen zu k&ouml;nnen. Solid Edge begegnet diesen Herausforderungen mit dem Anforderungsmanagement.[\/vc_column_text][\/vc_column][\/vc_row][vc_row full_width=&#8220;stretch_row&#8220; el_class=&#8220;vc-row-related-content&#8220; css=&#8220;.vc_custom_1524184785822{background-color: #347eb5 !important;}&#8220;][vc_column][vc_column_text]<br \/>\n<br class=\"xliff-newline\" \/><\/p>\n<h2>&Auml;hnliche Inhalte<\/h2>\n<p><br class=\"xliff-newline\" \/><br \/>\n[\/vc_column_text]<div id=\"ult-carousel-193781897869f53c4eb0656\" class=\"ult-carousel-wrapper  vc-el-carousel-related-content ult_horizontal\" data-gutter=\"0\" data-rtl=\"false\" ><div class=\"ult-carousel-68432294469f53c4eb0632 \" >[vc_column_text]<a href=\"https:\/\/solidedge.siemens.com\/wp-content\/uploads\/2018\/07\/Siemens-PLM-Solid-Edge-Requirements-Management-fs-70876-A2.pdf\" target=\"_blank\" rel=\"noopener noreferrer\">Datenblatt f&uuml;r das Solid Edge-Anforderungsmanagement herunterladen<\/a>[\/vc_column_text][vc_column_text]<\/p>\n<p><br class=\"xliff-newline\" \/><br class=\"xliff-newline\" \/><a href=\"https:\/\/www.plm.automation.siemens.com\/store\/en-us\/solid-edge\/\">Besuchen Sie den Solid Edge Online Store<\/a><br class=\"xliff-newline\" \/><br class=\"xliff-newline\" \/><\/p>\n<p>[\/vc_column_text][vc_column_text]<a href=\"http:\/\/community.plm.automation.siemens.com\/t5\/Solid-Edge-User-Community\/ct-p\/solid-edge\">Solid Edge Community<\/a>[\/vc_column_text][vc_column_text]<a href=\"https:\/\/www.facebook.com\/solidedge\">Solid Edge auf Facebook&nbsp;<\/a>[\/vc_column_text][vc_column_text]<a href=\"https:\/\/twitter.com\/search?q=Solid%20Edge&amp;src=typd\">Solid Edge auf Twitter<\/a>[\/vc_column_text]<\/div><\/div>\t\t\t<script type=\"text\/javascript\">\r\n\t\t\t\tjQuery(document).ready(function ($) {\r\n\t\t\t\t\tif( typeof jQuery('.ult-carousel-68432294469f53c4eb0632').slick == \"function\"){\r\n\t\t\t\t\t\t$('.ult-carousel-68432294469f53c4eb0632').slick({dots: true,autoplaySpeed: 5000,speed: 500,infinite: false,arrows: true,nextArrow: '<button type=\"button\" role=\"button\" aria-label=\"Next\" style=\"color:#ffffff; font-size:30px;background:rgba(255,255,255,0.2);\" class=\"slick-next square-bg\"><i class=\"ultsl-arrow-right6\"><\/i><\/button>',prevArrow: '<button type=\"button\" role=\"button\" aria-label=\"Previous\" style=\"color:#ffffff; font-size:30px;background:rgba(255,255,255,0.2);\" class=\"slick-prev square-bg\"><i class=\"ultsl-arrow-left6\"><\/i><\/button>',slidesToScroll:4,slidesToShow:4,swipe: true,draggable: true,touchMove: true,pauseOnHover: true,pauseOnFocus: false,responsive: [\r\n\t\t\t\t\t\t\t{\r\n\t\t\t\t\t\t\t  breakpoint: 1026,\r\n\t\t\t\t\t\t\t  settings: {\r\n\t\t\t\t\t\t\t\tslidesToShow: 4,\r\n\t\t\t\t\t\t\t\tslidesToScroll: 4,  \r\n\t\t\t\t\t\t\t  }\r\n\t\t\t\t\t\t\t},\r\n\t\t\t\t\t\t\t{\r\n\t\t\t\t\t\t\t  breakpoint: 1025,\r\n\t\t\t\t\t\t\t  settings: {\r\n\t\t\t\t\t\t\t\tslidesToShow: 2,\r\n\t\t\t\t\t\t\t\tslidesToScroll: 2\r\n\t\t\t\t\t\t\t  }\r\n\t\t\t\t\t\t\t},\r\n\t\t\t\t\t\t\t{\r\n\t\t\t\t\t\t\t  breakpoint: 760,\r\n\t\t\t\t\t\t\t  settings: {\r\n\t\t\t\t\t\t\t\tslidesToShow: 1,\r\n\t\t\t\t\t\t\t\tslidesToScroll: 1\r\n\t\t\t\t\t\t\t  }\r\n\t\t\t\t\t\t\t}\r\n\t\t\t\t\t\t],pauseOnDotsHover: true,customPaging: function(slider, i) {\r\n                   return '<i type=\"button\" style= \"color:#ffffff;\" class=\"ultsl-record\" data-role=\"none\"><\/i>';\r\n                },});\r\n\t\t\t\t\t}\r\n\t\t\t\t});\r\n\t\t\t<\/script>\r\n\t\t\t[\/vc_column][\/vc_row][vc_row full_width=&#8220;stretch_row&#8220; el_class=&#8220;footer-contact&#8220; css=&#8220;.vc_custom_1550170708528{background-color: #dedee3 !important;}&#8220;][vc_column]<div class=\"wpb_content_block wpb_content_element\"><div class=\"wpb_wrapper\"><\/div><\/div>[\/vc_column][\/vc_row]<\/p>\n","protected":false},"excerpt":{"rendered":"<p> Anforderungsmanagement [\/vc_column_text][\/vc_column_inner] Verwalten Sie Produktdesignanforderungen und erf&uuml;llen Sie Compliance-Standards durch l&uuml;ckenlose R&uuml;ckverfolgbarkeit. Die Produktentwicklung wird von den Anforderungen bestimmt. Mit dem Solid Edge-Anforderungsmanagement k&ouml;nnen Sie Anforderungen w&auml;hrend des gesamten Produktentwicklungs- und Fertigungsprozesses pr&auml;zise miteinander verkn&uuml;pfen und nachverfolgen &ndash; so wird jedes Produkt zum Erfolg.[\/vc_column_text][\/vc_column_inner][\/vc_row_inner][\/vc_column][\/vc_row]<\/p>\n","protected":false},"author":5,"featured_media":0,"parent":2710,"menu_order":0,"comment_status":"closed","ping_status":"closed","template":"","meta":{"inline_featured_image":false},"yoast_head":"<!-- This site is optimized with the Yoast SEO plugin v18.4.1 - https:\/\/yoast.com\/wordpress\/plugins\/seo\/ -->\n<title>Anforderungsmanagement | Produktentwicklung | Solid Edge<\/title>\n<meta name=\"description\" content=\"Mit dem Solid Edge-Anforderungsmanagement k\u00f6nnen Sie Anforderungen w\u00e4hrend des gesamten Produktentwicklungs- und Fertigungsprozesses pr\u00e4zise miteinander verkn\u00fcpfen und nachverfolgen. Erfahren Sie mehr.\" \/>\n<meta name=\"robots\" content=\"index, follow, max-snippet:-1, max-image-preview:large, max-video-preview:-1\" \/>\n<link rel=\"canonical\" href=\"https:\/\/solidedge.siemens.com\/de\/solutions\/products\/data-management\/requirements-management\/\" \/>\n<meta property=\"og:locale\" content=\"de_DE\" \/>\n<meta property=\"og:type\" content=\"article\" \/>\n<meta property=\"og:title\" content=\"Anforderungsmanagement | Produktentwicklung | Solid Edge\" \/>\n<meta property=\"og:description\" content=\"Mit dem Solid Edge-Anforderungsmanagement k\u00f6nnen Sie Anforderungen w\u00e4hrend des gesamten Produktentwicklungs- und Fertigungsprozesses pr\u00e4zise miteinander verkn\u00fcpfen und nachverfolgen. Erfahren Sie mehr.\" \/>\n<meta property=\"og:url\" content=\"https:\/\/solidedge.siemens.com\/de\/solutions\/products\/data-management\/requirements-management\/\" \/>\n<meta property=\"og:site_name\" content=\"Solid Edge\" \/>\n<meta property=\"article:publisher\" content=\"https:\/\/www.facebook.com\/solidedge\" \/>\n<meta property=\"article:modified_time\" content=\"2021-04-19T19:54:44+00:00\" \/>\n<meta name=\"twitter:card\" content=\"summary_large_image\" \/>\n<meta name=\"twitter:site\" content=\"@siemensplm\" \/>\n<meta name=\"twitter:label1\" content=\"Gesch\u00e4tzte Lesezeit\" \/>\n\t<meta name=\"twitter:data1\" content=\"4 Minuten\" \/>\n<script type=\"application\/ld+json\" class=\"yoast-schema-graph\">{\"@context\":\"https:\/\/schema.org\",\"@graph\":[{\"@type\":\"Organization\",\"@id\":\"https:\/\/solidedge.siemens.com\/en\/#organization\",\"name\":\"Siemens Digital Industries Software\",\"url\":\"https:\/\/solidedge.siemens.com\/en\/\",\"sameAs\":[\"https:\/\/www.facebook.com\/solidedge\",\"https:\/\/www.instagram.com\/siemens\/\",\"https:\/\/www.linkedin.com\/company\/siemens-plm-software\",\"https:\/\/www.youtube.com\/user\/PolarionSoftware\",\"https:\/\/twitter.com\/siemensplm\"],\"logo\":{\"@type\":\"ImageObject\",\"@id\":\"https:\/\/solidedge.siemens.com\/en\/#logo\",\"inLanguage\":\"de-DE\",\"url\":\"https:\/\/solidedge.siemens.com\/wp-content\/uploads\/2018\/04\/logo-siemens-ifl@2x.png\",\"contentUrl\":\"https:\/\/solidedge.siemens.com\/wp-content\/uploads\/2018\/04\/logo-siemens-ifl@2x.png\",\"width\":640,\"height\":270,\"caption\":\"Siemens Digital Industries Software\"},\"image\":{\"@id\":\"https:\/\/solidedge.siemens.com\/en\/#logo\"}},{\"@type\":\"WebSite\",\"@id\":\"https:\/\/solidedge.siemens.com\/en\/#website\",\"url\":\"https:\/\/solidedge.siemens.com\/en\/\",\"name\":\"Solid Edge\",\"description\":\"Siemens Software\",\"publisher\":{\"@id\":\"https:\/\/solidedge.siemens.com\/en\/#organization\"},\"potentialAction\":[{\"@type\":\"SearchAction\",\"target\":{\"@type\":\"EntryPoint\",\"urlTemplate\":\"https:\/\/solidedge.siemens.com\/en\/?s={search_term_string}\"},\"query-input\":\"required name=search_term_string\"}],\"inLanguage\":\"de-DE\"},{\"@type\":\"WebPage\",\"@id\":\"https:\/\/solidedge.siemens.com\/de\/solutions\/products\/data-management\/requirements-management\/#webpage\",\"url\":\"https:\/\/solidedge.siemens.com\/de\/solutions\/products\/data-management\/requirements-management\/\",\"name\":\"Anforderungsmanagement | Produktentwicklung | Solid Edge\",\"isPartOf\":{\"@id\":\"https:\/\/solidedge.siemens.com\/en\/#website\"},\"datePublished\":\"2019-04-01T14:29:26+00:00\",\"dateModified\":\"2021-04-19T19:54:44+00:00\",\"description\":\"Mit dem Solid Edge-Anforderungsmanagement k\u00f6nnen Sie Anforderungen w\u00e4hrend des gesamten Produktentwicklungs- und Fertigungsprozesses pr\u00e4zise miteinander verkn\u00fcpfen und nachverfolgen. Erfahren Sie mehr.\",\"breadcrumb\":{\"@id\":\"https:\/\/solidedge.siemens.com\/de\/solutions\/products\/data-management\/requirements-management\/#breadcrumb\"},\"inLanguage\":\"de-DE\",\"potentialAction\":[{\"@type\":\"ReadAction\",\"target\":[\"https:\/\/solidedge.siemens.com\/de\/solutions\/products\/data-management\/requirements-management\/\"]}]},{\"@type\":\"BreadcrumbList\",\"@id\":\"https:\/\/solidedge.siemens.com\/de\/solutions\/products\/data-management\/requirements-management\/#breadcrumb\",\"itemListElement\":[{\"@type\":\"ListItem\",\"position\":1,\"name\":\"Home\",\"item\":\"https:\/\/solidedge.siemens.com\/en\/home-7\/\"},{\"@type\":\"ListItem\",\"position\":2,\"name\":\"L&ouml;sungen\",\"item\":\"https:\/\/solidedge.siemens.com\/de\/solutions\/\"},{\"@type\":\"ListItem\",\"position\":3,\"name\":\"Produkte\",\"item\":\"https:\/\/solidedge.siemens.com\/de\/solutions\/products\/\"},{\"@type\":\"ListItem\",\"position\":4,\"name\":\"Daten-Management\",\"item\":\"https:\/\/solidedge.siemens.com\/de\/solutions\/products\/data-management\/\"},{\"@type\":\"ListItem\",\"position\":5,\"name\":\"Anforderungsmanagement\"}]}]}<\/script>\n<!-- \/ Yoast SEO plugin. -->","yoast_head_json":{"title":"Anforderungsmanagement | Produktentwicklung | Solid Edge","description":"Mit dem Solid Edge-Anforderungsmanagement k\u00f6nnen Sie Anforderungen w\u00e4hrend des gesamten Produktentwicklungs- und Fertigungsprozesses pr\u00e4zise miteinander verkn\u00fcpfen und nachverfolgen. Erfahren Sie mehr.","robots":{"index":"index","follow":"follow","max-snippet":"max-snippet:-1","max-image-preview":"max-image-preview:large","max-video-preview":"max-video-preview:-1"},"canonical":"https:\/\/solidedge.siemens.com\/de\/solutions\/products\/data-management\/requirements-management\/","og_locale":"de_DE","og_type":"article","og_title":"Anforderungsmanagement | Produktentwicklung | Solid Edge","og_description":"Mit dem Solid Edge-Anforderungsmanagement k\u00f6nnen Sie Anforderungen w\u00e4hrend des gesamten Produktentwicklungs- und Fertigungsprozesses pr\u00e4zise miteinander verkn\u00fcpfen und nachverfolgen. Erfahren Sie mehr.","og_url":"https:\/\/solidedge.siemens.com\/de\/solutions\/products\/data-management\/requirements-management\/","og_site_name":"Solid Edge","article_publisher":"https:\/\/www.facebook.com\/solidedge","article_modified_time":"2021-04-19T19:54:44+00:00","twitter_card":"summary_large_image","twitter_site":"@siemensplm","twitter_misc":{"Gesch\u00e4tzte Lesezeit":"4 Minuten"},"schema":{"@context":"https:\/\/schema.org","@graph":[{"@type":"Organization","@id":"https:\/\/solidedge.siemens.com\/en\/#organization","name":"Siemens Digital Industries Software","url":"https:\/\/solidedge.siemens.com\/en\/","sameAs":["https:\/\/www.facebook.com\/solidedge","https:\/\/www.instagram.com\/siemens\/","https:\/\/www.linkedin.com\/company\/siemens-plm-software","https:\/\/www.youtube.com\/user\/PolarionSoftware","https:\/\/twitter.com\/siemensplm"],"logo":{"@type":"ImageObject","@id":"https:\/\/solidedge.siemens.com\/en\/#logo","inLanguage":"de-DE","url":"https:\/\/solidedge.siemens.com\/wp-content\/uploads\/2018\/04\/logo-siemens-ifl@2x.png","contentUrl":"https:\/\/solidedge.siemens.com\/wp-content\/uploads\/2018\/04\/logo-siemens-ifl@2x.png","width":640,"height":270,"caption":"Siemens Digital Industries Software"},"image":{"@id":"https:\/\/solidedge.siemens.com\/en\/#logo"}},{"@type":"WebSite","@id":"https:\/\/solidedge.siemens.com\/en\/#website","url":"https:\/\/solidedge.siemens.com\/en\/","name":"Solid Edge","description":"Siemens Software","publisher":{"@id":"https:\/\/solidedge.siemens.com\/en\/#organization"},"potentialAction":[{"@type":"SearchAction","target":{"@type":"EntryPoint","urlTemplate":"https:\/\/solidedge.siemens.com\/en\/?s={search_term_string}"},"query-input":"required name=search_term_string"}],"inLanguage":"de-DE"},{"@type":"WebPage","@id":"https:\/\/solidedge.siemens.com\/de\/solutions\/products\/data-management\/requirements-management\/#webpage","url":"https:\/\/solidedge.siemens.com\/de\/solutions\/products\/data-management\/requirements-management\/","name":"Anforderungsmanagement | Produktentwicklung | Solid Edge","isPartOf":{"@id":"https:\/\/solidedge.siemens.com\/en\/#website"},"datePublished":"2019-04-01T14:29:26+00:00","dateModified":"2021-04-19T19:54:44+00:00","description":"Mit dem Solid Edge-Anforderungsmanagement k\u00f6nnen Sie Anforderungen w\u00e4hrend des gesamten Produktentwicklungs- und Fertigungsprozesses pr\u00e4zise miteinander verkn\u00fcpfen und nachverfolgen. Erfahren Sie mehr.","breadcrumb":{"@id":"https:\/\/solidedge.siemens.com\/de\/solutions\/products\/data-management\/requirements-management\/#breadcrumb"},"inLanguage":"de-DE","potentialAction":[{"@type":"ReadAction","target":["https:\/\/solidedge.siemens.com\/de\/solutions\/products\/data-management\/requirements-management\/"]}]},{"@type":"BreadcrumbList","@id":"https:\/\/solidedge.siemens.com\/de\/solutions\/products\/data-management\/requirements-management\/#breadcrumb","itemListElement":[{"@type":"ListItem","position":1,"name":"Home","item":"https:\/\/solidedge.siemens.com\/en\/home-7\/"},{"@type":"ListItem","position":2,"name":"L&ouml;sungen","item":"https:\/\/solidedge.siemens.com\/de\/solutions\/"},{"@type":"ListItem","position":3,"name":"Produkte","item":"https:\/\/solidedge.siemens.com\/de\/solutions\/products\/"},{"@type":"ListItem","position":4,"name":"Daten-Management","item":"https:\/\/solidedge.siemens.com\/de\/solutions\/products\/data-management\/"},{"@type":"ListItem","position":5,"name":"Anforderungsmanagement"}]}]}},"_links":{"self":[{"href":"https:\/\/solidedge.siemens.com\/de\/wp-json\/wp\/v2\/pages\/1666"}],"collection":[{"href":"https:\/\/solidedge.siemens.com\/de\/wp-json\/wp\/v2\/pages"}],"about":[{"href":"https:\/\/solidedge.siemens.com\/de\/wp-json\/wp\/v2\/types\/page"}],"author":[{"embeddable":true,"href":"https:\/\/solidedge.siemens.com\/de\/wp-json\/wp\/v2\/users\/5"}],"replies":[{"embeddable":true,"href":"https:\/\/solidedge.siemens.com\/de\/wp-json\/wp\/v2\/comments?post=1666"}],"version-history":[{"count":6,"href":"https:\/\/solidedge.siemens.com\/de\/wp-json\/wp\/v2\/pages\/1666\/revisions"}],"predecessor-version":[{"id":35083,"href":"https:\/\/solidedge.siemens.com\/de\/wp-json\/wp\/v2\/pages\/1666\/revisions\/35083"}],"up":[{"embeddable":true,"href":"https:\/\/solidedge.siemens.com\/de\/wp-json\/wp\/v2\/pages\/2710"}],"wp:attachment":[{"href":"https:\/\/solidedge.siemens.com\/de\/wp-json\/wp\/v2\/media?parent=1666"}],"curies":[{"name":"wp","href":"https:\/\/api.w.org\/{rel}","templated":true}]}}