{"id":15252,"date":"2018-10-08T15:45:59","date_gmt":"2018-10-08T19:45:59","guid":{"rendered":"https:\/\/solidedge.siemens.com\/roi-calculator\/"},"modified":"2021-04-19T11:29:50","modified_gmt":"2021-04-19T15:29:50","slug":"roi-calculator","status":"publish","type":"page","link":"https:\/\/solidedge.siemens.com\/de\/roi-calculator\/","title":{"rendered":"ROI-Berechnung"},"content":{"rendered":"<p>[vc_row][vc_column][vc_column_text]<\/p>\n<h1>Solid Edge ROI-Berechnung<\/h1>\n<p>[\/vc_column_text][vc_column_text]<span>   <\/span>[\/vc_column_text][vc_column_text el_class=&#8220;snapapp&#8220;]<\/p>\n<div class=\"eewidget\" id=\"eewidget_p_578e7c309bedf21c812f51b4\" style=\"position: relative;\"><a href=\"http:\/\/www.snapapp.com\/\">Inhalt wird geladen&#8230;<\/a><\/div>\n<p><noscript><br \/>\nAktivieren Sie bitte JavaScript, damit dieser Inhalt angezeigt werden kann.<br \/>\n<\/noscript>[\/vc_column_text][vc_column_text]<a href=\"https:\/\/solidedge.siemens.com\/en\/resource\/report\/roi-of-solid-edge\/\" target=\"_blank\" rel=\"noopener noreferrer\"><i class=\"fas fa-info\"><\/i> <\/a>[\/vc_column_text][\/vc_column][\/vc_row][vc_row full_width=&#8220;stretch_row&#8220; el_class=&#8220;footer-contact&#8220; css=&#8220;.vc_custom_1550170708528{background-color: #dedee3 !important;}&#8220;][vc_column]<div class=\"wpb_content_block wpb_content_element\"><div class=\"wpb_wrapper\"><\/div><\/div>[\/vc_column][\/vc_row]<\/p>\n","protected":false},"excerpt":{"rendered":"<p> Solid Edge ROI-Berechnung [\/vc_column_text] [\/vc_column_text] Inhalt wird geladen&#8230; Aktivieren Sie bitte JavaScript, damit dieser Inhalt angezeigt werden kann. [\/vc_column_text] [\/vc_column_text][\/vc_column][\/vc_row][\/vc_column][\/vc_row]<\/p>\n","protected":false},"author":5,"featured_media":0,"parent":0,"menu_order":39,"comment_status":"closed","ping_status":"closed","template":"","meta":{"inline_featured_image":false},"yoast_head":"<!-- This site is optimized with the Yoast SEO plugin v18.4.1 - https:\/\/yoast.com\/wordpress\/plugins\/seo\/ -->\n<title>ROI-Berechnung | Solid Edge | Siemens Software<\/title>\n<meta name=\"description\" content=\"M\u00f6chten Sie wissen, wie viel Sie durch die Umstellung auf Solid Edge sparen k\u00f6nnen? M\u00f6chten Sie sehen, wie Solid Edge Ihre Produktivit\u00e4t f\u00f6rdern kann? Finden Sie es mithilfe unserer ROI-Berechnung heraus!\" \/>\n<meta name=\"robots\" content=\"index, follow, max-snippet:-1, max-image-preview:large, max-video-preview:-1\" \/>\n<link rel=\"canonical\" href=\"https:\/\/solidedge.siemens.com\/de\/roi-calculator\/\" \/>\n<meta property=\"og:locale\" content=\"de_DE\" \/>\n<meta property=\"og:type\" content=\"article\" \/>\n<meta property=\"og:title\" content=\"ROI-Berechnung | Solid Edge | Siemens Software\" \/>\n<meta property=\"og:description\" content=\"M\u00f6chten Sie wissen, wie viel Sie durch die Umstellung auf Solid Edge sparen k\u00f6nnen? M\u00f6chten Sie sehen, wie Solid Edge Ihre Produktivit\u00e4t f\u00f6rdern kann? Finden Sie es mithilfe unserer ROI-Berechnung heraus!\" \/>\n<meta property=\"og:url\" content=\"https:\/\/solidedge.siemens.com\/de\/roi-calculator\/\" \/>\n<meta property=\"og:site_name\" content=\"Solid Edge\" \/>\n<meta property=\"article:publisher\" content=\"https:\/\/www.facebook.com\/solidedge\" \/>\n<meta property=\"article:modified_time\" content=\"2021-04-19T15:29:50+00:00\" \/>\n<meta name=\"twitter:card\" content=\"summary_large_image\" \/>\n<meta name=\"twitter:site\" content=\"@siemensplm\" \/>\n<script type=\"application\/ld+json\" class=\"yoast-schema-graph\">{\"@context\":\"https:\/\/schema.org\",\"@graph\":[{\"@type\":\"Organization\",\"@id\":\"https:\/\/solidedge.siemens.com\/en\/#organization\",\"name\":\"Siemens Digital Industries Software\",\"url\":\"https:\/\/solidedge.siemens.com\/en\/\",\"sameAs\":[\"https:\/\/www.facebook.com\/solidedge\",\"https:\/\/www.instagram.com\/siemens\/\",\"https:\/\/www.linkedin.com\/company\/siemens-plm-software\",\"https:\/\/www.youtube.com\/user\/PolarionSoftware\",\"https:\/\/twitter.com\/siemensplm\"],\"logo\":{\"@type\":\"ImageObject\",\"@id\":\"https:\/\/solidedge.siemens.com\/en\/#logo\",\"inLanguage\":\"de-DE\",\"url\":\"https:\/\/solidedge.siemens.com\/wp-content\/uploads\/2018\/04\/logo-siemens-ifl@2x.png\",\"contentUrl\":\"https:\/\/solidedge.siemens.com\/wp-content\/uploads\/2018\/04\/logo-siemens-ifl@2x.png\",\"width\":640,\"height\":270,\"caption\":\"Siemens Digital Industries Software\"},\"image\":{\"@id\":\"https:\/\/solidedge.siemens.com\/en\/#logo\"}},{\"@type\":\"WebSite\",\"@id\":\"https:\/\/solidedge.siemens.com\/en\/#website\",\"url\":\"https:\/\/solidedge.siemens.com\/en\/\",\"name\":\"Solid Edge\",\"description\":\"Siemens Software\",\"publisher\":{\"@id\":\"https:\/\/solidedge.siemens.com\/en\/#organization\"},\"potentialAction\":[{\"@type\":\"SearchAction\",\"target\":{\"@type\":\"EntryPoint\",\"urlTemplate\":\"https:\/\/solidedge.siemens.com\/en\/?s={search_term_string}\"},\"query-input\":\"required name=search_term_string\"}],\"inLanguage\":\"de-DE\"},{\"@type\":\"WebPage\",\"@id\":\"https:\/\/solidedge.siemens.com\/de\/roi-calculator\/#webpage\",\"url\":\"https:\/\/solidedge.siemens.com\/de\/roi-calculator\/\",\"name\":\"ROI-Berechnung | Solid Edge | Siemens Software\",\"isPartOf\":{\"@id\":\"https:\/\/solidedge.siemens.com\/en\/#website\"},\"datePublished\":\"2018-10-08T19:45:59+00:00\",\"dateModified\":\"2021-04-19T15:29:50+00:00\",\"description\":\"M\u00f6chten Sie wissen, wie viel Sie durch die Umstellung auf Solid Edge sparen k\u00f6nnen? M\u00f6chten Sie sehen, wie Solid Edge Ihre Produktivit\u00e4t f\u00f6rdern kann? Finden Sie es mithilfe unserer ROI-Berechnung heraus!\",\"breadcrumb\":{\"@id\":\"https:\/\/solidedge.siemens.com\/de\/roi-calculator\/#breadcrumb\"},\"inLanguage\":\"de-DE\",\"potentialAction\":[{\"@type\":\"ReadAction\",\"target\":[\"https:\/\/solidedge.siemens.com\/de\/roi-calculator\/\"]}]},{\"@type\":\"BreadcrumbList\",\"@id\":\"https:\/\/solidedge.siemens.com\/de\/roi-calculator\/#breadcrumb\",\"itemListElement\":[{\"@type\":\"ListItem\",\"position\":1,\"name\":\"Home\",\"item\":\"https:\/\/solidedge.siemens.com\/en\/home-7\/\"},{\"@type\":\"ListItem\",\"position\":2,\"name\":\"ROI-Berechnung\"}]}]}<\/script>\n<!-- \/ Yoast SEO plugin. -->","yoast_head_json":{"title":"ROI-Berechnung | Solid Edge | Siemens Software","description":"M\u00f6chten Sie wissen, wie viel Sie durch die Umstellung auf Solid Edge sparen k\u00f6nnen? M\u00f6chten Sie sehen, wie Solid Edge Ihre Produktivit\u00e4t f\u00f6rdern kann? Finden Sie es mithilfe unserer ROI-Berechnung heraus!","robots":{"index":"index","follow":"follow","max-snippet":"max-snippet:-1","max-image-preview":"max-image-preview:large","max-video-preview":"max-video-preview:-1"},"canonical":"https:\/\/solidedge.siemens.com\/de\/roi-calculator\/","og_locale":"de_DE","og_type":"article","og_title":"ROI-Berechnung | Solid Edge | Siemens Software","og_description":"M\u00f6chten Sie wissen, wie viel Sie durch die Umstellung auf Solid Edge sparen k\u00f6nnen? M\u00f6chten Sie sehen, wie Solid Edge Ihre Produktivit\u00e4t f\u00f6rdern kann? Finden Sie es mithilfe unserer ROI-Berechnung heraus!","og_url":"https:\/\/solidedge.siemens.com\/de\/roi-calculator\/","og_site_name":"Solid Edge","article_publisher":"https:\/\/www.facebook.com\/solidedge","article_modified_time":"2021-04-19T15:29:50+00:00","twitter_card":"summary_large_image","twitter_site":"@siemensplm","schema":{"@context":"https:\/\/schema.org","@graph":[{"@type":"Organization","@id":"https:\/\/solidedge.siemens.com\/en\/#organization","name":"Siemens Digital Industries Software","url":"https:\/\/solidedge.siemens.com\/en\/","sameAs":["https:\/\/www.facebook.com\/solidedge","https:\/\/www.instagram.com\/siemens\/","https:\/\/www.linkedin.com\/company\/siemens-plm-software","https:\/\/www.youtube.com\/user\/PolarionSoftware","https:\/\/twitter.com\/siemensplm"],"logo":{"@type":"ImageObject","@id":"https:\/\/solidedge.siemens.com\/en\/#logo","inLanguage":"de-DE","url":"https:\/\/solidedge.siemens.com\/wp-content\/uploads\/2018\/04\/logo-siemens-ifl@2x.png","contentUrl":"https:\/\/solidedge.siemens.com\/wp-content\/uploads\/2018\/04\/logo-siemens-ifl@2x.png","width":640,"height":270,"caption":"Siemens Digital Industries Software"},"image":{"@id":"https:\/\/solidedge.siemens.com\/en\/#logo"}},{"@type":"WebSite","@id":"https:\/\/solidedge.siemens.com\/en\/#website","url":"https:\/\/solidedge.siemens.com\/en\/","name":"Solid Edge","description":"Siemens Software","publisher":{"@id":"https:\/\/solidedge.siemens.com\/en\/#organization"},"potentialAction":[{"@type":"SearchAction","target":{"@type":"EntryPoint","urlTemplate":"https:\/\/solidedge.siemens.com\/en\/?s={search_term_string}"},"query-input":"required name=search_term_string"}],"inLanguage":"de-DE"},{"@type":"WebPage","@id":"https:\/\/solidedge.siemens.com\/de\/roi-calculator\/#webpage","url":"https:\/\/solidedge.siemens.com\/de\/roi-calculator\/","name":"ROI-Berechnung | Solid Edge | Siemens Software","isPartOf":{"@id":"https:\/\/solidedge.siemens.com\/en\/#website"},"datePublished":"2018-10-08T19:45:59+00:00","dateModified":"2021-04-19T15:29:50+00:00","description":"M\u00f6chten Sie wissen, wie viel Sie durch die Umstellung auf Solid Edge sparen k\u00f6nnen? M\u00f6chten Sie sehen, wie Solid Edge Ihre Produktivit\u00e4t f\u00f6rdern kann? Finden Sie es mithilfe unserer ROI-Berechnung heraus!","breadcrumb":{"@id":"https:\/\/solidedge.siemens.com\/de\/roi-calculator\/#breadcrumb"},"inLanguage":"de-DE","potentialAction":[{"@type":"ReadAction","target":["https:\/\/solidedge.siemens.com\/de\/roi-calculator\/"]}]},{"@type":"BreadcrumbList","@id":"https:\/\/solidedge.siemens.com\/de\/roi-calculator\/#breadcrumb","itemListElement":[{"@type":"ListItem","position":1,"name":"Home","item":"https:\/\/solidedge.siemens.com\/en\/home-7\/"},{"@type":"ListItem","position":2,"name":"ROI-Berechnung"}]}]}},"_links":{"self":[{"href":"https:\/\/solidedge.siemens.com\/de\/wp-json\/wp\/v2\/pages\/15252"}],"collection":[{"href":"https:\/\/solidedge.siemens.com\/de\/wp-json\/wp\/v2\/pages"}],"about":[{"href":"https:\/\/solidedge.siemens.com\/de\/wp-json\/wp\/v2\/types\/page"}],"author":[{"embeddable":true,"href":"https:\/\/solidedge.siemens.com\/de\/wp-json\/wp\/v2\/users\/5"}],"replies":[{"embeddable":true,"href":"https:\/\/solidedge.siemens.com\/de\/wp-json\/wp\/v2\/comments?post=15252"}],"version-history":[{"count":15,"href":"https:\/\/solidedge.siemens.com\/de\/wp-json\/wp\/v2\/pages\/15252\/revisions"}],"predecessor-version":[{"id":34864,"href":"https:\/\/solidedge.siemens.com\/de\/wp-json\/wp\/v2\/pages\/15252\/revisions\/34864"}],"wp:attachment":[{"href":"https:\/\/solidedge.siemens.com\/de\/wp-json\/wp\/v2\/media?parent=15252"}],"curies":[{"name":"wp","href":"https:\/\/api.w.org\/{rel}","templated":true}]}}