{"id":1470,"date":"2019-04-01T10:30:35","date_gmt":"2019-04-01T14:30:35","guid":{"rendered":"https:\/\/solidedge.siemens.com\/electrical-routing\/"},"modified":"2021-12-29T08:31:28","modified_gmt":"2021-12-29T13:31:28","slug":"electrical-routing","status":"publish","type":"page","link":"https:\/\/solidedge.siemens.com\/de\/solutions\/products\/electrical-design\/electrical-routing\/","title":{"rendered":"Elektroverkabelung"},"content":{"rendered":"<p>[vc_row full_width=&#8220;stretch_row&#8220; full_height=&#8220;yes&#8220; content_placement=&#8220;middle&#8220; css=&#8220;.vc_custom_1635414517130{background: #a6a6a6 url(https:\/\/solidedge.siemens.com\/wp-content\/uploads\/2021\/10\/se-scrn-new-sehero-1920&#215;873-1.jpg?id=53186) !important;background-position: center !important;background-repeat: no-repeat !important;background-size: cover !important;}&#8220; el_class=&#8220;vc-row-hero-banner&#8220;][vc_column][vc_column_text el_class=&#8220;.vc-el-callout&#8220;]<\/p>\n<h1>Solid Edge Electrical Routing<\/h1>\n<p>Als dedizierte, prozessgesteuerte Umgebung zur effizienten Erstellung, Verlegung und Strukturierung von Dr\u00e4hten, Kabeln und Kabelb\u00fcndeln in einer mechanischen Baugruppe vereinfacht Solid Edge Electrical Routing den Austausch von Kabelbaumtopologiedaten zwischen ECAD\/MCAD-Umgebungen. So wird die Konstruktionszeit verk\u00fcrzt und die Fertigungsf\u00e4higkeit verbessert.<\/p>\n<p><a class=\"action-button\" href=\"\/en\/try-now\/\"><i class=\"icon-ext\"><\/i>Solid Edge Free Trial<\/a>[\/vc_column_text][\/vc_column][\/vc_row][vc_row full_width=&#8220;stretch_row&#8220; css=&#8220;.vc_custom_1527269507099{background-color: #ebf0f5 !important;}&#8220;][vc_column][vc_column_text el_class=&#8220;vc-el-lead-in&#8220;]Funktionen<!-- wpml:html_fragment --><\/p>\n<h2>Elektroverkabelung<\/h2>\n<p>[\/vc_column_text][vc_row_inner equal_height=&#8220;yes&#8220;][vc_column_inner width=&#8220;1\/3&#8243;][vc_column_text]<\/p>\n<h3>Ein strukturierter Workflow<\/h3>\n<p>Definieren Sie schnell einen 3D-Pfad zwischen Teilen und definieren Sie Draht-, Kabel- und B\u00fcndeleigenschaften. Verlegen Sie die Verdrahtung entlang unregelm\u00e4\u00dfiger kontinuierlicher geometrischer K\u00f6rper. Verwenden Sie intuitive Assistenten, um vorkonfigurierten Solid Edge-Teilen elektrische Komponenten und Steckverbinder zuzuweisen. Sobald ein Entwurf abgeschlossen ist, exportieren Sie gebrauchsfertige Netzlistendateien in die Schaltpl\u00e4ne, damit die Dr\u00e4hte mit L\u00e4ngen annotiert und f\u00fcr die elektrische Analyse verwendet werden k\u00f6nnen.[\/vc_column_text][\/vc_column_inner][vc_column_inner width=&#8220;1\/3&#8243;][vc_column_text]<\/p>\n<h3>Live-Feedback bei Konstruktionsm\u00e4ngeln<\/h3>\n<p>Integrierte Pr\u00fcffunktionen f\u00fcr Konstruktionsfehler geben Live-Feedback und weisen auf Konstruktionsverletzungen hin, die durch Symbole neben dem Kabel angezeigt werden. Eine QuickInfo gibt Hilfestellung bei der Probleml\u00f6sung.[\/vc_column_text][\/vc_column_inner][vc_column_inner width=&#8220;1\/3&#8243;][vc_column_text]<\/p>\n<h3>Vollst\u00e4ndig digitale Mockups<\/h3>\n<p>Mit der realistischen Drahtdarstellung f\u00fcr vollst\u00e4ndig digitale Mockups k\u00f6nnen Sie direkt von der Konstruktion zur Fertigung \u00fcbergehen, sodass keine teuren physischen Prototypen mehr erforderlich sind.[\/vc_column_text][\/vc_column_inner][vc_column_inner width=&#8220;1\/3&#8243;][vc_column_text]<\/p>\n<h3>Verbinden der Siemens Umgebungen<\/h3>\n<p>Ein besonderer verbundener Modus verkn\u00fcpft ECAD- und MCAD-Umgebungen f\u00fcr eine dynamische Aktualisierung von Aspekten der Kabelbaumkonstruktion. Wird in einer Dom\u00e4ne eine \u00c4nderung vorgenommen, wird diese in der anderen durch Gegenpr\u00fcfen hervorgehoben. Der verbundene Modus kann nur mit der Siemens Software f\u00fcr Solid Edge Wiring Design und Harness Design, Capital Logic sowie Harness XC verwendet werden.<\/p>\n<p>[\/vc_column_text][\/vc_column_inner][vc_column_inner width=&#8220;1\/3&#8243;][vc_column_text]<\/p>\n<h3>Zusammenarbeit mit anderen branchen\u00fcblichen Werkzeugen<\/h3>\n<p>Arbeiten Sie mit branchen\u00fcblichen ECAD-Werkzeugen mit Standardaustauschformaten f\u00fcr Komponenten- und Verbindungsdaten mittels Daten\u00fcbertragung im nicht verbundenen Modus, damit Unternehmen ohne dezidiertes ECAD-System trotzdem die Vorteile dieses Werkzeugs nutzen k\u00f6nnen.[\/vc_column_text][\/vc_column_inner][\/vc_row_inner][vc_column_text]<\/p>\n<p style=\"text-align: right;\"><a class=\"action-button transparent\" href=\"https:\/\/solidedge.siemens.com\/wp-content\/uploads\/2021\/09\/Siemens-PLM-Solid-Edge-Electrical-Routing-fs-71209-D15.pdf\"><i class=\"icon-ext\"><\/i>Download Solid Edge Electrical Routing Data Sheet<\/a><\/p>\n<p>[\/vc_column_text][\/vc_column][\/vc_row][vc_row full_width=&#8220;stretch_row&#8220; el_class=&#8220;vc-row-video-highlight&#8220;][vc_column][vc_column_text el_class=&#8220;vc-el-lead-in&#8220;]Video<!-- wpml:html_fragment --><\/p>\n<h2>Elektroverkabelungsfunktionen in Aktion<\/h2>\n<p>Solid Edge Electrical Routing ist eine dedizierte, prozessgesteuerte Umgebung zur effizienten Erstellung, Verlegung und Strukturierung von Dr\u00e4hten, Kabeln und Kabelb\u00fcndeln in einer Solid Edge-Baugruppe.<\/p>\n<p class=\"see-more\" style=\"text-align: right;\"><a href=\"https:\/\/solidedge.siemens.com\/de\/resources\/videos\/\">Weitere Videos anzeigen<\/a><\/p>\n<p>\u00a0[\/vc_column_text]\n\n\n  <div id=\"wpv-view-layout-567-CATTR55fa89cc16b262b856d8376c74ba50df\" class=\"js-wpv-view-layout js-wpv-layout-responsive js-wpv-view-layout-567-CATTR55fa89cc16b262b856d8376c74ba50df\" data-viewnumber=\"567-CATTR55fa89cc16b262b856d8376c74ba50df\" data-pagination=\"{&quot;id&quot;:567,&quot;query&quot;:&quot;normal&quot;,&quot;type&quot;:&quot;disabled&quot;,&quot;effect&quot;:&quot;fade&quot;,&quot;duration&quot;:500,&quot;speed&quot;:5,&quot;pause_on_hover&quot;:&quot;disabled&quot;,&quot;stop_rollover&quot;:&quot;false&quot;,&quot;cache_pages&quot;:&quot;enabled&quot;,&quot;preload_images&quot;:&quot;enabled&quot;,&quot;preload_pages&quot;:&quot;enabled&quot;,&quot;preload_reach&quot;:1,&quot;spinner&quot;:&quot;builtin&quot;,&quot;spinner_image&quot;:&quot;https:\/\/solidedge.siemens.com\/wp-content\/plugins\/wp-views\/embedded\/res\/img\/ajax-loader.gif&quot;,&quot;callback_next&quot;:&quot;&quot;,&quot;manage_history&quot;:&quot;disabled&quot;,&quot;has_controls_in_form&quot;:&quot;disabled&quot;,&quot;infinite_tolerance&quot;:&quot;0&quot;,&quot;max_pages&quot;:0,&quot;page&quot;:1,&quot;base_permalink&quot;:&quot;\/de\/wp-json\/wp\/v2\/pages\/1470?wpv_view_count=567-CATTR55fa89cc16b262b856d8376c74ba50df&amp;wpv_paged=WPV_PAGE_NUM&quot;,&quot;loop&quot;:{&quot;type&quot;:&quot;&quot;,&quot;name&quot;:&quot;&quot;,&quot;data&quot;:[],&quot;id&quot;:0}}\" data-permalink=\"\/de\/wp-json\/wp\/v2\/pages\/1470?wpv_view_count=567-CATTR55fa89cc16b262b856d8376c74ba50df\">\n\n  \n  <div class=\"wpv-resources\"><a name=\"video\" class=\"video-anchor\"><\/a>\n    <div id=\"ult-carousel-137626058269d4aab62438d\" class=\"ult-carousel-wrapper  vc-el-carousel-videos-embedded ult_horizontal\" data-gutter=\"0\" data-rtl=\"false\" ><div class=\"ult-carousel-203735694869d4aab624368 \" >\n    \n    \n       <div><!-- slide container -->\n        <div class=\"wpv-resources-item\" data-mh=\".wpv-resources-item\">\n          <div class=\"resources-item-poster\">\n              <div id=\"wpfp_73fc69610872fccc7963b269d3f0a71d\" data-item=\"{&quot;sources&quot;:&#091;{&quot;src&quot;:&quot;https:\\\/\\\/media.plm.automation.siemens.com\\\/solidedge\\\/videos\\\/2020-Wire-And-Harness-Design-In-Solid-Edge.mp4&quot;,&quot;type&quot;:&quot;video\\\/mp4&quot;}&#093;}\" class=\"flowplayer no-brand is-splash no-svg is-paused skin-slim fp-slim fp-edgy\" data-embed=\"false\" style=\"max-width: 1140px; max-height: 640px; background-image: url(https:\/\/solidedge.siemens.com\/wp-content\/uploads\/2019\/06\/2020-wire-harness-design-featured.jpg);\" data-ratio=\"0.5614\" data-advance=\"false\">\n\t<div class=\"fp-ratio\" style=\"padding-top: 56.14%\"><\/div>\n\t<div class=\"fp-ui\"><div class=\"fp-play fp-visible\"><a class=\"fp-icon fp-playbtn\"><\/a><\/div><\/div>\n\n<\/div>\n\n              \n          <\/div>\n        <\/div>\n      <\/div>\n    \n    \n    <\/div><\/div>\t\t\t<script type=\"text\/javascript\">\r\n\t\t\t\tjQuery(document).ready(function ($) {\r\n\t\t\t\t\tif( typeof jQuery('.ult-carousel-203735694869d4aab624368').slick == \"function\"){\r\n\t\t\t\t\t\t$('.ult-carousel-203735694869d4aab624368').slick({dots: true,autoplaySpeed: 5000,speed: 500,infinite: false,arrows: true,nextArrow: '<button type=\"button\" role=\"button\" aria-label=\"Next\" style=\"color:#ffffff; font-size:30px;background:rgba(47,56,60,0.5);\" class=\"slick-next square-bg\"><i class=\"ultsl-arrow-right6\"><\/i><\/button>',prevArrow: '<button type=\"button\" role=\"button\" aria-label=\"Previous\" style=\"color:#ffffff; font-size:30px;background:rgba(47,56,60,0.5);\" class=\"slick-prev square-bg\"><i class=\"ultsl-arrow-left6\"><\/i><\/button>',slidesToScroll:1,slidesToShow:1,swipe: true,draggable: true,touchMove: true,pauseOnHover: true,pauseOnFocus: false,responsive: [\r\n\t\t\t\t\t\t\t{\r\n\t\t\t\t\t\t\t  breakpoint: 1026,\r\n\t\t\t\t\t\t\t  settings: {\r\n\t\t\t\t\t\t\t\tslidesToShow: 1,\r\n\t\t\t\t\t\t\t\tslidesToScroll: 1,  \r\n\t\t\t\t\t\t\t  }\r\n\t\t\t\t\t\t\t},\r\n\t\t\t\t\t\t\t{\r\n\t\t\t\t\t\t\t  breakpoint: 1025,\r\n\t\t\t\t\t\t\t  settings: {\r\n\t\t\t\t\t\t\t\tslidesToShow: 1,\r\n\t\t\t\t\t\t\t\tslidesToScroll: 1\r\n\t\t\t\t\t\t\t  }\r\n\t\t\t\t\t\t\t},\r\n\t\t\t\t\t\t\t{\r\n\t\t\t\t\t\t\t  breakpoint: 760,\r\n\t\t\t\t\t\t\t  settings: {\r\n\t\t\t\t\t\t\t\tslidesToShow: 1,\r\n\t\t\t\t\t\t\t\tslidesToScroll: 1\r\n\t\t\t\t\t\t\t  }\r\n\t\t\t\t\t\t\t}\r\n\t\t\t\t\t\t],pauseOnDotsHover: true,customPaging: function(slider, i) {\r\n                   return '<i type=\"button\" style= \"color:#788891;\" class=\"ultsl-record\" data-role=\"none\"><\/i>';\r\n                },});\r\n\t\t\t\t\t}\r\n\t\t\t\t});\r\n\t\t\t<\/script>\r\n\t\t\t\n  <\/div>\n  \n  \n  <\/div>\n[vc_column_text el_class=&#8220;video-caption&#8220;]In diesem Video sehen Sie, wie die Entwicklungsteams mit Elektroverkabelungsfunktionen besser zusammenarbeiten k\u00f6nnen, um vollst\u00e4ndige und genaue digitale Mockups zu erstellen, die sowohl mechanische als auch elektrische Komponenten enthalten.[\/vc_column_text][\/vc_column][\/vc_row][vc_row full_width=&#8220;stretch_row&#8220; el_class=&#8220;vc-row-related-content&#8220; css=&#8220;.vc_custom_1524184785822{background-color: #347eb5 !important;}&#8220;][vc_column][vc_column_text]<\/p>\n<h2>\u00c4hnliche Inhalte<\/h2>\n<p>[\/vc_column_text]<div id=\"ult-carousel-62379438869d4aab624c16\" class=\"ult-carousel-wrapper  vc-el-carousel-related-content ult_horizontal\" data-gutter=\"0\" data-rtl=\"false\" ><div class=\"ult-carousel-196097740469d4aab624bf3 \" >[vc_column_text]<a href=\"https:\/\/solidedge.siemens.com\/wp-content\/uploads\/2021\/09\/Siemens-PLM-Solid-Edge-Electrical-Routing-fs-71209-D15.pdf\">Solid Edge Electrical Routing Fact Sheet<\/a>[\/vc_column_text][vc_column_text]<a href=\"https:\/\/solidedge.siemens.com\/en\/resource\/ebook\/resolving-electrical-system-changes\/\" target=\"_blank\" rel=\"noopener noreferrer\">E-Book zum Aufl\u00f6sen von \u00c4nderungen f\u00fcr elektrische Systeme herunterladen<\/a>[\/vc_column_text][vc_column_text]<a href=\"\/?page_id= 47830\">What\u2019s New in Solid Edge<\/a>[\/vc_column_text][vc_column_text]<a href=\"http:\/\/community.plm.automation.siemens.com\/t5\/Solid-Edge-User-Community\/ct-p\/solid-edge\">Solid Edge Community<\/a>[\/vc_column_text]<\/div><\/div>\t\t\t<script type=\"text\/javascript\">\r\n\t\t\t\tjQuery(document).ready(function ($) {\r\n\t\t\t\t\tif( typeof jQuery('.ult-carousel-196097740469d4aab624bf3').slick == \"function\"){\r\n\t\t\t\t\t\t$('.ult-carousel-196097740469d4aab624bf3').slick({dots: true,autoplaySpeed: 5000,speed: 500,infinite: false,arrows: true,nextArrow: '<button type=\"button\" role=\"button\" aria-label=\"Next\" style=\"color:#ffffff; font-size:30px;background:rgba(255,255,255,0.2);\" class=\"slick-next square-bg\"><i class=\"ultsl-arrow-right6\"><\/i><\/button>',prevArrow: '<button type=\"button\" role=\"button\" aria-label=\"Previous\" style=\"color:#ffffff; font-size:30px;background:rgba(255,255,255,0.2);\" class=\"slick-prev square-bg\"><i class=\"ultsl-arrow-left6\"><\/i><\/button>',slidesToScroll:4,slidesToShow:4,swipe: true,draggable: true,touchMove: true,pauseOnHover: true,pauseOnFocus: false,responsive: [\r\n\t\t\t\t\t\t\t{\r\n\t\t\t\t\t\t\t  breakpoint: 1026,\r\n\t\t\t\t\t\t\t  settings: {\r\n\t\t\t\t\t\t\t\tslidesToShow: 4,\r\n\t\t\t\t\t\t\t\tslidesToScroll: 4,  \r\n\t\t\t\t\t\t\t  }\r\n\t\t\t\t\t\t\t},\r\n\t\t\t\t\t\t\t{\r\n\t\t\t\t\t\t\t  breakpoint: 1025,\r\n\t\t\t\t\t\t\t  settings: {\r\n\t\t\t\t\t\t\t\tslidesToShow: 2,\r\n\t\t\t\t\t\t\t\tslidesToScroll: 2\r\n\t\t\t\t\t\t\t  }\r\n\t\t\t\t\t\t\t},\r\n\t\t\t\t\t\t\t{\r\n\t\t\t\t\t\t\t  breakpoint: 760,\r\n\t\t\t\t\t\t\t  settings: {\r\n\t\t\t\t\t\t\t\tslidesToShow: 1,\r\n\t\t\t\t\t\t\t\tslidesToScroll: 1\r\n\t\t\t\t\t\t\t  }\r\n\t\t\t\t\t\t\t}\r\n\t\t\t\t\t\t],pauseOnDotsHover: true,customPaging: function(slider, i) {\r\n                   return '<i type=\"button\" style= \"color:#ffffff;\" class=\"ultsl-record\" data-role=\"none\"><\/i>';\r\n                },});\r\n\t\t\t\t\t}\r\n\t\t\t\t});\r\n\t\t\t<\/script>\r\n\t\t\t[\/vc_column][\/vc_row][vc_row full_width=&#8220;stretch_row&#8220; el_class=&#8220;footer-contact&#8220; css=&#8220;.vc_custom_1550170708528{background-color: #dedee3 !important;}&#8220;][vc_column]<div class=\"wpb_content_block wpb_content_element\"><div class=\"wpb_wrapper\"><\/div><\/div>[\/vc_column][\/vc_row]<\/p>\n","protected":false},"excerpt":{"rendered":"<p> Solid Edge Electrical Routing Als dedizierte, prozessgesteuerte Umgebung zur effizienten Erstellung, Verlegung und Strukturierung von Dr\u00e4hten, Kabeln und Kabelb\u00fcndeln in einer mechanischen Baugruppe vereinfacht Solid Edge Electrical Routing den Austausch von Kabelbaumtopologiedaten zwischen ECAD\/MCAD-Umgebungen. So wird die Konstruktionszeit verk\u00fcrzt [&hellip;]<\/p>\n","protected":false},"author":20,"featured_media":0,"parent":1556,"menu_order":0,"comment_status":"closed","ping_status":"closed","template":"","meta":{"inline_featured_image":false},"yoast_head":"<!-- This site is optimized with the Yoast SEO plugin v18.4.1 - https:\/\/yoast.com\/wordpress\/plugins\/seo\/ -->\n<title>Elektroverkabelung | Elektrische Konstruktion | Solid Edge<\/title>\n<meta name=\"description\" content=\"Solid Edge Electrical Routing ist eine dedizierte, prozessgesteuerte Umgebung zur effizienten Erstellung, Verlegung und Organisation von Dr\u00e4hten, Kabeln und Kabelb\u00fcndeln in einer Solid Edge-Baugruppe.\" \/>\n<meta name=\"robots\" content=\"index, follow, max-snippet:-1, max-image-preview:large, max-video-preview:-1\" \/>\n<link rel=\"canonical\" href=\"https:\/\/solidedge.siemens.com\/de\/solutions\/products\/electrical-design\/electrical-routing\/\" \/>\n<meta property=\"og:locale\" content=\"de_DE\" \/>\n<meta property=\"og:type\" content=\"article\" \/>\n<meta property=\"og:title\" content=\"Elektroverkabelung | Elektrische Konstruktion | Solid Edge\" \/>\n<meta property=\"og:description\" content=\"Solid Edge Electrical Routing ist eine dedizierte, prozessgesteuerte Umgebung zur effizienten Erstellung, Verlegung und Organisation von Dr\u00e4hten, Kabeln und Kabelb\u00fcndeln in einer Solid Edge-Baugruppe.\" \/>\n<meta property=\"og:url\" content=\"https:\/\/solidedge.siemens.com\/de\/solutions\/products\/electrical-design\/electrical-routing\/\" \/>\n<meta property=\"og:site_name\" content=\"Solid Edge\" \/>\n<meta property=\"article:publisher\" content=\"https:\/\/www.facebook.com\/solidedge\" \/>\n<meta property=\"article:modified_time\" content=\"2021-12-29T13:31:28+00:00\" \/>\n<meta name=\"twitter:card\" content=\"summary_large_image\" \/>\n<meta name=\"twitter:site\" content=\"@siemensplm\" \/>\n<meta name=\"twitter:label1\" content=\"Gesch\u00e4tzte Lesezeit\" \/>\n\t<meta name=\"twitter:data1\" content=\"2 Minuten\" \/>\n<script type=\"application\/ld+json\" class=\"yoast-schema-graph\">{\"@context\":\"https:\/\/schema.org\",\"@graph\":[{\"@type\":\"Organization\",\"@id\":\"https:\/\/solidedge.siemens.com\/en\/#organization\",\"name\":\"Siemens Digital Industries Software\",\"url\":\"https:\/\/solidedge.siemens.com\/en\/\",\"sameAs\":[\"https:\/\/www.facebook.com\/solidedge\",\"https:\/\/www.instagram.com\/siemens\/\",\"https:\/\/www.linkedin.com\/company\/siemens-plm-software\",\"https:\/\/www.youtube.com\/user\/PolarionSoftware\",\"https:\/\/twitter.com\/siemensplm\"],\"logo\":{\"@type\":\"ImageObject\",\"@id\":\"https:\/\/solidedge.siemens.com\/en\/#logo\",\"inLanguage\":\"de-DE\",\"url\":\"https:\/\/solidedge.siemens.com\/wp-content\/uploads\/2018\/04\/logo-siemens-ifl@2x.png\",\"contentUrl\":\"https:\/\/solidedge.siemens.com\/wp-content\/uploads\/2018\/04\/logo-siemens-ifl@2x.png\",\"width\":640,\"height\":270,\"caption\":\"Siemens Digital Industries Software\"},\"image\":{\"@id\":\"https:\/\/solidedge.siemens.com\/en\/#logo\"}},{\"@type\":\"WebSite\",\"@id\":\"https:\/\/solidedge.siemens.com\/en\/#website\",\"url\":\"https:\/\/solidedge.siemens.com\/en\/\",\"name\":\"Solid Edge\",\"description\":\"Siemens Software\",\"publisher\":{\"@id\":\"https:\/\/solidedge.siemens.com\/en\/#organization\"},\"potentialAction\":[{\"@type\":\"SearchAction\",\"target\":{\"@type\":\"EntryPoint\",\"urlTemplate\":\"https:\/\/solidedge.siemens.com\/en\/?s={search_term_string}\"},\"query-input\":\"required name=search_term_string\"}],\"inLanguage\":\"de-DE\"},{\"@type\":\"WebPage\",\"@id\":\"https:\/\/solidedge.siemens.com\/de\/solutions\/products\/electrical-design\/electrical-routing\/#webpage\",\"url\":\"https:\/\/solidedge.siemens.com\/de\/solutions\/products\/electrical-design\/electrical-routing\/\",\"name\":\"Elektroverkabelung | Elektrische Konstruktion | Solid Edge\",\"isPartOf\":{\"@id\":\"https:\/\/solidedge.siemens.com\/en\/#website\"},\"datePublished\":\"2019-04-01T14:30:35+00:00\",\"dateModified\":\"2021-12-29T13:31:28+00:00\",\"description\":\"Solid Edge Electrical Routing ist eine dedizierte, prozessgesteuerte Umgebung zur effizienten Erstellung, Verlegung und Organisation von Dr\u00e4hten, Kabeln und Kabelb\u00fcndeln in einer Solid Edge-Baugruppe.\",\"breadcrumb\":{\"@id\":\"https:\/\/solidedge.siemens.com\/de\/solutions\/products\/electrical-design\/electrical-routing\/#breadcrumb\"},\"inLanguage\":\"de-DE\",\"potentialAction\":[{\"@type\":\"ReadAction\",\"target\":[\"https:\/\/solidedge.siemens.com\/de\/solutions\/products\/electrical-design\/electrical-routing\/\"]}]},{\"@type\":\"BreadcrumbList\",\"@id\":\"https:\/\/solidedge.siemens.com\/de\/solutions\/products\/electrical-design\/electrical-routing\/#breadcrumb\",\"itemListElement\":[{\"@type\":\"ListItem\",\"position\":1,\"name\":\"Home\",\"item\":\"https:\/\/solidedge.siemens.com\/en\/home-7\/\"},{\"@type\":\"ListItem\",\"position\":2,\"name\":\"L&ouml;sungen\",\"item\":\"https:\/\/solidedge.siemens.com\/de\/solutions\/\"},{\"@type\":\"ListItem\",\"position\":3,\"name\":\"Produkte\",\"item\":\"https:\/\/solidedge.siemens.com\/de\/solutions\/products\/\"},{\"@type\":\"ListItem\",\"position\":4,\"name\":\"Elektrische Konstruktion\",\"item\":\"https:\/\/solidedge.siemens.com\/de\/solutions\/products\/electrical-design\/\"},{\"@type\":\"ListItem\",\"position\":5,\"name\":\"Elektroverkabelung\"}]}]}<\/script>\n<!-- \/ Yoast SEO plugin. -->","yoast_head_json":{"title":"Elektroverkabelung | Elektrische Konstruktion | Solid Edge","description":"Solid Edge Electrical Routing ist eine dedizierte, prozessgesteuerte Umgebung zur effizienten Erstellung, Verlegung und Organisation von Dr\u00e4hten, Kabeln und Kabelb\u00fcndeln in einer Solid Edge-Baugruppe.","robots":{"index":"index","follow":"follow","max-snippet":"max-snippet:-1","max-image-preview":"max-image-preview:large","max-video-preview":"max-video-preview:-1"},"canonical":"https:\/\/solidedge.siemens.com\/de\/solutions\/products\/electrical-design\/electrical-routing\/","og_locale":"de_DE","og_type":"article","og_title":"Elektroverkabelung | Elektrische Konstruktion | Solid Edge","og_description":"Solid Edge Electrical Routing ist eine dedizierte, prozessgesteuerte Umgebung zur effizienten Erstellung, Verlegung und Organisation von Dr\u00e4hten, Kabeln und Kabelb\u00fcndeln in einer Solid Edge-Baugruppe.","og_url":"https:\/\/solidedge.siemens.com\/de\/solutions\/products\/electrical-design\/electrical-routing\/","og_site_name":"Solid Edge","article_publisher":"https:\/\/www.facebook.com\/solidedge","article_modified_time":"2021-12-29T13:31:28+00:00","twitter_card":"summary_large_image","twitter_site":"@siemensplm","twitter_misc":{"Gesch\u00e4tzte Lesezeit":"2 Minuten"},"schema":{"@context":"https:\/\/schema.org","@graph":[{"@type":"Organization","@id":"https:\/\/solidedge.siemens.com\/en\/#organization","name":"Siemens Digital Industries Software","url":"https:\/\/solidedge.siemens.com\/en\/","sameAs":["https:\/\/www.facebook.com\/solidedge","https:\/\/www.instagram.com\/siemens\/","https:\/\/www.linkedin.com\/company\/siemens-plm-software","https:\/\/www.youtube.com\/user\/PolarionSoftware","https:\/\/twitter.com\/siemensplm"],"logo":{"@type":"ImageObject","@id":"https:\/\/solidedge.siemens.com\/en\/#logo","inLanguage":"de-DE","url":"https:\/\/solidedge.siemens.com\/wp-content\/uploads\/2018\/04\/logo-siemens-ifl@2x.png","contentUrl":"https:\/\/solidedge.siemens.com\/wp-content\/uploads\/2018\/04\/logo-siemens-ifl@2x.png","width":640,"height":270,"caption":"Siemens Digital Industries Software"},"image":{"@id":"https:\/\/solidedge.siemens.com\/en\/#logo"}},{"@type":"WebSite","@id":"https:\/\/solidedge.siemens.com\/en\/#website","url":"https:\/\/solidedge.siemens.com\/en\/","name":"Solid Edge","description":"Siemens Software","publisher":{"@id":"https:\/\/solidedge.siemens.com\/en\/#organization"},"potentialAction":[{"@type":"SearchAction","target":{"@type":"EntryPoint","urlTemplate":"https:\/\/solidedge.siemens.com\/en\/?s={search_term_string}"},"query-input":"required name=search_term_string"}],"inLanguage":"de-DE"},{"@type":"WebPage","@id":"https:\/\/solidedge.siemens.com\/de\/solutions\/products\/electrical-design\/electrical-routing\/#webpage","url":"https:\/\/solidedge.siemens.com\/de\/solutions\/products\/electrical-design\/electrical-routing\/","name":"Elektroverkabelung | Elektrische Konstruktion | Solid Edge","isPartOf":{"@id":"https:\/\/solidedge.siemens.com\/en\/#website"},"datePublished":"2019-04-01T14:30:35+00:00","dateModified":"2021-12-29T13:31:28+00:00","description":"Solid Edge Electrical Routing ist eine dedizierte, prozessgesteuerte Umgebung zur effizienten Erstellung, Verlegung und Organisation von Dr\u00e4hten, Kabeln und Kabelb\u00fcndeln in einer Solid Edge-Baugruppe.","breadcrumb":{"@id":"https:\/\/solidedge.siemens.com\/de\/solutions\/products\/electrical-design\/electrical-routing\/#breadcrumb"},"inLanguage":"de-DE","potentialAction":[{"@type":"ReadAction","target":["https:\/\/solidedge.siemens.com\/de\/solutions\/products\/electrical-design\/electrical-routing\/"]}]},{"@type":"BreadcrumbList","@id":"https:\/\/solidedge.siemens.com\/de\/solutions\/products\/electrical-design\/electrical-routing\/#breadcrumb","itemListElement":[{"@type":"ListItem","position":1,"name":"Home","item":"https:\/\/solidedge.siemens.com\/en\/home-7\/"},{"@type":"ListItem","position":2,"name":"L&ouml;sungen","item":"https:\/\/solidedge.siemens.com\/de\/solutions\/"},{"@type":"ListItem","position":3,"name":"Produkte","item":"https:\/\/solidedge.siemens.com\/de\/solutions\/products\/"},{"@type":"ListItem","position":4,"name":"Elektrische Konstruktion","item":"https:\/\/solidedge.siemens.com\/de\/solutions\/products\/electrical-design\/"},{"@type":"ListItem","position":5,"name":"Elektroverkabelung"}]}]}},"_links":{"self":[{"href":"https:\/\/solidedge.siemens.com\/de\/wp-json\/wp\/v2\/pages\/1470"}],"collection":[{"href":"https:\/\/solidedge.siemens.com\/de\/wp-json\/wp\/v2\/pages"}],"about":[{"href":"https:\/\/solidedge.siemens.com\/de\/wp-json\/wp\/v2\/types\/page"}],"author":[{"embeddable":true,"href":"https:\/\/solidedge.siemens.com\/de\/wp-json\/wp\/v2\/users\/20"}],"replies":[{"embeddable":true,"href":"https:\/\/solidedge.siemens.com\/de\/wp-json\/wp\/v2\/comments?post=1470"}],"version-history":[{"count":10,"href":"https:\/\/solidedge.siemens.com\/de\/wp-json\/wp\/v2\/pages\/1470\/revisions"}],"predecessor-version":[{"id":56204,"href":"https:\/\/solidedge.siemens.com\/de\/wp-json\/wp\/v2\/pages\/1470\/revisions\/56204"}],"up":[{"embeddable":true,"href":"https:\/\/solidedge.siemens.com\/de\/wp-json\/wp\/v2\/pages\/1556"}],"wp:attachment":[{"href":"https:\/\/solidedge.siemens.com\/de\/wp-json\/wp\/v2\/media?parent=1470"}],"curies":[{"name":"wp","href":"https:\/\/api.w.org\/{rel}","templated":true}]}}