{"id":49960,"date":"2021-11-02T12:44:02","date_gmt":"2021-11-02T16:44:02","guid":{"rendered":"https:\/\/solidedge.siemens.com\/?page_id=49960"},"modified":"2022-12-02T16:04:42","modified_gmt":"2022-12-02T21:04:42","slug":"industrial-design-software","status":"publish","type":"page","link":"https:\/\/solidedge.siemens.com\/cs\/solutions\/products\/3d-design\/industrial-design-software\/","title":{"rendered":"Pr\u016fmyslov&yacute; n&aacute;vrh a&nbsp;design"},"content":{"rendered":"<p>[vc_row full_width=&#8220;stretch_row&#8220; full_height=&#8220;yes&#8220; content_placement=&#8220;middle&#8220; css=&#8220;.vc_custom_1632315140284{background: #a6a6a6 url(https:\/\/solidedge.siemens.com\/wp-content\/uploads\/2021\/09\/Industrial-Design-Styling-Header-v1.png?id=50061) !important;background-position: center !important;background-repeat: no-repeat !important;background-size: cover !important;}&#8220; el_class=&#8220;vc-row-hero-banner&#8220;][vc_column][vc_column_text el_class=&#8220;.vc-el-callout&#8220;]<\/p>\n<h1>Solid Edge pro pr\u016fmyslov\u00fd n\u00e1vrh<\/h1>\n<p>Pr\u016fmyslov\u00fd n\u00e1vrh se pou\u017e\u00edv\u00e1 k\u00a0vytv\u00e1\u0159en\u00ed hodnoty v\u00fdrobku. N\u00e1vrhy, kter\u00e9 jsou vizu\u00e1ln\u011b atraktivn\u00ed, a\u00a0z\u00e1rove\u0148 funk\u010dn\u00ed a\u00a0vyrobiteln\u00e9, d\u00e1vaj\u00ed spole\u010dnostem konkuren\u010dn\u00ed v\u00fdhodu. Solid Edge obsahuje pokro\u010dil\u00e9 mo\u017enosti vytv\u00e1\u0159en\u00ed tvar\u016f a\u00a0manipulace s\u00a0nimi, co\u017e v\u00e1m umo\u017e\u0148uje realizovat jedine\u010dn\u00e9 v\u00fdrobky, kter\u00e9 vyniknou na p\u0159epln\u011bn\u00e9m trhu.<\/p>\n<p><a class=\"action-button\" href=\"\/en\/try-now\/\"><i class=\"icon-ext\"><\/i>Vyzkou\u0161et Solid Edge zdarma<\/a>[\/vc_column_text][\/vc_column][\/vc_row][vc_row full_width=&#8220;stretch_row&#8220; el_class=&#8220;vc-row-shoutbox&#8220; css=&#8220;.vc_custom_1524241646732{background-color: #003750 !important;}&#8220;][vc_column width=&#8220;1\/3&#8243;][vc_single_image image=&#8220;21776&#8243; img_size=&#8220;full&#8220; alignment=&#8220;center&#8220;][\/vc_column][vc_column width=&#8220;2\/3&#8243;][vc_column_text el_class=&#8220;vc-el-lead-in&#8220;]E-kniha<\/p>\n<h2>Osv\u011bd\u010den\u00e9 postupy p\u0159i pr\u00e1ci s\u00a0komplexn\u00edmi prvky<\/h2>\n<p>N\u00e1stroje CAD jsou ide\u00e1ln\u00edm prost\u0159edkem pro vytv\u00e1\u0159en\u00ed a\u00a0pr\u00e1ci s\u00a0koncepty, av\u0161ak komplexn\u00ed prvky mohou pro spoustu konstrukt\u00e9r\u016f p\u0159edstavovat po\u0159\u00e1dnou v\u00fdzvu. V\u00a0t\u00e9to e-knize v\u00e1m p\u0159edstav\u00edme n\u011bkter\u00e9 univerz\u00e1ln\u00ed postupy pro pr\u00e1ci s\u00a0komplexn\u00edmi prvky, kter\u00e9 m\u016f\u017eete uplatnit i\u00a0u\u00a0sv\u00fdch projekt\u016f.<\/p>\n<p><a class=\"action-button\" href=\"https:\/\/solidedge.siemens.com\/en\/resource\/ebook\/best-practices-in-complex-shape-design\/\" target=\"_blank\" rel=\"noopener\"><i class=\"icon-ext\"><\/i>St\u00e1hnout nyn\u00ed<\/a>[\/vc_column_text][\/vc_column][\/vc_row][vc_row][vc_column][vc_column_text el_class=&#8220;vc-el-lead-in&#8220;]Funkce<\/p>\n<h2>Navrhujte estetick\u00e9 v\u00fdrobky<\/h2>\n<p>Estetick\u00e9 v\u00fdrobky p\u016fsob\u00ed na emoce z\u00e1kazn\u00edk\u016f, co\u017e v\u00fdrobc\u016fm umo\u017e\u0148uje prod\u00e1vat zbo\u017e\u00ed za pr\u00e9miov\u00e9 ceny a\u00a0podporovat v\u011brnost z\u00e1kazn\u00edk\u016f. Navrhov\u00e1n\u00ed slo\u017eit\u00fdch tvar\u016f ale m\u016f\u017ee b\u00fdt v\u00fdzvou i\u00a0pro ty nejzku\u0161en\u011bj\u0161\u00ed odborn\u00edky. Solid Edge obsahuje funkce pro vytv\u00e1\u0159en\u00ed tvar\u016f a\u00a0jejich manipulaci a\u00a0ov\u011b\u0159ov\u00e1n\u00ed, kter\u00e9 umo\u017e\u0148uj\u00ed i\u00a0za\u010d\u00e1te\u010dn\u00edk\u016fm snadno a\u00a0rychle navrhovat a\u00a0vizualizovat slo\u017eit\u00e9 geometrie voln\u00fdch tvar\u016f.[\/vc_column_text][vc_row_inner el_class=&#8220;vc-row-image-teasers&#8220;][vc_column_inner width=&#8220;1\/2&#8243;][vc_single_image image=&#8220;50108&#8243; img_size=&#8220;full&#8220; alignment=&#8220;center&#8220; onclick=&#8220;custom_link&#8220; link=&#8220;https:%2F%2Fsolidedge.siemens.com%2Fen%2Fsolutions%2Fproducts%2F3d-design%2F3d-rendering%2F|&#8220;][vc_column_text]<\/p>\n<h3><a href=\"https:\/\/solidedge.siemens.com\/cs\/solutions\/products\/3d-design\/industrial-design-software\/3d-rendering\/\">3D rendrov\u00e1n\u00ed<\/a><\/h3>\n<p>Vytv\u00e1\u0159ejte fotorealistick\u00e9 obr\u00e1zky pro sd\u00edlen\u00ed n\u00e1vrh\u016f a\u00a0z\u00edskejte zp\u011btnou vazbu p\u0159ed v\u00fdrobou n\u00e1kladn\u00fdch prototyp\u016f.[\/vc_column_text][\/vc_column_inner][vc_column_inner width=&#8220;1\/2&#8243;][vc_single_image image=&#8220;50129&#8243; img_size=&#8220;full&#8220; alignment=&#8220;center&#8220; onclick=&#8220;custom_link&#8220; link=&#8220;https:%2F%2Fsolidedge.siemens.com%2Fen%2Fsolutions%2Fproducts%2F3d-design%2Fsubdivision-modeling%2F|&#8220;][vc_column_text]<\/p>\n<h3><a href=\"https:\/\/solidedge.siemens.com\/cs\/solutions\/products\/3d-design\/industrial-design-software\/subdivision-modeling\/\">Blokov\u00e9 modelov\u00e1n\u00ed<\/a><\/h3>\n<p>Navrhujte jedine\u010dn\u00e9 v\u00fdrobky zalo\u017een\u00e9 na organick\u00fdch tvarech pomoc\u00ed intuitivn\u00ed techniky modelov\u00e1n\u00ed voln\u00fdch tvar\u016f.[\/vc_column_text][\/vc_column_inner][\/vc_row_inner][\/vc_column][\/vc_row][vc_row full_width=&#8220;stretch_row&#8220; el_class=&#8220;vc-row-image-story-overview&#8220; css=&#8220;.vc_custom_1524848429910{background-color: #ebf0f4 !important;}&#8220;][vc_column][vc_row_inner][vc_column_inner width=&#8220;2\/3&#8243; offset=&#8220;vc_col-md-6&#8243;][vc_column_text el_class=&#8220;vc-el-lead-in&#8220;]Zku\u0161enosti z\u00e1kazn\u00edk\u016f<\/p>\n<h2>Podpora inovac\u00ed d\u00edky navrhov\u00e1n\u00ed v\u00fdrobk\u016f zalo\u017een\u00e9mu na zku\u0161enostech<\/h2>\n<p>Fuel, konzulta\u010dn\u00ed firma pro pr\u016fmyslov\u00fd design se s\u00eddlem ve Velk\u00e9 Brit\u00e1nii, se specializuje na navrhov\u00e1n\u00ed fyzick\u00fdch v\u00fdrobk\u016f pro p\u0159edn\u00ed zna\u010dky a\u00a0technologick\u00e9 spole\u010dnosti. P\u0159i navrhov\u00e1n\u00ed vzhledu, fyzick\u00fdch interakc\u00ed a\u00a0v\u0161ech ostatn\u00edch aspekt\u016f pou\u017e\u00edv\u00e1n\u00ed v\u00fdrobku se spol\u00e9h\u00e1 na Solid Edge, p\u0159i\u010dem\u017e se sna\u017e\u00ed vyv\u00e1\u017eit pot\u0159eby v\u00a0oblasti lidsk\u00e9ho chov\u00e1n\u00ed, technologi\u00ed a\u00a0marketingu.<\/p>\n<p style=\"text-align: left;\"><a class=\"secondary-button\" href=\"https:\/\/blogs.sw.siemens.com\/solidedge\/startup-spotlight-solid-edge-fuels-next-generation-industrial-design\/\" target=\"_blank\" rel=\"noopener\"><i class=\"icon-ext\"><\/i>Dal\u0161\u00ed informace<\/a><\/p>\n<p>[\/vc_column_text][\/vc_column_inner][vc_column_inner width=&#8220;1\/3&#8243; offset=&#8220;vc_col-md-6&#8243;][vc_single_image image=&#8220;52121&#8243; img_size=&#8220;medium&#8220; alignment=&#8220;center&#8220;][\/vc_column_inner][\/vc_row_inner][\/vc_column][\/vc_row][vc_row full_width=&#8220;stretch_row&#8220; el_class=&#8220;vc-row-free-software&#8220; css=&#8220;.vc_custom_1542723573593{background-color: #006486 !important;}&#8220;][vc_column][vc_column_text el_class=&#8220;vc-el-lead-in&#8220;]Nab\u00eddky<\/p>\n<h2>Bezplatn\u00fd software pro 3D n\u00e1vrh<\/h2>\n<p>[\/vc_column_text][vc_row_inner equal_height=&#8220;yes&#8220;][vc_column_inner width=&#8220;1\/2&#8243; offset=&#8220;vc_col-md-5&#8243;]<div class=\"wpb_content_block wpb_content_element\"><div class=\"wpb_wrapper\"><div class=\"content_block\" id=\"custom_post_widget-419\"><p>[vc_row][vc_column][vc_column_text]<\/p>\n<h3>Bezplatn\u00fd software pro v\u00e1\u0161 startup<\/h3>\n<p>Pokud pr\u00e1v\u011b spou\u0161t\u00edte v\u00e1\u0161 startup a podnik\u00e1te m\u00e9n\u011b ne\u017e t\u0159i roky, m\u016f\u017eete z\u00edskat bezplatnou verzi Solid Edge. A to bez poplatku![\/vc_column_text][vc_column_text]<a class=\"action-button\" href=\"https:\/\/www.plm.automation.siemens.com\/global\/en\/topic\/solid-edge-for-startups\/8335\"><i class=\"icon-ext\"><\/i>Za\u017e\u00e1dat nyn\u00ed<\/a>[\/vc_column_text][\/vc_column][\/vc_row]<\/p>\n<\/div><\/div><\/div>[\/vc_column_inner][vc_column_inner width=&#8220;1\/2&#8243; offset=&#8220;vc_col-md-offset-2 vc_col-md-5&#8243;]<div class=\"wpb_content_block wpb_content_element\"><div class=\"wpb_wrapper\"><div class=\"content_block\" id=\"custom_post_widget-420\"><p>[vc_row][vc_column][vc_column_text]<\/p>\n<h3>St\u00e1hn\u011bte si bezplatnou verzi Solid Edge pro studenty<\/h3>\n<p>Nau\u010dte se navrhovat je\u0161t\u011b dnes v bezplatn\u00e9 verzi Solid Edge Student Edition.<br \/>\n[\/vc_column_text][vc_column_text]<a class=\"action-button\" href=\"https:\/\/www.plm.automation.siemens.com\/plmapp\/education\/solid-edge\/cs_cz\/free-software\/student\"><i class=\"icon-ext\"><\/i>St\u00e1hnout nyn\u00ed<\/a>[\/vc_column_text][\/vc_column][\/vc_row]<\/p>\n<\/div><\/div><\/div>[\/vc_column_inner][\/vc_row_inner][\/vc_column][\/vc_row][vc_row full_width=&#8220;stretch_row&#8220; el_class=&#8220;vc-row-related-content&#8220; css=&#8220;.vc_custom_1524184785822{background-color: #347eb5 !important;}&#8220;][vc_column][vc_column_text]<\/p>\n<h2>Souvisej\u00edc\u00ed obsah<\/h2>\n<p>[\/vc_column_text]<div id=\"ult-carousel-206893018169ddfb769cdfe\" class=\"ult-carousel-wrapper  vc-el-carousel-related-content ult_horizontal\" data-gutter=\"0\" data-rtl=\"false\" ><div class=\"ult-carousel-90640005169ddfb769cddd \" >[vc_column_text]<a href=\"https:\/\/solidedge.siemens.com\/en\/resource\/ebook\/subdivision-modeling\/\">Navrhov\u00e1n\u00ed slo\u017eit\u00fdch tvar\u016f pro spot\u0159ebn\u00ed zbo\u017e\u00ed \u2013 e-kniha<\/a>[\/vc_column_text][vc_column_text]<a href=\"https:\/\/solidedge.siemens.com\/en\/resource\/ebook\/best-practices-in-complex-shape-design\/\">Osv\u011bd\u010den\u00e9 postupy p\u0159i pr\u00e1ci s\u00a0komplexn\u00edmi prvky \u2013 e-kniha<\/a>[\/vc_column_text]<\/div><\/div>\t\t\t<script type=\"text\/javascript\">\r\n\t\t\t\tjQuery(document).ready(function ($) {\r\n\t\t\t\t\tif( typeof jQuery('.ult-carousel-90640005169ddfb769cddd').slick == \"function\"){\r\n\t\t\t\t\t\t$('.ult-carousel-90640005169ddfb769cddd').slick({dots: true,autoplaySpeed: 5000,speed: 500,infinite: false,arrows: true,nextArrow: '<button type=\"button\" role=\"button\" aria-label=\"Next\" style=\"color:#ffffff; font-size:30px;background:rgba(255,255,255,0.2);\" class=\"slick-next square-bg\"><i class=\"ultsl-arrow-right6\"><\/i><\/button>',prevArrow: '<button type=\"button\" role=\"button\" aria-label=\"Previous\" style=\"color:#ffffff; font-size:30px;background:rgba(255,255,255,0.2);\" class=\"slick-prev square-bg\"><i class=\"ultsl-arrow-left6\"><\/i><\/button>',slidesToScroll:4,slidesToShow:4,swipe: true,draggable: true,touchMove: true,pauseOnHover: true,pauseOnFocus: false,responsive: [\r\n\t\t\t\t\t\t\t{\r\n\t\t\t\t\t\t\t  breakpoint: 1026,\r\n\t\t\t\t\t\t\t  settings: {\r\n\t\t\t\t\t\t\t\tslidesToShow: 4,\r\n\t\t\t\t\t\t\t\tslidesToScroll: 4,  \r\n\t\t\t\t\t\t\t  }\r\n\t\t\t\t\t\t\t},\r\n\t\t\t\t\t\t\t{\r\n\t\t\t\t\t\t\t  breakpoint: 1025,\r\n\t\t\t\t\t\t\t  settings: {\r\n\t\t\t\t\t\t\t\tslidesToShow: 2,\r\n\t\t\t\t\t\t\t\tslidesToScroll: 2\r\n\t\t\t\t\t\t\t  }\r\n\t\t\t\t\t\t\t},\r\n\t\t\t\t\t\t\t{\r\n\t\t\t\t\t\t\t  breakpoint: 760,\r\n\t\t\t\t\t\t\t  settings: {\r\n\t\t\t\t\t\t\t\tslidesToShow: 1,\r\n\t\t\t\t\t\t\t\tslidesToScroll: 1\r\n\t\t\t\t\t\t\t  }\r\n\t\t\t\t\t\t\t}\r\n\t\t\t\t\t\t],pauseOnDotsHover: true,customPaging: function(slider, i) {\r\n                   return '<i type=\"button\" style= \"color:#ffffff;\" class=\"ultsl-record\" data-role=\"none\"><\/i>';\r\n                },});\r\n\t\t\t\t\t}\r\n\t\t\t\t});\r\n\t\t\t<\/script>\r\n\t\t\t[\/vc_column][\/vc_row]<\/p>\n","protected":false},"excerpt":{"rendered":"<p> Solid Edge pro pr\u016fmyslov\u00fd n\u00e1vrh Pr\u016fmyslov\u00fd n\u00e1vrh se pou\u017e\u00edv\u00e1 k\u00a0vytv\u00e1\u0159en\u00ed hodnoty v\u00fdrobku. N\u00e1vrhy, kter\u00e9 jsou vizu\u00e1ln\u011b atraktivn\u00ed, a\u00a0z\u00e1rove\u0148 funk\u010dn\u00ed a\u00a0vyrobiteln\u00e9, d\u00e1vaj\u00ed spole\u010dnostem konkuren\u010dn\u00ed v\u00fdhodu. Solid Edge obsahuje pokro\u010dil\u00e9 mo\u017enosti vytv\u00e1\u0159en\u00ed tvar\u016f a\u00a0manipulace s\u00a0nimi, co\u017e v\u00e1m umo\u017e\u0148uje realizovat jedine\u010dn\u00e9 v\u00fdrobky, [&hellip;]<\/p>\n","protected":false},"author":44,"featured_media":0,"parent":2610,"menu_order":5,"comment_status":"closed","ping_status":"closed","template":"","meta":{"inline_featured_image":false},"yoast_head":"<!-- This site is optimized with the Yoast SEO plugin v18.4.1 - https:\/\/yoast.com\/wordpress\/plugins\/seo\/ -->\n<title>Software pro pr\u016fmyslov\u00fd n\u00e1vrh l Solid Edge l Siemens<\/title>\n<meta name=\"description\" content=\"Pokro\u010dil\u00e9 mo\u017enosti vytv\u00e1\u0159en\u00ed tvar\u016f a\u00a0manipulace v\u00a0Solid Edge v\u00e1m umo\u017e\u0148uj\u00ed realizovat jedine\u010dn\u00e9 v\u00fdrobky, kter\u00e9 vyniknou na p\u0159epln\u011bn\u00e9m trhu.\" \/>\n<meta name=\"robots\" content=\"index, follow, max-snippet:-1, max-image-preview:large, max-video-preview:-1\" \/>\n<link rel=\"canonical\" href=\"https:\/\/solidedge.siemens.com\/cs\/solutions\/products\/3d-design\/industrial-design-software\/\" \/>\n<meta property=\"og:locale\" content=\"cs_CZ\" \/>\n<meta property=\"og:type\" content=\"article\" \/>\n<meta property=\"og:title\" content=\"Software pro pr\u016fmyslov\u00fd n\u00e1vrh l Solid Edge l Siemens\" \/>\n<meta property=\"og:description\" content=\"Pokro\u010dil\u00e9 mo\u017enosti vytv\u00e1\u0159en\u00ed tvar\u016f a\u00a0manipulace v\u00a0Solid Edge v\u00e1m umo\u017e\u0148uj\u00ed realizovat jedine\u010dn\u00e9 v\u00fdrobky, kter\u00e9 vyniknou na p\u0159epln\u011bn\u00e9m trhu.\" \/>\n<meta property=\"og:url\" content=\"https:\/\/solidedge.siemens.com\/cs\/solutions\/products\/3d-design\/industrial-design-software\/\" \/>\n<meta property=\"og:site_name\" content=\"Solid Edge\" \/>\n<meta property=\"article:publisher\" content=\"https:\/\/www.facebook.com\/solidedge\" \/>\n<meta property=\"article:modified_time\" content=\"2022-12-02T21:04:42+00:00\" \/>\n<meta name=\"twitter:card\" content=\"summary_large_image\" \/>\n<meta name=\"twitter:site\" content=\"@siemensplm\" \/>\n<meta name=\"twitter:label1\" content=\"Odhadovan\u00e1 doba \u010dten\u00ed\" \/>\n\t<meta name=\"twitter:data1\" content=\"2 minuty\" \/>\n<script type=\"application\/ld+json\" class=\"yoast-schema-graph\">{\"@context\":\"https:\/\/schema.org\",\"@graph\":[{\"@type\":\"Organization\",\"@id\":\"https:\/\/solidedge.siemens.com\/en\/#organization\",\"name\":\"Siemens Digital Industries Software\",\"url\":\"https:\/\/solidedge.siemens.com\/en\/\",\"sameAs\":[\"https:\/\/www.facebook.com\/solidedge\",\"https:\/\/www.instagram.com\/siemens\/\",\"https:\/\/www.linkedin.com\/company\/siemens-plm-software\",\"https:\/\/www.youtube.com\/user\/PolarionSoftware\",\"https:\/\/twitter.com\/siemensplm\"],\"logo\":{\"@type\":\"ImageObject\",\"@id\":\"https:\/\/solidedge.siemens.com\/en\/#logo\",\"inLanguage\":\"cs\",\"url\":\"https:\/\/solidedge.siemens.com\/wp-content\/uploads\/2018\/04\/logo-siemens-ifl@2x.png\",\"contentUrl\":\"https:\/\/solidedge.siemens.com\/wp-content\/uploads\/2018\/04\/logo-siemens-ifl@2x.png\",\"width\":640,\"height\":270,\"caption\":\"Siemens Digital Industries Software\"},\"image\":{\"@id\":\"https:\/\/solidedge.siemens.com\/en\/#logo\"}},{\"@type\":\"WebSite\",\"@id\":\"https:\/\/solidedge.siemens.com\/en\/#website\",\"url\":\"https:\/\/solidedge.siemens.com\/en\/\",\"name\":\"Solid Edge\",\"description\":\"Siemens Software\",\"publisher\":{\"@id\":\"https:\/\/solidedge.siemens.com\/en\/#organization\"},\"potentialAction\":[{\"@type\":\"SearchAction\",\"target\":{\"@type\":\"EntryPoint\",\"urlTemplate\":\"https:\/\/solidedge.siemens.com\/en\/?s={search_term_string}\"},\"query-input\":\"required name=search_term_string\"}],\"inLanguage\":\"cs\"},{\"@type\":\"WebPage\",\"@id\":\"https:\/\/solidedge.siemens.com\/cs\/solutions\/products\/3d-design\/industrial-design-software\/#webpage\",\"url\":\"https:\/\/solidedge.siemens.com\/cs\/solutions\/products\/3d-design\/industrial-design-software\/\",\"name\":\"Software pro pr\u016fmyslov\u00fd n\u00e1vrh l Solid Edge l Siemens\",\"isPartOf\":{\"@id\":\"https:\/\/solidedge.siemens.com\/en\/#website\"},\"datePublished\":\"2021-11-02T16:44:02+00:00\",\"dateModified\":\"2022-12-02T21:04:42+00:00\",\"description\":\"Pokro\u010dil\u00e9 mo\u017enosti vytv\u00e1\u0159en\u00ed tvar\u016f a\u00a0manipulace v\u00a0Solid Edge v\u00e1m umo\u017e\u0148uj\u00ed realizovat jedine\u010dn\u00e9 v\u00fdrobky, kter\u00e9 vyniknou na p\u0159epln\u011bn\u00e9m trhu.\",\"breadcrumb\":{\"@id\":\"https:\/\/solidedge.siemens.com\/cs\/solutions\/products\/3d-design\/industrial-design-software\/#breadcrumb\"},\"inLanguage\":\"cs\",\"potentialAction\":[{\"@type\":\"ReadAction\",\"target\":[\"https:\/\/solidedge.siemens.com\/cs\/solutions\/products\/3d-design\/industrial-design-software\/\"]}]},{\"@type\":\"BreadcrumbList\",\"@id\":\"https:\/\/solidedge.siemens.com\/cs\/solutions\/products\/3d-design\/industrial-design-software\/#breadcrumb\",\"itemListElement\":[{\"@type\":\"ListItem\",\"position\":1,\"name\":\"Home\",\"item\":\"https:\/\/solidedge.siemens.com\/en\/home-5\/\"},{\"@type\":\"ListItem\",\"position\":2,\"name\":\"\u0158e&scaron;en&iacute;\",\"item\":\"https:\/\/solidedge.siemens.com\/cs\/solutions\/\"},{\"@type\":\"ListItem\",\"position\":3,\"name\":\"Produkty\",\"item\":\"https:\/\/solidedge.siemens.com\/cs\/solutions\/products\/\"},{\"@type\":\"ListItem\",\"position\":4,\"name\":\"3D n&aacute;vrh\",\"item\":\"https:\/\/solidedge.siemens.com\/cs\/solutions\/products\/3d-design\/\"},{\"@type\":\"ListItem\",\"position\":5,\"name\":\"Pr\u016fmyslov&yacute; n&aacute;vrh a&nbsp;design\"}]}]}<\/script>\n<!-- \/ Yoast SEO plugin. -->","yoast_head_json":{"title":"Software pro pr\u016fmyslov\u00fd n\u00e1vrh l Solid Edge l Siemens","description":"Pokro\u010dil\u00e9 mo\u017enosti vytv\u00e1\u0159en\u00ed tvar\u016f a\u00a0manipulace v\u00a0Solid Edge v\u00e1m umo\u017e\u0148uj\u00ed realizovat jedine\u010dn\u00e9 v\u00fdrobky, kter\u00e9 vyniknou na p\u0159epln\u011bn\u00e9m trhu.","robots":{"index":"index","follow":"follow","max-snippet":"max-snippet:-1","max-image-preview":"max-image-preview:large","max-video-preview":"max-video-preview:-1"},"canonical":"https:\/\/solidedge.siemens.com\/cs\/solutions\/products\/3d-design\/industrial-design-software\/","og_locale":"cs_CZ","og_type":"article","og_title":"Software pro pr\u016fmyslov\u00fd n\u00e1vrh l Solid Edge l Siemens","og_description":"Pokro\u010dil\u00e9 mo\u017enosti vytv\u00e1\u0159en\u00ed tvar\u016f a\u00a0manipulace v\u00a0Solid Edge v\u00e1m umo\u017e\u0148uj\u00ed realizovat jedine\u010dn\u00e9 v\u00fdrobky, kter\u00e9 vyniknou na p\u0159epln\u011bn\u00e9m trhu.","og_url":"https:\/\/solidedge.siemens.com\/cs\/solutions\/products\/3d-design\/industrial-design-software\/","og_site_name":"Solid Edge","article_publisher":"https:\/\/www.facebook.com\/solidedge","article_modified_time":"2022-12-02T21:04:42+00:00","twitter_card":"summary_large_image","twitter_site":"@siemensplm","twitter_misc":{"Odhadovan\u00e1 doba \u010dten\u00ed":"2 minuty"},"schema":{"@context":"https:\/\/schema.org","@graph":[{"@type":"Organization","@id":"https:\/\/solidedge.siemens.com\/en\/#organization","name":"Siemens Digital Industries Software","url":"https:\/\/solidedge.siemens.com\/en\/","sameAs":["https:\/\/www.facebook.com\/solidedge","https:\/\/www.instagram.com\/siemens\/","https:\/\/www.linkedin.com\/company\/siemens-plm-software","https:\/\/www.youtube.com\/user\/PolarionSoftware","https:\/\/twitter.com\/siemensplm"],"logo":{"@type":"ImageObject","@id":"https:\/\/solidedge.siemens.com\/en\/#logo","inLanguage":"cs","url":"https:\/\/solidedge.siemens.com\/wp-content\/uploads\/2018\/04\/logo-siemens-ifl@2x.png","contentUrl":"https:\/\/solidedge.siemens.com\/wp-content\/uploads\/2018\/04\/logo-siemens-ifl@2x.png","width":640,"height":270,"caption":"Siemens Digital Industries Software"},"image":{"@id":"https:\/\/solidedge.siemens.com\/en\/#logo"}},{"@type":"WebSite","@id":"https:\/\/solidedge.siemens.com\/en\/#website","url":"https:\/\/solidedge.siemens.com\/en\/","name":"Solid Edge","description":"Siemens Software","publisher":{"@id":"https:\/\/solidedge.siemens.com\/en\/#organization"},"potentialAction":[{"@type":"SearchAction","target":{"@type":"EntryPoint","urlTemplate":"https:\/\/solidedge.siemens.com\/en\/?s={search_term_string}"},"query-input":"required name=search_term_string"}],"inLanguage":"cs"},{"@type":"WebPage","@id":"https:\/\/solidedge.siemens.com\/cs\/solutions\/products\/3d-design\/industrial-design-software\/#webpage","url":"https:\/\/solidedge.siemens.com\/cs\/solutions\/products\/3d-design\/industrial-design-software\/","name":"Software pro pr\u016fmyslov\u00fd n\u00e1vrh l Solid Edge l Siemens","isPartOf":{"@id":"https:\/\/solidedge.siemens.com\/en\/#website"},"datePublished":"2021-11-02T16:44:02+00:00","dateModified":"2022-12-02T21:04:42+00:00","description":"Pokro\u010dil\u00e9 mo\u017enosti vytv\u00e1\u0159en\u00ed tvar\u016f a\u00a0manipulace v\u00a0Solid Edge v\u00e1m umo\u017e\u0148uj\u00ed realizovat jedine\u010dn\u00e9 v\u00fdrobky, kter\u00e9 vyniknou na p\u0159epln\u011bn\u00e9m trhu.","breadcrumb":{"@id":"https:\/\/solidedge.siemens.com\/cs\/solutions\/products\/3d-design\/industrial-design-software\/#breadcrumb"},"inLanguage":"cs","potentialAction":[{"@type":"ReadAction","target":["https:\/\/solidedge.siemens.com\/cs\/solutions\/products\/3d-design\/industrial-design-software\/"]}]},{"@type":"BreadcrumbList","@id":"https:\/\/solidedge.siemens.com\/cs\/solutions\/products\/3d-design\/industrial-design-software\/#breadcrumb","itemListElement":[{"@type":"ListItem","position":1,"name":"Home","item":"https:\/\/solidedge.siemens.com\/en\/home-5\/"},{"@type":"ListItem","position":2,"name":"\u0158e&scaron;en&iacute;","item":"https:\/\/solidedge.siemens.com\/cs\/solutions\/"},{"@type":"ListItem","position":3,"name":"Produkty","item":"https:\/\/solidedge.siemens.com\/cs\/solutions\/products\/"},{"@type":"ListItem","position":4,"name":"3D n&aacute;vrh","item":"https:\/\/solidedge.siemens.com\/cs\/solutions\/products\/3d-design\/"},{"@type":"ListItem","position":5,"name":"Pr\u016fmyslov&yacute; n&aacute;vrh a&nbsp;design"}]}]}},"_links":{"self":[{"href":"https:\/\/solidedge.siemens.com\/cs\/wp-json\/wp\/v2\/pages\/49960"}],"collection":[{"href":"https:\/\/solidedge.siemens.com\/cs\/wp-json\/wp\/v2\/pages"}],"about":[{"href":"https:\/\/solidedge.siemens.com\/cs\/wp-json\/wp\/v2\/types\/page"}],"author":[{"embeddable":true,"href":"https:\/\/solidedge.siemens.com\/cs\/wp-json\/wp\/v2\/users\/44"}],"replies":[{"embeddable":true,"href":"https:\/\/solidedge.siemens.com\/cs\/wp-json\/wp\/v2\/comments?post=49960"}],"version-history":[{"count":11,"href":"https:\/\/solidedge.siemens.com\/cs\/wp-json\/wp\/v2\/pages\/49960\/revisions"}],"predecessor-version":[{"id":65878,"href":"https:\/\/solidedge.siemens.com\/cs\/wp-json\/wp\/v2\/pages\/49960\/revisions\/65878"}],"up":[{"embeddable":true,"href":"https:\/\/solidedge.siemens.com\/cs\/wp-json\/wp\/v2\/pages\/2610"}],"wp:attachment":[{"href":"https:\/\/solidedge.siemens.com\/cs\/wp-json\/wp\/v2\/media?parent=49960"}],"curies":[{"name":"wp","href":"https:\/\/api.w.org\/{rel}","templated":true}]}}