{"id":49847,"date":"2021-11-02T10:53:28","date_gmt":"2021-11-02T14:53:28","guid":{"rendered":"https:\/\/solidedge.siemens.com\/?page_id=49847"},"modified":"2021-11-02T10:53:41","modified_gmt":"2021-11-02T14:53:41","slug":"design-configurator","status":"publish","type":"page","link":"https:\/\/solidedge.siemens.com\/cs\/solutions\/products\/3d-design\/design-configurator\/","title":{"rendered":"Konfigur&aacute;tor n&aacute;vrhu"},"content":{"rendered":"<p>[vc_row full_width=&#8220;stretch_row&#8220; full_height=&#8220;yes&#8220; content_placement=&#8220;middle&#8220; css=&#8220;.vc_custom_1632241308287{background: #a6a6a6 url(https:\/\/solidedge.siemens.com\/wp-content\/uploads\/2021\/09\/design-configurator-hero-scaled.jpg?id=49888) !important;background-position: center !important;background-repeat: no-repeat !important;background-size: cover !important;}&#8220; el_class=&#8220;vc-row-hero-banner&#8220;][vc_column][vc_column_text el_class=&#8220;.vc-el-callout&#8220;]<\/p>\n<h1>Konfigur&aacute;tor n&aacute;vrhu v&nbsp;Solid Edge<\/h1>\n<p>Konfigur&aacute;tor n&aacute;vrhu v&nbsp;Solid Edge\u00ae nab&iacute;z&iacute; v&yacute;konn&eacute; mo\u017enosti automatizace n&aacute;vrhu v&nbsp;prost\u0159ed&iacute; Solid Edge. Tato aplikace pro automatizaci n&aacute;vrhu p\u0159in&aacute;&scaron;&iacute; do u\u017eivatelsky zn&aacute;m&eacute;ho prost\u0159ed&iacute; stroj&iacute;rensk&eacute;ho n&aacute;vrhu Solid Edge automatizaci zalo\u017eenou na pravidlech. Je zcela integrov&aacute;na v&nbsp;softwaru Solid Edge a&nbsp;umo\u017e\u0148uje rychl&eacute; p\u0159izp\u016fsoben&iacute; v&yacute;robk\u016f na z&aacute;klad\u011b parametr\u016f a&nbsp;pravidel n&aacute;vrhu, \u010d&iacute;m\u017e zvy&scaron;uje produktivitu a&nbsp;rychlost navrhov&aacute;n&iacute;.<\/p>\n<p><a class=\"action-button\" href=\"\/en\/try-now\/\"><i class=\"icon-ext\"><\/i>Vyzkou&scaron;et Solid Edge zdarma<\/a>[\/vc_column_text][\/vc_column][\/vc_row][vc_row][vc_column][vc_column_text el_class=&#8220;vc-el-lead-in&#8220;]Funkce<\/p>\n<h2>Vytv&aacute;\u0159ejte zak&aacute;zkov&eacute; n&aacute;vrhy pomoc&iacute; n\u011bkolika kliknut&iacute;<\/h2>\n<p>[\/vc_column_text][vc_row_inner el_class=&#8220;vc-row-image-teasers&#8220;][vc_column_inner width=&#8220;1\/3&#8243;][vc_column_text]<\/p>\n<h3>Zvy&scaron;te produktivitu a&nbsp;rychlost navrhov&aacute;n&iacute;<\/h3>\n<p>Zachy\u0165te technick&aacute; pravidla a&nbsp;parametry, kter&eacute; \u0159&iacute;d&iacute; n&aacute;vrh v&yacute;robku, a&nbsp;zautomatizujte proces zak&aacute;zkov&eacute;ho in\u017een&yacute;rstv&iacute;. Z&iacute;sk&aacute;v&aacute;te tak v\u011bt&scaron;&iacute; prostor na inovace v&yacute;robk\u016f. Konfigura\u010dn&iacute; pravidla jsou definov&aacute;na v&nbsp;syst&eacute;mu Solid Edge pomoc&iacute; podrobn&eacute;ho, \u0159&iacute;zen&eacute;ho postupu, kter&yacute; nevy\u017eaduje znalosti programov&aacute;n&iacute;.[\/vc_column_text][\/vc_column_inner][vc_column_inner width=&#8220;1\/3&#8243;][vc_column_text]<\/p>\n<h3>Rychle vytv&aacute;\u0159ejte n&aacute;vrhy podle specifikac&iacute; z&aacute;kazn&iacute;ka<\/h3>\n<p>Rychle navrhujte v&yacute;robky podle specifikac&iacute; z&aacute;kazn&iacute;ka a&nbsp;z&aacute;rove\u0148 eliminujte n&aacute;kladn&eacute; chyby, kter&eacute; jsou vlastn&iacute; ru\u010dn&iacute;m &uacute;prav&aacute;m. Vytv&aacute;\u0159ejte nov&eacute; n&aacute;vrhy, ani\u017e byste museli opustit n&aacute;vrhov&eacute; prost\u0159ed&iacute; Solid Edge, pomoc&iacute; grafick&eacute;ho u\u017eivatelsk&eacute;ho rozhran&iacute;. Pravidla zaji&scaron;\u0165uj&iacute; platn&yacute; v&yacute;b\u011br v&yacute;robk\u016f.[\/vc_column_text][\/vc_column_inner][vc_column_inner width=&#8220;1\/3&#8243;][vc_column_text]<\/p>\n<h3>Automatizujte proces obchodn&iacute;ho in\u017een&yacute;rstv&iacute;<\/h3>\n<p>Zautomatizujte kl&iacute;\u010dov&eacute; \u010d&aacute;sti procesu obchodn&iacute;ho in\u017een&yacute;rstv&iacute; a&nbsp;poskytn\u011bte souvisej&iacute;c&iacute; v&yacute;stupy, jako je n&aacute;kladov&yacute; kusovn&iacute;k, p\u016fsobiv&eacute; 3D vizualizace a&nbsp;prodejn&iacute; v&yacute;kresy. Zkra\u0165te celkovou dobu pot\u0159ebnou k&nbsp;realizaci objedn&aacute;vky a&nbsp;sni\u017ete projektov&eacute; n&aacute;klady automatizov&aacute;n&iacute;m opakuj&iacute;c&iacute;ch se n&aacute;vrhov&yacute;ch &uacute;kol\u016f zapojen&yacute;ch do procesu zak&aacute;zkov&eacute;ho in\u017een&yacute;rstv&iacute;.[\/vc_column_text][\/vc_column_inner][\/vc_row_inner][vc_column_text]<\/p>\n<p style=\"text-align: right;\"><a class=\"action-button transparent\" href=\"https:\/\/solidedge.siemens.com\/wp-content\/uploads\/2021\/09\/Siemens-SW-Solid-Edge-Design-Configurator-FS-84080-D3.pdf\"><i class=\"icon-ext\"><\/i>St&aacute;hn\u011bte si informa\u010dn&iacute; let&aacute;k ke konfigur&aacute;toru n&aacute;vrhu v&nbsp;Solid Edge<\/a><\/p>\n<p>[\/vc_column_text][\/vc_column][\/vc_row][vc_row full_width=&#8220;stretch_row&#8220; el_class=&#8220;vc-row-free-software&#8220; css=&#8220;.vc_custom_1542723573593{background-color: #006486 !important;}&#8220;][vc_column][vc_column_text el_class=&#8220;vc-el-lead-in&#8220;]Nab&iacute;dky<\/p>\n<h2>Bezplatn&yacute; software pro 3D n&aacute;vrh<\/h2>\n<p>[\/vc_column_text][vc_row_inner equal_height=&#8220;yes&#8220;][vc_column_inner width=&#8220;1\/2&#8243; offset=&#8220;vc_col-md-5&#8243;]<div class=\"wpb_content_block wpb_content_element\"><div class=\"wpb_wrapper\"><div class=\"content_block\" id=\"custom_post_widget-419\"><p>[vc_row][vc_column][vc_column_text]<\/p>\n<h3>Bezplatn\u00fd software pro v\u00e1\u0161 startup<\/h3>\n<p>Pokud pr\u00e1v\u011b spou\u0161t\u00edte v\u00e1\u0161 startup a podnik\u00e1te m\u00e9n\u011b ne\u017e t\u0159i roky, m\u016f\u017eete z\u00edskat bezplatnou verzi Solid Edge. A to bez poplatku![\/vc_column_text][vc_column_text]<a class=\"action-button\" href=\"https:\/\/www.plm.automation.siemens.com\/global\/en\/topic\/solid-edge-for-startups\/8335\"><i class=\"icon-ext\"><\/i>Za\u017e\u00e1dat nyn\u00ed<\/a>[\/vc_column_text][\/vc_column][\/vc_row]<\/p>\n<\/div><\/div><\/div>[\/vc_column_inner][vc_column_inner width=&#8220;1\/2&#8243; offset=&#8220;vc_col-md-offset-2 vc_col-md-5&#8243;]<div class=\"wpb_content_block wpb_content_element\"><div class=\"wpb_wrapper\"><div class=\"content_block\" id=\"custom_post_widget-420\"><p>[vc_row][vc_column][vc_column_text]<\/p>\n<h3>St\u00e1hn\u011bte si bezplatnou verzi Solid Edge pro studenty<\/h3>\n<p>Nau\u010dte se navrhovat je\u0161t\u011b dnes v bezplatn\u00e9 verzi Solid Edge Student Edition.<br \/>\n[\/vc_column_text][vc_column_text]<a class=\"action-button\" href=\"https:\/\/www.plm.automation.siemens.com\/plmapp\/education\/solid-edge\/cs_cz\/free-software\/student\"><i class=\"icon-ext\"><\/i>St\u00e1hnout nyn\u00ed<\/a>[\/vc_column_text][\/vc_column][\/vc_row]<\/p>\n<\/div><\/div><\/div>[\/vc_column_inner][\/vc_row_inner][\/vc_column][\/vc_row][vc_row full_width=&#8220;stretch_row&#8220; el_class=&#8220;vc-row-video-highlight&#8220; css=&#8220;.vc_custom_1632140521520{margin-top: 0px !important;border-top-width: 0px !important;padding-top: 0px !important;}&#8220;][vc_column][vc_column_text el_class=&#8220;vc-el-lead-in&#8220;]Video<\/p>\n<h2>Pod&iacute;vejte se na \u0159e&scaron;en&iacute; v&nbsp;akci<\/h2>\n<p>Pou\u017eijte automatizaci zalo\u017eenou na pravidlech ke generov&aacute;n&iacute; nov&yacute;ch n&aacute;vrh\u016f na z&aacute;klad\u011b parametr\u016f a&nbsp;pravidel.[\/vc_column_text]\n\n\n  <div id=\"wpv-view-layout-567-CATTRe11cd0fe88f5bfc44cd7b58613accd66\" class=\"js-wpv-view-layout js-wpv-layout-responsive js-wpv-view-layout-567-CATTRe11cd0fe88f5bfc44cd7b58613accd66\" data-viewnumber=\"567-CATTRe11cd0fe88f5bfc44cd7b58613accd66\" data-pagination=\"{&quot;id&quot;:567,&quot;query&quot;:&quot;normal&quot;,&quot;type&quot;:&quot;disabled&quot;,&quot;effect&quot;:&quot;fade&quot;,&quot;duration&quot;:500,&quot;speed&quot;:5,&quot;pause_on_hover&quot;:&quot;disabled&quot;,&quot;stop_rollover&quot;:&quot;false&quot;,&quot;cache_pages&quot;:&quot;enabled&quot;,&quot;preload_images&quot;:&quot;enabled&quot;,&quot;preload_pages&quot;:&quot;enabled&quot;,&quot;preload_reach&quot;:1,&quot;spinner&quot;:&quot;builtin&quot;,&quot;spinner_image&quot;:&quot;https:\/\/solidedge.siemens.com\/wp-content\/plugins\/wp-views\/embedded\/res\/img\/ajax-loader.gif&quot;,&quot;callback_next&quot;:&quot;&quot;,&quot;manage_history&quot;:&quot;disabled&quot;,&quot;has_controls_in_form&quot;:&quot;disabled&quot;,&quot;infinite_tolerance&quot;:&quot;0&quot;,&quot;max_pages&quot;:0,&quot;page&quot;:1,&quot;base_permalink&quot;:&quot;\/cs\/wp-json\/wp\/v2\/pages\/49847?wpv_view_count=567-CATTRe11cd0fe88f5bfc44cd7b58613accd66&amp;wpv_paged=WPV_PAGE_NUM&quot;,&quot;loop&quot;:{&quot;type&quot;:&quot;&quot;,&quot;name&quot;:&quot;&quot;,&quot;data&quot;:[],&quot;id&quot;:0}}\" data-permalink=\"\/cs\/wp-json\/wp\/v2\/pages\/49847?wpv_view_count=567-CATTRe11cd0fe88f5bfc44cd7b58613accd66\">\n\n  \n  <div class=\"wpv-resources\"><a name=\"video\" class=\"video-anchor\"><\/a>\n    <div id=\"ult-carousel-125454523169fbd21c6799a\" class=\"ult-carousel-wrapper  vc-el-carousel-videos-embedded ult_horizontal\" data-gutter=\"0\" data-rtl=\"false\" ><div class=\"ult-carousel-201875393869fbd21c67977 \" >\n    \n    \n       <div><!-- slide container -->\n        <div class=\"wpv-resources-item\" data-mh=\".wpv-resources-item\">\n          <div class=\"resources-item-poster\">\n              <div id=\"wpfp_8e65606b9277bdf57727e55423e96ace\" data-item=\"{&quot;sources&quot;:&#091;{&quot;src&quot;:&quot;https:\\\/\\\/videos.mentor-cdn.com\\\/mgc\\\/videos\\\/5400\\\/40048069-6e07-400d-8643-82f73b84c4b6-en-US-video.mp4&quot;,&quot;type&quot;:&quot;video\\\/mp4&quot;}&#093;}\" class=\"flowplayer no-brand is-splash no-svg is-paused skin-slim fp-slim fp-edgy\" data-embed=\"false\" style=\"max-width: 1140px; max-height: 640px; background-image: url(https:\/\/solidedge.siemens.com\/wp-content\/uploads\/2021\/09\/40048069-6e07-400d-8643-82f73b84c4b6-en-US-thumbnail.png);\" data-ratio=\"0.5614\" data-advance=\"false\">\n\t<div class=\"fp-ratio\" style=\"padding-top: 56.14%\"><\/div>\n\t<div class=\"fp-ui\"><div class=\"fp-play fp-visible\"><a class=\"fp-icon fp-playbtn\"><\/a><\/div><\/div>\n\n<\/div>\n\n              \n          <\/div>\n        <\/div>\n      <\/div>\n    \n    \n    <\/div><\/div>\t\t\t<script type=\"text\/javascript\">\r\n\t\t\t\tjQuery(document).ready(function ($) {\r\n\t\t\t\t\tif( typeof jQuery('.ult-carousel-201875393869fbd21c67977').slick == \"function\"){\r\n\t\t\t\t\t\t$('.ult-carousel-201875393869fbd21c67977').slick({dots: true,autoplaySpeed: 5000,speed: 500,infinite: false,arrows: true,nextArrow: '<button type=\"button\" role=\"button\" aria-label=\"Next\" style=\"color:#ffffff; font-size:30px;background:rgba(47,56,60,0.5);\" class=\"slick-next square-bg\"><i class=\"ultsl-arrow-right6\"><\/i><\/button>',prevArrow: '<button type=\"button\" role=\"button\" aria-label=\"Previous\" style=\"color:#ffffff; font-size:30px;background:rgba(47,56,60,0.5);\" class=\"slick-prev square-bg\"><i class=\"ultsl-arrow-left6\"><\/i><\/button>',slidesToScroll:1,slidesToShow:1,swipe: true,draggable: true,touchMove: true,pauseOnHover: true,pauseOnFocus: false,responsive: [\r\n\t\t\t\t\t\t\t{\r\n\t\t\t\t\t\t\t  breakpoint: 1026,\r\n\t\t\t\t\t\t\t  settings: {\r\n\t\t\t\t\t\t\t\tslidesToShow: 1,\r\n\t\t\t\t\t\t\t\tslidesToScroll: 1,  \r\n\t\t\t\t\t\t\t  }\r\n\t\t\t\t\t\t\t},\r\n\t\t\t\t\t\t\t{\r\n\t\t\t\t\t\t\t  breakpoint: 1025,\r\n\t\t\t\t\t\t\t  settings: {\r\n\t\t\t\t\t\t\t\tslidesToShow: 1,\r\n\t\t\t\t\t\t\t\tslidesToScroll: 1\r\n\t\t\t\t\t\t\t  }\r\n\t\t\t\t\t\t\t},\r\n\t\t\t\t\t\t\t{\r\n\t\t\t\t\t\t\t  breakpoint: 760,\r\n\t\t\t\t\t\t\t  settings: {\r\n\t\t\t\t\t\t\t\tslidesToShow: 1,\r\n\t\t\t\t\t\t\t\tslidesToScroll: 1\r\n\t\t\t\t\t\t\t  }\r\n\t\t\t\t\t\t\t}\r\n\t\t\t\t\t\t],pauseOnDotsHover: true,customPaging: function(slider, i) {\r\n                   return '<i type=\"button\" style= \"color:#788891;\" class=\"ultsl-record\" data-role=\"none\"><\/i>';\r\n                },});\r\n\t\t\t\t\t}\r\n\t\t\t\t});\r\n\t\t\t<\/script>\r\n\t\t\t\n  <\/div>\n  \n  \n  <\/div>\n[\/vc_column][\/vc_row][vc_row full_width=&#8220;stretch_row&#8220; el_class=&#8220;vc-row-related-content&#8220; css=&#8220;.vc_custom_1524184785822{background-color: #347eb5 !important;}&#8220;][vc_column][vc_column_text]<\/p>\n<h2>Souvisej&iacute;c&iacute; obsah<\/h2>\n<p>[\/vc_column_text]<div id=\"ult-carousel-213720584269fbd21c685ea\" class=\"ult-carousel-wrapper  vc-el-carousel-related-content ult_horizontal\" data-gutter=\"0\" data-rtl=\"false\" ><div class=\"ult-carousel-197247107469fbd21c685c7 \" >[vc_column_text]<a href=\"https:\/\/solidedge.siemens.com\/wp-content\/uploads\/2021\/09\/Siemens-SW-Solid-Edge-Design-Configurator-FS-84080-D3.pdf\">Informa\u010dn&iacute; let&aacute;k ke konfigur&aacute;toru n&aacute;vrhu v&nbsp;Solid Edge<\/a>[\/vc_column_text][vc_column_text]<a href=\"https:\/\/solidedge.siemens.com\/cs\/solutions\/products\/complete-product-development-portfolio\/solid-edge-2022\/\">Co je nov&eacute;ho v&nbsp;Solid Edge<\/a>[\/vc_column_text][vc_column_text]<a href=\"https:\/\/community.sw.siemens.com\/s\/topic\/0TO4O000000MihiWAC\/solid-edge\">Komunita Solid Edge<\/a>[\/vc_column_text][vc_column_text]<a href=\"https:\/\/solidedge.siemens.com\/cs\/resources\/tutorials\/\">Cvi\u010den&iacute; Solid Edge<\/a>[\/vc_column_text]<\/div><\/div>\t\t\t<script type=\"text\/javascript\">\r\n\t\t\t\tjQuery(document).ready(function ($) {\r\n\t\t\t\t\tif( typeof jQuery('.ult-carousel-197247107469fbd21c685c7').slick == \"function\"){\r\n\t\t\t\t\t\t$('.ult-carousel-197247107469fbd21c685c7').slick({dots: true,autoplaySpeed: 5000,speed: 500,infinite: false,arrows: true,nextArrow: '<button type=\"button\" role=\"button\" aria-label=\"Next\" style=\"color:#ffffff; font-size:30px;background:rgba(255,255,255,0.2);\" class=\"slick-next square-bg\"><i class=\"ultsl-arrow-right6\"><\/i><\/button>',prevArrow: '<button type=\"button\" role=\"button\" aria-label=\"Previous\" style=\"color:#ffffff; font-size:30px;background:rgba(255,255,255,0.2);\" class=\"slick-prev square-bg\"><i class=\"ultsl-arrow-left6\"><\/i><\/button>',slidesToScroll:4,slidesToShow:4,swipe: true,draggable: true,touchMove: true,pauseOnHover: true,pauseOnFocus: false,responsive: [\r\n\t\t\t\t\t\t\t{\r\n\t\t\t\t\t\t\t  breakpoint: 1026,\r\n\t\t\t\t\t\t\t  settings: {\r\n\t\t\t\t\t\t\t\tslidesToShow: 4,\r\n\t\t\t\t\t\t\t\tslidesToScroll: 4,  \r\n\t\t\t\t\t\t\t  }\r\n\t\t\t\t\t\t\t},\r\n\t\t\t\t\t\t\t{\r\n\t\t\t\t\t\t\t  breakpoint: 1025,\r\n\t\t\t\t\t\t\t  settings: {\r\n\t\t\t\t\t\t\t\tslidesToShow: 2,\r\n\t\t\t\t\t\t\t\tslidesToScroll: 2\r\n\t\t\t\t\t\t\t  }\r\n\t\t\t\t\t\t\t},\r\n\t\t\t\t\t\t\t{\r\n\t\t\t\t\t\t\t  breakpoint: 760,\r\n\t\t\t\t\t\t\t  settings: {\r\n\t\t\t\t\t\t\t\tslidesToShow: 1,\r\n\t\t\t\t\t\t\t\tslidesToScroll: 1\r\n\t\t\t\t\t\t\t  }\r\n\t\t\t\t\t\t\t}\r\n\t\t\t\t\t\t],pauseOnDotsHover: true,customPaging: function(slider, i) {\r\n                   return '<i type=\"button\" style= \"color:#ffffff;\" class=\"ultsl-record\" data-role=\"none\"><\/i>';\r\n                },});\r\n\t\t\t\t\t}\r\n\t\t\t\t});\r\n\t\t\t<\/script>\r\n\t\t\t[\/vc_column][\/vc_row]<\/p>\n","protected":false},"excerpt":{"rendered":"<p> Konfigur&aacute;tor n&aacute;vrhu v&nbsp;Solid Edge Konfigur&aacute;tor n&aacute;vrhu v&nbsp;Solid Edge\u00ae nab&iacute;z&iacute; v&yacute;konn&eacute; mo\u017enosti automatizace n&aacute;vrhu v&nbsp;prost\u0159ed&iacute; Solid Edge. Tato aplikace pro automatizaci n&aacute;vrhu p\u0159in&aacute;&scaron;&iacute; do u\u017eivatelsky zn&aacute;m&eacute;ho prost\u0159ed&iacute; stroj&iacute;rensk&eacute;ho n&aacute;vrhu Solid Edge automatizaci zalo\u017eenou na pravidlech. Je zcela integrov&aacute;na v&nbsp;softwaru Solid [&hellip;]<\/p>\n","protected":false},"author":44,"featured_media":0,"parent":2610,"menu_order":5,"comment_status":"closed","ping_status":"closed","template":"","meta":{"inline_featured_image":false},"yoast_head":"<!-- This site is optimized with the Yoast SEO plugin v18.4.1 - https:\/\/yoast.com\/wordpress\/plugins\/seo\/ -->\n<title>Konfigur\u00e1tor n\u00e1vrhu v\u00a0Solid Edge<\/title>\n<meta name=\"description\" content=\"Konfigur\u00e1tor n\u00e1vrhu v\u00a0Solid Edge\u00ae nab\u00edz\u00ed automatizaci stroj\u00edrensk\u00e9ho n\u00e1vrhu Solid Edge zalo\u017eenou na pravidlech a\u00a0zvy\u0161uje va\u0161i produktivitu a\u00a0rychlost navrhov\u00e1n\u00ed.\" \/>\n<meta name=\"robots\" content=\"index, follow, max-snippet:-1, max-image-preview:large, max-video-preview:-1\" \/>\n<link rel=\"canonical\" href=\"https:\/\/solidedge.siemens.com\/cs\/solutions\/products\/3d-design\/design-configurator\/\" \/>\n<meta property=\"og:locale\" content=\"cs_CZ\" \/>\n<meta property=\"og:type\" content=\"article\" \/>\n<meta property=\"og:title\" content=\"Konfigur\u00e1tor n\u00e1vrhu v\u00a0Solid Edge\" \/>\n<meta property=\"og:description\" content=\"Konfigur\u00e1tor n\u00e1vrhu v\u00a0Solid Edge\u00ae nab\u00edz\u00ed automatizaci stroj\u00edrensk\u00e9ho n\u00e1vrhu Solid Edge zalo\u017eenou na pravidlech a\u00a0zvy\u0161uje va\u0161i produktivitu a\u00a0rychlost navrhov\u00e1n\u00ed.\" \/>\n<meta property=\"og:url\" content=\"https:\/\/solidedge.siemens.com\/cs\/solutions\/products\/3d-design\/design-configurator\/\" \/>\n<meta property=\"og:site_name\" content=\"Solid Edge\" \/>\n<meta property=\"article:publisher\" content=\"https:\/\/www.facebook.com\/solidedge\" \/>\n<meta property=\"article:modified_time\" content=\"2021-11-02T14:53:41+00:00\" \/>\n<meta name=\"twitter:card\" content=\"summary_large_image\" \/>\n<meta name=\"twitter:site\" content=\"@siemensplm\" \/>\n<meta name=\"twitter:label1\" content=\"Odhadovan\u00e1 doba \u010dten\u00ed\" \/>\n\t<meta name=\"twitter:data1\" content=\"4 minuty\" \/>\n<script type=\"application\/ld+json\" class=\"yoast-schema-graph\">{\"@context\":\"https:\/\/schema.org\",\"@graph\":[{\"@type\":\"Organization\",\"@id\":\"https:\/\/solidedge.siemens.com\/en\/#organization\",\"name\":\"Siemens Digital Industries Software\",\"url\":\"https:\/\/solidedge.siemens.com\/en\/\",\"sameAs\":[\"https:\/\/www.facebook.com\/solidedge\",\"https:\/\/www.instagram.com\/siemens\/\",\"https:\/\/www.linkedin.com\/company\/siemens-plm-software\",\"https:\/\/www.youtube.com\/user\/PolarionSoftware\",\"https:\/\/twitter.com\/siemensplm\"],\"logo\":{\"@type\":\"ImageObject\",\"@id\":\"https:\/\/solidedge.siemens.com\/en\/#logo\",\"inLanguage\":\"cs\",\"url\":\"https:\/\/solidedge.siemens.com\/wp-content\/uploads\/2018\/04\/logo-siemens-ifl@2x.png\",\"contentUrl\":\"https:\/\/solidedge.siemens.com\/wp-content\/uploads\/2018\/04\/logo-siemens-ifl@2x.png\",\"width\":640,\"height\":270,\"caption\":\"Siemens Digital Industries Software\"},\"image\":{\"@id\":\"https:\/\/solidedge.siemens.com\/en\/#logo\"}},{\"@type\":\"WebSite\",\"@id\":\"https:\/\/solidedge.siemens.com\/en\/#website\",\"url\":\"https:\/\/solidedge.siemens.com\/en\/\",\"name\":\"Solid Edge\",\"description\":\"Siemens Software\",\"publisher\":{\"@id\":\"https:\/\/solidedge.siemens.com\/en\/#organization\"},\"potentialAction\":[{\"@type\":\"SearchAction\",\"target\":{\"@type\":\"EntryPoint\",\"urlTemplate\":\"https:\/\/solidedge.siemens.com\/en\/?s={search_term_string}\"},\"query-input\":\"required name=search_term_string\"}],\"inLanguage\":\"cs\"},{\"@type\":\"WebPage\",\"@id\":\"https:\/\/solidedge.siemens.com\/cs\/solutions\/products\/3d-design\/design-configurator\/#webpage\",\"url\":\"https:\/\/solidedge.siemens.com\/cs\/solutions\/products\/3d-design\/design-configurator\/\",\"name\":\"Konfigur\u00e1tor n\u00e1vrhu v\u00a0Solid Edge\",\"isPartOf\":{\"@id\":\"https:\/\/solidedge.siemens.com\/en\/#website\"},\"datePublished\":\"2021-11-02T14:53:28+00:00\",\"dateModified\":\"2021-11-02T14:53:41+00:00\",\"description\":\"Konfigur\u00e1tor n\u00e1vrhu v\u00a0Solid Edge\u00ae nab\u00edz\u00ed automatizaci stroj\u00edrensk\u00e9ho n\u00e1vrhu Solid Edge zalo\u017eenou na pravidlech a\u00a0zvy\u0161uje va\u0161i produktivitu a\u00a0rychlost navrhov\u00e1n\u00ed.\",\"breadcrumb\":{\"@id\":\"https:\/\/solidedge.siemens.com\/cs\/solutions\/products\/3d-design\/design-configurator\/#breadcrumb\"},\"inLanguage\":\"cs\",\"potentialAction\":[{\"@type\":\"ReadAction\",\"target\":[\"https:\/\/solidedge.siemens.com\/cs\/solutions\/products\/3d-design\/design-configurator\/\"]}]},{\"@type\":\"BreadcrumbList\",\"@id\":\"https:\/\/solidedge.siemens.com\/cs\/solutions\/products\/3d-design\/design-configurator\/#breadcrumb\",\"itemListElement\":[{\"@type\":\"ListItem\",\"position\":1,\"name\":\"Home\",\"item\":\"https:\/\/solidedge.siemens.com\/en\/home-5\/\"},{\"@type\":\"ListItem\",\"position\":2,\"name\":\"\u0158e&scaron;en&iacute;\",\"item\":\"https:\/\/solidedge.siemens.com\/cs\/solutions\/\"},{\"@type\":\"ListItem\",\"position\":3,\"name\":\"Produkty\",\"item\":\"https:\/\/solidedge.siemens.com\/cs\/solutions\/products\/\"},{\"@type\":\"ListItem\",\"position\":4,\"name\":\"3D n&aacute;vrh\",\"item\":\"https:\/\/solidedge.siemens.com\/cs\/solutions\/products\/3d-design\/\"},{\"@type\":\"ListItem\",\"position\":5,\"name\":\"Konfigur&aacute;tor n&aacute;vrhu\"}]}]}<\/script>\n<!-- \/ Yoast SEO plugin. -->","yoast_head_json":{"title":"Konfigur\u00e1tor n\u00e1vrhu v\u00a0Solid Edge","description":"Konfigur\u00e1tor n\u00e1vrhu v\u00a0Solid Edge\u00ae nab\u00edz\u00ed automatizaci stroj\u00edrensk\u00e9ho n\u00e1vrhu Solid Edge zalo\u017eenou na pravidlech a\u00a0zvy\u0161uje va\u0161i produktivitu a\u00a0rychlost navrhov\u00e1n\u00ed.","robots":{"index":"index","follow":"follow","max-snippet":"max-snippet:-1","max-image-preview":"max-image-preview:large","max-video-preview":"max-video-preview:-1"},"canonical":"https:\/\/solidedge.siemens.com\/cs\/solutions\/products\/3d-design\/design-configurator\/","og_locale":"cs_CZ","og_type":"article","og_title":"Konfigur\u00e1tor n\u00e1vrhu v\u00a0Solid Edge","og_description":"Konfigur\u00e1tor n\u00e1vrhu v\u00a0Solid Edge\u00ae nab\u00edz\u00ed automatizaci stroj\u00edrensk\u00e9ho n\u00e1vrhu Solid Edge zalo\u017eenou na pravidlech a\u00a0zvy\u0161uje va\u0161i produktivitu a\u00a0rychlost navrhov\u00e1n\u00ed.","og_url":"https:\/\/solidedge.siemens.com\/cs\/solutions\/products\/3d-design\/design-configurator\/","og_site_name":"Solid Edge","article_publisher":"https:\/\/www.facebook.com\/solidedge","article_modified_time":"2021-11-02T14:53:41+00:00","twitter_card":"summary_large_image","twitter_site":"@siemensplm","twitter_misc":{"Odhadovan\u00e1 doba \u010dten\u00ed":"4 minuty"},"schema":{"@context":"https:\/\/schema.org","@graph":[{"@type":"Organization","@id":"https:\/\/solidedge.siemens.com\/en\/#organization","name":"Siemens Digital Industries Software","url":"https:\/\/solidedge.siemens.com\/en\/","sameAs":["https:\/\/www.facebook.com\/solidedge","https:\/\/www.instagram.com\/siemens\/","https:\/\/www.linkedin.com\/company\/siemens-plm-software","https:\/\/www.youtube.com\/user\/PolarionSoftware","https:\/\/twitter.com\/siemensplm"],"logo":{"@type":"ImageObject","@id":"https:\/\/solidedge.siemens.com\/en\/#logo","inLanguage":"cs","url":"https:\/\/solidedge.siemens.com\/wp-content\/uploads\/2018\/04\/logo-siemens-ifl@2x.png","contentUrl":"https:\/\/solidedge.siemens.com\/wp-content\/uploads\/2018\/04\/logo-siemens-ifl@2x.png","width":640,"height":270,"caption":"Siemens Digital Industries Software"},"image":{"@id":"https:\/\/solidedge.siemens.com\/en\/#logo"}},{"@type":"WebSite","@id":"https:\/\/solidedge.siemens.com\/en\/#website","url":"https:\/\/solidedge.siemens.com\/en\/","name":"Solid Edge","description":"Siemens Software","publisher":{"@id":"https:\/\/solidedge.siemens.com\/en\/#organization"},"potentialAction":[{"@type":"SearchAction","target":{"@type":"EntryPoint","urlTemplate":"https:\/\/solidedge.siemens.com\/en\/?s={search_term_string}"},"query-input":"required name=search_term_string"}],"inLanguage":"cs"},{"@type":"WebPage","@id":"https:\/\/solidedge.siemens.com\/cs\/solutions\/products\/3d-design\/design-configurator\/#webpage","url":"https:\/\/solidedge.siemens.com\/cs\/solutions\/products\/3d-design\/design-configurator\/","name":"Konfigur\u00e1tor n\u00e1vrhu v\u00a0Solid Edge","isPartOf":{"@id":"https:\/\/solidedge.siemens.com\/en\/#website"},"datePublished":"2021-11-02T14:53:28+00:00","dateModified":"2021-11-02T14:53:41+00:00","description":"Konfigur\u00e1tor n\u00e1vrhu v\u00a0Solid Edge\u00ae nab\u00edz\u00ed automatizaci stroj\u00edrensk\u00e9ho n\u00e1vrhu Solid Edge zalo\u017eenou na pravidlech a\u00a0zvy\u0161uje va\u0161i produktivitu a\u00a0rychlost navrhov\u00e1n\u00ed.","breadcrumb":{"@id":"https:\/\/solidedge.siemens.com\/cs\/solutions\/products\/3d-design\/design-configurator\/#breadcrumb"},"inLanguage":"cs","potentialAction":[{"@type":"ReadAction","target":["https:\/\/solidedge.siemens.com\/cs\/solutions\/products\/3d-design\/design-configurator\/"]}]},{"@type":"BreadcrumbList","@id":"https:\/\/solidedge.siemens.com\/cs\/solutions\/products\/3d-design\/design-configurator\/#breadcrumb","itemListElement":[{"@type":"ListItem","position":1,"name":"Home","item":"https:\/\/solidedge.siemens.com\/en\/home-5\/"},{"@type":"ListItem","position":2,"name":"\u0158e&scaron;en&iacute;","item":"https:\/\/solidedge.siemens.com\/cs\/solutions\/"},{"@type":"ListItem","position":3,"name":"Produkty","item":"https:\/\/solidedge.siemens.com\/cs\/solutions\/products\/"},{"@type":"ListItem","position":4,"name":"3D n&aacute;vrh","item":"https:\/\/solidedge.siemens.com\/cs\/solutions\/products\/3d-design\/"},{"@type":"ListItem","position":5,"name":"Konfigur&aacute;tor n&aacute;vrhu"}]}]}},"_links":{"self":[{"href":"https:\/\/solidedge.siemens.com\/cs\/wp-json\/wp\/v2\/pages\/49847"}],"collection":[{"href":"https:\/\/solidedge.siemens.com\/cs\/wp-json\/wp\/v2\/pages"}],"about":[{"href":"https:\/\/solidedge.siemens.com\/cs\/wp-json\/wp\/v2\/types\/page"}],"author":[{"embeddable":true,"href":"https:\/\/solidedge.siemens.com\/cs\/wp-json\/wp\/v2\/users\/44"}],"replies":[{"embeddable":true,"href":"https:\/\/solidedge.siemens.com\/cs\/wp-json\/wp\/v2\/comments?post=49847"}],"version-history":[{"count":9,"href":"https:\/\/solidedge.siemens.com\/cs\/wp-json\/wp\/v2\/pages\/49847\/revisions"}],"predecessor-version":[{"id":53518,"href":"https:\/\/solidedge.siemens.com\/cs\/wp-json\/wp\/v2\/pages\/49847\/revisions\/53518"}],"up":[{"embeddable":true,"href":"https:\/\/solidedge.siemens.com\/cs\/wp-json\/wp\/v2\/pages\/2610"}],"wp:attachment":[{"href":"https:\/\/solidedge.siemens.com\/cs\/wp-json\/wp\/v2\/media?parent=49847"}],"curies":[{"name":"wp","href":"https:\/\/api.w.org\/{rel}","templated":true}]}}