{"id":38447,"date":"2021-05-06T14:25:44","date_gmt":"2021-05-06T18:25:44","guid":{"rendered":"https:\/\/solidedge.siemens.com\/solutions\/products\/3d-design\/blokov-modelovn\/"},"modified":"2022-08-24T13:04:52","modified_gmt":"2022-08-24T17:04:52","slug":"subdivision-modeling","status":"publish","type":"page","link":"https:\/\/solidedge.siemens.com\/cs\/solutions\/products\/3d-design\/industrial-design-software\/subdivision-modeling\/","title":{"rendered":"Blokov&eacute; modelov&aacute;n&iacute;"},"content":{"rendered":"<p>[vc_row full_width=&#8220;stretch_row&#8220; full_height=&#8220;yes&#8220; content_placement=&#8220;middle&#8220; css=&#8220;.vc_custom_1593775245494{background: #a6a6a6 url(https:\/\/solidedge.siemens.com\/wp-content\/uploads\/2020\/07\/FinamacControllerGroundShadows.png?id=25401) !important;background-position: center !important;background-repeat: no-repeat !important;background-size: cover !important;}&#8220; el_class=&#8220;vc-row-hero-banner&#8220;][vc_column][vc_column_text el_class=&#8220;.vc-el-callout&#8220;]<\/p>\n<h1>Blokov\u00e9 modelov\u00e1n\u00ed<\/h1>\n<p>V\u00fdvoj jedine\u010dn\u00fdch v\u00fdrobk\u016f s organick\u00fdmi tvary bez nutnosti odborn\u00fdch znalost\u00ed. Blokov\u00e9 modelov\u00e1n\u00ed v Solid Edge vyu\u017e\u00edv\u00e1 n\u00e1stroje, kter\u00e9 nab\u00edz\u00ed pokro\u010dil\u00e9 funkce pro tvorbu, \u00fapravu a anal\u00fdzy tvar\u016f. D\u00edky t\u011bmto n\u00e1stroj\u016fm mohou i za\u010d\u00e1te\u010dn\u00edci snadno a rychle vytv\u00e1\u0159et vysoce kvalitn\u00ed pokro\u010dil\u00e9 tvary reprezentuj\u00edc\u00ed slo\u017eit\u00e9 geometrie.<\/p>\n<p>[\/vc_column_text][\/vc_column][\/vc_row][vc_row][vc_column][vc_column_text]<\/p>\n<p>Funkce<\/p>\n<h2>Vyv\u00edjejte tvary v\u00fdrobk\u016f za zlomek \u010dasu oproti tradi\u010dn\u00edm n\u00e1stroj\u016fm<\/h2>\n<p>Prost\u0159ed\u00ed pro blokov\u00e9 modelov\u00e1n\u00ed v Solid Edge umo\u017e\u0148uje vytv\u00e1\u0159et t\u011blesa pomoc\u00ed polygonov\u00e9 klece ur\u010duj\u00edc\u00ed jejich tvar. Postupn\u00fdmi \u00fapravami a dal\u0161\u00edm d\u011blen\u00edm t\u00e9to klece m\u016f\u017eete model zp\u0159es\u0148ovat a upravovat, dokud nen\u00ed v\u00fdsledek dle va\u0161ich p\u0159edstav. D\u00edky blokov\u00e9mu modelov\u00e1n\u00ed m\u00e1te nad v\u00fdsledn\u00fdm tvarem daleko v\u011bt\u0161\u00ed kontrolu ne\u017e u pouh\u00fdch polygon\u016f. Umo\u017e\u0148uje vytv\u00e1\u0159et sou\u010dasn\u011b ostr\u00e9 hrany i hladk\u00e9 plochy.<\/p>\n<p>[\/vc_column_text][\/vc_column][\/vc_row][vc_row][vc_column width=&#8220;1\/3&#8243;][vc_single_image image=&#8220;24798&#8243; img_size=&#8220;full&#8220;][vc_column_text]<\/p>\n<h3>N\u00e1stroje pro snadnou pr\u00e1ci<\/h3>\n<p>Technika blokov\u00e9ho modelov\u00e1n\u00ed umo\u017e\u0148uje vytv\u00e1\u0159et slo\u017eit\u00e9 geometrie, kter\u00e9 lze flexibiln\u011b a neomezen\u011b d\u011blit do blok\u016f. Postupn\u00fdmi \u00fapravami a dal\u0161\u00edm d\u011blen\u00edm po\u010d\u00e1te\u010dn\u00edho tvaru je mo\u017en\u00e9 n\u00e1vrh obohacovat o dal\u0161\u00ed detaily.<\/p>\n<p>[\/vc_column_text][\/vc_column][vc_column width=&#8220;1\/3&#8243;][vc_single_image image=&#8220;24811&#8243; img_size=&#8220;full&#8220;][vc_column_text]<\/p>\n<h3>Model bez kompromis\u016f<\/h3>\n<p>Po v\u00fdb\u011bru primitivn\u00edch tvar\u016f lze pomoc\u00ed blokov\u00e9ho modelov\u00e1n\u00ed vytv\u00e1\u0159et t\u011blesa, jejich\u017e tvar je \u0159\u00edzen polygonovou klec\u00ed. Pomoc\u00ed kruhov\u00e9ho ovlada\u010de Solid Edge lze klec upravovat a vytvo\u0159it tak po\u017eadovan\u00fd tvar.<\/p>\n<p>[\/vc_column_text][\/vc_column][vc_column width=&#8220;1\/3&#8243;][vc_single_image image=&#8220;24756&#8243; img_size=&#8220;full&#8220;][vc_column_text]<\/p>\n<h3>Revolu\u010dn\u00ed v\u00fdvoj tvar\u016f<\/h3>\n<p>Blokov\u00e9 modelov\u00e1n\u00ed umo\u017e\u0148uje vyv\u00edjet tvary v\u00fdrobk\u016f za zlomek \u010dasu oproti tradi\u010dn\u00edm n\u00e1stroj\u016fm. V\u00fdsledn\u00e9 tvary maj\u00ed vysokou kvalitu, jsou asociativn\u00ed, lze je upravovat a p\u0159ed\u00e1vat dal\u0161\u00edm CAD u\u017eivatel\u016fm. Data nen\u00ed nutn\u00e9 p\u0159ev\u00e1d\u011bt a\u00a0ve\u0161kerou pr\u00e1ci lze prov\u00e1d\u011bt p\u0159\u00edmo v\u00a0prost\u0159ed\u00ed Solid Edge.<\/p>\n<p>[\/vc_column_text][\/vc_column][\/vc_row][vc_row full_width=&#8220;stretch_row&#8220; el_class=&#8220;vc-row-testimonial-quote&#8220; css=&#8220;.vc_custom_1525135482098{background-color: #13374e !important;}&#8220;][vc_column offset=&#8220;vc_col-lg-offset-1 vc_col-lg-10&#8243;][vc_column_text el_class=&#8220;vc-el-testimonial-quote&#8220;]<\/p>\n<p>Blokov\u00e9 modelov\u00e1n\u00ed bude velmi u\u017eite\u010dn\u00e9 p\u0159i tvorb\u011b jednoduch\u00fdch n\u00e1vrh\u016f. T\u011b\u0161\u00edm se, a\u017e si ho vyzkou\u0161\u00ed na\u0161i konstrukt\u00e9\u0159i.<\/p>\n<p style=\"text-align: right;\"><cite>\u2013 Jason Inglis, senior spr\u00e1vce CAD syst\u00e9m\u016f, Ditch Witch<\/cite><\/p>\n<p>[\/vc_column_text][\/vc_column][\/vc_row][vc_row full_width=&#8220;stretch_row&#8220; el_class=&#8220;vc-row-video-highlight&#8220;][vc_column][vc_column_text el_class=&#8220;vc-el-lead-in&#8220;]<\/p>\n<p>Video<\/p>\n<h2>Pod\u00edvejte se na blokov\u00e9 modelov\u00e1n\u00ed v akci<\/h2>\n<p>D\u00edky spr\u00e1vn\u011b dimenzovan\u00fdm n\u00e1stroj\u016fm pro n\u00e1vrh m\u016f\u017eete vyv\u00edjet jedine\u010dn\u00e9 v\u00fdrobky.<\/p>\n<p class=\"see-more\" style=\"text-align: right;\"><a href=\"https:\/\/solidedge.siemens.com\/cs\/resources\/resource-library\/#ui_Videos\">Zhl\u00e9dnout dal\u0161\u00ed videa<\/a><\/p>\n<p>[\/vc_column_text]\n\n\n  <div id=\"wpv-view-layout-567-CATTR51a90e55abc612a6d8ed7b1b80f4c564\" class=\"js-wpv-view-layout js-wpv-layout-responsive js-wpv-view-layout-567-CATTR51a90e55abc612a6d8ed7b1b80f4c564\" data-viewnumber=\"567-CATTR51a90e55abc612a6d8ed7b1b80f4c564\" data-pagination=\"{&quot;id&quot;:567,&quot;query&quot;:&quot;normal&quot;,&quot;type&quot;:&quot;disabled&quot;,&quot;effect&quot;:&quot;fade&quot;,&quot;duration&quot;:500,&quot;speed&quot;:5,&quot;pause_on_hover&quot;:&quot;disabled&quot;,&quot;stop_rollover&quot;:&quot;false&quot;,&quot;cache_pages&quot;:&quot;enabled&quot;,&quot;preload_images&quot;:&quot;enabled&quot;,&quot;preload_pages&quot;:&quot;enabled&quot;,&quot;preload_reach&quot;:1,&quot;spinner&quot;:&quot;builtin&quot;,&quot;spinner_image&quot;:&quot;https:\/\/solidedge.siemens.com\/wp-content\/plugins\/wp-views\/embedded\/res\/img\/ajax-loader.gif&quot;,&quot;callback_next&quot;:&quot;&quot;,&quot;manage_history&quot;:&quot;disabled&quot;,&quot;has_controls_in_form&quot;:&quot;disabled&quot;,&quot;infinite_tolerance&quot;:&quot;0&quot;,&quot;max_pages&quot;:0,&quot;page&quot;:1,&quot;base_permalink&quot;:&quot;\/cs\/wp-json\/wp\/v2\/pages\/38447?wpv_view_count=567-CATTR51a90e55abc612a6d8ed7b1b80f4c564&amp;wpv_paged=WPV_PAGE_NUM&quot;,&quot;loop&quot;:{&quot;type&quot;:&quot;&quot;,&quot;name&quot;:&quot;&quot;,&quot;data&quot;:[],&quot;id&quot;:0}}\" data-permalink=\"\/cs\/wp-json\/wp\/v2\/pages\/38447?wpv_view_count=567-CATTR51a90e55abc612a6d8ed7b1b80f4c564\">\n\n  \n  <div class=\"wpv-resources\"><a name=\"video\" class=\"video-anchor\"><\/a>\n    <div id=\"ult-carousel-6956929769ded8be9efbf\" class=\"ult-carousel-wrapper  vc-el-carousel-videos-embedded ult_horizontal\" data-gutter=\"0\" data-rtl=\"false\" ><div class=\"ult-carousel-44900404369ded8be9ef99 \" >\n    \n    \n       <div><!-- slide container -->\n        <div class=\"wpv-resources-item\" data-mh=\".wpv-resources-item\">\n          <div class=\"resources-item-poster\">\n              <div id=\"wpfp_d35a289f07486c3134c46b6244b73d37\" data-item=\"{&quot;sources&quot;:&#091;{&quot;src&quot;:&quot;https:\\\/\\\/videos.mentor-cdn.com\\\/mgc\\\/videos\\\/5400\\\/b0781ee4-0321-481e-8f55-624a7a3b5e65-en-US-video.mp4&quot;,&quot;type&quot;:&quot;video\\\/mp4&quot;}&#093;}\" class=\"flowplayer no-brand is-splash no-svg is-paused skin-slim fp-slim fp-edgy\" data-embed=\"false\" style=\"max-width: 1140px; max-height: 640px; \" data-ratio=\"0.5614\" data-advance=\"false\">\n\t<div class=\"fp-ratio\" style=\"padding-top: 56.14%\"><\/div>\n\t<div class=\"fp-ui\"><div class=\"fp-play fp-visible\"><a class=\"fp-icon fp-playbtn\"><\/a><\/div><\/div>\n\n<\/div>\n\n              \n          <\/div>\n        <\/div>\n      <\/div>\n    \n    \n    <\/div><\/div>\t\t\t<script type=\"text\/javascript\">\r\n\t\t\t\tjQuery(document).ready(function ($) {\r\n\t\t\t\t\tif( typeof jQuery('.ult-carousel-44900404369ded8be9ef99').slick == \"function\"){\r\n\t\t\t\t\t\t$('.ult-carousel-44900404369ded8be9ef99').slick({dots: true,autoplaySpeed: 5000,speed: 500,infinite: false,arrows: true,nextArrow: '<button type=\"button\" role=\"button\" aria-label=\"Next\" style=\"color:#ffffff; font-size:30px;background:rgba(47,56,60,0.5);\" class=\"slick-next square-bg\"><i class=\"ultsl-arrow-right6\"><\/i><\/button>',prevArrow: '<button type=\"button\" role=\"button\" aria-label=\"Previous\" style=\"color:#ffffff; font-size:30px;background:rgba(47,56,60,0.5);\" class=\"slick-prev square-bg\"><i class=\"ultsl-arrow-left6\"><\/i><\/button>',slidesToScroll:1,slidesToShow:1,swipe: true,draggable: true,touchMove: true,pauseOnHover: true,pauseOnFocus: false,responsive: [\r\n\t\t\t\t\t\t\t{\r\n\t\t\t\t\t\t\t  breakpoint: 1026,\r\n\t\t\t\t\t\t\t  settings: {\r\n\t\t\t\t\t\t\t\tslidesToShow: 1,\r\n\t\t\t\t\t\t\t\tslidesToScroll: 1,  \r\n\t\t\t\t\t\t\t  }\r\n\t\t\t\t\t\t\t},\r\n\t\t\t\t\t\t\t{\r\n\t\t\t\t\t\t\t  breakpoint: 1025,\r\n\t\t\t\t\t\t\t  settings: {\r\n\t\t\t\t\t\t\t\tslidesToShow: 1,\r\n\t\t\t\t\t\t\t\tslidesToScroll: 1\r\n\t\t\t\t\t\t\t  }\r\n\t\t\t\t\t\t\t},\r\n\t\t\t\t\t\t\t{\r\n\t\t\t\t\t\t\t  breakpoint: 760,\r\n\t\t\t\t\t\t\t  settings: {\r\n\t\t\t\t\t\t\t\tslidesToShow: 1,\r\n\t\t\t\t\t\t\t\tslidesToScroll: 1\r\n\t\t\t\t\t\t\t  }\r\n\t\t\t\t\t\t\t}\r\n\t\t\t\t\t\t],pauseOnDotsHover: true,customPaging: function(slider, i) {\r\n                   return '<i type=\"button\" style= \"color:#788891;\" class=\"ultsl-record\" data-role=\"none\"><\/i>';\r\n                },});\r\n\t\t\t\t\t}\r\n\t\t\t\t});\r\n\t\t\t<\/script>\r\n\t\t\t\n  <\/div>\n  \n  \n  <\/div>\n[vc_column_text el_class=&#8220;video-caption&#8220;]<\/p>\n<h3>Blokov\u00e9 modelov\u00e1n\u00ed v Solid Edge<\/h3>\n<p>V t\u00e9to uk\u00e1zce si uk\u00e1\u017eeme, jak blokov\u00e9 modelov\u00e1n\u00ed v Solid Edge umo\u017e\u0148uje rychleji vytv\u00e1\u0159et elegantn\u00ed n\u00e1vrhy jedine\u010dn\u00fdch v\u00fdrobk\u016f.<\/p>\n<p>[\/vc_column_text][\/vc_column][\/vc_row][vc_row full_width=&#8220;stretch_row&#8220; el_class=&#8220;vc-row-related-content&#8220; css=&#8220;.vc_custom_1524184785822{background-color: #347eb5 !important;}&#8220;][vc_column][vc_column_text]<\/p>\n<h2>Souvisej\u00edc\u00ed obsah<\/h2>\n<p>[\/vc_column_text]<div id=\"ult-carousel-10093271769ded8bea0947\" class=\"ult-carousel-wrapper  vc-el-carousel-related-content ult_horizontal\" data-gutter=\"0\" data-rtl=\"false\" ><div class=\"ult-carousel-119374028069ded8bea0921 \" >[vc_column_text]<a href=\"https:\/\/solidedge.siemens.com\/wp-content\/uploads\/2021\/10\/Siemens-SW-Solid-Edge-Subdivision-Modeling-FS-81947-D6-1.pdf\" target=\"_blank\" rel=\"noopener\">Informa\u010dn\u00ed let\u00e1k o blokov\u00e9m modelov\u00e1n\u00ed<\/a>[\/vc_column_text]<\/div><\/div>\t\t\t<script type=\"text\/javascript\">\r\n\t\t\t\tjQuery(document).ready(function ($) {\r\n\t\t\t\t\tif( typeof jQuery('.ult-carousel-119374028069ded8bea0921').slick == \"function\"){\r\n\t\t\t\t\t\t$('.ult-carousel-119374028069ded8bea0921').slick({dots: true,autoplaySpeed: 5000,speed: 500,infinite: false,arrows: true,nextArrow: '<button type=\"button\" role=\"button\" aria-label=\"Next\" style=\"color:#ffffff; font-size:30px;background:rgba(255,255,255,0.2);\" class=\"slick-next square-bg\"><i class=\"ultsl-arrow-right6\"><\/i><\/button>',prevArrow: '<button type=\"button\" role=\"button\" aria-label=\"Previous\" style=\"color:#ffffff; font-size:30px;background:rgba(255,255,255,0.2);\" class=\"slick-prev square-bg\"><i class=\"ultsl-arrow-left6\"><\/i><\/button>',slidesToScroll:4,slidesToShow:4,swipe: true,draggable: true,touchMove: true,pauseOnHover: true,pauseOnFocus: false,responsive: [\r\n\t\t\t\t\t\t\t{\r\n\t\t\t\t\t\t\t  breakpoint: 1026,\r\n\t\t\t\t\t\t\t  settings: {\r\n\t\t\t\t\t\t\t\tslidesToShow: 4,\r\n\t\t\t\t\t\t\t\tslidesToScroll: 4,  \r\n\t\t\t\t\t\t\t  }\r\n\t\t\t\t\t\t\t},\r\n\t\t\t\t\t\t\t{\r\n\t\t\t\t\t\t\t  breakpoint: 1025,\r\n\t\t\t\t\t\t\t  settings: {\r\n\t\t\t\t\t\t\t\tslidesToShow: 2,\r\n\t\t\t\t\t\t\t\tslidesToScroll: 2\r\n\t\t\t\t\t\t\t  }\r\n\t\t\t\t\t\t\t},\r\n\t\t\t\t\t\t\t{\r\n\t\t\t\t\t\t\t  breakpoint: 760,\r\n\t\t\t\t\t\t\t  settings: {\r\n\t\t\t\t\t\t\t\tslidesToShow: 1,\r\n\t\t\t\t\t\t\t\tslidesToScroll: 1\r\n\t\t\t\t\t\t\t  }\r\n\t\t\t\t\t\t\t}\r\n\t\t\t\t\t\t],pauseOnDotsHover: true,customPaging: function(slider, i) {\r\n                   return '<i type=\"button\" style= \"color:#ffffff;\" class=\"ultsl-record\" data-role=\"none\"><\/i>';\r\n                },});\r\n\t\t\t\t\t}\r\n\t\t\t\t});\r\n\t\t\t<\/script>\r\n\t\t\t[\/vc_column][\/vc_row]<\/p>\n","protected":false},"excerpt":{"rendered":"<p> Blokov\u00e9 modelov\u00e1n\u00ed V\u00fdvoj jedine\u010dn\u00fdch v\u00fdrobk\u016f s organick\u00fdmi tvary bez nutnosti odborn\u00fdch znalost\u00ed. Blokov\u00e9 modelov\u00e1n\u00ed v Solid Edge vyu\u017e\u00edv\u00e1 n\u00e1stroje, kter\u00e9 nab\u00edz\u00ed pokro\u010dil\u00e9 funkce pro tvorbu, \u00fapravu a anal\u00fdzy tvar\u016f. D\u00edky t\u011bmto n\u00e1stroj\u016fm mohou i za\u010d\u00e1te\u010dn\u00edci snadno a rychle vytv\u00e1\u0159et [&hellip;]<\/p>\n","protected":false},"author":23,"featured_media":0,"parent":49960,"menu_order":3,"comment_status":"closed","ping_status":"closed","template":"","meta":{"inline_featured_image":false},"yoast_head":"<!-- This site is optimized with the Yoast SEO plugin v18.4.1 - https:\/\/yoast.com\/wordpress\/plugins\/seo\/ -->\n<title>Blokov&eacute; modelov&aacute;n&iacute; | Solid Edge | Siemens Software<\/title>\n<meta name=\"robots\" content=\"index, follow, max-snippet:-1, max-image-preview:large, max-video-preview:-1\" \/>\n<link rel=\"canonical\" href=\"https:\/\/solidedge.siemens.com\/cs\/solutions\/products\/3d-design\/industrial-design-software\/subdivision-modeling\/\" \/>\n<meta property=\"og:locale\" content=\"cs_CZ\" \/>\n<meta property=\"og:type\" content=\"article\" \/>\n<meta property=\"og:title\" content=\"Blokov&eacute; modelov&aacute;n&iacute; | Solid Edge | Siemens Software\" \/>\n<meta property=\"og:description\" content=\"Blokov\u00e9 modelov\u00e1n\u00ed V\u00fdvoj jedine\u010dn\u00fdch v\u00fdrobk\u016f s organick\u00fdmi tvary bez nutnosti odborn\u00fdch znalost\u00ed. Blokov\u00e9 modelov\u00e1n\u00ed v Solid Edge vyu\u017e\u00edv\u00e1 n\u00e1stroje, kter\u00e9 nab\u00edz\u00ed pokro\u010dil\u00e9 funkce pro tvorbu, \u00fapravu a anal\u00fdzy tvar\u016f. D\u00edky t\u011bmto n\u00e1stroj\u016fm mohou i za\u010d\u00e1te\u010dn\u00edci snadno a rychle vytv\u00e1\u0159et [&hellip;]\" \/>\n<meta property=\"og:url\" content=\"https:\/\/solidedge.siemens.com\/cs\/solutions\/products\/3d-design\/industrial-design-software\/subdivision-modeling\/\" \/>\n<meta property=\"og:site_name\" content=\"Solid Edge\" \/>\n<meta property=\"article:publisher\" content=\"https:\/\/www.facebook.com\/solidedge\" \/>\n<meta property=\"article:modified_time\" content=\"2022-08-24T17:04:52+00:00\" \/>\n<meta name=\"twitter:card\" content=\"summary_large_image\" \/>\n<meta name=\"twitter:site\" content=\"@siemensplm\" \/>\n<meta name=\"twitter:label1\" content=\"Odhadovan\u00e1 doba \u010dten\u00ed\" \/>\n\t<meta name=\"twitter:data1\" content=\"2 minuty\" \/>\n<script type=\"application\/ld+json\" class=\"yoast-schema-graph\">{\"@context\":\"https:\/\/schema.org\",\"@graph\":[{\"@type\":\"Organization\",\"@id\":\"https:\/\/solidedge.siemens.com\/en\/#organization\",\"name\":\"Siemens Digital Industries Software\",\"url\":\"https:\/\/solidedge.siemens.com\/en\/\",\"sameAs\":[\"https:\/\/www.facebook.com\/solidedge\",\"https:\/\/www.instagram.com\/siemens\/\",\"https:\/\/www.linkedin.com\/company\/siemens-plm-software\",\"https:\/\/www.youtube.com\/user\/PolarionSoftware\",\"https:\/\/twitter.com\/siemensplm\"],\"logo\":{\"@type\":\"ImageObject\",\"@id\":\"https:\/\/solidedge.siemens.com\/en\/#logo\",\"inLanguage\":\"cs\",\"url\":\"https:\/\/solidedge.siemens.com\/wp-content\/uploads\/2018\/04\/logo-siemens-ifl@2x.png\",\"contentUrl\":\"https:\/\/solidedge.siemens.com\/wp-content\/uploads\/2018\/04\/logo-siemens-ifl@2x.png\",\"width\":640,\"height\":270,\"caption\":\"Siemens Digital Industries Software\"},\"image\":{\"@id\":\"https:\/\/solidedge.siemens.com\/en\/#logo\"}},{\"@type\":\"WebSite\",\"@id\":\"https:\/\/solidedge.siemens.com\/en\/#website\",\"url\":\"https:\/\/solidedge.siemens.com\/en\/\",\"name\":\"Solid Edge\",\"description\":\"Siemens Software\",\"publisher\":{\"@id\":\"https:\/\/solidedge.siemens.com\/en\/#organization\"},\"potentialAction\":[{\"@type\":\"SearchAction\",\"target\":{\"@type\":\"EntryPoint\",\"urlTemplate\":\"https:\/\/solidedge.siemens.com\/en\/?s={search_term_string}\"},\"query-input\":\"required name=search_term_string\"}],\"inLanguage\":\"cs\"},{\"@type\":\"WebPage\",\"@id\":\"https:\/\/solidedge.siemens.com\/cs\/solutions\/products\/3d-design\/industrial-design-software\/subdivision-modeling\/#webpage\",\"url\":\"https:\/\/solidedge.siemens.com\/cs\/solutions\/products\/3d-design\/industrial-design-software\/subdivision-modeling\/\",\"name\":\"Blokov&eacute; modelov&aacute;n&iacute; | Solid Edge | Siemens Software\",\"isPartOf\":{\"@id\":\"https:\/\/solidedge.siemens.com\/en\/#website\"},\"datePublished\":\"2021-05-06T18:25:44+00:00\",\"dateModified\":\"2022-08-24T17:04:52+00:00\",\"breadcrumb\":{\"@id\":\"https:\/\/solidedge.siemens.com\/cs\/solutions\/products\/3d-design\/industrial-design-software\/subdivision-modeling\/#breadcrumb\"},\"inLanguage\":\"cs\",\"potentialAction\":[{\"@type\":\"ReadAction\",\"target\":[\"https:\/\/solidedge.siemens.com\/cs\/solutions\/products\/3d-design\/industrial-design-software\/subdivision-modeling\/\"]}]},{\"@type\":\"BreadcrumbList\",\"@id\":\"https:\/\/solidedge.siemens.com\/cs\/solutions\/products\/3d-design\/industrial-design-software\/subdivision-modeling\/#breadcrumb\",\"itemListElement\":[{\"@type\":\"ListItem\",\"position\":1,\"name\":\"Home\",\"item\":\"https:\/\/solidedge.siemens.com\/en\/home-5\/\"},{\"@type\":\"ListItem\",\"position\":2,\"name\":\"\u0158e&scaron;en&iacute;\",\"item\":\"https:\/\/solidedge.siemens.com\/cs\/solutions\/\"},{\"@type\":\"ListItem\",\"position\":3,\"name\":\"Produkty\",\"item\":\"https:\/\/solidedge.siemens.com\/cs\/solutions\/products\/\"},{\"@type\":\"ListItem\",\"position\":4,\"name\":\"3D n&aacute;vrh\",\"item\":\"https:\/\/solidedge.siemens.com\/cs\/solutions\/products\/3d-design\/\"},{\"@type\":\"ListItem\",\"position\":5,\"name\":\"Pr\u016fmyslov&yacute; n&aacute;vrh a&nbsp;design\",\"item\":\"https:\/\/solidedge.siemens.com\/cs\/solutions\/products\/3d-design\/industrial-design-software\/\"},{\"@type\":\"ListItem\",\"position\":6,\"name\":\"Blokov&eacute; modelov&aacute;n&iacute;\"}]}]}<\/script>\n<!-- \/ Yoast SEO plugin. -->","yoast_head_json":{"title":"Blokov&eacute; modelov&aacute;n&iacute; | Solid Edge | Siemens Software","robots":{"index":"index","follow":"follow","max-snippet":"max-snippet:-1","max-image-preview":"max-image-preview:large","max-video-preview":"max-video-preview:-1"},"canonical":"https:\/\/solidedge.siemens.com\/cs\/solutions\/products\/3d-design\/industrial-design-software\/subdivision-modeling\/","og_locale":"cs_CZ","og_type":"article","og_title":"Blokov&eacute; modelov&aacute;n&iacute; | Solid Edge | Siemens Software","og_description":"Blokov\u00e9 modelov\u00e1n\u00ed V\u00fdvoj jedine\u010dn\u00fdch v\u00fdrobk\u016f s organick\u00fdmi tvary bez nutnosti odborn\u00fdch znalost\u00ed. Blokov\u00e9 modelov\u00e1n\u00ed v Solid Edge vyu\u017e\u00edv\u00e1 n\u00e1stroje, kter\u00e9 nab\u00edz\u00ed pokro\u010dil\u00e9 funkce pro tvorbu, \u00fapravu a anal\u00fdzy tvar\u016f. D\u00edky t\u011bmto n\u00e1stroj\u016fm mohou i za\u010d\u00e1te\u010dn\u00edci snadno a rychle vytv\u00e1\u0159et [&hellip;]","og_url":"https:\/\/solidedge.siemens.com\/cs\/solutions\/products\/3d-design\/industrial-design-software\/subdivision-modeling\/","og_site_name":"Solid Edge","article_publisher":"https:\/\/www.facebook.com\/solidedge","article_modified_time":"2022-08-24T17:04:52+00:00","twitter_card":"summary_large_image","twitter_site":"@siemensplm","twitter_misc":{"Odhadovan\u00e1 doba \u010dten\u00ed":"2 minuty"},"schema":{"@context":"https:\/\/schema.org","@graph":[{"@type":"Organization","@id":"https:\/\/solidedge.siemens.com\/en\/#organization","name":"Siemens Digital Industries Software","url":"https:\/\/solidedge.siemens.com\/en\/","sameAs":["https:\/\/www.facebook.com\/solidedge","https:\/\/www.instagram.com\/siemens\/","https:\/\/www.linkedin.com\/company\/siemens-plm-software","https:\/\/www.youtube.com\/user\/PolarionSoftware","https:\/\/twitter.com\/siemensplm"],"logo":{"@type":"ImageObject","@id":"https:\/\/solidedge.siemens.com\/en\/#logo","inLanguage":"cs","url":"https:\/\/solidedge.siemens.com\/wp-content\/uploads\/2018\/04\/logo-siemens-ifl@2x.png","contentUrl":"https:\/\/solidedge.siemens.com\/wp-content\/uploads\/2018\/04\/logo-siemens-ifl@2x.png","width":640,"height":270,"caption":"Siemens Digital Industries Software"},"image":{"@id":"https:\/\/solidedge.siemens.com\/en\/#logo"}},{"@type":"WebSite","@id":"https:\/\/solidedge.siemens.com\/en\/#website","url":"https:\/\/solidedge.siemens.com\/en\/","name":"Solid Edge","description":"Siemens Software","publisher":{"@id":"https:\/\/solidedge.siemens.com\/en\/#organization"},"potentialAction":[{"@type":"SearchAction","target":{"@type":"EntryPoint","urlTemplate":"https:\/\/solidedge.siemens.com\/en\/?s={search_term_string}"},"query-input":"required name=search_term_string"}],"inLanguage":"cs"},{"@type":"WebPage","@id":"https:\/\/solidedge.siemens.com\/cs\/solutions\/products\/3d-design\/industrial-design-software\/subdivision-modeling\/#webpage","url":"https:\/\/solidedge.siemens.com\/cs\/solutions\/products\/3d-design\/industrial-design-software\/subdivision-modeling\/","name":"Blokov&eacute; modelov&aacute;n&iacute; | Solid Edge | Siemens Software","isPartOf":{"@id":"https:\/\/solidedge.siemens.com\/en\/#website"},"datePublished":"2021-05-06T18:25:44+00:00","dateModified":"2022-08-24T17:04:52+00:00","breadcrumb":{"@id":"https:\/\/solidedge.siemens.com\/cs\/solutions\/products\/3d-design\/industrial-design-software\/subdivision-modeling\/#breadcrumb"},"inLanguage":"cs","potentialAction":[{"@type":"ReadAction","target":["https:\/\/solidedge.siemens.com\/cs\/solutions\/products\/3d-design\/industrial-design-software\/subdivision-modeling\/"]}]},{"@type":"BreadcrumbList","@id":"https:\/\/solidedge.siemens.com\/cs\/solutions\/products\/3d-design\/industrial-design-software\/subdivision-modeling\/#breadcrumb","itemListElement":[{"@type":"ListItem","position":1,"name":"Home","item":"https:\/\/solidedge.siemens.com\/en\/home-5\/"},{"@type":"ListItem","position":2,"name":"\u0158e&scaron;en&iacute;","item":"https:\/\/solidedge.siemens.com\/cs\/solutions\/"},{"@type":"ListItem","position":3,"name":"Produkty","item":"https:\/\/solidedge.siemens.com\/cs\/solutions\/products\/"},{"@type":"ListItem","position":4,"name":"3D n&aacute;vrh","item":"https:\/\/solidedge.siemens.com\/cs\/solutions\/products\/3d-design\/"},{"@type":"ListItem","position":5,"name":"Pr\u016fmyslov&yacute; n&aacute;vrh a&nbsp;design","item":"https:\/\/solidedge.siemens.com\/cs\/solutions\/products\/3d-design\/industrial-design-software\/"},{"@type":"ListItem","position":6,"name":"Blokov&eacute; modelov&aacute;n&iacute;"}]}]}},"_links":{"self":[{"href":"https:\/\/solidedge.siemens.com\/cs\/wp-json\/wp\/v2\/pages\/38447"}],"collection":[{"href":"https:\/\/solidedge.siemens.com\/cs\/wp-json\/wp\/v2\/pages"}],"about":[{"href":"https:\/\/solidedge.siemens.com\/cs\/wp-json\/wp\/v2\/types\/page"}],"author":[{"embeddable":true,"href":"https:\/\/solidedge.siemens.com\/cs\/wp-json\/wp\/v2\/users\/23"}],"replies":[{"embeddable":true,"href":"https:\/\/solidedge.siemens.com\/cs\/wp-json\/wp\/v2\/comments?post=38447"}],"version-history":[{"count":14,"href":"https:\/\/solidedge.siemens.com\/cs\/wp-json\/wp\/v2\/pages\/38447\/revisions"}],"predecessor-version":[{"id":61170,"href":"https:\/\/solidedge.siemens.com\/cs\/wp-json\/wp\/v2\/pages\/38447\/revisions\/61170"}],"up":[{"embeddable":true,"href":"https:\/\/solidedge.siemens.com\/cs\/wp-json\/wp\/v2\/pages\/49960"}],"wp:attachment":[{"href":"https:\/\/solidedge.siemens.com\/cs\/wp-json\/wp\/v2\/media?parent=38447"}],"curies":[{"name":"wp","href":"https:\/\/api.w.org\/{rel}","templated":true}]}}