{"id":37200,"date":"2021-05-05T13:42:20","date_gmt":"2021-05-05T17:42:20","guid":{"rendered":"https:\/\/solidedge.siemens.com\/terms-conditions\/akce-na-produkty-solid-edge-pro-nvrh-elektrickch-zarzen\/"},"modified":"2021-05-05T13:45:06","modified_gmt":"2021-05-05T17:45:06","slug":"solid-edge-electrical-design-products-promotion","status":"publish","type":"page","link":"https:\/\/solidedge.siemens.com\/cs\/terms-conditions\/solid-edge-electrical-design-products-promotion\/","title":{"rendered":"Akce na produkty Solid Edge pro n&aacute;vrh elektrick&yacute;ch za\u0159&iacute;zen&iacute;"},"content":{"rendered":"<p>[vc_row][vc_column][vc_column_text]<\/p>\n<h1>Akce na produkty Solid Edge pro n&aacute;vrh elektrick&yacute;ch za\u0159&iacute;zen&iacute; V&scaron;eobecn&eacute; podm&iacute;nky<\/h1>\n<p>[\/vc_column_text][vc_column_text]<strong>Po omezenou dobu nab&iacute;z&iacute;me 50% slevu na moduly Solid Edge Elektrick&eacute; zapojen&iacute; kabelov&eacute;ho svazku a Solid Edge Elektrick&eacute; zapojen&iacute; vodi\u010d\u016f. Pokud si k n&aacute;kupu p\u0159ibal&iacute;te tak&eacute; licenci Solid Edge, dostanete 50% slevu i na tuto licenci!<\/strong><\/p>\n<ul>\n<li>Nab&iacute;dka je k dispozici pouze u spole\u010dnosti Siemens Digital Industries Software a n\u011bkter&yacute;ch partner\u016f.<\/li>\n<li>50% sleva z ceny uveden&eacute; v cen&iacute;ku spole\u010dnosti Siemens na moduly Solid Edge Elektrick&eacute; zapojen&iacute; kabelov&eacute;ho svazku a Solid Edge Elektrick&eacute; zapojen&iacute; vodi\u010d\u016f. Nab&iacute;dka je platn&aacute; pro v&scaron;echny z&aacute;kazn&iacute;ky krom\u011b z&aacute;kazn&iacute;k\u016f s trvalou adresou ve Francii.<\/li>\n<li>P\u0159i n&aacute;kupu spole\u010dn\u011b s licenc&iacute; Solid Edge Classic, Foundation nebo Premium je poskytov&aacute;na sleva 50 % z ceny uveden&eacute; v cen&iacute;ku spole\u010dnosti Siemens. Nab&iacute;dka je platn&aacute; pro v&scaron;echny z&aacute;kazn&iacute;ky krom\u011b z&aacute;kazn&iacute;k\u016f s trvalou adresou v Evrop\u011b, na St\u0159edn&iacute;m v&yacute;chod\u011b nebo v Africe.<\/li>\n<li>Nab&iacute;dka je platn&aacute; pouze spole\u010dn\u011b se zakoupen&iacute;m modulu Solid Edge Elektrick&eacute; zapojen&iacute; vodi\u010d\u016f nebo Solid Edge Elektrick&eacute; zapojen&iacute; kabelov&eacute;ho svazku v obdob&iacute; od 1. kv\u011btna 2019 17:00 do 20. z&aacute;\u0159&iacute; 2019 23:59 tichomo\u0159sk&eacute;ho \u010dasu.<\/li>\n<li>Tuto nab&iacute;dku nen&iacute; mo\u017en&eacute; kombinovat s jin&yacute;mi zv&yacute;hodn\u011bn&yacute;mi nab&iacute;dkami.<\/li>\n<li>Po\u010det licenc&iacute; nen&iacute; omezen, plat&iacute; pro n&aacute;sleduj&iacute;c&iacute; typy licenc&iacute;: trval&aacute;, p\u0159edplatn&aacute;, v&aacute;zan&aacute; a plovouc&iacute; (neplat&iacute; pro online m\u011bs&iacute;\u010dn&iacute; p\u0159edplatn&eacute;).<\/li>\n<\/ul>\n<p>Spole\u010dnost Siemens Digital Industries Software si vyhrazuje pr&aacute;vo slevov&yacute; program zru&scaron;it, ukon\u010dit, zm\u011bnit nebo pozastavit v p\u0159&iacute;pad\u011b, pokud jej nebude mo\u017en&eacute; z jak&eacute;hokoli d\u016fvodu uskute\u010dnit podle pl&aacute;nu, nap\u0159&iacute;klad z d\u016fvodu infekce po\u010d&iacute;ta\u010dov&yacute;m virem, chyb, neopr&aacute;vn\u011bn&yacute;ch z&aacute;sah\u016f, podvodu, technick&yacute;m poruch&aacute;m nebo jin&yacute;m p\u0159&iacute;\u010din&aacute;m, kter&eacute; znemo\u017en&iacute; spr&aacute;vu, bezpe\u010dnost a \u0159&aacute;dn&yacute; pr\u016fb\u011bh programu.<\/p>\n<p><em>Pozn&aacute;mka: Seznam ochrann&yacute;ch zn&aacute;mek spole\u010dnosti Siemens je k dispozici <a href=\"https:\/\/www.plm.automation.siemens.com\/global\/en\/legal\/trademarks.html\" target=\"_blank\" rel=\"noopener noreferrer\">zde<\/a>. Ostatn&iacute; ochrann&eacute; zn&aacute;mky n&aacute;le\u017e&iacute; jejich p\u0159&iacute;slu&scaron;n&yacute;m vlastn&iacute;k\u016fm.<\/em>[\/vc_column_text][\/vc_column][\/vc_row]<\/p>\n","protected":false},"excerpt":{"rendered":"<p> Akce na produkty Solid Edge pro n&aacute;vrh elektrick&yacute;ch za\u0159&iacute;zen&iacute; V&scaron;eobecn&eacute; podm&iacute;nky [\/vc_column_text]Po omezenou dobu nab&iacute;z&iacute;me 50% slevu na moduly Solid Edge Elektrick&eacute; zapojen&iacute; kabelov&eacute;ho svazku a Solid Edge Elektrick&eacute; zapojen&iacute; vodi\u010d\u016f. Pokud si k n&aacute;kupu p\u0159ibal&iacute;te tak&eacute; licenci Solid Edge, dostanete 50% slevu i na tuto licenci! Nab&iacute;dka je k dispozici pouze u spole\u010dnosti [&hellip;]<\/p>\n","protected":false},"author":5,"featured_media":0,"parent":37051,"menu_order":0,"comment_status":"closed","ping_status":"open","template":"","meta":{"inline_featured_image":false},"yoast_head":"<!-- This site is optimized with the Yoast SEO plugin v18.4.1 - https:\/\/yoast.com\/wordpress\/plugins\/seo\/ -->\n<title>Akce na produkty Solid Edge pro n&aacute;vrh elektrick&yacute;ch za\u0159&iacute;zen&iacute; V\u0161eobecn\u00e9 podm\u00ednky<\/title>\n<meta name=\"description\" content=\"V\u0161eobecn\u00e9 podm\u00ednky akce na produkty Solid Edge pro n\u00e1vrh elektrick\u00fdch za\u0159\u00edzen\u00ed\" \/>\n<meta name=\"robots\" content=\"index, follow, max-snippet:-1, max-image-preview:large, max-video-preview:-1\" \/>\n<link rel=\"canonical\" href=\"https:\/\/solidedge.siemens.com\/cs\/terms-conditions\/solid-edge-electrical-design-products-promotion\/\" \/>\n<meta property=\"og:locale\" content=\"cs_CZ\" \/>\n<meta property=\"og:type\" content=\"article\" \/>\n<meta property=\"og:title\" content=\"Akce na produkty Solid Edge pro n&aacute;vrh elektrick&yacute;ch za\u0159&iacute;zen&iacute; V\u0161eobecn\u00e9 podm\u00ednky\" \/>\n<meta property=\"og:description\" content=\"V\u0161eobecn\u00e9 podm\u00ednky akce na produkty Solid Edge pro n\u00e1vrh elektrick\u00fdch za\u0159\u00edzen\u00ed\" \/>\n<meta property=\"og:url\" content=\"https:\/\/solidedge.siemens.com\/cs\/terms-conditions\/solid-edge-electrical-design-products-promotion\/\" \/>\n<meta property=\"og:site_name\" content=\"Solid Edge\" \/>\n<meta property=\"article:publisher\" content=\"https:\/\/www.facebook.com\/solidedge\" \/>\n<meta property=\"article:modified_time\" content=\"2021-05-05T17:45:06+00:00\" \/>\n<meta name=\"twitter:card\" content=\"summary_large_image\" \/>\n<meta name=\"twitter:site\" content=\"@siemensplm\" \/>\n<meta name=\"twitter:label1\" content=\"Odhadovan\u00e1 doba \u010dten\u00ed\" \/>\n\t<meta name=\"twitter:data1\" content=\"2 minuty\" \/>\n<script type=\"application\/ld+json\" class=\"yoast-schema-graph\">{\"@context\":\"https:\/\/schema.org\",\"@graph\":[{\"@type\":\"Organization\",\"@id\":\"https:\/\/solidedge.siemens.com\/en\/#organization\",\"name\":\"Siemens Digital Industries Software\",\"url\":\"https:\/\/solidedge.siemens.com\/en\/\",\"sameAs\":[\"https:\/\/www.facebook.com\/solidedge\",\"https:\/\/www.instagram.com\/siemens\/\",\"https:\/\/www.linkedin.com\/company\/siemens-plm-software\",\"https:\/\/www.youtube.com\/user\/PolarionSoftware\",\"https:\/\/twitter.com\/siemensplm\"],\"logo\":{\"@type\":\"ImageObject\",\"@id\":\"https:\/\/solidedge.siemens.com\/en\/#logo\",\"inLanguage\":\"cs\",\"url\":\"https:\/\/solidedge.siemens.com\/wp-content\/uploads\/2018\/04\/logo-siemens-ifl@2x.png\",\"contentUrl\":\"https:\/\/solidedge.siemens.com\/wp-content\/uploads\/2018\/04\/logo-siemens-ifl@2x.png\",\"width\":640,\"height\":270,\"caption\":\"Siemens Digital Industries Software\"},\"image\":{\"@id\":\"https:\/\/solidedge.siemens.com\/en\/#logo\"}},{\"@type\":\"WebSite\",\"@id\":\"https:\/\/solidedge.siemens.com\/en\/#website\",\"url\":\"https:\/\/solidedge.siemens.com\/en\/\",\"name\":\"Solid Edge\",\"description\":\"Siemens Software\",\"publisher\":{\"@id\":\"https:\/\/solidedge.siemens.com\/en\/#organization\"},\"potentialAction\":[{\"@type\":\"SearchAction\",\"target\":{\"@type\":\"EntryPoint\",\"urlTemplate\":\"https:\/\/solidedge.siemens.com\/en\/?s={search_term_string}\"},\"query-input\":\"required name=search_term_string\"}],\"inLanguage\":\"cs\"},{\"@type\":\"WebPage\",\"@id\":\"https:\/\/solidedge.siemens.com\/cs\/terms-conditions\/solid-edge-electrical-design-products-promotion\/#webpage\",\"url\":\"https:\/\/solidedge.siemens.com\/cs\/terms-conditions\/solid-edge-electrical-design-products-promotion\/\",\"name\":\"Akce na produkty Solid Edge pro n&aacute;vrh elektrick&yacute;ch za\u0159&iacute;zen&iacute; V\u0161eobecn\u00e9 podm\u00ednky\",\"isPartOf\":{\"@id\":\"https:\/\/solidedge.siemens.com\/en\/#website\"},\"datePublished\":\"2021-05-05T17:42:20+00:00\",\"dateModified\":\"2021-05-05T17:45:06+00:00\",\"description\":\"V\u0161eobecn\u00e9 podm\u00ednky akce na produkty Solid Edge pro n\u00e1vrh elektrick\u00fdch za\u0159\u00edzen\u00ed\",\"breadcrumb\":{\"@id\":\"https:\/\/solidedge.siemens.com\/cs\/terms-conditions\/solid-edge-electrical-design-products-promotion\/#breadcrumb\"},\"inLanguage\":\"cs\",\"potentialAction\":[{\"@type\":\"ReadAction\",\"target\":[\"https:\/\/solidedge.siemens.com\/cs\/terms-conditions\/solid-edge-electrical-design-products-promotion\/\"]}]},{\"@type\":\"BreadcrumbList\",\"@id\":\"https:\/\/solidedge.siemens.com\/cs\/terms-conditions\/solid-edge-electrical-design-products-promotion\/#breadcrumb\",\"itemListElement\":[{\"@type\":\"ListItem\",\"position\":1,\"name\":\"Home\",\"item\":\"https:\/\/solidedge.siemens.com\/en\/home-5\/\"},{\"@type\":\"ListItem\",\"position\":2,\"name\":\"V&scaron;eobecn&eacute; podm&iacute;nky\",\"item\":\"https:\/\/solidedge.siemens.com\/cs\/terms-conditions\/\"},{\"@type\":\"ListItem\",\"position\":3,\"name\":\"Akce na produkty Solid Edge pro n&aacute;vrh elektrick&yacute;ch za\u0159&iacute;zen&iacute;\"}]}]}<\/script>\n<!-- \/ Yoast SEO plugin. -->","yoast_head_json":{"title":"Akce na produkty Solid Edge pro n&aacute;vrh elektrick&yacute;ch za\u0159&iacute;zen&iacute; V\u0161eobecn\u00e9 podm\u00ednky","description":"V\u0161eobecn\u00e9 podm\u00ednky akce na produkty Solid Edge pro n\u00e1vrh elektrick\u00fdch za\u0159\u00edzen\u00ed","robots":{"index":"index","follow":"follow","max-snippet":"max-snippet:-1","max-image-preview":"max-image-preview:large","max-video-preview":"max-video-preview:-1"},"canonical":"https:\/\/solidedge.siemens.com\/cs\/terms-conditions\/solid-edge-electrical-design-products-promotion\/","og_locale":"cs_CZ","og_type":"article","og_title":"Akce na produkty Solid Edge pro n&aacute;vrh elektrick&yacute;ch za\u0159&iacute;zen&iacute; V\u0161eobecn\u00e9 podm\u00ednky","og_description":"V\u0161eobecn\u00e9 podm\u00ednky akce na produkty Solid Edge pro n\u00e1vrh elektrick\u00fdch za\u0159\u00edzen\u00ed","og_url":"https:\/\/solidedge.siemens.com\/cs\/terms-conditions\/solid-edge-electrical-design-products-promotion\/","og_site_name":"Solid Edge","article_publisher":"https:\/\/www.facebook.com\/solidedge","article_modified_time":"2021-05-05T17:45:06+00:00","twitter_card":"summary_large_image","twitter_site":"@siemensplm","twitter_misc":{"Odhadovan\u00e1 doba \u010dten\u00ed":"2 minuty"},"schema":{"@context":"https:\/\/schema.org","@graph":[{"@type":"Organization","@id":"https:\/\/solidedge.siemens.com\/en\/#organization","name":"Siemens Digital Industries Software","url":"https:\/\/solidedge.siemens.com\/en\/","sameAs":["https:\/\/www.facebook.com\/solidedge","https:\/\/www.instagram.com\/siemens\/","https:\/\/www.linkedin.com\/company\/siemens-plm-software","https:\/\/www.youtube.com\/user\/PolarionSoftware","https:\/\/twitter.com\/siemensplm"],"logo":{"@type":"ImageObject","@id":"https:\/\/solidedge.siemens.com\/en\/#logo","inLanguage":"cs","url":"https:\/\/solidedge.siemens.com\/wp-content\/uploads\/2018\/04\/logo-siemens-ifl@2x.png","contentUrl":"https:\/\/solidedge.siemens.com\/wp-content\/uploads\/2018\/04\/logo-siemens-ifl@2x.png","width":640,"height":270,"caption":"Siemens Digital Industries Software"},"image":{"@id":"https:\/\/solidedge.siemens.com\/en\/#logo"}},{"@type":"WebSite","@id":"https:\/\/solidedge.siemens.com\/en\/#website","url":"https:\/\/solidedge.siemens.com\/en\/","name":"Solid Edge","description":"Siemens Software","publisher":{"@id":"https:\/\/solidedge.siemens.com\/en\/#organization"},"potentialAction":[{"@type":"SearchAction","target":{"@type":"EntryPoint","urlTemplate":"https:\/\/solidedge.siemens.com\/en\/?s={search_term_string}"},"query-input":"required name=search_term_string"}],"inLanguage":"cs"},{"@type":"WebPage","@id":"https:\/\/solidedge.siemens.com\/cs\/terms-conditions\/solid-edge-electrical-design-products-promotion\/#webpage","url":"https:\/\/solidedge.siemens.com\/cs\/terms-conditions\/solid-edge-electrical-design-products-promotion\/","name":"Akce na produkty Solid Edge pro n&aacute;vrh elektrick&yacute;ch za\u0159&iacute;zen&iacute; V\u0161eobecn\u00e9 podm\u00ednky","isPartOf":{"@id":"https:\/\/solidedge.siemens.com\/en\/#website"},"datePublished":"2021-05-05T17:42:20+00:00","dateModified":"2021-05-05T17:45:06+00:00","description":"V\u0161eobecn\u00e9 podm\u00ednky akce na produkty Solid Edge pro n\u00e1vrh elektrick\u00fdch za\u0159\u00edzen\u00ed","breadcrumb":{"@id":"https:\/\/solidedge.siemens.com\/cs\/terms-conditions\/solid-edge-electrical-design-products-promotion\/#breadcrumb"},"inLanguage":"cs","potentialAction":[{"@type":"ReadAction","target":["https:\/\/solidedge.siemens.com\/cs\/terms-conditions\/solid-edge-electrical-design-products-promotion\/"]}]},{"@type":"BreadcrumbList","@id":"https:\/\/solidedge.siemens.com\/cs\/terms-conditions\/solid-edge-electrical-design-products-promotion\/#breadcrumb","itemListElement":[{"@type":"ListItem","position":1,"name":"Home","item":"https:\/\/solidedge.siemens.com\/en\/home-5\/"},{"@type":"ListItem","position":2,"name":"V&scaron;eobecn&eacute; podm&iacute;nky","item":"https:\/\/solidedge.siemens.com\/cs\/terms-conditions\/"},{"@type":"ListItem","position":3,"name":"Akce na produkty Solid Edge pro n&aacute;vrh elektrick&yacute;ch za\u0159&iacute;zen&iacute;"}]}]}},"_links":{"self":[{"href":"https:\/\/solidedge.siemens.com\/cs\/wp-json\/wp\/v2\/pages\/37200"}],"collection":[{"href":"https:\/\/solidedge.siemens.com\/cs\/wp-json\/wp\/v2\/pages"}],"about":[{"href":"https:\/\/solidedge.siemens.com\/cs\/wp-json\/wp\/v2\/types\/page"}],"author":[{"embeddable":true,"href":"https:\/\/solidedge.siemens.com\/cs\/wp-json\/wp\/v2\/users\/5"}],"replies":[{"embeddable":true,"href":"https:\/\/solidedge.siemens.com\/cs\/wp-json\/wp\/v2\/comments?post=37200"}],"version-history":[{"count":4,"href":"https:\/\/solidedge.siemens.com\/cs\/wp-json\/wp\/v2\/pages\/37200\/revisions"}],"predecessor-version":[{"id":37241,"href":"https:\/\/solidedge.siemens.com\/cs\/wp-json\/wp\/v2\/pages\/37200\/revisions\/37241"}],"up":[{"embeddable":true,"href":"https:\/\/solidedge.siemens.com\/cs\/wp-json\/wp\/v2\/pages\/37051"}],"wp:attachment":[{"href":"https:\/\/solidedge.siemens.com\/cs\/wp-json\/wp\/v2\/media?parent=37200"}],"curies":[{"name":"wp","href":"https:\/\/api.w.org\/{rel}","templated":true}]}}