{"id":37051,"date":"2021-05-05T11:54:37","date_gmt":"2021-05-05T15:54:37","guid":{"rendered":"https:\/\/solidedge.siemens.com\/veobecn-podmnky\/"},"modified":"2021-05-05T11:57:05","modified_gmt":"2021-05-05T15:57:05","slug":"terms-conditions","status":"publish","type":"page","link":"https:\/\/solidedge.siemens.com\/cs\/terms-conditions\/","title":{"rendered":"V&scaron;eobecn&eacute; podm&iacute;nky"},"content":{"rendered":"<p>[vc_row][vc_column][vc_column_text]<\/p>\n<h1>V&scaron;eobecn&eacute; podm&iacute;nky Adres&aacute;\u0159<\/h1>\n<p>[\/vc_column_text][vc_column_text]Vyberte mo\u017enost ze seznamu n&iacute;\u017ee.<\/p>\n<ul>\n<li><a href=\"https:\/\/www.plm.automation.siemens.com\/en\/legal.shtml\" target=\"_blank\" rel=\"noopener noreferrer\">Z&aacute;sady ochrany osobn&iacute;ch &uacute;daj\u016f<\/a><\/li>\n<li><a href=\"https:\/\/www.siemens.com\/global\/en\/home\/general\/legal.html#tabentry-478438873-1571773254\" target=\"_blank\" rel=\"noopener noreferrer\">Podm&iacute;nky u\u017e&iacute;v&aacute;n&iacute;<\/a><\/li>\n<\/ul>\n<p>[\/vc_column_text][vc_column_text]<\/p>\n<h2>Akce<\/h2>\n<ul>\n<li><a href=\"https:\/\/solidedge.siemens.com\/cs\/terms-conditions\/solid-edge-first-month-1-00\/\" rel=\"noopener\">Prvn&iacute; m\u011bs&iacute;c Solid Edge za 1 dolar<\/a><\/li>\n<li><a href=\"https:\/\/solidedge.siemens.com\/cs\/terms-conditions\/solid-edge-first-month-1-uk\/\" rel=\"noopener\">Prvn&iacute; m\u011bs&iacute;c Solid Edge za 1 libru (UK)<\/a><\/li>\n<li><a href=\"https:\/\/solidedge.siemens.com\/cs\/terms-conditions\/cyber-monday-2019\/\">Akce Solid Edge v kyber-pond\u011bl&iacute; &ndash; 2018 (USA, Kanada, UK, Francie)<\/a><\/li>\n<li><a href=\"https:\/\/solidedge.siemens.com\/cs\/terms-conditions\/cyber-monday-2019\/\">Akce Solid Edge v kyber-pond\u011bl&iacute; &ndash; 2018 (Mexiko, Kolumbie, Peru, Argentina)<\/a><\/li>\n<li><a href=\"https:\/\/solidedge.siemens.com\/cs\/terms-conditions\/eoy-sale-2018\/\">Akce na Solid Edge na konci roku 2018<\/a><\/li>\n<li><a href=\"https:\/\/solidedge.siemens.com\/cs\/terms-conditions\/solid-edge-electrical-design-products-promotion\/\">Akce na produkty Solid Edge pro n&aacute;vrh elektrick&yacute;ch za\u0159&iacute;zen&iacute; &ndash; 2019<\/a><\/li>\n<\/ul>\n<p>[\/vc_column_text][\/vc_column][\/vc_row]<\/p>\n","protected":false},"excerpt":{"rendered":"<p> V&scaron;eobecn&eacute; podm&iacute;nky Adres&aacute;\u0159 [\/vc_column_text]Vyberte mo\u017enost ze seznamu n&iacute;\u017ee. Z&aacute;sady ochrany osobn&iacute;ch &uacute;daj\u016f Podm&iacute;nky u\u017e&iacute;v&aacute;n&iacute; [\/vc_column_text] Akce Prvn&iacute; m\u011bs&iacute;c Solid Edge za 1 dolar Prvn&iacute; m\u011bs&iacute;c Solid Edge za 1 libru (UK) Akce Solid Edge v kyber-pond\u011bl&iacute; &ndash; 2018 (USA, Kanada, UK, Francie) Akce Solid Edge v kyber-pond\u011bl&iacute; &ndash; 2018 (Mexiko, Kolumbie, Peru, Argentina) Akce [&hellip;]<\/p>\n","protected":false},"author":5,"featured_media":0,"parent":0,"menu_order":200,"comment_status":"closed","ping_status":"open","template":"","meta":{"inline_featured_image":false},"yoast_head":"<!-- This site is optimized with the Yoast SEO plugin v18.4.1 - https:\/\/yoast.com\/wordpress\/plugins\/seo\/ -->\n<title>V&scaron;eobecn&eacute; podm&iacute;nky | Solid Edge | Siemens Software<\/title>\n<meta name=\"robots\" content=\"noindex, nofollow\" \/>\n<meta property=\"og:locale\" content=\"cs_CZ\" \/>\n<meta property=\"og:type\" content=\"article\" \/>\n<meta property=\"og:title\" content=\"V&scaron;eobecn&eacute; podm&iacute;nky | Solid Edge | Siemens Software\" \/>\n<meta property=\"og:description\" content=\"V&scaron;eobecn&eacute; podm&iacute;nky Adres&aacute;\u0159 [\/vc_column_text]Vyberte mo\u017enost ze seznamu n&iacute;\u017ee. Z&aacute;sady ochrany osobn&iacute;ch &uacute;daj\u016f Podm&iacute;nky u\u017e&iacute;v&aacute;n&iacute; [\/vc_column_text] Akce Prvn&iacute; m\u011bs&iacute;c Solid Edge za 1 dolar Prvn&iacute; m\u011bs&iacute;c Solid Edge za 1 libru (UK) Akce Solid Edge v kyber-pond\u011bl&iacute; &ndash; 2018 (USA, Kanada, UK, Francie) Akce Solid Edge v kyber-pond\u011bl&iacute; &ndash; 2018 (Mexiko, Kolumbie, Peru, Argentina) Akce [&hellip;]\" \/>\n<meta property=\"og:url\" content=\"https:\/\/solidedge.siemens.com\/cs\/terms-conditions\/\" \/>\n<meta property=\"og:site_name\" content=\"Solid Edge\" \/>\n<meta property=\"article:publisher\" content=\"https:\/\/www.facebook.com\/solidedge\" \/>\n<meta property=\"article:modified_time\" content=\"2021-05-05T15:57:05+00:00\" \/>\n<meta name=\"twitter:card\" content=\"summary_large_image\" \/>\n<meta name=\"twitter:site\" content=\"@siemensplm\" \/>\n<meta name=\"twitter:label1\" content=\"Odhadovan\u00e1 doba \u010dten\u00ed\" \/>\n\t<meta name=\"twitter:data1\" content=\"1 minuta\" \/>\n<script type=\"application\/ld+json\" class=\"yoast-schema-graph\">{\"@context\":\"https:\/\/schema.org\",\"@graph\":[{\"@type\":\"Organization\",\"@id\":\"https:\/\/solidedge.siemens.com\/en\/#organization\",\"name\":\"Siemens Digital Industries Software\",\"url\":\"https:\/\/solidedge.siemens.com\/en\/\",\"sameAs\":[\"https:\/\/www.facebook.com\/solidedge\",\"https:\/\/www.instagram.com\/siemens\/\",\"https:\/\/www.linkedin.com\/company\/siemens-plm-software\",\"https:\/\/www.youtube.com\/user\/PolarionSoftware\",\"https:\/\/twitter.com\/siemensplm\"],\"logo\":{\"@type\":\"ImageObject\",\"@id\":\"https:\/\/solidedge.siemens.com\/en\/#logo\",\"inLanguage\":\"cs\",\"url\":\"https:\/\/solidedge.siemens.com\/wp-content\/uploads\/2018\/04\/logo-siemens-ifl@2x.png\",\"contentUrl\":\"https:\/\/solidedge.siemens.com\/wp-content\/uploads\/2018\/04\/logo-siemens-ifl@2x.png\",\"width\":640,\"height\":270,\"caption\":\"Siemens Digital Industries Software\"},\"image\":{\"@id\":\"https:\/\/solidedge.siemens.com\/en\/#logo\"}},{\"@type\":\"WebSite\",\"@id\":\"https:\/\/solidedge.siemens.com\/en\/#website\",\"url\":\"https:\/\/solidedge.siemens.com\/en\/\",\"name\":\"Solid Edge\",\"description\":\"Siemens Software\",\"publisher\":{\"@id\":\"https:\/\/solidedge.siemens.com\/en\/#organization\"},\"potentialAction\":[{\"@type\":\"SearchAction\",\"target\":{\"@type\":\"EntryPoint\",\"urlTemplate\":\"https:\/\/solidedge.siemens.com\/en\/?s={search_term_string}\"},\"query-input\":\"required name=search_term_string\"}],\"inLanguage\":\"cs\"},{\"@type\":\"WebPage\",\"@id\":\"https:\/\/solidedge.siemens.com\/cs\/terms-conditions\/#webpage\",\"url\":\"https:\/\/solidedge.siemens.com\/cs\/terms-conditions\/\",\"name\":\"V&scaron;eobecn&eacute; podm&iacute;nky | Solid Edge | Siemens Software\",\"isPartOf\":{\"@id\":\"https:\/\/solidedge.siemens.com\/en\/#website\"},\"datePublished\":\"2021-05-05T15:54:37+00:00\",\"dateModified\":\"2021-05-05T15:57:05+00:00\",\"breadcrumb\":{\"@id\":\"https:\/\/solidedge.siemens.com\/cs\/terms-conditions\/#breadcrumb\"},\"inLanguage\":\"cs\",\"potentialAction\":[{\"@type\":\"ReadAction\",\"target\":[\"https:\/\/solidedge.siemens.com\/cs\/terms-conditions\/\"]}]},{\"@type\":\"BreadcrumbList\",\"@id\":\"https:\/\/solidedge.siemens.com\/cs\/terms-conditions\/#breadcrumb\",\"itemListElement\":[{\"@type\":\"ListItem\",\"position\":1,\"name\":\"Home\",\"item\":\"https:\/\/solidedge.siemens.com\/en\/home-5\/\"},{\"@type\":\"ListItem\",\"position\":2,\"name\":\"V&scaron;eobecn&eacute; podm&iacute;nky\"}]}]}<\/script>\n<!-- \/ Yoast SEO plugin. -->","yoast_head_json":{"title":"V&scaron;eobecn&eacute; podm&iacute;nky | Solid Edge | Siemens Software","robots":{"index":"noindex","follow":"nofollow"},"og_locale":"cs_CZ","og_type":"article","og_title":"V&scaron;eobecn&eacute; podm&iacute;nky | Solid Edge | Siemens Software","og_description":"V&scaron;eobecn&eacute; podm&iacute;nky Adres&aacute;\u0159 [\/vc_column_text]Vyberte mo\u017enost ze seznamu n&iacute;\u017ee. Z&aacute;sady ochrany osobn&iacute;ch &uacute;daj\u016f Podm&iacute;nky u\u017e&iacute;v&aacute;n&iacute; [\/vc_column_text] Akce Prvn&iacute; m\u011bs&iacute;c Solid Edge za 1 dolar Prvn&iacute; m\u011bs&iacute;c Solid Edge za 1 libru (UK) Akce Solid Edge v kyber-pond\u011bl&iacute; &ndash; 2018 (USA, Kanada, UK, Francie) Akce Solid Edge v kyber-pond\u011bl&iacute; &ndash; 2018 (Mexiko, Kolumbie, Peru, Argentina) Akce [&hellip;]","og_url":"https:\/\/solidedge.siemens.com\/cs\/terms-conditions\/","og_site_name":"Solid Edge","article_publisher":"https:\/\/www.facebook.com\/solidedge","article_modified_time":"2021-05-05T15:57:05+00:00","twitter_card":"summary_large_image","twitter_site":"@siemensplm","twitter_misc":{"Odhadovan\u00e1 doba \u010dten\u00ed":"1 minuta"},"schema":{"@context":"https:\/\/schema.org","@graph":[{"@type":"Organization","@id":"https:\/\/solidedge.siemens.com\/en\/#organization","name":"Siemens Digital Industries Software","url":"https:\/\/solidedge.siemens.com\/en\/","sameAs":["https:\/\/www.facebook.com\/solidedge","https:\/\/www.instagram.com\/siemens\/","https:\/\/www.linkedin.com\/company\/siemens-plm-software","https:\/\/www.youtube.com\/user\/PolarionSoftware","https:\/\/twitter.com\/siemensplm"],"logo":{"@type":"ImageObject","@id":"https:\/\/solidedge.siemens.com\/en\/#logo","inLanguage":"cs","url":"https:\/\/solidedge.siemens.com\/wp-content\/uploads\/2018\/04\/logo-siemens-ifl@2x.png","contentUrl":"https:\/\/solidedge.siemens.com\/wp-content\/uploads\/2018\/04\/logo-siemens-ifl@2x.png","width":640,"height":270,"caption":"Siemens Digital Industries Software"},"image":{"@id":"https:\/\/solidedge.siemens.com\/en\/#logo"}},{"@type":"WebSite","@id":"https:\/\/solidedge.siemens.com\/en\/#website","url":"https:\/\/solidedge.siemens.com\/en\/","name":"Solid Edge","description":"Siemens Software","publisher":{"@id":"https:\/\/solidedge.siemens.com\/en\/#organization"},"potentialAction":[{"@type":"SearchAction","target":{"@type":"EntryPoint","urlTemplate":"https:\/\/solidedge.siemens.com\/en\/?s={search_term_string}"},"query-input":"required name=search_term_string"}],"inLanguage":"cs"},{"@type":"WebPage","@id":"https:\/\/solidedge.siemens.com\/cs\/terms-conditions\/#webpage","url":"https:\/\/solidedge.siemens.com\/cs\/terms-conditions\/","name":"V&scaron;eobecn&eacute; podm&iacute;nky | Solid Edge | Siemens Software","isPartOf":{"@id":"https:\/\/solidedge.siemens.com\/en\/#website"},"datePublished":"2021-05-05T15:54:37+00:00","dateModified":"2021-05-05T15:57:05+00:00","breadcrumb":{"@id":"https:\/\/solidedge.siemens.com\/cs\/terms-conditions\/#breadcrumb"},"inLanguage":"cs","potentialAction":[{"@type":"ReadAction","target":["https:\/\/solidedge.siemens.com\/cs\/terms-conditions\/"]}]},{"@type":"BreadcrumbList","@id":"https:\/\/solidedge.siemens.com\/cs\/terms-conditions\/#breadcrumb","itemListElement":[{"@type":"ListItem","position":1,"name":"Home","item":"https:\/\/solidedge.siemens.com\/en\/home-5\/"},{"@type":"ListItem","position":2,"name":"V&scaron;eobecn&eacute; podm&iacute;nky"}]}]}},"_links":{"self":[{"href":"https:\/\/solidedge.siemens.com\/cs\/wp-json\/wp\/v2\/pages\/37051"}],"collection":[{"href":"https:\/\/solidedge.siemens.com\/cs\/wp-json\/wp\/v2\/pages"}],"about":[{"href":"https:\/\/solidedge.siemens.com\/cs\/wp-json\/wp\/v2\/types\/page"}],"author":[{"embeddable":true,"href":"https:\/\/solidedge.siemens.com\/cs\/wp-json\/wp\/v2\/users\/5"}],"replies":[{"embeddable":true,"href":"https:\/\/solidedge.siemens.com\/cs\/wp-json\/wp\/v2\/comments?post=37051"}],"version-history":[{"count":4,"href":"https:\/\/solidedge.siemens.com\/cs\/wp-json\/wp\/v2\/pages\/37051\/revisions"}],"predecessor-version":[{"id":37101,"href":"https:\/\/solidedge.siemens.com\/cs\/wp-json\/wp\/v2\/pages\/37051\/revisions\/37101"}],"wp:attachment":[{"href":"https:\/\/solidedge.siemens.com\/cs\/wp-json\/wp\/v2\/media?parent=37051"}],"curies":[{"name":"wp","href":"https:\/\/api.w.org\/{rel}","templated":true}]}}