{"id":2586,"date":"2018-03-30T14:43:09","date_gmt":"2018-03-30T18:43:09","guid":{"rendered":"https:\/\/solidedge.siemens.com\/3d-printing\/"},"modified":"2022-12-16T12:35:08","modified_gmt":"2022-12-16T17:35:08","slug":"3d-printing","status":"publish","type":"page","link":"https:\/\/solidedge.siemens.com\/cs\/solutions\/products\/3d-printing\/","title":{"rendered":"3D tisk"},"content":{"rendered":"<p>[vc_row el_class=&#8220;vc-row-page-image-intro&#8220;][vc_column][vc_column_text]<\/p>\n<h1>3D tisk<\/h1>\n<p>[\/vc_column_text][vc_row_inner][vc_column_inner width=&#8220;5\/12&#8243;][vc_single_image image=&#8220;1067&#8243; img_size=&#8220;medium&#8220; alignment=&#8220;center&#8220;][\/vc_column_inner][vc_column_inner width=&#8220;7\/12&#8243;][vc_column_text]<\/p>\n<p class=\"f-larger c-black\"><strong>N\u00e1vrh pro 3D tisk<\/strong><\/p>\n<p><span>3D tisk je z \u010d\u00e1sti v\u011bda a z \u010d\u00e1sti um\u011bn\u00ed. Efektivn\u00ed n\u00e1vrh pro 3D tisk znamen\u00e1 pochopit proces tisku, p\u0159izp\u016fsobit se mu a odhalit c\u00edle, ke kter\u00fdm mus\u00ed n\u00e1vrh sm\u011b\u0159ovat.<\/span><\/p>\n<p>Solid Edge tyto pot\u0159eby spl\u0148uje a\u0165 u\u017e vytv\u00e1\u0159\u00edte po\u010d\u00e1te\u010dn\u00ed prototyp nebo kone\u010dn\u00fd v\u00fdrobek.[\/vc_column_text][vc_column_text]<\/p>\n<p style=\"text-align: right;\"><a class=\"action-button\" href=\"https:\/\/solidedge.siemens.com\/cs\/free-software\/overview\/\"><i class=\"icon-ext\"><\/i>Bezplatn\u00e1 zku\u0161ebn\u00ed verze Solid Edge<\/a><\/p>\n<p>[\/vc_column_text][\/vc_column_inner][\/vc_row_inner][\/vc_column][\/vc_row][vc_row full_width=&#8220;stretch_row&#8220; equal_height=&#8220;yes&#8220; css=&#8220;.vc_custom_1525449518142{background-color: #ebf0f5 !important;}&#8220;][vc_column][vc_column_text el_class=&#8220;vc-el-lead-in&#8220;]Funkce<\/p>\n<h2>Tvorba \u0161pi\u010dkov\u00fdch v\u00fdrobk\u016f pomoc\u00ed nejnov\u011bj\u0161\u00edch technik<\/h2>\n<p>Na\u0161e n\u00e1stroje podporuj\u00ed cel\u00fd pracovn\u00ed postup od n\u00e1vrhu pro 3D tisk a\u017e po p\u0159\u00edpravu a odesl\u00e1n\u00ed do za\u0159\u00edzen\u00ed nebo slu\u017eby pro barevn\u00fd tisk.[\/vc_column_text][vc_row_inner equal_height=&#8220;yes&#8220; el_class=&#8220;vc-row-image-teasers&#8220;][vc_column_inner width=&#8220;1\/3&#8243;][vc_single_image image=&#8220;1293&#8243; img_size=&#8220;full&#8220;][vc_column_text]<\/p>\n<h3>Prozkoumejte nov\u00e9 koncepce<br \/>\ns generativn\u00edm n\u00e1vrhem<\/h3>\n<p><a href=\"https:\/\/solidedge.siemens.com\/cs\/solutions\/products\/3d-design\/next-generation-design\/generative-design\/\">Generativn\u00ed n\u00e1vrh<\/a> kombinuje v\u00fdkonn\u00e9 n\u00e1stroje n\u00e1vrhu s optimalizac\u00ed topologie, co\u017e umo\u017e\u0148uje rychlou tvorbu speci\u00e1ln\u00edch tvar\u016f, kter\u00e9 jsou obzvl\u00e1\u0161t\u011b vhodn\u00e9 pro 3D tisk.[\/vc_column_text][\/vc_column_inner][vc_column_inner width=&#8220;1\/3&#8243;][vc_single_image image=&#8220;17024&#8243; img_size=&#8220;full&#8220;][vc_column_text]<\/p>\n<h3>P\u0159\u00edprava geometrie pro aditivn\u00ed techniky<\/h3>\n<p>Kombinujte tradi\u010dn\u00ed objemov\u00e9 modely \u201eb-rep\u201c s modely s troj\u00faheln\u00edkovou s\u00edt\u00ed bez zdlouhav\u00fdch a komplikovan\u00fdch p\u0159evod\u016f. T\u00edmto zp\u016fsobem je mo\u017en\u00e9 sn\u00ed\u017eit m\u00edru p\u0159epracov\u00e1v\u00e1n\u00ed a vyu\u017e\u00edt v\u00fdhod aditivn\u00ed v\u00fdroby u slo\u017eit\u00fdch tvar\u016f.[\/vc_column_text][\/vc_column_inner][vc_column_inner width=&#8220;1\/3&#8243;][vc_single_image image=&#8220;15376&#8243; img_size=&#8220;full&#8220;][vc_column_text]<\/p>\n<h3>P\u0159\u00edm\u00fd v\u00fdstup model\u016f<br \/>\ndo 3D tisk\u00e1rny.<\/h3>\n<p>Solid Edge umo\u017e\u0148uje odes\u00edl\u00e1n\u00ed model\u016f sou\u010d\u00e1st\u00ed do 3D tisk\u00e1ren pomoc\u00ed p\u0159\u00edkazu 3D tisk. Sou\u010d\u00e1sti je mo\u017en\u00e9 ukl\u00e1dat do form\u00e1t\u016f .stl a .3MF, p\u0159\u00edpadn\u011b je odes\u00edlat p\u0159\u00edmo do aplikace Microsoft 3D Builder. D\u00edky tomu lze tisknout p\u0159\u00edmo v podniku s automatizovanou p\u0159\u00edpravou tisku v\u010detn\u011b barevn\u00e9ho tisku.[\/vc_column_text][\/vc_column_inner][vc_column_inner width=&#8220;1\/3&#8243;][vc_column_text]<\/p>\n<h3>Rychl\u00e9 nab\u00eddky a sou\u010d\u00e1sti<br \/>\nbudou doru\u010deny a\u017e k v\u00e1m<\/h3>\n<p>D\u00edky Solid Edge je tak\u00e9 mo\u017en\u00e9 odeslat n\u00e1vrhy p\u0159\u00edmo do slu\u017eeb 3D tisku v cloudu, nap\u0159\u00edklad <a href=\"http:\/\/solidedge.3yourmind.com\/\">3YOURMIND<\/a> a po\u017e\u00e1dat o nab\u00eddky tisku v\u010detn\u011b porovn\u00e1n\u00ed cen a \u010dasu dod\u00e1n\u00ed u sou\u010d\u00e1st\u00ed z r\u016fzn\u00fdch materi\u00e1l\u016f, v\u010detn\u011b doru\u010den\u00ed na v\u00e1mi zadanou adresu.[\/vc_column_text][\/vc_column_inner][\/vc_row_inner][\/vc_column][\/vc_row][vc_row full_width=&#8220;stretch_row&#8220; el_class=&#8220;vc-row-video-highlight&#8220;][vc_column][vc_column_text el_class=&#8220;vc-el-lead-in&#8220;]Video<\/p>\n<h2>Solid Edge umo\u017e\u0148uje snadn\u00fd n\u00e1vrh pro 3D tisk<\/h2>\n<p class=\"see-more\" style=\"text-align: right;\"><a href=\"https:\/\/solidedge.siemens.com\/cs\/resources\/videos\/\">Zhl\u00e9dnout dal\u0161\u00ed videa<\/a><\/p>\n<p>[\/vc_column_text]\n\n\n  <div id=\"wpv-view-layout-567-CATTRb5c041e59de81672a7b1d849506a3d5e\" class=\"js-wpv-view-layout js-wpv-layout-responsive js-wpv-view-layout-567-CATTRb5c041e59de81672a7b1d849506a3d5e\" data-viewnumber=\"567-CATTRb5c041e59de81672a7b1d849506a3d5e\" data-pagination=\"{&quot;id&quot;:567,&quot;query&quot;:&quot;normal&quot;,&quot;type&quot;:&quot;disabled&quot;,&quot;effect&quot;:&quot;fade&quot;,&quot;duration&quot;:500,&quot;speed&quot;:5,&quot;pause_on_hover&quot;:&quot;disabled&quot;,&quot;stop_rollover&quot;:&quot;false&quot;,&quot;cache_pages&quot;:&quot;enabled&quot;,&quot;preload_images&quot;:&quot;enabled&quot;,&quot;preload_pages&quot;:&quot;enabled&quot;,&quot;preload_reach&quot;:1,&quot;spinner&quot;:&quot;builtin&quot;,&quot;spinner_image&quot;:&quot;https:\/\/solidedge.siemens.com\/wp-content\/plugins\/wp-views\/embedded\/res\/img\/ajax-loader.gif&quot;,&quot;callback_next&quot;:&quot;&quot;,&quot;manage_history&quot;:&quot;disabled&quot;,&quot;has_controls_in_form&quot;:&quot;disabled&quot;,&quot;infinite_tolerance&quot;:&quot;0&quot;,&quot;max_pages&quot;:0,&quot;page&quot;:1,&quot;base_permalink&quot;:&quot;\/cs\/wp-json\/wp\/v2\/pages\/2586?wpv_view_count=567-CATTRb5c041e59de81672a7b1d849506a3d5e&amp;wpv_paged=WPV_PAGE_NUM&quot;,&quot;loop&quot;:{&quot;type&quot;:&quot;&quot;,&quot;name&quot;:&quot;&quot;,&quot;data&quot;:[],&quot;id&quot;:0}}\" data-permalink=\"\/cs\/wp-json\/wp\/v2\/pages\/2586?wpv_view_count=567-CATTRb5c041e59de81672a7b1d849506a3d5e\">\n\n  \n  <div class=\"wpv-resources\"><a name=\"video\" class=\"video-anchor\"><\/a>\n    <div id=\"ult-carousel-1209826169e06d84e77db\" class=\"ult-carousel-wrapper  vc-el-carousel-videos-embedded ult_horizontal\" data-gutter=\"0\" data-rtl=\"false\" ><div class=\"ult-carousel-105140964869e06d84e77b6 \" >\n    \n    \n       <div><!-- slide container -->\n        <div class=\"wpv-resources-item\" data-mh=\".wpv-resources-item\">\n          <div class=\"resources-item-poster\">\n              <div id=\"wpfp_5d6445c2eddcc2b0deb2f6beb7a95390\" data-item=\"{&quot;sources&quot;:&#091;{&quot;src&quot;:&quot;https:\\\/\\\/media.plm.automation.siemens.com\\\/solidedge\\\/st10-design-for-3d-printing-in-solid-edge.mp4&quot;,&quot;type&quot;:&quot;video\\\/mp4&quot;}&#093;}\" class=\"flowplayer no-brand is-splash no-svg is-paused skin-slim fp-slim fp-edgy\" data-embed=\"false\" style=\"max-width: 1140px; max-height: 640px; background-image: url(https:\/\/solidedge.siemens.com\/wp-content\/uploads\/2018\/04\/vc-bg-hero-generative-design.jpg);\" data-ratio=\"0.5614\" data-advance=\"false\">\n\t<div class=\"fp-ratio\" style=\"padding-top: 56.14%\"><\/div>\n\t<div class=\"fp-ui\"><div class=\"fp-play fp-visible\"><a class=\"fp-icon fp-playbtn\"><\/a><\/div><\/div>\n\n<\/div>\n\n              \n          <\/div>\n        <\/div>\n      <\/div>\n    \n    \n    <\/div><\/div>\t\t\t<script type=\"text\/javascript\">\r\n\t\t\t\tjQuery(document).ready(function ($) {\r\n\t\t\t\t\tif( typeof jQuery('.ult-carousel-105140964869e06d84e77b6').slick == \"function\"){\r\n\t\t\t\t\t\t$('.ult-carousel-105140964869e06d84e77b6').slick({dots: true,autoplaySpeed: 5000,speed: 500,infinite: false,arrows: true,nextArrow: '<button type=\"button\" role=\"button\" aria-label=\"Next\" style=\"color:#ffffff; font-size:30px;background:rgba(47,56,60,0.5);\" class=\"slick-next square-bg\"><i class=\"ultsl-arrow-right6\"><\/i><\/button>',prevArrow: '<button type=\"button\" role=\"button\" aria-label=\"Previous\" style=\"color:#ffffff; font-size:30px;background:rgba(47,56,60,0.5);\" class=\"slick-prev square-bg\"><i class=\"ultsl-arrow-left6\"><\/i><\/button>',slidesToScroll:1,slidesToShow:1,swipe: true,draggable: true,touchMove: true,pauseOnHover: true,pauseOnFocus: false,responsive: [\r\n\t\t\t\t\t\t\t{\r\n\t\t\t\t\t\t\t  breakpoint: 1026,\r\n\t\t\t\t\t\t\t  settings: {\r\n\t\t\t\t\t\t\t\tslidesToShow: 1,\r\n\t\t\t\t\t\t\t\tslidesToScroll: 1,  \r\n\t\t\t\t\t\t\t  }\r\n\t\t\t\t\t\t\t},\r\n\t\t\t\t\t\t\t{\r\n\t\t\t\t\t\t\t  breakpoint: 1025,\r\n\t\t\t\t\t\t\t  settings: {\r\n\t\t\t\t\t\t\t\tslidesToShow: 1,\r\n\t\t\t\t\t\t\t\tslidesToScroll: 1\r\n\t\t\t\t\t\t\t  }\r\n\t\t\t\t\t\t\t},\r\n\t\t\t\t\t\t\t{\r\n\t\t\t\t\t\t\t  breakpoint: 760,\r\n\t\t\t\t\t\t\t  settings: {\r\n\t\t\t\t\t\t\t\tslidesToShow: 1,\r\n\t\t\t\t\t\t\t\tslidesToScroll: 1\r\n\t\t\t\t\t\t\t  }\r\n\t\t\t\t\t\t\t}\r\n\t\t\t\t\t\t],pauseOnDotsHover: true,customPaging: function(slider, i) {\r\n                   return '<i type=\"button\" style= \"color:#788891;\" class=\"ultsl-record\" data-role=\"none\"><\/i>';\r\n                },});\r\n\t\t\t\t\t}\r\n\t\t\t\t});\r\n\t\t\t<\/script>\r\n\t\t\t\n  <\/div>\n  \n  \n  <\/div>\n[\/vc_column][\/vc_row][vc_row full_width=&#8220;stretch_row&#8220; el_class=&#8220;vc-row-free-software&#8220; css=&#8220;.vc_custom_1523912493378{background-color: #006486 !important;}&#8220;][vc_column][vc_column_text el_class=&#8220;vc-el-lead-in&#8220;]BEZPLATN\u00dd software<\/p>\n<h2>Bezplatn\u00fd software pro 3D n\u00e1vrh<\/h2>\n<p>[\/vc_column_text][vc_row_inner equal_height=&#8220;yes&#8220;][vc_column_inner width=&#8220;1\/2&#8243; offset=&#8220;vc_col-md-5&#8243;]<div class=\"wpb_content_block wpb_content_element\"><div class=\"wpb_wrapper\"><div class=\"content_block\" id=\"custom_post_widget-1068\"><p>[vc_row][vc_column][vc_column_text]<\/p>\n<h3>St\u00e1hn\u011bte si bezplatnou verzi Solid Edge pro studenty<\/h3>\n<p>Navrhujte pro 3D tisk v bezplatn\u00e9 verzi Solid Edge Student Edition. [\/vc_column_text][vc_column_text]<a class=\"action-button\" href=\"https:\/\/www.plm.automation.siemens.com\/plmapp\/education\/solid-edge\/cs_cz\/free-software\/student\"><i class=\"icon-ext\"><\/i>St\u00e1hnout nyn\u00ed<\/a>[\/vc_column_text][\/vc_column][\/vc_row]<\/p>\n<\/div><\/div><\/div>[\/vc_column_inner][vc_column_inner width=&#8220;1\/2&#8243; offset=&#8220;vc_col-md-offset-2 vc_col-md-5&#8243;]<div class=\"wpb_content_block wpb_content_element\"><div class=\"wpb_wrapper\"><div class=\"content_block\" id=\"custom_post_widget-419\"><p>[vc_row][vc_column][vc_column_text]<\/p>\n<h3>Bezplatn\u00fd software pro v\u00e1\u0161 startup<\/h3>\n<p>Pokud pr\u00e1v\u011b spou\u0161t\u00edte v\u00e1\u0161 startup a podnik\u00e1te m\u00e9n\u011b ne\u017e t\u0159i roky, m\u016f\u017eete z\u00edskat bezplatnou verzi Solid Edge. A to bez poplatku![\/vc_column_text][vc_column_text]<a class=\"action-button\" href=\"https:\/\/www.plm.automation.siemens.com\/global\/en\/topic\/solid-edge-for-startups\/8335\"><i class=\"icon-ext\"><\/i>Za\u017e\u00e1dat nyn\u00ed<\/a>[\/vc_column_text][\/vc_column][\/vc_row]<\/p>\n<\/div><\/div><\/div>[\/vc_column_inner][\/vc_row_inner][\/vc_column][\/vc_row][vc_row full_width=&#8220;stretch_row&#8220; el_class=&#8220;vc-row-related-content&#8220; css=&#8220;.vc_custom_1524184785822{background-color: #347eb5 !important;}&#8220;][vc_column][vc_column_text]<\/p>\n<h2>Souvisej\u00edc\u00ed obsah<\/h2>\n<p>[\/vc_column_text]<div id=\"ult-carousel-24958631169e06d84f1cbf\" class=\"ult-carousel-wrapper  vc-el-carousel-related-content ult_horizontal\" data-gutter=\"0\" data-rtl=\"false\" ><div class=\"ult-carousel-151857797769e06d84f1c9f \" >[vc_column_text]<a href=\"https:\/\/www.plm.automation.siemens.com\/store\/en-us\/solid-edge\/\">Koupit Solid Edge v online obchod\u011b<\/a>[\/vc_column_text][vc_column_text]<a href=\"https:\/\/www.plm.automation.siemens.com\/global\/en\/topic\/3d-printing\/32541\">E-kniha<br \/>\n3D tisk: Rychl\u00e9 tipy pro vyti\u0161t\u011bn\u00ed objektu z\u00a0CAD n\u00e1vrhu<\/a>[\/vc_column_text][vc_column_text]<a href=\"https:\/\/solidedge.siemens.com\/en\/resource\/infographic\/future-of-manufacturing-and-3d-printing\/\">Budoucnost v\u00fdroby a 3D tisku<\/a>[\/vc_column_text]<\/div><\/div>\t\t\t<script type=\"text\/javascript\">\r\n\t\t\t\tjQuery(document).ready(function ($) {\r\n\t\t\t\t\tif( typeof jQuery('.ult-carousel-151857797769e06d84f1c9f').slick == \"function\"){\r\n\t\t\t\t\t\t$('.ult-carousel-151857797769e06d84f1c9f').slick({dots: true,autoplaySpeed: 5000,speed: 500,infinite: false,arrows: true,nextArrow: '<button type=\"button\" role=\"button\" aria-label=\"Next\" style=\"color:#ffffff; font-size:30px;background:rgba(255,255,255,0.2);\" class=\"slick-next square-bg\"><i class=\"ultsl-arrow-right6\"><\/i><\/button>',prevArrow: '<button type=\"button\" role=\"button\" aria-label=\"Previous\" style=\"color:#ffffff; font-size:30px;background:rgba(255,255,255,0.2);\" class=\"slick-prev square-bg\"><i class=\"ultsl-arrow-left6\"><\/i><\/button>',slidesToScroll:4,slidesToShow:4,swipe: true,draggable: true,touchMove: true,pauseOnHover: true,pauseOnFocus: false,responsive: [\r\n\t\t\t\t\t\t\t{\r\n\t\t\t\t\t\t\t  breakpoint: 1026,\r\n\t\t\t\t\t\t\t  settings: {\r\n\t\t\t\t\t\t\t\tslidesToShow: 4,\r\n\t\t\t\t\t\t\t\tslidesToScroll: 4,  \r\n\t\t\t\t\t\t\t  }\r\n\t\t\t\t\t\t\t},\r\n\t\t\t\t\t\t\t{\r\n\t\t\t\t\t\t\t  breakpoint: 1025,\r\n\t\t\t\t\t\t\t  settings: {\r\n\t\t\t\t\t\t\t\tslidesToShow: 2,\r\n\t\t\t\t\t\t\t\tslidesToScroll: 2\r\n\t\t\t\t\t\t\t  }\r\n\t\t\t\t\t\t\t},\r\n\t\t\t\t\t\t\t{\r\n\t\t\t\t\t\t\t  breakpoint: 760,\r\n\t\t\t\t\t\t\t  settings: {\r\n\t\t\t\t\t\t\t\tslidesToShow: 1,\r\n\t\t\t\t\t\t\t\tslidesToScroll: 1\r\n\t\t\t\t\t\t\t  }\r\n\t\t\t\t\t\t\t}\r\n\t\t\t\t\t\t],pauseOnDotsHover: true,customPaging: function(slider, i) {\r\n                   return '<i type=\"button\" style= \"color:#ffffff;\" class=\"ultsl-record\" data-role=\"none\"><\/i>';\r\n                },});\r\n\t\t\t\t\t}\r\n\t\t\t\t});\r\n\t\t\t<\/script>\r\n\t\t\t[\/vc_column][\/vc_row][vc_row full_width=&#8220;stretch_row&#8220; el_class=&#8220;footer-contact&#8220; css=&#8220;.vc_custom_1550170708528{background-color: #dedee3 !important;}&#8220;][vc_column]<div class=\"wpb_content_block wpb_content_element\"><div class=\"wpb_wrapper\"><\/div><\/div>[\/vc_column][\/vc_row]<\/p>\n","protected":false},"excerpt":{"rendered":"<p> 3D tisk [\/vc_column_text][\/vc_column_inner] N\u00e1vrh pro 3D tisk 3D tisk je z \u010d\u00e1sti v\u011bda a z \u010d\u00e1sti um\u011bn\u00ed. Efektivn\u00ed n\u00e1vrh pro 3D tisk znamen\u00e1 pochopit proces tisku, p\u0159izp\u016fsobit se mu a odhalit c\u00edle, ke kter\u00fdm mus\u00ed n\u00e1vrh sm\u011b\u0159ovat. Solid Edge tyto pot\u0159eby spl\u0148uje a\u0165 u\u017e vytv\u00e1\u0159\u00edte po\u010d\u00e1te\u010dn\u00ed prototyp nebo [&hellip;]<\/p>\n","protected":false},"author":5,"featured_media":0,"parent":2619,"menu_order":8,"comment_status":"closed","ping_status":"closed","template":"","meta":{"inline_featured_image":false},"yoast_head":"<!-- This site is optimized with the Yoast SEO plugin v18.4.1 - https:\/\/yoast.com\/wordpress\/plugins\/seo\/ -->\n<title>\u0158e\u0161en\u00ed pro 3D tisk | Aditivn\u00ed v\u00fdroba | Solid Edge<\/title>\n<meta name=\"description\" content=\"Solid Edge nab\u00edz\u00ed v\u0161e pot\u0159ebn\u00e9 k 3D tisku, a\u0165 u\u017e pou\u017e\u00edv\u00e1te vlastn\u00ed 3D tisk\u00e1rnu nebo vyu\u017e\u00edv\u00e1te extern\u00ed slu\u017ebu aditivn\u00ed v\u00fdroby.\" \/>\n<meta name=\"robots\" content=\"index, follow, max-snippet:-1, max-image-preview:large, max-video-preview:-1\" \/>\n<link rel=\"canonical\" href=\"https:\/\/solidedge.siemens.com\/cs\/solutions\/products\/3d-printing\/\" \/>\n<meta property=\"og:locale\" content=\"cs_CZ\" \/>\n<meta property=\"og:type\" content=\"article\" \/>\n<meta property=\"og:title\" content=\"\u0158e\u0161en\u00ed pro 3D tisk | Aditivn\u00ed v\u00fdroba | Solid Edge\" \/>\n<meta property=\"og:description\" content=\"Solid Edge nab\u00edz\u00ed v\u0161e pot\u0159ebn\u00e9 k 3D tisku, a\u0165 u\u017e pou\u017e\u00edv\u00e1te vlastn\u00ed 3D tisk\u00e1rnu nebo vyu\u017e\u00edv\u00e1te extern\u00ed slu\u017ebu aditivn\u00ed v\u00fdroby.\" \/>\n<meta property=\"og:url\" content=\"https:\/\/solidedge.siemens.com\/cs\/solutions\/products\/3d-printing\/\" \/>\n<meta property=\"og:site_name\" content=\"Solid Edge\" \/>\n<meta property=\"article:publisher\" content=\"https:\/\/www.facebook.com\/solidedge\" \/>\n<meta property=\"article:modified_time\" content=\"2022-12-16T17:35:08+00:00\" \/>\n<meta name=\"twitter:card\" content=\"summary_large_image\" \/>\n<meta name=\"twitter:site\" content=\"@siemensplm\" \/>\n<meta name=\"twitter:label1\" content=\"Odhadovan\u00e1 doba \u010dten\u00ed\" \/>\n\t<meta name=\"twitter:data1\" content=\"2 minuty\" \/>\n<script type=\"application\/ld+json\" class=\"yoast-schema-graph\">{\"@context\":\"https:\/\/schema.org\",\"@graph\":[{\"@type\":\"Organization\",\"@id\":\"https:\/\/solidedge.siemens.com\/en\/#organization\",\"name\":\"Siemens Digital Industries Software\",\"url\":\"https:\/\/solidedge.siemens.com\/en\/\",\"sameAs\":[\"https:\/\/www.facebook.com\/solidedge\",\"https:\/\/www.instagram.com\/siemens\/\",\"https:\/\/www.linkedin.com\/company\/siemens-plm-software\",\"https:\/\/www.youtube.com\/user\/PolarionSoftware\",\"https:\/\/twitter.com\/siemensplm\"],\"logo\":{\"@type\":\"ImageObject\",\"@id\":\"https:\/\/solidedge.siemens.com\/en\/#logo\",\"inLanguage\":\"cs\",\"url\":\"https:\/\/solidedge.siemens.com\/wp-content\/uploads\/2018\/04\/logo-siemens-ifl@2x.png\",\"contentUrl\":\"https:\/\/solidedge.siemens.com\/wp-content\/uploads\/2018\/04\/logo-siemens-ifl@2x.png\",\"width\":640,\"height\":270,\"caption\":\"Siemens Digital Industries Software\"},\"image\":{\"@id\":\"https:\/\/solidedge.siemens.com\/en\/#logo\"}},{\"@type\":\"WebSite\",\"@id\":\"https:\/\/solidedge.siemens.com\/en\/#website\",\"url\":\"https:\/\/solidedge.siemens.com\/en\/\",\"name\":\"Solid Edge\",\"description\":\"Siemens Software\",\"publisher\":{\"@id\":\"https:\/\/solidedge.siemens.com\/en\/#organization\"},\"potentialAction\":[{\"@type\":\"SearchAction\",\"target\":{\"@type\":\"EntryPoint\",\"urlTemplate\":\"https:\/\/solidedge.siemens.com\/en\/?s={search_term_string}\"},\"query-input\":\"required name=search_term_string\"}],\"inLanguage\":\"cs\"},{\"@type\":\"WebPage\",\"@id\":\"https:\/\/solidedge.siemens.com\/cs\/solutions\/products\/3d-printing\/#webpage\",\"url\":\"https:\/\/solidedge.siemens.com\/cs\/solutions\/products\/3d-printing\/\",\"name\":\"\u0158e\u0161en\u00ed pro 3D tisk | Aditivn\u00ed v\u00fdroba | Solid Edge\",\"isPartOf\":{\"@id\":\"https:\/\/solidedge.siemens.com\/en\/#website\"},\"datePublished\":\"2018-03-30T18:43:09+00:00\",\"dateModified\":\"2022-12-16T17:35:08+00:00\",\"description\":\"Solid Edge nab\u00edz\u00ed v\u0161e pot\u0159ebn\u00e9 k 3D tisku, a\u0165 u\u017e pou\u017e\u00edv\u00e1te vlastn\u00ed 3D tisk\u00e1rnu nebo vyu\u017e\u00edv\u00e1te extern\u00ed slu\u017ebu aditivn\u00ed v\u00fdroby.\",\"breadcrumb\":{\"@id\":\"https:\/\/solidedge.siemens.com\/cs\/solutions\/products\/3d-printing\/#breadcrumb\"},\"inLanguage\":\"cs\",\"potentialAction\":[{\"@type\":\"ReadAction\",\"target\":[\"https:\/\/solidedge.siemens.com\/cs\/solutions\/products\/3d-printing\/\"]}]},{\"@type\":\"BreadcrumbList\",\"@id\":\"https:\/\/solidedge.siemens.com\/cs\/solutions\/products\/3d-printing\/#breadcrumb\",\"itemListElement\":[{\"@type\":\"ListItem\",\"position\":1,\"name\":\"Home\",\"item\":\"https:\/\/solidedge.siemens.com\/en\/home-5\/\"},{\"@type\":\"ListItem\",\"position\":2,\"name\":\"\u0158e&scaron;en&iacute;\",\"item\":\"https:\/\/solidedge.siemens.com\/cs\/solutions\/\"},{\"@type\":\"ListItem\",\"position\":3,\"name\":\"Produkty\",\"item\":\"https:\/\/solidedge.siemens.com\/cs\/solutions\/products\/\"},{\"@type\":\"ListItem\",\"position\":4,\"name\":\"3D tisk\"}]}]}<\/script>\n<!-- \/ Yoast SEO plugin. -->","yoast_head_json":{"title":"\u0158e\u0161en\u00ed pro 3D tisk | Aditivn\u00ed v\u00fdroba | Solid Edge","description":"Solid Edge nab\u00edz\u00ed v\u0161e pot\u0159ebn\u00e9 k 3D tisku, a\u0165 u\u017e pou\u017e\u00edv\u00e1te vlastn\u00ed 3D tisk\u00e1rnu nebo vyu\u017e\u00edv\u00e1te extern\u00ed slu\u017ebu aditivn\u00ed v\u00fdroby.","robots":{"index":"index","follow":"follow","max-snippet":"max-snippet:-1","max-image-preview":"max-image-preview:large","max-video-preview":"max-video-preview:-1"},"canonical":"https:\/\/solidedge.siemens.com\/cs\/solutions\/products\/3d-printing\/","og_locale":"cs_CZ","og_type":"article","og_title":"\u0158e\u0161en\u00ed pro 3D tisk | Aditivn\u00ed v\u00fdroba | Solid Edge","og_description":"Solid Edge nab\u00edz\u00ed v\u0161e pot\u0159ebn\u00e9 k 3D tisku, a\u0165 u\u017e pou\u017e\u00edv\u00e1te vlastn\u00ed 3D tisk\u00e1rnu nebo vyu\u017e\u00edv\u00e1te extern\u00ed slu\u017ebu aditivn\u00ed v\u00fdroby.","og_url":"https:\/\/solidedge.siemens.com\/cs\/solutions\/products\/3d-printing\/","og_site_name":"Solid Edge","article_publisher":"https:\/\/www.facebook.com\/solidedge","article_modified_time":"2022-12-16T17:35:08+00:00","twitter_card":"summary_large_image","twitter_site":"@siemensplm","twitter_misc":{"Odhadovan\u00e1 doba \u010dten\u00ed":"2 minuty"},"schema":{"@context":"https:\/\/schema.org","@graph":[{"@type":"Organization","@id":"https:\/\/solidedge.siemens.com\/en\/#organization","name":"Siemens Digital Industries Software","url":"https:\/\/solidedge.siemens.com\/en\/","sameAs":["https:\/\/www.facebook.com\/solidedge","https:\/\/www.instagram.com\/siemens\/","https:\/\/www.linkedin.com\/company\/siemens-plm-software","https:\/\/www.youtube.com\/user\/PolarionSoftware","https:\/\/twitter.com\/siemensplm"],"logo":{"@type":"ImageObject","@id":"https:\/\/solidedge.siemens.com\/en\/#logo","inLanguage":"cs","url":"https:\/\/solidedge.siemens.com\/wp-content\/uploads\/2018\/04\/logo-siemens-ifl@2x.png","contentUrl":"https:\/\/solidedge.siemens.com\/wp-content\/uploads\/2018\/04\/logo-siemens-ifl@2x.png","width":640,"height":270,"caption":"Siemens Digital Industries Software"},"image":{"@id":"https:\/\/solidedge.siemens.com\/en\/#logo"}},{"@type":"WebSite","@id":"https:\/\/solidedge.siemens.com\/en\/#website","url":"https:\/\/solidedge.siemens.com\/en\/","name":"Solid Edge","description":"Siemens Software","publisher":{"@id":"https:\/\/solidedge.siemens.com\/en\/#organization"},"potentialAction":[{"@type":"SearchAction","target":{"@type":"EntryPoint","urlTemplate":"https:\/\/solidedge.siemens.com\/en\/?s={search_term_string}"},"query-input":"required name=search_term_string"}],"inLanguage":"cs"},{"@type":"WebPage","@id":"https:\/\/solidedge.siemens.com\/cs\/solutions\/products\/3d-printing\/#webpage","url":"https:\/\/solidedge.siemens.com\/cs\/solutions\/products\/3d-printing\/","name":"\u0158e\u0161en\u00ed pro 3D tisk | Aditivn\u00ed v\u00fdroba | Solid Edge","isPartOf":{"@id":"https:\/\/solidedge.siemens.com\/en\/#website"},"datePublished":"2018-03-30T18:43:09+00:00","dateModified":"2022-12-16T17:35:08+00:00","description":"Solid Edge nab\u00edz\u00ed v\u0161e pot\u0159ebn\u00e9 k 3D tisku, a\u0165 u\u017e pou\u017e\u00edv\u00e1te vlastn\u00ed 3D tisk\u00e1rnu nebo vyu\u017e\u00edv\u00e1te extern\u00ed slu\u017ebu aditivn\u00ed v\u00fdroby.","breadcrumb":{"@id":"https:\/\/solidedge.siemens.com\/cs\/solutions\/products\/3d-printing\/#breadcrumb"},"inLanguage":"cs","potentialAction":[{"@type":"ReadAction","target":["https:\/\/solidedge.siemens.com\/cs\/solutions\/products\/3d-printing\/"]}]},{"@type":"BreadcrumbList","@id":"https:\/\/solidedge.siemens.com\/cs\/solutions\/products\/3d-printing\/#breadcrumb","itemListElement":[{"@type":"ListItem","position":1,"name":"Home","item":"https:\/\/solidedge.siemens.com\/en\/home-5\/"},{"@type":"ListItem","position":2,"name":"\u0158e&scaron;en&iacute;","item":"https:\/\/solidedge.siemens.com\/cs\/solutions\/"},{"@type":"ListItem","position":3,"name":"Produkty","item":"https:\/\/solidedge.siemens.com\/cs\/solutions\/products\/"},{"@type":"ListItem","position":4,"name":"3D tisk"}]}]}},"_links":{"self":[{"href":"https:\/\/solidedge.siemens.com\/cs\/wp-json\/wp\/v2\/pages\/2586"}],"collection":[{"href":"https:\/\/solidedge.siemens.com\/cs\/wp-json\/wp\/v2\/pages"}],"about":[{"href":"https:\/\/solidedge.siemens.com\/cs\/wp-json\/wp\/v2\/types\/page"}],"author":[{"embeddable":true,"href":"https:\/\/solidedge.siemens.com\/cs\/wp-json\/wp\/v2\/users\/5"}],"replies":[{"embeddable":true,"href":"https:\/\/solidedge.siemens.com\/cs\/wp-json\/wp\/v2\/comments?post=2586"}],"version-history":[{"count":5,"href":"https:\/\/solidedge.siemens.com\/cs\/wp-json\/wp\/v2\/pages\/2586\/revisions"}],"predecessor-version":[{"id":65920,"href":"https:\/\/solidedge.siemens.com\/cs\/wp-json\/wp\/v2\/pages\/2586\/revisions\/65920"}],"up":[{"embeddable":true,"href":"https:\/\/solidedge.siemens.com\/cs\/wp-json\/wp\/v2\/pages\/2619"}],"wp:attachment":[{"href":"https:\/\/solidedge.siemens.com\/cs\/wp-json\/wp\/v2\/media?parent=2586"}],"curies":[{"name":"wp","href":"https:\/\/api.w.org\/{rel}","templated":true}]}}