{"id":2580,"date":"2018-03-30T14:43:50","date_gmt":"2018-03-30T18:43:50","guid":{"rendered":"https:\/\/solidedge.siemens.com\/technical-publications\/"},"modified":"2022-06-24T09:55:10","modified_gmt":"2022-06-24T13:55:10","slug":"technical-publications","status":"publish","type":"page","link":"https:\/\/solidedge.siemens.com\/cs\/solutions\/products\/technical-publications\/","title":{"rendered":"Technick&eacute; publikace"},"content":{"rendered":"<p>[vc_row full_width=&#8220;stretch_row&#8220; full_height=&#8220;yes&#8220; content_placement=&#8220;middle&#8220; css=&#8220;.vc_custom_1632494299292{background: #a6a6a6 url(https:\/\/solidedge.siemens.com\/wp-content\/uploads\/2021\/09\/TechPubsCognasphereHeaderv1.png?id=50672) !important;background-position: center !important;background-repeat: no-repeat !important;background-size: cover !important;}&#8220; el_class=&#8220;vc-row-hero-banner&#8220;][vc_column][vc_column_text el_class=&#8220;.vc-el-callout&#8220;]<\/p>\n<h1>Technical Publications<\/h1>\n<p>The ability to clearly communicate the correct manufacturing, installation and maintenance procedures for your designs is essential to the performance of your products and the success of your business. Using Solid Edge technical publications solutions, your designers can quickly create many types of technical documents\u2014from simple illustrations for end user manuals to interactive 3D technical documents for manufacturing and service. You can reduce the need for specialist technical authors or external services and produce top quality documents in-house.<\/p>\n<p><a class=\"action-button\" href=\"https:\/\/trials.sw.siemens.com\/en-US\/trials\/solid-edge-3d-publishing\"><i class=\"icon-ext\"><\/i>Try Solid Edge 3D Publishing for free<\/a>[\/vc_column_text][\/vc_column][\/vc_row][vc_row full_width=&#8220;stretch_row&#8220; el_class=&#8220;vc-row-checklist&#8220; css=&#8220;.vc_custom_1525013592547{background-color: #ebf0f5 !important;}&#8220;][vc_column][vc_column_text el_class=&#8220;vc-el-lead-in&#8220;]Funkce<\/p>\n<h2>Pracujte p\u0159\u00edmo se sou\u010d\u00e1stmi a sestavami Solid Edge<\/h2>\n<p>\u0158e\u0161en\u00ed technick\u00fdch publikac\u00ed Solid Edge jsou p\u0159\u00edmo integrov\u00e1na do Solid Edge a pracuj\u00ed p\u0159\u00edmo se sou\u010d\u00e1stmi a sestavami Solid Edge bez nutnosti p\u0159evodu CAD soubor\u016f do jin\u00fdch form\u00e1t\u016f. Zm\u011bny v\u00a0p\u016fvodn\u00edm n\u00e1vrhu je mo\u017en\u00e9 snadno za\u010dlenit do existuj\u00edc\u00edch dokument\u016f, urychlit in\u017een\u00fdrsk\u00e9 zm\u011bnov\u00e9 procesy a zajistit, aby publikovan\u00e9 dokumenty skute\u010dn\u011b odr\u00e1\u017e\u00ed aktu\u00e1ln\u00ed stav n\u00e1vrhu.[\/vc_column_text][vc_column_text]<a href=\"https:\/\/solidedge.siemens.com\/wp-content\/uploads\/2021\/09\/Siemens-SW-Solid-Edge-Technical-Publications-FS-78036-D7.pdf\" target=\"_blank\" rel=\"noopener noreferrer\"><i class=\"icon-ext\"><\/i> St\u00e1hnout datov\u00fd list modulu Solid Edge Technick\u00e9 publikace<\/a>[\/vc_column_text][\/vc_column][\/vc_row][vc_row full_width=&#8220;stretch_row&#8220; equal_height=&#8220;yes&#8220; content_placement=&#8220;middle&#8220; el_class=&#8220;vc-row-alternating-image-rows image-left&#8220;][vc_column width=&#8220;1\/3&#8243;][vc_single_image image=&#8220;983&#8243; img_size=&#8220;full&#8220; alignment=&#8220;center&#8220;][\/vc_column][vc_column width=&#8220;2\/3&#8243;][vc_column_text el_class=&#8220;vc-el-lead-in&#8220;]<\/p>\n<h2>Rychl\u00e1 tvorba podrobn\u00fdch ilustrac\u00ed<br \/>\nva\u0161ich n\u00e1vrh\u016f<\/h2>\n<p>Modul Solid Edge Illustrations umo\u017e\u0148uje vytv\u00e1\u0159et vysoce kvalitn\u00ed dokumenty ve form\u00e1tu 3D PDF a ilustrace pro cloud p\u0159\u00edmo ze soubor\u016f Solid Edge a jin\u00fdch 3D CAD form\u00e1t\u016f. D\u00edky Solid Edge je mo\u017en\u00e9 kreslit 3D pohledy a p\u0159ed jejich publikov\u00e1n\u00edm do nich p\u0159idat p\u0159ipom\u00ednky a pozn\u00e1mky v bublin\u00e1ch. Solid Edge Illustrations nab\u00edz\u00ed kompletn\u00ed sadu funkc\u00ed pro tvorbu obr\u00e1zk\u016f, animac\u00ed a 3D PDF soubor\u016f z\u00a03D model\u016f.[\/vc_column_text][\/vc_column][\/vc_row][vc_row full_width=&#8220;stretch_row&#8220; equal_height=&#8220;yes&#8220; content_placement=&#8220;middle&#8220; css=&#8220;.vc_custom_1524576576786{background-color: #ecf0f5 !important;}&#8220; el_class=&#8220;vc-row-alternating-image-rows image-right&#8220;][vc_column width=&#8220;2\/3&#8243;][vc_column_text el_class=&#8220;vc-el-lead-in&#8220;]<\/p>\n<h2>Publikov\u00e1n\u00ed interaktivn\u00edch technick\u00fdch dokument\u016f<\/h2>\n<p>Solid Edge 3D Publishing je snadno pou\u017eiteln\u00fd software pro tvorbu technick\u00fdch dokument\u016f, kter\u00fd umo\u017e\u0148uje do dokument\u016f p\u0159\u00edmo vkl\u00e1dat modely Solid Edge a jin\u00e9 3D CAD form\u00e1ty. Sou\u010d\u00e1st\u00ed modulu Solid Edge 3D Publishing je v\u00fdkonn\u00e1 sada n\u00e1stroj\u016f pro pr\u00e1ci s 3D CAD modely, kusovn\u00edky a form\u00e1tovan\u00fdm textem, d\u00edky kter\u00e9 m\u016f\u017ee kdokoli b\u011bhem p\u00e1r minut vytvo\u0159it ti\u0161t\u011bn\u00e9 nebo interaktivn\u00ed online dokumenty. To je ide\u00e1ln\u00ed pro tvorbu \u0161kolic\u00edch a pracovn\u00edch pokyn\u016f, ilustrovan\u00fdch katalog\u016f sou\u010d\u00e1st\u00ed, provozn\u00ed dokumentace a n\u00e1vod\u016f k\u00a0pou\u017eit\u00ed.[\/vc_column_text][\/vc_column][vc_column width=&#8220;1\/3&#8243;][vc_single_image image=&#8220;982&#8243; img_size=&#8220;full&#8220; alignment=&#8220;center&#8220;][\/vc_column][\/vc_row][vc_row full_width=&#8220;stretch_row&#8220;][vc_column][vc_column_text]<\/p>\n<h2>Integrace s Teamcenterem PLM<\/h2>\n<p>Zkra\u0165te cyklus mezi n\u00e1vrhem a dokumentac\u00ed d\u00edky Teamcenteru\u00ae, prvot\u0159\u00eddn\u00edmu \u0159e\u0161en\u00ed pro spr\u00e1vu \u017eivotn\u00edho cyklu v\u00fdrobk\u016f (PLM) spole\u010dnosti Siemens. Otev\u00edrejte, ukl\u00e1dejte, rezervujte a uvol\u0148ujte nejnov\u011bj\u0161\u00ed verze n\u00e1vrhov\u00fdch dat a prov\u00e1d\u011bjte dal\u0161\u00ed \u00fakony s daty v klientovi Teamcenteru.<\/p>\n<p>Integrace Teamcenteru pro modul Solid Edge Technick\u00e9 publikace umo\u017e\u0148uje p\u0159\u00edm\u00fd p\u0159\u00edstup k n\u00e1vrhov\u00fdm dat\u016fm, d\u00edky \u010demu\u017e m\u00e1te jistotu, \u017ee v\u017edy pracujete se spr\u00e1vn\u00fdmi daty.<\/p>\n<p>[\/vc_column_text][\/vc_column][\/vc_row][vc_row full_width=&#8220;stretch_row&#8220; bg_type=&#8220;bg_color&#8220; bg_color_value=&#8220;#ecf0f5&#8243; css=&#8220;.vc_custom_1593522273969{background-color: #ecf0f5 !important;}&#8220;][vc_column][vc_column_text]<\/p>\n<h2>Modul XLIFF Language Translation<\/h2>\n<p>Form\u00e1t XLIFF (XML Localization Interchange File Format) usnad\u0148uje p\u0159eklad a lokalizaci digit\u00e1ln\u00ed dokument\u016f. Modul Solid Edge XLIFF Language Translation je dopln\u011bk, kter\u00fd p\u0159in\u00e1\u0161\u00ed funkce importu a exportu p\u0159eklad\u016f pro moduly Solid Edge 3D Publishing a Solid Edge Illustrations.<\/p>\n<p>[\/vc_column_text][\/vc_column][\/vc_row][vc_row full_width=&#8220;stretch_row&#8220; el_class=&#8220;vc-row-video-highlight&#8220;][vc_column][vc_column_text el_class=&#8220;vc-el-lead-in&#8220;]Video<\/p>\n<h2>\u0158e\u0161en\u00ed technick\u00fdch publikac\u00ed Solid Edge<\/h2>\n<p>Tvorba p\u016fsobiv\u00fdch ilustrac\u00ed a interaktivn\u00edch technick\u00fdch dokument\u016f pomoc\u00ed Solid Edge. Tvorba technick\u00e9 dokumentace n\u00e1vrh\u016f v\u010detn\u011b pracovn\u00edch pokyn\u016f v\u00fdroby, p\u0159\u00edru\u010dek \u00fadr\u017eby a katalog\u016f n\u00e1hradn\u00edch sou\u010d\u00e1st\u00ed.<\/p>\n<p class=\"see-more\" style=\"text-align: right;\"><a href=\"https:\/\/solidedge.siemens.com\/cs\/resources\/videos\/\">Zhl\u00e9dnout dal\u0161\u00ed videa<\/a><\/p>\n<p>[\/vc_column_text]\n\n\n  <div id=\"wpv-view-layout-567-CATTR091038325f5de318e26d8a3246bc0601\" class=\"js-wpv-view-layout js-wpv-layout-responsive js-wpv-view-layout-567-CATTR091038325f5de318e26d8a3246bc0601\" data-viewnumber=\"567-CATTR091038325f5de318e26d8a3246bc0601\" data-pagination=\"{&quot;id&quot;:567,&quot;query&quot;:&quot;normal&quot;,&quot;type&quot;:&quot;disabled&quot;,&quot;effect&quot;:&quot;fade&quot;,&quot;duration&quot;:500,&quot;speed&quot;:5,&quot;pause_on_hover&quot;:&quot;disabled&quot;,&quot;stop_rollover&quot;:&quot;false&quot;,&quot;cache_pages&quot;:&quot;enabled&quot;,&quot;preload_images&quot;:&quot;enabled&quot;,&quot;preload_pages&quot;:&quot;enabled&quot;,&quot;preload_reach&quot;:1,&quot;spinner&quot;:&quot;builtin&quot;,&quot;spinner_image&quot;:&quot;https:\/\/solidedge.siemens.com\/wp-content\/plugins\/wp-views\/embedded\/res\/img\/ajax-loader.gif&quot;,&quot;callback_next&quot;:&quot;&quot;,&quot;manage_history&quot;:&quot;disabled&quot;,&quot;has_controls_in_form&quot;:&quot;disabled&quot;,&quot;infinite_tolerance&quot;:&quot;0&quot;,&quot;max_pages&quot;:0,&quot;page&quot;:1,&quot;base_permalink&quot;:&quot;\/cs\/wp-json\/wp\/v2\/pages\/2580?wpv_view_count=567-CATTR091038325f5de318e26d8a3246bc0601&amp;wpv_paged=WPV_PAGE_NUM&quot;,&quot;loop&quot;:{&quot;type&quot;:&quot;&quot;,&quot;name&quot;:&quot;&quot;,&quot;data&quot;:[],&quot;id&quot;:0}}\" data-permalink=\"\/cs\/wp-json\/wp\/v2\/pages\/2580?wpv_view_count=567-CATTR091038325f5de318e26d8a3246bc0601\">\n\n  \n  <div class=\"wpv-resources\"><a name=\"video\" class=\"video-anchor\"><\/a>\n    <div id=\"ult-carousel-147634553969dbaf1e5f750\" class=\"ult-carousel-wrapper  vc-el-carousel-videos-embedded ult_horizontal\" data-gutter=\"0\" data-rtl=\"false\" ><div class=\"ult-carousel-193308527969dbaf1e5f72c \" >\n    \n    \n       <div><!-- slide container -->\n        <div class=\"wpv-resources-item\" data-mh=\".wpv-resources-item\">\n          <div class=\"resources-item-poster\">\n              <div id=\"wpfp_d85d02c59c2b6809050dc8625480ab47\" data-item=\"{&quot;sources&quot;:&#091;{&quot;src&quot;:&quot;https:\\\/\\\/videos.mentor-cdn.com\\\/mgc\\\/videos\\\/5400\\\/98e105bb-ee96-4f5f-a391-a1f59f4266f9-en-US-video.mp4&quot;,&quot;type&quot;:&quot;video\\\/mp4&quot;}&#093;}\" class=\"flowplayer no-brand is-splash no-svg is-paused skin-slim fp-slim fp-edgy\" data-embed=\"false\" style=\"max-width: 1140px; max-height: 640px; \" data-ratio=\"0.5614\" data-advance=\"false\">\n\t<div class=\"fp-ratio\" style=\"padding-top: 56.14%\"><\/div>\n\t<div class=\"fp-ui\"><div class=\"fp-play fp-visible\"><a class=\"fp-icon fp-playbtn\"><\/a><\/div><\/div>\n\n<\/div>\n\n              \n          <\/div>\n        <\/div>\n      <\/div>\n    \n    \n    <\/div><\/div>\t\t\t<script type=\"text\/javascript\">\r\n\t\t\t\tjQuery(document).ready(function ($) {\r\n\t\t\t\t\tif( typeof jQuery('.ult-carousel-193308527969dbaf1e5f72c').slick == \"function\"){\r\n\t\t\t\t\t\t$('.ult-carousel-193308527969dbaf1e5f72c').slick({dots: true,autoplaySpeed: 5000,speed: 500,infinite: false,arrows: true,nextArrow: '<button type=\"button\" role=\"button\" aria-label=\"Next\" style=\"color:#ffffff; font-size:30px;background:rgba(47,56,60,0.5);\" class=\"slick-next square-bg\"><i class=\"ultsl-arrow-right6\"><\/i><\/button>',prevArrow: '<button type=\"button\" role=\"button\" aria-label=\"Previous\" style=\"color:#ffffff; font-size:30px;background:rgba(47,56,60,0.5);\" class=\"slick-prev square-bg\"><i class=\"ultsl-arrow-left6\"><\/i><\/button>',slidesToScroll:1,slidesToShow:1,swipe: true,draggable: true,touchMove: true,pauseOnHover: true,pauseOnFocus: false,responsive: [\r\n\t\t\t\t\t\t\t{\r\n\t\t\t\t\t\t\t  breakpoint: 1026,\r\n\t\t\t\t\t\t\t  settings: {\r\n\t\t\t\t\t\t\t\tslidesToShow: 1,\r\n\t\t\t\t\t\t\t\tslidesToScroll: 1,  \r\n\t\t\t\t\t\t\t  }\r\n\t\t\t\t\t\t\t},\r\n\t\t\t\t\t\t\t{\r\n\t\t\t\t\t\t\t  breakpoint: 1025,\r\n\t\t\t\t\t\t\t  settings: {\r\n\t\t\t\t\t\t\t\tslidesToShow: 1,\r\n\t\t\t\t\t\t\t\tslidesToScroll: 1\r\n\t\t\t\t\t\t\t  }\r\n\t\t\t\t\t\t\t},\r\n\t\t\t\t\t\t\t{\r\n\t\t\t\t\t\t\t  breakpoint: 760,\r\n\t\t\t\t\t\t\t  settings: {\r\n\t\t\t\t\t\t\t\tslidesToShow: 1,\r\n\t\t\t\t\t\t\t\tslidesToScroll: 1\r\n\t\t\t\t\t\t\t  }\r\n\t\t\t\t\t\t\t}\r\n\t\t\t\t\t\t],pauseOnDotsHover: true,customPaging: function(slider, i) {\r\n                   return '<i type=\"button\" style= \"color:#788891;\" class=\"ultsl-record\" data-role=\"none\"><\/i>';\r\n                },});\r\n\t\t\t\t\t}\r\n\t\t\t\t});\r\n\t\t\t<\/script>\r\n\t\t\t\n  <\/div>\n  \n  \n  <\/div>\n[\/vc_column][\/vc_row][vc_row full_width=&#8220;stretch_row&#8220; el_class=&#8220;vc-row-related-content&#8220; css=&#8220;.vc_custom_1524184785822{background-color: #347eb5 !important;}&#8220;][vc_column][vc_column_text]<\/p>\n<h2>Souvisej\u00edc\u00ed obsah<\/h2>\n<p>[\/vc_column_text]<div id=\"ult-carousel-82419781669dbaf1e61abf\" class=\"ult-carousel-wrapper  vc-el-carousel-related-content ult_horizontal\" data-gutter=\"0\" data-rtl=\"false\" ><div class=\"ult-carousel-34716197469dbaf1e61a99 \" >[vc_column_text]<a href=\"https:\/\/solidedge.siemens.com\/wp-content\/uploads\/2021\/09\/Siemens-SW-Solid-Edge-Technical-Publications-FS-78036-D7.pdf\">St\u00e1hnout datov\u00fd list modulu Solid Edge Technick\u00e9 publikace<\/a>[\/vc_column_text][vc_column_text]<a href=\"https:\/\/www.plm.automation.siemens.com\/store\/en-us\/solid-edge\/\">Koupit \u0159e\u0161en\u00ed Solid Edge v obchod\u011b Solid Edge<\/a>[\/vc_column_text][vc_column_text]<a href=\"https:\/\/www.plm.automation.siemens.com\/en_us\/Images\/Ebook_Interactive_Technical_Documents_tcm1023-256256.pdf\">E-kniha:<br \/>\nInteraktivn\u00ed technick\u00e9 dokumenty<\/a>[\/vc_column_text][vc_column_text]<a href=\"https:\/\/solidedge.siemens.com\/en\/resource\/report\/roi-of-solid-edge\/\">Speci\u00e1ln\u00ed \u010dl\u00e1nek:<br \/>\nN\u00e1vratnost investic Solid Edge<\/a>[\/vc_column_text]<\/div><\/div>\t\t\t<script type=\"text\/javascript\">\r\n\t\t\t\tjQuery(document).ready(function ($) {\r\n\t\t\t\t\tif( typeof jQuery('.ult-carousel-34716197469dbaf1e61a99').slick == \"function\"){\r\n\t\t\t\t\t\t$('.ult-carousel-34716197469dbaf1e61a99').slick({dots: true,autoplaySpeed: 5000,speed: 500,infinite: false,arrows: true,nextArrow: '<button type=\"button\" role=\"button\" aria-label=\"Next\" style=\"color:#ffffff; font-size:30px;background:rgba(255,255,255,0.2);\" class=\"slick-next square-bg\"><i class=\"ultsl-arrow-right6\"><\/i><\/button>',prevArrow: '<button type=\"button\" role=\"button\" aria-label=\"Previous\" style=\"color:#ffffff; font-size:30px;background:rgba(255,255,255,0.2);\" class=\"slick-prev square-bg\"><i class=\"ultsl-arrow-left6\"><\/i><\/button>',slidesToScroll:4,slidesToShow:4,swipe: true,draggable: true,touchMove: true,pauseOnHover: true,pauseOnFocus: false,responsive: [\r\n\t\t\t\t\t\t\t{\r\n\t\t\t\t\t\t\t  breakpoint: 1026,\r\n\t\t\t\t\t\t\t  settings: {\r\n\t\t\t\t\t\t\t\tslidesToShow: 4,\r\n\t\t\t\t\t\t\t\tslidesToScroll: 4,  \r\n\t\t\t\t\t\t\t  }\r\n\t\t\t\t\t\t\t},\r\n\t\t\t\t\t\t\t{\r\n\t\t\t\t\t\t\t  breakpoint: 1025,\r\n\t\t\t\t\t\t\t  settings: {\r\n\t\t\t\t\t\t\t\tslidesToShow: 2,\r\n\t\t\t\t\t\t\t\tslidesToScroll: 2\r\n\t\t\t\t\t\t\t  }\r\n\t\t\t\t\t\t\t},\r\n\t\t\t\t\t\t\t{\r\n\t\t\t\t\t\t\t  breakpoint: 760,\r\n\t\t\t\t\t\t\t  settings: {\r\n\t\t\t\t\t\t\t\tslidesToShow: 1,\r\n\t\t\t\t\t\t\t\tslidesToScroll: 1\r\n\t\t\t\t\t\t\t  }\r\n\t\t\t\t\t\t\t}\r\n\t\t\t\t\t\t],pauseOnDotsHover: true,customPaging: function(slider, i) {\r\n                   return '<i type=\"button\" style= \"color:#ffffff;\" class=\"ultsl-record\" data-role=\"none\"><\/i>';\r\n                },});\r\n\t\t\t\t\t}\r\n\t\t\t\t});\r\n\t\t\t<\/script>\r\n\t\t\t[\/vc_column][\/vc_row][vc_row full_width=&#8220;stretch_row&#8220; el_class=&#8220;footer-contact&#8220; css=&#8220;.vc_custom_1550170708528{background-color: #dedee3 !important;}&#8220;][vc_column]<div class=\"wpb_content_block wpb_content_element\"><div class=\"wpb_wrapper\"><\/div><\/div>[\/vc_column][\/vc_row]<\/p>\n","protected":false},"excerpt":{"rendered":"<p> Technical Publications The ability to clearly communicate the correct manufacturing, installation and maintenance procedures for your designs is essential to the performance of your products and the success of your business. Using Solid Edge technical publications solutions, your designers [&hellip;]<\/p>\n","protected":false},"author":23,"featured_media":0,"parent":2619,"menu_order":9,"comment_status":"closed","ping_status":"closed","template":"","meta":{"inline_featured_image":false},"yoast_head":"<!-- This site is optimized with the Yoast SEO plugin v18.4.1 - https:\/\/yoast.com\/wordpress\/plugins\/seo\/ -->\n<title>Technick\u00e9 publikace | Technick\u00e1 dokumentace | Solid Edge<\/title>\n<meta name=\"description\" content=\"Software Solid Edge Technick\u00e9 publikace umo\u017e\u0148uje rychlou tvorbu ilustrac\u00ed a interaktivn\u00edch technick\u00fdch dokument\u016f k v\u00fdrobk\u016fm.\" \/>\n<meta name=\"robots\" content=\"index, follow, max-snippet:-1, max-image-preview:large, max-video-preview:-1\" \/>\n<link rel=\"canonical\" href=\"https:\/\/solidedge.siemens.com\/cs\/solutions\/products\/technical-publications\/\" \/>\n<meta property=\"og:locale\" content=\"cs_CZ\" \/>\n<meta property=\"og:type\" content=\"article\" \/>\n<meta property=\"og:title\" content=\"Technick\u00e9 publikace | Technick\u00e1 dokumentace | Solid Edge\" \/>\n<meta property=\"og:description\" content=\"Software Solid Edge Technick\u00e9 publikace umo\u017e\u0148uje rychlou tvorbu ilustrac\u00ed a interaktivn\u00edch technick\u00fdch dokument\u016f k v\u00fdrobk\u016fm.\" \/>\n<meta property=\"og:url\" content=\"https:\/\/solidedge.siemens.com\/cs\/solutions\/products\/technical-publications\/\" \/>\n<meta property=\"og:site_name\" content=\"Solid Edge\" \/>\n<meta property=\"article:publisher\" content=\"https:\/\/www.facebook.com\/solidedge\" \/>\n<meta property=\"article:modified_time\" content=\"2022-06-24T13:55:10+00:00\" \/>\n<meta name=\"twitter:card\" content=\"summary_large_image\" \/>\n<meta name=\"twitter:site\" content=\"@siemensplm\" \/>\n<meta name=\"twitter:label1\" content=\"Odhadovan\u00e1 doba \u010dten\u00ed\" \/>\n\t<meta name=\"twitter:data1\" content=\"3 minuty\" \/>\n<script type=\"application\/ld+json\" class=\"yoast-schema-graph\">{\"@context\":\"https:\/\/schema.org\",\"@graph\":[{\"@type\":\"Organization\",\"@id\":\"https:\/\/solidedge.siemens.com\/en\/#organization\",\"name\":\"Siemens Digital Industries Software\",\"url\":\"https:\/\/solidedge.siemens.com\/en\/\",\"sameAs\":[\"https:\/\/www.facebook.com\/solidedge\",\"https:\/\/www.instagram.com\/siemens\/\",\"https:\/\/www.linkedin.com\/company\/siemens-plm-software\",\"https:\/\/www.youtube.com\/user\/PolarionSoftware\",\"https:\/\/twitter.com\/siemensplm\"],\"logo\":{\"@type\":\"ImageObject\",\"@id\":\"https:\/\/solidedge.siemens.com\/en\/#logo\",\"inLanguage\":\"cs\",\"url\":\"https:\/\/solidedge.siemens.com\/wp-content\/uploads\/2018\/04\/logo-siemens-ifl@2x.png\",\"contentUrl\":\"https:\/\/solidedge.siemens.com\/wp-content\/uploads\/2018\/04\/logo-siemens-ifl@2x.png\",\"width\":640,\"height\":270,\"caption\":\"Siemens Digital Industries Software\"},\"image\":{\"@id\":\"https:\/\/solidedge.siemens.com\/en\/#logo\"}},{\"@type\":\"WebSite\",\"@id\":\"https:\/\/solidedge.siemens.com\/en\/#website\",\"url\":\"https:\/\/solidedge.siemens.com\/en\/\",\"name\":\"Solid Edge\",\"description\":\"Siemens Software\",\"publisher\":{\"@id\":\"https:\/\/solidedge.siemens.com\/en\/#organization\"},\"potentialAction\":[{\"@type\":\"SearchAction\",\"target\":{\"@type\":\"EntryPoint\",\"urlTemplate\":\"https:\/\/solidedge.siemens.com\/en\/?s={search_term_string}\"},\"query-input\":\"required name=search_term_string\"}],\"inLanguage\":\"cs\"},{\"@type\":\"WebPage\",\"@id\":\"https:\/\/solidedge.siemens.com\/cs\/solutions\/products\/technical-publications\/#webpage\",\"url\":\"https:\/\/solidedge.siemens.com\/cs\/solutions\/products\/technical-publications\/\",\"name\":\"Technick\u00e9 publikace | Technick\u00e1 dokumentace | Solid Edge\",\"isPartOf\":{\"@id\":\"https:\/\/solidedge.siemens.com\/en\/#website\"},\"datePublished\":\"2018-03-30T18:43:50+00:00\",\"dateModified\":\"2022-06-24T13:55:10+00:00\",\"description\":\"Software Solid Edge Technick\u00e9 publikace umo\u017e\u0148uje rychlou tvorbu ilustrac\u00ed a interaktivn\u00edch technick\u00fdch dokument\u016f k v\u00fdrobk\u016fm.\",\"breadcrumb\":{\"@id\":\"https:\/\/solidedge.siemens.com\/cs\/solutions\/products\/technical-publications\/#breadcrumb\"},\"inLanguage\":\"cs\",\"potentialAction\":[{\"@type\":\"ReadAction\",\"target\":[\"https:\/\/solidedge.siemens.com\/cs\/solutions\/products\/technical-publications\/\"]}]},{\"@type\":\"BreadcrumbList\",\"@id\":\"https:\/\/solidedge.siemens.com\/cs\/solutions\/products\/technical-publications\/#breadcrumb\",\"itemListElement\":[{\"@type\":\"ListItem\",\"position\":1,\"name\":\"Home\",\"item\":\"https:\/\/solidedge.siemens.com\/en\/home-5\/\"},{\"@type\":\"ListItem\",\"position\":2,\"name\":\"\u0158e&scaron;en&iacute;\",\"item\":\"https:\/\/solidedge.siemens.com\/cs\/solutions\/\"},{\"@type\":\"ListItem\",\"position\":3,\"name\":\"Produkty\",\"item\":\"https:\/\/solidedge.siemens.com\/cs\/solutions\/products\/\"},{\"@type\":\"ListItem\",\"position\":4,\"name\":\"Technick&eacute; publikace\"}]}]}<\/script>\n<!-- \/ Yoast SEO plugin. -->","yoast_head_json":{"title":"Technick\u00e9 publikace | Technick\u00e1 dokumentace | Solid Edge","description":"Software Solid Edge Technick\u00e9 publikace umo\u017e\u0148uje rychlou tvorbu ilustrac\u00ed a interaktivn\u00edch technick\u00fdch dokument\u016f k v\u00fdrobk\u016fm.","robots":{"index":"index","follow":"follow","max-snippet":"max-snippet:-1","max-image-preview":"max-image-preview:large","max-video-preview":"max-video-preview:-1"},"canonical":"https:\/\/solidedge.siemens.com\/cs\/solutions\/products\/technical-publications\/","og_locale":"cs_CZ","og_type":"article","og_title":"Technick\u00e9 publikace | Technick\u00e1 dokumentace | Solid Edge","og_description":"Software Solid Edge Technick\u00e9 publikace umo\u017e\u0148uje rychlou tvorbu ilustrac\u00ed a interaktivn\u00edch technick\u00fdch dokument\u016f k v\u00fdrobk\u016fm.","og_url":"https:\/\/solidedge.siemens.com\/cs\/solutions\/products\/technical-publications\/","og_site_name":"Solid Edge","article_publisher":"https:\/\/www.facebook.com\/solidedge","article_modified_time":"2022-06-24T13:55:10+00:00","twitter_card":"summary_large_image","twitter_site":"@siemensplm","twitter_misc":{"Odhadovan\u00e1 doba \u010dten\u00ed":"3 minuty"},"schema":{"@context":"https:\/\/schema.org","@graph":[{"@type":"Organization","@id":"https:\/\/solidedge.siemens.com\/en\/#organization","name":"Siemens Digital Industries Software","url":"https:\/\/solidedge.siemens.com\/en\/","sameAs":["https:\/\/www.facebook.com\/solidedge","https:\/\/www.instagram.com\/siemens\/","https:\/\/www.linkedin.com\/company\/siemens-plm-software","https:\/\/www.youtube.com\/user\/PolarionSoftware","https:\/\/twitter.com\/siemensplm"],"logo":{"@type":"ImageObject","@id":"https:\/\/solidedge.siemens.com\/en\/#logo","inLanguage":"cs","url":"https:\/\/solidedge.siemens.com\/wp-content\/uploads\/2018\/04\/logo-siemens-ifl@2x.png","contentUrl":"https:\/\/solidedge.siemens.com\/wp-content\/uploads\/2018\/04\/logo-siemens-ifl@2x.png","width":640,"height":270,"caption":"Siemens Digital Industries Software"},"image":{"@id":"https:\/\/solidedge.siemens.com\/en\/#logo"}},{"@type":"WebSite","@id":"https:\/\/solidedge.siemens.com\/en\/#website","url":"https:\/\/solidedge.siemens.com\/en\/","name":"Solid Edge","description":"Siemens Software","publisher":{"@id":"https:\/\/solidedge.siemens.com\/en\/#organization"},"potentialAction":[{"@type":"SearchAction","target":{"@type":"EntryPoint","urlTemplate":"https:\/\/solidedge.siemens.com\/en\/?s={search_term_string}"},"query-input":"required name=search_term_string"}],"inLanguage":"cs"},{"@type":"WebPage","@id":"https:\/\/solidedge.siemens.com\/cs\/solutions\/products\/technical-publications\/#webpage","url":"https:\/\/solidedge.siemens.com\/cs\/solutions\/products\/technical-publications\/","name":"Technick\u00e9 publikace | Technick\u00e1 dokumentace | Solid Edge","isPartOf":{"@id":"https:\/\/solidedge.siemens.com\/en\/#website"},"datePublished":"2018-03-30T18:43:50+00:00","dateModified":"2022-06-24T13:55:10+00:00","description":"Software Solid Edge Technick\u00e9 publikace umo\u017e\u0148uje rychlou tvorbu ilustrac\u00ed a interaktivn\u00edch technick\u00fdch dokument\u016f k v\u00fdrobk\u016fm.","breadcrumb":{"@id":"https:\/\/solidedge.siemens.com\/cs\/solutions\/products\/technical-publications\/#breadcrumb"},"inLanguage":"cs","potentialAction":[{"@type":"ReadAction","target":["https:\/\/solidedge.siemens.com\/cs\/solutions\/products\/technical-publications\/"]}]},{"@type":"BreadcrumbList","@id":"https:\/\/solidedge.siemens.com\/cs\/solutions\/products\/technical-publications\/#breadcrumb","itemListElement":[{"@type":"ListItem","position":1,"name":"Home","item":"https:\/\/solidedge.siemens.com\/en\/home-5\/"},{"@type":"ListItem","position":2,"name":"\u0158e&scaron;en&iacute;","item":"https:\/\/solidedge.siemens.com\/cs\/solutions\/"},{"@type":"ListItem","position":3,"name":"Produkty","item":"https:\/\/solidedge.siemens.com\/cs\/solutions\/products\/"},{"@type":"ListItem","position":4,"name":"Technick&eacute; publikace"}]}]}},"_links":{"self":[{"href":"https:\/\/solidedge.siemens.com\/cs\/wp-json\/wp\/v2\/pages\/2580"}],"collection":[{"href":"https:\/\/solidedge.siemens.com\/cs\/wp-json\/wp\/v2\/pages"}],"about":[{"href":"https:\/\/solidedge.siemens.com\/cs\/wp-json\/wp\/v2\/types\/page"}],"author":[{"embeddable":true,"href":"https:\/\/solidedge.siemens.com\/cs\/wp-json\/wp\/v2\/users\/23"}],"replies":[{"embeddable":true,"href":"https:\/\/solidedge.siemens.com\/cs\/wp-json\/wp\/v2\/comments?post=2580"}],"version-history":[{"count":9,"href":"https:\/\/solidedge.siemens.com\/cs\/wp-json\/wp\/v2\/pages\/2580\/revisions"}],"predecessor-version":[{"id":60118,"href":"https:\/\/solidedge.siemens.com\/cs\/wp-json\/wp\/v2\/pages\/2580\/revisions\/60118"}],"up":[{"embeddable":true,"href":"https:\/\/solidedge.siemens.com\/cs\/wp-json\/wp\/v2\/pages\/2619"}],"wp:attachment":[{"href":"https:\/\/solidedge.siemens.com\/cs\/wp-json\/wp\/v2\/media?parent=2580"}],"curies":[{"name":"wp","href":"https:\/\/api.w.org\/{rel}","templated":true}]}}