{"id":2425,"date":"2018-03-30T14:57:55","date_gmt":"2018-03-30T18:57:55","guid":{"rendered":"https:\/\/solidedge.siemens.com\/cloud\/"},"modified":"2022-11-04T12:20:05","modified_gmt":"2022-11-04T16:20:05","slug":"cloud-ready-design","status":"publish","type":"page","link":"https:\/\/solidedge.siemens.com\/cs\/solutions\/initiatives\/cloud-ready-design\/","title":{"rendered":"Cloud"},"content":{"rendered":"<p>[vc_row full_width=&#8220;stretch_row&#8220; full_height=&#8220;yes&#8220; content_placement=&#8220;middle&#8220; css=&#8220;.vc_custom_1525018965155{background: #a6a6a6 url(https:\/\/solidedge.siemens.com\/wp-content\/uploads\/2018\/04\/Cloud.jpg?id=907) !important;background-position: center !important;background-repeat: no-repeat !important;background-size: cover !important;}&#8220; el_class=&#8220;vc-row-hero-banner&#8220;][vc_column][vc_column_text el_class=&#8220;.vc-el-callout&#8220;]<\/p>\n<h1>Solid Edge delivers cloud-ready design &#8211; on your terms<\/h1>\n<p>Solid Edge delivers the cloud capabilities you need, by providing easy access to professional 3D CAD across different devices, instant configuration of your CAD environment to your personal preferences, and the ability to quickly share your data across your design resources and with suppliers and customers. With cloud-ready Solid Edge, the need for IT support will be limited. Freeing them up to work on productivity enhancing projects instead of daily system maintenance.<\/p>\n<p><a class=\"action-button\" href=\"\/en\/try-now\/\"><i class=\"icon-ext\"><\/i>Start Your Free Trial<\/a>[\/vc_column_text][\/vc_column][\/vc_row][vc_row el_class=&#8220;vc-row-accordion&#8220;][vc_column][vc_column_text el_class=&#8220;vc-el-lead-in&#8220;]Capabilities<\/p>\n<h2>Easy access from any device<\/h2>\n<p>Cloud-ready Solid Edge is installed and run from the user\u2019s local device ensuring consistently high performance and reliability. Your files are also cached locally further ensuring performance and reliability. Solid Edge users can continue to work uninterrupted even if they lose their internet connection. This is essential for CAD users when traveling, for those who work on customer sites and anyone who does not have a 100% reliable internet connection.[\/vc_column_text][vc_tta_accordion style=&#8220;flat&#8220; shape=&#8220;square&#8220; active_section=&#8220;0&#8243; no_fill=&#8220;true&#8220; collapsible_all=&#8220;true&#8220; el_class=&#8220;vc-el-accordion&#8220;][vc_tta_section title=&#8220;Snadn\u00fd p\u0159\u00edstup k CAD syst\u00e9mu z libovoln\u00e9ho za\u0159\u00edzen\u00ed&#8220; tab_id=&#8220;ui_easy_access_to_cad_from_any_device&#8220;][vc_row_inner][vc_column_inner width=&#8220;7\/12&#8243;][vc_column_text]<\/p>\n<h2>Easy Access to CAD From Any Device<\/h2>\n<p>Solid Edge follows you wherever you go. Your CAD license can be held on the cloud and a simple login lets you run Solid Edge wherever you are. And with the Solid Edge Portal, you have access to online CAD file viewing from any device\u2014with browser-based access for viewing CAD files on your phone, tablet, Chromebook, Mac, PC and more. This makes it easier for you to move from device to device, whether you are at a customer site or your home office.[\/vc_column_text][\/vc_column_inner][vc_column_inner width=&#8220;5\/12&#8243;][vc_single_image image=&#8220;908&#8243; img_size=&#8220;accordion-image&#8220; alignment=&#8220;center&#8220;][\/vc_column_inner][\/vc_row_inner][\/vc_tta_section][vc_tta_section title=&#8220;P\u0159izp\u016fsoben\u00e9 CAD prost\u0159ed\u00ed na dosah ruky&#8220; tab_id=&#8220;ui_Personalized_CAD_Environment_At_Your_Fingertips&#8220;][vc_row_inner][vc_column_inner width=&#8220;7\/12&#8243;][vc_column_text]<\/p>\n<h2>Personalized CAD Environment At Your Fingertips<\/h2>\n<p>When you switch from one device to another, for example from using a workstation in the office to a tablet when visiting a customer, you can retrieve your personalized Solid Edge environment &#8211; including your menu options, colors, units and drawing standards &#8211; with just a few mouse clicks, and quickly complete cloud-based design tasks.[\/vc_column_text][\/vc_column_inner][vc_column_inner width=&#8220;5\/12&#8243;][vc_single_image image=&#8220;909&#8243; img_size=&#8220;accordion-image&#8220;][\/vc_column_inner][\/vc_row_inner][\/vc_tta_section][vc_tta_section title=&#8220;Aktualizace softwaru dostupn\u00e9 na vy\u017e\u00e1d\u00e1n\u00ed&#8220; tab_id=&#8220;ui_Software_Updates_Available_On_Demand&#8220;][vc_row_inner][vc_column_inner width=&#8220;7\/12&#8243;][vc_column_text]<\/p>\n<h2>Software Updates Available On-Demand<\/h2>\n<p>Instead of searching for, downloading and distributing software updates, you can give users the capability to directly access the latest Solid Edge maintenance pack and install it when you choose.[\/vc_column_text][\/vc_column_inner][vc_column_inner width=&#8220;5\/12&#8243;][vc_single_image image=&#8220;910&#8243; img_size=&#8220;accordion-image&#8220;][\/vc_column_inner][\/vc_row_inner][\/vc_tta_section][vc_tta_section title=&#8220;Snadn\u00e9 ukl\u00e1d\u00e1n\u00ed a sd\u00edlen\u00ed CAD soubor\u016f&#8220; tab_id=&#8220;ui_Easily_Vault_and_Share_Your_CAD_Files&#8220;][vc_row_inner][vc_column_inner width=&#8220;7\/12&#8243;][vc_column_text]<\/p>\n<h2>Easily Vault and Share Your CAD Files<\/h2>\n<p>Solid Edge users can leverage popular cloud-based file sharing software like Dropbox, Microsoft One Drive, Google Drive or Box to backup, share and collaborate on their CAD files. A complete vault of CAD files can be replicated at 2 or more sites enabling fast access to the data you need, and a file locking mechanism prevents one user from accidentally overwriting another user\u2019s changes. [\/vc_column_text][\/vc_column_inner][vc_column_inner width=&#8220;5\/12&#8243;][vc_single_image image=&#8220;911&#8243; img_size=&#8220;accordion-image&#8220;][\/vc_column_inner][\/vc_row_inner][\/vc_tta_section][\/vc_tta_accordion][\/vc_column][\/vc_row][vc_row full_width=&#8220;stretch_row&#8220; el_class=&#8220;vc-row-free-software&#8220; css=&#8220;.vc_custom_1523912493378{background-color: #006486 !important;}&#8220;][vc_column][vc_column_text el_class=&#8220;vc-el-lead-in&#8220;]FREE Software<\/p>\n<h2><span>Cloud-Ready Software for Design<\/span><\/h2>\n<p>[\/vc_column_text][vc_row_inner equal_height=&#8220;yes&#8220;][vc_column_inner width=&#8220;1\/2&#8243; offset=&#8220;vc_col-md-offset-0 vc_col-md-6&#8243;]<div class=\"wpb_content_block wpb_content_element\"><div class=\"wpb_wrapper\"><div class=\"content_block\" id=\"custom_post_widget-418\"><p>[vc_row][vc_column][vc_column_text]<\/p>\n<h3>Bezplatn\u011b vyzkou\u0161et Solid Edge <\/h3>\n<p>Z\u00edskejte je\u0161t\u011b dnes bezplatnou zku\u0161ebn\u00ed verzi Solid Edge.[\/vc_column_text][vc_column_text]<a class=\"action-button\" href=\"\/cs\/try-now\/\"><i class=\"icon-ext\"><\/i>Za\u010d\u00edt nyn\u00ed<\/a>[\/vc_column_text][\/vc_column][\/vc_row]<\/p>\n<\/div><\/div><\/div>[\/vc_column_inner][\/vc_row_inner][\/vc_column][\/vc_row][vc_row full_width=&#8220;stretch_row&#8220; el_class=&#8220;vc-row-related-content&#8220; css=&#8220;.vc_custom_1524184785822{background-color: #347eb5 !important;}&#8220;][vc_column][vc_column_text]<\/p>\n<h2>Related Content<\/h2>\n<p>[\/vc_column_text]<div id=\"ult-carousel-13816247769f048ac6295c\" class=\"ult-carousel-wrapper  vc-el-carousel-related-content ult_horizontal\" data-gutter=\"0\" data-rtl=\"false\" ><div class=\"ult-carousel-60641656069f048ac6293a \" >[vc_column_text]<a href=\"https:\/\/www.plm.automation.siemens.com\/store\/en-us\/solid-edge\/\">Zakoupit Solid Edge v obchod\u011b Siemens Digital Industries Software<\/a>[\/vc_column_text][vc_column_text]<a href=\"https:\/\/community.plm.automation.siemens.com\/t5\/Solid-Edge-Knowledge-Base\/Cloud-Enabled-CAD-How-to-switch-your-Solid-Edge-license\/ta-p\/426336\">P\u0159epnut\u00ed licence Solid Edge na cloudovou<\/a>[\/vc_column_text][vc_column_text]<a href=\"https:\/\/www.engineering.com\/PLMERP\/ArticleID\/12187\/PLM-This-Week-Solid-Edge-Introduces-Cloud-and-Data-Management-Autodesk-Revenues-Fall.aspx\">Media coverage:<br \/>\nSolid Edge introduces cloud <\/a>[\/vc_column_text]<\/div><\/div>\t\t\t<script type=\"text\/javascript\">\r\n\t\t\t\tjQuery(document).ready(function ($) {\r\n\t\t\t\t\tif( typeof jQuery('.ult-carousel-60641656069f048ac6293a').slick == \"function\"){\r\n\t\t\t\t\t\t$('.ult-carousel-60641656069f048ac6293a').slick({dots: true,autoplaySpeed: 5000,speed: 500,infinite: false,arrows: true,nextArrow: '<button type=\"button\" role=\"button\" aria-label=\"Next\" style=\"color:#ffffff; font-size:30px;background:rgba(255,255,255,0.2);\" class=\"slick-next square-bg\"><i class=\"ultsl-arrow-right6\"><\/i><\/button>',prevArrow: '<button type=\"button\" role=\"button\" aria-label=\"Previous\" style=\"color:#ffffff; font-size:30px;background:rgba(255,255,255,0.2);\" class=\"slick-prev square-bg\"><i class=\"ultsl-arrow-left6\"><\/i><\/button>',slidesToScroll:4,slidesToShow:4,swipe: true,draggable: true,touchMove: true,pauseOnHover: true,pauseOnFocus: false,responsive: [\r\n\t\t\t\t\t\t\t{\r\n\t\t\t\t\t\t\t  breakpoint: 1026,\r\n\t\t\t\t\t\t\t  settings: {\r\n\t\t\t\t\t\t\t\tslidesToShow: 4,\r\n\t\t\t\t\t\t\t\tslidesToScroll: 4,  \r\n\t\t\t\t\t\t\t  }\r\n\t\t\t\t\t\t\t},\r\n\t\t\t\t\t\t\t{\r\n\t\t\t\t\t\t\t  breakpoint: 1025,\r\n\t\t\t\t\t\t\t  settings: {\r\n\t\t\t\t\t\t\t\tslidesToShow: 2,\r\n\t\t\t\t\t\t\t\tslidesToScroll: 2\r\n\t\t\t\t\t\t\t  }\r\n\t\t\t\t\t\t\t},\r\n\t\t\t\t\t\t\t{\r\n\t\t\t\t\t\t\t  breakpoint: 760,\r\n\t\t\t\t\t\t\t  settings: {\r\n\t\t\t\t\t\t\t\tslidesToShow: 1,\r\n\t\t\t\t\t\t\t\tslidesToScroll: 1\r\n\t\t\t\t\t\t\t  }\r\n\t\t\t\t\t\t\t}\r\n\t\t\t\t\t\t],pauseOnDotsHover: true,customPaging: function(slider, i) {\r\n                   return '<i type=\"button\" style= \"color:#ffffff;\" class=\"ultsl-record\" data-role=\"none\"><\/i>';\r\n                },});\r\n\t\t\t\t\t}\r\n\t\t\t\t});\r\n\t\t\t<\/script>\r\n\t\t\t[\/vc_column][\/vc_row][vc_row full_width=&#8220;stretch_row&#8220; el_class=&#8220;footer-contact&#8220; css=&#8220;.vc_custom_1550170708528{background-color: #dedee3 !important;}&#8220;][vc_column]<div class=\"wpb_content_block wpb_content_element\"><div class=\"wpb_wrapper\"><\/div><\/div>[\/vc_column][\/vc_row][vc_row][vc_column][\/vc_column][\/vc_row]<\/p>\n","protected":false},"excerpt":{"rendered":"<p> Solid Edge delivers cloud-ready design &#8211; on your terms Solid Edge delivers the cloud capabilities you need, by providing easy access to professional 3D CAD across different devices, instant configuration of your CAD environment to your personal preferences, and [&hellip;]<\/p>\n","protected":false},"author":5,"featured_media":0,"parent":2614,"menu_order":100,"comment_status":"closed","ping_status":"closed","template":"","meta":{"inline_featured_image":false},"yoast_head":"<!-- This site is optimized with the Yoast SEO plugin v18.4.1 - https:\/\/yoast.com\/wordpress\/plugins\/seo\/ -->\n<title>Cloud | CAD, spolupr\u00e1ce a sd\u00edlen\u00ed | Solid Edge<\/title>\n<meta name=\"description\" content=\"Solid Edge je cloudov\u00fd CAD syst\u00e9m, kter\u00fd je mo\u017en\u00e9 pou\u017e\u00edvat na r\u016fzn\u00fdch za\u0159\u00edzen\u00edch s minim\u00e1ln\u00ed konfigurac\u00ed a mo\u017enost\u00ed rychl\u00e9ho sd\u00edlen\u00ed dat.\" \/>\n<meta name=\"robots\" content=\"index, follow, max-snippet:-1, max-image-preview:large, max-video-preview:-1\" \/>\n<link rel=\"canonical\" href=\"https:\/\/solidedge.siemens.com\/cs\/solutions\/initiatives\/cloud-ready-design\/\" \/>\n<meta property=\"og:locale\" content=\"cs_CZ\" \/>\n<meta property=\"og:type\" content=\"article\" \/>\n<meta property=\"og:title\" content=\"Cloud | CAD, spolupr\u00e1ce a sd\u00edlen\u00ed | Solid Edge\" \/>\n<meta property=\"og:description\" content=\"Solid Edge je cloudov\u00fd CAD syst\u00e9m, kter\u00fd je mo\u017en\u00e9 pou\u017e\u00edvat na r\u016fzn\u00fdch za\u0159\u00edzen\u00edch s minim\u00e1ln\u00ed konfigurac\u00ed a mo\u017enost\u00ed rychl\u00e9ho sd\u00edlen\u00ed dat.\" \/>\n<meta property=\"og:url\" content=\"https:\/\/solidedge.siemens.com\/cs\/solutions\/initiatives\/cloud-ready-design\/\" \/>\n<meta property=\"og:site_name\" content=\"Solid Edge\" \/>\n<meta property=\"article:publisher\" content=\"https:\/\/www.facebook.com\/solidedge\" \/>\n<meta property=\"article:modified_time\" content=\"2022-11-04T16:20:05+00:00\" \/>\n<meta name=\"twitter:card\" content=\"summary_large_image\" \/>\n<meta name=\"twitter:site\" content=\"@siemensplm\" \/>\n<meta name=\"twitter:label1\" content=\"Odhadovan\u00e1 doba \u010dten\u00ed\" \/>\n\t<meta name=\"twitter:data1\" content=\"5 minut\" \/>\n<script type=\"application\/ld+json\" class=\"yoast-schema-graph\">{\"@context\":\"https:\/\/schema.org\",\"@graph\":[{\"@type\":\"Organization\",\"@id\":\"https:\/\/solidedge.siemens.com\/en\/#organization\",\"name\":\"Siemens Digital Industries Software\",\"url\":\"https:\/\/solidedge.siemens.com\/en\/\",\"sameAs\":[\"https:\/\/www.facebook.com\/solidedge\",\"https:\/\/www.instagram.com\/siemens\/\",\"https:\/\/www.linkedin.com\/company\/siemens-plm-software\",\"https:\/\/www.youtube.com\/user\/PolarionSoftware\",\"https:\/\/twitter.com\/siemensplm\"],\"logo\":{\"@type\":\"ImageObject\",\"@id\":\"https:\/\/solidedge.siemens.com\/en\/#logo\",\"inLanguage\":\"cs\",\"url\":\"https:\/\/solidedge.siemens.com\/wp-content\/uploads\/2018\/04\/logo-siemens-ifl@2x.png\",\"contentUrl\":\"https:\/\/solidedge.siemens.com\/wp-content\/uploads\/2018\/04\/logo-siemens-ifl@2x.png\",\"width\":640,\"height\":270,\"caption\":\"Siemens Digital Industries Software\"},\"image\":{\"@id\":\"https:\/\/solidedge.siemens.com\/en\/#logo\"}},{\"@type\":\"WebSite\",\"@id\":\"https:\/\/solidedge.siemens.com\/en\/#website\",\"url\":\"https:\/\/solidedge.siemens.com\/en\/\",\"name\":\"Solid Edge\",\"description\":\"Siemens Software\",\"publisher\":{\"@id\":\"https:\/\/solidedge.siemens.com\/en\/#organization\"},\"potentialAction\":[{\"@type\":\"SearchAction\",\"target\":{\"@type\":\"EntryPoint\",\"urlTemplate\":\"https:\/\/solidedge.siemens.com\/en\/?s={search_term_string}\"},\"query-input\":\"required name=search_term_string\"}],\"inLanguage\":\"cs\"},{\"@type\":\"WebPage\",\"@id\":\"https:\/\/solidedge.siemens.com\/cs\/solutions\/initiatives\/cloud-ready-design\/#webpage\",\"url\":\"https:\/\/solidedge.siemens.com\/cs\/solutions\/initiatives\/cloud-ready-design\/\",\"name\":\"Cloud | CAD, spolupr\u00e1ce a sd\u00edlen\u00ed | Solid Edge\",\"isPartOf\":{\"@id\":\"https:\/\/solidedge.siemens.com\/en\/#website\"},\"datePublished\":\"2018-03-30T18:57:55+00:00\",\"dateModified\":\"2022-11-04T16:20:05+00:00\",\"description\":\"Solid Edge je cloudov\u00fd CAD syst\u00e9m, kter\u00fd je mo\u017en\u00e9 pou\u017e\u00edvat na r\u016fzn\u00fdch za\u0159\u00edzen\u00edch s minim\u00e1ln\u00ed konfigurac\u00ed a mo\u017enost\u00ed rychl\u00e9ho sd\u00edlen\u00ed dat.\",\"breadcrumb\":{\"@id\":\"https:\/\/solidedge.siemens.com\/cs\/solutions\/initiatives\/cloud-ready-design\/#breadcrumb\"},\"inLanguage\":\"cs\",\"potentialAction\":[{\"@type\":\"ReadAction\",\"target\":[\"https:\/\/solidedge.siemens.com\/cs\/solutions\/initiatives\/cloud-ready-design\/\"]}]},{\"@type\":\"BreadcrumbList\",\"@id\":\"https:\/\/solidedge.siemens.com\/cs\/solutions\/initiatives\/cloud-ready-design\/#breadcrumb\",\"itemListElement\":[{\"@type\":\"ListItem\",\"position\":1,\"name\":\"Home\",\"item\":\"https:\/\/solidedge.siemens.com\/en\/home-5\/\"},{\"@type\":\"ListItem\",\"position\":2,\"name\":\"\u0158e&scaron;en&iacute;\",\"item\":\"https:\/\/solidedge.siemens.com\/cs\/solutions\/\"},{\"@type\":\"ListItem\",\"position\":3,\"name\":\"Iniciativy\",\"item\":\"https:\/\/solidedge.siemens.com\/cs\/solutions\/initiatives\/\"},{\"@type\":\"ListItem\",\"position\":4,\"name\":\"Cloud\"}]}]}<\/script>\n<!-- \/ Yoast SEO plugin. -->","yoast_head_json":{"title":"Cloud | CAD, spolupr\u00e1ce a sd\u00edlen\u00ed | Solid Edge","description":"Solid Edge je cloudov\u00fd CAD syst\u00e9m, kter\u00fd je mo\u017en\u00e9 pou\u017e\u00edvat na r\u016fzn\u00fdch za\u0159\u00edzen\u00edch s minim\u00e1ln\u00ed konfigurac\u00ed a mo\u017enost\u00ed rychl\u00e9ho sd\u00edlen\u00ed dat.","robots":{"index":"index","follow":"follow","max-snippet":"max-snippet:-1","max-image-preview":"max-image-preview:large","max-video-preview":"max-video-preview:-1"},"canonical":"https:\/\/solidedge.siemens.com\/cs\/solutions\/initiatives\/cloud-ready-design\/","og_locale":"cs_CZ","og_type":"article","og_title":"Cloud | CAD, spolupr\u00e1ce a sd\u00edlen\u00ed | Solid Edge","og_description":"Solid Edge je cloudov\u00fd CAD syst\u00e9m, kter\u00fd je mo\u017en\u00e9 pou\u017e\u00edvat na r\u016fzn\u00fdch za\u0159\u00edzen\u00edch s minim\u00e1ln\u00ed konfigurac\u00ed a mo\u017enost\u00ed rychl\u00e9ho sd\u00edlen\u00ed dat.","og_url":"https:\/\/solidedge.siemens.com\/cs\/solutions\/initiatives\/cloud-ready-design\/","og_site_name":"Solid Edge","article_publisher":"https:\/\/www.facebook.com\/solidedge","article_modified_time":"2022-11-04T16:20:05+00:00","twitter_card":"summary_large_image","twitter_site":"@siemensplm","twitter_misc":{"Odhadovan\u00e1 doba \u010dten\u00ed":"5 minut"},"schema":{"@context":"https:\/\/schema.org","@graph":[{"@type":"Organization","@id":"https:\/\/solidedge.siemens.com\/en\/#organization","name":"Siemens Digital Industries Software","url":"https:\/\/solidedge.siemens.com\/en\/","sameAs":["https:\/\/www.facebook.com\/solidedge","https:\/\/www.instagram.com\/siemens\/","https:\/\/www.linkedin.com\/company\/siemens-plm-software","https:\/\/www.youtube.com\/user\/PolarionSoftware","https:\/\/twitter.com\/siemensplm"],"logo":{"@type":"ImageObject","@id":"https:\/\/solidedge.siemens.com\/en\/#logo","inLanguage":"cs","url":"https:\/\/solidedge.siemens.com\/wp-content\/uploads\/2018\/04\/logo-siemens-ifl@2x.png","contentUrl":"https:\/\/solidedge.siemens.com\/wp-content\/uploads\/2018\/04\/logo-siemens-ifl@2x.png","width":640,"height":270,"caption":"Siemens Digital Industries Software"},"image":{"@id":"https:\/\/solidedge.siemens.com\/en\/#logo"}},{"@type":"WebSite","@id":"https:\/\/solidedge.siemens.com\/en\/#website","url":"https:\/\/solidedge.siemens.com\/en\/","name":"Solid Edge","description":"Siemens Software","publisher":{"@id":"https:\/\/solidedge.siemens.com\/en\/#organization"},"potentialAction":[{"@type":"SearchAction","target":{"@type":"EntryPoint","urlTemplate":"https:\/\/solidedge.siemens.com\/en\/?s={search_term_string}"},"query-input":"required name=search_term_string"}],"inLanguage":"cs"},{"@type":"WebPage","@id":"https:\/\/solidedge.siemens.com\/cs\/solutions\/initiatives\/cloud-ready-design\/#webpage","url":"https:\/\/solidedge.siemens.com\/cs\/solutions\/initiatives\/cloud-ready-design\/","name":"Cloud | CAD, spolupr\u00e1ce a sd\u00edlen\u00ed | Solid Edge","isPartOf":{"@id":"https:\/\/solidedge.siemens.com\/en\/#website"},"datePublished":"2018-03-30T18:57:55+00:00","dateModified":"2022-11-04T16:20:05+00:00","description":"Solid Edge je cloudov\u00fd CAD syst\u00e9m, kter\u00fd je mo\u017en\u00e9 pou\u017e\u00edvat na r\u016fzn\u00fdch za\u0159\u00edzen\u00edch s minim\u00e1ln\u00ed konfigurac\u00ed a mo\u017enost\u00ed rychl\u00e9ho sd\u00edlen\u00ed dat.","breadcrumb":{"@id":"https:\/\/solidedge.siemens.com\/cs\/solutions\/initiatives\/cloud-ready-design\/#breadcrumb"},"inLanguage":"cs","potentialAction":[{"@type":"ReadAction","target":["https:\/\/solidedge.siemens.com\/cs\/solutions\/initiatives\/cloud-ready-design\/"]}]},{"@type":"BreadcrumbList","@id":"https:\/\/solidedge.siemens.com\/cs\/solutions\/initiatives\/cloud-ready-design\/#breadcrumb","itemListElement":[{"@type":"ListItem","position":1,"name":"Home","item":"https:\/\/solidedge.siemens.com\/en\/home-5\/"},{"@type":"ListItem","position":2,"name":"\u0158e&scaron;en&iacute;","item":"https:\/\/solidedge.siemens.com\/cs\/solutions\/"},{"@type":"ListItem","position":3,"name":"Iniciativy","item":"https:\/\/solidedge.siemens.com\/cs\/solutions\/initiatives\/"},{"@type":"ListItem","position":4,"name":"Cloud"}]}]}},"_links":{"self":[{"href":"https:\/\/solidedge.siemens.com\/cs\/wp-json\/wp\/v2\/pages\/2425"}],"collection":[{"href":"https:\/\/solidedge.siemens.com\/cs\/wp-json\/wp\/v2\/pages"}],"about":[{"href":"https:\/\/solidedge.siemens.com\/cs\/wp-json\/wp\/v2\/types\/page"}],"author":[{"embeddable":true,"href":"https:\/\/solidedge.siemens.com\/cs\/wp-json\/wp\/v2\/users\/5"}],"replies":[{"embeddable":true,"href":"https:\/\/solidedge.siemens.com\/cs\/wp-json\/wp\/v2\/comments?post=2425"}],"version-history":[{"count":21,"href":"https:\/\/solidedge.siemens.com\/cs\/wp-json\/wp\/v2\/pages\/2425\/revisions"}],"predecessor-version":[{"id":64935,"href":"https:\/\/solidedge.siemens.com\/cs\/wp-json\/wp\/v2\/pages\/2425\/revisions\/64935"}],"up":[{"embeddable":true,"href":"https:\/\/solidedge.siemens.com\/cs\/wp-json\/wp\/v2\/pages\/2614"}],"wp:attachment":[{"href":"https:\/\/solidedge.siemens.com\/cs\/wp-json\/wp\/v2\/media?parent=2425"}],"curies":[{"name":"wp","href":"https:\/\/api.w.org\/{rel}","templated":true}]}}