{"id":2115,"date":"2018-04-05T12:00:13","date_gmt":"2018-04-05T16:00:13","guid":{"rendered":"https:\/\/solidedge.siemens.com\/overview\/"},"modified":"2021-04-30T13:52:07","modified_gmt":"2021-04-30T17:52:07","slug":"overview","status":"publish","type":"page","link":"https:\/\/solidedge.siemens.com\/cs\/free-software\/overview\/","title":{"rendered":"Bezplatn&yacute; software"},"content":{"rendered":"<p>[vc_row el_class=&#8220;vc-row-page-text-intro&#8220;][vc_column][vc_column_text]<\/p>\n<h1>Free Software Offerings<br \/>\nfrom Siemens Digital Industries Software<\/h1>\n<p>[\/vc_column_text][vc_column_text]<strong>Take the next step with Solid Edge!<\/strong><\/p>\n<p>Solid Edge is a portfolio of affordable, easy-to-use software tools that addresses all aspects of the product development process \u2013 3D design, simulation, manufacturing, data management and more.\u00a0Download one of our free products, or start a Solid Edge trial today! See all of our free options below.[\/vc_column_text][\/vc_column][\/vc_row][vc_row full_width=&#8220;stretch_row&#8220; equal_height=&#8220;yes&#8220; el_class=&#8220;vc-row-linked-image-teasers&#8220; css=&#8220;.vc_custom_1525370555689{background-color: #13374e !important;}&#8220;][vc_column width=&#8220;1\/3&#8243;][vc_single_image image=&#8220;1027&#8243; img_size=&#8220;linked-teaser&#8220; alignment=&#8220;center&#8220;][vc_column_text]<\/p>\n<h3><a id=\"free_software_link_0\" href=\"\/en\/try-now\/\">Solid Edge Free Trial<\/a><\/h3>\n<p>Download and use Solid Edge for 30 days on your PC. Take your product design to the next level with Solid Edge 3D CAD.[\/vc_column_text][\/vc_column][vc_column width=&#8220;1\/3&#8243;][vc_single_image image=&#8220;1020&#8243; img_size=&#8220;linked-teaser&#8220; alignment=&#8220;center&#8220;][vc_column_text]<\/p>\n<h3><a id=\"free_software_link_1\" href=\"https:\/\/www.plm.automation.siemens.com\/plmapp\/education\/solid-edge\/en_us\/free-software\/free-2d-cad\">Solid Edge 2D Drafting<\/a><\/h3>\n<p>Get free 2D CAD software: Download Solid Edge 2D Drafting from Siemens Digital Industries Software today. Everything you need for quick and easy 2D drafting and 2D drawing.[\/vc_column_text][\/vc_column][vc_column width=&#8220;1\/3&#8243;][vc_single_image image=&#8220;1021&#8243; img_size=&#8220;linked-teaser&#8220; alignment=&#8220;center&#8220;][vc_column_text]<\/p>\n<h3><a id=\"free_software_link_3\" href=\"https:\/\/www.plm.automation.siemens.com\/plmapp\/education\/solid-edge\/en_us\/free-software\/student\">Solid Edge for Students<\/a><\/h3>\n<p>Build the skills you need with Solid Edge Student Edition software\u2014a free version of the same easy-to-use software suite used by professionals.[\/vc_column_text][\/vc_column][vc_column width=&#8220;1\/3&#8243;][vc_single_image image=&#8220;1025&#8243; img_size=&#8220;linked-teaser&#8220; alignment=&#8220;center&#8220;][vc_column_text]<\/p>\n<h3><a id=\"free_software_link_4\" href=\"https:\/\/www.plm.automation.siemens.com\/plmapp\/education\/solid-edge\/en_us\/free-software\/teacher\">Solid Edge for Teachers<\/a><\/h3>\n<p>Prepare students of all ages for careers in science, technology, engineering and mathematics (STEM) with a free campus-wide license to Solid Edge[\/vc_column_text][\/vc_column][vc_column width=&#8220;1\/3&#8243;][vc_single_image image=&#8220;23453&#8243; img_size=&#8220;linked-teaser&#8220; alignment=&#8220;center&#8220;][vc_column_text]<\/p>\n<h3><a id=\"free_software_link_5\" href=\"https:\/\/www.plm.automation.siemens.com\/plmapp\/education\/solid-edge\/en_us\/free-software\/community\">Solid Edge Community Edition<\/a><\/h3>\n<p>Free for anyone in the engineering community practicing their craft for personal satisfaction, , including makers and hobbyists.[\/vc_column_text][\/vc_column][vc_column width=&#8220;1\/3&#8243;][vc_single_image image=&#8220;23466&#8243; img_size=&#8220;linked-teaser&#8220; alignment=&#8220;center&#8220;][vc_column_text]<\/p>\n<h3><a id=\"free_software_link_6\" href=\"https:\/\/www.plm.automation.siemens.com\/global\/en\/topic\/solid-edge-for-startups\/8335\">Solid Edge for Startups<\/a><\/h3>\n<p>Qualifying startups are eligible for a free annual subscription to Solid Edge\u2014a comprehensive product development solution to help make your ideas a reality.[\/vc_column_text][\/vc_column][vc_column width=&#8220;1\/3&#8243;][vc_single_image image=&#8220;1024&#8243; img_size=&#8220;linked-teaser&#8220; alignment=&#8220;center&#8220;][vc_column_text]<\/p>\n<h3><a id=\"free_software_link_7\" href=\"https:\/\/www.plm.automation.siemens.com\/plmapp\/education\/solid-edge\/en_us\/free-software\/viewer\">Solid Edge Free Viewer<\/a><\/h3>\n<p>The free Solid Edge Viewer allows you to interactively view Solid Edge 3D models and drawings.[\/vc_column_text][\/vc_column][vc_column width=&#8220;1\/3&#8243;][vc_single_image image=&#8220;1022&#8243; img_size=&#8220;linked-teaser&#8220; alignment=&#8220;center&#8220;][vc_column_text]<\/p>\n<h3><a id=\"free_software_link_8\" href=\"https:\/\/www.mentor.com\/company\/higher_ed\/floefd-solid-edge-student-edition\">Simcenter FloEFD for Solid Edge Student Edition<\/a><\/h3>\n<p>Simcenter FloEFD for Solid Edge, Computational Fluid Dynamics (CFD) fully embedded with Solid Edge for fluid flow and thermal simulation.[\/vc_column_text][\/vc_column][vc_column width=&#8220;1\/3&#8243;][vc_single_image image=&#8220;1023&#8243; img_size=&#8220;linked-teaser&#8220; alignment=&#8220;center&#8220;][vc_column_text]<\/p>\n<h3><a id=\"free_software_link_9\" href=\"https:\/\/www.mentor.com\/products\/product-eval\/floefd-solid-edge-vlab\">Simcenter FloEFD for Solid Edge Virtual Lab <\/a><\/h3>\n<p>Find out how you can unleash the power of fluid flow and thermal simulation on your Solid Edge design with this Virtual Lab.[\/vc_column_text][\/vc_column][\/vc_row][vc_row full_width=&#8220;stretch_row&#8220; el_class=&#8220;vc-row-free-software&#8220; css=&#8220;.vc_custom_1523912493378{background-color: #006486 !important;}&#8220;][vc_column][vc_column_text el_class=&#8220;vc-el-lead-in&#8220;]FREE Software<\/p>\n<h2>Free 3D Design Software<\/h2>\n<p>[\/vc_column_text][vc_row_inner equal_height=&#8220;yes&#8220;][vc_column_inner width=&#8220;1\/2&#8243; offset=&#8220;vc_col-md-5&#8243;]<div class=\"wpb_content_block wpb_content_element\"><div class=\"wpb_wrapper\"><div class=\"content_block\" id=\"custom_post_widget-1026\"><p>[vc_row][vc_column][vc_column_text]<\/p>\n<h3>Chcete zakoupit produkt?<\/h3>\n<p>Nav\u0161tivte online obchod je\u0161t\u011b dnes a po\u0159i\u010fte si m\u011bs\u00ed\u010dn\u00ed nebo ro\u010dn\u00ed p\u0159edplatn\u00e9, p\u0159\u00edpadn\u011b zjist\u011bte dal\u0161\u00ed informace o mo\u017enostech trval\u00fdch licenc\u00ed. [\/vc_column_text][vc_column_text]<a class=\"action-button\" href=\"\/cs\/buy-now\/\">Dal\u0161\u00ed informace<\/a>[\/vc_column_text][\/vc_column][\/vc_row]<\/p>\n<\/div><\/div><\/div>[\/vc_column_inner][vc_column_inner width=&#8220;1\/2&#8243; offset=&#8220;vc_col-md-offset-2 vc_col-md-5&#8243;]<div class=\"wpb_content_block wpb_content_element\"><div class=\"wpb_wrapper\"><div class=\"content_block\" id=\"custom_post_widget-419\"><p>[vc_row][vc_column][vc_column_text]<\/p>\n<h3>Bezplatn\u00fd software pro v\u00e1\u0161 startup<\/h3>\n<p>Pokud pr\u00e1v\u011b spou\u0161t\u00edte v\u00e1\u0161 startup a podnik\u00e1te m\u00e9n\u011b ne\u017e t\u0159i roky, m\u016f\u017eete z\u00edskat bezplatnou verzi Solid Edge. A to bez poplatku![\/vc_column_text][vc_column_text]<a class=\"action-button\" href=\"https:\/\/www.plm.automation.siemens.com\/global\/en\/topic\/solid-edge-for-startups\/8335\"><i class=\"icon-ext\"><\/i>Za\u017e\u00e1dat nyn\u00ed<\/a>[\/vc_column_text][\/vc_column][\/vc_row]<\/p>\n<\/div><\/div><\/div>[\/vc_column_inner][\/vc_row_inner][\/vc_column][\/vc_row][vc_row full_width=&#8220;stretch_row&#8220; el_class=&#8220;vc-row-related-content&#8220; css=&#8220;.vc_custom_1524184785822{background-color: #347eb5 !important;}&#8220;][vc_column][vc_column_text]<\/p>\n<h2>Related Content<\/h2>\n<p>[\/vc_column_text]<div id=\"ult-carousel-171654572769f3b49ccc36c\" class=\"ult-carousel-wrapper  vc-el-carousel-related-content ult_horizontal\" data-gutter=\"0\" data-rtl=\"false\" ><div class=\"ult-carousel-171063736469f3b49ccc348 \" >[vc_column_text]<a href=\"https:\/\/solidedge.siemens.com\/cs\/solutions\/products\/complete-product-development-portfolio\/\">Dal&scaron;&iacute; informace o portfoliu Solid Edge<\/a>[\/vc_column_text][vc_column_text]<a href=\"https:\/\/solidedge.siemens.com\/cs\/solutions\/products\/3d-design\/synchronous-technology\/\">Synchronn&iacute; technologie v&nbsp;Solid Edge<\/a>[\/vc_column_text][vc_column_text]<a href=\"https:\/\/www.plm.automation.siemens.com\/en_us\/Images\/DEVELOP3D_SolidEdgeST8_tcm1023-238495.pdf\">DEVELOP3D:<br \/>\nThe Magic that is Synchronous Technology <\/a>[\/vc_column_text][vc_column_text]<a href=\"https:\/\/solidedge.siemens.com\/cs\/solutions\/products\/3d-design\/next-generation-design\/\">Next Generation Design<\/a>[\/vc_column_text]<\/div><\/div>\t\t\t<script type=\"text\/javascript\">\r\n\t\t\t\tjQuery(document).ready(function ($) {\r\n\t\t\t\t\tif( typeof jQuery('.ult-carousel-171063736469f3b49ccc348').slick == \"function\"){\r\n\t\t\t\t\t\t$('.ult-carousel-171063736469f3b49ccc348').slick({dots: true,autoplaySpeed: 5000,speed: 500,infinite: false,arrows: true,nextArrow: '<button type=\"button\" role=\"button\" aria-label=\"Next\" style=\"color:#ffffff; font-size:30px;background:rgba(255,255,255,0.2);\" class=\"slick-next square-bg\"><i class=\"ultsl-arrow-right6\"><\/i><\/button>',prevArrow: '<button type=\"button\" role=\"button\" aria-label=\"Previous\" style=\"color:#ffffff; font-size:30px;background:rgba(255,255,255,0.2);\" class=\"slick-prev square-bg\"><i class=\"ultsl-arrow-left6\"><\/i><\/button>',slidesToScroll:4,slidesToShow:4,swipe: true,draggable: true,touchMove: true,pauseOnHover: true,pauseOnFocus: false,responsive: [\r\n\t\t\t\t\t\t\t{\r\n\t\t\t\t\t\t\t  breakpoint: 1026,\r\n\t\t\t\t\t\t\t  settings: {\r\n\t\t\t\t\t\t\t\tslidesToShow: 4,\r\n\t\t\t\t\t\t\t\tslidesToScroll: 4,  \r\n\t\t\t\t\t\t\t  }\r\n\t\t\t\t\t\t\t},\r\n\t\t\t\t\t\t\t{\r\n\t\t\t\t\t\t\t  breakpoint: 1025,\r\n\t\t\t\t\t\t\t  settings: {\r\n\t\t\t\t\t\t\t\tslidesToShow: 2,\r\n\t\t\t\t\t\t\t\tslidesToScroll: 2\r\n\t\t\t\t\t\t\t  }\r\n\t\t\t\t\t\t\t},\r\n\t\t\t\t\t\t\t{\r\n\t\t\t\t\t\t\t  breakpoint: 760,\r\n\t\t\t\t\t\t\t  settings: {\r\n\t\t\t\t\t\t\t\tslidesToShow: 1,\r\n\t\t\t\t\t\t\t\tslidesToScroll: 1\r\n\t\t\t\t\t\t\t  }\r\n\t\t\t\t\t\t\t}\r\n\t\t\t\t\t\t],pauseOnDotsHover: true,customPaging: function(slider, i) {\r\n                   return '<i type=\"button\" style= \"color:#ffffff;\" class=\"ultsl-record\" data-role=\"none\"><\/i>';\r\n                },});\r\n\t\t\t\t\t}\r\n\t\t\t\t});\r\n\t\t\t<\/script>\r\n\t\t\t[\/vc_column][\/vc_row][vc_row full_width=&#8220;stretch_row&#8220; el_class=&#8220;footer-contact&#8220; css=&#8220;.vc_custom_1550170708528{background-color: #dedee3 !important;}&#8220;][vc_column]<div class=\"wpb_content_block wpb_content_element\"><div class=\"wpb_wrapper\"><\/div><\/div>[vc_raw_js]JTNDc2NyaXB0JTNFJTBBJTIwJTIwJTBBJTIwJTIwYW5hbHl0aWNzLnRyYWNrJTI4JTIyRnJlZSUyMFNvZnR3YXJlJTIwVmlld2VkJTIyJTJDJTIwJTdCJTBBJTIwJTIwJTIwJTIwJTIyY2F0ZWdvcnklMjIlM0ElMjAlMjJGcmVlJTIwU29mdHdhcmUlMjIlMkMlMEElMjAlMjAlMjAlMjAlMjJsYWJlbCUyMiUzQSUyMCUyMkZyZWUlMjBTb2Z0d2FyZSUyME9mZmVyaW5ncyUyMiUyQyUwQSUyMCUyMCUyMCUyMCUyMm9yZyUyMiUzQSUyMCUyMlByb2R1Y3QlMjIlMkMlMEElMjAlMjAlMjAlMjAlMjJwcm9kdWN0X25hbWUlMjIlM0ElMjAlMjJTb2xpZCUyMEVkZ2UlMjIlMEElMjAlMjAlN0QlMjklM0IlMEElMEElM0MlMkZzY3JpcHQlM0U=[\/vc_raw_js][\/vc_column][\/vc_row]<\/p>\n","protected":false},"excerpt":{"rendered":"<p> Free Software Offerings from Siemens Digital Industries Software [\/vc_column_text]Take the next step with Solid Edge! Solid Edge is a portfolio of affordable, easy-to-use software tools that addresses all aspects of the product development process \u2013 3D design, simulation, manufacturing, data management and more.\u00a0Download one of our free products, or start a Solid Edge [&hellip;]<\/p>\n","protected":false},"author":20,"featured_media":0,"parent":2637,"menu_order":0,"comment_status":"closed","ping_status":"closed","template":"","meta":{"inline_featured_image":false},"yoast_head":"<!-- This site is optimized with the Yoast SEO plugin v18.4.1 - https:\/\/yoast.com\/wordpress\/plugins\/seo\/ -->\n<title>Bezplatn\u00fd software | 2D a 3D CAD | Solid Edge<\/title>\n<meta name=\"description\" content=\"St\u00e1hn\u011bte si bezplatn\u00fd software a zku\u0161ebn\u00ed verze 2D a 3D CAD softwaru Solid Edge pro konstrukt\u00e9ry, kutily, nad\u0161ence a studenty.\" \/>\n<meta name=\"robots\" content=\"index, follow, max-snippet:-1, max-image-preview:large, max-video-preview:-1\" \/>\n<link rel=\"canonical\" href=\"https:\/\/solidedge.siemens.com\/cs\/free-software\/overview\/\" \/>\n<meta property=\"og:locale\" content=\"cs_CZ\" \/>\n<meta property=\"og:type\" content=\"article\" \/>\n<meta property=\"og:title\" content=\"Bezplatn\u00fd software | 2D a 3D CAD | Solid Edge\" \/>\n<meta property=\"og:description\" content=\"St\u00e1hn\u011bte si bezplatn\u00fd software a zku\u0161ebn\u00ed verze 2D a 3D CAD softwaru Solid Edge pro konstrukt\u00e9ry, kutily, nad\u0161ence a studenty.\" \/>\n<meta property=\"og:url\" content=\"https:\/\/solidedge.siemens.com\/cs\/free-software\/overview\/\" \/>\n<meta property=\"og:site_name\" content=\"Solid Edge\" \/>\n<meta property=\"article:publisher\" content=\"https:\/\/www.facebook.com\/solidedge\" \/>\n<meta property=\"article:modified_time\" content=\"2021-04-30T17:52:07+00:00\" \/>\n<meta name=\"twitter:card\" content=\"summary_large_image\" \/>\n<meta name=\"twitter:site\" content=\"@siemensplm\" \/>\n<meta name=\"twitter:label1\" content=\"Odhadovan\u00e1 doba \u010dten\u00ed\" \/>\n\t<meta name=\"twitter:data1\" content=\"2 minuty\" \/>\n<script type=\"application\/ld+json\" class=\"yoast-schema-graph\">{\"@context\":\"https:\/\/schema.org\",\"@graph\":[{\"@type\":\"Organization\",\"@id\":\"https:\/\/solidedge.siemens.com\/en\/#organization\",\"name\":\"Siemens Digital Industries Software\",\"url\":\"https:\/\/solidedge.siemens.com\/en\/\",\"sameAs\":[\"https:\/\/www.facebook.com\/solidedge\",\"https:\/\/www.instagram.com\/siemens\/\",\"https:\/\/www.linkedin.com\/company\/siemens-plm-software\",\"https:\/\/www.youtube.com\/user\/PolarionSoftware\",\"https:\/\/twitter.com\/siemensplm\"],\"logo\":{\"@type\":\"ImageObject\",\"@id\":\"https:\/\/solidedge.siemens.com\/en\/#logo\",\"inLanguage\":\"cs\",\"url\":\"https:\/\/solidedge.siemens.com\/wp-content\/uploads\/2018\/04\/logo-siemens-ifl@2x.png\",\"contentUrl\":\"https:\/\/solidedge.siemens.com\/wp-content\/uploads\/2018\/04\/logo-siemens-ifl@2x.png\",\"width\":640,\"height\":270,\"caption\":\"Siemens Digital Industries Software\"},\"image\":{\"@id\":\"https:\/\/solidedge.siemens.com\/en\/#logo\"}},{\"@type\":\"WebSite\",\"@id\":\"https:\/\/solidedge.siemens.com\/en\/#website\",\"url\":\"https:\/\/solidedge.siemens.com\/en\/\",\"name\":\"Solid Edge\",\"description\":\"Siemens Software\",\"publisher\":{\"@id\":\"https:\/\/solidedge.siemens.com\/en\/#organization\"},\"potentialAction\":[{\"@type\":\"SearchAction\",\"target\":{\"@type\":\"EntryPoint\",\"urlTemplate\":\"https:\/\/solidedge.siemens.com\/en\/?s={search_term_string}\"},\"query-input\":\"required name=search_term_string\"}],\"inLanguage\":\"cs\"},{\"@type\":\"WebPage\",\"@id\":\"https:\/\/solidedge.siemens.com\/cs\/free-software\/overview\/#webpage\",\"url\":\"https:\/\/solidedge.siemens.com\/cs\/free-software\/overview\/\",\"name\":\"Bezplatn\u00fd software | 2D a 3D CAD | Solid Edge\",\"isPartOf\":{\"@id\":\"https:\/\/solidedge.siemens.com\/en\/#website\"},\"datePublished\":\"2018-04-05T16:00:13+00:00\",\"dateModified\":\"2021-04-30T17:52:07+00:00\",\"description\":\"St\u00e1hn\u011bte si bezplatn\u00fd software a zku\u0161ebn\u00ed verze 2D a 3D CAD softwaru Solid Edge pro konstrukt\u00e9ry, kutily, nad\u0161ence a studenty.\",\"breadcrumb\":{\"@id\":\"https:\/\/solidedge.siemens.com\/cs\/free-software\/overview\/#breadcrumb\"},\"inLanguage\":\"cs\",\"potentialAction\":[{\"@type\":\"ReadAction\",\"target\":[\"https:\/\/solidedge.siemens.com\/cs\/free-software\/overview\/\"]}]},{\"@type\":\"BreadcrumbList\",\"@id\":\"https:\/\/solidedge.siemens.com\/cs\/free-software\/overview\/#breadcrumb\",\"itemListElement\":[{\"@type\":\"ListItem\",\"position\":1,\"name\":\"Home\",\"item\":\"https:\/\/solidedge.siemens.com\/en\/home-5\/\"},{\"@type\":\"ListItem\",\"position\":2,\"name\":\"Bezplatn&yacute; software\",\"item\":\"https:\/\/solidedge.siemens.com\/cs\/free-software\/\"},{\"@type\":\"ListItem\",\"position\":3,\"name\":\"Bezplatn&yacute; software\"}]}]}<\/script>\n<!-- \/ Yoast SEO plugin. -->","yoast_head_json":{"title":"Bezplatn\u00fd software | 2D a 3D CAD | Solid Edge","description":"St\u00e1hn\u011bte si bezplatn\u00fd software a zku\u0161ebn\u00ed verze 2D a 3D CAD softwaru Solid Edge pro konstrukt\u00e9ry, kutily, nad\u0161ence a studenty.","robots":{"index":"index","follow":"follow","max-snippet":"max-snippet:-1","max-image-preview":"max-image-preview:large","max-video-preview":"max-video-preview:-1"},"canonical":"https:\/\/solidedge.siemens.com\/cs\/free-software\/overview\/","og_locale":"cs_CZ","og_type":"article","og_title":"Bezplatn\u00fd software | 2D a 3D CAD | Solid Edge","og_description":"St\u00e1hn\u011bte si bezplatn\u00fd software a zku\u0161ebn\u00ed verze 2D a 3D CAD softwaru Solid Edge pro konstrukt\u00e9ry, kutily, nad\u0161ence a studenty.","og_url":"https:\/\/solidedge.siemens.com\/cs\/free-software\/overview\/","og_site_name":"Solid Edge","article_publisher":"https:\/\/www.facebook.com\/solidedge","article_modified_time":"2021-04-30T17:52:07+00:00","twitter_card":"summary_large_image","twitter_site":"@siemensplm","twitter_misc":{"Odhadovan\u00e1 doba \u010dten\u00ed":"2 minuty"},"schema":{"@context":"https:\/\/schema.org","@graph":[{"@type":"Organization","@id":"https:\/\/solidedge.siemens.com\/en\/#organization","name":"Siemens Digital Industries Software","url":"https:\/\/solidedge.siemens.com\/en\/","sameAs":["https:\/\/www.facebook.com\/solidedge","https:\/\/www.instagram.com\/siemens\/","https:\/\/www.linkedin.com\/company\/siemens-plm-software","https:\/\/www.youtube.com\/user\/PolarionSoftware","https:\/\/twitter.com\/siemensplm"],"logo":{"@type":"ImageObject","@id":"https:\/\/solidedge.siemens.com\/en\/#logo","inLanguage":"cs","url":"https:\/\/solidedge.siemens.com\/wp-content\/uploads\/2018\/04\/logo-siemens-ifl@2x.png","contentUrl":"https:\/\/solidedge.siemens.com\/wp-content\/uploads\/2018\/04\/logo-siemens-ifl@2x.png","width":640,"height":270,"caption":"Siemens Digital Industries Software"},"image":{"@id":"https:\/\/solidedge.siemens.com\/en\/#logo"}},{"@type":"WebSite","@id":"https:\/\/solidedge.siemens.com\/en\/#website","url":"https:\/\/solidedge.siemens.com\/en\/","name":"Solid Edge","description":"Siemens Software","publisher":{"@id":"https:\/\/solidedge.siemens.com\/en\/#organization"},"potentialAction":[{"@type":"SearchAction","target":{"@type":"EntryPoint","urlTemplate":"https:\/\/solidedge.siemens.com\/en\/?s={search_term_string}"},"query-input":"required name=search_term_string"}],"inLanguage":"cs"},{"@type":"WebPage","@id":"https:\/\/solidedge.siemens.com\/cs\/free-software\/overview\/#webpage","url":"https:\/\/solidedge.siemens.com\/cs\/free-software\/overview\/","name":"Bezplatn\u00fd software | 2D a 3D CAD | Solid Edge","isPartOf":{"@id":"https:\/\/solidedge.siemens.com\/en\/#website"},"datePublished":"2018-04-05T16:00:13+00:00","dateModified":"2021-04-30T17:52:07+00:00","description":"St\u00e1hn\u011bte si bezplatn\u00fd software a zku\u0161ebn\u00ed verze 2D a 3D CAD softwaru Solid Edge pro konstrukt\u00e9ry, kutily, nad\u0161ence a studenty.","breadcrumb":{"@id":"https:\/\/solidedge.siemens.com\/cs\/free-software\/overview\/#breadcrumb"},"inLanguage":"cs","potentialAction":[{"@type":"ReadAction","target":["https:\/\/solidedge.siemens.com\/cs\/free-software\/overview\/"]}]},{"@type":"BreadcrumbList","@id":"https:\/\/solidedge.siemens.com\/cs\/free-software\/overview\/#breadcrumb","itemListElement":[{"@type":"ListItem","position":1,"name":"Home","item":"https:\/\/solidedge.siemens.com\/en\/home-5\/"},{"@type":"ListItem","position":2,"name":"Bezplatn&yacute; software","item":"https:\/\/solidedge.siemens.com\/cs\/free-software\/"},{"@type":"ListItem","position":3,"name":"Bezplatn&yacute; software"}]}]}},"_links":{"self":[{"href":"https:\/\/solidedge.siemens.com\/cs\/wp-json\/wp\/v2\/pages\/2115"}],"collection":[{"href":"https:\/\/solidedge.siemens.com\/cs\/wp-json\/wp\/v2\/pages"}],"about":[{"href":"https:\/\/solidedge.siemens.com\/cs\/wp-json\/wp\/v2\/types\/page"}],"author":[{"embeddable":true,"href":"https:\/\/solidedge.siemens.com\/cs\/wp-json\/wp\/v2\/users\/20"}],"replies":[{"embeddable":true,"href":"https:\/\/solidedge.siemens.com\/cs\/wp-json\/wp\/v2\/comments?post=2115"}],"version-history":[{"count":7,"href":"https:\/\/solidedge.siemens.com\/cs\/wp-json\/wp\/v2\/pages\/2115\/revisions"}],"predecessor-version":[{"id":36172,"href":"https:\/\/solidedge.siemens.com\/cs\/wp-json\/wp\/v2\/pages\/2115\/revisions\/36172"}],"up":[{"embeddable":true,"href":"https:\/\/solidedge.siemens.com\/cs\/wp-json\/wp\/v2\/pages\/2637"}],"wp:attachment":[{"href":"https:\/\/solidedge.siemens.com\/cs\/wp-json\/wp\/v2\/media?parent=2115"}],"curies":[{"name":"wp","href":"https:\/\/api.w.org\/{rel}","templated":true}]}}