{"id":20411,"date":"2019-09-03T12:04:07","date_gmt":"2019-09-03T16:04:07","guid":{"rendered":"https:\/\/solidedge.siemens.com\/?page_id=20411"},"modified":"2021-05-05T13:44:38","modified_gmt":"2021-05-05T17:44:38","slug":"model-based-definition","status":"publish","type":"page","link":"https:\/\/solidedge.siemens.com\/cs\/solutions\/products\/3d-design\/model-based-definition\/","title":{"rendered":"Definice podle modelu"},"content":{"rendered":"<p>[vc_row full_width=&#8220;stretch_row&#8220; full_height=&#8220;yes&#8220; content_placement=&#8220;middle&#8220; css=&#8220;.vc_custom_1560146481477{background: #a6a6a6 url(https:\/\/solidedge.siemens.com\/wp-content\/uploads\/2019\/06\/Model-Based-Design-PMI-Dimensions-Only.jpg?id=17448) !important;background-position: center !important;background-repeat: no-repeat !important;background-size: cover !important;}&#8220; el_class=&#8220;vc-row-hero-banner&#8220;][vc_column][vc_column_text el_class=&#8220;.vc-el-callout&#8220;]<\/p>\n<h1>Definice podle modelu<\/h1>\n<p>Definice podle modelu znamen\u00e1, \u017ee je mo\u017en\u00e9 pomoc\u00ed 3D model\u016f vytvo\u0159it pln\u011b digit\u00e1ln\u00ed definice sou\u010d\u00e1st\u00ed a sestav. Se 3D modely dopln\u011bn\u00fdmi pozn\u00e1mkami se pracuje daleko snadn\u011bji ne\u017e se slo\u017eit\u00fdmi v\u00fdkresy, co\u017e urychluje vytv\u00e1\u0159en\u00ed in\u017een\u00fdrsk\u00e9 dokumentace a podporuje n\u00e1sledn\u00e9 ov\u011b\u0159ov\u00e1n\u00ed a v\u00fdrobu.[\/vc_column_text][\/vc_column][\/vc_row][vc_row][vc_column][vc_row_inner][vc_column_inner width=&#8220;2\/3&#8243;][vc_column_text]<\/p>\n<h3>Rychlej\u0161\u00ed tvorba v\u00fdrobn\u00ed dokumentace podporuje komunikaci ve v\u00fdrob\u011b<\/h3>\n<p>Digit\u00e1ln\u00ed komunikace urychluje realiza\u010dn\u00ed procesy V Solid Edge je mo\u017en\u00e9 3D modely s PMI a metadaty p\u0159en\u00e1\u0161et pomoc\u00ed univerz\u00e1ln\u00edch soubor\u016f 3D PDF, kter\u00e9 umo\u017e\u0148uj\u00ed interaktivn\u00ed zobrazen\u00ed v\u00fdrobn\u00edch dat. Pro tvorbu 3D PDF souboru se pou\u017e\u00edvaj\u00ed stejn\u00e9 informace PMI jako k odvozen\u00ed 3D modelu, tak\u017ee nen\u00ed nutn\u00e9 vytv\u00e1\u0159et dal\u0161\u00ed dokumentaci PMI. Pro \u00fa\u010dely certifikac\u00ed je mo\u017en\u00e9 pomoc\u00ed form\u00e1tu 3D PDF snadno vytvo\u0159it pap\u00edrovou dokumentaci.[\/vc_column_text][\/vc_column_inner][vc_column_inner width=&#8220;1\/3&#8243;][vc_single_image image=&#8220;17740&#8243; img_size=&#8220;medium&#8220; alignment=&#8220;right&#8220;][\/vc_column_inner][\/vc_row_inner][vc_row_inner][vc_column_inner width=&#8220;2\/3&#8243;][vc_column_text]<\/p>\n<h3>Cenov\u011b v\u00fdhodn\u00e9 procesy pro spolupr\u00e1ci dodavatel\u016f<\/h3>\n<p>V modulu Solid Edge Definice podle modelu mohou dodavatel\u00e9 vyu\u017e\u00edt cenov\u011b v\u00fdhodn\u00e9 \u0159e\u0161en\u00ed pro sv\u00e9 podnik\u00e1n\u00ed, kter\u00e9 jim a tak\u00e9 v\u00fdrobc\u016fm umo\u017e\u0148uje digit\u00e1ln\u011b spravovat 3D modely a t\u00edm \u0161et\u0159it n\u00e1klady. Informace o v\u00fdrobc\u00edch a v\u00fdrobn\u00edch procesech (PMI) si mezi sebou mohou v\u00fdrobci a dodavatel\u00e9 (nebo in\u017een\u00fdrsk\u00e1 a v\u00fdrobn\u00ed odd\u011blen\u00ed) vym\u011b\u0148ovat, ani\u017e by museli pracovat ve stejn\u00e9m prost\u0159ed\u00ed.[\/vc_column_text][\/vc_column_inner][vc_column_inner width=&#8220;1\/3&#8243;][vc_single_image image=&#8220;17753&#8243; img_size=&#8220;medium&#8220; alignment=&#8220;right&#8220;][\/vc_column_inner][\/vc_row_inner][vc_row_inner][vc_column_inner width=&#8220;2\/3&#8243;][vc_column_text]<\/p>\n<h3>V souladu s normami<\/h3>\n<p>Dodr\u017eov\u00e1n\u00edm pr\u016fmyslov\u00fdch norem mohou u\u017eivatel\u00e9 z\u00edskat v\u00fdhodu nad konkurenc\u00ed, proto\u017ee procesy pracuj\u00edc\u00ed s daty z mnoha pr\u016fmyslov\u00fdch odv\u011btv\u00ed vy\u017eaduj\u00ed pln\u011bn\u00ed standardn\u00edch pr\u016fmyslov\u00fdch norem.\u00a0 Solid Edge Definice podle modelu je v souladu s normami MIL-STD-31000B, ASME Y 14.41, ISO 16792, DIN ISO 16792 a GB\/T 24734. Aplikace PMI importuje a exportuje podle standardu STEP AP242.[\/vc_column_text][\/vc_column_inner][vc_column_inner width=&#8220;1\/3&#8243;][vc_single_image image=&#8220;17766&#8243; img_size=&#8220;medium&#8220; alignment=&#8220;right&#8220;][\/vc_column_inner][\/vc_row_inner][vc_column_text]<a href=\"https:\/\/media.plm.automation.siemens.com\/solidedge\/data-brief\/Siemens-SW-Solid-Edge-Model-Based-Definition-FS-78027-C6.pdf\" target=\"_blank\" rel=\"noopener noreferrer\"><i class=\"icon-ext\"><\/i>St\u00e1hnout datov\u00fd list Solid Edge Definice podle modelu<\/a>[\/vc_column_text][\/vc_column][\/vc_row][vc_row full_width=&#8220;stretch_row&#8220; disable_element=&#8220;yes&#8220; el_class=&#8220;vc-row-video-highlight&#8220;][vc_column][vc_column_text el_class=&#8220;vc-el-lead-in&#8220;]Video<\/p>\n<h2>Pod\u00edvejte se na Solid Edge Definice podle modelu v akci<\/h2>\n<p>Digitalizujte sv\u00e9 dokumenty pomoc\u00ed n\u00e1stroj\u016f pro 3D PDF v\u00fdkresy s podporou \u0161ablon. Definice podle modelu nab\u00edz\u00ed 3D modely dopln\u011bn\u00e9 pozn\u00e1mkami, se kter\u00fdmi se pracuje daleko snadn\u011bji ne\u017e se slo\u017eit\u00fdmi v\u00fdkresy.<\/p>\n<p class=\"see-more\" style=\"text-align: right;\"><a href=\"https:\/\/solidedge.siemens.com\/cs\/resources\/videos\/\">Zhl\u00e9dnout dal\u0161\u00ed videa<\/a><\/p>\n<p>[\/vc_column_text]\n\n\n  <div id=\"wpv-view-layout-567-CATTRc79c1f955a84a4a03887a8fc748a6d38\" class=\"js-wpv-view-layout js-wpv-layout-responsive js-wpv-view-layout-567-CATTRc79c1f955a84a4a03887a8fc748a6d38\" data-viewnumber=\"567-CATTRc79c1f955a84a4a03887a8fc748a6d38\" data-pagination=\"{&quot;id&quot;:567,&quot;query&quot;:&quot;normal&quot;,&quot;type&quot;:&quot;disabled&quot;,&quot;effect&quot;:&quot;fade&quot;,&quot;duration&quot;:500,&quot;speed&quot;:5,&quot;pause_on_hover&quot;:&quot;disabled&quot;,&quot;stop_rollover&quot;:&quot;false&quot;,&quot;cache_pages&quot;:&quot;enabled&quot;,&quot;preload_images&quot;:&quot;enabled&quot;,&quot;preload_pages&quot;:&quot;enabled&quot;,&quot;preload_reach&quot;:1,&quot;spinner&quot;:&quot;builtin&quot;,&quot;spinner_image&quot;:&quot;https:\/\/solidedge.siemens.com\/wp-content\/plugins\/wp-views\/embedded\/res\/img\/ajax-loader.gif&quot;,&quot;callback_next&quot;:&quot;&quot;,&quot;manage_history&quot;:&quot;disabled&quot;,&quot;has_controls_in_form&quot;:&quot;disabled&quot;,&quot;infinite_tolerance&quot;:&quot;0&quot;,&quot;max_pages&quot;:0,&quot;page&quot;:1,&quot;base_permalink&quot;:&quot;\/cs\/wp-json\/wp\/v2\/pages\/20411?wpv_view_count=567-CATTRc79c1f955a84a4a03887a8fc748a6d38&amp;wpv_paged=WPV_PAGE_NUM&quot;,&quot;loop&quot;:{&quot;type&quot;:&quot;&quot;,&quot;name&quot;:&quot;&quot;,&quot;data&quot;:[],&quot;id&quot;:0}}\" data-permalink=\"\/cs\/wp-json\/wp\/v2\/pages\/20411?wpv_view_count=567-CATTRc79c1f955a84a4a03887a8fc748a6d38\">\n\n  \n  <div class=\"wpv-resources\"><a name=\"video\" class=\"video-anchor\"><\/a>\n    <div id=\"ult-carousel-23730991869f4fd85b059a\" class=\"ult-carousel-wrapper  vc-el-carousel-videos-embedded ult_horizontal\" data-gutter=\"0\" data-rtl=\"false\" ><div class=\"ult-carousel-57745343569f4fd85b0577 \" >\n    \n    \n       <div><!-- slide container -->\n        <div class=\"wpv-resources-item\" data-mh=\".wpv-resources-item\">\n          <div class=\"resources-item-poster\">\n              <div id=\"wpfp_c804f1aad2f6873ade3b44c3d45c06dd\" data-item=\"{&quot;sources&quot;:&#091;{&quot;src&quot;:&quot;https:\\\/\\\/videos.mentor-cdn.com\\\/mgc\\\/videos\\\/2500\\\/09711446-e3c4-443a-b00e-e29d126a9bd4-cs-CZ-video.mp4&quot;,&quot;type&quot;:&quot;video\\\/mp4&quot;}&#093;}\" class=\"flowplayer no-brand is-splash no-svg is-paused skin-slim fp-slim fp-edgy\" data-embed=\"false\" style=\"max-width: 1140px; max-height: 640px; background-image: url(https:\/\/solidedge.siemens.com\/wp-content\/uploads\/2018\/04\/v-SE-synch-tech.jpg);\" data-ratio=\"0.5614\" data-advance=\"false\">\n\t<div class=\"fp-ratio\" style=\"padding-top: 56.14%\"><\/div>\n\t<div class=\"fp-ui\"><div class=\"fp-play fp-visible\"><a class=\"fp-icon fp-playbtn\"><\/a><\/div><\/div>\n\n<\/div>\n\n              \n          <\/div>\n        <\/div>\n      <\/div>\n    \n    \n    <\/div><\/div>\t\t\t<script type=\"text\/javascript\">\r\n\t\t\t\tjQuery(document).ready(function ($) {\r\n\t\t\t\t\tif( typeof jQuery('.ult-carousel-57745343569f4fd85b0577').slick == \"function\"){\r\n\t\t\t\t\t\t$('.ult-carousel-57745343569f4fd85b0577').slick({dots: true,autoplaySpeed: 5000,speed: 500,infinite: false,arrows: true,nextArrow: '<button type=\"button\" role=\"button\" aria-label=\"Next\" style=\"color:#ffffff; font-size:30px;background:rgba(47,56,60,0.5);\" class=\"slick-next square-bg\"><i class=\"ultsl-arrow-right6\"><\/i><\/button>',prevArrow: '<button type=\"button\" role=\"button\" aria-label=\"Previous\" style=\"color:#ffffff; font-size:30px;background:rgba(47,56,60,0.5);\" class=\"slick-prev square-bg\"><i class=\"ultsl-arrow-left6\"><\/i><\/button>',slidesToScroll:1,slidesToShow:1,swipe: true,draggable: true,touchMove: true,pauseOnHover: true,pauseOnFocus: false,responsive: [\r\n\t\t\t\t\t\t\t{\r\n\t\t\t\t\t\t\t  breakpoint: 1026,\r\n\t\t\t\t\t\t\t  settings: {\r\n\t\t\t\t\t\t\t\tslidesToShow: 1,\r\n\t\t\t\t\t\t\t\tslidesToScroll: 1,  \r\n\t\t\t\t\t\t\t  }\r\n\t\t\t\t\t\t\t},\r\n\t\t\t\t\t\t\t{\r\n\t\t\t\t\t\t\t  breakpoint: 1025,\r\n\t\t\t\t\t\t\t  settings: {\r\n\t\t\t\t\t\t\t\tslidesToShow: 1,\r\n\t\t\t\t\t\t\t\tslidesToScroll: 1\r\n\t\t\t\t\t\t\t  }\r\n\t\t\t\t\t\t\t},\r\n\t\t\t\t\t\t\t{\r\n\t\t\t\t\t\t\t  breakpoint: 760,\r\n\t\t\t\t\t\t\t  settings: {\r\n\t\t\t\t\t\t\t\tslidesToShow: 1,\r\n\t\t\t\t\t\t\t\tslidesToScroll: 1\r\n\t\t\t\t\t\t\t  }\r\n\t\t\t\t\t\t\t}\r\n\t\t\t\t\t\t],pauseOnDotsHover: true,customPaging: function(slider, i) {\r\n                   return '<i type=\"button\" style= \"color:#788891;\" class=\"ultsl-record\" data-role=\"none\"><\/i>';\r\n                },});\r\n\t\t\t\t\t}\r\n\t\t\t\t});\r\n\t\t\t<\/script>\r\n\t\t\t\n  <\/div>\n  \n  \n  <\/div>\n[\/vc_column][\/vc_row][vc_row full_width=&#8220;stretch_row&#8220; el_class=&#8220;footer-contact&#8220; css=&#8220;.vc_custom_1550170708528{background-color: #dedee3 !important;}&#8220;][vc_column]<div class=\"wpb_content_block wpb_content_element\"><div class=\"wpb_wrapper\"><\/div><\/div>[\/vc_column][\/vc_row]<\/p>\n","protected":false},"excerpt":{"rendered":"<p> Definice podle modelu Definice podle modelu znamen\u00e1, \u017ee je mo\u017en\u00e9 pomoc\u00ed 3D model\u016f vytvo\u0159it pln\u011b digit\u00e1ln\u00ed definice sou\u010d\u00e1st\u00ed a sestav. Se 3D modely dopln\u011bn\u00fdmi pozn\u00e1mkami se pracuje daleko snadn\u011bji ne\u017e se slo\u017eit\u00fdmi v\u00fdkresy, co\u017e urychluje vytv\u00e1\u0159en\u00ed in\u017een\u00fdrsk\u00e9 dokumentace a [&hellip;]<\/p>\n","protected":false},"author":18,"featured_media":0,"parent":2610,"menu_order":0,"comment_status":"closed","ping_status":"closed","template":"","meta":{"inline_featured_image":false},"yoast_head":"<!-- This site is optimized with the Yoast SEO plugin v18.4.1 - https:\/\/yoast.com\/wordpress\/plugins\/seo\/ -->\n<title>Definice podle modelu | Solid Edge | Siemens Software<\/title>\n<meta name=\"robots\" content=\"index, follow, max-snippet:-1, max-image-preview:large, max-video-preview:-1\" \/>\n<link rel=\"canonical\" href=\"https:\/\/solidedge.siemens.com\/cs\/solutions\/products\/3d-design\/model-based-definition\/\" \/>\n<meta property=\"og:locale\" content=\"cs_CZ\" \/>\n<meta property=\"og:type\" content=\"article\" \/>\n<meta property=\"og:title\" content=\"Definice podle modelu | Solid Edge | Siemens Software\" \/>\n<meta property=\"og:description\" content=\"Definice podle modelu Definice podle modelu znamen\u00e1, \u017ee je mo\u017en\u00e9 pomoc\u00ed 3D model\u016f vytvo\u0159it pln\u011b digit\u00e1ln\u00ed definice sou\u010d\u00e1st\u00ed a sestav. Se 3D modely dopln\u011bn\u00fdmi pozn\u00e1mkami se pracuje daleko snadn\u011bji ne\u017e se slo\u017eit\u00fdmi v\u00fdkresy, co\u017e urychluje vytv\u00e1\u0159en\u00ed in\u017een\u00fdrsk\u00e9 dokumentace a [&hellip;]\" \/>\n<meta property=\"og:url\" content=\"https:\/\/solidedge.siemens.com\/cs\/solutions\/products\/3d-design\/model-based-definition\/\" \/>\n<meta property=\"og:site_name\" content=\"Solid Edge\" \/>\n<meta property=\"article:publisher\" content=\"https:\/\/www.facebook.com\/solidedge\" \/>\n<meta property=\"article:modified_time\" content=\"2021-05-05T17:44:38+00:00\" \/>\n<meta name=\"twitter:card\" content=\"summary_large_image\" \/>\n<meta name=\"twitter:site\" content=\"@siemensplm\" \/>\n<meta name=\"twitter:label1\" content=\"Odhadovan\u00e1 doba \u010dten\u00ed\" \/>\n\t<meta name=\"twitter:data1\" content=\"3 minuty\" \/>\n<script type=\"application\/ld+json\" class=\"yoast-schema-graph\">{\"@context\":\"https:\/\/schema.org\",\"@graph\":[{\"@type\":\"Organization\",\"@id\":\"https:\/\/solidedge.siemens.com\/en\/#organization\",\"name\":\"Siemens Digital Industries Software\",\"url\":\"https:\/\/solidedge.siemens.com\/en\/\",\"sameAs\":[\"https:\/\/www.facebook.com\/solidedge\",\"https:\/\/www.instagram.com\/siemens\/\",\"https:\/\/www.linkedin.com\/company\/siemens-plm-software\",\"https:\/\/www.youtube.com\/user\/PolarionSoftware\",\"https:\/\/twitter.com\/siemensplm\"],\"logo\":{\"@type\":\"ImageObject\",\"@id\":\"https:\/\/solidedge.siemens.com\/en\/#logo\",\"inLanguage\":\"cs\",\"url\":\"https:\/\/solidedge.siemens.com\/wp-content\/uploads\/2018\/04\/logo-siemens-ifl@2x.png\",\"contentUrl\":\"https:\/\/solidedge.siemens.com\/wp-content\/uploads\/2018\/04\/logo-siemens-ifl@2x.png\",\"width\":640,\"height\":270,\"caption\":\"Siemens Digital Industries Software\"},\"image\":{\"@id\":\"https:\/\/solidedge.siemens.com\/en\/#logo\"}},{\"@type\":\"WebSite\",\"@id\":\"https:\/\/solidedge.siemens.com\/en\/#website\",\"url\":\"https:\/\/solidedge.siemens.com\/en\/\",\"name\":\"Solid Edge\",\"description\":\"Siemens Software\",\"publisher\":{\"@id\":\"https:\/\/solidedge.siemens.com\/en\/#organization\"},\"potentialAction\":[{\"@type\":\"SearchAction\",\"target\":{\"@type\":\"EntryPoint\",\"urlTemplate\":\"https:\/\/solidedge.siemens.com\/en\/?s={search_term_string}\"},\"query-input\":\"required name=search_term_string\"}],\"inLanguage\":\"cs\"},{\"@type\":\"WebPage\",\"@id\":\"https:\/\/solidedge.siemens.com\/cs\/solutions\/products\/3d-design\/model-based-definition\/#webpage\",\"url\":\"https:\/\/solidedge.siemens.com\/cs\/solutions\/products\/3d-design\/model-based-definition\/\",\"name\":\"Definice podle modelu | Solid Edge | Siemens Software\",\"isPartOf\":{\"@id\":\"https:\/\/solidedge.siemens.com\/en\/#website\"},\"datePublished\":\"2019-09-03T16:04:07+00:00\",\"dateModified\":\"2021-05-05T17:44:38+00:00\",\"breadcrumb\":{\"@id\":\"https:\/\/solidedge.siemens.com\/cs\/solutions\/products\/3d-design\/model-based-definition\/#breadcrumb\"},\"inLanguage\":\"cs\",\"potentialAction\":[{\"@type\":\"ReadAction\",\"target\":[\"https:\/\/solidedge.siemens.com\/cs\/solutions\/products\/3d-design\/model-based-definition\/\"]}]},{\"@type\":\"BreadcrumbList\",\"@id\":\"https:\/\/solidedge.siemens.com\/cs\/solutions\/products\/3d-design\/model-based-definition\/#breadcrumb\",\"itemListElement\":[{\"@type\":\"ListItem\",\"position\":1,\"name\":\"Home\",\"item\":\"https:\/\/solidedge.siemens.com\/en\/home-5\/\"},{\"@type\":\"ListItem\",\"position\":2,\"name\":\"\u0158e&scaron;en&iacute;\",\"item\":\"https:\/\/solidedge.siemens.com\/cs\/solutions\/\"},{\"@type\":\"ListItem\",\"position\":3,\"name\":\"Produkty\",\"item\":\"https:\/\/solidedge.siemens.com\/cs\/solutions\/products\/\"},{\"@type\":\"ListItem\",\"position\":4,\"name\":\"3D n&aacute;vrh\",\"item\":\"https:\/\/solidedge.siemens.com\/cs\/solutions\/products\/3d-design\/\"},{\"@type\":\"ListItem\",\"position\":5,\"name\":\"Definice podle modelu\"}]}]}<\/script>\n<!-- \/ Yoast SEO plugin. -->","yoast_head_json":{"title":"Definice podle modelu | Solid Edge | Siemens Software","robots":{"index":"index","follow":"follow","max-snippet":"max-snippet:-1","max-image-preview":"max-image-preview:large","max-video-preview":"max-video-preview:-1"},"canonical":"https:\/\/solidedge.siemens.com\/cs\/solutions\/products\/3d-design\/model-based-definition\/","og_locale":"cs_CZ","og_type":"article","og_title":"Definice podle modelu | Solid Edge | Siemens Software","og_description":"Definice podle modelu Definice podle modelu znamen\u00e1, \u017ee je mo\u017en\u00e9 pomoc\u00ed 3D model\u016f vytvo\u0159it pln\u011b digit\u00e1ln\u00ed definice sou\u010d\u00e1st\u00ed a sestav. Se 3D modely dopln\u011bn\u00fdmi pozn\u00e1mkami se pracuje daleko snadn\u011bji ne\u017e se slo\u017eit\u00fdmi v\u00fdkresy, co\u017e urychluje vytv\u00e1\u0159en\u00ed in\u017een\u00fdrsk\u00e9 dokumentace a [&hellip;]","og_url":"https:\/\/solidedge.siemens.com\/cs\/solutions\/products\/3d-design\/model-based-definition\/","og_site_name":"Solid Edge","article_publisher":"https:\/\/www.facebook.com\/solidedge","article_modified_time":"2021-05-05T17:44:38+00:00","twitter_card":"summary_large_image","twitter_site":"@siemensplm","twitter_misc":{"Odhadovan\u00e1 doba \u010dten\u00ed":"3 minuty"},"schema":{"@context":"https:\/\/schema.org","@graph":[{"@type":"Organization","@id":"https:\/\/solidedge.siemens.com\/en\/#organization","name":"Siemens Digital Industries Software","url":"https:\/\/solidedge.siemens.com\/en\/","sameAs":["https:\/\/www.facebook.com\/solidedge","https:\/\/www.instagram.com\/siemens\/","https:\/\/www.linkedin.com\/company\/siemens-plm-software","https:\/\/www.youtube.com\/user\/PolarionSoftware","https:\/\/twitter.com\/siemensplm"],"logo":{"@type":"ImageObject","@id":"https:\/\/solidedge.siemens.com\/en\/#logo","inLanguage":"cs","url":"https:\/\/solidedge.siemens.com\/wp-content\/uploads\/2018\/04\/logo-siemens-ifl@2x.png","contentUrl":"https:\/\/solidedge.siemens.com\/wp-content\/uploads\/2018\/04\/logo-siemens-ifl@2x.png","width":640,"height":270,"caption":"Siemens Digital Industries Software"},"image":{"@id":"https:\/\/solidedge.siemens.com\/en\/#logo"}},{"@type":"WebSite","@id":"https:\/\/solidedge.siemens.com\/en\/#website","url":"https:\/\/solidedge.siemens.com\/en\/","name":"Solid Edge","description":"Siemens Software","publisher":{"@id":"https:\/\/solidedge.siemens.com\/en\/#organization"},"potentialAction":[{"@type":"SearchAction","target":{"@type":"EntryPoint","urlTemplate":"https:\/\/solidedge.siemens.com\/en\/?s={search_term_string}"},"query-input":"required name=search_term_string"}],"inLanguage":"cs"},{"@type":"WebPage","@id":"https:\/\/solidedge.siemens.com\/cs\/solutions\/products\/3d-design\/model-based-definition\/#webpage","url":"https:\/\/solidedge.siemens.com\/cs\/solutions\/products\/3d-design\/model-based-definition\/","name":"Definice podle modelu | Solid Edge | Siemens Software","isPartOf":{"@id":"https:\/\/solidedge.siemens.com\/en\/#website"},"datePublished":"2019-09-03T16:04:07+00:00","dateModified":"2021-05-05T17:44:38+00:00","breadcrumb":{"@id":"https:\/\/solidedge.siemens.com\/cs\/solutions\/products\/3d-design\/model-based-definition\/#breadcrumb"},"inLanguage":"cs","potentialAction":[{"@type":"ReadAction","target":["https:\/\/solidedge.siemens.com\/cs\/solutions\/products\/3d-design\/model-based-definition\/"]}]},{"@type":"BreadcrumbList","@id":"https:\/\/solidedge.siemens.com\/cs\/solutions\/products\/3d-design\/model-based-definition\/#breadcrumb","itemListElement":[{"@type":"ListItem","position":1,"name":"Home","item":"https:\/\/solidedge.siemens.com\/en\/home-5\/"},{"@type":"ListItem","position":2,"name":"\u0158e&scaron;en&iacute;","item":"https:\/\/solidedge.siemens.com\/cs\/solutions\/"},{"@type":"ListItem","position":3,"name":"Produkty","item":"https:\/\/solidedge.siemens.com\/cs\/solutions\/products\/"},{"@type":"ListItem","position":4,"name":"3D n&aacute;vrh","item":"https:\/\/solidedge.siemens.com\/cs\/solutions\/products\/3d-design\/"},{"@type":"ListItem","position":5,"name":"Definice podle modelu"}]}]}},"_links":{"self":[{"href":"https:\/\/solidedge.siemens.com\/cs\/wp-json\/wp\/v2\/pages\/20411"}],"collection":[{"href":"https:\/\/solidedge.siemens.com\/cs\/wp-json\/wp\/v2\/pages"}],"about":[{"href":"https:\/\/solidedge.siemens.com\/cs\/wp-json\/wp\/v2\/types\/page"}],"author":[{"embeddable":true,"href":"https:\/\/solidedge.siemens.com\/cs\/wp-json\/wp\/v2\/users\/18"}],"replies":[{"embeddable":true,"href":"https:\/\/solidedge.siemens.com\/cs\/wp-json\/wp\/v2\/comments?post=20411"}],"version-history":[{"count":3,"href":"https:\/\/solidedge.siemens.com\/cs\/wp-json\/wp\/v2\/pages\/20411\/revisions"}],"predecessor-version":[{"id":37250,"href":"https:\/\/solidedge.siemens.com\/cs\/wp-json\/wp\/v2\/pages\/20411\/revisions\/37250"}],"up":[{"embeddable":true,"href":"https:\/\/solidedge.siemens.com\/cs\/wp-json\/wp\/v2\/pages\/2610"}],"wp:attachment":[{"href":"https:\/\/solidedge.siemens.com\/cs\/wp-json\/wp\/v2\/media?parent=20411"}],"curies":[{"name":"wp","href":"https:\/\/api.w.org\/{rel}","templated":true}]}}