{"id":20397,"date":"2019-09-03T11:56:48","date_gmt":"2019-09-03T15:56:48","guid":{"rendered":"https:\/\/solidedge.siemens.com\/?page_id=20397"},"modified":"2022-11-21T10:05:29","modified_gmt":"2022-11-21T15:05:29","slug":"2d-nesting","status":"publish","type":"page","link":"https:\/\/solidedge.siemens.com\/cs\/solutions\/products\/computer-aided-manufacturing-cam\/2d-nesting\/","title":{"rendered":"2D Skl&aacute;d&aacute;n&iacute;"},"content":{"rendered":"<p>[vc_row full_width=&#8220;stretch_row&#8220; full_height=&#8220;yes&#8220; content_placement=&#8220;middle&#8220; css=&#8220;.vc_custom_1560147283539{background: #a6a6a6 url(https:\/\/solidedge.siemens.com\/wp-content\/uploads\/2019\/06\/2d-nesting-header.jpg?id=17161) !important;background-position: center !important;background-repeat: no-repeat !important;background-size: cover !important;}&#8220; el_class=&#8220;vc-row-hero-banner&#8220;][vc_column][vc_column_text el_class=&#8220;.vc-el-callout&#8220;]<br \/>\n<!-- wpml:html_fragment --><\/p>\n<h1>Solid Edge 2D skl\u00e1d\u00e1n\u00ed<\/h1>\n<p><br class=\"xliff-newline\" \/>Optimalizujte \u0159ezn\u00e9 dr\u00e1hy, u\u0161et\u0159ete \u010das a sni\u017ete n\u00e1klady na materi\u00e1l.[\/vc_column_text][\/vc_column][\/vc_row][vc_row][vc_column][vc_column_text]<\/p>\n<p>[vc_row full_width=&#8220;stretch_row&#8220; equal_height=&#8220;yes&#8220; css=&#8220;.vc_custom_1559667461983{background-color: #ebf0f6 !important;}&#8220;][vc_column][vc_column_text]<!-- wpml:html_fragment --><br class=\"xliff-newline\" \/>Pomoc\u00ed modulu Solid Edge 2D skl\u00e1d\u00e1n\u00ed m\u016f\u017eete vytv\u00e1\u0159et optimalizovan\u00e1 rozvr\u017een\u00ed pro 2D \u0159ezy v\u00fdrobn\u00edch materi\u00e1l\u016f, v\u010detn\u011b plechu, plastu, d\u0159eva, tkanin \u010di textili\u00ed. Modul 2D Skl\u00e1d\u00e1n\u00ed vyu\u017e\u00edv\u00e1 materi\u00e1l efektivn\u011bji a t\u00edm \u0161et\u0159\u00ed \u010das i pen\u00edze.<\/p>\n<p><br class=\"xliff-newline\" \/>Proces 2D skl\u00e1d\u00e1n\u00ed tvar\u016f v rovin\u011b se podob\u00e1 postup\u016fm, kter\u00e9 po desetilet\u00ed pou\u017e\u00edvaj\u00ed \u0161vadleny. Optimalizovan\u00e9 skl\u00e1dan\u00e9 vzory vytvo\u0159en\u00e9 pomoc\u00ed algoritm\u016f nov\u00e9 generace zrychluj\u00ed p\u0159\u00edpravu, sni\u017euj\u00ed mno\u017estv\u00ed odpadu a minimalizuj\u00ed n\u00e1klady.<\/p>\n<p><br class=\"xliff-newline\" \/>[\/vc_column_text][\/vc_column][\/vc_row][vc_row][vc_column][vc_column_text]Funkce<!-- wpml:html_fragment --><\/p>\n<h2>Optimalizovan\u00e9 skl\u00e1d\u00e1n\u00ed, komplexn\u00ed \u0159\u00edzen\u00ed<\/h2>\n<p><br class=\"xliff-newline\" \/>D\u00edky modulu 2D skl\u00e1d\u00e1n\u00ed je tvorba optimalizovan\u00fdch rozvr\u017een\u00ed snadn\u00e1 a rychl\u00e1.[\/vc_column_text][vc_row_inner equal_height=&#8220;yes&#8220;][vc_column_inner width=&#8220;1\/3&#8243;][vc_single_image image=&#8220;17539&#8243; img_size=&#8220;medium&#8220; alignment=&#8220;center&#8220; css=&#8220;.vc_custom_1560147312612{margin-bottom: 10px !important;}&#8220;][vc_column_text]<br \/>\n<!-- wpml:html_fragment --><\/p>\n<h3>\u00dapln\u00e1 kontrola na dosah ruky<\/h3>\n<p><br class=\"xliff-newline\" \/>K dispozici jsou ve\u0161ker\u00e1 nastaven\u00ed libovoln\u00e9 technologie pou\u017eit\u00e9 k \u0159ez\u00e1n\u00ed, nap\u0159\u00edklad po\u010det sou\u010d\u00e1st\u00ed, velikost tabul\u00ed nebo oto\u010den\u00ed komponent.[\/vc_column_text][\/vc_column_inner][vc_column_inner width=&#8220;1\/3&#8243;][vc_single_image image=&#8220;17553&#8243; img_size=&#8220;medium&#8220; alignment=&#8220;center&#8220; css=&#8220;.vc_custom_1560147387982{margin-bottom: 10px !important;}&#8220;][vc_column_text]<br \/>\n<!-- wpml:html_fragment --><\/p>\n<h3>\u00dazk\u00e1 integrace se stroj\u00edrensk\u00fdm n\u00e1vrhem Solid Edge<\/h3>\n<p><br class=\"xliff-newline\" \/>Lze spustit jedin\u00fdm kliknut\u00edm p\u0159\u00edmo ze Solid Edge. V\u00fdb\u011br sou\u010d\u00e1sti k importu pro skl\u00e1d\u00e1n\u00ed je snadn\u00fd a rychl\u00fd.[\/vc_column_text][\/vc_column_inner][vc_column_inner width=&#8220;1\/3&#8243;][vc_single_image image=&#8220;17566&#8243; img_size=&#8220;medium&#8220; alignment=&#8220;center&#8220; css=&#8220;.vc_custom_1560147402713{margin-bottom: 10px !important;}&#8220;][vc_column_text]<br \/>\n<!-- wpml:html_fragment --><\/p>\n<h3>Pr\u00e1ce s v\u00edce form\u00e1ty soubor\u016f<\/h3>\n<p><br class=\"xliff-newline\" \/>Modul 2D Skl\u00e1d\u00e1n\u00ed dok\u00e1\u017ee automaticky extrahovat data rozvinu a podporuje soubory sou\u010d\u00e1st\u00ed a plechov\u00fdch sou\u010d\u00e1st\u00ed Solid Edge (PSM a PAR) a tak\u00e9 neutr\u00e1ln\u00ed datov\u00e9 form\u00e1ty, nap\u0159\u00edklad DXF a DWG.[\/vc_column_text][\/vc_column_inner][vc_column_inner width=&#8220;1\/3&#8243;][vc_column_text]<br \/>\n<!-- wpml:html_fragment --><\/p>\n<h3>Men\u0161\u00ed mno\u017estv\u00ed odpad\u016f z materi\u00e1lu<\/h3>\n<p><br class=\"xliff-newline\" \/>Vyberte v\u00edce velikost\u00ed tabul\u00ed a vytvo\u0159te skl\u00e1d\u00e1n\u00ed s nejlep\u0161\u00edm mo\u017en\u00fdm vyu\u017eit\u00edm materi\u00e1lu tabule. P\u0159i \u0161patn\u00e9m vyu\u017eit\u00ed materi\u00e1lu z\u016fst\u00e1vaj\u00ed \u010dasto p\u0159ebytkov\u00e9 tabule, kter\u00e9 zab\u00edraj\u00ed cenn\u00fd prostor v d\u00edln\u011b a \u010dasto nejsou v\u016fbec vyu\u017eity.[\/vc_column_text][\/vc_column_inner][vc_column_inner width=&#8220;1\/3&#8243;][vc_column_text]<br \/>\n<!-- wpml:html_fragment --><\/p>\n<h3>Optimalizov\u00e1no pro CNC programov\u00e1n\u00ed<\/h3>\n<p><br class=\"xliff-newline\" \/>Rozvr\u017een\u00ed lze odeslat do Solid Edge CAM Pro nebo je exportovat do jin\u00e9ho CAM syst\u00e9mu pro CNC programov\u00e1n\u00ed.[\/vc_column_text][\/vc_column_inner][vc_column_inner width=&#8220;1\/3&#8243;][vc_column_text]<br \/>\n<!-- wpml:html_fragment --><\/p>\n<h3>U\u0161et\u0159ete \u010das a vyhn\u011bte se p\u0159evod\u016fm<\/h3>\n<p><br class=\"xliff-newline\" \/>D\u00edky integrovan\u00e9mu ekosyst\u00e9mu v r\u00e1mci prost\u0159ed\u00ed Solid Edge u\u0161et\u0159\u00edte \u010das, kter\u00fd byste jinak str\u00e1vili p\u0159evodem dat.[\/vc_column_text][\/vc_column_inner][\/vc_row_inner][vc_column_text]<\/p>\n<p><!-- wpml:html_fragment --><br class=\"xliff-newline\" \/><a href=\"https:\/\/media.plm.automation.siemens.com\/solidedge\/siemens-sw-solid-edge-2d-nesting-fs-78034-c7.pdf\" target=\"_blank\" rel=\"noopener\"><i class=\"icon-ext\"><\/i> St\u00e1hnete si datov\u00fd list modulu Solid Edge 2D skl\u00e1d\u00e1n\u00ed<\/a><\/p>\n<p>&nbsp;<\/p>\n<p>[\/vc_column_text][\/vc_column][\/vc_row][vc_row full_width=&#8220;stretch_row&#8220; el_class=&#8220;vc-row-video-highlight&#8220;][vc_column][vc_column_text el_class=&#8220;vc-el-lead-in&#8220;]<\/p>\n<p><!-- wpml:html_fragment -->Video<\/p>\n<p>&nbsp;<\/p>\n<h2>Optimalizujte sv\u00e1 2D rozvr\u017een\u00ed d\u00edky Solid Edge<\/h2>\n<p>&nbsp;<\/p>\n<p>Modul Solid Edge 2D skl\u00e1d\u00e1n\u00ed vyu\u017e\u00edv\u00e1 nejpokro\u010dilej\u0161\u00edho a nejefektivn\u011bj\u0161\u00edho skl\u00e1dac\u00edho j\u00e1dra, kter\u00e9 vytv\u00e1\u0159\u00ed prvot\u0159\u00eddn\u00ed rozvr\u017een\u00ed optimalizovan\u00e1 pro 2D \u0159ezy plechu, d\u0159eva a dal\u0161\u00edch materi\u00e1l\u016f. Tyto skl\u00e1dan\u00e9 vzory \u0161et\u0159\u00ed \u010das, materi\u00e1l i pen\u00edze, kter\u00e9 by jinak byly vynalo\u017eeny na tvorbu b\u011b\u017en\u00fdch 2D tvar\u016f ve v\u00fdrobc\u00edch.<\/p>\n<p>&nbsp;<\/p>\n<p class=\"see-more\" style=\"text-align: right;\"><a href=\"https:\/\/solidedge.siemens.com\/cs\/resources\/videos\/\">Zhl\u00e9dnout dal\u0161\u00ed videa<\/a><\/p>\n<p>&nbsp;<\/p>\n<p>[\/vc_column_text]\n\n\n  <div id=\"wpv-view-layout-567-CATTR86d18ce81828f66a7d0bd1eecf3ff4c0\" class=\"js-wpv-view-layout js-wpv-layout-responsive js-wpv-view-layout-567-CATTR86d18ce81828f66a7d0bd1eecf3ff4c0\" data-viewnumber=\"567-CATTR86d18ce81828f66a7d0bd1eecf3ff4c0\" data-pagination=\"{&quot;id&quot;:567,&quot;query&quot;:&quot;normal&quot;,&quot;type&quot;:&quot;disabled&quot;,&quot;effect&quot;:&quot;fade&quot;,&quot;duration&quot;:500,&quot;speed&quot;:5,&quot;pause_on_hover&quot;:&quot;disabled&quot;,&quot;stop_rollover&quot;:&quot;false&quot;,&quot;cache_pages&quot;:&quot;enabled&quot;,&quot;preload_images&quot;:&quot;enabled&quot;,&quot;preload_pages&quot;:&quot;enabled&quot;,&quot;preload_reach&quot;:1,&quot;spinner&quot;:&quot;builtin&quot;,&quot;spinner_image&quot;:&quot;https:\/\/solidedge.siemens.com\/wp-content\/plugins\/wp-views\/embedded\/res\/img\/ajax-loader.gif&quot;,&quot;callback_next&quot;:&quot;&quot;,&quot;manage_history&quot;:&quot;disabled&quot;,&quot;has_controls_in_form&quot;:&quot;disabled&quot;,&quot;infinite_tolerance&quot;:&quot;0&quot;,&quot;max_pages&quot;:0,&quot;page&quot;:1,&quot;base_permalink&quot;:&quot;\/cs\/wp-json\/wp\/v2\/pages\/20397?wpv_view_count=567-CATTR86d18ce81828f66a7d0bd1eecf3ff4c0&amp;wpv_paged=WPV_PAGE_NUM&quot;,&quot;loop&quot;:{&quot;type&quot;:&quot;&quot;,&quot;name&quot;:&quot;&quot;,&quot;data&quot;:[],&quot;id&quot;:0}}\" data-permalink=\"\/cs\/wp-json\/wp\/v2\/pages\/20397?wpv_view_count=567-CATTR86d18ce81828f66a7d0bd1eecf3ff4c0\">\n\n  \n  <div class=\"wpv-resources\"><a name=\"video\" class=\"video-anchor\"><\/a>\n    <div id=\"ult-carousel-25432799369df8bee536fc\" class=\"ult-carousel-wrapper  vc-el-carousel-videos-embedded ult_horizontal\" data-gutter=\"0\" data-rtl=\"false\" ><div class=\"ult-carousel-209230538869df8bee536d6 \" >\n    \n    \n       <div><!-- slide container -->\n        <div class=\"wpv-resources-item\" data-mh=\".wpv-resources-item\">\n          <div class=\"resources-item-poster\">\n              <div id=\"wpfp_d036cb507303fbc8a787b73767ca1772\" data-item=\"{&quot;sources&quot;:&#091;{&quot;src&quot;:&quot;https:\\\/\\\/videos.mentor-cdn.com\\\/mgc\\\/videos\\\/5400\\\/2fe083c7-9ab5-47fd-9e01-eb2b274bd2a8-en-US-video.mp4&quot;,&quot;type&quot;:&quot;video\\\/mp4&quot;}&#093;}\" class=\"flowplayer no-brand is-splash no-svg is-paused skin-slim fp-slim fp-edgy\" data-embed=\"false\" style=\"max-width: 1140px; max-height: 640px; \" data-ratio=\"0.5614\" data-advance=\"false\">\n\t<div class=\"fp-ratio\" style=\"padding-top: 56.14%\"><\/div>\n\t<div class=\"fp-ui\"><div class=\"fp-play fp-visible\"><a class=\"fp-icon fp-playbtn\"><\/a><\/div><\/div>\n\n<\/div>\n\n              \n          <\/div>\n        <\/div>\n      <\/div>\n    \n    \n    <\/div><\/div>\t\t\t<script type=\"text\/javascript\">\r\n\t\t\t\tjQuery(document).ready(function ($) {\r\n\t\t\t\t\tif( typeof jQuery('.ult-carousel-209230538869df8bee536d6').slick == \"function\"){\r\n\t\t\t\t\t\t$('.ult-carousel-209230538869df8bee536d6').slick({dots: true,autoplaySpeed: 5000,speed: 500,infinite: false,arrows: true,nextArrow: '<button type=\"button\" role=\"button\" aria-label=\"Next\" style=\"color:#ffffff; font-size:30px;background:rgba(47,56,60,0.5);\" class=\"slick-next square-bg\"><i class=\"ultsl-arrow-right6\"><\/i><\/button>',prevArrow: '<button type=\"button\" role=\"button\" aria-label=\"Previous\" style=\"color:#ffffff; font-size:30px;background:rgba(47,56,60,0.5);\" class=\"slick-prev square-bg\"><i class=\"ultsl-arrow-left6\"><\/i><\/button>',slidesToScroll:1,slidesToShow:1,swipe: true,draggable: true,touchMove: true,pauseOnHover: true,pauseOnFocus: false,responsive: [\r\n\t\t\t\t\t\t\t{\r\n\t\t\t\t\t\t\t  breakpoint: 1026,\r\n\t\t\t\t\t\t\t  settings: {\r\n\t\t\t\t\t\t\t\tslidesToShow: 1,\r\n\t\t\t\t\t\t\t\tslidesToScroll: 1,  \r\n\t\t\t\t\t\t\t  }\r\n\t\t\t\t\t\t\t},\r\n\t\t\t\t\t\t\t{\r\n\t\t\t\t\t\t\t  breakpoint: 1025,\r\n\t\t\t\t\t\t\t  settings: {\r\n\t\t\t\t\t\t\t\tslidesToShow: 1,\r\n\t\t\t\t\t\t\t\tslidesToScroll: 1\r\n\t\t\t\t\t\t\t  }\r\n\t\t\t\t\t\t\t},\r\n\t\t\t\t\t\t\t{\r\n\t\t\t\t\t\t\t  breakpoint: 760,\r\n\t\t\t\t\t\t\t  settings: {\r\n\t\t\t\t\t\t\t\tslidesToShow: 1,\r\n\t\t\t\t\t\t\t\tslidesToScroll: 1\r\n\t\t\t\t\t\t\t  }\r\n\t\t\t\t\t\t\t}\r\n\t\t\t\t\t\t],pauseOnDotsHover: true,customPaging: function(slider, i) {\r\n                   return '<i type=\"button\" style= \"color:#788891;\" class=\"ultsl-record\" data-role=\"none\"><\/i>';\r\n                },});\r\n\t\t\t\t\t}\r\n\t\t\t\t});\r\n\t\t\t<\/script>\r\n\t\t\t\n  <\/div>\n  \n  \n  <\/div>\n[\/vc_column][\/vc_row][vc_row full_width=&#8220;stretch_row&#8220; el_class=&#8220;vc-row-related-content&#8220; css=&#8220;.vc_custom_1524184785822{background-color: #347eb5 !important;}&#8220;][vc_column][vc_column_text]<br \/>\n<!-- wpml:html_fragment --><\/p>\n<h2>Related Content<\/h2>\n<p><br class=\"xliff-newline\" \/>[\/vc_column_text]<div id=\"ult-carousel-47942165569df8bee53ec6\" class=\"ult-carousel-wrapper  vc-el-carousel-related-content ult_horizontal\" data-gutter=\"0\" data-rtl=\"false\" ><div class=\"ult-carousel-10126246869df8bee53eab \" >[vc_column_text]<a href=\"https:\/\/www.dex.siemens.com\/plm\/solid-edge\/\">Nav\u0161t\u00edvit online obchod Solid Edge<\/a>[\/vc_column_text][vc_column_text]<\/p>\n<p><!-- wpml:html_fragment --><br class=\"xliff-newline\" \/><a href=\"https:\/\/media.plm.automation.siemens.com\/solidedge\/siemens-sw-solid-edge-2d-nesting-fs-78034-c7.pdf\" target=\"_blank\" rel=\"noopener noreferrer\">St\u00e1hnete si datov\u00fd list modulu Solid Edge 2D skl\u00e1d\u00e1n\u00ed<\/a><\/p>\n<p>&nbsp;<\/p>\n<p>[\/vc_column_text][vc_column_text]<a href=\"https:\/\/solidedge.siemens.com\/cs\/solutions\/products\/computer-aided-manufacturing-cam\/\">Dal\u0161\u00ed informace o CAM \u0159e\u0161en\u00edch Solid Edge<\/a>[\/vc_column_text][vc_column_text]<\/p>\n<p><!-- wpml:html_fragment --><br class=\"xliff-newline\" \/><a href=\"https:\/\/solidedge.siemens.com\/cs\/solutions\/products\/complete-product-development-portfolio\/whats-new-in-solid-edge-2021\/\">Co je nov\u00e9ho v Solid Edge 2021<\/a><\/p>\n<p>&nbsp;<\/p>\n<p>[\/vc_column_text]<\/div><\/div>\t\t\t<script type=\"text\/javascript\">\r\n\t\t\t\tjQuery(document).ready(function ($) {\r\n\t\t\t\t\tif( typeof jQuery('.ult-carousel-10126246869df8bee53eab').slick == \"function\"){\r\n\t\t\t\t\t\t$('.ult-carousel-10126246869df8bee53eab').slick({dots: true,autoplaySpeed: 5000,speed: 500,infinite: false,arrows: true,nextArrow: '<button type=\"button\" role=\"button\" aria-label=\"Next\" style=\"color:#ffffff; font-size:30px;background:rgba(255,255,255,0.2);\" class=\"slick-next square-bg\"><i class=\"ultsl-arrow-right6\"><\/i><\/button>',prevArrow: '<button type=\"button\" role=\"button\" aria-label=\"Previous\" style=\"color:#ffffff; font-size:30px;background:rgba(255,255,255,0.2);\" class=\"slick-prev square-bg\"><i class=\"ultsl-arrow-left6\"><\/i><\/button>',slidesToScroll:4,slidesToShow:4,swipe: true,draggable: true,touchMove: true,pauseOnHover: true,pauseOnFocus: false,responsive: [\r\n\t\t\t\t\t\t\t{\r\n\t\t\t\t\t\t\t  breakpoint: 1026,\r\n\t\t\t\t\t\t\t  settings: {\r\n\t\t\t\t\t\t\t\tslidesToShow: 4,\r\n\t\t\t\t\t\t\t\tslidesToScroll: 4,  \r\n\t\t\t\t\t\t\t  }\r\n\t\t\t\t\t\t\t},\r\n\t\t\t\t\t\t\t{\r\n\t\t\t\t\t\t\t  breakpoint: 1025,\r\n\t\t\t\t\t\t\t  settings: {\r\n\t\t\t\t\t\t\t\tslidesToShow: 2,\r\n\t\t\t\t\t\t\t\tslidesToScroll: 2\r\n\t\t\t\t\t\t\t  }\r\n\t\t\t\t\t\t\t},\r\n\t\t\t\t\t\t\t{\r\n\t\t\t\t\t\t\t  breakpoint: 760,\r\n\t\t\t\t\t\t\t  settings: {\r\n\t\t\t\t\t\t\t\tslidesToShow: 1,\r\n\t\t\t\t\t\t\t\tslidesToScroll: 1\r\n\t\t\t\t\t\t\t  }\r\n\t\t\t\t\t\t\t}\r\n\t\t\t\t\t\t],pauseOnDotsHover: true,customPaging: function(slider, i) {\r\n                   return '<i type=\"button\" style= \"color:#ffffff;\" class=\"ultsl-record\" data-role=\"none\"><\/i>';\r\n                },});\r\n\t\t\t\t\t}\r\n\t\t\t\t});\r\n\t\t\t<\/script>\r\n\t\t\t[\/vc_column][\/vc_row]<\/p>\n","protected":false},"excerpt":{"rendered":"<p> Solid Edge 2D skl\u00e1d\u00e1n\u00ed Optimalizujte \u0159ezn\u00e9 dr\u00e1hy, u\u0161et\u0159ete \u010das a sni\u017ete n\u00e1klady na materi\u00e1l.[\/vc_column_text][\/vc_column][\/vc_row] Pomoc\u00ed modulu Solid Edge 2D skl\u00e1d\u00e1n\u00ed m\u016f\u017eete vytv\u00e1\u0159et optimalizovan\u00e1 rozvr\u017een\u00ed pro 2D \u0159ezy v\u00fdrobn\u00edch materi\u00e1l\u016f, v\u010detn\u011b plechu, plastu, d\u0159eva, tkanin [&hellip;]<\/p>\n","protected":false},"author":23,"featured_media":0,"parent":2588,"menu_order":0,"comment_status":"closed","ping_status":"closed","template":"","meta":{"inline_featured_image":false},"yoast_head":"<!-- This site is optimized with the Yoast SEO plugin v18.4.1 - https:\/\/yoast.com\/wordpress\/plugins\/seo\/ -->\n<title>2D Skl&aacute;d&aacute;n&iacute; | CAD v\u00fdroba | Solid Edge<\/title>\n<meta name=\"description\" content=\"Pomoc\u00ed modulu Solid Edge 2D skl\u00e1d\u00e1n\u00ed m\u016f\u017eete vytv\u00e1\u0159et optimalizovan\u00e1 rozvr\u017een\u00ed pro 2D \u0159ezy v\u00fdrobn\u00edch materi\u00e1l\u016f, nap\u0159\u00edklad plechu, plastu, d\u0159eva a dal\u0161\u00edch.\" \/>\n<meta name=\"robots\" content=\"index, follow, max-snippet:-1, max-image-preview:large, max-video-preview:-1\" \/>\n<link rel=\"canonical\" href=\"https:\/\/solidedge.siemens.com\/cs\/solutions\/products\/computer-aided-manufacturing-cam\/2d-nesting\/\" \/>\n<meta property=\"og:locale\" content=\"cs_CZ\" \/>\n<meta property=\"og:type\" content=\"article\" \/>\n<meta property=\"og:title\" content=\"2D Skl&aacute;d&aacute;n&iacute; | CAD v\u00fdroba | Solid Edge\" \/>\n<meta property=\"og:description\" content=\"Pomoc\u00ed modulu Solid Edge 2D skl\u00e1d\u00e1n\u00ed m\u016f\u017eete vytv\u00e1\u0159et optimalizovan\u00e1 rozvr\u017een\u00ed pro 2D \u0159ezy v\u00fdrobn\u00edch materi\u00e1l\u016f, nap\u0159\u00edklad plechu, plastu, d\u0159eva a dal\u0161\u00edch.\" \/>\n<meta property=\"og:url\" content=\"https:\/\/solidedge.siemens.com\/cs\/solutions\/products\/computer-aided-manufacturing-cam\/2d-nesting\/\" \/>\n<meta property=\"og:site_name\" content=\"Solid Edge\" \/>\n<meta property=\"article:publisher\" content=\"https:\/\/www.facebook.com\/solidedge\" \/>\n<meta property=\"article:modified_time\" content=\"2022-11-21T15:05:29+00:00\" \/>\n<meta name=\"twitter:card\" content=\"summary_large_image\" \/>\n<meta name=\"twitter:site\" content=\"@siemensplm\" \/>\n<meta name=\"twitter:label1\" content=\"Odhadovan\u00e1 doba \u010dten\u00ed\" \/>\n\t<meta name=\"twitter:data1\" content=\"2 minuty\" \/>\n<script type=\"application\/ld+json\" class=\"yoast-schema-graph\">{\"@context\":\"https:\/\/schema.org\",\"@graph\":[{\"@type\":\"Organization\",\"@id\":\"https:\/\/solidedge.siemens.com\/en\/#organization\",\"name\":\"Siemens Digital Industries Software\",\"url\":\"https:\/\/solidedge.siemens.com\/en\/\",\"sameAs\":[\"https:\/\/www.facebook.com\/solidedge\",\"https:\/\/www.instagram.com\/siemens\/\",\"https:\/\/www.linkedin.com\/company\/siemens-plm-software\",\"https:\/\/www.youtube.com\/user\/PolarionSoftware\",\"https:\/\/twitter.com\/siemensplm\"],\"logo\":{\"@type\":\"ImageObject\",\"@id\":\"https:\/\/solidedge.siemens.com\/en\/#logo\",\"inLanguage\":\"cs\",\"url\":\"https:\/\/solidedge.siemens.com\/wp-content\/uploads\/2018\/04\/logo-siemens-ifl@2x.png\",\"contentUrl\":\"https:\/\/solidedge.siemens.com\/wp-content\/uploads\/2018\/04\/logo-siemens-ifl@2x.png\",\"width\":640,\"height\":270,\"caption\":\"Siemens Digital Industries Software\"},\"image\":{\"@id\":\"https:\/\/solidedge.siemens.com\/en\/#logo\"}},{\"@type\":\"WebSite\",\"@id\":\"https:\/\/solidedge.siemens.com\/en\/#website\",\"url\":\"https:\/\/solidedge.siemens.com\/en\/\",\"name\":\"Solid Edge\",\"description\":\"Siemens Software\",\"publisher\":{\"@id\":\"https:\/\/solidedge.siemens.com\/en\/#organization\"},\"potentialAction\":[{\"@type\":\"SearchAction\",\"target\":{\"@type\":\"EntryPoint\",\"urlTemplate\":\"https:\/\/solidedge.siemens.com\/en\/?s={search_term_string}\"},\"query-input\":\"required name=search_term_string\"}],\"inLanguage\":\"cs\"},{\"@type\":\"WebPage\",\"@id\":\"https:\/\/solidedge.siemens.com\/cs\/solutions\/products\/computer-aided-manufacturing-cam\/2d-nesting\/#webpage\",\"url\":\"https:\/\/solidedge.siemens.com\/cs\/solutions\/products\/computer-aided-manufacturing-cam\/2d-nesting\/\",\"name\":\"2D Skl&aacute;d&aacute;n&iacute; | CAD v\u00fdroba | Solid Edge\",\"isPartOf\":{\"@id\":\"https:\/\/solidedge.siemens.com\/en\/#website\"},\"datePublished\":\"2019-09-03T15:56:48+00:00\",\"dateModified\":\"2022-11-21T15:05:29+00:00\",\"description\":\"Pomoc\u00ed modulu Solid Edge 2D skl\u00e1d\u00e1n\u00ed m\u016f\u017eete vytv\u00e1\u0159et optimalizovan\u00e1 rozvr\u017een\u00ed pro 2D \u0159ezy v\u00fdrobn\u00edch materi\u00e1l\u016f, nap\u0159\u00edklad plechu, plastu, d\u0159eva a dal\u0161\u00edch.\",\"breadcrumb\":{\"@id\":\"https:\/\/solidedge.siemens.com\/cs\/solutions\/products\/computer-aided-manufacturing-cam\/2d-nesting\/#breadcrumb\"},\"inLanguage\":\"cs\",\"potentialAction\":[{\"@type\":\"ReadAction\",\"target\":[\"https:\/\/solidedge.siemens.com\/cs\/solutions\/products\/computer-aided-manufacturing-cam\/2d-nesting\/\"]}]},{\"@type\":\"BreadcrumbList\",\"@id\":\"https:\/\/solidedge.siemens.com\/cs\/solutions\/products\/computer-aided-manufacturing-cam\/2d-nesting\/#breadcrumb\",\"itemListElement\":[{\"@type\":\"ListItem\",\"position\":1,\"name\":\"Home\",\"item\":\"https:\/\/solidedge.siemens.com\/en\/home-5\/\"},{\"@type\":\"ListItem\",\"position\":2,\"name\":\"\u0158e&scaron;en&iacute;\",\"item\":\"https:\/\/solidedge.siemens.com\/cs\/solutions\/\"},{\"@type\":\"ListItem\",\"position\":3,\"name\":\"Produkty\",\"item\":\"https:\/\/solidedge.siemens.com\/cs\/solutions\/products\/\"},{\"@type\":\"ListItem\",\"position\":4,\"name\":\"Po\u010d&iacute;ta\u010dem podporovan&aacute; v&yacute;roba (CAM)\",\"item\":\"https:\/\/solidedge.siemens.com\/cs\/solutions\/products\/computer-aided-manufacturing-cam\/\"},{\"@type\":\"ListItem\",\"position\":5,\"name\":\"2D Skl&aacute;d&aacute;n&iacute;\"}]}]}<\/script>\n<!-- \/ Yoast SEO plugin. -->","yoast_head_json":{"title":"2D Skl&aacute;d&aacute;n&iacute; | CAD v\u00fdroba | Solid Edge","description":"Pomoc\u00ed modulu Solid Edge 2D skl\u00e1d\u00e1n\u00ed m\u016f\u017eete vytv\u00e1\u0159et optimalizovan\u00e1 rozvr\u017een\u00ed pro 2D \u0159ezy v\u00fdrobn\u00edch materi\u00e1l\u016f, nap\u0159\u00edklad plechu, plastu, d\u0159eva a dal\u0161\u00edch.","robots":{"index":"index","follow":"follow","max-snippet":"max-snippet:-1","max-image-preview":"max-image-preview:large","max-video-preview":"max-video-preview:-1"},"canonical":"https:\/\/solidedge.siemens.com\/cs\/solutions\/products\/computer-aided-manufacturing-cam\/2d-nesting\/","og_locale":"cs_CZ","og_type":"article","og_title":"2D Skl&aacute;d&aacute;n&iacute; | CAD v\u00fdroba | Solid Edge","og_description":"Pomoc\u00ed modulu Solid Edge 2D skl\u00e1d\u00e1n\u00ed m\u016f\u017eete vytv\u00e1\u0159et optimalizovan\u00e1 rozvr\u017een\u00ed pro 2D \u0159ezy v\u00fdrobn\u00edch materi\u00e1l\u016f, nap\u0159\u00edklad plechu, plastu, d\u0159eva a dal\u0161\u00edch.","og_url":"https:\/\/solidedge.siemens.com\/cs\/solutions\/products\/computer-aided-manufacturing-cam\/2d-nesting\/","og_site_name":"Solid Edge","article_publisher":"https:\/\/www.facebook.com\/solidedge","article_modified_time":"2022-11-21T15:05:29+00:00","twitter_card":"summary_large_image","twitter_site":"@siemensplm","twitter_misc":{"Odhadovan\u00e1 doba \u010dten\u00ed":"2 minuty"},"schema":{"@context":"https:\/\/schema.org","@graph":[{"@type":"Organization","@id":"https:\/\/solidedge.siemens.com\/en\/#organization","name":"Siemens Digital Industries Software","url":"https:\/\/solidedge.siemens.com\/en\/","sameAs":["https:\/\/www.facebook.com\/solidedge","https:\/\/www.instagram.com\/siemens\/","https:\/\/www.linkedin.com\/company\/siemens-plm-software","https:\/\/www.youtube.com\/user\/PolarionSoftware","https:\/\/twitter.com\/siemensplm"],"logo":{"@type":"ImageObject","@id":"https:\/\/solidedge.siemens.com\/en\/#logo","inLanguage":"cs","url":"https:\/\/solidedge.siemens.com\/wp-content\/uploads\/2018\/04\/logo-siemens-ifl@2x.png","contentUrl":"https:\/\/solidedge.siemens.com\/wp-content\/uploads\/2018\/04\/logo-siemens-ifl@2x.png","width":640,"height":270,"caption":"Siemens Digital Industries Software"},"image":{"@id":"https:\/\/solidedge.siemens.com\/en\/#logo"}},{"@type":"WebSite","@id":"https:\/\/solidedge.siemens.com\/en\/#website","url":"https:\/\/solidedge.siemens.com\/en\/","name":"Solid Edge","description":"Siemens Software","publisher":{"@id":"https:\/\/solidedge.siemens.com\/en\/#organization"},"potentialAction":[{"@type":"SearchAction","target":{"@type":"EntryPoint","urlTemplate":"https:\/\/solidedge.siemens.com\/en\/?s={search_term_string}"},"query-input":"required name=search_term_string"}],"inLanguage":"cs"},{"@type":"WebPage","@id":"https:\/\/solidedge.siemens.com\/cs\/solutions\/products\/computer-aided-manufacturing-cam\/2d-nesting\/#webpage","url":"https:\/\/solidedge.siemens.com\/cs\/solutions\/products\/computer-aided-manufacturing-cam\/2d-nesting\/","name":"2D Skl&aacute;d&aacute;n&iacute; | CAD v\u00fdroba | Solid Edge","isPartOf":{"@id":"https:\/\/solidedge.siemens.com\/en\/#website"},"datePublished":"2019-09-03T15:56:48+00:00","dateModified":"2022-11-21T15:05:29+00:00","description":"Pomoc\u00ed modulu Solid Edge 2D skl\u00e1d\u00e1n\u00ed m\u016f\u017eete vytv\u00e1\u0159et optimalizovan\u00e1 rozvr\u017een\u00ed pro 2D \u0159ezy v\u00fdrobn\u00edch materi\u00e1l\u016f, nap\u0159\u00edklad plechu, plastu, d\u0159eva a dal\u0161\u00edch.","breadcrumb":{"@id":"https:\/\/solidedge.siemens.com\/cs\/solutions\/products\/computer-aided-manufacturing-cam\/2d-nesting\/#breadcrumb"},"inLanguage":"cs","potentialAction":[{"@type":"ReadAction","target":["https:\/\/solidedge.siemens.com\/cs\/solutions\/products\/computer-aided-manufacturing-cam\/2d-nesting\/"]}]},{"@type":"BreadcrumbList","@id":"https:\/\/solidedge.siemens.com\/cs\/solutions\/products\/computer-aided-manufacturing-cam\/2d-nesting\/#breadcrumb","itemListElement":[{"@type":"ListItem","position":1,"name":"Home","item":"https:\/\/solidedge.siemens.com\/en\/home-5\/"},{"@type":"ListItem","position":2,"name":"\u0158e&scaron;en&iacute;","item":"https:\/\/solidedge.siemens.com\/cs\/solutions\/"},{"@type":"ListItem","position":3,"name":"Produkty","item":"https:\/\/solidedge.siemens.com\/cs\/solutions\/products\/"},{"@type":"ListItem","position":4,"name":"Po\u010d&iacute;ta\u010dem podporovan&aacute; v&yacute;roba (CAM)","item":"https:\/\/solidedge.siemens.com\/cs\/solutions\/products\/computer-aided-manufacturing-cam\/"},{"@type":"ListItem","position":5,"name":"2D Skl&aacute;d&aacute;n&iacute;"}]}]}},"_links":{"self":[{"href":"https:\/\/solidedge.siemens.com\/cs\/wp-json\/wp\/v2\/pages\/20397"}],"collection":[{"href":"https:\/\/solidedge.siemens.com\/cs\/wp-json\/wp\/v2\/pages"}],"about":[{"href":"https:\/\/solidedge.siemens.com\/cs\/wp-json\/wp\/v2\/types\/page"}],"author":[{"embeddable":true,"href":"https:\/\/solidedge.siemens.com\/cs\/wp-json\/wp\/v2\/users\/23"}],"replies":[{"embeddable":true,"href":"https:\/\/solidedge.siemens.com\/cs\/wp-json\/wp\/v2\/comments?post=20397"}],"version-history":[{"count":12,"href":"https:\/\/solidedge.siemens.com\/cs\/wp-json\/wp\/v2\/pages\/20397\/revisions"}],"predecessor-version":[{"id":65481,"href":"https:\/\/solidedge.siemens.com\/cs\/wp-json\/wp\/v2\/pages\/20397\/revisions\/65481"}],"up":[{"embeddable":true,"href":"https:\/\/solidedge.siemens.com\/cs\/wp-json\/wp\/v2\/pages\/2588"}],"wp:attachment":[{"href":"https:\/\/solidedge.siemens.com\/cs\/wp-json\/wp\/v2\/media?parent=20397"}],"curies":[{"name":"wp","href":"https:\/\/api.w.org\/{rel}","templated":true}]}}