{"id":20389,"date":"2019-09-03T11:50:04","date_gmt":"2019-09-03T15:50:04","guid":{"rendered":"https:\/\/solidedge.siemens.com\/?page_id=20389"},"modified":"2021-12-13T09:52:25","modified_gmt":"2021-12-13T14:52:25","slug":"augmented-reality","status":"publish","type":"page","link":"https:\/\/solidedge.siemens.com\/cs\/solutions\/products\/cloud-based-collaboration\/teamcenter-share\/augmented-reality\/","title":{"rendered":"Roz&scaron;&iacute;\u0159en&aacute; realita"},"content":{"rendered":"<p>[vc_row full_width=&#8220;stretch_row&#8220; full_height=&#8220;yes&#8220; content_placement=&#8220;middle&#8220; css=&#8220;.vc_custom_1560142590297{background: #a6a6a6 url(https:\/\/solidedge.siemens.com\/wp-content\/uploads\/2019\/06\/AugmentedRealityWashTech-cover.jpg?id=17291) !important;background-position: center !important;background-repeat: no-repeat !important;background-size: cover !important;}&#8220; el_class=&#8220;vc-row-hero-banner&#8220;][vc_column][vc_column_text el_class=&#8220;.vc-el-callout&#8220;]<\/p>\n<h1>Solid Edge Roz\u0161\u00ed\u0159en\u00e1 realita<\/h1>\n<p>Vdechn\u011bte n\u00e1pad\u016fm \u017eivot a vizualizujte sv\u00e9 n\u00e1vrhy. Modul Solid Edge Roz\u0161\u00ed\u0159en\u00e1 realita umo\u017e\u0148uje u\u017eivatel\u016fm zasadit digit\u00e1ln\u00ed prototypy do skute\u010dn\u00e9ho prost\u0159ed\u00ed a propojit tak digit\u00e1ln\u00ed sv\u011bt s t\u00edm fyzick\u00fdm. N\u00e1vrh je tak mo\u017en\u00e9 prezentovat v p\u0159edpokl\u00e1dan\u00fdch podm\u00ednk\u00e1ch je\u0161t\u011b p\u0159edt\u00edm, ne\u017e je v\u016fbec realizov\u00e1n.<\/p>\n<p>[\/vc_column_text][\/vc_column][\/vc_row][vc_row el_class=&#8220;vc-row-accordion&#8220;][vc_column][vc_column_text]Capabilities<\/p>\n<h2>Augmented Reality<\/h2>\n<p>[\/vc_column_text][vc_tta_accordion style=&#8220;flat&#8220; shape=&#8220;square&#8220; active_section=&#8220;0&#8243; no_fill=&#8220;true&#8220; collapsible_all=&#8220;true&#8220; el_class=&#8220;vc-el-accordion&#8220;][vc_tta_section title=&#8220;Prezentujte z\u00e1m\u011br n\u00e1vrhu v p\u0159edpokl\u00e1dan\u00e9m re\u00e1ln\u00e9m prost\u0159ed\u00ed&#8220; tab_id=&#8220;ui-communicate-design-intent&#8220;][vc_row_inner][vc_column_inner][vc_column_text]<\/p>\n<h2>Prezentujte z\u00e1m\u011br n\u00e1vrhu v jeho p\u0159edpokl\u00e1dan\u00e9m re\u00e1ln\u00e9m prost\u0159ed\u00ed<\/h2>\n<p>Mo\u017enost p\u0159edstavit n\u00e1vrh v re\u00e1ln\u00fdch podm\u00ednk\u00e1ch ocen\u00ed konstrukt\u00e9\u0159i i obchodn\u00ed z\u00e1stupci. D\u00edky tomu lze v\u00fdrobek v\u011brn\u011b vyobrazit bez nutnosti jeho v\u00fdroby. Zanesen\u00edm digit\u00e1ln\u00ed informace do b\u011b\u017en\u00e9ho vn\u00edm\u00e1n\u00ed je mo\u017en\u00e9 3D modely zobrazit tak, jako by skute\u010dn\u011b existovaly.[\/vc_column_text][\/vc_column_inner][\/vc_row_inner][\/vc_tta_section][vc_tta_section title=&#8220;Snadn\u00fd p\u0159\u00edstup k virtualizaci nov\u00e9 generace&#8220; tab_id=&#8220;ui-next-generation-virtualization&#8220;][vc_column_text]<\/p>\n<h2>Free, easy access to next-generation visualization<\/h2>\n<p>Solid Edge Augmented Reality lets you visualize products true to scale, or scaled down for larger products, anywhere, using a next-level digital prototype through a free application. This can provide confidence in a product\u2019s intended look and feel without the product even leaving the manufacturing floor.[\/vc_column_text][\/vc_tta_section][vc_tta_section title=&#8220;Pomocn\u00edk p\u0159i spolupr\u00e1ci na n\u00e1vrhu&#8220; tab_id=&#8220;ui-design-collaboration&#8220;][vc_column_text]<\/p>\n<h2>Assists in design collaboration<\/h2>\n<p>Solid Edge Augmented Reality is great for design reviews. An accurate representation of the product\u2019s size\/shape helps clients and colleagues understand how the product suits its intended environment, even when teams are geographically dispersed. Implementation benefits include reduced time to market and cost, improved quality and increased productivity.<\/p>\n<p>[\/vc_column_text][\/vc_tta_section][vc_tta_section title=&#8220;Bezpe\u010dn\u00e9 sd\u00edlen\u00ed&#8220; tab_id=&#8220;ui-secure-sharing&#8220;][vc_column_text]<\/p>\n<h2>Secure sharing<\/h2>\n<p>Secure sharing of the augmented reality experience is available via the cloud using Xcelerator Share.[\/vc_column_text][\/vc_tta_section][vc_tta_section title=&#8220;P\u0159enos roz\u0161\u00ed\u0159en\u00e9 reality do jin\u00fdch virtu\u00e1ln\u00edch nebo kombinovan\u00fdch prost\u0159ed\u00ed&#8220; tab_id=&#8220;ui-extending-ar&#8220;][vc_column_text]<\/p>\n<h2>Extending AR to other augmented, virtual and mixed-reality experiences<\/h2>\n<p>Solid Edge can export OBJ files to other augmented, virtual and mixed-reality (AR\/VR\/MR) experiences through third-party systems.[\/vc_column_text][\/vc_tta_section][\/vc_tta_accordion][\/vc_column][\/vc_row][vc_row full_width=&#8220;stretch_row&#8220; el_class=&#8220;vc-row-free-software&#8220; css=&#8220;.vc_custom_1523912493378{background-color: #006486 !important;}&#8220;][vc_column][vc_column_text el_class=&#8220;vc-el-lead-in&#8220;]Offers<\/p>\n<h2>Free 3D Design Software<\/h2>\n<p>[\/vc_column_text][vc_row_inner equal_height=&#8220;yes&#8220;][vc_column_inner width=&#8220;1\/2&#8243; offset=&#8220;vc_col-md-5&#8243;]<div class=\"wpb_content_block wpb_content_element\"><div class=\"wpb_wrapper\"><div class=\"content_block\" id=\"custom_post_widget-419\"><p>[vc_row][vc_column][vc_column_text]<\/p>\n<h3>Bezplatn\u00fd software pro v\u00e1\u0161 startup<\/h3>\n<p>Pokud pr\u00e1v\u011b spou\u0161t\u00edte v\u00e1\u0161 startup a podnik\u00e1te m\u00e9n\u011b ne\u017e t\u0159i roky, m\u016f\u017eete z\u00edskat bezplatnou verzi Solid Edge. A to bez poplatku![\/vc_column_text][vc_column_text]<a class=\"action-button\" href=\"https:\/\/www.plm.automation.siemens.com\/global\/en\/topic\/solid-edge-for-startups\/8335\"><i class=\"icon-ext\"><\/i>Za\u017e\u00e1dat nyn\u00ed<\/a>[\/vc_column_text][\/vc_column][\/vc_row]<\/p>\n<\/div><\/div><\/div>[\/vc_column_inner][vc_column_inner width=&#8220;1\/2&#8243; offset=&#8220;vc_col-md-offset-2 vc_col-md-5&#8243;]<div class=\"wpb_content_block wpb_content_element\"><div class=\"wpb_wrapper\"><div class=\"content_block\" id=\"custom_post_widget-418\"><p>[vc_row][vc_column][vc_column_text]<\/p>\n<h3>Bezplatn\u011b vyzkou\u0161et Solid Edge <\/h3>\n<p>Z\u00edskejte je\u0161t\u011b dnes bezplatnou zku\u0161ebn\u00ed verzi Solid Edge.[\/vc_column_text][vc_column_text]<a class=\"action-button\" href=\"\/cs\/try-now\/\"><i class=\"icon-ext\"><\/i>Za\u010d\u00edt nyn\u00ed<\/a>[\/vc_column_text][\/vc_column][\/vc_row]<\/p>\n<\/div><\/div><\/div>[\/vc_column_inner][\/vc_row_inner][\/vc_column][\/vc_row][vc_row full_width=&#8220;stretch_row&#8220; el_class=&#8220;footer-contact&#8220; css=&#8220;.vc_custom_1550170708528{background-color: #dedee3 !important;}&#8220;][vc_column]<div class=\"wpb_content_block wpb_content_element\"><div class=\"wpb_wrapper\"><\/div><\/div>[\/vc_column][\/vc_row]<\/p>\n","protected":false},"excerpt":{"rendered":"<p>Modul Solid Edge Roz&scaron;&iacute;\u0159en&aacute; realita umo\u017e\u0148uje u\u017eivatel\u016fm zasadit digit&aacute;ln&iacute; prototypy do skute\u010dn&eacute;ho prost\u0159ed&iacute; a realizovat tak n&aacute;pady bez omezen&iacute;.<\/p>\n","protected":false},"author":5,"featured_media":0,"parent":53519,"menu_order":0,"comment_status":"closed","ping_status":"closed","template":"","meta":{"inline_featured_image":false},"yoast_head":"<!-- This site is optimized with the Yoast SEO plugin v18.4.1 - https:\/\/yoast.com\/wordpress\/plugins\/seo\/ -->\n<title>Roz&scaron;&iacute;\u0159en&aacute; realita | Solid Edge<\/title>\n<meta name=\"description\" content=\"Modul Solid Edge Roz&scaron;&iacute;\u0159en&aacute; realita umo\u017e\u0148uje u\u017eivatel\u016fm zasadit digit&aacute;ln&iacute; prototypy do skute\u010dn&eacute;ho prost\u0159ed&iacute; a realizovat tak n&aacute;pady bez omezen&iacute;.\" \/>\n<meta name=\"robots\" content=\"index, follow, max-snippet:-1, max-image-preview:large, max-video-preview:-1\" \/>\n<link rel=\"canonical\" href=\"https:\/\/solidedge.siemens.com\/cs\/solutions\/products\/cloud-based-collaboration\/teamcenter-share\/augmented-reality\/\" \/>\n<meta property=\"og:locale\" content=\"cs_CZ\" \/>\n<meta property=\"og:type\" content=\"article\" \/>\n<meta property=\"og:title\" content=\"Roz&scaron;&iacute;\u0159en&aacute; realita | Solid Edge\" \/>\n<meta property=\"og:description\" content=\"Modul Solid Edge Roz&scaron;&iacute;\u0159en&aacute; realita umo\u017e\u0148uje u\u017eivatel\u016fm zasadit digit&aacute;ln&iacute; prototypy do skute\u010dn&eacute;ho prost\u0159ed&iacute; a realizovat tak n&aacute;pady bez omezen&iacute;.\" \/>\n<meta property=\"og:url\" content=\"https:\/\/solidedge.siemens.com\/cs\/solutions\/products\/cloud-based-collaboration\/teamcenter-share\/augmented-reality\/\" \/>\n<meta property=\"og:site_name\" content=\"Solid Edge\" \/>\n<meta property=\"article:publisher\" content=\"https:\/\/www.facebook.com\/solidedge\" \/>\n<meta property=\"article:modified_time\" content=\"2021-12-13T14:52:25+00:00\" \/>\n<meta name=\"twitter:card\" content=\"summary_large_image\" \/>\n<meta name=\"twitter:site\" content=\"@siemensplm\" \/>\n<meta name=\"twitter:label1\" content=\"Odhadovan\u00e1 doba \u010dten\u00ed\" \/>\n\t<meta name=\"twitter:data1\" content=\"3 minuty\" \/>\n<script type=\"application\/ld+json\" class=\"yoast-schema-graph\">{\"@context\":\"https:\/\/schema.org\",\"@graph\":[{\"@type\":\"Organization\",\"@id\":\"https:\/\/solidedge.siemens.com\/en\/#organization\",\"name\":\"Siemens Digital Industries Software\",\"url\":\"https:\/\/solidedge.siemens.com\/en\/\",\"sameAs\":[\"https:\/\/www.facebook.com\/solidedge\",\"https:\/\/www.instagram.com\/siemens\/\",\"https:\/\/www.linkedin.com\/company\/siemens-plm-software\",\"https:\/\/www.youtube.com\/user\/PolarionSoftware\",\"https:\/\/twitter.com\/siemensplm\"],\"logo\":{\"@type\":\"ImageObject\",\"@id\":\"https:\/\/solidedge.siemens.com\/en\/#logo\",\"inLanguage\":\"cs\",\"url\":\"https:\/\/solidedge.siemens.com\/wp-content\/uploads\/2018\/04\/logo-siemens-ifl@2x.png\",\"contentUrl\":\"https:\/\/solidedge.siemens.com\/wp-content\/uploads\/2018\/04\/logo-siemens-ifl@2x.png\",\"width\":640,\"height\":270,\"caption\":\"Siemens Digital Industries Software\"},\"image\":{\"@id\":\"https:\/\/solidedge.siemens.com\/en\/#logo\"}},{\"@type\":\"WebSite\",\"@id\":\"https:\/\/solidedge.siemens.com\/en\/#website\",\"url\":\"https:\/\/solidedge.siemens.com\/en\/\",\"name\":\"Solid Edge\",\"description\":\"Siemens Software\",\"publisher\":{\"@id\":\"https:\/\/solidedge.siemens.com\/en\/#organization\"},\"potentialAction\":[{\"@type\":\"SearchAction\",\"target\":{\"@type\":\"EntryPoint\",\"urlTemplate\":\"https:\/\/solidedge.siemens.com\/en\/?s={search_term_string}\"},\"query-input\":\"required name=search_term_string\"}],\"inLanguage\":\"cs\"},{\"@type\":\"WebPage\",\"@id\":\"https:\/\/solidedge.siemens.com\/cs\/solutions\/products\/cloud-based-collaboration\/teamcenter-share\/augmented-reality\/#webpage\",\"url\":\"https:\/\/solidedge.siemens.com\/cs\/solutions\/products\/cloud-based-collaboration\/teamcenter-share\/augmented-reality\/\",\"name\":\"Roz&scaron;&iacute;\u0159en&aacute; realita | Solid Edge\",\"isPartOf\":{\"@id\":\"https:\/\/solidedge.siemens.com\/en\/#website\"},\"datePublished\":\"2019-09-03T15:50:04+00:00\",\"dateModified\":\"2021-12-13T14:52:25+00:00\",\"description\":\"Modul Solid Edge Roz&scaron;&iacute;\u0159en&aacute; realita umo\u017e\u0148uje u\u017eivatel\u016fm zasadit digit&aacute;ln&iacute; prototypy do skute\u010dn&eacute;ho prost\u0159ed&iacute; a realizovat tak n&aacute;pady bez omezen&iacute;.\",\"breadcrumb\":{\"@id\":\"https:\/\/solidedge.siemens.com\/cs\/solutions\/products\/cloud-based-collaboration\/teamcenter-share\/augmented-reality\/#breadcrumb\"},\"inLanguage\":\"cs\",\"potentialAction\":[{\"@type\":\"ReadAction\",\"target\":[\"https:\/\/solidedge.siemens.com\/cs\/solutions\/products\/cloud-based-collaboration\/teamcenter-share\/augmented-reality\/\"]}]},{\"@type\":\"BreadcrumbList\",\"@id\":\"https:\/\/solidedge.siemens.com\/cs\/solutions\/products\/cloud-based-collaboration\/teamcenter-share\/augmented-reality\/#breadcrumb\",\"itemListElement\":[{\"@type\":\"ListItem\",\"position\":1,\"name\":\"Home\",\"item\":\"https:\/\/solidedge.siemens.com\/en\/home-5\/\"},{\"@type\":\"ListItem\",\"position\":2,\"name\":\"\u0158e&scaron;en&iacute;\",\"item\":\"https:\/\/solidedge.siemens.com\/cs\/solutions\/\"},{\"@type\":\"ListItem\",\"position\":3,\"name\":\"Produkty\",\"item\":\"https:\/\/solidedge.siemens.com\/cs\/solutions\/products\/\"},{\"@type\":\"ListItem\",\"position\":4,\"name\":\"Spolupr&aacute;ce v cloudu\",\"item\":\"https:\/\/solidedge.siemens.com\/cs\/solutions\/products\/cloud-based-collaboration\/\"},{\"@type\":\"ListItem\",\"position\":5,\"name\":\"Teamcenter Share\",\"item\":\"https:\/\/solidedge.siemens.com\/cs\/solutions\/products\/cloud-based-collaboration\/teamcenter-share\/\"},{\"@type\":\"ListItem\",\"position\":6,\"name\":\"Roz&scaron;&iacute;\u0159en&aacute; realita\"}]}]}<\/script>\n<!-- \/ Yoast SEO plugin. -->","yoast_head_json":{"title":"Roz&scaron;&iacute;\u0159en&aacute; realita | Solid Edge","description":"Modul Solid Edge Roz&scaron;&iacute;\u0159en&aacute; realita umo\u017e\u0148uje u\u017eivatel\u016fm zasadit digit&aacute;ln&iacute; prototypy do skute\u010dn&eacute;ho prost\u0159ed&iacute; a realizovat tak n&aacute;pady bez omezen&iacute;.","robots":{"index":"index","follow":"follow","max-snippet":"max-snippet:-1","max-image-preview":"max-image-preview:large","max-video-preview":"max-video-preview:-1"},"canonical":"https:\/\/solidedge.siemens.com\/cs\/solutions\/products\/cloud-based-collaboration\/teamcenter-share\/augmented-reality\/","og_locale":"cs_CZ","og_type":"article","og_title":"Roz&scaron;&iacute;\u0159en&aacute; realita | Solid Edge","og_description":"Modul Solid Edge Roz&scaron;&iacute;\u0159en&aacute; realita umo\u017e\u0148uje u\u017eivatel\u016fm zasadit digit&aacute;ln&iacute; prototypy do skute\u010dn&eacute;ho prost\u0159ed&iacute; a realizovat tak n&aacute;pady bez omezen&iacute;.","og_url":"https:\/\/solidedge.siemens.com\/cs\/solutions\/products\/cloud-based-collaboration\/teamcenter-share\/augmented-reality\/","og_site_name":"Solid Edge","article_publisher":"https:\/\/www.facebook.com\/solidedge","article_modified_time":"2021-12-13T14:52:25+00:00","twitter_card":"summary_large_image","twitter_site":"@siemensplm","twitter_misc":{"Odhadovan\u00e1 doba \u010dten\u00ed":"3 minuty"},"schema":{"@context":"https:\/\/schema.org","@graph":[{"@type":"Organization","@id":"https:\/\/solidedge.siemens.com\/en\/#organization","name":"Siemens Digital Industries Software","url":"https:\/\/solidedge.siemens.com\/en\/","sameAs":["https:\/\/www.facebook.com\/solidedge","https:\/\/www.instagram.com\/siemens\/","https:\/\/www.linkedin.com\/company\/siemens-plm-software","https:\/\/www.youtube.com\/user\/PolarionSoftware","https:\/\/twitter.com\/siemensplm"],"logo":{"@type":"ImageObject","@id":"https:\/\/solidedge.siemens.com\/en\/#logo","inLanguage":"cs","url":"https:\/\/solidedge.siemens.com\/wp-content\/uploads\/2018\/04\/logo-siemens-ifl@2x.png","contentUrl":"https:\/\/solidedge.siemens.com\/wp-content\/uploads\/2018\/04\/logo-siemens-ifl@2x.png","width":640,"height":270,"caption":"Siemens Digital Industries Software"},"image":{"@id":"https:\/\/solidedge.siemens.com\/en\/#logo"}},{"@type":"WebSite","@id":"https:\/\/solidedge.siemens.com\/en\/#website","url":"https:\/\/solidedge.siemens.com\/en\/","name":"Solid Edge","description":"Siemens Software","publisher":{"@id":"https:\/\/solidedge.siemens.com\/en\/#organization"},"potentialAction":[{"@type":"SearchAction","target":{"@type":"EntryPoint","urlTemplate":"https:\/\/solidedge.siemens.com\/en\/?s={search_term_string}"},"query-input":"required name=search_term_string"}],"inLanguage":"cs"},{"@type":"WebPage","@id":"https:\/\/solidedge.siemens.com\/cs\/solutions\/products\/cloud-based-collaboration\/teamcenter-share\/augmented-reality\/#webpage","url":"https:\/\/solidedge.siemens.com\/cs\/solutions\/products\/cloud-based-collaboration\/teamcenter-share\/augmented-reality\/","name":"Roz&scaron;&iacute;\u0159en&aacute; realita | Solid Edge","isPartOf":{"@id":"https:\/\/solidedge.siemens.com\/en\/#website"},"datePublished":"2019-09-03T15:50:04+00:00","dateModified":"2021-12-13T14:52:25+00:00","description":"Modul Solid Edge Roz&scaron;&iacute;\u0159en&aacute; realita umo\u017e\u0148uje u\u017eivatel\u016fm zasadit digit&aacute;ln&iacute; prototypy do skute\u010dn&eacute;ho prost\u0159ed&iacute; a realizovat tak n&aacute;pady bez omezen&iacute;.","breadcrumb":{"@id":"https:\/\/solidedge.siemens.com\/cs\/solutions\/products\/cloud-based-collaboration\/teamcenter-share\/augmented-reality\/#breadcrumb"},"inLanguage":"cs","potentialAction":[{"@type":"ReadAction","target":["https:\/\/solidedge.siemens.com\/cs\/solutions\/products\/cloud-based-collaboration\/teamcenter-share\/augmented-reality\/"]}]},{"@type":"BreadcrumbList","@id":"https:\/\/solidedge.siemens.com\/cs\/solutions\/products\/cloud-based-collaboration\/teamcenter-share\/augmented-reality\/#breadcrumb","itemListElement":[{"@type":"ListItem","position":1,"name":"Home","item":"https:\/\/solidedge.siemens.com\/en\/home-5\/"},{"@type":"ListItem","position":2,"name":"\u0158e&scaron;en&iacute;","item":"https:\/\/solidedge.siemens.com\/cs\/solutions\/"},{"@type":"ListItem","position":3,"name":"Produkty","item":"https:\/\/solidedge.siemens.com\/cs\/solutions\/products\/"},{"@type":"ListItem","position":4,"name":"Spolupr&aacute;ce v cloudu","item":"https:\/\/solidedge.siemens.com\/cs\/solutions\/products\/cloud-based-collaboration\/"},{"@type":"ListItem","position":5,"name":"Teamcenter Share","item":"https:\/\/solidedge.siemens.com\/cs\/solutions\/products\/cloud-based-collaboration\/teamcenter-share\/"},{"@type":"ListItem","position":6,"name":"Roz&scaron;&iacute;\u0159en&aacute; realita"}]}]}},"_links":{"self":[{"href":"https:\/\/solidedge.siemens.com\/cs\/wp-json\/wp\/v2\/pages\/20389"}],"collection":[{"href":"https:\/\/solidedge.siemens.com\/cs\/wp-json\/wp\/v2\/pages"}],"about":[{"href":"https:\/\/solidedge.siemens.com\/cs\/wp-json\/wp\/v2\/types\/page"}],"author":[{"embeddable":true,"href":"https:\/\/solidedge.siemens.com\/cs\/wp-json\/wp\/v2\/users\/5"}],"replies":[{"embeddable":true,"href":"https:\/\/solidedge.siemens.com\/cs\/wp-json\/wp\/v2\/comments?post=20389"}],"version-history":[{"count":24,"href":"https:\/\/solidedge.siemens.com\/cs\/wp-json\/wp\/v2\/pages\/20389\/revisions"}],"predecessor-version":[{"id":55711,"href":"https:\/\/solidedge.siemens.com\/cs\/wp-json\/wp\/v2\/pages\/20389\/revisions\/55711"}],"up":[{"embeddable":true,"href":"https:\/\/solidedge.siemens.com\/cs\/wp-json\/wp\/v2\/pages\/53519"}],"wp:attachment":[{"href":"https:\/\/solidedge.siemens.com\/cs\/wp-json\/wp\/v2\/media?parent=20389"}],"curies":[{"name":"wp","href":"https:\/\/api.w.org\/{rel}","templated":true}]}}