{"id":1871,"date":"2018-04-10T14:57:42","date_gmt":"2018-04-10T18:57:42","guid":{"rendered":"https:\/\/solidedge.siemens.com\/solid-edge-flow-simulation\/"},"modified":"2021-04-30T15:41:50","modified_gmt":"2021-04-30T19:41:50","slug":"solid-edge-flow-simulation","status":"publish","type":"page","link":"https:\/\/solidedge.siemens.com\/cs\/solutions\/products\/simulation\/solid-edge-flow-simulation\/","title":{"rendered":"Solid Edge Simulace proud\u011bn&iacute;"},"content":{"rendered":"<p>[vc_row el_class=&#8220;vc-row-page-image-intro&#8220;][vc_column][vc_column_text]<\/p>\n<h1>Solid Edge Simulace proud\u011bn&iacute;<\/h1>\n<p>[\/vc_column_text][vc_row_inner][vc_column_inner width=&#8220;5\/12&#8243;][vc_single_image image=&#8220;1312&#8243; img_size=&#8220;medium&#8220; alignment=&#8220;center&#8220;][\/vc_column_inner][vc_column_inner width=&#8220;7\/12&#8243;][vc_column_text]<\/p>\n<p class=\"f-larger c-black\"><strong>Simulace proud\u011bn\u00ed pro v\u00fdpo\u010detn\u00ed dynamiku kapalin (CFD) v Solid Edge<\/strong><\/p>\n<p>Simcenter FLOEFD pro Solid Edge podporuje simulaci proud\u011bn\u00ed pomoc\u00ed vestav\u011bn\u00e9ho n\u00e1stroje simulace CFD pro snadnou, rychlou a p\u0159esnou anal\u00fdzu proud\u011bn\u00ed a tepelnou anal\u00fdzu.<\/p>\n<p>Technologie FLOEFD, kter\u00e1 je pln\u011b integrov\u00e1na v Solid Edge, umo\u017e\u0148uje in\u017een\u00fdr\u016fm n\u00e1vrhu prov\u00e1d\u011bt anal\u00fdzu CFD a p\u0159esunout simulaci do po\u010d\u00e1te\u010dn\u00edch f\u00e1z\u00ed n\u00e1vrhu, kdy pom\u00e1h\u00e1 analyzovat trendy a ur\u010dit dal\u0161\u00ed postup pr\u00e1ce.[\/vc_column_text][vc_column_text]<\/p>\n<p style=\"text-align: right;\"><a class=\"action-button\" href=\"\/cs\/try-now\/\"><i class=\"icon-ext\"><\/i>Bezplatn\u00e1 zku\u0161ebn\u00ed verze Solid Edge<\/a><\/p>\n<p>[\/vc_column_text][\/vc_column_inner][\/vc_row_inner][\/vc_column][\/vc_row][vc_row full_width=&#8220;stretch_row&#8220; css=&#8220;.vc_custom_1524688447733{background-color: #ebf0f6 !important;}&#8220;][vc_column][vc_column_text el_class=&#8220;vc-el-lead-in&#8220;]Funkce<\/p>\n<h2>Vestav\u011bn\u00e1 simulace CFD pro anal\u00fdzu proud\u011bn\u00ed a tepelnou anal\u00fdzu<\/h2>\n<p>Technologie FLOEFD pro Solid Edge je vhodn\u00e1 zejm\u00e9na b\u011bhem procesu n\u00e1vrhu, proto\u017ee jej\u00ed \u0159e\u0161i\u010d je a\u017e o 65-75 procent rychlej\u0161\u00ed ne\u017e jin\u00e9 n\u00e1stroje CFD. \u0160pi\u010dkov\u00e1 technologie FLOEFD automatizuje nejobt\u00ed\u017en\u011bj\u0161\u00ed kroky CFD a pom\u00e1h\u00e1 in\u017een\u00fdr\u016fm rychle p\u0159ipravit a analyzovat modely Solid Edge.[\/vc_column_text][vc_row_inner el_class=&#8220;vc-row-image-teasers&#8220;][vc_column_inner width=&#8220;1\/3&#8243;][vc_column_text]<\/p>\n<h3>P\u0159esn\u00e1, rychl\u00e1 a snadno pou\u017eiteln\u00e1 simulace proud\u011bn\u00ed kapalin a p\u0159enosu tepla<\/h3>\n<p>Technologie FLOEFD vyu\u017e\u00edvaj\u00ed in\u017een\u00fd\u0159i po cel\u00e9m sv\u011bte, proto\u017ee nab\u00edz\u00ed \u0159e\u0161en\u00ed pro slo\u017eit\u00e9 in\u017een\u00fdrsk\u00e9 probl\u00e9my bez ne\u017e\u00e1douc\u00ed ztr\u00e1ty p\u0159esnosti.[\/vc_column_text][\/vc_column_inner][vc_column_inner width=&#8220;1\/3&#8243;][vc_column_text]<\/p>\n<h3>Pln\u011b integrovan\u00fd preprocesor, \u0159e\u0161i\u010d a postprocesor<\/h3>\n<p>S technologi\u00ed FLOEFD pot\u0159ebujete k anal\u00fdze n\u00e1vrh\u016f pouze jeden pln\u011b integrovan\u00fd bal\u00ed\u010dek softwaru. Technologie FLOEFD obsahuje automatizovanou tvorbu s\u00edt\u011b a robustn\u00ed krit\u00e9ria konvergence a celkov\u011b zrychluje proces n\u00e1vrhu.[\/vc_column_text][\/vc_column_inner][vc_column_inner width=&#8220;1\/3&#8243;][vc_column_text]<\/p>\n<h3>Integrovan\u00e1 parametrick\u00e1 studie a funkce porovn\u00e1n\u00ed n\u00e1vrh\u016f<\/h3>\n<p>Porovn\u00e1n\u00edm \u0161irok\u00e9 \u0161k\u00e1ly variant projektu m\u016f\u017eete zjistit, jak\u00fd vliv maj\u00ed zm\u011bny geometrie nebo okrajov\u00fdch podm\u00ednek na v\u00fdsledky. V\u00fdsledky je mo\u017en\u00e9 posuzovat podle \u010d\u00edseln\u00fdch hodnot, graf\u016f nebo animac\u00ed.[\/vc_column_text][\/vc_column_inner][vc_column_inner width=&#8220;1\/3&#8243;][vc_column_text]<\/p>\n<h3>Funkce digit\u00e1ln\u00ed anal\u00fdzy \u201eco kdy\u017e\u201c<\/h3>\n<p>Prov\u00e1d\u011bjte anal\u00fdzu \u201eco kdy\u017e\u201c digit\u00e1ln\u011b pomoc\u00ed funkc\u00ed simulace voln\u00e9ho proud\u011bn\u00ed, osv\u011btlen\u00ed a z\u00e1\u0159en\u00ed.[\/vc_column_text][\/vc_column_inner][vc_column_inner width=&#8220;1\/3&#8243;][vc_column_text]<\/p>\n<h3>Intuitivn\u00ed u\u017eivatelsk\u00e9 rozhran\u00ed<\/h3>\n<p>Snadno pou\u017eiteln\u00e9 u\u017eivatelsk\u00e9 rozhran\u00ed (UI) nab\u00edz\u00ed inteligentn\u00ed automatizaci a uspokoj\u00ed jak in\u017een\u00fdry n\u00e1vrhu, tak analytick\u00e9 experty.[\/vc_column_text][\/vc_column_inner][\/vc_row_inner][vc_column_text]<a href=\"https:\/\/media.plm.automation.siemens.com\/solidedge\/data-brief\/Siemens-SW-Simcenter-FLOEFD-for-Solid-Edge-FS-78033-C2.pdf\" target=\"_blank\" rel=\"noopener noreferrer\"><i class=\"icon-ext\"><\/i> St\u00e1hnout datov\u00fd list Simcenter FLOEFD pro Solid Edge<\/a>[\/vc_column_text][\/vc_column][\/vc_row][vc_row full_width=&#8220;stretch_row&#8220; el_class=&#8220;vc-row-video-highlight&#8220;][vc_column][vc_column_text el_class=&#8220;vc-el-lead-in&#8220;]Video<\/p>\n<h2>Vyzkou\u0161ejte si v\u00fdkonn\u00e9 simulace Solid Edge<\/h2>\n<p><span>Prvot\u0159\u00eddn\u00ed simula\u010dn\u00ed funkce v Solid Edge umo\u017e\u0148uj\u00ed in\u017een\u00fdr\u016fm n\u00e1vrhu digit\u00e1ln\u011b ov\u011b\u0159ovat sv\u00e9 n\u00e1vrhy a vytv\u00e1\u0159et lep\u0161\u00ed v\u00fdrobky rychleji d\u00edky \u010dasn\u00e9 anal\u00fdze simula\u010dn\u00edho procesu.<\/span><\/p>\n<p class=\"see-more\" style=\"text-align: right;\"><a href=\"https:\/\/solidedge.siemens.com\/cs\/resources\/videos\/\">Zhl\u00e9dnout dal\u0161\u00ed videa<\/a><\/p>\n<p>[\/vc_column_text]\n\n\n  <div id=\"wpv-view-layout-567-CATTRc0ed8a14a7b194dc5338739b89358006\" class=\"js-wpv-view-layout js-wpv-layout-responsive js-wpv-view-layout-567-CATTRc0ed8a14a7b194dc5338739b89358006\" data-viewnumber=\"567-CATTRc0ed8a14a7b194dc5338739b89358006\" data-pagination=\"{&quot;id&quot;:567,&quot;query&quot;:&quot;normal&quot;,&quot;type&quot;:&quot;disabled&quot;,&quot;effect&quot;:&quot;fade&quot;,&quot;duration&quot;:500,&quot;speed&quot;:5,&quot;pause_on_hover&quot;:&quot;disabled&quot;,&quot;stop_rollover&quot;:&quot;false&quot;,&quot;cache_pages&quot;:&quot;enabled&quot;,&quot;preload_images&quot;:&quot;enabled&quot;,&quot;preload_pages&quot;:&quot;enabled&quot;,&quot;preload_reach&quot;:1,&quot;spinner&quot;:&quot;builtin&quot;,&quot;spinner_image&quot;:&quot;https:\/\/solidedge.siemens.com\/wp-content\/plugins\/wp-views\/embedded\/res\/img\/ajax-loader.gif&quot;,&quot;callback_next&quot;:&quot;&quot;,&quot;manage_history&quot;:&quot;disabled&quot;,&quot;has_controls_in_form&quot;:&quot;disabled&quot;,&quot;infinite_tolerance&quot;:&quot;0&quot;,&quot;max_pages&quot;:0,&quot;page&quot;:1,&quot;base_permalink&quot;:&quot;\/cs\/wp-json\/wp\/v2\/pages\/1871?wpv_view_count=567-CATTRc0ed8a14a7b194dc5338739b89358006&amp;wpv_paged=WPV_PAGE_NUM&quot;,&quot;loop&quot;:{&quot;type&quot;:&quot;&quot;,&quot;name&quot;:&quot;&quot;,&quot;data&quot;:[],&quot;id&quot;:0}}\" data-permalink=\"\/cs\/wp-json\/wp\/v2\/pages\/1871?wpv_view_count=567-CATTRc0ed8a14a7b194dc5338739b89358006\">\n\n  \n  <div class=\"wpv-resources\"><a name=\"video\" class=\"video-anchor\"><\/a>\n    <div id=\"ult-carousel-82151436169dbaf1ea3bba\" class=\"ult-carousel-wrapper  vc-el-carousel-videos-embedded ult_horizontal\" data-gutter=\"0\" data-rtl=\"false\" ><div class=\"ult-carousel-166535051769dbaf1ea3b94 \" >\n    \n    \n       <div><!-- slide container -->\n        <div class=\"wpv-resources-item\" data-mh=\".wpv-resources-item\">\n          <div class=\"resources-item-poster\">\n              <div id=\"wpfp_ee6eb62cd712bd88d736553cb672af83\" data-item=\"{&quot;sources&quot;:&#091;{&quot;src&quot;:&quot;https:\\\/\\\/media.plm.automation.siemens.com\\\/solidedge\\\/videos\\\/2020-Simulation-FEA-And-Flow-CFD-In-Solid-Edge.mp4&quot;,&quot;type&quot;:&quot;video\\\/mp4&quot;}&#093;}\" class=\"flowplayer no-brand is-splash no-svg is-paused skin-slim fp-slim fp-edgy\" data-embed=\"false\" style=\"max-width: 1140px; max-height: 640px; background-image: url(https:\/\/solidedge.siemens.com\/wp-content\/uploads\/2019\/06\/2020-simulation-fea-and-flow-cfd-featured.jpg);\" data-ratio=\"0.5614\" data-advance=\"false\">\n\t<div class=\"fp-ratio\" style=\"padding-top: 56.14%\"><\/div>\n\t<div class=\"fp-ui\"><div class=\"fp-play fp-visible\"><a class=\"fp-icon fp-playbtn\"><\/a><\/div><\/div>\n\n<\/div>\n\n              \n          <\/div>\n        <\/div>\n      <\/div>\n    \n    \n    <\/div><\/div>\t\t\t<script type=\"text\/javascript\">\r\n\t\t\t\tjQuery(document).ready(function ($) {\r\n\t\t\t\t\tif( typeof jQuery('.ult-carousel-166535051769dbaf1ea3b94').slick == \"function\"){\r\n\t\t\t\t\t\t$('.ult-carousel-166535051769dbaf1ea3b94').slick({dots: true,autoplaySpeed: 5000,speed: 500,infinite: false,arrows: true,nextArrow: '<button type=\"button\" role=\"button\" aria-label=\"Next\" style=\"color:#ffffff; font-size:30px;background:rgba(47,56,60,0.5);\" class=\"slick-next square-bg\"><i class=\"ultsl-arrow-right6\"><\/i><\/button>',prevArrow: '<button type=\"button\" role=\"button\" aria-label=\"Previous\" style=\"color:#ffffff; font-size:30px;background:rgba(47,56,60,0.5);\" class=\"slick-prev square-bg\"><i class=\"ultsl-arrow-left6\"><\/i><\/button>',slidesToScroll:1,slidesToShow:1,swipe: true,draggable: true,touchMove: true,pauseOnHover: true,pauseOnFocus: false,responsive: [\r\n\t\t\t\t\t\t\t{\r\n\t\t\t\t\t\t\t  breakpoint: 1026,\r\n\t\t\t\t\t\t\t  settings: {\r\n\t\t\t\t\t\t\t\tslidesToShow: 1,\r\n\t\t\t\t\t\t\t\tslidesToScroll: 1,  \r\n\t\t\t\t\t\t\t  }\r\n\t\t\t\t\t\t\t},\r\n\t\t\t\t\t\t\t{\r\n\t\t\t\t\t\t\t  breakpoint: 1025,\r\n\t\t\t\t\t\t\t  settings: {\r\n\t\t\t\t\t\t\t\tslidesToShow: 1,\r\n\t\t\t\t\t\t\t\tslidesToScroll: 1\r\n\t\t\t\t\t\t\t  }\r\n\t\t\t\t\t\t\t},\r\n\t\t\t\t\t\t\t{\r\n\t\t\t\t\t\t\t  breakpoint: 760,\r\n\t\t\t\t\t\t\t  settings: {\r\n\t\t\t\t\t\t\t\tslidesToShow: 1,\r\n\t\t\t\t\t\t\t\tslidesToScroll: 1\r\n\t\t\t\t\t\t\t  }\r\n\t\t\t\t\t\t\t}\r\n\t\t\t\t\t\t],pauseOnDotsHover: true,customPaging: function(slider, i) {\r\n                   return '<i type=\"button\" style= \"color:#788891;\" class=\"ultsl-record\" data-role=\"none\"><\/i>';\r\n                },});\r\n\t\t\t\t\t}\r\n\t\t\t\t});\r\n\t\t\t<\/script>\r\n\t\t\t\n  <\/div>\n  \n  \n  <\/div>\n[\/vc_column][\/vc_row][vc_row full_width=&#8220;stretch_row&#8220; el_class=&#8220;vc-row-related-content&#8220; css=&#8220;.vc_custom_1524184785822{background-color: #347eb5 !important;}&#8220;][vc_column][vc_column_text]<\/p>\n<h2>Souvisej\u00edc\u00ed obsah<\/h2>\n<p>[\/vc_column_text]<div id=\"ult-carousel-111886698069dbaf1ea41ff\" class=\"ult-carousel-wrapper  vc-el-carousel-related-content ult_horizontal\" data-gutter=\"0\" data-rtl=\"false\" ><div class=\"ult-carousel-44136422769dbaf1ea41dd \" >[vc_column_text]<a href=\"https:\/\/media.plm.automation.siemens.com\/solidedge\/data-brief\/Siemens-SW-Simcenter-FLOEFD-for-Solid-Edge-FS-78033-C2.pdf\" target=\"_blank\" rel=\"noopener noreferrer\">St\u00e1hnout datov\u00fd list FLOEFD pro Solid Edge<\/a>[\/vc_column_text][vc_column_text]<a href=\"https:\/\/community.plm.automation.siemens.com\/t5\/Solid-Edge-Blog\/Fast-Accurate-and-Easy-Fluid-Flow-Analysis-for-the-Design\/ba-p\/388918\">Blog:<br \/>\nRychl\u00e1, p\u0159esn\u00e1 a snadn\u00e1 anal\u00fdza proud\u011bn\u00ed kapalin pro in\u017een\u00fdry n\u00e1vrhu<\/a>[\/vc_column_text][vc_column_text]<a href=\"https:\/\/community.plm.automation.siemens.com\/t5\/Solid-Edge-Blog\/Modern-Designs-Bring-New-Heat-Transfer-and-Fluid-Flow-Challenges\/ba-p\/389416\">Blog:<br \/>\nNov\u00e9 probl\u00e9my p\u0159i modern\u00edm navrhov\u00e1n\u00ed v\u00fdrobk\u016f<\/a>[\/vc_column_text][vc_column_text]<a href=\"https:\/\/www.designnews.com\/design-hardware-software\/siemens-st10-revamps-solid-edge-enhancing-modeling-capabilities\/113848503356809\">Medi\u00e1ln\u00ed pokryt\u00ed:<br \/>\nNovinky v n\u00e1vrhu<\/a>[\/vc_column_text][vc_column_text]<a href=\"http:\/\/www.develop3d.com\/blog\/2017\/05\/solid-edge-st10-highlights-additive-manufacturing-topology-optimisation\">Medi\u00e1ln\u00ed pokryt\u00ed:<br \/>\nDEVELOP3D<\/a>[\/vc_column_text]<\/div><\/div>\t\t\t<script type=\"text\/javascript\">\r\n\t\t\t\tjQuery(document).ready(function ($) {\r\n\t\t\t\t\tif( typeof jQuery('.ult-carousel-44136422769dbaf1ea41dd').slick == \"function\"){\r\n\t\t\t\t\t\t$('.ult-carousel-44136422769dbaf1ea41dd').slick({dots: true,autoplaySpeed: 5000,speed: 500,infinite: false,arrows: true,nextArrow: '<button type=\"button\" role=\"button\" aria-label=\"Next\" style=\"color:#ffffff; font-size:30px;background:rgba(255,255,255,0.2);\" class=\"slick-next square-bg\"><i class=\"ultsl-arrow-right6\"><\/i><\/button>',prevArrow: '<button type=\"button\" role=\"button\" aria-label=\"Previous\" style=\"color:#ffffff; font-size:30px;background:rgba(255,255,255,0.2);\" class=\"slick-prev square-bg\"><i class=\"ultsl-arrow-left6\"><\/i><\/button>',slidesToScroll:4,slidesToShow:4,swipe: true,draggable: true,touchMove: true,pauseOnHover: true,pauseOnFocus: false,responsive: [\r\n\t\t\t\t\t\t\t{\r\n\t\t\t\t\t\t\t  breakpoint: 1026,\r\n\t\t\t\t\t\t\t  settings: {\r\n\t\t\t\t\t\t\t\tslidesToShow: 4,\r\n\t\t\t\t\t\t\t\tslidesToScroll: 4,  \r\n\t\t\t\t\t\t\t  }\r\n\t\t\t\t\t\t\t},\r\n\t\t\t\t\t\t\t{\r\n\t\t\t\t\t\t\t  breakpoint: 1025,\r\n\t\t\t\t\t\t\t  settings: {\r\n\t\t\t\t\t\t\t\tslidesToShow: 2,\r\n\t\t\t\t\t\t\t\tslidesToScroll: 2\r\n\t\t\t\t\t\t\t  }\r\n\t\t\t\t\t\t\t},\r\n\t\t\t\t\t\t\t{\r\n\t\t\t\t\t\t\t  breakpoint: 760,\r\n\t\t\t\t\t\t\t  settings: {\r\n\t\t\t\t\t\t\t\tslidesToShow: 1,\r\n\t\t\t\t\t\t\t\tslidesToScroll: 1\r\n\t\t\t\t\t\t\t  }\r\n\t\t\t\t\t\t\t}\r\n\t\t\t\t\t\t],pauseOnDotsHover: true,customPaging: function(slider, i) {\r\n                   return '<i type=\"button\" style= \"color:#ffffff;\" class=\"ultsl-record\" data-role=\"none\"><\/i>';\r\n                },});\r\n\t\t\t\t\t}\r\n\t\t\t\t});\r\n\t\t\t<\/script>\r\n\t\t\t[\/vc_column][\/vc_row][vc_row full_width=&#8220;stretch_row&#8220; el_class=&#8220;footer-contact&#8220; css=&#8220;.vc_custom_1550170708528{background-color: #dedee3 !important;}&#8220;][vc_column]<div class=\"wpb_content_block wpb_content_element\"><div class=\"wpb_wrapper\"><\/div><\/div>[\/vc_column][\/vc_row]<\/p>\n","protected":false},"excerpt":{"rendered":"<p> Solid Edge Simulace proud\u011bn&iacute; [\/vc_column_text][\/vc_column_inner] Simulace proud\u011bn\u00ed pro v\u00fdpo\u010detn\u00ed dynamiku kapalin (CFD) v Solid Edge Simcenter FLOEFD pro Solid Edge podporuje simulaci proud\u011bn\u00ed pomoc\u00ed vestav\u011bn\u00e9ho n\u00e1stroje simulace CFD pro snadnou, rychlou a p\u0159esnou anal\u00fdzu proud\u011bn\u00ed a tepelnou anal\u00fdzu. Technologie FLOEFD, kter\u00e1 je pln\u011b integrov\u00e1na v Solid Edge, umo\u017e\u0148uje [&hellip;]<\/p>\n","protected":false},"author":21,"featured_media":0,"parent":2602,"menu_order":2,"comment_status":"closed","ping_status":"closed","template":"","meta":{"inline_featured_image":false},"yoast_head":"<!-- This site is optimized with the Yoast SEO plugin v18.4.1 - https:\/\/yoast.com\/wordpress\/plugins\/seo\/ -->\n<title>Simulace proud\u011bn\u00ed | V\u00fdpo\u010detn\u00ed dynamika tekutin | Solid Edge<\/title>\n<meta name=\"description\" content=\"Simulace proud\u011bn\u00ed vyu\u017e\u00edv\u00e1 vestav\u011bn\u00e9ho n\u00e1stroje v\u00fdpo\u010detn\u00ed dynamiky tekutin ke snadn\u00e9, rychl\u00e9 a p\u0159esn\u00e9 anal\u00fdze proud\u011bn\u00ed tekutin a p\u0159enosu tepla uvnit\u0159 Solid Edge.\" \/>\n<meta name=\"robots\" content=\"index, follow, max-snippet:-1, max-image-preview:large, max-video-preview:-1\" \/>\n<link rel=\"canonical\" href=\"https:\/\/solidedge.siemens.com\/cs\/solutions\/products\/simulation\/solid-edge-flow-simulation\/\" \/>\n<meta property=\"og:locale\" content=\"cs_CZ\" \/>\n<meta property=\"og:type\" content=\"article\" \/>\n<meta property=\"og:title\" content=\"Simulace proud\u011bn\u00ed | V\u00fdpo\u010detn\u00ed dynamika tekutin | Solid Edge\" \/>\n<meta property=\"og:description\" content=\"Simulace proud\u011bn\u00ed vyu\u017e\u00edv\u00e1 vestav\u011bn\u00e9ho n\u00e1stroje v\u00fdpo\u010detn\u00ed dynamiky tekutin ke snadn\u00e9, rychl\u00e9 a p\u0159esn\u00e9 anal\u00fdze proud\u011bn\u00ed tekutin a p\u0159enosu tepla uvnit\u0159 Solid Edge.\" \/>\n<meta property=\"og:url\" content=\"https:\/\/solidedge.siemens.com\/cs\/solutions\/products\/simulation\/solid-edge-flow-simulation\/\" \/>\n<meta property=\"og:site_name\" content=\"Solid Edge\" \/>\n<meta property=\"article:publisher\" content=\"https:\/\/www.facebook.com\/solidedge\" \/>\n<meta property=\"article:modified_time\" content=\"2021-04-30T19:41:50+00:00\" \/>\n<meta name=\"twitter:card\" content=\"summary_large_image\" \/>\n<meta name=\"twitter:site\" content=\"@siemensplm\" \/>\n<meta name=\"twitter:label1\" content=\"Odhadovan\u00e1 doba \u010dten\u00ed\" \/>\n\t<meta name=\"twitter:data1\" content=\"4 minuty\" \/>\n<script type=\"application\/ld+json\" class=\"yoast-schema-graph\">{\"@context\":\"https:\/\/schema.org\",\"@graph\":[{\"@type\":\"Organization\",\"@id\":\"https:\/\/solidedge.siemens.com\/en\/#organization\",\"name\":\"Siemens Digital Industries Software\",\"url\":\"https:\/\/solidedge.siemens.com\/en\/\",\"sameAs\":[\"https:\/\/www.facebook.com\/solidedge\",\"https:\/\/www.instagram.com\/siemens\/\",\"https:\/\/www.linkedin.com\/company\/siemens-plm-software\",\"https:\/\/www.youtube.com\/user\/PolarionSoftware\",\"https:\/\/twitter.com\/siemensplm\"],\"logo\":{\"@type\":\"ImageObject\",\"@id\":\"https:\/\/solidedge.siemens.com\/en\/#logo\",\"inLanguage\":\"cs\",\"url\":\"https:\/\/solidedge.siemens.com\/wp-content\/uploads\/2018\/04\/logo-siemens-ifl@2x.png\",\"contentUrl\":\"https:\/\/solidedge.siemens.com\/wp-content\/uploads\/2018\/04\/logo-siemens-ifl@2x.png\",\"width\":640,\"height\":270,\"caption\":\"Siemens Digital Industries Software\"},\"image\":{\"@id\":\"https:\/\/solidedge.siemens.com\/en\/#logo\"}},{\"@type\":\"WebSite\",\"@id\":\"https:\/\/solidedge.siemens.com\/en\/#website\",\"url\":\"https:\/\/solidedge.siemens.com\/en\/\",\"name\":\"Solid Edge\",\"description\":\"Siemens Software\",\"publisher\":{\"@id\":\"https:\/\/solidedge.siemens.com\/en\/#organization\"},\"potentialAction\":[{\"@type\":\"SearchAction\",\"target\":{\"@type\":\"EntryPoint\",\"urlTemplate\":\"https:\/\/solidedge.siemens.com\/en\/?s={search_term_string}\"},\"query-input\":\"required name=search_term_string\"}],\"inLanguage\":\"cs\"},{\"@type\":\"WebPage\",\"@id\":\"https:\/\/solidedge.siemens.com\/cs\/solutions\/products\/simulation\/solid-edge-flow-simulation\/#webpage\",\"url\":\"https:\/\/solidedge.siemens.com\/cs\/solutions\/products\/simulation\/solid-edge-flow-simulation\/\",\"name\":\"Simulace proud\u011bn\u00ed | V\u00fdpo\u010detn\u00ed dynamika tekutin | Solid Edge\",\"isPartOf\":{\"@id\":\"https:\/\/solidedge.siemens.com\/en\/#website\"},\"datePublished\":\"2018-04-10T18:57:42+00:00\",\"dateModified\":\"2021-04-30T19:41:50+00:00\",\"description\":\"Simulace proud\u011bn\u00ed vyu\u017e\u00edv\u00e1 vestav\u011bn\u00e9ho n\u00e1stroje v\u00fdpo\u010detn\u00ed dynamiky tekutin ke snadn\u00e9, rychl\u00e9 a p\u0159esn\u00e9 anal\u00fdze proud\u011bn\u00ed tekutin a p\u0159enosu tepla uvnit\u0159 Solid Edge.\",\"breadcrumb\":{\"@id\":\"https:\/\/solidedge.siemens.com\/cs\/solutions\/products\/simulation\/solid-edge-flow-simulation\/#breadcrumb\"},\"inLanguage\":\"cs\",\"potentialAction\":[{\"@type\":\"ReadAction\",\"target\":[\"https:\/\/solidedge.siemens.com\/cs\/solutions\/products\/simulation\/solid-edge-flow-simulation\/\"]}]},{\"@type\":\"BreadcrumbList\",\"@id\":\"https:\/\/solidedge.siemens.com\/cs\/solutions\/products\/simulation\/solid-edge-flow-simulation\/#breadcrumb\",\"itemListElement\":[{\"@type\":\"ListItem\",\"position\":1,\"name\":\"Home\",\"item\":\"https:\/\/solidedge.siemens.com\/en\/home-5\/\"},{\"@type\":\"ListItem\",\"position\":2,\"name\":\"\u0158e&scaron;en&iacute;\",\"item\":\"https:\/\/solidedge.siemens.com\/cs\/solutions\/\"},{\"@type\":\"ListItem\",\"position\":3,\"name\":\"Produkty\",\"item\":\"https:\/\/solidedge.siemens.com\/cs\/solutions\/products\/\"},{\"@type\":\"ListItem\",\"position\":4,\"name\":\"Simulace\",\"item\":\"https:\/\/solidedge.siemens.com\/cs\/solutions\/products\/simulation\/\"},{\"@type\":\"ListItem\",\"position\":5,\"name\":\"Solid Edge Simulace proud\u011bn&iacute;\"}]}]}<\/script>\n<!-- \/ Yoast SEO plugin. -->","yoast_head_json":{"title":"Simulace proud\u011bn\u00ed | V\u00fdpo\u010detn\u00ed dynamika tekutin | Solid Edge","description":"Simulace proud\u011bn\u00ed vyu\u017e\u00edv\u00e1 vestav\u011bn\u00e9ho n\u00e1stroje v\u00fdpo\u010detn\u00ed dynamiky tekutin ke snadn\u00e9, rychl\u00e9 a p\u0159esn\u00e9 anal\u00fdze proud\u011bn\u00ed tekutin a p\u0159enosu tepla uvnit\u0159 Solid Edge.","robots":{"index":"index","follow":"follow","max-snippet":"max-snippet:-1","max-image-preview":"max-image-preview:large","max-video-preview":"max-video-preview:-1"},"canonical":"https:\/\/solidedge.siemens.com\/cs\/solutions\/products\/simulation\/solid-edge-flow-simulation\/","og_locale":"cs_CZ","og_type":"article","og_title":"Simulace proud\u011bn\u00ed | V\u00fdpo\u010detn\u00ed dynamika tekutin | Solid Edge","og_description":"Simulace proud\u011bn\u00ed vyu\u017e\u00edv\u00e1 vestav\u011bn\u00e9ho n\u00e1stroje v\u00fdpo\u010detn\u00ed dynamiky tekutin ke snadn\u00e9, rychl\u00e9 a p\u0159esn\u00e9 anal\u00fdze proud\u011bn\u00ed tekutin a p\u0159enosu tepla uvnit\u0159 Solid Edge.","og_url":"https:\/\/solidedge.siemens.com\/cs\/solutions\/products\/simulation\/solid-edge-flow-simulation\/","og_site_name":"Solid Edge","article_publisher":"https:\/\/www.facebook.com\/solidedge","article_modified_time":"2021-04-30T19:41:50+00:00","twitter_card":"summary_large_image","twitter_site":"@siemensplm","twitter_misc":{"Odhadovan\u00e1 doba \u010dten\u00ed":"4 minuty"},"schema":{"@context":"https:\/\/schema.org","@graph":[{"@type":"Organization","@id":"https:\/\/solidedge.siemens.com\/en\/#organization","name":"Siemens Digital Industries Software","url":"https:\/\/solidedge.siemens.com\/en\/","sameAs":["https:\/\/www.facebook.com\/solidedge","https:\/\/www.instagram.com\/siemens\/","https:\/\/www.linkedin.com\/company\/siemens-plm-software","https:\/\/www.youtube.com\/user\/PolarionSoftware","https:\/\/twitter.com\/siemensplm"],"logo":{"@type":"ImageObject","@id":"https:\/\/solidedge.siemens.com\/en\/#logo","inLanguage":"cs","url":"https:\/\/solidedge.siemens.com\/wp-content\/uploads\/2018\/04\/logo-siemens-ifl@2x.png","contentUrl":"https:\/\/solidedge.siemens.com\/wp-content\/uploads\/2018\/04\/logo-siemens-ifl@2x.png","width":640,"height":270,"caption":"Siemens Digital Industries Software"},"image":{"@id":"https:\/\/solidedge.siemens.com\/en\/#logo"}},{"@type":"WebSite","@id":"https:\/\/solidedge.siemens.com\/en\/#website","url":"https:\/\/solidedge.siemens.com\/en\/","name":"Solid Edge","description":"Siemens Software","publisher":{"@id":"https:\/\/solidedge.siemens.com\/en\/#organization"},"potentialAction":[{"@type":"SearchAction","target":{"@type":"EntryPoint","urlTemplate":"https:\/\/solidedge.siemens.com\/en\/?s={search_term_string}"},"query-input":"required name=search_term_string"}],"inLanguage":"cs"},{"@type":"WebPage","@id":"https:\/\/solidedge.siemens.com\/cs\/solutions\/products\/simulation\/solid-edge-flow-simulation\/#webpage","url":"https:\/\/solidedge.siemens.com\/cs\/solutions\/products\/simulation\/solid-edge-flow-simulation\/","name":"Simulace proud\u011bn\u00ed | V\u00fdpo\u010detn\u00ed dynamika tekutin | Solid Edge","isPartOf":{"@id":"https:\/\/solidedge.siemens.com\/en\/#website"},"datePublished":"2018-04-10T18:57:42+00:00","dateModified":"2021-04-30T19:41:50+00:00","description":"Simulace proud\u011bn\u00ed vyu\u017e\u00edv\u00e1 vestav\u011bn\u00e9ho n\u00e1stroje v\u00fdpo\u010detn\u00ed dynamiky tekutin ke snadn\u00e9, rychl\u00e9 a p\u0159esn\u00e9 anal\u00fdze proud\u011bn\u00ed tekutin a p\u0159enosu tepla uvnit\u0159 Solid Edge.","breadcrumb":{"@id":"https:\/\/solidedge.siemens.com\/cs\/solutions\/products\/simulation\/solid-edge-flow-simulation\/#breadcrumb"},"inLanguage":"cs","potentialAction":[{"@type":"ReadAction","target":["https:\/\/solidedge.siemens.com\/cs\/solutions\/products\/simulation\/solid-edge-flow-simulation\/"]}]},{"@type":"BreadcrumbList","@id":"https:\/\/solidedge.siemens.com\/cs\/solutions\/products\/simulation\/solid-edge-flow-simulation\/#breadcrumb","itemListElement":[{"@type":"ListItem","position":1,"name":"Home","item":"https:\/\/solidedge.siemens.com\/en\/home-5\/"},{"@type":"ListItem","position":2,"name":"\u0158e&scaron;en&iacute;","item":"https:\/\/solidedge.siemens.com\/cs\/solutions\/"},{"@type":"ListItem","position":3,"name":"Produkty","item":"https:\/\/solidedge.siemens.com\/cs\/solutions\/products\/"},{"@type":"ListItem","position":4,"name":"Simulace","item":"https:\/\/solidedge.siemens.com\/cs\/solutions\/products\/simulation\/"},{"@type":"ListItem","position":5,"name":"Solid Edge Simulace proud\u011bn&iacute;"}]}]}},"_links":{"self":[{"href":"https:\/\/solidedge.siemens.com\/cs\/wp-json\/wp\/v2\/pages\/1871"}],"collection":[{"href":"https:\/\/solidedge.siemens.com\/cs\/wp-json\/wp\/v2\/pages"}],"about":[{"href":"https:\/\/solidedge.siemens.com\/cs\/wp-json\/wp\/v2\/types\/page"}],"author":[{"embeddable":true,"href":"https:\/\/solidedge.siemens.com\/cs\/wp-json\/wp\/v2\/users\/21"}],"replies":[{"embeddable":true,"href":"https:\/\/solidedge.siemens.com\/cs\/wp-json\/wp\/v2\/comments?post=1871"}],"version-history":[{"count":1,"href":"https:\/\/solidedge.siemens.com\/cs\/wp-json\/wp\/v2\/pages\/1871\/revisions"}],"predecessor-version":[{"id":36249,"href":"https:\/\/solidedge.siemens.com\/cs\/wp-json\/wp\/v2\/pages\/1871\/revisions\/36249"}],"up":[{"embeddable":true,"href":"https:\/\/solidedge.siemens.com\/cs\/wp-json\/wp\/v2\/pages\/2602"}],"wp:attachment":[{"href":"https:\/\/solidedge.siemens.com\/cs\/wp-json\/wp\/v2\/media?parent=1871"}],"curies":[{"name":"wp","href":"https:\/\/api.w.org\/{rel}","templated":true}]}}