{"id":1809,"date":"2018-04-10T14:59:50","date_gmt":"2018-04-10T18:59:50","guid":{"rendered":"https:\/\/solidedge.siemens.com\/additive-manufacturing\/"},"modified":"2022-10-20T13:19:41","modified_gmt":"2022-10-20T17:19:41","slug":"additive-manufacturing","status":"publish","type":"page","link":"https:\/\/solidedge.siemens.com\/cs\/solutions\/products\/computer-aided-manufacturing-cam\/additive-manufacturing\/","title":{"rendered":"Aditivn&iacute; v&yacute;roba"},"content":{"rendered":"<p>[vc_row full_width=&#8220;stretch_row&#8220; full_height=&#8220;yes&#8220; content_placement=&#8220;middle&#8220; css=&#8220;.vc_custom_1633370618589{background: #a6a6a6 url(https:\/\/solidedge.siemens.com\/wp-content\/uploads\/2021\/10\/18-siemens-engineering-summer-camp-543198-se-16&#215;9-1-scaled.jpg?id=51657) !important;background-position: center !important;background-repeat: no-repeat !important;background-size: cover !important;}&#8220; el_class=&#8220;vc-row-hero-banner&#8220;][vc_column][\/vc_column][vc_column][vc_column_text el_class=&#8220;.vc-el-callout&#8220;]<\/p>\n<h1>\u0158e\u0161en\u00ed pro aditivn\u00ed v\u00fdrobu<\/h1>\n<p><span>Solid Edge umo\u017e\u0148uje tvorbu \u0161pi\u010dkov\u00fdch v\u00fdrobk\u016f pomoc\u00ed aditivn\u00ed v\u00fdroby a 3D tisku.<\/span><\/p>\n<p style=\"text-align: left;\"><a class=\"action-button\" href=\"\/en\/try-now\/\"><i class=\"icon-ext\"><\/i>Solid Edge Free Trial<\/a><\/p>\n<p>[\/vc_column_text][\/vc_column][\/vc_row][vc_row][vc_column][vc_column_text]<\/p>\n<p>[vc_row full_width=&#8220;stretch_row&#8220; css=&#8220;.vc_custom_1525181040644{background-color: #ebf0f6 !important;}&#8220;][vc_column][vc_column_text el_class=&#8220;vc-el-lead-in&#8220;]Funkce<\/p>\n<h2>Od n\u00e1vrhu k v\u00fdrob\u011b d\u00edky aditivn\u00edm technologi\u00edm<\/h2>\n<p>Solid Edge V\u00e1m umo\u017e\u0148uje zcela vyu\u017e\u00edt aditivn\u00ed v\u00fdroby, a\u0165 u\u017e vyr\u00e1b\u00edte jednotliv\u00e9 prototypy nebo v\u011bt\u0161\u00ed s\u00e9rie. Na\u0161e n\u00e1stroje podporuj\u00ed cel\u00fd pracovn\u00ed postup od n\u00e1vrhu a\u017e po aditivn\u00ed v\u00fdrobu a 3D tisk na vlastn\u00ed tisk\u00e1rn\u011b nebo pomoc\u00ed extern\u00ed slu\u017eby.[\/vc_column_text][vc_row_inner equal_height=&#8220;yes&#8220; el_class=&#8220;vc-row-image-teasers&#8220;][vc_column_inner width=&#8220;1\/3&#8243;][vc_column_text]<\/p>\n<h3>Generativn\u00ed n\u00e1vrh pro optimalizovan\u00e9 modely<\/h3>\n<p>Generativn\u00ed n\u00e1vrh kombinuje v\u00fdkonn\u00e9 n\u00e1stroje n\u00e1vrhu s optimalizac\u00ed topologie, \u010d\u00edm\u017e se urychluje tvorba leh\u010d\u00edch komponent, kter\u00e9 jsou vhodn\u00e9 k okam\u017eit\u011b v\u00fdrob\u011b pomoc\u00ed aditivn\u00edch proces\u016f.[\/vc_column_text][\/vc_column_inner][vc_column_inner width=&#8220;1\/3&#8243;][vc_column_text]<\/p>\n<h3>P\u0159\u00edprava geometrie pro aditivn\u00ed techniky<\/h3>\n<p>Solid Edge hladce kombinuje tradi\u010dn\u00ed objemov\u00e9 modely \u201eb-rep\u201c s modely s troj\u00faheln\u00edkovou s\u00edt\u00ed bez zdlouhav\u00fdch a komplikovan\u00fdch p\u0159evod\u016f. T\u00edmto zp\u016fsobem je mo\u017en\u00e9 sn\u00ed\u017eit m\u00edru p\u0159epracov\u00e1v\u00e1n\u00ed a vyu\u017e\u00edt v\u00fdhod modern\u00ed aditivn\u00ed v\u00fdroby u slo\u017eit\u00fdch tvar\u016f.[\/vc_column_text][\/vc_column_inner][vc_column_inner width=&#8220;1\/3&#8243;][vc_column_text]<\/p>\n<h3>P\u0159\u00edm\u00fd v\u00fdstup model\u016f do 3D tisk\u00e1rny<\/h3>\n<p>Solid Edge umo\u017e\u0148uje odes\u00edl\u00e1n\u00ed model\u016f sou\u010d\u00e1st\u00ed do 3D tisk\u00e1ren pomoc\u00ed p\u0159\u00edkazu 3D tisk. Sou\u010d\u00e1sti je mo\u017en\u00e9 ukl\u00e1dat do form\u00e1t\u016f .stl a .3MF, p\u0159\u00edpadn\u011b je odes\u00edlat p\u0159\u00edmo do aplikace Microsoft 3D Builder. D\u00edky tomu lze tisknout p\u0159\u00edmo v podniku s automatizovanou p\u0159\u00edpravou tisku v\u010detn\u011b barevn\u00e9ho tisku.[\/vc_column_text][\/vc_column_inner][\/vc_row_inner][\/vc_column][\/vc_row][vc_row full_width=&#8220;stretch_row&#8220; el_class=&#8220;vc-row-video-highlight&#8220;][vc_column][vc_column_text el_class=&#8220;vc-el-lead-in&#8220;]Video<\/p>\n<h2>Solid Edge pro aditivn\u00ed v\u00fdrobu<\/h2>\n<p>Solid Edge umo\u017e\u0148uje tvorbu \u0161pi\u010dkov\u00fdch v\u00fdrobk\u016f pomoc\u00ed nejnov\u011bj\u0161\u00edch technik 3D tisku a aditivn\u00ed v\u00fdroby.<\/p>\n<p class=\"see-more\" style=\"text-align: right;\"><a href=\"https:\/\/solidedge.siemens.com\/cs\/resources\/videos\/\">Zhl\u00e9dnout dal\u0161\u00ed videa<\/a><\/p>\n<p>[\/vc_column_text]\n\n\n  <div id=\"wpv-view-layout-567-CATTRe530d2652828400063810b16c90680b8\" class=\"js-wpv-view-layout js-wpv-layout-responsive js-wpv-view-layout-567-CATTRe530d2652828400063810b16c90680b8\" data-viewnumber=\"567-CATTRe530d2652828400063810b16c90680b8\" data-pagination=\"{&quot;id&quot;:567,&quot;query&quot;:&quot;normal&quot;,&quot;type&quot;:&quot;disabled&quot;,&quot;effect&quot;:&quot;fade&quot;,&quot;duration&quot;:500,&quot;speed&quot;:5,&quot;pause_on_hover&quot;:&quot;disabled&quot;,&quot;stop_rollover&quot;:&quot;false&quot;,&quot;cache_pages&quot;:&quot;enabled&quot;,&quot;preload_images&quot;:&quot;enabled&quot;,&quot;preload_pages&quot;:&quot;enabled&quot;,&quot;preload_reach&quot;:1,&quot;spinner&quot;:&quot;builtin&quot;,&quot;spinner_image&quot;:&quot;https:\/\/solidedge.siemens.com\/wp-content\/plugins\/wp-views\/embedded\/res\/img\/ajax-loader.gif&quot;,&quot;callback_next&quot;:&quot;&quot;,&quot;manage_history&quot;:&quot;disabled&quot;,&quot;has_controls_in_form&quot;:&quot;disabled&quot;,&quot;infinite_tolerance&quot;:&quot;0&quot;,&quot;max_pages&quot;:0,&quot;page&quot;:1,&quot;base_permalink&quot;:&quot;\/cs\/wp-json\/wp\/v2\/pages\/1809?wpv_view_count=567-CATTRe530d2652828400063810b16c90680b8&amp;wpv_paged=WPV_PAGE_NUM&quot;,&quot;loop&quot;:{&quot;type&quot;:&quot;&quot;,&quot;name&quot;:&quot;&quot;,&quot;data&quot;:[],&quot;id&quot;:0}}\" data-permalink=\"\/cs\/wp-json\/wp\/v2\/pages\/1809?wpv_view_count=567-CATTRe530d2652828400063810b16c90680b8\">\n\n  \n  <div class=\"wpv-resources\"><a name=\"video\" class=\"video-anchor\"><\/a>\n    <div id=\"ult-carousel-97744834269fbfcc48125f\" class=\"ult-carousel-wrapper  vc-el-carousel-videos-embedded ult_horizontal\" data-gutter=\"0\" data-rtl=\"false\" ><div class=\"ult-carousel-2544377669fbfcc481238 \" >\n    \n    \n       <div><!-- slide container -->\n        <div class=\"wpv-resources-item\" data-mh=\".wpv-resources-item\">\n          <div class=\"resources-item-poster\">\n              <div id=\"wpfp_e2daa556ede1d7ebe2d99cd60b937837\" data-item=\"{&quot;sources&quot;:&#091;{&quot;src&quot;:&quot;https:\\\/\\\/media.plm.automation.siemens.com\\\/solidedge\\\/videos\\\/2020-Additive-Manufacturing-In-Solid-Edge.mp4&quot;,&quot;type&quot;:&quot;video\\\/mp4&quot;}&#093;}\" class=\"flowplayer no-brand is-splash no-svg is-paused skin-slim fp-slim fp-edgy\" data-embed=\"false\" style=\"max-width: 1140px; max-height: 640px; background-image: url(https:\/\/solidedge.siemens.com\/wp-content\/uploads\/2019\/06\/2020-additive-manufacturing-featured.jpg);\" data-ratio=\"0.5614\" data-advance=\"false\">\n\t<div class=\"fp-ratio\" style=\"padding-top: 56.14%\"><\/div>\n\t<div class=\"fp-ui\"><div class=\"fp-play fp-visible\"><a class=\"fp-icon fp-playbtn\"><\/a><\/div><\/div>\n\n<\/div>\n\n              \n          <\/div>\n        <\/div>\n      <\/div>\n    \n    \n    <\/div><\/div>\t\t\t<script type=\"text\/javascript\">\r\n\t\t\t\tjQuery(document).ready(function ($) {\r\n\t\t\t\t\tif( typeof jQuery('.ult-carousel-2544377669fbfcc481238').slick == \"function\"){\r\n\t\t\t\t\t\t$('.ult-carousel-2544377669fbfcc481238').slick({dots: true,autoplaySpeed: 5000,speed: 500,infinite: false,arrows: true,nextArrow: '<button type=\"button\" role=\"button\" aria-label=\"Next\" style=\"color:#ffffff; font-size:30px;background:rgba(47,56,60,0.5);\" class=\"slick-next square-bg\"><i class=\"ultsl-arrow-right6\"><\/i><\/button>',prevArrow: '<button type=\"button\" role=\"button\" aria-label=\"Previous\" style=\"color:#ffffff; font-size:30px;background:rgba(47,56,60,0.5);\" class=\"slick-prev square-bg\"><i class=\"ultsl-arrow-left6\"><\/i><\/button>',slidesToScroll:1,slidesToShow:1,swipe: true,draggable: true,touchMove: true,pauseOnHover: true,pauseOnFocus: false,responsive: [\r\n\t\t\t\t\t\t\t{\r\n\t\t\t\t\t\t\t  breakpoint: 1026,\r\n\t\t\t\t\t\t\t  settings: {\r\n\t\t\t\t\t\t\t\tslidesToShow: 1,\r\n\t\t\t\t\t\t\t\tslidesToScroll: 1,  \r\n\t\t\t\t\t\t\t  }\r\n\t\t\t\t\t\t\t},\r\n\t\t\t\t\t\t\t{\r\n\t\t\t\t\t\t\t  breakpoint: 1025,\r\n\t\t\t\t\t\t\t  settings: {\r\n\t\t\t\t\t\t\t\tslidesToShow: 1,\r\n\t\t\t\t\t\t\t\tslidesToScroll: 1\r\n\t\t\t\t\t\t\t  }\r\n\t\t\t\t\t\t\t},\r\n\t\t\t\t\t\t\t{\r\n\t\t\t\t\t\t\t  breakpoint: 760,\r\n\t\t\t\t\t\t\t  settings: {\r\n\t\t\t\t\t\t\t\tslidesToShow: 1,\r\n\t\t\t\t\t\t\t\tslidesToScroll: 1\r\n\t\t\t\t\t\t\t  }\r\n\t\t\t\t\t\t\t}\r\n\t\t\t\t\t\t],pauseOnDotsHover: true,customPaging: function(slider, i) {\r\n                   return '<i type=\"button\" style= \"color:#788891;\" class=\"ultsl-record\" data-role=\"none\"><\/i>';\r\n                },});\r\n\t\t\t\t\t}\r\n\t\t\t\t});\r\n\t\t\t<\/script>\r\n\t\t\t\n  <\/div>\n  \n  \n  <\/div>\n[\/vc_column][\/vc_row][vc_row full_width=&#8220;stretch_row&#8220; el_class=&#8220;vc-row-free-software&#8220; css=&#8220;.vc_custom_1523912493378{background-color: #006486 !important;}&#8220;][vc_column][vc_column_text el_class=&#8220;vc-el-lead-in&#8220;]Offers<\/p>\n<h2>Free 3D Design Software<\/h2>\n<p>[\/vc_column_text][vc_row_inner equal_height=&#8220;yes&#8220;][vc_column_inner width=&#8220;1\/2&#8243; offset=&#8220;vc_col-md-5&#8243;]<div class=\"wpb_content_block wpb_content_element\"><div class=\"wpb_wrapper\"><div class=\"content_block\" id=\"custom_post_widget-419\"><p>[vc_row][vc_column][vc_column_text]<\/p>\n<h3>Bezplatn\u00fd software pro v\u00e1\u0161 startup<\/h3>\n<p>Pokud pr\u00e1v\u011b spou\u0161t\u00edte v\u00e1\u0161 startup a podnik\u00e1te m\u00e9n\u011b ne\u017e t\u0159i roky, m\u016f\u017eete z\u00edskat bezplatnou verzi Solid Edge. A to bez poplatku![\/vc_column_text][vc_column_text]<a class=\"action-button\" href=\"https:\/\/www.plm.automation.siemens.com\/global\/en\/topic\/solid-edge-for-startups\/8335\"><i class=\"icon-ext\"><\/i>Za\u017e\u00e1dat nyn\u00ed<\/a>[\/vc_column_text][\/vc_column][\/vc_row]<\/p>\n<\/div><\/div><\/div>[\/vc_column_inner][vc_column_inner width=&#8220;1\/2&#8243; offset=&#8220;vc_col-md-offset-2 vc_col-md-5&#8243;]<div class=\"wpb_content_block wpb_content_element\"><div class=\"wpb_wrapper\"><div class=\"content_block\" id=\"custom_post_widget-420\"><p>[vc_row][vc_column][vc_column_text]<\/p>\n<h3>St\u00e1hn\u011bte si bezplatnou verzi Solid Edge pro studenty<\/h3>\n<p>Nau\u010dte se navrhovat je\u0161t\u011b dnes v bezplatn\u00e9 verzi Solid Edge Student Edition.<br \/>\n[\/vc_column_text][vc_column_text]<a class=\"action-button\" href=\"https:\/\/www.plm.automation.siemens.com\/plmapp\/education\/solid-edge\/cs_cz\/free-software\/student\"><i class=\"icon-ext\"><\/i>St\u00e1hnout nyn\u00ed<\/a>[\/vc_column_text][\/vc_column][\/vc_row]<\/p>\n<\/div><\/div><\/div>[\/vc_column_inner][\/vc_row_inner][\/vc_column][\/vc_row][vc_row full_width=&#8220;stretch_row&#8220; el_class=&#8220;vc-row-related-content&#8220; css=&#8220;.vc_custom_1524184785822{background-color: #347eb5 !important;}&#8220;][vc_column][vc_column_text]<\/p>\n<h2>Related Content<\/h2>\n<p>[\/vc_column_text]<div id=\"ult-carousel-180131496469fbfcc483f16\" class=\"ult-carousel-wrapper  vc-el-carousel-related-content ult_horizontal\" data-gutter=\"0\" data-rtl=\"false\" ><div class=\"ult-carousel-120055393069fbfcc483ef8 \" >[vc_column_text]<a href=\"https:\/\/www.plm.automation.siemens.com\/store\/en-us\/solid-edge\/\">Koupit Solid Edge v online obchod\u011b<\/a>[\/vc_column_text][vc_column_text]<a href=\"https:\/\/community.plm.automation.siemens.com\/t5\/Solid-Edge-Blog\/ADIRA-Pushes-Limits-of-Additive-Manufacturing\/ba-p\/454045\">Spole\u010dnost ADIRA vyu\u017e\u00edv\u00e1 v\u00fdhod aditivn\u00ed v\u00fdroby<\/a>[\/vc_column_text][vc_column_text]<a href=\"https:\/\/community.plm.automation.siemens.com\/t5\/Solid-Edge-Blog\/New-additive-manufacturing-capabilities-from-3YOURMIND\/ba-p\/484950\">Nov\u00e9 mo\u017enosti aditivn\u00ed v\u00fdroby d\u00edky slu\u017eb\u011b 3YOURMIND<\/a>[\/vc_column_text][vc_column_text]<a href=\"https:\/\/solidedge.siemens.com\/wp-content\/uploads\/2018\/10\/Tech-Clarity-Infographic-3DPrintConvergence.pdf\">Infographic:<br \/>\nAdditive Manufacturing by the Numbers<\/a>[\/vc_column_text]<\/div><\/div>\t\t\t<script type=\"text\/javascript\">\r\n\t\t\t\tjQuery(document).ready(function ($) {\r\n\t\t\t\t\tif( typeof jQuery('.ult-carousel-120055393069fbfcc483ef8').slick == \"function\"){\r\n\t\t\t\t\t\t$('.ult-carousel-120055393069fbfcc483ef8').slick({dots: true,autoplaySpeed: 5000,speed: 500,infinite: false,arrows: true,nextArrow: '<button type=\"button\" role=\"button\" aria-label=\"Next\" style=\"color:#ffffff; font-size:30px;background:rgba(255,255,255,0.2);\" class=\"slick-next square-bg\"><i class=\"ultsl-arrow-right6\"><\/i><\/button>',prevArrow: '<button type=\"button\" role=\"button\" aria-label=\"Previous\" style=\"color:#ffffff; font-size:30px;background:rgba(255,255,255,0.2);\" class=\"slick-prev square-bg\"><i class=\"ultsl-arrow-left6\"><\/i><\/button>',slidesToScroll:4,slidesToShow:4,swipe: true,draggable: true,touchMove: true,pauseOnHover: true,pauseOnFocus: false,responsive: [\r\n\t\t\t\t\t\t\t{\r\n\t\t\t\t\t\t\t  breakpoint: 1026,\r\n\t\t\t\t\t\t\t  settings: {\r\n\t\t\t\t\t\t\t\tslidesToShow: 4,\r\n\t\t\t\t\t\t\t\tslidesToScroll: 4,  \r\n\t\t\t\t\t\t\t  }\r\n\t\t\t\t\t\t\t},\r\n\t\t\t\t\t\t\t{\r\n\t\t\t\t\t\t\t  breakpoint: 1025,\r\n\t\t\t\t\t\t\t  settings: {\r\n\t\t\t\t\t\t\t\tslidesToShow: 2,\r\n\t\t\t\t\t\t\t\tslidesToScroll: 2\r\n\t\t\t\t\t\t\t  }\r\n\t\t\t\t\t\t\t},\r\n\t\t\t\t\t\t\t{\r\n\t\t\t\t\t\t\t  breakpoint: 760,\r\n\t\t\t\t\t\t\t  settings: {\r\n\t\t\t\t\t\t\t\tslidesToShow: 1,\r\n\t\t\t\t\t\t\t\tslidesToScroll: 1\r\n\t\t\t\t\t\t\t  }\r\n\t\t\t\t\t\t\t}\r\n\t\t\t\t\t\t],pauseOnDotsHover: true,customPaging: function(slider, i) {\r\n                   return '<i type=\"button\" style= \"color:#ffffff;\" class=\"ultsl-record\" data-role=\"none\"><\/i>';\r\n                },});\r\n\t\t\t\t\t}\r\n\t\t\t\t});\r\n\t\t\t<\/script>\r\n\t\t\t[\/vc_column][\/vc_row][vc_row full_width=&#8220;stretch_row&#8220; el_class=&#8220;footer-contact&#8220; css=&#8220;.vc_custom_1550170708528{background-color: #dedee3 !important;}&#8220;][vc_column]<div class=\"wpb_content_block wpb_content_element\"><div class=\"wpb_wrapper\"><\/div><\/div>[\/vc_column][\/vc_row]<\/p>\n","protected":false},"excerpt":{"rendered":"<p>[\/vc_column] \u0158e\u0161en\u00ed pro aditivn\u00ed v\u00fdrobu Solid Edge umo\u017e\u0148uje tvorbu \u0161pi\u010dkov\u00fdch v\u00fdrobk\u016f pomoc\u00ed aditivn\u00ed v\u00fdroby a 3D tisku. Solid Edge Free Trial [\/vc_column_text][\/vc_column][\/vc_row] Funkce Od n\u00e1vrhu k v\u00fdrob\u011b d\u00edky aditivn\u00edm technologi\u00edm Solid Edge V\u00e1m umo\u017e\u0148uje zcela [&hellip;]<\/p>\n","protected":false},"author":5,"featured_media":0,"parent":2588,"menu_order":0,"comment_status":"closed","ping_status":"closed","template":"","meta":{"inline_featured_image":false},"yoast_head":"<!-- This site is optimized with the Yoast SEO plugin v18.4.1 - https:\/\/yoast.com\/wordpress\/plugins\/seo\/ -->\n<title>Aditivn\u00ed v\u00fdroba | Techniky 3D tisku | Solid Edge<\/title>\n<meta name=\"description\" content=\"Solid Edge v\u00e1m umo\u017e\u0148uje zcela vyu\u017e\u00edt aditivn\u00ed v\u00fdroby, a\u0165 u\u017e vyr\u00e1b\u00edte jednotliv\u00e9 prototypy nebo v\u011bt\u0161\u00ed s\u00e9rie.\" \/>\n<meta name=\"robots\" content=\"index, follow, max-snippet:-1, max-image-preview:large, max-video-preview:-1\" \/>\n<link rel=\"canonical\" href=\"https:\/\/solidedge.siemens.com\/cs\/solutions\/products\/computer-aided-manufacturing-cam\/additive-manufacturing\/\" \/>\n<meta property=\"og:locale\" content=\"cs_CZ\" \/>\n<meta property=\"og:type\" content=\"article\" \/>\n<meta property=\"og:title\" content=\"Aditivn\u00ed v\u00fdroba | Techniky 3D tisku | Solid Edge\" \/>\n<meta property=\"og:description\" content=\"Solid Edge v\u00e1m umo\u017e\u0148uje zcela vyu\u017e\u00edt aditivn\u00ed v\u00fdroby, a\u0165 u\u017e vyr\u00e1b\u00edte jednotliv\u00e9 prototypy nebo v\u011bt\u0161\u00ed s\u00e9rie.\" \/>\n<meta property=\"og:url\" content=\"https:\/\/solidedge.siemens.com\/cs\/solutions\/products\/computer-aided-manufacturing-cam\/additive-manufacturing\/\" \/>\n<meta property=\"og:site_name\" content=\"Solid Edge\" \/>\n<meta property=\"article:publisher\" content=\"https:\/\/www.facebook.com\/solidedge\" \/>\n<meta property=\"article:modified_time\" content=\"2022-10-20T17:19:41+00:00\" \/>\n<meta name=\"twitter:card\" content=\"summary_large_image\" \/>\n<meta name=\"twitter:site\" content=\"@siemensplm\" \/>\n<meta name=\"twitter:label1\" content=\"Odhadovan\u00e1 doba \u010dten\u00ed\" \/>\n\t<meta name=\"twitter:data1\" content=\"2 minuty\" \/>\n<script type=\"application\/ld+json\" class=\"yoast-schema-graph\">{\"@context\":\"https:\/\/schema.org\",\"@graph\":[{\"@type\":\"Organization\",\"@id\":\"https:\/\/solidedge.siemens.com\/en\/#organization\",\"name\":\"Siemens Digital Industries Software\",\"url\":\"https:\/\/solidedge.siemens.com\/en\/\",\"sameAs\":[\"https:\/\/www.facebook.com\/solidedge\",\"https:\/\/www.instagram.com\/siemens\/\",\"https:\/\/www.linkedin.com\/company\/siemens-plm-software\",\"https:\/\/www.youtube.com\/user\/PolarionSoftware\",\"https:\/\/twitter.com\/siemensplm\"],\"logo\":{\"@type\":\"ImageObject\",\"@id\":\"https:\/\/solidedge.siemens.com\/en\/#logo\",\"inLanguage\":\"cs\",\"url\":\"https:\/\/solidedge.siemens.com\/wp-content\/uploads\/2018\/04\/logo-siemens-ifl@2x.png\",\"contentUrl\":\"https:\/\/solidedge.siemens.com\/wp-content\/uploads\/2018\/04\/logo-siemens-ifl@2x.png\",\"width\":640,\"height\":270,\"caption\":\"Siemens Digital Industries Software\"},\"image\":{\"@id\":\"https:\/\/solidedge.siemens.com\/en\/#logo\"}},{\"@type\":\"WebSite\",\"@id\":\"https:\/\/solidedge.siemens.com\/en\/#website\",\"url\":\"https:\/\/solidedge.siemens.com\/en\/\",\"name\":\"Solid Edge\",\"description\":\"Siemens Software\",\"publisher\":{\"@id\":\"https:\/\/solidedge.siemens.com\/en\/#organization\"},\"potentialAction\":[{\"@type\":\"SearchAction\",\"target\":{\"@type\":\"EntryPoint\",\"urlTemplate\":\"https:\/\/solidedge.siemens.com\/en\/?s={search_term_string}\"},\"query-input\":\"required name=search_term_string\"}],\"inLanguage\":\"cs\"},{\"@type\":\"WebPage\",\"@id\":\"https:\/\/solidedge.siemens.com\/cs\/solutions\/products\/computer-aided-manufacturing-cam\/additive-manufacturing\/#webpage\",\"url\":\"https:\/\/solidedge.siemens.com\/cs\/solutions\/products\/computer-aided-manufacturing-cam\/additive-manufacturing\/\",\"name\":\"Aditivn\u00ed v\u00fdroba | Techniky 3D tisku | Solid Edge\",\"isPartOf\":{\"@id\":\"https:\/\/solidedge.siemens.com\/en\/#website\"},\"datePublished\":\"2018-04-10T18:59:50+00:00\",\"dateModified\":\"2022-10-20T17:19:41+00:00\",\"description\":\"Solid Edge v\u00e1m umo\u017e\u0148uje zcela vyu\u017e\u00edt aditivn\u00ed v\u00fdroby, a\u0165 u\u017e vyr\u00e1b\u00edte jednotliv\u00e9 prototypy nebo v\u011bt\u0161\u00ed s\u00e9rie.\",\"breadcrumb\":{\"@id\":\"https:\/\/solidedge.siemens.com\/cs\/solutions\/products\/computer-aided-manufacturing-cam\/additive-manufacturing\/#breadcrumb\"},\"inLanguage\":\"cs\",\"potentialAction\":[{\"@type\":\"ReadAction\",\"target\":[\"https:\/\/solidedge.siemens.com\/cs\/solutions\/products\/computer-aided-manufacturing-cam\/additive-manufacturing\/\"]}]},{\"@type\":\"BreadcrumbList\",\"@id\":\"https:\/\/solidedge.siemens.com\/cs\/solutions\/products\/computer-aided-manufacturing-cam\/additive-manufacturing\/#breadcrumb\",\"itemListElement\":[{\"@type\":\"ListItem\",\"position\":1,\"name\":\"Home\",\"item\":\"https:\/\/solidedge.siemens.com\/en\/home-5\/\"},{\"@type\":\"ListItem\",\"position\":2,\"name\":\"\u0158e&scaron;en&iacute;\",\"item\":\"https:\/\/solidedge.siemens.com\/cs\/solutions\/\"},{\"@type\":\"ListItem\",\"position\":3,\"name\":\"Produkty\",\"item\":\"https:\/\/solidedge.siemens.com\/cs\/solutions\/products\/\"},{\"@type\":\"ListItem\",\"position\":4,\"name\":\"Po\u010d&iacute;ta\u010dem podporovan&aacute; v&yacute;roba (CAM)\",\"item\":\"https:\/\/solidedge.siemens.com\/cs\/solutions\/products\/computer-aided-manufacturing-cam\/\"},{\"@type\":\"ListItem\",\"position\":5,\"name\":\"Aditivn&iacute; v&yacute;roba\"}]}]}<\/script>\n<!-- \/ Yoast SEO plugin. -->","yoast_head_json":{"title":"Aditivn\u00ed v\u00fdroba | Techniky 3D tisku | Solid Edge","description":"Solid Edge v\u00e1m umo\u017e\u0148uje zcela vyu\u017e\u00edt aditivn\u00ed v\u00fdroby, a\u0165 u\u017e vyr\u00e1b\u00edte jednotliv\u00e9 prototypy nebo v\u011bt\u0161\u00ed s\u00e9rie.","robots":{"index":"index","follow":"follow","max-snippet":"max-snippet:-1","max-image-preview":"max-image-preview:large","max-video-preview":"max-video-preview:-1"},"canonical":"https:\/\/solidedge.siemens.com\/cs\/solutions\/products\/computer-aided-manufacturing-cam\/additive-manufacturing\/","og_locale":"cs_CZ","og_type":"article","og_title":"Aditivn\u00ed v\u00fdroba | Techniky 3D tisku | Solid Edge","og_description":"Solid Edge v\u00e1m umo\u017e\u0148uje zcela vyu\u017e\u00edt aditivn\u00ed v\u00fdroby, a\u0165 u\u017e vyr\u00e1b\u00edte jednotliv\u00e9 prototypy nebo v\u011bt\u0161\u00ed s\u00e9rie.","og_url":"https:\/\/solidedge.siemens.com\/cs\/solutions\/products\/computer-aided-manufacturing-cam\/additive-manufacturing\/","og_site_name":"Solid Edge","article_publisher":"https:\/\/www.facebook.com\/solidedge","article_modified_time":"2022-10-20T17:19:41+00:00","twitter_card":"summary_large_image","twitter_site":"@siemensplm","twitter_misc":{"Odhadovan\u00e1 doba \u010dten\u00ed":"2 minuty"},"schema":{"@context":"https:\/\/schema.org","@graph":[{"@type":"Organization","@id":"https:\/\/solidedge.siemens.com\/en\/#organization","name":"Siemens Digital Industries Software","url":"https:\/\/solidedge.siemens.com\/en\/","sameAs":["https:\/\/www.facebook.com\/solidedge","https:\/\/www.instagram.com\/siemens\/","https:\/\/www.linkedin.com\/company\/siemens-plm-software","https:\/\/www.youtube.com\/user\/PolarionSoftware","https:\/\/twitter.com\/siemensplm"],"logo":{"@type":"ImageObject","@id":"https:\/\/solidedge.siemens.com\/en\/#logo","inLanguage":"cs","url":"https:\/\/solidedge.siemens.com\/wp-content\/uploads\/2018\/04\/logo-siemens-ifl@2x.png","contentUrl":"https:\/\/solidedge.siemens.com\/wp-content\/uploads\/2018\/04\/logo-siemens-ifl@2x.png","width":640,"height":270,"caption":"Siemens Digital Industries Software"},"image":{"@id":"https:\/\/solidedge.siemens.com\/en\/#logo"}},{"@type":"WebSite","@id":"https:\/\/solidedge.siemens.com\/en\/#website","url":"https:\/\/solidedge.siemens.com\/en\/","name":"Solid Edge","description":"Siemens Software","publisher":{"@id":"https:\/\/solidedge.siemens.com\/en\/#organization"},"potentialAction":[{"@type":"SearchAction","target":{"@type":"EntryPoint","urlTemplate":"https:\/\/solidedge.siemens.com\/en\/?s={search_term_string}"},"query-input":"required name=search_term_string"}],"inLanguage":"cs"},{"@type":"WebPage","@id":"https:\/\/solidedge.siemens.com\/cs\/solutions\/products\/computer-aided-manufacturing-cam\/additive-manufacturing\/#webpage","url":"https:\/\/solidedge.siemens.com\/cs\/solutions\/products\/computer-aided-manufacturing-cam\/additive-manufacturing\/","name":"Aditivn\u00ed v\u00fdroba | Techniky 3D tisku | Solid Edge","isPartOf":{"@id":"https:\/\/solidedge.siemens.com\/en\/#website"},"datePublished":"2018-04-10T18:59:50+00:00","dateModified":"2022-10-20T17:19:41+00:00","description":"Solid Edge v\u00e1m umo\u017e\u0148uje zcela vyu\u017e\u00edt aditivn\u00ed v\u00fdroby, a\u0165 u\u017e vyr\u00e1b\u00edte jednotliv\u00e9 prototypy nebo v\u011bt\u0161\u00ed s\u00e9rie.","breadcrumb":{"@id":"https:\/\/solidedge.siemens.com\/cs\/solutions\/products\/computer-aided-manufacturing-cam\/additive-manufacturing\/#breadcrumb"},"inLanguage":"cs","potentialAction":[{"@type":"ReadAction","target":["https:\/\/solidedge.siemens.com\/cs\/solutions\/products\/computer-aided-manufacturing-cam\/additive-manufacturing\/"]}]},{"@type":"BreadcrumbList","@id":"https:\/\/solidedge.siemens.com\/cs\/solutions\/products\/computer-aided-manufacturing-cam\/additive-manufacturing\/#breadcrumb","itemListElement":[{"@type":"ListItem","position":1,"name":"Home","item":"https:\/\/solidedge.siemens.com\/en\/home-5\/"},{"@type":"ListItem","position":2,"name":"\u0158e&scaron;en&iacute;","item":"https:\/\/solidedge.siemens.com\/cs\/solutions\/"},{"@type":"ListItem","position":3,"name":"Produkty","item":"https:\/\/solidedge.siemens.com\/cs\/solutions\/products\/"},{"@type":"ListItem","position":4,"name":"Po\u010d&iacute;ta\u010dem podporovan&aacute; v&yacute;roba (CAM)","item":"https:\/\/solidedge.siemens.com\/cs\/solutions\/products\/computer-aided-manufacturing-cam\/"},{"@type":"ListItem","position":5,"name":"Aditivn&iacute; v&yacute;roba"}]}]}},"_links":{"self":[{"href":"https:\/\/solidedge.siemens.com\/cs\/wp-json\/wp\/v2\/pages\/1809"}],"collection":[{"href":"https:\/\/solidedge.siemens.com\/cs\/wp-json\/wp\/v2\/pages"}],"about":[{"href":"https:\/\/solidedge.siemens.com\/cs\/wp-json\/wp\/v2\/types\/page"}],"author":[{"embeddable":true,"href":"https:\/\/solidedge.siemens.com\/cs\/wp-json\/wp\/v2\/users\/5"}],"replies":[{"embeddable":true,"href":"https:\/\/solidedge.siemens.com\/cs\/wp-json\/wp\/v2\/comments?post=1809"}],"version-history":[{"count":25,"href":"https:\/\/solidedge.siemens.com\/cs\/wp-json\/wp\/v2\/pages\/1809\/revisions"}],"predecessor-version":[{"id":64467,"href":"https:\/\/solidedge.siemens.com\/cs\/wp-json\/wp\/v2\/pages\/1809\/revisions\/64467"}],"up":[{"embeddable":true,"href":"https:\/\/solidedge.siemens.com\/cs\/wp-json\/wp\/v2\/pages\/2588"}],"wp:attachment":[{"href":"https:\/\/solidedge.siemens.com\/cs\/wp-json\/wp\/v2\/media?parent=1809"}],"curies":[{"name":"wp","href":"https:\/\/api.w.org\/{rel}","templated":true}]}}