{"id":1662,"date":"2018-05-22T11:51:45","date_gmt":"2018-05-22T15:51:45","guid":{"rendered":"https:\/\/solidedge.siemens.com\/requirements-management\/"},"modified":"2021-05-04T20:51:16","modified_gmt":"2021-05-05T00:51:16","slug":"requirements-management","status":"publish","type":"page","link":"https:\/\/solidedge.siemens.com\/cs\/solutions\/products\/data-management\/requirements-management\/","title":{"rendered":"Spr&aacute;va po\u017eadavk\u016f"},"content":{"rendered":"<p>[vc_row el_class=&#8220;vc-row-page-image-intro&#8220;][vc_column][vc_column_text]<\/p>\n<h1>Spr&aacute;va po\u017eadavk\u016f<\/h1>\n<p>[\/vc_column_text][vc_row_inner][vc_column_inner width=&#8220;5\/12&#8243;][vc_single_image image=&#8220;1254&#8243; img_size=&#8220;medium&#8220; alignment=&#8220;center&#8220;][\/vc_column_inner][vc_column_inner width=&#8220;7\/12&#8243;][vc_column_text]<br \/>\n&nbsp;<\/p>\n<p class=\"f-larger c-black\"><strong>Spr\u00e1va po\u017eadavk\u016f na n\u00e1vrh v\u00fdrobk\u016f a dodr\u017eov\u00e1n\u00ed norem prost\u0159ednictv\u00edm pln\u00e9 sledovatelnosti<\/strong><\/p>\n<p><br class=\"xliff-newline\" \/>Ka\u017ed\u00fd n\u00e1vrh v\u00fdrobku se \u0159\u00edd\u00ed po\u017eadavky. Modul Solid Edge Spr\u00e1va po\u017eadavk\u016f umo\u017e\u0148uje b\u011bhem n\u00e1vrhu a v\u00fdroby p\u0159esn\u011b propojovat a sledovat po\u017eadavky, co\u017e v\u00e1m pom\u016f\u017ee p\u0159i v\u00fdvoji \u00fasp\u011b\u0161n\u00e9ho v\u00fdrobku.[\/vc_column_text][vc_column_text el_class=\"vc-el-related-content-video\"][\/vc_column_text][\/vc_column_inner][\/vc_row_inner][\/vc_column][\/vc_row][vc_row full_width=&#8220;stretch_row&#8220; css=&#8220;.vc_custom_1527085676589{background-color: #ebf0f5 !important;}&#8220;][vc_column][vc_column_text el_class=&#8220;vc-el-lead-in&#8220;]<br class=\"xliff-newline\" \/><\/p>\n<p class=\"f-larger c-black\"><strong>Spr&aacute;va po\u017eadavk\u016f na n&aacute;vrh v&yacute;robk\u016f a dodr\u017eov&aacute;n&iacute; norem prost\u0159ednictv&iacute;m pln&eacute; sledovatelnosti<\/strong><\/p>\n<p><br class=\"xliff-newline\" \/>Ka\u017ed&yacute; n&aacute;vrh v&yacute;robku se \u0159&iacute;d&iacute; po\u017eadavky. Modul Solid Edge Spr&aacute;va po\u017eadavk\u016f umo\u017e\u0148uje b\u011bhem n&aacute;vrhu a v&yacute;roby p\u0159esn\u011b propojovat a sledovat po\u017eadavky, co\u017e v&aacute;m pom\u016f\u017ee p\u0159i v&yacute;voji &uacute;sp\u011b&scaron;n&eacute;ho v&yacute;robku.[\/vc_column_text][vc_row_inner el_class=&#8220;vc-row-image-teasers&#8220;][vc_column_inner width=&#8220;1\/4&#8243;][vc_column_text]<br \/>\n<br class=\"xliff-newline\" \/><\/p>\n<h3>Okam\u017eit&yacute; p\u0159&iacute;stup k po\u017eadavk\u016fm na v&yacute;robky<\/h3>\n<p><br class=\"xliff-newline\" \/>D&iacute;ky rozd\u011blen&iacute; na karty se mohou u\u017eivatel&eacute; ihned odkazovat na &uacute;lohy a vyhnout se tak n&aacute;kladn&yacute;m omyl\u016fm.[\/vc_column_text][\/vc_column_inner][vc_column_inner width=&#8220;1\/4&#8243;][vc_column_text]<br \/>\n<br class=\"xliff-newline\" \/><\/p>\n<h3>Zna\u010den&iacute; po\u017eadavk\u016f a zaji&scaron;t\u011bn&iacute; sledovatelnosti<\/h3>\n<p><br class=\"xliff-newline\" \/>U\u017eivatel&eacute; mohou ID konkr&eacute;tn&iacute;ho po\u017eadavku zazna\u010dit do souboru Solid Edge a t&iacute;m danou zpracovanou pracovn&iacute; polo\u017eku p\u0159esn\u011b sledovat.[\/vc_column_text][\/vc_column_inner][vc_column_inner width=&#8220;1\/4&#8243;][vc_column_text]<br \/>\n<br class=\"xliff-newline\" \/><\/p>\n<h3>Transparentnost &uacute;loh do detailu<\/h3>\n<p><br class=\"xliff-newline\" \/>Podrobn&yacute; seznam akc&iacute; proveden&yacute;ch u konkr&eacute;tn&iacute; &uacute;lohy lze zobrazit pouh&yacute;m kliknut&iacute;m. Spr&aacute;vci a projektov&iacute; mana\u017ee\u0159i si mohou vybrat, zda povolit u\u017eivatelsk&eacute; koment&aacute;\u0159e, jak propojit souvisej&iacute;c&iacute; pracovn&iacute; polo\u017eky a definovat dal&scaron;&iacute; zp\u016fsoby interakce s pracovn&iacute; polo\u017ekou.[\/vc_column_text][\/vc_column_inner][vc_column_inner width=&#8220;1\/4&#8243;][vc_column_text]<br \/>\n<br class=\"xliff-newline\" \/><\/p>\n<h3>Snadn&aacute; komunikace s veden&iacute;m a mana\u017eery<\/h3>\n<p><br class=\"xliff-newline\" \/>D&iacute;ky propojen&iacute; dat n&aacute;vrhu a pracovn&iacute;ch polo\u017eek je mo\u017en&eacute; pomoc&iacute; 3D PDF soubor\u016f d\u011blat mana\u017eersk&aacute; rozhodnut&iacute; bez p\u0159&iacute;stupu do CAD syst&eacute;mu.[\/vc_column_text][\/vc_column_inner][\/vc_row_inner][vc_column_text]<a href=\"https:\/\/solidedge.siemens.com\/wp-content\/uploads\/2018\/07\/Siemens-PLM-Solid-Edge-Requirements-Management-fs-70876-A2.pdf\" target=\"_blank\" rel=\"noopener noreferrer\"><i class=\"icon-ext\"><\/i> St&aacute;hnout datov&yacute; list modulu Solid Edge Spr&aacute;va po\u017eadavk\u016f<\/a>[\/vc_column_text][\/vc_column][\/vc_row][vc_row full_width=&#8220;stretch_row&#8220; el_class=&#8220;vc-row-video-highlight&#8220;][vc_column][vc_column_text el_class=&#8220;vc-el-lead-in&#8220;]Video<br class=\"xliff-newline\" \/><\/p>\n<h2>Pod&iacute;vejte se na modul Spr&aacute;va po\u017eadavk\u016f v akci<\/h2>\n<p><br class=\"xliff-newline\" \/><\/p>\n<p class=\"see-more\" style=\"text-align: right;\"><a href=\"https:\/\/solidedge.siemens.com\/cs\/resources\/resource-library\/#ui_Videos\">Zhl&eacute;dnout dal&scaron;&iacute; videa<\/a><\/p>\n<p><br class=\"xliff-newline\" \/><br \/>\n[\/vc_column_text]\n\n\n  <div id=\"wpv-view-layout-567-CATTRd4f4e5c9059cda0c44f682af732e2e54\" class=\"js-wpv-view-layout js-wpv-layout-responsive js-wpv-view-layout-567-CATTRd4f4e5c9059cda0c44f682af732e2e54\" data-viewnumber=\"567-CATTRd4f4e5c9059cda0c44f682af732e2e54\" data-pagination=\"{&quot;id&quot;:567,&quot;query&quot;:&quot;normal&quot;,&quot;type&quot;:&quot;disabled&quot;,&quot;effect&quot;:&quot;fade&quot;,&quot;duration&quot;:500,&quot;speed&quot;:5,&quot;pause_on_hover&quot;:&quot;disabled&quot;,&quot;stop_rollover&quot;:&quot;false&quot;,&quot;cache_pages&quot;:&quot;enabled&quot;,&quot;preload_images&quot;:&quot;enabled&quot;,&quot;preload_pages&quot;:&quot;enabled&quot;,&quot;preload_reach&quot;:1,&quot;spinner&quot;:&quot;builtin&quot;,&quot;spinner_image&quot;:&quot;https:\/\/solidedge.siemens.com\/wp-content\/plugins\/wp-views\/embedded\/res\/img\/ajax-loader.gif&quot;,&quot;callback_next&quot;:&quot;&quot;,&quot;manage_history&quot;:&quot;disabled&quot;,&quot;has_controls_in_form&quot;:&quot;disabled&quot;,&quot;infinite_tolerance&quot;:&quot;0&quot;,&quot;max_pages&quot;:0,&quot;page&quot;:1,&quot;base_permalink&quot;:&quot;\/cs\/wp-json\/wp\/v2\/pages\/1662?wpv_view_count=567-CATTRd4f4e5c9059cda0c44f682af732e2e54&amp;wpv_paged=WPV_PAGE_NUM&quot;,&quot;loop&quot;:{&quot;type&quot;:&quot;&quot;,&quot;name&quot;:&quot;&quot;,&quot;data&quot;:[],&quot;id&quot;:0}}\" data-permalink=\"\/cs\/wp-json\/wp\/v2\/pages\/1662?wpv_view_count=567-CATTRd4f4e5c9059cda0c44f682af732e2e54\">\n\n  \n  <div class=\"wpv-resources\"><a name=\"video\" class=\"video-anchor\"><\/a>\n    <div id=\"ult-carousel-210974590769dccc95dcef8\" class=\"ult-carousel-wrapper  vc-el-carousel-videos-embedded ult_horizontal\" data-gutter=\"0\" data-rtl=\"false\" ><div class=\"ult-carousel-116178232269dccc95dced3 \" >\n    \n    \n       <div><!-- slide container -->\n        <div class=\"wpv-resources-item\" data-mh=\".wpv-resources-item\">\n          <div class=\"resources-item-poster\">\n              \n              \n          <\/div>\n        <\/div>\n      <\/div>\n    \n    \n    <\/div><\/div>\t\t\t<script type=\"text\/javascript\">\r\n\t\t\t\tjQuery(document).ready(function ($) {\r\n\t\t\t\t\tif( typeof jQuery('.ult-carousel-116178232269dccc95dced3').slick == \"function\"){\r\n\t\t\t\t\t\t$('.ult-carousel-116178232269dccc95dced3').slick({dots: true,autoplaySpeed: 5000,speed: 500,infinite: false,arrows: true,nextArrow: '<button type=\"button\" role=\"button\" aria-label=\"Next\" style=\"color:#ffffff; font-size:30px;background:rgba(47,56,60,0.5);\" class=\"slick-next square-bg\"><i class=\"ultsl-arrow-right6\"><\/i><\/button>',prevArrow: '<button type=\"button\" role=\"button\" aria-label=\"Previous\" style=\"color:#ffffff; font-size:30px;background:rgba(47,56,60,0.5);\" class=\"slick-prev square-bg\"><i class=\"ultsl-arrow-left6\"><\/i><\/button>',slidesToScroll:1,slidesToShow:1,swipe: true,draggable: true,touchMove: true,pauseOnHover: true,pauseOnFocus: false,responsive: [\r\n\t\t\t\t\t\t\t{\r\n\t\t\t\t\t\t\t  breakpoint: 1026,\r\n\t\t\t\t\t\t\t  settings: {\r\n\t\t\t\t\t\t\t\tslidesToShow: 1,\r\n\t\t\t\t\t\t\t\tslidesToScroll: 1,  \r\n\t\t\t\t\t\t\t  }\r\n\t\t\t\t\t\t\t},\r\n\t\t\t\t\t\t\t{\r\n\t\t\t\t\t\t\t  breakpoint: 1025,\r\n\t\t\t\t\t\t\t  settings: {\r\n\t\t\t\t\t\t\t\tslidesToShow: 1,\r\n\t\t\t\t\t\t\t\tslidesToScroll: 1\r\n\t\t\t\t\t\t\t  }\r\n\t\t\t\t\t\t\t},\r\n\t\t\t\t\t\t\t{\r\n\t\t\t\t\t\t\t  breakpoint: 760,\r\n\t\t\t\t\t\t\t  settings: {\r\n\t\t\t\t\t\t\t\tslidesToShow: 1,\r\n\t\t\t\t\t\t\t\tslidesToScroll: 1\r\n\t\t\t\t\t\t\t  }\r\n\t\t\t\t\t\t\t}\r\n\t\t\t\t\t\t],pauseOnDotsHover: true,customPaging: function(slider, i) {\r\n                   return '<i type=\"button\" style= \"color:#788891;\" class=\"ultsl-record\" data-role=\"none\"><\/i>';\r\n                },});\r\n\t\t\t\t\t}\r\n\t\t\t\t});\r\n\t\t\t<\/script>\r\n\t\t\t\n  <\/div>\n  \n  \n  <\/div>\n[vc_column_text el_class=&#8220;video-caption&#8220;]<br \/>\n<br class=\"xliff-newline\" \/><\/p>\n<h3>Spr&aacute;va po\u017eadavk\u016f v Solid Edge<\/h3>\n<p><br class=\"xliff-newline\" \/>Ka\u017ed&yacute; n&aacute;vrh v&yacute;robku se \u0159&iacute;d&iacute; po\u017eadavky. P\u0159esn&eacute; propojen&iacute; a sledov&aacute;n&iacute; po\u017eadavk\u016f b\u011bhem n&aacute;vrhu v&yacute;robku a procesu v&yacute;roby je nezbytn&eacute;. Solid Edge tyto &uacute;lohy \u0159e&scaron;&iacute; pomoc&iacute; modulu Spr&aacute;va po\u017eadavk\u016f.[\/vc_column_text][\/vc_column][\/vc_row][vc_row full_width=&#8220;stretch_row&#8220; el_class=&#8220;vc-row-related-content&#8220; css=&#8220;.vc_custom_1524184785822{background-color: #347eb5 !important;}&#8220;][vc_column][vc_column_text]<br \/>\n<br class=\"xliff-newline\" \/><\/p>\n<h2>Souvisej&iacute;c&iacute; obsah<\/h2>\n<p><br class=\"xliff-newline\" \/><br \/>\n[\/vc_column_text]<div id=\"ult-carousel-138527564569dccc95ddede\" class=\"ult-carousel-wrapper  vc-el-carousel-related-content ult_horizontal\" data-gutter=\"0\" data-rtl=\"false\" ><div class=\"ult-carousel-131313841769dccc95ddebb \" >[vc_column_text]<a href=\"https:\/\/solidedge.siemens.com\/wp-content\/uploads\/2018\/07\/Siemens-PLM-Solid-Edge-Requirements-Management-fs-70876-A2.pdf\" target=\"_blank\" rel=\"noopener noreferrer\">St&aacute;hnout datov&yacute; list modulu Solid Edge Spr&aacute;va po\u017eadavk\u016f<\/a>[\/vc_column_text][vc_column_text]<\/p>\n<p><br class=\"xliff-newline\" \/><\/p>\n<h2>Souvisej&iacute;c&iacute; obsah<\/h2>\n<p><br class=\"xliff-newline\" \/><\/p>\n<p>[\/vc_column_text][vc_column_text]<a href=\"http:\/\/community.plm.automation.siemens.com\/t5\/Solid-Edge-User-Community\/ct-p\/solid-edge\">Komunita Solid Edge<\/a>[\/vc_column_text][vc_column_text]<a href=\"https:\/\/www.facebook.com\/solidedge\">Solid Edge na Facebooku<\/a>[\/vc_column_text][vc_column_text]<a href=\"https:\/\/twitter.com\/search?q=Solid%20Edge&amp;src=typd\">Solid Edge na Twitteru<\/a>[\/vc_column_text]<\/div><\/div>\t\t\t<script type=\"text\/javascript\">\r\n\t\t\t\tjQuery(document).ready(function ($) {\r\n\t\t\t\t\tif( typeof jQuery('.ult-carousel-131313841769dccc95ddebb').slick == \"function\"){\r\n\t\t\t\t\t\t$('.ult-carousel-131313841769dccc95ddebb').slick({dots: true,autoplaySpeed: 5000,speed: 500,infinite: false,arrows: true,nextArrow: '<button type=\"button\" role=\"button\" aria-label=\"Next\" style=\"color:#ffffff; font-size:30px;background:rgba(255,255,255,0.2);\" class=\"slick-next square-bg\"><i class=\"ultsl-arrow-right6\"><\/i><\/button>',prevArrow: '<button type=\"button\" role=\"button\" aria-label=\"Previous\" style=\"color:#ffffff; font-size:30px;background:rgba(255,255,255,0.2);\" class=\"slick-prev square-bg\"><i class=\"ultsl-arrow-left6\"><\/i><\/button>',slidesToScroll:4,slidesToShow:4,swipe: true,draggable: true,touchMove: true,pauseOnHover: true,pauseOnFocus: false,responsive: [\r\n\t\t\t\t\t\t\t{\r\n\t\t\t\t\t\t\t  breakpoint: 1026,\r\n\t\t\t\t\t\t\t  settings: {\r\n\t\t\t\t\t\t\t\tslidesToShow: 4,\r\n\t\t\t\t\t\t\t\tslidesToScroll: 4,  \r\n\t\t\t\t\t\t\t  }\r\n\t\t\t\t\t\t\t},\r\n\t\t\t\t\t\t\t{\r\n\t\t\t\t\t\t\t  breakpoint: 1025,\r\n\t\t\t\t\t\t\t  settings: {\r\n\t\t\t\t\t\t\t\tslidesToShow: 2,\r\n\t\t\t\t\t\t\t\tslidesToScroll: 2\r\n\t\t\t\t\t\t\t  }\r\n\t\t\t\t\t\t\t},\r\n\t\t\t\t\t\t\t{\r\n\t\t\t\t\t\t\t  breakpoint: 760,\r\n\t\t\t\t\t\t\t  settings: {\r\n\t\t\t\t\t\t\t\tslidesToShow: 1,\r\n\t\t\t\t\t\t\t\tslidesToScroll: 1\r\n\t\t\t\t\t\t\t  }\r\n\t\t\t\t\t\t\t}\r\n\t\t\t\t\t\t],pauseOnDotsHover: true,customPaging: function(slider, i) {\r\n                   return '<i type=\"button\" style= \"color:#ffffff;\" class=\"ultsl-record\" data-role=\"none\"><\/i>';\r\n                },});\r\n\t\t\t\t\t}\r\n\t\t\t\t});\r\n\t\t\t<\/script>\r\n\t\t\t[\/vc_column][\/vc_row][vc_row full_width=&#8220;stretch_row&#8220; el_class=&#8220;footer-contact&#8220; css=&#8220;.vc_custom_1550170708528{background-color: #dedee3 !important;}&#8220;][vc_column]<div class=\"wpb_content_block wpb_content_element\"><div class=\"wpb_wrapper\"><\/div><\/div>[\/vc_column][\/vc_row]<\/p>\n","protected":false},"excerpt":{"rendered":"<p> Spr&aacute;va po\u017eadavk\u016f [\/vc_column_text][\/vc_column_inner] &nbsp; Spr\u00e1va po\u017eadavk\u016f na n\u00e1vrh v\u00fdrobk\u016f a dodr\u017eov\u00e1n\u00ed norem prost\u0159ednictv\u00edm pln\u00e9 sledovatelnosti Ka\u017ed\u00fd n\u00e1vrh v\u00fdrobku se \u0159\u00edd\u00ed po\u017eadavky. Modul Solid Edge Spr\u00e1va po\u017eadavk\u016f umo\u017e\u0148uje b\u011bhem n\u00e1vrhu a v\u00fdroby p\u0159esn\u011b propojovat a sledovat po\u017eadavky, co\u017e v\u00e1m pom\u016f\u017ee p\u0159i v\u00fdvoji \u00fasp\u011b\u0161n\u00e9ho v\u00fdrobku.[\/vc_column_text][\/vc_column_inner][\/vc_row_inner][\/vc_column][\/vc_row] [&hellip;]<\/p>\n","protected":false},"author":5,"featured_media":0,"parent":2596,"menu_order":0,"comment_status":"closed","ping_status":"closed","template":"","meta":{"inline_featured_image":false},"yoast_head":"<!-- This site is optimized with the Yoast SEO plugin v18.4.1 - https:\/\/yoast.com\/wordpress\/plugins\/seo\/ -->\n<title>Spr\u00e1va po\u017eadavk\u016f | V\u00fdvoj v\u00fdrobk\u016f | Solid Edge<\/title>\n<meta name=\"description\" content=\"Modul Solid Edge Spr\u00e1va po\u017eadavk\u016f umo\u017e\u0148uje b\u011bhem n\u00e1vrhu a v\u00fdroby p\u0159esn\u011b propojovat a sledovat po\u017eadavky. Dal\u0161\u00ed informace.\" \/>\n<meta name=\"robots\" content=\"index, follow, max-snippet:-1, max-image-preview:large, max-video-preview:-1\" \/>\n<link rel=\"canonical\" href=\"https:\/\/solidedge.siemens.com\/cs\/solutions\/products\/data-management\/requirements-management\/\" \/>\n<meta property=\"og:locale\" content=\"cs_CZ\" \/>\n<meta property=\"og:type\" content=\"article\" \/>\n<meta property=\"og:title\" content=\"Spr\u00e1va po\u017eadavk\u016f | V\u00fdvoj v\u00fdrobk\u016f | Solid Edge\" \/>\n<meta property=\"og:description\" content=\"Modul Solid Edge Spr\u00e1va po\u017eadavk\u016f umo\u017e\u0148uje b\u011bhem n\u00e1vrhu a v\u00fdroby p\u0159esn\u011b propojovat a sledovat po\u017eadavky. Dal\u0161\u00ed informace.\" \/>\n<meta property=\"og:url\" content=\"https:\/\/solidedge.siemens.com\/cs\/solutions\/products\/data-management\/requirements-management\/\" \/>\n<meta property=\"og:site_name\" content=\"Solid Edge\" \/>\n<meta property=\"article:publisher\" content=\"https:\/\/www.facebook.com\/solidedge\" \/>\n<meta property=\"article:modified_time\" content=\"2021-05-05T00:51:16+00:00\" \/>\n<meta name=\"twitter:card\" content=\"summary_large_image\" \/>\n<meta name=\"twitter:site\" content=\"@siemensplm\" \/>\n<meta name=\"twitter:label1\" content=\"Odhadovan\u00e1 doba \u010dten\u00ed\" \/>\n\t<meta name=\"twitter:data1\" content=\"4 minuty\" \/>\n<script type=\"application\/ld+json\" class=\"yoast-schema-graph\">{\"@context\":\"https:\/\/schema.org\",\"@graph\":[{\"@type\":\"Organization\",\"@id\":\"https:\/\/solidedge.siemens.com\/en\/#organization\",\"name\":\"Siemens Digital Industries Software\",\"url\":\"https:\/\/solidedge.siemens.com\/en\/\",\"sameAs\":[\"https:\/\/www.facebook.com\/solidedge\",\"https:\/\/www.instagram.com\/siemens\/\",\"https:\/\/www.linkedin.com\/company\/siemens-plm-software\",\"https:\/\/www.youtube.com\/user\/PolarionSoftware\",\"https:\/\/twitter.com\/siemensplm\"],\"logo\":{\"@type\":\"ImageObject\",\"@id\":\"https:\/\/solidedge.siemens.com\/en\/#logo\",\"inLanguage\":\"cs\",\"url\":\"https:\/\/solidedge.siemens.com\/wp-content\/uploads\/2018\/04\/logo-siemens-ifl@2x.png\",\"contentUrl\":\"https:\/\/solidedge.siemens.com\/wp-content\/uploads\/2018\/04\/logo-siemens-ifl@2x.png\",\"width\":640,\"height\":270,\"caption\":\"Siemens Digital Industries Software\"},\"image\":{\"@id\":\"https:\/\/solidedge.siemens.com\/en\/#logo\"}},{\"@type\":\"WebSite\",\"@id\":\"https:\/\/solidedge.siemens.com\/en\/#website\",\"url\":\"https:\/\/solidedge.siemens.com\/en\/\",\"name\":\"Solid Edge\",\"description\":\"Siemens Software\",\"publisher\":{\"@id\":\"https:\/\/solidedge.siemens.com\/en\/#organization\"},\"potentialAction\":[{\"@type\":\"SearchAction\",\"target\":{\"@type\":\"EntryPoint\",\"urlTemplate\":\"https:\/\/solidedge.siemens.com\/en\/?s={search_term_string}\"},\"query-input\":\"required name=search_term_string\"}],\"inLanguage\":\"cs\"},{\"@type\":\"WebPage\",\"@id\":\"https:\/\/solidedge.siemens.com\/cs\/solutions\/products\/data-management\/requirements-management\/#webpage\",\"url\":\"https:\/\/solidedge.siemens.com\/cs\/solutions\/products\/data-management\/requirements-management\/\",\"name\":\"Spr\u00e1va po\u017eadavk\u016f | V\u00fdvoj v\u00fdrobk\u016f | Solid Edge\",\"isPartOf\":{\"@id\":\"https:\/\/solidedge.siemens.com\/en\/#website\"},\"datePublished\":\"2018-05-22T15:51:45+00:00\",\"dateModified\":\"2021-05-05T00:51:16+00:00\",\"description\":\"Modul Solid Edge Spr\u00e1va po\u017eadavk\u016f umo\u017e\u0148uje b\u011bhem n\u00e1vrhu a v\u00fdroby p\u0159esn\u011b propojovat a sledovat po\u017eadavky. Dal\u0161\u00ed informace.\",\"breadcrumb\":{\"@id\":\"https:\/\/solidedge.siemens.com\/cs\/solutions\/products\/data-management\/requirements-management\/#breadcrumb\"},\"inLanguage\":\"cs\",\"potentialAction\":[{\"@type\":\"ReadAction\",\"target\":[\"https:\/\/solidedge.siemens.com\/cs\/solutions\/products\/data-management\/requirements-management\/\"]}]},{\"@type\":\"BreadcrumbList\",\"@id\":\"https:\/\/solidedge.siemens.com\/cs\/solutions\/products\/data-management\/requirements-management\/#breadcrumb\",\"itemListElement\":[{\"@type\":\"ListItem\",\"position\":1,\"name\":\"Home\",\"item\":\"https:\/\/solidedge.siemens.com\/en\/home-5\/\"},{\"@type\":\"ListItem\",\"position\":2,\"name\":\"\u0158e&scaron;en&iacute;\",\"item\":\"https:\/\/solidedge.siemens.com\/cs\/solutions\/\"},{\"@type\":\"ListItem\",\"position\":3,\"name\":\"Produkty\",\"item\":\"https:\/\/solidedge.siemens.com\/cs\/solutions\/products\/\"},{\"@type\":\"ListItem\",\"position\":4,\"name\":\"Spr&aacute;va dat\",\"item\":\"https:\/\/solidedge.siemens.com\/cs\/solutions\/products\/data-management\/\"},{\"@type\":\"ListItem\",\"position\":5,\"name\":\"Spr&aacute;va po\u017eadavk\u016f\"}]}]}<\/script>\n<!-- \/ Yoast SEO plugin. -->","yoast_head_json":{"title":"Spr\u00e1va po\u017eadavk\u016f | V\u00fdvoj v\u00fdrobk\u016f | Solid Edge","description":"Modul Solid Edge Spr\u00e1va po\u017eadavk\u016f umo\u017e\u0148uje b\u011bhem n\u00e1vrhu a v\u00fdroby p\u0159esn\u011b propojovat a sledovat po\u017eadavky. Dal\u0161\u00ed informace.","robots":{"index":"index","follow":"follow","max-snippet":"max-snippet:-1","max-image-preview":"max-image-preview:large","max-video-preview":"max-video-preview:-1"},"canonical":"https:\/\/solidedge.siemens.com\/cs\/solutions\/products\/data-management\/requirements-management\/","og_locale":"cs_CZ","og_type":"article","og_title":"Spr\u00e1va po\u017eadavk\u016f | V\u00fdvoj v\u00fdrobk\u016f | Solid Edge","og_description":"Modul Solid Edge Spr\u00e1va po\u017eadavk\u016f umo\u017e\u0148uje b\u011bhem n\u00e1vrhu a v\u00fdroby p\u0159esn\u011b propojovat a sledovat po\u017eadavky. Dal\u0161\u00ed informace.","og_url":"https:\/\/solidedge.siemens.com\/cs\/solutions\/products\/data-management\/requirements-management\/","og_site_name":"Solid Edge","article_publisher":"https:\/\/www.facebook.com\/solidedge","article_modified_time":"2021-05-05T00:51:16+00:00","twitter_card":"summary_large_image","twitter_site":"@siemensplm","twitter_misc":{"Odhadovan\u00e1 doba \u010dten\u00ed":"4 minuty"},"schema":{"@context":"https:\/\/schema.org","@graph":[{"@type":"Organization","@id":"https:\/\/solidedge.siemens.com\/en\/#organization","name":"Siemens Digital Industries Software","url":"https:\/\/solidedge.siemens.com\/en\/","sameAs":["https:\/\/www.facebook.com\/solidedge","https:\/\/www.instagram.com\/siemens\/","https:\/\/www.linkedin.com\/company\/siemens-plm-software","https:\/\/www.youtube.com\/user\/PolarionSoftware","https:\/\/twitter.com\/siemensplm"],"logo":{"@type":"ImageObject","@id":"https:\/\/solidedge.siemens.com\/en\/#logo","inLanguage":"cs","url":"https:\/\/solidedge.siemens.com\/wp-content\/uploads\/2018\/04\/logo-siemens-ifl@2x.png","contentUrl":"https:\/\/solidedge.siemens.com\/wp-content\/uploads\/2018\/04\/logo-siemens-ifl@2x.png","width":640,"height":270,"caption":"Siemens Digital Industries Software"},"image":{"@id":"https:\/\/solidedge.siemens.com\/en\/#logo"}},{"@type":"WebSite","@id":"https:\/\/solidedge.siemens.com\/en\/#website","url":"https:\/\/solidedge.siemens.com\/en\/","name":"Solid Edge","description":"Siemens Software","publisher":{"@id":"https:\/\/solidedge.siemens.com\/en\/#organization"},"potentialAction":[{"@type":"SearchAction","target":{"@type":"EntryPoint","urlTemplate":"https:\/\/solidedge.siemens.com\/en\/?s={search_term_string}"},"query-input":"required name=search_term_string"}],"inLanguage":"cs"},{"@type":"WebPage","@id":"https:\/\/solidedge.siemens.com\/cs\/solutions\/products\/data-management\/requirements-management\/#webpage","url":"https:\/\/solidedge.siemens.com\/cs\/solutions\/products\/data-management\/requirements-management\/","name":"Spr\u00e1va po\u017eadavk\u016f | V\u00fdvoj v\u00fdrobk\u016f | Solid Edge","isPartOf":{"@id":"https:\/\/solidedge.siemens.com\/en\/#website"},"datePublished":"2018-05-22T15:51:45+00:00","dateModified":"2021-05-05T00:51:16+00:00","description":"Modul Solid Edge Spr\u00e1va po\u017eadavk\u016f umo\u017e\u0148uje b\u011bhem n\u00e1vrhu a v\u00fdroby p\u0159esn\u011b propojovat a sledovat po\u017eadavky. Dal\u0161\u00ed informace.","breadcrumb":{"@id":"https:\/\/solidedge.siemens.com\/cs\/solutions\/products\/data-management\/requirements-management\/#breadcrumb"},"inLanguage":"cs","potentialAction":[{"@type":"ReadAction","target":["https:\/\/solidedge.siemens.com\/cs\/solutions\/products\/data-management\/requirements-management\/"]}]},{"@type":"BreadcrumbList","@id":"https:\/\/solidedge.siemens.com\/cs\/solutions\/products\/data-management\/requirements-management\/#breadcrumb","itemListElement":[{"@type":"ListItem","position":1,"name":"Home","item":"https:\/\/solidedge.siemens.com\/en\/home-5\/"},{"@type":"ListItem","position":2,"name":"\u0158e&scaron;en&iacute;","item":"https:\/\/solidedge.siemens.com\/cs\/solutions\/"},{"@type":"ListItem","position":3,"name":"Produkty","item":"https:\/\/solidedge.siemens.com\/cs\/solutions\/products\/"},{"@type":"ListItem","position":4,"name":"Spr&aacute;va dat","item":"https:\/\/solidedge.siemens.com\/cs\/solutions\/products\/data-management\/"},{"@type":"ListItem","position":5,"name":"Spr&aacute;va po\u017eadavk\u016f"}]}]}},"_links":{"self":[{"href":"https:\/\/solidedge.siemens.com\/cs\/wp-json\/wp\/v2\/pages\/1662"}],"collection":[{"href":"https:\/\/solidedge.siemens.com\/cs\/wp-json\/wp\/v2\/pages"}],"about":[{"href":"https:\/\/solidedge.siemens.com\/cs\/wp-json\/wp\/v2\/types\/page"}],"author":[{"embeddable":true,"href":"https:\/\/solidedge.siemens.com\/cs\/wp-json\/wp\/v2\/users\/5"}],"replies":[{"embeddable":true,"href":"https:\/\/solidedge.siemens.com\/cs\/wp-json\/wp\/v2\/comments?post=1662"}],"version-history":[{"count":6,"href":"https:\/\/solidedge.siemens.com\/cs\/wp-json\/wp\/v2\/pages\/1662\/revisions"}],"predecessor-version":[{"id":36814,"href":"https:\/\/solidedge.siemens.com\/cs\/wp-json\/wp\/v2\/pages\/1662\/revisions\/36814"}],"up":[{"embeddable":true,"href":"https:\/\/solidedge.siemens.com\/cs\/wp-json\/wp\/v2\/pages\/2596"}],"wp:attachment":[{"href":"https:\/\/solidedge.siemens.com\/cs\/wp-json\/wp\/v2\/media?parent=1662"}],"curies":[{"name":"wp","href":"https:\/\/api.w.org\/{rel}","templated":true}]}}