{"id":1466,"date":"2018-05-25T13:31:50","date_gmt":"2018-05-25T17:31:50","guid":{"rendered":"https:\/\/solidedge.siemens.com\/electrical-routing\/"},"modified":"2021-12-13T10:40:51","modified_gmt":"2021-12-13T15:40:51","slug":"electrical-routing","status":"publish","type":"page","link":"https:\/\/solidedge.siemens.com\/cs\/solutions\/products\/electrical-design\/electrical-routing\/","title":{"rendered":"Trasy vodi\u010d\u016f a kabel\u016f"},"content":{"rendered":"<p>[vc_row full_width=&#8220;stretch_row&#8220; full_height=&#8220;yes&#8220; content_placement=&#8220;middle&#8220; css=&#8220;.vc_custom_1635414517130{background: #a6a6a6 url(https:\/\/solidedge.siemens.com\/wp-content\/uploads\/2021\/10\/se-scrn-new-sehero-1920&#215;873-1.jpg?id=53186) !important;background-position: center !important;background-repeat: no-repeat !important;background-size: cover !important;}&#8220; el_class=&#8220;vc-row-hero-banner&#8220;][vc_column][vc_column_text el_class=&#8220;.vc-el-callout&#8220;]<\/p>\n<h1>Solid Edge Trasy vodi\u010d\u016f a kabel\u016f<\/h1>\n<p>Modul Solid Edge Trasy vodi\u010d\u016f a kabel\u016f nab\u00edz\u00ed prost\u0159ed\u00ed pro efektivn\u00ed tvorbu, veden\u00ed a uspo\u0159\u00e1d\u00e1n\u00ed vodi\u010d\u016f, kabel\u016f a svazk\u016f ve stroj\u00edrensk\u00fdch sestav\u00e1ch. Ve\u0161ker\u00e1 topologick\u00e1 data lze snadno p\u0159en\u00e1\u0161et mezi prost\u0159ed\u00edm ECAD\/MCAD, \u010d\u00edm\u017e se zkracuje doba pot\u0159ebn\u00e1 k dokon\u010den\u00ed n\u00e1vrhu a jeho odesl\u00e1n\u00ed do v\u00fdroby.<\/p>\n<p><a class=\"action-button\" href=\"\/en\/try-now\/\"><i class=\"icon-ext\"><\/i>Solid Edge Free Trial<\/a>[\/vc_column_text][\/vc_column][\/vc_row][vc_row full_width=&#8220;stretch_row&#8220; css=&#8220;.vc_custom_1527269507099{background-color: #ebf0f5 !important;}&#8220;][vc_column][vc_column_text el_class=&#8220;vc-el-lead-in&#8220;]Funkce<!-- wpml:html_fragment --><\/p>\n<h2>Trasy vodi\u010d\u016f a kabel\u016f<\/h2>\n<p>[\/vc_column_text][vc_row_inner equal_height=&#8220;yes&#8220;][vc_column_inner width=&#8220;1\/3&#8243;][vc_column_text]<\/p>\n<h3>Strukturovan\u00fd pracovn\u00ed postup<\/h3>\n<p>Modul umo\u017e\u0148uje rychlou tvorbu 3D drah mezi sou\u010d\u00e1stmi a definice vlastnost\u00ed vodi\u010d\u016f, kabel\u016f a svazk\u016f. Tvorba tras vodi\u010d\u016f pomoc\u00ed nepravideln\u00fdch geometrick\u00fdch t\u011bles. D\u00edky intuitivn\u00edm pr\u016fvodc\u016fm je mo\u017en\u00e9 elektronick\u00e9 komponenty a konektory snadno p\u0159i\u0159adit p\u0159edkonfigurovan\u00fdm sou\u010d\u00e1stem Solid Edge. Po dokon\u010den\u00ed n\u00e1vrhu je mo\u017en\u00e9 p\u0159ipraven\u00e9 soubory se seznamem zapojen\u00ed exportovat do sch\u00e9mat, aby mohly b\u00fdt vodi\u010de opat\u0159eny informac\u00ed o\u00a0d\u00e9lce a\u00a0n\u00e1sledn\u011b pou\u017eity p\u0159i anal\u00fdze elektrick\u00fdch syst\u00e9m\u016f.<\/p>\n<p>[\/vc_column_text][\/vc_column_inner][vc_column_inner width=&#8220;1\/3&#8243;][vc_column_text]<\/p>\n<h3>Detekce chyb n\u00e1vrhu v re\u00e1ln\u00e9m \u010dase<\/h3>\n<p>D\u00edky vestav\u011bn\u00fdm mechanism\u016fm pro kontrolu chyb m\u00e1te k dispozici upozorn\u011bn\u00ed na poru\u0161en\u00ed n\u00e1vrhu, kter\u00e9 se projev\u00ed grafickou zna\u010dkou vedle p\u0159\u00edslu\u0161n\u00e9ho vodi\u010de \u2013 to v\u0161e v re\u00e1ln\u00e9m \u010dase. Ke ka\u017ed\u00e9mu upozorn\u011bn\u00ed je k dispozici popisek s informacemi, jak dan\u00fd probl\u00e9m vy\u0159e\u0161it.[\/vc_column_text][\/vc_column_inner][vc_column_inner width=&#8220;1\/3&#8243;][vc_column_text]<\/p>\n<h3>Pln\u011b digit\u00e1ln\u00ed makety<\/h3>\n<p>P\u0159ejd\u011bte od n\u00e1vrhu rovnou k v\u00fdrob\u011b d\u00edky pln\u011b digit\u00e1ln\u00edm maket\u00e1m, kter\u00e9 nab\u00edzej\u00ed realistickou reprezentaci vodi\u010d\u016f bez n\u00e1kladn\u00fdch fyzick\u00fdch prototyp\u016f.[\/vc_column_text][\/vc_column_inner][vc_column_inner width=&#8220;1\/3&#8243;][vc_column_text]<\/p>\n<h3>Propojen\u00e1 prost\u0159ed\u00ed spole\u010dnosti Siemens<\/h3>\n<p>D\u00edky jedine\u010dn\u00e9mu propojen\u00e9mu re\u017eimu je mo\u017en\u00e9 propojit prost\u0159ed\u00ed ECAD a MCAD a dynamicky aktualizovat jednotliv\u00e9 prvky elektrick\u00e9ho zapojen\u00ed kabelov\u00fdch svazk\u016f. Pokud provedete zm\u011bnu v jedn\u00e9 dom\u00e9n\u011b, pak se v r\u00e1mci k\u0159\u00ed\u017eov\u00e9ho sondov\u00e1n\u00ed zm\u011bna zv\u00fdrazn\u00ed i v t\u00e9 druh\u00e9. Propojen\u00fd re\u017eim je mo\u017en\u00e9 vyu\u017e\u00edt pouze v aplikac\u00edch spole\u010dnosti Siemens \u2013 Solid Edge Elektrick\u00e9 zapojen\u00ed vodi\u010d\u016f a kabelov\u00e9ho svazku, Capital Logic a Harness XC.<\/p>\n<p>[\/vc_column_text][\/vc_column_inner][vc_column_inner width=&#8220;1\/3&#8243;][vc_column_text]<\/p>\n<h3>Spolupr\u00e1ce s dal\u0161\u00edmi pr\u016fmyslov\u00fdmi n\u00e1stroji<\/h3>\n<p>D\u00edky podpo\u0159e standardn\u00edch v\u00fdm\u011bnn\u00fdch form\u00e1t\u016f komponent a propojen\u00ed a zejm\u00e9na d\u00edky odpojen\u00e9mu re\u017eimu je mo\u017en\u00e9 spolupracovat tak\u00e9 s podniky, kter\u00e9 pou\u017e\u00edvaj\u00ed jin\u00e9 aplikace ECAD.[\/vc_column_text][\/vc_column_inner][\/vc_row_inner][vc_column_text]<a href=\"https:\/\/media.plm.automation.siemens.com\/solidedge\/data-brief\/Siemens-SW-Solid-Edge-Electrical-Routing-FS-71209-C12.pdf\"><i class=\"icon-ext\"><\/i>St\u00e1hnout datov\u00fd list Solid Edge Trasy vodi\u010d\u016f a kabel\u016f.<\/a>[\/vc_column_text][\/vc_column][\/vc_row][vc_row full_width=&#8220;stretch_row&#8220; el_class=&#8220;vc-row-video-highlight&#8220;][vc_column][vc_column_text el_class=&#8220;vc-el-lead-in&#8220;]Video<!-- wpml:html_fragment --><\/p>\n<h2>Pod\u00edvejte se na funkce modulu Trasy vodi\u010d\u016f a kabel\u016f v akci<\/h2>\n<p>Solid Edge Trasy vodi\u010d\u016f a kabel\u016f je specializovan\u00e9 prost\u0159ed\u00ed \u0159\u00edzen\u00e9 procesy, kter\u00e9 slou\u017e\u00ed k efektivn\u00ed tvorb\u011b, veden\u00ed a uspo\u0159\u00e1d\u00e1n\u00ed vodi\u010d\u016f, kabel\u016f a svazk\u016f v sestav\u00e1ch Solid Edge.<\/p>\n<p class=\"see-more\" style=\"text-align: right;\"><a href=\"https:\/\/solidedge.siemens.com\/cs\/resources\/videos\/\">Zhl\u00e9dnout dal\u0161\u00ed videa<\/a><\/p>\n<p>\u00a0[\/vc_column_text]\n\n\n  <div id=\"wpv-view-layout-567-CATTR55fa89cc16b262b856d8376c74ba50df\" class=\"js-wpv-view-layout js-wpv-layout-responsive js-wpv-view-layout-567-CATTR55fa89cc16b262b856d8376c74ba50df\" data-viewnumber=\"567-CATTR55fa89cc16b262b856d8376c74ba50df\" data-pagination=\"{&quot;id&quot;:567,&quot;query&quot;:&quot;normal&quot;,&quot;type&quot;:&quot;disabled&quot;,&quot;effect&quot;:&quot;fade&quot;,&quot;duration&quot;:500,&quot;speed&quot;:5,&quot;pause_on_hover&quot;:&quot;disabled&quot;,&quot;stop_rollover&quot;:&quot;false&quot;,&quot;cache_pages&quot;:&quot;enabled&quot;,&quot;preload_images&quot;:&quot;enabled&quot;,&quot;preload_pages&quot;:&quot;enabled&quot;,&quot;preload_reach&quot;:1,&quot;spinner&quot;:&quot;builtin&quot;,&quot;spinner_image&quot;:&quot;https:\/\/solidedge.siemens.com\/wp-content\/plugins\/wp-views\/embedded\/res\/img\/ajax-loader.gif&quot;,&quot;callback_next&quot;:&quot;&quot;,&quot;manage_history&quot;:&quot;disabled&quot;,&quot;has_controls_in_form&quot;:&quot;disabled&quot;,&quot;infinite_tolerance&quot;:&quot;0&quot;,&quot;max_pages&quot;:0,&quot;page&quot;:1,&quot;base_permalink&quot;:&quot;\/cs\/wp-json\/wp\/v2\/pages\/1466?wpv_view_count=567-CATTR55fa89cc16b262b856d8376c74ba50df&amp;wpv_paged=WPV_PAGE_NUM&quot;,&quot;loop&quot;:{&quot;type&quot;:&quot;&quot;,&quot;name&quot;:&quot;&quot;,&quot;data&quot;:[],&quot;id&quot;:0}}\" data-permalink=\"\/cs\/wp-json\/wp\/v2\/pages\/1466?wpv_view_count=567-CATTR55fa89cc16b262b856d8376c74ba50df\">\n\n  \n  <div class=\"wpv-resources\"><a name=\"video\" class=\"video-anchor\"><\/a>\n    <div id=\"ult-carousel-151106552569dfdd9e24285\" class=\"ult-carousel-wrapper  vc-el-carousel-videos-embedded ult_horizontal\" data-gutter=\"0\" data-rtl=\"false\" ><div class=\"ult-carousel-117131215469dfdd9e24262 \" >\n    \n    \n       <div><!-- slide container -->\n        <div class=\"wpv-resources-item\" data-mh=\".wpv-resources-item\">\n          <div class=\"resources-item-poster\">\n              <div id=\"wpfp_e12039b9ec2ff6957a4922ce43ce67df\" data-item=\"{&quot;sources&quot;:&#091;{&quot;src&quot;:&quot;https:\\\/\\\/media.plm.automation.siemens.com\\\/solidedge\\\/videos\\\/2020-Wire-And-Harness-Design-In-Solid-Edge.mp4&quot;,&quot;type&quot;:&quot;video\\\/mp4&quot;}&#093;}\" class=\"flowplayer no-brand is-splash no-svg is-paused skin-slim fp-slim fp-edgy\" data-embed=\"false\" style=\"max-width: 1140px; max-height: 640px; background-image: url(https:\/\/solidedge.siemens.com\/wp-content\/uploads\/2019\/06\/2020-wire-harness-design-featured.jpg);\" data-ratio=\"0.5614\" data-advance=\"false\">\n\t<div class=\"fp-ratio\" style=\"padding-top: 56.14%\"><\/div>\n\t<div class=\"fp-ui\"><div class=\"fp-play fp-visible\"><a class=\"fp-icon fp-playbtn\"><\/a><\/div><\/div>\n\n<\/div>\n\n              \n          <\/div>\n        <\/div>\n      <\/div>\n    \n    \n    <\/div><\/div>\t\t\t<script type=\"text\/javascript\">\r\n\t\t\t\tjQuery(document).ready(function ($) {\r\n\t\t\t\t\tif( typeof jQuery('.ult-carousel-117131215469dfdd9e24262').slick == \"function\"){\r\n\t\t\t\t\t\t$('.ult-carousel-117131215469dfdd9e24262').slick({dots: true,autoplaySpeed: 5000,speed: 500,infinite: false,arrows: true,nextArrow: '<button type=\"button\" role=\"button\" aria-label=\"Next\" style=\"color:#ffffff; font-size:30px;background:rgba(47,56,60,0.5);\" class=\"slick-next square-bg\"><i class=\"ultsl-arrow-right6\"><\/i><\/button>',prevArrow: '<button type=\"button\" role=\"button\" aria-label=\"Previous\" style=\"color:#ffffff; font-size:30px;background:rgba(47,56,60,0.5);\" class=\"slick-prev square-bg\"><i class=\"ultsl-arrow-left6\"><\/i><\/button>',slidesToScroll:1,slidesToShow:1,swipe: true,draggable: true,touchMove: true,pauseOnHover: true,pauseOnFocus: false,responsive: [\r\n\t\t\t\t\t\t\t{\r\n\t\t\t\t\t\t\t  breakpoint: 1026,\r\n\t\t\t\t\t\t\t  settings: {\r\n\t\t\t\t\t\t\t\tslidesToShow: 1,\r\n\t\t\t\t\t\t\t\tslidesToScroll: 1,  \r\n\t\t\t\t\t\t\t  }\r\n\t\t\t\t\t\t\t},\r\n\t\t\t\t\t\t\t{\r\n\t\t\t\t\t\t\t  breakpoint: 1025,\r\n\t\t\t\t\t\t\t  settings: {\r\n\t\t\t\t\t\t\t\tslidesToShow: 1,\r\n\t\t\t\t\t\t\t\tslidesToScroll: 1\r\n\t\t\t\t\t\t\t  }\r\n\t\t\t\t\t\t\t},\r\n\t\t\t\t\t\t\t{\r\n\t\t\t\t\t\t\t  breakpoint: 760,\r\n\t\t\t\t\t\t\t  settings: {\r\n\t\t\t\t\t\t\t\tslidesToShow: 1,\r\n\t\t\t\t\t\t\t\tslidesToScroll: 1\r\n\t\t\t\t\t\t\t  }\r\n\t\t\t\t\t\t\t}\r\n\t\t\t\t\t\t],pauseOnDotsHover: true,customPaging: function(slider, i) {\r\n                   return '<i type=\"button\" style= \"color:#788891;\" class=\"ultsl-record\" data-role=\"none\"><\/i>';\r\n                },});\r\n\t\t\t\t\t}\r\n\t\t\t\t});\r\n\t\t\t<\/script>\r\n\t\t\t\n  <\/div>\n  \n  \n  <\/div>\n[vc_column_text el_class=&#8220;video-caption&#8220;]V tomto videu uvid\u00edte, jak funkce modulu Trasy vodi\u010d\u016f a kabel\u016f umo\u017e\u0148uj\u00ed konstrukt\u00e9r\u016fm spolupracovat a vytv\u00e1\u0159et p\u0159esn\u00e9 digit\u00e1ln\u00ed makety obsahuj\u00edc\u00ed stroj\u00edrensk\u00e9 i elektrick\u00e9 komponenty.[\/vc_column_text][\/vc_column][\/vc_row][vc_row full_width=&#8220;stretch_row&#8220; el_class=&#8220;vc-row-related-content&#8220; css=&#8220;.vc_custom_1524184785822{background-color: #347eb5 !important;}&#8220;][vc_column][vc_column_text]<\/p>\n<h2>Souvisej\u00edc\u00ed obsah<\/h2>\n<p>[\/vc_column_text]<div id=\"ult-carousel-76529031369dfdd9e256d0\" class=\"ult-carousel-wrapper  vc-el-carousel-related-content ult_horizontal\" data-gutter=\"0\" data-rtl=\"false\" ><div class=\"ult-carousel-6259508769dfdd9e256ab \" >[vc_column_text]<a href=\"https:\/\/solidedge.siemens.com\/wp-content\/uploads\/2021\/09\/Siemens-PLM-Solid-Edge-Electrical-Routing-fs-71209-D15.pdf\">Solid Edge Electrical Routing Fact Sheet<\/a>[\/vc_column_text][vc_column_text]<a href=\"https:\/\/solidedge.siemens.com\/en\/resource\/ebook\/resolving-electrical-system-changes\/\" target=\"_blank\" rel=\"noopener noreferrer\">Resolving Electrical System Changes eBook<\/a>[\/vc_column_text][vc_column_text]<a href=\"\/?page_id= 47830\">What\u2019s New in Solid Edge<\/a>[\/vc_column_text][vc_column_text]<a href=\"http:\/\/community.plm.automation.siemens.com\/t5\/Solid-Edge-User-Community\/ct-p\/solid-edge\">Komunita Solid Edge<\/a>[\/vc_column_text]<\/div><\/div>\t\t\t<script type=\"text\/javascript\">\r\n\t\t\t\tjQuery(document).ready(function ($) {\r\n\t\t\t\t\tif( typeof jQuery('.ult-carousel-6259508769dfdd9e256ab').slick == \"function\"){\r\n\t\t\t\t\t\t$('.ult-carousel-6259508769dfdd9e256ab').slick({dots: true,autoplaySpeed: 5000,speed: 500,infinite: false,arrows: true,nextArrow: '<button type=\"button\" role=\"button\" aria-label=\"Next\" style=\"color:#ffffff; font-size:30px;background:rgba(255,255,255,0.2);\" class=\"slick-next square-bg\"><i class=\"ultsl-arrow-right6\"><\/i><\/button>',prevArrow: '<button type=\"button\" role=\"button\" aria-label=\"Previous\" style=\"color:#ffffff; font-size:30px;background:rgba(255,255,255,0.2);\" class=\"slick-prev square-bg\"><i class=\"ultsl-arrow-left6\"><\/i><\/button>',slidesToScroll:4,slidesToShow:4,swipe: true,draggable: true,touchMove: true,pauseOnHover: true,pauseOnFocus: false,responsive: [\r\n\t\t\t\t\t\t\t{\r\n\t\t\t\t\t\t\t  breakpoint: 1026,\r\n\t\t\t\t\t\t\t  settings: {\r\n\t\t\t\t\t\t\t\tslidesToShow: 4,\r\n\t\t\t\t\t\t\t\tslidesToScroll: 4,  \r\n\t\t\t\t\t\t\t  }\r\n\t\t\t\t\t\t\t},\r\n\t\t\t\t\t\t\t{\r\n\t\t\t\t\t\t\t  breakpoint: 1025,\r\n\t\t\t\t\t\t\t  settings: {\r\n\t\t\t\t\t\t\t\tslidesToShow: 2,\r\n\t\t\t\t\t\t\t\tslidesToScroll: 2\r\n\t\t\t\t\t\t\t  }\r\n\t\t\t\t\t\t\t},\r\n\t\t\t\t\t\t\t{\r\n\t\t\t\t\t\t\t  breakpoint: 760,\r\n\t\t\t\t\t\t\t  settings: {\r\n\t\t\t\t\t\t\t\tslidesToShow: 1,\r\n\t\t\t\t\t\t\t\tslidesToScroll: 1\r\n\t\t\t\t\t\t\t  }\r\n\t\t\t\t\t\t\t}\r\n\t\t\t\t\t\t],pauseOnDotsHover: true,customPaging: function(slider, i) {\r\n                   return '<i type=\"button\" style= \"color:#ffffff;\" class=\"ultsl-record\" data-role=\"none\"><\/i>';\r\n                },});\r\n\t\t\t\t\t}\r\n\t\t\t\t});\r\n\t\t\t<\/script>\r\n\t\t\t[\/vc_column][\/vc_row][vc_row full_width=&#8220;stretch_row&#8220; el_class=&#8220;footer-contact&#8220; css=&#8220;.vc_custom_1550170708528{background-color: #dedee3 !important;}&#8220;][vc_column]<div class=\"wpb_content_block wpb_content_element\"><div class=\"wpb_wrapper\"><\/div><\/div>[\/vc_column][\/vc_row]<\/p>\n","protected":false},"excerpt":{"rendered":"<p> Solid Edge Trasy vodi\u010d\u016f a kabel\u016f Modul Solid Edge Trasy vodi\u010d\u016f a kabel\u016f nab\u00edz\u00ed prost\u0159ed\u00ed pro efektivn\u00ed tvorbu, veden\u00ed a uspo\u0159\u00e1d\u00e1n\u00ed vodi\u010d\u016f, kabel\u016f a svazk\u016f ve stroj\u00edrensk\u00fdch sestav\u00e1ch. Ve\u0161ker\u00e1 topologick\u00e1 data lze snadno p\u0159en\u00e1\u0161et mezi prost\u0159ed\u00edm ECAD\/MCAD, \u010d\u00edm\u017e se [&hellip;]<\/p>\n","protected":false},"author":20,"featured_media":0,"parent":1552,"menu_order":0,"comment_status":"closed","ping_status":"closed","template":"","meta":{"inline_featured_image":false},"yoast_head":"<!-- This site is optimized with the Yoast SEO plugin v18.4.1 - https:\/\/yoast.com\/wordpress\/plugins\/seo\/ -->\n<title>Trasy vodi\u010d\u016f a kabel\u016f | N\u00e1vrh elektrick\u00fdch za\u0159\u00edzen\u00ed | Solid Edge<\/title>\n<meta name=\"description\" content=\"Solid Edge Trasy vodi\u010d\u016f a kabel\u016f je specializovan\u00fd modul, kter\u00fd slou\u017e\u00ed k efektivn\u00ed tvorb\u011b, veden\u00ed a uspo\u0159\u00e1d\u00e1n\u00ed vodi\u010d\u016f, kabel\u016f i kabelov\u00fdch svazk\u016f v sestav\u00e1ch Solid Edge.\" \/>\n<meta name=\"robots\" content=\"index, follow, max-snippet:-1, max-image-preview:large, max-video-preview:-1\" \/>\n<link rel=\"canonical\" href=\"https:\/\/solidedge.siemens.com\/cs\/solutions\/products\/electrical-design\/electrical-routing\/\" \/>\n<meta property=\"og:locale\" content=\"cs_CZ\" \/>\n<meta property=\"og:type\" content=\"article\" \/>\n<meta property=\"og:title\" content=\"Trasy vodi\u010d\u016f a kabel\u016f | N\u00e1vrh elektrick\u00fdch za\u0159\u00edzen\u00ed | Solid Edge\" \/>\n<meta property=\"og:description\" content=\"Solid Edge Trasy vodi\u010d\u016f a kabel\u016f je specializovan\u00fd modul, kter\u00fd slou\u017e\u00ed k efektivn\u00ed tvorb\u011b, veden\u00ed a uspo\u0159\u00e1d\u00e1n\u00ed vodi\u010d\u016f, kabel\u016f i kabelov\u00fdch svazk\u016f v sestav\u00e1ch Solid Edge.\" \/>\n<meta property=\"og:url\" content=\"https:\/\/solidedge.siemens.com\/cs\/solutions\/products\/electrical-design\/electrical-routing\/\" \/>\n<meta property=\"og:site_name\" content=\"Solid Edge\" \/>\n<meta property=\"article:publisher\" content=\"https:\/\/www.facebook.com\/solidedge\" \/>\n<meta property=\"article:modified_time\" content=\"2021-12-13T15:40:51+00:00\" \/>\n<meta name=\"twitter:card\" content=\"summary_large_image\" \/>\n<meta name=\"twitter:site\" content=\"@siemensplm\" \/>\n<meta name=\"twitter:label1\" content=\"Odhadovan\u00e1 doba \u010dten\u00ed\" \/>\n\t<meta name=\"twitter:data1\" content=\"4 minuty\" \/>\n<script type=\"application\/ld+json\" class=\"yoast-schema-graph\">{\"@context\":\"https:\/\/schema.org\",\"@graph\":[{\"@type\":\"Organization\",\"@id\":\"https:\/\/solidedge.siemens.com\/en\/#organization\",\"name\":\"Siemens Digital Industries Software\",\"url\":\"https:\/\/solidedge.siemens.com\/en\/\",\"sameAs\":[\"https:\/\/www.facebook.com\/solidedge\",\"https:\/\/www.instagram.com\/siemens\/\",\"https:\/\/www.linkedin.com\/company\/siemens-plm-software\",\"https:\/\/www.youtube.com\/user\/PolarionSoftware\",\"https:\/\/twitter.com\/siemensplm\"],\"logo\":{\"@type\":\"ImageObject\",\"@id\":\"https:\/\/solidedge.siemens.com\/en\/#logo\",\"inLanguage\":\"cs\",\"url\":\"https:\/\/solidedge.siemens.com\/wp-content\/uploads\/2018\/04\/logo-siemens-ifl@2x.png\",\"contentUrl\":\"https:\/\/solidedge.siemens.com\/wp-content\/uploads\/2018\/04\/logo-siemens-ifl@2x.png\",\"width\":640,\"height\":270,\"caption\":\"Siemens Digital Industries Software\"},\"image\":{\"@id\":\"https:\/\/solidedge.siemens.com\/en\/#logo\"}},{\"@type\":\"WebSite\",\"@id\":\"https:\/\/solidedge.siemens.com\/en\/#website\",\"url\":\"https:\/\/solidedge.siemens.com\/en\/\",\"name\":\"Solid Edge\",\"description\":\"Siemens Software\",\"publisher\":{\"@id\":\"https:\/\/solidedge.siemens.com\/en\/#organization\"},\"potentialAction\":[{\"@type\":\"SearchAction\",\"target\":{\"@type\":\"EntryPoint\",\"urlTemplate\":\"https:\/\/solidedge.siemens.com\/en\/?s={search_term_string}\"},\"query-input\":\"required name=search_term_string\"}],\"inLanguage\":\"cs\"},{\"@type\":\"WebPage\",\"@id\":\"https:\/\/solidedge.siemens.com\/cs\/solutions\/products\/electrical-design\/electrical-routing\/#webpage\",\"url\":\"https:\/\/solidedge.siemens.com\/cs\/solutions\/products\/electrical-design\/electrical-routing\/\",\"name\":\"Trasy vodi\u010d\u016f a kabel\u016f | N\u00e1vrh elektrick\u00fdch za\u0159\u00edzen\u00ed | Solid Edge\",\"isPartOf\":{\"@id\":\"https:\/\/solidedge.siemens.com\/en\/#website\"},\"datePublished\":\"2018-05-25T17:31:50+00:00\",\"dateModified\":\"2021-12-13T15:40:51+00:00\",\"description\":\"Solid Edge Trasy vodi\u010d\u016f a kabel\u016f je specializovan\u00fd modul, kter\u00fd slou\u017e\u00ed k efektivn\u00ed tvorb\u011b, veden\u00ed a uspo\u0159\u00e1d\u00e1n\u00ed vodi\u010d\u016f, kabel\u016f i kabelov\u00fdch svazk\u016f v sestav\u00e1ch Solid Edge.\",\"breadcrumb\":{\"@id\":\"https:\/\/solidedge.siemens.com\/cs\/solutions\/products\/electrical-design\/electrical-routing\/#breadcrumb\"},\"inLanguage\":\"cs\",\"potentialAction\":[{\"@type\":\"ReadAction\",\"target\":[\"https:\/\/solidedge.siemens.com\/cs\/solutions\/products\/electrical-design\/electrical-routing\/\"]}]},{\"@type\":\"BreadcrumbList\",\"@id\":\"https:\/\/solidedge.siemens.com\/cs\/solutions\/products\/electrical-design\/electrical-routing\/#breadcrumb\",\"itemListElement\":[{\"@type\":\"ListItem\",\"position\":1,\"name\":\"Home\",\"item\":\"https:\/\/solidedge.siemens.com\/en\/home-5\/\"},{\"@type\":\"ListItem\",\"position\":2,\"name\":\"\u0158e&scaron;en&iacute;\",\"item\":\"https:\/\/solidedge.siemens.com\/cs\/solutions\/\"},{\"@type\":\"ListItem\",\"position\":3,\"name\":\"Produkty\",\"item\":\"https:\/\/solidedge.siemens.com\/cs\/solutions\/products\/\"},{\"@type\":\"ListItem\",\"position\":4,\"name\":\"N&aacute;vrh elektrick&yacute;ch za\u0159&iacute;zen&iacute;\",\"item\":\"https:\/\/solidedge.siemens.com\/cs\/solutions\/products\/electrical-design\/\"},{\"@type\":\"ListItem\",\"position\":5,\"name\":\"Trasy vodi\u010d\u016f a kabel\u016f\"}]}]}<\/script>\n<!-- \/ Yoast SEO plugin. -->","yoast_head_json":{"title":"Trasy vodi\u010d\u016f a kabel\u016f | N\u00e1vrh elektrick\u00fdch za\u0159\u00edzen\u00ed | Solid Edge","description":"Solid Edge Trasy vodi\u010d\u016f a kabel\u016f je specializovan\u00fd modul, kter\u00fd slou\u017e\u00ed k efektivn\u00ed tvorb\u011b, veden\u00ed a uspo\u0159\u00e1d\u00e1n\u00ed vodi\u010d\u016f, kabel\u016f i kabelov\u00fdch svazk\u016f v sestav\u00e1ch Solid Edge.","robots":{"index":"index","follow":"follow","max-snippet":"max-snippet:-1","max-image-preview":"max-image-preview:large","max-video-preview":"max-video-preview:-1"},"canonical":"https:\/\/solidedge.siemens.com\/cs\/solutions\/products\/electrical-design\/electrical-routing\/","og_locale":"cs_CZ","og_type":"article","og_title":"Trasy vodi\u010d\u016f a kabel\u016f | N\u00e1vrh elektrick\u00fdch za\u0159\u00edzen\u00ed | Solid Edge","og_description":"Solid Edge Trasy vodi\u010d\u016f a kabel\u016f je specializovan\u00fd modul, kter\u00fd slou\u017e\u00ed k efektivn\u00ed tvorb\u011b, veden\u00ed a uspo\u0159\u00e1d\u00e1n\u00ed vodi\u010d\u016f, kabel\u016f i kabelov\u00fdch svazk\u016f v sestav\u00e1ch Solid Edge.","og_url":"https:\/\/solidedge.siemens.com\/cs\/solutions\/products\/electrical-design\/electrical-routing\/","og_site_name":"Solid Edge","article_publisher":"https:\/\/www.facebook.com\/solidedge","article_modified_time":"2021-12-13T15:40:51+00:00","twitter_card":"summary_large_image","twitter_site":"@siemensplm","twitter_misc":{"Odhadovan\u00e1 doba \u010dten\u00ed":"4 minuty"},"schema":{"@context":"https:\/\/schema.org","@graph":[{"@type":"Organization","@id":"https:\/\/solidedge.siemens.com\/en\/#organization","name":"Siemens Digital Industries Software","url":"https:\/\/solidedge.siemens.com\/en\/","sameAs":["https:\/\/www.facebook.com\/solidedge","https:\/\/www.instagram.com\/siemens\/","https:\/\/www.linkedin.com\/company\/siemens-plm-software","https:\/\/www.youtube.com\/user\/PolarionSoftware","https:\/\/twitter.com\/siemensplm"],"logo":{"@type":"ImageObject","@id":"https:\/\/solidedge.siemens.com\/en\/#logo","inLanguage":"cs","url":"https:\/\/solidedge.siemens.com\/wp-content\/uploads\/2018\/04\/logo-siemens-ifl@2x.png","contentUrl":"https:\/\/solidedge.siemens.com\/wp-content\/uploads\/2018\/04\/logo-siemens-ifl@2x.png","width":640,"height":270,"caption":"Siemens Digital Industries Software"},"image":{"@id":"https:\/\/solidedge.siemens.com\/en\/#logo"}},{"@type":"WebSite","@id":"https:\/\/solidedge.siemens.com\/en\/#website","url":"https:\/\/solidedge.siemens.com\/en\/","name":"Solid Edge","description":"Siemens Software","publisher":{"@id":"https:\/\/solidedge.siemens.com\/en\/#organization"},"potentialAction":[{"@type":"SearchAction","target":{"@type":"EntryPoint","urlTemplate":"https:\/\/solidedge.siemens.com\/en\/?s={search_term_string}"},"query-input":"required name=search_term_string"}],"inLanguage":"cs"},{"@type":"WebPage","@id":"https:\/\/solidedge.siemens.com\/cs\/solutions\/products\/electrical-design\/electrical-routing\/#webpage","url":"https:\/\/solidedge.siemens.com\/cs\/solutions\/products\/electrical-design\/electrical-routing\/","name":"Trasy vodi\u010d\u016f a kabel\u016f | N\u00e1vrh elektrick\u00fdch za\u0159\u00edzen\u00ed | Solid Edge","isPartOf":{"@id":"https:\/\/solidedge.siemens.com\/en\/#website"},"datePublished":"2018-05-25T17:31:50+00:00","dateModified":"2021-12-13T15:40:51+00:00","description":"Solid Edge Trasy vodi\u010d\u016f a kabel\u016f je specializovan\u00fd modul, kter\u00fd slou\u017e\u00ed k efektivn\u00ed tvorb\u011b, veden\u00ed a uspo\u0159\u00e1d\u00e1n\u00ed vodi\u010d\u016f, kabel\u016f i kabelov\u00fdch svazk\u016f v sestav\u00e1ch Solid Edge.","breadcrumb":{"@id":"https:\/\/solidedge.siemens.com\/cs\/solutions\/products\/electrical-design\/electrical-routing\/#breadcrumb"},"inLanguage":"cs","potentialAction":[{"@type":"ReadAction","target":["https:\/\/solidedge.siemens.com\/cs\/solutions\/products\/electrical-design\/electrical-routing\/"]}]},{"@type":"BreadcrumbList","@id":"https:\/\/solidedge.siemens.com\/cs\/solutions\/products\/electrical-design\/electrical-routing\/#breadcrumb","itemListElement":[{"@type":"ListItem","position":1,"name":"Home","item":"https:\/\/solidedge.siemens.com\/en\/home-5\/"},{"@type":"ListItem","position":2,"name":"\u0158e&scaron;en&iacute;","item":"https:\/\/solidedge.siemens.com\/cs\/solutions\/"},{"@type":"ListItem","position":3,"name":"Produkty","item":"https:\/\/solidedge.siemens.com\/cs\/solutions\/products\/"},{"@type":"ListItem","position":4,"name":"N&aacute;vrh elektrick&yacute;ch za\u0159&iacute;zen&iacute;","item":"https:\/\/solidedge.siemens.com\/cs\/solutions\/products\/electrical-design\/"},{"@type":"ListItem","position":5,"name":"Trasy vodi\u010d\u016f a kabel\u016f"}]}]}},"_links":{"self":[{"href":"https:\/\/solidedge.siemens.com\/cs\/wp-json\/wp\/v2\/pages\/1466"}],"collection":[{"href":"https:\/\/solidedge.siemens.com\/cs\/wp-json\/wp\/v2\/pages"}],"about":[{"href":"https:\/\/solidedge.siemens.com\/cs\/wp-json\/wp\/v2\/types\/page"}],"author":[{"embeddable":true,"href":"https:\/\/solidedge.siemens.com\/cs\/wp-json\/wp\/v2\/users\/20"}],"replies":[{"embeddable":true,"href":"https:\/\/solidedge.siemens.com\/cs\/wp-json\/wp\/v2\/comments?post=1466"}],"version-history":[{"count":49,"href":"https:\/\/solidedge.siemens.com\/cs\/wp-json\/wp\/v2\/pages\/1466\/revisions"}],"predecessor-version":[{"id":55719,"href":"https:\/\/solidedge.siemens.com\/cs\/wp-json\/wp\/v2\/pages\/1466\/revisions\/55719"}],"up":[{"embeddable":true,"href":"https:\/\/solidedge.siemens.com\/cs\/wp-json\/wp\/v2\/pages\/1552"}],"wp:attachment":[{"href":"https:\/\/solidedge.siemens.com\/cs\/wp-json\/wp\/v2\/media?parent=1466"}],"curies":[{"name":"wp","href":"https:\/\/api.w.org\/{rel}","templated":true}]}}