{"id":14386,"date":"2018-09-05T11:52:50","date_gmt":"2018-09-05T15:52:50","guid":{"rendered":"https:\/\/solidedge.siemens.com\/resources\/ebooks\/"},"modified":"2021-05-05T10:50:54","modified_gmt":"2021-05-05T14:50:54","slug":"ebooks","status":"publish","type":"page","link":"https:\/\/solidedge.siemens.com\/cs\/resources\/ebooks\/","title":{"rendered":"E-knihy"},"content":{"rendered":"<p>[vc_row el_class=&#8220;vc-row-page-text-intro&#8220;][vc_column][vc_column_text]<\/p>\n<h1>E-knihy<\/h1>\n<p>[\/vc_column_text][vc_column_text]<!- View not found ->[\/vc_column_text][vc_column_text]<!- View not found ->[\/vc_column_text][\/vc_column][\/vc_row][vc_row full_width=&#8220;stretch_row&#8220; el_class=&#8220;footer-contact&#8220; css=&#8220;.vc_custom_1550170708528{background-color: #dedee3 !important;}&#8220;][vc_column]<div class=\"wpb_content_block wpb_content_element\"><div class=\"wpb_wrapper\"><\/div><\/div>[\/vc_column][\/vc_row]<\/p>\n","protected":false},"excerpt":{"rendered":"<p> E-knihy [\/vc_column_text][\/vc_column_text][\/vc_column_text][\/vc_column][\/vc_row][\/vc_column][\/vc_row]<\/p>\n","protected":false},"author":5,"featured_media":0,"parent":2633,"menu_order":3,"comment_status":"closed","ping_status":"open","template":"","meta":{"inline_featured_image":false},"yoast_head":"<!-- This site is optimized with the Yoast SEO plugin v18.4.1 - https:\/\/yoast.com\/wordpress\/plugins\/seo\/ -->\n<title>E-knihy | Zdroje informac\u00ed | Solid Edge<\/title>\n<meta name=\"description\" content=\"P\u0159e\u010dt\u011bte si e-knihy o Solid Edge, jak za\u010d\u00edt, pokro\u010dil\u00e9 techniky a dal\u0161\u00ed t\u00e9mata v na\u0161em archivu.\" \/>\n<meta name=\"robots\" content=\"index, follow, max-snippet:-1, max-image-preview:large, max-video-preview:-1\" \/>\n<link rel=\"canonical\" href=\"https:\/\/solidedge.siemens.com\/cs\/resources\/ebooks\/\" \/>\n<meta property=\"og:locale\" content=\"cs_CZ\" \/>\n<meta property=\"og:type\" content=\"article\" \/>\n<meta property=\"og:title\" content=\"E-knihy | Zdroje informac\u00ed | Solid Edge\" \/>\n<meta property=\"og:description\" content=\"P\u0159e\u010dt\u011bte si e-knihy o Solid Edge, jak za\u010d\u00edt, pokro\u010dil\u00e9 techniky a dal\u0161\u00ed t\u00e9mata v na\u0161em archivu.\" \/>\n<meta property=\"og:url\" content=\"https:\/\/solidedge.siemens.com\/cs\/resources\/ebooks\/\" \/>\n<meta property=\"og:site_name\" content=\"Solid Edge\" \/>\n<meta property=\"article:publisher\" content=\"https:\/\/www.facebook.com\/solidedge\" \/>\n<meta property=\"article:modified_time\" content=\"2021-05-05T14:50:54+00:00\" \/>\n<meta name=\"twitter:card\" content=\"summary_large_image\" \/>\n<meta name=\"twitter:site\" content=\"@siemensplm\" \/>\n<script type=\"application\/ld+json\" class=\"yoast-schema-graph\">{\"@context\":\"https:\/\/schema.org\",\"@graph\":[{\"@type\":\"Organization\",\"@id\":\"https:\/\/solidedge.siemens.com\/en\/#organization\",\"name\":\"Siemens Digital Industries Software\",\"url\":\"https:\/\/solidedge.siemens.com\/en\/\",\"sameAs\":[\"https:\/\/www.facebook.com\/solidedge\",\"https:\/\/www.instagram.com\/siemens\/\",\"https:\/\/www.linkedin.com\/company\/siemens-plm-software\",\"https:\/\/www.youtube.com\/user\/PolarionSoftware\",\"https:\/\/twitter.com\/siemensplm\"],\"logo\":{\"@type\":\"ImageObject\",\"@id\":\"https:\/\/solidedge.siemens.com\/en\/#logo\",\"inLanguage\":\"cs\",\"url\":\"https:\/\/solidedge.siemens.com\/wp-content\/uploads\/2018\/04\/logo-siemens-ifl@2x.png\",\"contentUrl\":\"https:\/\/solidedge.siemens.com\/wp-content\/uploads\/2018\/04\/logo-siemens-ifl@2x.png\",\"width\":640,\"height\":270,\"caption\":\"Siemens Digital Industries Software\"},\"image\":{\"@id\":\"https:\/\/solidedge.siemens.com\/en\/#logo\"}},{\"@type\":\"WebSite\",\"@id\":\"https:\/\/solidedge.siemens.com\/en\/#website\",\"url\":\"https:\/\/solidedge.siemens.com\/en\/\",\"name\":\"Solid Edge\",\"description\":\"Siemens Software\",\"publisher\":{\"@id\":\"https:\/\/solidedge.siemens.com\/en\/#organization\"},\"potentialAction\":[{\"@type\":\"SearchAction\",\"target\":{\"@type\":\"EntryPoint\",\"urlTemplate\":\"https:\/\/solidedge.siemens.com\/en\/?s={search_term_string}\"},\"query-input\":\"required name=search_term_string\"}],\"inLanguage\":\"cs\"},{\"@type\":\"WebPage\",\"@id\":\"https:\/\/solidedge.siemens.com\/cs\/resources\/ebooks\/#webpage\",\"url\":\"https:\/\/solidedge.siemens.com\/cs\/resources\/ebooks\/\",\"name\":\"E-knihy | Zdroje informac\u00ed | Solid Edge\",\"isPartOf\":{\"@id\":\"https:\/\/solidedge.siemens.com\/en\/#website\"},\"datePublished\":\"2018-09-05T15:52:50+00:00\",\"dateModified\":\"2021-05-05T14:50:54+00:00\",\"description\":\"P\u0159e\u010dt\u011bte si e-knihy o Solid Edge, jak za\u010d\u00edt, pokro\u010dil\u00e9 techniky a dal\u0161\u00ed t\u00e9mata v na\u0161em archivu.\",\"breadcrumb\":{\"@id\":\"https:\/\/solidedge.siemens.com\/cs\/resources\/ebooks\/#breadcrumb\"},\"inLanguage\":\"cs\",\"potentialAction\":[{\"@type\":\"ReadAction\",\"target\":[\"https:\/\/solidedge.siemens.com\/cs\/resources\/ebooks\/\"]}]},{\"@type\":\"BreadcrumbList\",\"@id\":\"https:\/\/solidedge.siemens.com\/cs\/resources\/ebooks\/#breadcrumb\",\"itemListElement\":[{\"@type\":\"ListItem\",\"position\":1,\"name\":\"Home\",\"item\":\"https:\/\/solidedge.siemens.com\/en\/home-5\/\"},{\"@type\":\"ListItem\",\"position\":2,\"name\":\"Zdroje informac&iacute;\",\"item\":\"https:\/\/solidedge.siemens.com\/cs\/resources\/\"},{\"@type\":\"ListItem\",\"position\":3,\"name\":\"E-knihy\"}]}]}<\/script>\n<!-- \/ Yoast SEO plugin. -->","yoast_head_json":{"title":"E-knihy | Zdroje informac\u00ed | Solid Edge","description":"P\u0159e\u010dt\u011bte si e-knihy o Solid Edge, jak za\u010d\u00edt, pokro\u010dil\u00e9 techniky a dal\u0161\u00ed t\u00e9mata v na\u0161em archivu.","robots":{"index":"index","follow":"follow","max-snippet":"max-snippet:-1","max-image-preview":"max-image-preview:large","max-video-preview":"max-video-preview:-1"},"canonical":"https:\/\/solidedge.siemens.com\/cs\/resources\/ebooks\/","og_locale":"cs_CZ","og_type":"article","og_title":"E-knihy | Zdroje informac\u00ed | Solid Edge","og_description":"P\u0159e\u010dt\u011bte si e-knihy o Solid Edge, jak za\u010d\u00edt, pokro\u010dil\u00e9 techniky a dal\u0161\u00ed t\u00e9mata v na\u0161em archivu.","og_url":"https:\/\/solidedge.siemens.com\/cs\/resources\/ebooks\/","og_site_name":"Solid Edge","article_publisher":"https:\/\/www.facebook.com\/solidedge","article_modified_time":"2021-05-05T14:50:54+00:00","twitter_card":"summary_large_image","twitter_site":"@siemensplm","schema":{"@context":"https:\/\/schema.org","@graph":[{"@type":"Organization","@id":"https:\/\/solidedge.siemens.com\/en\/#organization","name":"Siemens Digital Industries Software","url":"https:\/\/solidedge.siemens.com\/en\/","sameAs":["https:\/\/www.facebook.com\/solidedge","https:\/\/www.instagram.com\/siemens\/","https:\/\/www.linkedin.com\/company\/siemens-plm-software","https:\/\/www.youtube.com\/user\/PolarionSoftware","https:\/\/twitter.com\/siemensplm"],"logo":{"@type":"ImageObject","@id":"https:\/\/solidedge.siemens.com\/en\/#logo","inLanguage":"cs","url":"https:\/\/solidedge.siemens.com\/wp-content\/uploads\/2018\/04\/logo-siemens-ifl@2x.png","contentUrl":"https:\/\/solidedge.siemens.com\/wp-content\/uploads\/2018\/04\/logo-siemens-ifl@2x.png","width":640,"height":270,"caption":"Siemens Digital Industries Software"},"image":{"@id":"https:\/\/solidedge.siemens.com\/en\/#logo"}},{"@type":"WebSite","@id":"https:\/\/solidedge.siemens.com\/en\/#website","url":"https:\/\/solidedge.siemens.com\/en\/","name":"Solid Edge","description":"Siemens Software","publisher":{"@id":"https:\/\/solidedge.siemens.com\/en\/#organization"},"potentialAction":[{"@type":"SearchAction","target":{"@type":"EntryPoint","urlTemplate":"https:\/\/solidedge.siemens.com\/en\/?s={search_term_string}"},"query-input":"required name=search_term_string"}],"inLanguage":"cs"},{"@type":"WebPage","@id":"https:\/\/solidedge.siemens.com\/cs\/resources\/ebooks\/#webpage","url":"https:\/\/solidedge.siemens.com\/cs\/resources\/ebooks\/","name":"E-knihy | Zdroje informac\u00ed | Solid Edge","isPartOf":{"@id":"https:\/\/solidedge.siemens.com\/en\/#website"},"datePublished":"2018-09-05T15:52:50+00:00","dateModified":"2021-05-05T14:50:54+00:00","description":"P\u0159e\u010dt\u011bte si e-knihy o Solid Edge, jak za\u010d\u00edt, pokro\u010dil\u00e9 techniky a dal\u0161\u00ed t\u00e9mata v na\u0161em archivu.","breadcrumb":{"@id":"https:\/\/solidedge.siemens.com\/cs\/resources\/ebooks\/#breadcrumb"},"inLanguage":"cs","potentialAction":[{"@type":"ReadAction","target":["https:\/\/solidedge.siemens.com\/cs\/resources\/ebooks\/"]}]},{"@type":"BreadcrumbList","@id":"https:\/\/solidedge.siemens.com\/cs\/resources\/ebooks\/#breadcrumb","itemListElement":[{"@type":"ListItem","position":1,"name":"Home","item":"https:\/\/solidedge.siemens.com\/en\/home-5\/"},{"@type":"ListItem","position":2,"name":"Zdroje informac&iacute;","item":"https:\/\/solidedge.siemens.com\/cs\/resources\/"},{"@type":"ListItem","position":3,"name":"E-knihy"}]}]}},"_links":{"self":[{"href":"https:\/\/solidedge.siemens.com\/cs\/wp-json\/wp\/v2\/pages\/14386"}],"collection":[{"href":"https:\/\/solidedge.siemens.com\/cs\/wp-json\/wp\/v2\/pages"}],"about":[{"href":"https:\/\/solidedge.siemens.com\/cs\/wp-json\/wp\/v2\/types\/page"}],"author":[{"embeddable":true,"href":"https:\/\/solidedge.siemens.com\/cs\/wp-json\/wp\/v2\/users\/5"}],"replies":[{"embeddable":true,"href":"https:\/\/solidedge.siemens.com\/cs\/wp-json\/wp\/v2\/comments?post=14386"}],"version-history":[{"count":4,"href":"https:\/\/solidedge.siemens.com\/cs\/wp-json\/wp\/v2\/pages\/14386\/revisions"}],"predecessor-version":[{"id":37011,"href":"https:\/\/solidedge.siemens.com\/cs\/wp-json\/wp\/v2\/pages\/14386\/revisions\/37011"}],"up":[{"embeddable":true,"href":"https:\/\/solidedge.siemens.com\/cs\/wp-json\/wp\/v2\/pages\/2633"}],"wp:attachment":[{"href":"https:\/\/solidedge.siemens.com\/cs\/wp-json\/wp\/v2\/media?parent=14386"}],"curies":[{"name":"wp","href":"https:\/\/api.w.org\/{rel}","templated":true}]}}